{"id":28909,"date":"2018-10-02T10:04:16","date_gmt":"2018-10-02T10:04:16","guid":{"rendered":"https:\/\/www.bulaoutdoor.nl\/product\/jydepejsen-sigma-titan-1\/"},"modified":"2026-04-27T04:58:34","modified_gmt":"2026-04-27T04:58:34","slug":"jydepejsen-sigma-titan-1","status":"publish","type":"product","link":"https:\/\/bulaoutdoor.nl\/fr\/product\/jydepejsen-sigma-titan-1\/","title":{"rendered":"Jydepejsen Sigma Titan 1"},"content":{"rendered":"<h2>Jydepejsen Sigma Titan 1<\/h2>\n<p>Le Sigma Titan 1 de <a href=\"https:\/\/www.haveverwarming.nl\/jydepejsen\" target=\"_blank\" rel=\"noopener\">Jydepejsen<\/a> est un meuble unique de <a href=\"https:\/\/www.haveverwarming.nl\/kenniscentrum\/wat-is-speksteen\/\" target=\"_blank\" rel=\"noopener\">pierre ollaire<\/a>. Si vous le souhaitez, vous pouvez utiliser la fonction <a href=\"https:\/\/www.haveverwarming.nl\/kachels\/hout\" target=\"_blank\" rel=\"noopener\">po\u00eale \u00e0 bois<\/a> Combinez avec diff\u00e9rents \u00e9l\u00e9ments et donnez une touche personnelle \u00e0 votre Sigma Titan pour d\u00e9corer votre pi\u00e8ce en \u00e9t\u00e9 comme en hiver. La profondeur du banc (65 cm) vous invite \u00e0 vous asseoir.  Les mod\u00e8les sont fabriqu\u00e9s en Tulikivi <a href=\"https:\/\/www.haveverwarming.nl\/kenniscentrum\/wat-is-speksteen\/\" target=\"_blank\" rel=\"noopener\">pierre ollaire<\/a> Avec l'encart Sigma au centre.<\/p>\n<h2>Admirez ce po\u00eale \u00e0 bois par vous-m\u00eame<\/h2>\n<p>Venez au <a href=\"https:\/\/www.haveverwarming.nl\/experiencecenter\" target=\"_blank\" rel=\"noopener\">Centre d'exp\u00e9rience<\/a> de HAV\u00c9 Heating et admirez la <a href=\"https:\/\/www.haveverwarming.nl\/kachels\/hout\" target=\"_blank\" rel=\"noopener\">po\u00eales \u00e0 bois<\/a> de Jydepejsen m\u00eame&nbsp;<\/p>\n<p>T\u00e9l\u00e9chargements de produits<\/p>\n<ul>\n<li><a class=\"download file\" href=\"https:\/\/www.haveverwarming.nl\/amfile\/file\/download\/file\/9157\/product\/993\/\" target=\"_blank\"><span>Brochure Jydepejsen<\/span><\/a><\/li>\n<li><a class=\"download file\" href=\"https:\/\/www.haveverwarming.nl\/amfile\/file\/download\/file\/1369\/product\/993\/\" target=\"_blank\"><span>Sp\u00e9cifications Jydepejsen Sigma Titan 1<\/span><\/a><\/li>\n<li><a class=\"download file\" href=\"https:\/\/www.haveverwarming.nl\/amfile\/file\/download\/file\/1370\/product\/993\/\" target=\"_blank\"><span>Manuel d'utilisation Sigma Titan 1<\/span><\/a><\/li>\n<li><a class=\"download file\" href=\"https:\/\/www.haveverwarming.nl\/amfile\/file\/download\/file\/1371\/product\/993\/\" target=\"_blank\"><span>Dessin au trait Jydepejsen Sigma Titan 1<\/span><\/a><\/li>\n<li><a class=\"download file\" href=\"https:\/\/www.haveverwarming.nl\/amfile\/file\/download\/file\/1373\/product\/993\/\" target=\"_blank\"><span>Label \u00e9nergie Jydepejsen Sigma Titan 1<\/span><\/a><\/li>\n<li><a class=\"download file\" href=\"https:\/\/www.haveverwarming.nl\/amfile\/file\/download\/file\/6517\/product\/993\/\" target=\"_blank\"><span>Brochure sur le tir responsable<\/span><\/a><\/li>\n<li><a class=\"download file\" href=\"https:\/\/www.haveverwarming.nl\/productpdf\/download\/file\/id\/993\/name\/Jydepejsen_Sigma_Titan_1.pdf\/\" target=\"_blank\"><span>T\u00e9l\u00e9charger la fiche technique<\/span><\/a><\/li>\n<\/ul>","protected":false},"excerpt":{"rendered":"<p>Jydepejsen Sigma Titan 1 De Sigma Titan 1 van Jydepejsen is een uniek meubel van speksteen. Indien gewenst kunt u de houtkachel met verschillende elementen combineren en een persoonlijke tint geven aan uw Sigma Titan om zo uw kamer zowel \u2018s zomers als \u2018s winters op te sieren. De diepte van de bank (65 cm) [&hellip;]<\/p>\n","protected":false},"featured_media":30836,"comment_status":"open","ping_status":"closed","template":"","meta":{"_acf_changed":false},"product_brand":[],"product_cat":[1253],"product_tag":[],"class_list":{"0":"post-28909","1":"product","2":"type-product","3":"status-publish","4":"has-post-thumbnail","6":"product_cat-inbouw-houtkachels","8":"first","9":"instock","10":"taxable","11":"shipping-taxable","12":"purchasable","13":"product-type-simple"},"acf":[],"yoast_head":"<!-- This site is optimized with the Yoast SEO plugin v27.4 - https:\/\/yoast.com\/product\/yoast-seo-wordpress\/ -->\n<title>Jydepejsen Sigma Titan 1 &#8211; Bula Outdoor<\/title>\n<meta name=\"robots\" content=\"index, follow, max-snippet:-1, max-image-preview:large, max-video-preview:-1\" \/>\n<link rel=\"canonical\" href=\"https:\/\/bulaoutdoor.nl\/fr\/produit\/jydepejsen-sigma-titan-1\/\" \/>\n<meta property=\"og:locale\" content=\"fr_FR\" \/>\n<meta property=\"og:type\" content=\"article\" \/>\n<meta property=\"og:title\" content=\"Jydepejsen Sigma Titan 1 &#8211; Bula Outdoor\" \/>\n<meta property=\"og:description\" content=\"Jydepejsen Sigma Titan 1 De Sigma Titan 1 van Jydepejsen is een uniek meubel van speksteen. Indien gewenst kunt u de houtkachel met verschillende elementen combineren en een persoonlijke tint geven aan uw Sigma Titan om zo uw kamer zowel \u2018s zomers als \u2018s winters op te sieren. De diepte van de bank (65 cm) [&hellip;]\" \/>\n<meta property=\"og:url\" content=\"https:\/\/bulaoutdoor.nl\/fr\/produit\/jydepejsen-sigma-titan-1\/\" \/>\n<meta property=\"og:site_name\" content=\"Bula Outdoor\" \/>\n<meta property=\"article:modified_time\" content=\"2026-04-27T04:58:34+00:00\" \/>\n<meta property=\"og:image\" content=\"https:\/\/bulaoutdoor.nl\/wp-content\/uploads\/2018\/10\/titan.jpg\" \/>\n\t<meta property=\"og:image:width\" content=\"1000\" \/>\n\t<meta property=\"og:image:height\" content=\"1000\" \/>\n\t<meta property=\"og:image:type\" content=\"image\/jpeg\" \/>\n<meta name=\"twitter:card\" content=\"summary_large_image\" \/>\n<meta name=\"twitter:label1\" content=\"Dur\u00e9e de lecture estim\u00e9e\" \/>\n\t<meta name=\"twitter:data1\" content=\"1 minute\" \/>\n<script type=\"application\/ld+json\" class=\"yoast-schema-graph\">{\"@context\":\"https:\\\/\\\/schema.org\",\"@graph\":[{\"@type\":\"WebPage\",\"@id\":\"https:\\\/\\\/bulaoutdoor.nl\\\/product\\\/jydepejsen-sigma-titan-1\\\/\",\"url\":\"https:\\\/\\\/bulaoutdoor.nl\\\/product\\\/jydepejsen-sigma-titan-1\\\/\",\"name\":\"Jydepejsen Sigma Titan 1 &#8211; Bula Outdoor\",\"isPartOf\":{\"@id\":\"https:\\\/\\\/bulaoutdoor.nl\\\/#website\"},\"primaryImageOfPage\":{\"@id\":\"https:\\\/\\\/bulaoutdoor.nl\\\/product\\\/jydepejsen-sigma-titan-1\\\/#primaryimage\"},\"image\":{\"@id\":\"https:\\\/\\\/bulaoutdoor.nl\\\/product\\\/jydepejsen-sigma-titan-1\\\/#primaryimage\"},\"thumbnailUrl\":\"https:\\\/\\\/bulaoutdoor.nl\\\/wp-content\\\/uploads\\\/2018\\\/10\\\/titan.jpg\",\"datePublished\":\"2018-10-02T10:04:16+00:00\",\"dateModified\":\"2026-04-27T04:58:34+00:00\",\"breadcrumb\":{\"@id\":\"https:\\\/\\\/bulaoutdoor.nl\\\/product\\\/jydepejsen-sigma-titan-1\\\/#breadcrumb\"},\"inLanguage\":\"fr-FR\",\"potentialAction\":[{\"@type\":\"ReadAction\",\"target\":[\"https:\\\/\\\/bulaoutdoor.nl\\\/product\\\/jydepejsen-sigma-titan-1\\\/\"]}]},{\"@type\":\"ImageObject\",\"inLanguage\":\"fr-FR\",\"@id\":\"https:\\\/\\\/bulaoutdoor.nl\\\/product\\\/jydepejsen-sigma-titan-1\\\/#primaryimage\",\"url\":\"https:\\\/\\\/bulaoutdoor.nl\\\/wp-content\\\/uploads\\\/2018\\\/10\\\/titan.jpg\",\"contentUrl\":\"https:\\\/\\\/bulaoutdoor.nl\\\/wp-content\\\/uploads\\\/2018\\\/10\\\/titan.jpg\",\"width\":1000,\"height\":1000,\"caption\":\"jydepejsen-sigma-titan-1-thumbnail\"},{\"@type\":\"BreadcrumbList\",\"@id\":\"https:\\\/\\\/bulaoutdoor.nl\\\/product\\\/jydepejsen-sigma-titan-1\\\/#breadcrumb\",\"itemListElement\":[{\"@type\":\"ListItem\",\"position\":1,\"name\":\"Home\",\"item\":\"https:\\\/\\\/bulaoutdoor.nl\\\/\"},{\"@type\":\"ListItem\",\"position\":2,\"name\":\"Online BBQ kopen\",\"item\":\"https:\\\/\\\/bulaoutdoor.nl\\\/\"},{\"@type\":\"ListItem\",\"position\":3,\"name\":\"Jydepejsen Sigma Titan 1\"}]},{\"@type\":\"WebSite\",\"@id\":\"https:\\\/\\\/bulaoutdoor.nl\\\/#website\",\"url\":\"https:\\\/\\\/bulaoutdoor.nl\\\/\",\"name\":\"Bula Outdoor\",\"description\":\"Voor uw buitenhaard, BBQ, tuinfakkel en houtoven\",\"publisher\":{\"@id\":\"https:\\\/\\\/bulaoutdoor.nl\\\/#organization\"},\"potentialAction\":[{\"@type\":\"SearchAction\",\"target\":{\"@type\":\"EntryPoint\",\"urlTemplate\":\"https:\\\/\\\/bulaoutdoor.nl\\\/?s={search_term_string}\"},\"query-input\":{\"@type\":\"PropertyValueSpecification\",\"valueRequired\":true,\"valueName\":\"search_term_string\"}}],\"inLanguage\":\"fr-FR\"},{\"@type\":\"Organization\",\"@id\":\"https:\\\/\\\/bulaoutdoor.nl\\\/#organization\",\"name\":\"Bula Outdoor\",\"url\":\"https:\\\/\\\/bulaoutdoor.nl\\\/\",\"logo\":{\"@type\":\"ImageObject\",\"inLanguage\":\"fr-FR\",\"@id\":\"https:\\\/\\\/bulaoutdoor.nl\\\/#\\\/schema\\\/logo\\\/image\\\/\",\"url\":\"https:\\\/\\\/www.bulaoutdoor.nl\\\/wp-content\\\/uploads\\\/2018\\\/04\\\/bulaoutdoor-logo.png\",\"contentUrl\":\"https:\\\/\\\/www.bulaoutdoor.nl\\\/wp-content\\\/uploads\\\/2018\\\/04\\\/bulaoutdoor-logo.png\",\"width\":324,\"height\":91,\"caption\":\"Bula Outdoor\"},\"image\":{\"@id\":\"https:\\\/\\\/bulaoutdoor.nl\\\/#\\\/schema\\\/logo\\\/image\\\/\"}}]}<\/script>\n<!-- \/ Yoast SEO plugin. -->","yoast_head_json":{"title":"Jydepejsen Sigma Titan 1 - Bula Outdoor","robots":{"index":"index","follow":"follow","max-snippet":"max-snippet:-1","max-image-preview":"max-image-preview:large","max-video-preview":"max-video-preview:-1"},"canonical":"https:\/\/bulaoutdoor.nl\/fr\/produit\/jydepejsen-sigma-titan-1\/","og_locale":"fr_FR","og_type":"article","og_title":"Jydepejsen Sigma Titan 1 &#8211; Bula Outdoor","og_description":"Jydepejsen Sigma Titan 1 De Sigma Titan 1 van Jydepejsen is een uniek meubel van speksteen. Indien gewenst kunt u de houtkachel met verschillende elementen combineren en een persoonlijke tint geven aan uw Sigma Titan om zo uw kamer zowel \u2018s zomers als \u2018s winters op te sieren. De diepte van de bank (65 cm) [&hellip;]","og_url":"https:\/\/bulaoutdoor.nl\/fr\/produit\/jydepejsen-sigma-titan-1\/","og_site_name":"Bula Outdoor","article_modified_time":"2026-04-27T04:58:34+00:00","og_image":[{"width":1000,"height":1000,"url":"https:\/\/bulaoutdoor.nl\/wp-content\/uploads\/2018\/10\/titan.jpg","type":"image\/jpeg"}],"twitter_card":"summary_large_image","twitter_misc":{"Dur\u00e9e de lecture estim\u00e9e":"1 minute"},"schema":{"@context":"https:\/\/schema.org","@graph":[{"@type":"WebPage","@id":"https:\/\/bulaoutdoor.nl\/product\/jydepejsen-sigma-titan-1\/","url":"https:\/\/bulaoutdoor.nl\/product\/jydepejsen-sigma-titan-1\/","name":"Jydepejsen Sigma Titan 1 - Bula Outdoor","isPartOf":{"@id":"https:\/\/bulaoutdoor.nl\/#website"},"primaryImageOfPage":{"@id":"https:\/\/bulaoutdoor.nl\/product\/jydepejsen-sigma-titan-1\/#primaryimage"},"image":{"@id":"https:\/\/bulaoutdoor.nl\/product\/jydepejsen-sigma-titan-1\/#primaryimage"},"thumbnailUrl":"https:\/\/bulaoutdoor.nl\/wp-content\/uploads\/2018\/10\/titan.jpg","datePublished":"2018-10-02T10:04:16+00:00","dateModified":"2026-04-27T04:58:34+00:00","breadcrumb":{"@id":"https:\/\/bulaoutdoor.nl\/product\/jydepejsen-sigma-titan-1\/#breadcrumb"},"inLanguage":"fr-FR","potentialAction":[{"@type":"ReadAction","target":["https:\/\/bulaoutdoor.nl\/product\/jydepejsen-sigma-titan-1\/"]}]},{"@type":"ImageObject","inLanguage":"fr-FR","@id":"https:\/\/bulaoutdoor.nl\/product\/jydepejsen-sigma-titan-1\/#primaryimage","url":"https:\/\/bulaoutdoor.nl\/wp-content\/uploads\/2018\/10\/titan.jpg","contentUrl":"https:\/\/bulaoutdoor.nl\/wp-content\/uploads\/2018\/10\/titan.jpg","width":1000,"height":1000,"caption":"jydepejsen-sigma-titan-1-thumbnail"},{"@type":"BreadcrumbList","@id":"https:\/\/bulaoutdoor.nl\/product\/jydepejsen-sigma-titan-1\/#breadcrumb","itemListElement":[{"@type":"ListItem","position":1,"name":"Home","item":"https:\/\/bulaoutdoor.nl\/"},{"@type":"ListItem","position":2,"name":"Online BBQ kopen","item":"https:\/\/bulaoutdoor.nl\/"},{"@type":"ListItem","position":3,"name":"Jydepejsen Sigma Titan 1"}]},{"@type":"WebSite","@id":"https:\/\/bulaoutdoor.nl\/#website","url":"https:\/\/bulaoutdoor.nl\/","name":"Bula Outdoor","description":"Pour votre chemin\u00e9e ext\u00e9rieure, votre barbecue, votre torche de jardin et votre four \u00e0 bois","publisher":{"@id":"https:\/\/bulaoutdoor.nl\/#organization"},"potentialAction":[{"@type":"SearchAction","target":{"@type":"EntryPoint","urlTemplate":"https:\/\/bulaoutdoor.nl\/?s={search_term_string}"},"query-input":{"@type":"PropertyValueSpecification","valueRequired":true,"valueName":"search_term_string"}}],"inLanguage":"fr-FR"},{"@type":"Organization","@id":"https:\/\/bulaoutdoor.nl\/#organization","name":"Bula Outdoor","url":"https:\/\/bulaoutdoor.nl\/","logo":{"@type":"ImageObject","inLanguage":"fr-FR","@id":"https:\/\/bulaoutdoor.nl\/#\/schema\/logo\/image\/","url":"https:\/\/www.bulaoutdoor.nl\/wp-content\/uploads\/2018\/04\/bulaoutdoor-logo.png","contentUrl":"https:\/\/www.bulaoutdoor.nl\/wp-content\/uploads\/2018\/04\/bulaoutdoor-logo.png","width":324,"height":91,"caption":"Bula Outdoor"},"image":{"@id":"https:\/\/bulaoutdoor.nl\/#\/schema\/logo\/image\/"}}]}},"jetpack_sharing_enabled":true,"_links":{"self":[{"href":"https:\/\/bulaoutdoor.nl\/fr\/wp-json\/wp\/v2\/product\/28909","targetHints":{"allow":["GET"]}}],"collection":[{"href":"https:\/\/bulaoutdoor.nl\/fr\/wp-json\/wp\/v2\/product"}],"about":[{"href":"https:\/\/bulaoutdoor.nl\/fr\/wp-json\/wp\/v2\/types\/product"}],"replies":[{"embeddable":true,"href":"https:\/\/bulaoutdoor.nl\/fr\/wp-json\/wp\/v2\/comments?post=28909"}],"wp:featuredmedia":[{"embeddable":true,"href":"https:\/\/bulaoutdoor.nl\/fr\/wp-json\/wp\/v2\/media\/30836"}],"wp:attachment":[{"href":"https:\/\/bulaoutdoor.nl\/fr\/wp-json\/wp\/v2\/media?parent=28909"}],"wp:term":[{"taxonomy":"product_brand","embeddable":true,"href":"https:\/\/bulaoutdoor.nl\/fr\/wp-json\/wp\/v2\/product_brand?post=28909"},{"taxonomy":"product_cat","embeddable":true,"href":"https:\/\/bulaoutdoor.nl\/fr\/wp-json\/wp\/v2\/product_cat?post=28909"},{"taxonomy":"product_tag","embeddable":true,"href":"https:\/\/bulaoutdoor.nl\/fr\/wp-json\/wp\/v2\/product_tag?post=28909"}],"curies":[{"name":"wp","href":"https:\/\/api.w.org\/{rel}","templated":true}]}}