{"id":28923,"date":"2019-07-05T10:05:15","date_gmt":"2019-07-05T10:05:15","guid":{"rendered":"https:\/\/www.bulaoutdoor.nl\/product\/spartherm-linear-front-67x51-vaste-greep\/"},"modified":"2026-04-27T04:59:27","modified_gmt":"2026-04-27T04:59:27","slug":"spartherm-linear-front-67x51-fixed-handle","status":"publish","type":"product","link":"https:\/\/bulaoutdoor.nl\/fr\/product\/spartherm-linear-front-67x51-vaste-greep\/","title":{"rendered":"Spartherm Linear Front 67\u00d751 (poign\u00e9e fixe)"},"content":{"rendered":"<h1>Spartherm Linear Front 67\u00d751 (poign\u00e9e fixe)<\/h1>\n<p>Le Front lin\u00e9aire 67\u00d751 anciennement (Varia 1Vh-51) est une <a href=\"https:\/\/www.haveverwarming.nl\/spartherm\" target=\"_blank\" rel=\"noopener\">Spartherm<\/a>&nbsp;int\u00e9gr\u00e9 <a href=\"https:\/\/www.haveverwarming.nl\/kachels\/hout\" target=\"_blank\" rel=\"noopener\">feu de bois<\/a> avec un magnifique motif de flammes.  Ce foyer convient \u00e9galement parfaitement \u00e0 une installation dans une chemin\u00e9e. Vous pouvez choisir une charmotte noire ou blanche. La charmotte noire offre un contraste suppl\u00e9mentaire avec les flammes, ce qui les fait ressortir davantage.&nbsp;<\/p>\n<h3><strong>Chemin\u00e9es uniques Spartherm<\/strong><\/h3>\n<p>Qu'est-ce qui distingue une chemin\u00e9e encastr\u00e9e Spartherm du reste de la gamme ? <a href=\"https:\/\/www.haveverwarming.nl\/kachels\/inbouw\" target=\"_blank\" rel=\"noopener\">chemin\u00e9es encastr\u00e9es<\/a>? Pour vous, quelques points d'affil\u00e9e :<\/p>\n<ul>\n<li>Double poulie (porte levante) au lieu d'une seule.<\/li>\n<li>By-pass int\u00e9gr\u00e9 qui emp\u00eache \u00e9galement la fum\u00e9e de s'\u00e9chapper lors du remplissage.<\/li>\n<\/ul>\n<h2>Dans notre centre d'exp\u00e9rience<\/h2>\n<p>Cette chemin\u00e9e vous int\u00e9resse ? Dans ce cas, nous vous invitons \u00e0 visiter notre <a href=\"https:\/\/www.haveverwarming.nl\/experiencecenter\" target=\"_blank\" rel=\"noopener\">Centre d'exp\u00e9rience<\/a> o\u00f9 cette chemin\u00e9e et de nombreuses autres chemin\u00e9es Spartherm br\u00fblent !<\/p>\n<p>T\u00e9l\u00e9chargements de produits<\/p>\n<ul>\n<li><a class=\"download file\" href=\"https:\/\/www.haveverwarming.nl\/amfile\/file\/download\/file\/9159\/product\/1235\/\" target=\"_blank\"><span>Brochure Spartherm po\u00eales \u00e0 bois encastrables et inserts 2026<\/span><\/a><\/li>\n<li><a class=\"download file\" href=\"https:\/\/www.haveverwarming.nl\/amfile\/file\/download\/file\/2066\/product\/1235\/\" target=\"_blank\"><span>\u00c9tiquette \u00e9nergie Fa\u00e7ade lin\u00e9aire 67\u00d751<\/span><\/a><\/li>\n<li><a class=\"download file\" href=\"https:\/\/www.haveverwarming.nl\/amfile\/file\/download\/file\/2067\/product\/1235\/\" target=\"_blank\"><span>Instructions de montage Avant lin\u00e9aire 67\u00d751<\/span><\/a><\/li>\n<li><a class=\"download file\" href=\"https:\/\/www.haveverwarming.nl\/amfile\/file\/download\/file\/9182\/product\/1235\/\" target=\"_blank\"><span>Dessin au trait Spartherm Linear Front 67\u00d751<\/span><\/a><\/li>\n<li><a class=\"download file\" href=\"https:\/\/www.haveverwarming.nl\/amfile\/file\/download\/file\/6746\/product\/1235\/\" target=\"_blank\"><span>Brochure sur le tir responsable<\/span><\/a><\/li>\n<li><a class=\"download file\" href=\"https:\/\/www.haveverwarming.nl\/productpdf\/download\/file\/id\/1235\/name\/Spartherm_Linear_Front_67x51_%2528vaste_greep%2529.pdf\/\" target=\"_blank\"><span>T\u00e9l\u00e9charger la fiche technique<\/span><\/a><\/li>\n<\/ul>","protected":false},"excerpt":{"rendered":"<p>Spartherm&nbsp;Linear Front 67&#215;51&nbsp;(vaste greep) De Linear Front 67&#215;51&nbsp;voorheen&nbsp;(Varia 1Vh-51)&nbsp;is een Spartherm&nbsp;inbouw houthaard met een prachtig vlammenspel.&nbsp; Deze haard is ook zeer geschikt voor het plaatsen in een schouw. U kunt kiezen voor een zwarte of een witte&nbsp;charmotte. De zwarte charmotte zorgen voor extra contrast met de vlammen, zodat het vlammenspel nog mooier naar voren komt.&nbsp; [&hellip;]<\/p>\n","protected":false},"featured_media":30875,"comment_status":"open","ping_status":"closed","template":"","meta":{"_acf_changed":false},"product_brand":[],"product_cat":[1253],"product_tag":[],"class_list":{"0":"post-28923","1":"product","2":"type-product","3":"status-publish","4":"has-post-thumbnail","6":"product_cat-inbouw-houtkachels","8":"first","9":"instock","10":"taxable","11":"shipping-taxable","12":"purchasable","13":"product-type-simple"},"acf":[],"yoast_head":"<!-- This site is optimized with the Yoast SEO plugin v27.4 - https:\/\/yoast.com\/product\/yoast-seo-wordpress\/ -->\n<title>Spartherm Linear Front 67x51 (vaste greep) &#8211; Bula Outdoor<\/title>\n<meta name=\"robots\" content=\"index, follow, max-snippet:-1, max-image-preview:large, max-video-preview:-1\" \/>\n<link rel=\"canonical\" href=\"https:\/\/bulaoutdoor.nl\/fr\/produit\/spartherm-linear-front-67x51-fixed-handle\/\" \/>\n<meta property=\"og:locale\" content=\"fr_FR\" \/>\n<meta property=\"og:type\" content=\"article\" \/>\n<meta property=\"og:title\" content=\"Spartherm Linear Front 67x51 (vaste greep) &#8211; Bula Outdoor\" \/>\n<meta property=\"og:description\" content=\"Spartherm&nbsp;Linear Front 67&#215;51&nbsp;(vaste greep) De Linear Front 67&#215;51&nbsp;voorheen&nbsp;(Varia 1Vh-51)&nbsp;is een Spartherm&nbsp;inbouw houthaard met een prachtig vlammenspel.&nbsp; Deze haard is ook zeer geschikt voor het plaatsen in een schouw. U kunt kiezen voor een zwarte of een witte&nbsp;charmotte. De zwarte charmotte zorgen voor extra contrast met de vlammen, zodat het vlammenspel nog mooier naar voren komt.&nbsp; [&hellip;]\" \/>\n<meta property=\"og:url\" content=\"https:\/\/bulaoutdoor.nl\/fr\/produit\/spartherm-linear-front-67x51-fixed-handle\/\" \/>\n<meta property=\"og:site_name\" content=\"Bula Outdoor\" \/>\n<meta property=\"article:modified_time\" content=\"2026-04-27T04:59:27+00:00\" \/>\n<meta property=\"og:image\" content=\"https:\/\/bulaoutdoor.nl\/wp-content\/uploads\/2019\/07\/naamloos-2_1_4.jpg\" \/>\n\t<meta property=\"og:image:width\" content=\"1000\" \/>\n\t<meta property=\"og:image:height\" content=\"1000\" \/>\n\t<meta property=\"og:image:type\" content=\"image\/jpeg\" \/>\n<meta name=\"twitter:card\" content=\"summary_large_image\" \/>\n<meta name=\"twitter:label1\" content=\"Dur\u00e9e de lecture estim\u00e9e\" \/>\n\t<meta name=\"twitter:data1\" content=\"1 minute\" \/>\n<script type=\"application\/ld+json\" class=\"yoast-schema-graph\">{\"@context\":\"https:\\\/\\\/schema.org\",\"@graph\":[{\"@type\":\"WebPage\",\"@id\":\"https:\\\/\\\/bulaoutdoor.nl\\\/product\\\/spartherm-linear-front-67x51-vaste-greep\\\/\",\"url\":\"https:\\\/\\\/bulaoutdoor.nl\\\/product\\\/spartherm-linear-front-67x51-vaste-greep\\\/\",\"name\":\"Spartherm Linear Front 67x51 (vaste greep) &#8211; Bula Outdoor\",\"isPartOf\":{\"@id\":\"https:\\\/\\\/bulaoutdoor.nl\\\/#website\"},\"primaryImageOfPage\":{\"@id\":\"https:\\\/\\\/bulaoutdoor.nl\\\/product\\\/spartherm-linear-front-67x51-vaste-greep\\\/#primaryimage\"},\"image\":{\"@id\":\"https:\\\/\\\/bulaoutdoor.nl\\\/product\\\/spartherm-linear-front-67x51-vaste-greep\\\/#primaryimage\"},\"thumbnailUrl\":\"https:\\\/\\\/bulaoutdoor.nl\\\/wp-content\\\/uploads\\\/2019\\\/07\\\/naamloos-2_1_4.jpg\",\"datePublished\":\"2019-07-05T10:05:15+00:00\",\"dateModified\":\"2026-04-27T04:59:27+00:00\",\"breadcrumb\":{\"@id\":\"https:\\\/\\\/bulaoutdoor.nl\\\/product\\\/spartherm-linear-front-67x51-vaste-greep\\\/#breadcrumb\"},\"inLanguage\":\"fr-FR\",\"potentialAction\":[{\"@type\":\"ReadAction\",\"target\":[\"https:\\\/\\\/bulaoutdoor.nl\\\/product\\\/spartherm-linear-front-67x51-vaste-greep\\\/\"]}]},{\"@type\":\"ImageObject\",\"inLanguage\":\"fr-FR\",\"@id\":\"https:\\\/\\\/bulaoutdoor.nl\\\/product\\\/spartherm-linear-front-67x51-vaste-greep\\\/#primaryimage\",\"url\":\"https:\\\/\\\/bulaoutdoor.nl\\\/wp-content\\\/uploads\\\/2019\\\/07\\\/naamloos-2_1_4.jpg\",\"contentUrl\":\"https:\\\/\\\/bulaoutdoor.nl\\\/wp-content\\\/uploads\\\/2019\\\/07\\\/naamloos-2_1_4.jpg\",\"width\":1000,\"height\":1000,\"caption\":\"spartherm-linear-front-67x51-vaste-greep-thumbnail\"},{\"@type\":\"BreadcrumbList\",\"@id\":\"https:\\\/\\\/bulaoutdoor.nl\\\/product\\\/spartherm-linear-front-67x51-vaste-greep\\\/#breadcrumb\",\"itemListElement\":[{\"@type\":\"ListItem\",\"position\":1,\"name\":\"Home\",\"item\":\"https:\\\/\\\/bulaoutdoor.nl\\\/\"},{\"@type\":\"ListItem\",\"position\":2,\"name\":\"Online BBQ kopen\",\"item\":\"https:\\\/\\\/bulaoutdoor.nl\\\/\"},{\"@type\":\"ListItem\",\"position\":3,\"name\":\"Spartherm Linear Front 67&#215;51 (vaste greep)\"}]},{\"@type\":\"WebSite\",\"@id\":\"https:\\\/\\\/bulaoutdoor.nl\\\/#website\",\"url\":\"https:\\\/\\\/bulaoutdoor.nl\\\/\",\"name\":\"Bula Outdoor\",\"description\":\"Voor uw buitenhaard, BBQ, tuinfakkel en houtoven\",\"publisher\":{\"@id\":\"https:\\\/\\\/bulaoutdoor.nl\\\/#organization\"},\"potentialAction\":[{\"@type\":\"SearchAction\",\"target\":{\"@type\":\"EntryPoint\",\"urlTemplate\":\"https:\\\/\\\/bulaoutdoor.nl\\\/?s={search_term_string}\"},\"query-input\":{\"@type\":\"PropertyValueSpecification\",\"valueRequired\":true,\"valueName\":\"search_term_string\"}}],\"inLanguage\":\"fr-FR\"},{\"@type\":\"Organization\",\"@id\":\"https:\\\/\\\/bulaoutdoor.nl\\\/#organization\",\"name\":\"Bula Outdoor\",\"url\":\"https:\\\/\\\/bulaoutdoor.nl\\\/\",\"logo\":{\"@type\":\"ImageObject\",\"inLanguage\":\"fr-FR\",\"@id\":\"https:\\\/\\\/bulaoutdoor.nl\\\/#\\\/schema\\\/logo\\\/image\\\/\",\"url\":\"https:\\\/\\\/www.bulaoutdoor.nl\\\/wp-content\\\/uploads\\\/2018\\\/04\\\/bulaoutdoor-logo.png\",\"contentUrl\":\"https:\\\/\\\/www.bulaoutdoor.nl\\\/wp-content\\\/uploads\\\/2018\\\/04\\\/bulaoutdoor-logo.png\",\"width\":324,\"height\":91,\"caption\":\"Bula Outdoor\"},\"image\":{\"@id\":\"https:\\\/\\\/bulaoutdoor.nl\\\/#\\\/schema\\\/logo\\\/image\\\/\"}}]}<\/script>\n<!-- \/ Yoast SEO plugin. -->","yoast_head_json":{"title":"Spartherm Linear Front 67x51 (poign\u00e9e fixe) - Bula Outdoor","robots":{"index":"index","follow":"follow","max-snippet":"max-snippet:-1","max-image-preview":"max-image-preview:large","max-video-preview":"max-video-preview:-1"},"canonical":"https:\/\/bulaoutdoor.nl\/fr\/produit\/spartherm-linear-front-67x51-fixed-handle\/","og_locale":"fr_FR","og_type":"article","og_title":"Spartherm Linear Front 67x51 (vaste greep) &#8211; Bula Outdoor","og_description":"Spartherm&nbsp;Linear Front 67&#215;51&nbsp;(vaste greep) De Linear Front 67&#215;51&nbsp;voorheen&nbsp;(Varia 1Vh-51)&nbsp;is een Spartherm&nbsp;inbouw houthaard met een prachtig vlammenspel.&nbsp; Deze haard is ook zeer geschikt voor het plaatsen in een schouw. U kunt kiezen voor een zwarte of een witte&nbsp;charmotte. De zwarte charmotte zorgen voor extra contrast met de vlammen, zodat het vlammenspel nog mooier naar voren komt.&nbsp; [&hellip;]","og_url":"https:\/\/bulaoutdoor.nl\/fr\/produit\/spartherm-linear-front-67x51-fixed-handle\/","og_site_name":"Bula Outdoor","article_modified_time":"2026-04-27T04:59:27+00:00","og_image":[{"width":1000,"height":1000,"url":"https:\/\/bulaoutdoor.nl\/wp-content\/uploads\/2019\/07\/naamloos-2_1_4.jpg","type":"image\/jpeg"}],"twitter_card":"summary_large_image","twitter_misc":{"Dur\u00e9e de lecture estim\u00e9e":"1 minute"},"schema":{"@context":"https:\/\/schema.org","@graph":[{"@type":"WebPage","@id":"https:\/\/bulaoutdoor.nl\/product\/spartherm-linear-front-67x51-vaste-greep\/","url":"https:\/\/bulaoutdoor.nl\/product\/spartherm-linear-front-67x51-vaste-greep\/","name":"Spartherm Linear Front 67x51 (poign\u00e9e fixe) - Bula Outdoor","isPartOf":{"@id":"https:\/\/bulaoutdoor.nl\/#website"},"primaryImageOfPage":{"@id":"https:\/\/bulaoutdoor.nl\/product\/spartherm-linear-front-67x51-vaste-greep\/#primaryimage"},"image":{"@id":"https:\/\/bulaoutdoor.nl\/product\/spartherm-linear-front-67x51-vaste-greep\/#primaryimage"},"thumbnailUrl":"https:\/\/bulaoutdoor.nl\/wp-content\/uploads\/2019\/07\/naamloos-2_1_4.jpg","datePublished":"2019-07-05T10:05:15+00:00","dateModified":"2026-04-27T04:59:27+00:00","breadcrumb":{"@id":"https:\/\/bulaoutdoor.nl\/product\/spartherm-linear-front-67x51-vaste-greep\/#breadcrumb"},"inLanguage":"fr-FR","potentialAction":[{"@type":"ReadAction","target":["https:\/\/bulaoutdoor.nl\/product\/spartherm-linear-front-67x51-vaste-greep\/"]}]},{"@type":"ImageObject","inLanguage":"fr-FR","@id":"https:\/\/bulaoutdoor.nl\/product\/spartherm-linear-front-67x51-vaste-greep\/#primaryimage","url":"https:\/\/bulaoutdoor.nl\/wp-content\/uploads\/2019\/07\/naamloos-2_1_4.jpg","contentUrl":"https:\/\/bulaoutdoor.nl\/wp-content\/uploads\/2019\/07\/naamloos-2_1_4.jpg","width":1000,"height":1000,"caption":"spartherm-linear-front-67x51-vaste-greep-thumbnail"},{"@type":"BreadcrumbList","@id":"https:\/\/bulaoutdoor.nl\/product\/spartherm-linear-front-67x51-vaste-greep\/#breadcrumb","itemListElement":[{"@type":"ListItem","position":1,"name":"Home","item":"https:\/\/bulaoutdoor.nl\/"},{"@type":"ListItem","position":2,"name":"Online BBQ kopen","item":"https:\/\/bulaoutdoor.nl\/"},{"@type":"ListItem","position":3,"name":"Spartherm Linear Front 67&#215;51 (vaste greep)"}]},{"@type":"WebSite","@id":"https:\/\/bulaoutdoor.nl\/#website","url":"https:\/\/bulaoutdoor.nl\/","name":"Bula Outdoor","description":"Pour votre chemin\u00e9e ext\u00e9rieure, votre barbecue, votre torche de jardin et votre four \u00e0 bois","publisher":{"@id":"https:\/\/bulaoutdoor.nl\/#organization"},"potentialAction":[{"@type":"SearchAction","target":{"@type":"EntryPoint","urlTemplate":"https:\/\/bulaoutdoor.nl\/?s={search_term_string}"},"query-input":{"@type":"PropertyValueSpecification","valueRequired":true,"valueName":"search_term_string"}}],"inLanguage":"fr-FR"},{"@type":"Organization","@id":"https:\/\/bulaoutdoor.nl\/#organization","name":"Bula Outdoor","url":"https:\/\/bulaoutdoor.nl\/","logo":{"@type":"ImageObject","inLanguage":"fr-FR","@id":"https:\/\/bulaoutdoor.nl\/#\/schema\/logo\/image\/","url":"https:\/\/www.bulaoutdoor.nl\/wp-content\/uploads\/2018\/04\/bulaoutdoor-logo.png","contentUrl":"https:\/\/www.bulaoutdoor.nl\/wp-content\/uploads\/2018\/04\/bulaoutdoor-logo.png","width":324,"height":91,"caption":"Bula Outdoor"},"image":{"@id":"https:\/\/bulaoutdoor.nl\/#\/schema\/logo\/image\/"}}]}},"jetpack_sharing_enabled":true,"_links":{"self":[{"href":"https:\/\/bulaoutdoor.nl\/fr\/wp-json\/wp\/v2\/product\/28923","targetHints":{"allow":["GET"]}}],"collection":[{"href":"https:\/\/bulaoutdoor.nl\/fr\/wp-json\/wp\/v2\/product"}],"about":[{"href":"https:\/\/bulaoutdoor.nl\/fr\/wp-json\/wp\/v2\/types\/product"}],"replies":[{"embeddable":true,"href":"https:\/\/bulaoutdoor.nl\/fr\/wp-json\/wp\/v2\/comments?post=28923"}],"wp:featuredmedia":[{"embeddable":true,"href":"https:\/\/bulaoutdoor.nl\/fr\/wp-json\/wp\/v2\/media\/30875"}],"wp:attachment":[{"href":"https:\/\/bulaoutdoor.nl\/fr\/wp-json\/wp\/v2\/media?parent=28923"}],"wp:term":[{"taxonomy":"product_brand","embeddable":true,"href":"https:\/\/bulaoutdoor.nl\/fr\/wp-json\/wp\/v2\/product_brand?post=28923"},{"taxonomy":"product_cat","embeddable":true,"href":"https:\/\/bulaoutdoor.nl\/fr\/wp-json\/wp\/v2\/product_cat?post=28923"},{"taxonomy":"product_tag","embeddable":true,"href":"https:\/\/bulaoutdoor.nl\/fr\/wp-json\/wp\/v2\/product_tag?post=28923"}],"curies":[{"name":"wp","href":"https:\/\/api.w.org\/{rel}","templated":true}]}}