{"id":28931,"date":"2020-07-06T09:29:55","date_gmt":"2020-07-06T09:29:55","guid":{"rendered":"https:\/\/www.bulaoutdoor.nl\/product\/spartherm-linear-corner-68x40x50-vaste-greep\/"},"modified":"2026-05-15T05:00:26","modified_gmt":"2026-05-15T05:00:26","slug":"spartherm-linear-corner-68x40x50-poignee-fixe","status":"publish","type":"product","link":"https:\/\/bulaoutdoor.nl\/fr\/product\/spartherm-linear-corner-68x40x50-vaste-greep\/","title":{"rendered":"Spartherm Linear Corner 68x40x50 (poign\u00e9e fixe)"},"content":{"rendered":"<h1>Le coin lin\u00e9aire Spartherm 68x40x50 (poign\u00e9e fixe)<\/h1>\n<p>Le Linear Corner 68x40x50 (\u00e9galement connu sous le nom de Varia 2L\/R 68h 4S) est un feu d'excellente qualit\u00e9 de <a href=\"https:\/\/www.haveverwarming.nl\/spartherm\" target=\"_blank\" rel=\"noopener\">Spartherm<\/a>. Ce foyer de Spartherm est \u00e9galement \u00e9quip\u00e9 du syst\u00e8me brevet\u00e9 de porte relevable. En outre, la vitre peut \u00e9galement \u00eatre pivot\u00e9e pour s'ouvrir \u00e0 gauche ou \u00e0 droite. Le nettoyage de la vitre de votre chemin\u00e9e n'a jamais \u00e9t\u00e9 aussi facile : il suffit de desserrer un levier en deux points pour que la vitre s'ouvre facilement.<\/p>\n<h3>Options du panneau arri\u00e8re<\/h3>\n<p>Les chemin\u00e9es Spartherm sont livr\u00e9es en standard avec une paroi arri\u00e8re en chamotte blanche, mais vous pouvez \u00e9galement opter pour une paroi arri\u00e8re en chamotte gris fonc\u00e9. L'avantage de la paroi arri\u00e8re en chamotte gris fonc\u00e9 est que le foyer est plus \u00e9l\u00e9gant et plus moderne et que le jeu des flammes est plus saisissant. De plus, la paroi arri\u00e8re en chamotte peut \u00eatre choisie avec le po\u00eale sans suppl\u00e9ment de prix.<\/p>\n<h3><strong>Chemin\u00e9es uniques Spartherm<\/strong><\/h3>\n<p>Ce qui fait du Spartherm <a href=\"https:\/\/www.haveverwarming.nl\/kachels\/inbouw\" target=\"_blank\" rel=\"noopener\">chemin\u00e9es encastr\u00e9es<\/a> si sp\u00e9cial ? Quelques points pour vous :<\/p>\n<ul>\n<li>Double poulie (porte levante) au lieu d'une seule.<\/li>\n<li>By-pass int\u00e9gr\u00e9 qui emp\u00eache \u00e9galement la fum\u00e9e de s'\u00e9chapper lors du remplissage.<\/li>\n<\/ul>\n<h2>Voir les foyers d'angle de Spartherm dans notre Experience Centre<\/h2>\n<p>Dans notre <a href=\"https:\/\/www.haveverwarming.nl\/experiencecenter\" target=\"_blank\" rel=\"noopener\">Centre d'exp\u00e9rience<\/a>&nbsp;Plusieurs chemin\u00e9es d'angle Spartherm sont expos\u00e9es en train de br\u00fbler. N'h\u00e9sitez pas \u00e0 venir jeter un coup d'\u0153il !<\/p>\n<p>T\u00e9l\u00e9chargements de produits<\/p>\n<ul>\n<li><a class=\"download file\" href=\"https:\/\/www.haveverwarming.nl\/amfile\/file\/download\/file\/9159\/product\/1410\/\" target=\"_blank\"><span>Brochure Spartherm po\u00eales \u00e0 bois encastrables et inserts 2026<\/span><\/a><\/li>\n<li><a class=\"download file\" href=\"https:\/\/www.haveverwarming.nl\/amfile\/file\/download\/file\/3336\/product\/1410\/\" target=\"_blank\"><span>Etiquette \u00e9nerg\u00e9tique Spartherm Linear Corner 68x40x50<\/span><\/a><\/li>\n<li><a class=\"download file\" href=\"https:\/\/www.haveverwarming.nl\/amfile\/file\/download\/file\/3337\/product\/1410\/\" target=\"_blank\"><span>Manuel d'utilisation Spartherm Linear Corner 68x40x50<\/span><\/a><\/li>\n<li><a class=\"download file\" href=\"https:\/\/www.haveverwarming.nl\/amfile\/file\/download\/file\/3338\/product\/1410\/\" target=\"_blank\"><span>Instructions d'installation Spartherm Linear Corner 68x40x50<\/span><\/a><\/li>\n<li><a class=\"download file\" href=\"https:\/\/www.haveverwarming.nl\/amfile\/file\/download\/file\/3339\/product\/1410\/\" target=\"_blank\"><span>Dessin au trait Spartherm Linear Corner 68x40x50<\/span><\/a><\/li>\n<li><a class=\"download file\" href=\"https:\/\/www.haveverwarming.nl\/amfile\/file\/download\/file\/6777\/product\/1410\/\" target=\"_blank\"><span>Brochure sur le tir responsable<\/span><\/a><\/li>\n<li><a class=\"download file\" href=\"https:\/\/www.haveverwarming.nl\/productpdf\/download\/file\/id\/1410\/name\/Spartherm_Linear_Corner_68x40x50_%2528vaste_greep%2529.pdf\/\" target=\"_blank\"><span>T\u00e9l\u00e9charger la fiche technique<\/span><\/a><\/li>\n<\/ul>","protected":false},"excerpt":{"rendered":"<p>De Spartherm&nbsp;Linear Corner 68x40x50 (vaste greep) De&nbsp;Linear Corner 68x40x50 (ook bekend als&nbsp;de Varia 2L\/R 68h&nbsp;4S) is kwalitatief een tophaard van Spartherm.&nbsp;Ook deze haard van Spartherm is voorzien van het gepatenteerde liftdeursysteem. Daarnaast is de ruit ook scharnierend naar links\/rechts te openen. De ruit van uw haard schoonmaken is nog nooit zo makkelijk geweest, u hoeft [&hellip;]<\/p>\n","protected":false},"featured_media":30898,"comment_status":"open","ping_status":"closed","template":"","meta":{"_acf_changed":false},"product_brand":[],"product_cat":[1253],"product_tag":[],"class_list":{"0":"post-28931","1":"product","2":"type-product","3":"status-publish","4":"has-post-thumbnail","6":"product_cat-inbouw-houtkachels","8":"first","9":"instock","10":"taxable","11":"shipping-taxable","12":"purchasable","13":"product-type-simple"},"acf":[],"yoast_head":"<!-- This site is optimized with the Yoast SEO plugin v27.6 - https:\/\/yoast.com\/product\/yoast-seo-wordpress\/ -->\n<title>Spartherm Linear Corner 68x40x50 (vaste greep) &#8211; Bula Outdoor<\/title>\n<meta name=\"robots\" content=\"index, follow, max-snippet:-1, max-image-preview:large, max-video-preview:-1\" \/>\n<link rel=\"canonical\" href=\"https:\/\/bulaoutdoor.nl\/fr\/produit\/spartherm-linear-corner-68x40x50-poignee-fixe\/\" \/>\n<meta property=\"og:locale\" content=\"fr_FR\" \/>\n<meta property=\"og:type\" content=\"article\" \/>\n<meta property=\"og:title\" content=\"Spartherm Linear Corner 68x40x50 (vaste greep) &#8211; Bula Outdoor\" \/>\n<meta property=\"og:description\" content=\"De Spartherm&nbsp;Linear Corner 68x40x50 (vaste greep) De&nbsp;Linear Corner 68x40x50 (ook bekend als&nbsp;de Varia 2L\/R 68h&nbsp;4S) is kwalitatief een tophaard van Spartherm.&nbsp;Ook deze haard van Spartherm is voorzien van het gepatenteerde liftdeursysteem. Daarnaast is de ruit ook scharnierend naar links\/rechts te openen. De ruit van uw haard schoonmaken is nog nooit zo makkelijk geweest, u hoeft [&hellip;]\" \/>\n<meta property=\"og:url\" content=\"https:\/\/bulaoutdoor.nl\/fr\/produit\/spartherm-linear-corner-68x40x50-poignee-fixe\/\" \/>\n<meta property=\"og:site_name\" content=\"Bula Outdoor\" \/>\n<meta property=\"article:modified_time\" content=\"2026-05-15T05:00:26+00:00\" \/>\n<meta property=\"og:image\" content=\"https:\/\/bulaoutdoor.nl\/wp-content\/uploads\/2020\/07\/100hoekk0_1.jpg\" \/>\n\t<meta property=\"og:image:width\" content=\"1000\" \/>\n\t<meta property=\"og:image:height\" content=\"1000\" \/>\n\t<meta property=\"og:image:type\" content=\"image\/jpeg\" \/>\n<meta name=\"twitter:card\" content=\"summary_large_image\" \/>\n<meta name=\"twitter:label1\" content=\"Dur\u00e9e de lecture estim\u00e9e\" \/>\n\t<meta name=\"twitter:data1\" content=\"1 minute\" \/>\n<script type=\"application\/ld+json\" class=\"yoast-schema-graph\">{\"@context\":\"https:\\\/\\\/schema.org\",\"@graph\":[{\"@type\":\"WebPage\",\"@id\":\"https:\\\/\\\/bulaoutdoor.nl\\\/product\\\/spartherm-linear-corner-68x40x50-vaste-greep\\\/\",\"url\":\"https:\\\/\\\/bulaoutdoor.nl\\\/product\\\/spartherm-linear-corner-68x40x50-vaste-greep\\\/\",\"name\":\"Spartherm Linear Corner 68x40x50 (vaste greep) &#8211; Bula Outdoor\",\"isPartOf\":{\"@id\":\"https:\\\/\\\/bulaoutdoor.nl\\\/#website\"},\"primaryImageOfPage\":{\"@id\":\"https:\\\/\\\/bulaoutdoor.nl\\\/product\\\/spartherm-linear-corner-68x40x50-vaste-greep\\\/#primaryimage\"},\"image\":{\"@id\":\"https:\\\/\\\/bulaoutdoor.nl\\\/product\\\/spartherm-linear-corner-68x40x50-vaste-greep\\\/#primaryimage\"},\"thumbnailUrl\":\"https:\\\/\\\/bulaoutdoor.nl\\\/wp-content\\\/uploads\\\/2020\\\/07\\\/100hoekk0_1.jpg\",\"datePublished\":\"2020-07-06T09:29:55+00:00\",\"dateModified\":\"2026-05-15T05:00:26+00:00\",\"breadcrumb\":{\"@id\":\"https:\\\/\\\/bulaoutdoor.nl\\\/product\\\/spartherm-linear-corner-68x40x50-vaste-greep\\\/#breadcrumb\"},\"inLanguage\":\"fr-FR\",\"potentialAction\":[{\"@type\":\"ReadAction\",\"target\":[\"https:\\\/\\\/bulaoutdoor.nl\\\/product\\\/spartherm-linear-corner-68x40x50-vaste-greep\\\/\"]}]},{\"@type\":\"ImageObject\",\"inLanguage\":\"fr-FR\",\"@id\":\"https:\\\/\\\/bulaoutdoor.nl\\\/product\\\/spartherm-linear-corner-68x40x50-vaste-greep\\\/#primaryimage\",\"url\":\"https:\\\/\\\/bulaoutdoor.nl\\\/wp-content\\\/uploads\\\/2020\\\/07\\\/100hoekk0_1.jpg\",\"contentUrl\":\"https:\\\/\\\/bulaoutdoor.nl\\\/wp-content\\\/uploads\\\/2020\\\/07\\\/100hoekk0_1.jpg\",\"width\":1000,\"height\":1000,\"caption\":\"spartherm-linear-corner-68x40x50-vaste-greep-thumbnail\"},{\"@type\":\"BreadcrumbList\",\"@id\":\"https:\\\/\\\/bulaoutdoor.nl\\\/product\\\/spartherm-linear-corner-68x40x50-vaste-greep\\\/#breadcrumb\",\"itemListElement\":[{\"@type\":\"ListItem\",\"position\":1,\"name\":\"Home\",\"item\":\"https:\\\/\\\/bulaoutdoor.nl\\\/\"},{\"@type\":\"ListItem\",\"position\":2,\"name\":\"Online BBQ kopen\",\"item\":\"https:\\\/\\\/bulaoutdoor.nl\\\/\"},{\"@type\":\"ListItem\",\"position\":3,\"name\":\"Spartherm Linear Corner 68x40x50 (vaste greep)\"}]},{\"@type\":\"WebSite\",\"@id\":\"https:\\\/\\\/bulaoutdoor.nl\\\/#website\",\"url\":\"https:\\\/\\\/bulaoutdoor.nl\\\/\",\"name\":\"Bula Outdoor\",\"description\":\"Voor uw buitenhaard, BBQ, tuinfakkel en houtoven\",\"publisher\":{\"@id\":\"https:\\\/\\\/bulaoutdoor.nl\\\/#organization\"},\"potentialAction\":[{\"@type\":\"SearchAction\",\"target\":{\"@type\":\"EntryPoint\",\"urlTemplate\":\"https:\\\/\\\/bulaoutdoor.nl\\\/?s={search_term_string}\"},\"query-input\":{\"@type\":\"PropertyValueSpecification\",\"valueRequired\":true,\"valueName\":\"search_term_string\"}}],\"inLanguage\":\"fr-FR\"},{\"@type\":\"Organization\",\"@id\":\"https:\\\/\\\/bulaoutdoor.nl\\\/#organization\",\"name\":\"Bula Outdoor\",\"url\":\"https:\\\/\\\/bulaoutdoor.nl\\\/\",\"logo\":{\"@type\":\"ImageObject\",\"inLanguage\":\"fr-FR\",\"@id\":\"https:\\\/\\\/bulaoutdoor.nl\\\/#\\\/schema\\\/logo\\\/image\\\/\",\"url\":\"https:\\\/\\\/www.bulaoutdoor.nl\\\/wp-content\\\/uploads\\\/2018\\\/04\\\/bulaoutdoor-logo.png\",\"contentUrl\":\"https:\\\/\\\/www.bulaoutdoor.nl\\\/wp-content\\\/uploads\\\/2018\\\/04\\\/bulaoutdoor-logo.png\",\"width\":324,\"height\":91,\"caption\":\"Bula Outdoor\"},\"image\":{\"@id\":\"https:\\\/\\\/bulaoutdoor.nl\\\/#\\\/schema\\\/logo\\\/image\\\/\"}}]}<\/script>\n<!-- \/ Yoast SEO plugin. -->","yoast_head_json":{"title":"Spartherm Linear Corner 68x40x50 (poign\u00e9e fixe) - Bula Outdoor","robots":{"index":"index","follow":"follow","max-snippet":"max-snippet:-1","max-image-preview":"max-image-preview:large","max-video-preview":"max-video-preview:-1"},"canonical":"https:\/\/bulaoutdoor.nl\/fr\/produit\/spartherm-linear-corner-68x40x50-poignee-fixe\/","og_locale":"fr_FR","og_type":"article","og_title":"Spartherm Linear Corner 68x40x50 (vaste greep) &#8211; Bula Outdoor","og_description":"De Spartherm&nbsp;Linear Corner 68x40x50 (vaste greep) De&nbsp;Linear Corner 68x40x50 (ook bekend als&nbsp;de Varia 2L\/R 68h&nbsp;4S) is kwalitatief een tophaard van Spartherm.&nbsp;Ook deze haard van Spartherm is voorzien van het gepatenteerde liftdeursysteem. Daarnaast is de ruit ook scharnierend naar links\/rechts te openen. De ruit van uw haard schoonmaken is nog nooit zo makkelijk geweest, u hoeft [&hellip;]","og_url":"https:\/\/bulaoutdoor.nl\/fr\/produit\/spartherm-linear-corner-68x40x50-poignee-fixe\/","og_site_name":"Bula Outdoor","article_modified_time":"2026-05-15T05:00:26+00:00","og_image":[{"width":1000,"height":1000,"url":"https:\/\/bulaoutdoor.nl\/wp-content\/uploads\/2020\/07\/100hoekk0_1.jpg","type":"image\/jpeg"}],"twitter_card":"summary_large_image","twitter_misc":{"Dur\u00e9e de lecture estim\u00e9e":"1 minute"},"schema":{"@context":"https:\/\/schema.org","@graph":[{"@type":"WebPage","@id":"https:\/\/bulaoutdoor.nl\/product\/spartherm-linear-corner-68x40x50-vaste-greep\/","url":"https:\/\/bulaoutdoor.nl\/product\/spartherm-linear-corner-68x40x50-vaste-greep\/","name":"Spartherm Linear Corner 68x40x50 (poign\u00e9e fixe) - Bula Outdoor","isPartOf":{"@id":"https:\/\/bulaoutdoor.nl\/#website"},"primaryImageOfPage":{"@id":"https:\/\/bulaoutdoor.nl\/product\/spartherm-linear-corner-68x40x50-vaste-greep\/#primaryimage"},"image":{"@id":"https:\/\/bulaoutdoor.nl\/product\/spartherm-linear-corner-68x40x50-vaste-greep\/#primaryimage"},"thumbnailUrl":"https:\/\/bulaoutdoor.nl\/wp-content\/uploads\/2020\/07\/100hoekk0_1.jpg","datePublished":"2020-07-06T09:29:55+00:00","dateModified":"2026-05-15T05:00:26+00:00","breadcrumb":{"@id":"https:\/\/bulaoutdoor.nl\/product\/spartherm-linear-corner-68x40x50-vaste-greep\/#breadcrumb"},"inLanguage":"fr-FR","potentialAction":[{"@type":"ReadAction","target":["https:\/\/bulaoutdoor.nl\/product\/spartherm-linear-corner-68x40x50-vaste-greep\/"]}]},{"@type":"ImageObject","inLanguage":"fr-FR","@id":"https:\/\/bulaoutdoor.nl\/product\/spartherm-linear-corner-68x40x50-vaste-greep\/#primaryimage","url":"https:\/\/bulaoutdoor.nl\/wp-content\/uploads\/2020\/07\/100hoekk0_1.jpg","contentUrl":"https:\/\/bulaoutdoor.nl\/wp-content\/uploads\/2020\/07\/100hoekk0_1.jpg","width":1000,"height":1000,"caption":"spartherm-linear-corner-68x40x50-vaste-greep-thumbnail"},{"@type":"BreadcrumbList","@id":"https:\/\/bulaoutdoor.nl\/product\/spartherm-linear-corner-68x40x50-vaste-greep\/#breadcrumb","itemListElement":[{"@type":"ListItem","position":1,"name":"Home","item":"https:\/\/bulaoutdoor.nl\/"},{"@type":"ListItem","position":2,"name":"Online BBQ kopen","item":"https:\/\/bulaoutdoor.nl\/"},{"@type":"ListItem","position":3,"name":"Spartherm Linear Corner 68x40x50 (vaste greep)"}]},{"@type":"WebSite","@id":"https:\/\/bulaoutdoor.nl\/#website","url":"https:\/\/bulaoutdoor.nl\/","name":"Bula Outdoor","description":"Pour votre chemin\u00e9e ext\u00e9rieure, votre barbecue, votre torche de jardin et votre four \u00e0 bois","publisher":{"@id":"https:\/\/bulaoutdoor.nl\/#organization"},"potentialAction":[{"@type":"SearchAction","target":{"@type":"EntryPoint","urlTemplate":"https:\/\/bulaoutdoor.nl\/?s={search_term_string}"},"query-input":{"@type":"PropertyValueSpecification","valueRequired":true,"valueName":"search_term_string"}}],"inLanguage":"fr-FR"},{"@type":"Organization","@id":"https:\/\/bulaoutdoor.nl\/#organization","name":"Bula Outdoor","url":"https:\/\/bulaoutdoor.nl\/","logo":{"@type":"ImageObject","inLanguage":"fr-FR","@id":"https:\/\/bulaoutdoor.nl\/#\/schema\/logo\/image\/","url":"https:\/\/www.bulaoutdoor.nl\/wp-content\/uploads\/2018\/04\/bulaoutdoor-logo.png","contentUrl":"https:\/\/www.bulaoutdoor.nl\/wp-content\/uploads\/2018\/04\/bulaoutdoor-logo.png","width":324,"height":91,"caption":"Bula Outdoor"},"image":{"@id":"https:\/\/bulaoutdoor.nl\/#\/schema\/logo\/image\/"}}]}},"jetpack_sharing_enabled":true,"_links":{"self":[{"href":"https:\/\/bulaoutdoor.nl\/fr\/wp-json\/wp\/v2\/product\/28931","targetHints":{"allow":["GET"]}}],"collection":[{"href":"https:\/\/bulaoutdoor.nl\/fr\/wp-json\/wp\/v2\/product"}],"about":[{"href":"https:\/\/bulaoutdoor.nl\/fr\/wp-json\/wp\/v2\/types\/product"}],"replies":[{"embeddable":true,"href":"https:\/\/bulaoutdoor.nl\/fr\/wp-json\/wp\/v2\/comments?post=28931"}],"wp:featuredmedia":[{"embeddable":true,"href":"https:\/\/bulaoutdoor.nl\/fr\/wp-json\/wp\/v2\/media\/30898"}],"wp:attachment":[{"href":"https:\/\/bulaoutdoor.nl\/fr\/wp-json\/wp\/v2\/media?parent=28931"}],"wp:term":[{"taxonomy":"product_brand","embeddable":true,"href":"https:\/\/bulaoutdoor.nl\/fr\/wp-json\/wp\/v2\/product_brand?post=28931"},{"taxonomy":"product_cat","embeddable":true,"href":"https:\/\/bulaoutdoor.nl\/fr\/wp-json\/wp\/v2\/product_cat?post=28931"},{"taxonomy":"product_tag","embeddable":true,"href":"https:\/\/bulaoutdoor.nl\/fr\/wp-json\/wp\/v2\/product_tag?post=28931"}],"curies":[{"name":"wp","href":"https:\/\/api.w.org\/{rel}","templated":true}]}}