{"id":28950,"date":"2021-06-30T08:58:10","date_gmt":"2021-06-30T08:58:10","guid":{"rendered":"https:\/\/www.bulaoutdoor.nl\/product\/spartherm-linear-tunnel-67x51-vaste-greep-2\/"},"modified":"2026-05-15T05:03:21","modified_gmt":"2026-05-15T05:03:21","slug":"spartherm-tunnel-lineaire-67x51-poignee-fixe-2","status":"publish","type":"product","link":"https:\/\/bulaoutdoor.nl\/fr\/product\/spartherm-linear-tunnel-67x51-vaste-greep-2\/","title":{"rendered":"Tunnel lin\u00e9aire Spartherm 67\u00d751 (poign\u00e9e fixe, porte relevable d'un c\u00f4t\u00e9)"},"content":{"rendered":"<h2>Tunnel lin\u00e9aire Spartherm 67\u00d751 (poign\u00e9e fixe, porte relevable d'un c\u00f4t\u00e9)<\/h2>\n<p>Avec ce tunnel lin\u00e9aire 67\u00d751 <a href=\"https:\/\/www.haveverwarming.nl\/kachels\/hout\" target=\"_blank\" rel=\"noopener\">feu de bois<\/a>&nbsp;Porte levante unilat\u00e9rale (anciennement Varia FDh-51-4S) <a href=\"https:\/\/www.haveverwarming.nl\/kachels\/doorkijk\" target=\"_blank\" rel=\"noopener\">chemin\u00e9e transparente<\/a> le feu peut \u00eatre vu depuis deux pi\u00e8ces diff\u00e9rentes. Vous pouvez par exemple utiliser cette chemin\u00e9e comme s\u00e9paration de pi\u00e8ce. La chemin\u00e9e de <a href=\"https:\/\/www.haveverwarming.nl\/spartherm\" target=\"_blank\" rel=\"noopener\">Spartherm<\/a>&nbsp;a un rebord en bas avec une poign\u00e9e.<\/p>\n<h3>Options du panneau arri\u00e8re<\/h3>\n<p>Le foyer est livr\u00e9 de s\u00e9rie avec une paroi arri\u00e8re en chamotte blanche, mais vous pouvez \u00e9galement opter pour une paroi arri\u00e8re en chamotte gris fonc\u00e9. L'avantage de la paroi arri\u00e8re en chamotte gris fonc\u00e9 est que le feu para\u00eet plus \u00e9l\u00e9gant et plus moderne. En outre, le jeu des flammes est plus frappant. De plus, la paroi arri\u00e8re en chamotte peut \u00eatre choisie avec le po\u00eale sans frais suppl\u00e9mentaires.<\/p>\n<h3><strong>Chemin\u00e9es uniques Spartherm<\/strong><\/h3>\n<p>Qu'est-ce qui distingue une chemin\u00e9e encastr\u00e9e Spartherm du reste de la gamme ? <a href=\"https:\/\/www.haveverwarming.nl\/kachels\/inbouw\" target=\"_blank\" rel=\"noopener\">chemin\u00e9es encastr\u00e9es<\/a>? Pour vous, quelques points d'affil\u00e9e :<\/p>\n<ul>\n<li>Double poulie (porte levante) au lieu d'une seule.<\/li>\n<li>By-pass int\u00e9gr\u00e9 qui emp\u00eache \u00e9galement la fum\u00e9e de s'\u00e9chapper lors du remplissage.<\/li>\n<\/ul>\n<h3>Dans notre centre d'exp\u00e9rience<\/h3>\n<p>Vous n'\u00eates pas encore s\u00fbr de votre choix ? Ou souhaitez-vous voir br\u00fbler des po\u00eales similaires ? Dans ce cas, nous vous invitons \u00e0 visiter notre&nbsp;<a href=\"https:\/\/www.haveverwarming.nl\/experiencecenter\" target=\"_blank\" rel=\"noopener\">Centre d'exp\u00e9rience<\/a>&nbsp;Jetez un coup d'\u0153il !<\/p>\n<p>T\u00e9l\u00e9chargements de produits<\/p>\n<ul>\n<li><a class=\"download file\" href=\"https:\/\/www.haveverwarming.nl\/amfile\/file\/download\/file\/9159\/product\/1682\/\" target=\"_blank\"><span>Brochure Spartherm po\u00eales \u00e0 bois encastrables et inserts 2026<\/span><\/a><\/li>\n<li><a class=\"download file\" href=\"https:\/\/www.haveverwarming.nl\/amfile\/file\/download\/file\/6249\/product\/1682\/\" target=\"_blank\"><span>Label \u00e9nerg\u00e9tique Spartherm Linear Tunnel 67\u00d751<\/span><\/a><\/li>\n<li><a class=\"download file\" href=\"https:\/\/www.haveverwarming.nl\/amfile\/file\/download\/file\/6250\/product\/1682\/\" target=\"_blank\"><span>Instructions d'installation Spartherm Linear Tunnel 67\u00d751<\/span><\/a><\/li>\n<li><a class=\"download file\" href=\"https:\/\/www.haveverwarming.nl\/amfile\/file\/download\/file\/6251\/product\/1682\/\" target=\"_blank\"><span>Mode d'emploi Tunnel lin\u00e9aire Spartherm 67\u00d751<\/span><\/a><\/li>\n<li><a class=\"download file\" href=\"https:\/\/www.haveverwarming.nl\/amfile\/file\/download\/file\/6782\/product\/1682\/\" target=\"_blank\"><span>Brochure sur le tir responsable<\/span><\/a><\/li>\n<li><a class=\"download file\" href=\"https:\/\/www.haveverwarming.nl\/amfile\/file\/download\/file\/9173\/product\/1682\/\" target=\"_blank\"><span>Dessin au trait Tunnel lin\u00e9aire Spartherm 67\u00d751<\/span><\/a><\/li>\n<li><a class=\"download file\" href=\"https:\/\/www.haveverwarming.nl\/productpdf\/download\/file\/id\/1682\/name\/Spartherm_Linear_Tunnel_67x51_%2528vaste_greep%252C_1-zijdige_liftdeur%2529.pdf\/\" target=\"_blank\"><span>T\u00e9l\u00e9charger la fiche technique<\/span><\/a><\/li>\n<\/ul>","protected":false},"excerpt":{"rendered":"<p>Spartherm&nbsp;Linear Tunnel 67&#215;51 (vaste greep, 1-zijdige liftdeur) Met deze Linear Tunnel 67&#215;51 houthaard&nbsp;1-zijdige liftdeur&nbsp;(voorheen de Varia FDh-51-4S) doorkijkhaard kan het vuur vanuit twee verschillende ruimtes worden bekeken. U kunt deze haard bijvoorbeeld gebruiken als een roomdivider. De haard van Spartherm&nbsp;heeft aan de onderzijde een rand met een handvat. Achterwand opties De haard wordt standaard geleverd [&hellip;]<\/p>\n","protected":false},"featured_media":30944,"comment_status":"open","ping_status":"closed","template":"","meta":{"_acf_changed":false},"product_brand":[],"product_cat":[1253],"product_tag":[],"class_list":{"0":"post-28950","1":"product","2":"type-product","3":"status-publish","4":"has-post-thumbnail","6":"product_cat-inbouw-houtkachels","8":"first","9":"instock","10":"taxable","11":"shipping-taxable","12":"purchasable","13":"product-type-simple"},"acf":[],"yoast_head":"<!-- This site is optimized with the Yoast SEO plugin v27.6 - https:\/\/yoast.com\/product\/yoast-seo-wordpress\/ -->\n<title>Spartherm Linear Tunnel 67x51 (vaste greep, 1-zijdige liftdeur) &#8211; Bula Outdoor<\/title>\n<meta name=\"robots\" content=\"index, follow, max-snippet:-1, max-image-preview:large, max-video-preview:-1\" \/>\n<link rel=\"canonical\" href=\"https:\/\/bulaoutdoor.nl\/fr\/produit\/spartherm-tunnel-lineaire-67x51-poignee-fixe-2\/\" \/>\n<meta property=\"og:locale\" content=\"fr_FR\" \/>\n<meta property=\"og:type\" content=\"article\" \/>\n<meta property=\"og:title\" content=\"Spartherm Linear Tunnel 67x51 (vaste greep, 1-zijdige liftdeur) &#8211; Bula Outdoor\" \/>\n<meta property=\"og:description\" content=\"Spartherm&nbsp;Linear Tunnel 67&#215;51 (vaste greep, 1-zijdige liftdeur) Met deze Linear Tunnel 67&#215;51 houthaard&nbsp;1-zijdige liftdeur&nbsp;(voorheen de Varia FDh-51-4S) doorkijkhaard kan het vuur vanuit twee verschillende ruimtes worden bekeken. U kunt deze haard bijvoorbeeld gebruiken als een roomdivider. De haard van Spartherm&nbsp;heeft aan de onderzijde een rand met een handvat. Achterwand opties De haard wordt standaard geleverd [&hellip;]\" \/>\n<meta property=\"og:url\" content=\"https:\/\/bulaoutdoor.nl\/fr\/produit\/spartherm-tunnel-lineaire-67x51-poignee-fixe-2\/\" \/>\n<meta property=\"og:site_name\" content=\"Bula Outdoor\" \/>\n<meta property=\"article:modified_time\" content=\"2026-05-15T05:03:21+00:00\" \/>\n<meta property=\"og:image\" content=\"https:\/\/bulaoutdoor.nl\/wp-content\/uploads\/2021\/06\/spartherm_linear_front_67x51_1.jpg\" \/>\n\t<meta property=\"og:image:width\" content=\"1000\" \/>\n\t<meta property=\"og:image:height\" content=\"1000\" \/>\n\t<meta property=\"og:image:type\" content=\"image\/jpeg\" \/>\n<meta name=\"twitter:card\" content=\"summary_large_image\" \/>\n<meta name=\"twitter:label1\" content=\"Dur\u00e9e de lecture estim\u00e9e\" \/>\n\t<meta name=\"twitter:data1\" content=\"2 minutes\" \/>\n<script type=\"application\/ld+json\" class=\"yoast-schema-graph\">{\"@context\":\"https:\\\/\\\/schema.org\",\"@graph\":[{\"@type\":\"WebPage\",\"@id\":\"https:\\\/\\\/bulaoutdoor.nl\\\/product\\\/spartherm-linear-tunnel-67x51-vaste-greep-2\\\/\",\"url\":\"https:\\\/\\\/bulaoutdoor.nl\\\/product\\\/spartherm-linear-tunnel-67x51-vaste-greep-2\\\/\",\"name\":\"Spartherm Linear Tunnel 67x51 (vaste greep, 1-zijdige liftdeur) &#8211; Bula Outdoor\",\"isPartOf\":{\"@id\":\"https:\\\/\\\/bulaoutdoor.nl\\\/#website\"},\"primaryImageOfPage\":{\"@id\":\"https:\\\/\\\/bulaoutdoor.nl\\\/product\\\/spartherm-linear-tunnel-67x51-vaste-greep-2\\\/#primaryimage\"},\"image\":{\"@id\":\"https:\\\/\\\/bulaoutdoor.nl\\\/product\\\/spartherm-linear-tunnel-67x51-vaste-greep-2\\\/#primaryimage\"},\"thumbnailUrl\":\"https:\\\/\\\/bulaoutdoor.nl\\\/wp-content\\\/uploads\\\/2021\\\/06\\\/spartherm_linear_front_67x51_1.jpg\",\"datePublished\":\"2021-06-30T08:58:10+00:00\",\"dateModified\":\"2026-05-15T05:03:21+00:00\",\"breadcrumb\":{\"@id\":\"https:\\\/\\\/bulaoutdoor.nl\\\/product\\\/spartherm-linear-tunnel-67x51-vaste-greep-2\\\/#breadcrumb\"},\"inLanguage\":\"fr-FR\",\"potentialAction\":[{\"@type\":\"ReadAction\",\"target\":[\"https:\\\/\\\/bulaoutdoor.nl\\\/product\\\/spartherm-linear-tunnel-67x51-vaste-greep-2\\\/\"]}]},{\"@type\":\"ImageObject\",\"inLanguage\":\"fr-FR\",\"@id\":\"https:\\\/\\\/bulaoutdoor.nl\\\/product\\\/spartherm-linear-tunnel-67x51-vaste-greep-2\\\/#primaryimage\",\"url\":\"https:\\\/\\\/bulaoutdoor.nl\\\/wp-content\\\/uploads\\\/2021\\\/06\\\/spartherm_linear_front_67x51_1.jpg\",\"contentUrl\":\"https:\\\/\\\/bulaoutdoor.nl\\\/wp-content\\\/uploads\\\/2021\\\/06\\\/spartherm_linear_front_67x51_1.jpg\",\"width\":1000,\"height\":1000,\"caption\":\"spartherm-linear-tunnel-67x51-vaste-greep-1-zijdige-liftdeur-thumbnail\"},{\"@type\":\"BreadcrumbList\",\"@id\":\"https:\\\/\\\/bulaoutdoor.nl\\\/product\\\/spartherm-linear-tunnel-67x51-vaste-greep-2\\\/#breadcrumb\",\"itemListElement\":[{\"@type\":\"ListItem\",\"position\":1,\"name\":\"Home\",\"item\":\"https:\\\/\\\/bulaoutdoor.nl\\\/\"},{\"@type\":\"ListItem\",\"position\":2,\"name\":\"Online BBQ kopen\",\"item\":\"https:\\\/\\\/bulaoutdoor.nl\\\/\"},{\"@type\":\"ListItem\",\"position\":3,\"name\":\"Spartherm Linear Tunnel 67&#215;51 (vaste greep, 1-zijdige liftdeur)\"}]},{\"@type\":\"WebSite\",\"@id\":\"https:\\\/\\\/bulaoutdoor.nl\\\/#website\",\"url\":\"https:\\\/\\\/bulaoutdoor.nl\\\/\",\"name\":\"Bula Outdoor\",\"description\":\"Voor uw buitenhaard, BBQ, tuinfakkel en houtoven\",\"publisher\":{\"@id\":\"https:\\\/\\\/bulaoutdoor.nl\\\/#organization\"},\"potentialAction\":[{\"@type\":\"SearchAction\",\"target\":{\"@type\":\"EntryPoint\",\"urlTemplate\":\"https:\\\/\\\/bulaoutdoor.nl\\\/?s={search_term_string}\"},\"query-input\":{\"@type\":\"PropertyValueSpecification\",\"valueRequired\":true,\"valueName\":\"search_term_string\"}}],\"inLanguage\":\"fr-FR\"},{\"@type\":\"Organization\",\"@id\":\"https:\\\/\\\/bulaoutdoor.nl\\\/#organization\",\"name\":\"Bula Outdoor\",\"url\":\"https:\\\/\\\/bulaoutdoor.nl\\\/\",\"logo\":{\"@type\":\"ImageObject\",\"inLanguage\":\"fr-FR\",\"@id\":\"https:\\\/\\\/bulaoutdoor.nl\\\/#\\\/schema\\\/logo\\\/image\\\/\",\"url\":\"https:\\\/\\\/www.bulaoutdoor.nl\\\/wp-content\\\/uploads\\\/2018\\\/04\\\/bulaoutdoor-logo.png\",\"contentUrl\":\"https:\\\/\\\/www.bulaoutdoor.nl\\\/wp-content\\\/uploads\\\/2018\\\/04\\\/bulaoutdoor-logo.png\",\"width\":324,\"height\":91,\"caption\":\"Bula Outdoor\"},\"image\":{\"@id\":\"https:\\\/\\\/bulaoutdoor.nl\\\/#\\\/schema\\\/logo\\\/image\\\/\"}}]}<\/script>\n<!-- \/ Yoast SEO plugin. -->","yoast_head_json":{"title":"Tunnel lin\u00e9aire Spartherm 67x51 (poign\u00e9e fixe, porte relevable d'un c\u00f4t\u00e9) - Bula Outdoor","robots":{"index":"index","follow":"follow","max-snippet":"max-snippet:-1","max-image-preview":"max-image-preview:large","max-video-preview":"max-video-preview:-1"},"canonical":"https:\/\/bulaoutdoor.nl\/fr\/produit\/spartherm-tunnel-lineaire-67x51-poignee-fixe-2\/","og_locale":"fr_FR","og_type":"article","og_title":"Spartherm Linear Tunnel 67x51 (vaste greep, 1-zijdige liftdeur) &#8211; Bula Outdoor","og_description":"Spartherm&nbsp;Linear Tunnel 67&#215;51 (vaste greep, 1-zijdige liftdeur) Met deze Linear Tunnel 67&#215;51 houthaard&nbsp;1-zijdige liftdeur&nbsp;(voorheen de Varia FDh-51-4S) doorkijkhaard kan het vuur vanuit twee verschillende ruimtes worden bekeken. U kunt deze haard bijvoorbeeld gebruiken als een roomdivider. De haard van Spartherm&nbsp;heeft aan de onderzijde een rand met een handvat. Achterwand opties De haard wordt standaard geleverd [&hellip;]","og_url":"https:\/\/bulaoutdoor.nl\/fr\/produit\/spartherm-tunnel-lineaire-67x51-poignee-fixe-2\/","og_site_name":"Bula Outdoor","article_modified_time":"2026-05-15T05:03:21+00:00","og_image":[{"width":1000,"height":1000,"url":"https:\/\/bulaoutdoor.nl\/wp-content\/uploads\/2021\/06\/spartherm_linear_front_67x51_1.jpg","type":"image\/jpeg"}],"twitter_card":"summary_large_image","twitter_misc":{"Dur\u00e9e de lecture estim\u00e9e":"2 minutes"},"schema":{"@context":"https:\/\/schema.org","@graph":[{"@type":"WebPage","@id":"https:\/\/bulaoutdoor.nl\/product\/spartherm-linear-tunnel-67x51-vaste-greep-2\/","url":"https:\/\/bulaoutdoor.nl\/product\/spartherm-linear-tunnel-67x51-vaste-greep-2\/","name":"Tunnel lin\u00e9aire Spartherm 67x51 (poign\u00e9e fixe, porte relevable d'un c\u00f4t\u00e9) - Bula Outdoor","isPartOf":{"@id":"https:\/\/bulaoutdoor.nl\/#website"},"primaryImageOfPage":{"@id":"https:\/\/bulaoutdoor.nl\/product\/spartherm-linear-tunnel-67x51-vaste-greep-2\/#primaryimage"},"image":{"@id":"https:\/\/bulaoutdoor.nl\/product\/spartherm-linear-tunnel-67x51-vaste-greep-2\/#primaryimage"},"thumbnailUrl":"https:\/\/bulaoutdoor.nl\/wp-content\/uploads\/2021\/06\/spartherm_linear_front_67x51_1.jpg","datePublished":"2021-06-30T08:58:10+00:00","dateModified":"2026-05-15T05:03:21+00:00","breadcrumb":{"@id":"https:\/\/bulaoutdoor.nl\/product\/spartherm-linear-tunnel-67x51-vaste-greep-2\/#breadcrumb"},"inLanguage":"fr-FR","potentialAction":[{"@type":"ReadAction","target":["https:\/\/bulaoutdoor.nl\/product\/spartherm-linear-tunnel-67x51-vaste-greep-2\/"]}]},{"@type":"ImageObject","inLanguage":"fr-FR","@id":"https:\/\/bulaoutdoor.nl\/product\/spartherm-linear-tunnel-67x51-vaste-greep-2\/#primaryimage","url":"https:\/\/bulaoutdoor.nl\/wp-content\/uploads\/2021\/06\/spartherm_linear_front_67x51_1.jpg","contentUrl":"https:\/\/bulaoutdoor.nl\/wp-content\/uploads\/2021\/06\/spartherm_linear_front_67x51_1.jpg","width":1000,"height":1000,"caption":"spartherm-linear-tunnel-67x51-vaste-greep-1-zijdige-liftdeur-thumbnail"},{"@type":"BreadcrumbList","@id":"https:\/\/bulaoutdoor.nl\/product\/spartherm-linear-tunnel-67x51-vaste-greep-2\/#breadcrumb","itemListElement":[{"@type":"ListItem","position":1,"name":"Home","item":"https:\/\/bulaoutdoor.nl\/"},{"@type":"ListItem","position":2,"name":"Online BBQ kopen","item":"https:\/\/bulaoutdoor.nl\/"},{"@type":"ListItem","position":3,"name":"Spartherm Linear Tunnel 67&#215;51 (vaste greep, 1-zijdige liftdeur)"}]},{"@type":"WebSite","@id":"https:\/\/bulaoutdoor.nl\/#website","url":"https:\/\/bulaoutdoor.nl\/","name":"Bula Outdoor","description":"Pour votre chemin\u00e9e ext\u00e9rieure, votre barbecue, votre torche de jardin et votre four \u00e0 bois","publisher":{"@id":"https:\/\/bulaoutdoor.nl\/#organization"},"potentialAction":[{"@type":"SearchAction","target":{"@type":"EntryPoint","urlTemplate":"https:\/\/bulaoutdoor.nl\/?s={search_term_string}"},"query-input":{"@type":"PropertyValueSpecification","valueRequired":true,"valueName":"search_term_string"}}],"inLanguage":"fr-FR"},{"@type":"Organization","@id":"https:\/\/bulaoutdoor.nl\/#organization","name":"Bula Outdoor","url":"https:\/\/bulaoutdoor.nl\/","logo":{"@type":"ImageObject","inLanguage":"fr-FR","@id":"https:\/\/bulaoutdoor.nl\/#\/schema\/logo\/image\/","url":"https:\/\/www.bulaoutdoor.nl\/wp-content\/uploads\/2018\/04\/bulaoutdoor-logo.png","contentUrl":"https:\/\/www.bulaoutdoor.nl\/wp-content\/uploads\/2018\/04\/bulaoutdoor-logo.png","width":324,"height":91,"caption":"Bula Outdoor"},"image":{"@id":"https:\/\/bulaoutdoor.nl\/#\/schema\/logo\/image\/"}}]}},"jetpack_sharing_enabled":true,"_links":{"self":[{"href":"https:\/\/bulaoutdoor.nl\/fr\/wp-json\/wp\/v2\/product\/28950","targetHints":{"allow":["GET"]}}],"collection":[{"href":"https:\/\/bulaoutdoor.nl\/fr\/wp-json\/wp\/v2\/product"}],"about":[{"href":"https:\/\/bulaoutdoor.nl\/fr\/wp-json\/wp\/v2\/types\/product"}],"replies":[{"embeddable":true,"href":"https:\/\/bulaoutdoor.nl\/fr\/wp-json\/wp\/v2\/comments?post=28950"}],"wp:featuredmedia":[{"embeddable":true,"href":"https:\/\/bulaoutdoor.nl\/fr\/wp-json\/wp\/v2\/media\/30944"}],"wp:attachment":[{"href":"https:\/\/bulaoutdoor.nl\/fr\/wp-json\/wp\/v2\/media?parent=28950"}],"wp:term":[{"taxonomy":"product_brand","embeddable":true,"href":"https:\/\/bulaoutdoor.nl\/fr\/wp-json\/wp\/v2\/product_brand?post=28950"},{"taxonomy":"product_cat","embeddable":true,"href":"https:\/\/bulaoutdoor.nl\/fr\/wp-json\/wp\/v2\/product_cat?post=28950"},{"taxonomy":"product_tag","embeddable":true,"href":"https:\/\/bulaoutdoor.nl\/fr\/wp-json\/wp\/v2\/product_tag?post=28950"}],"curies":[{"name":"wp","href":"https:\/\/api.w.org\/{rel}","templated":true}]}}