{"id":29572,"date":"2023-05-31T20:23:56","date_gmt":"2023-05-31T20:23:56","guid":{"rendered":"https:\/\/www.bulaoutdoor.nl\/?post_type=product&#038;p=29572"},"modified":"2023-05-31T20:38:17","modified_gmt":"2023-05-31T20:38:17","slug":"alfa-forni-moderno-2-pizze-four-a-pizza-a-bois","status":"publish","type":"product","link":"https:\/\/bulaoutdoor.nl\/fr\/product\/alfa-forni-moderno-2-pizze-hout-pizzaoven\/","title":{"rendered":"Four \u00e0 pizza \u00e0 bois Alfa Forni Moderno 2 Pizze"},"content":{"rendered":"<h2>Four \u00e0 pizza \u00e0 bois Alfa Forni Moderno 2 Pizze<\/h2>\n<p>Un four \u00e0 pizza d'ext\u00e9rieur puissant et au design haut de gamme qui am\u00e9liorera votre exp\u00e9rience de la cuisine en plein air.<\/p>\n<p>Le design fonctionnel et l'attention port\u00e9e aux d\u00e9tails, combin\u00e9s \u00e0 la meilleure technologie Alfa, font du 2 Pizzeoven un four \u00e0 bois exceptionnellement puissant qui s'int\u00e8gre parfaitement dans les cuisines d'ext\u00e9rieur les plus modernes.<\/p>\n<p>Avec sa taille compacte et sa facilit\u00e9 d'utilisation, il est id\u00e9al si vous disposez d'un espace limit\u00e9 sur votre balcon, votre terrasse ou dans votre jardin, mais que vous souhaitez profiter de la cuisine en plein air.<\/p>\n<p>Le four 2 Pizze chauffe rapidement et est pr\u00eat \u00e0 l'emploi en un rien de temps, vous permettant de cr\u00e9er de nombreuses recettes pour recevoir et surprendre vos meilleurs amis avec une pizza aussi d\u00e9licieuse que dans une pizzeria.<\/p>\n<p>Le d\u00f4me en acier inoxydable et l'isolation en fibres c\u00e9ramiques, combin\u00e9s \u00e0 la sole r\u00e9fractaire, garantissent des performances de cuisson \u00e9lev\u00e9es et des r\u00e9sultats parfaits \u00e0 chaque fois.<\/p>\n<p><img loading=\"lazy\" decoding=\"async\" class=\"alignnone size-medium wp-image-29573\" src=\"https:\/\/www.bulaoutdoor.nl\/wp-content\/uploads\/2023\/05\/alfa-heat-genius-1-300x241.webp\" alt=\"brique r\u00e9fractaire, carrelage pour four \u00e0 pizza\" width=\"300\" height=\"241\" srcset=\"https:\/\/bulaoutdoor.nl\/wp-content\/uploads\/2023\/05\/alfa-heat-genius-1-300x241.webp 300w, https:\/\/bulaoutdoor.nl\/wp-content\/uploads\/2023\/05\/alfa-heat-genius-1-416x334.webp 416w, https:\/\/bulaoutdoor.nl\/wp-content\/uploads\/2023\/05\/alfa-heat-genius-1.webp 610w\" sizes=\"auto, (max-width: 300px) 100vw, 300px\" \/><\/p>\n<p>1 HeatKeeper\u2122 brique r\u00e9fractaire<br \/>\nEnti\u00e8rement fabriqu\u00e9e dans l'usine Alfa en Italie, la pierre Heat Keeper\u2122 absorbe et stocke la chaleur bien mieux que la pierre de lave ou la pierre c\u00e9ramique utilis\u00e9e dans d'autres fours \u00e0 pizza domestiques.<\/p>\n<p>Gr\u00e2ce \u00e0 la pierre r\u00e9fractaire HeatKeeper\u2122, la sole des fours Alfa cuit rapidement vos pizzas, les rendant croustillantes et parfaitement moelleuses. Des dalles de 3 cm d'\u00e9paisseur avec une isolation suppl\u00e9mentaire en dessous pour conserver la chaleur.<\/p>\n<p><img loading=\"lazy\" decoding=\"async\" class=\"alignnone size-medium wp-image-29574\" src=\"https:\/\/www.bulaoutdoor.nl\/wp-content\/uploads\/2023\/05\/alfa-heat-genius-2-300x241.webp\" alt=\"\" width=\"300\" height=\"241\" srcset=\"https:\/\/bulaoutdoor.nl\/wp-content\/uploads\/2023\/05\/alfa-heat-genius-2-300x241.webp 300w, https:\/\/bulaoutdoor.nl\/wp-content\/uploads\/2023\/05\/alfa-heat-genius-2-416x334.webp 416w, https:\/\/bulaoutdoor.nl\/wp-content\/uploads\/2023\/05\/alfa-heat-genius-2.webp 610w\" sizes=\"auto, (max-width: 300px) 100vw, 300px\" \/><\/p>\n<p>2 Isolation DoubleDown c\u00e9ramique Superwool<br \/>\nCette fibre c\u00e9ramique est deux fois plus r\u00e9sistante \u00e0 la chaleur que la laine de roche couramment utilis\u00e9e dans les fours \u00e0 pizza domestiques.<\/p>\n<p>DoubleDown Ceramic Superwool\u00ae assure un excellent maintien de la temp\u00e9rature pendant la cuisson, emp\u00eache les surfaces lat\u00e9rales de devenir trop chaudes et vous permet de cuire des pizzas de mani\u00e8re \u00e0 ce qu'elles soient toujours parfaitement cuites.<\/p>\n<p><img loading=\"lazy\" decoding=\"async\" class=\"alignnone size-medium wp-image-29575\" src=\"https:\/\/www.bulaoutdoor.nl\/wp-content\/uploads\/2023\/05\/alfa-heat-genius-3-300x241.webp\" alt=\"\" width=\"300\" height=\"241\" srcset=\"https:\/\/bulaoutdoor.nl\/wp-content\/uploads\/2023\/05\/alfa-heat-genius-3-300x241.webp 300w, https:\/\/bulaoutdoor.nl\/wp-content\/uploads\/2023\/05\/alfa-heat-genius-3-416x334.webp 416w, https:\/\/bulaoutdoor.nl\/wp-content\/uploads\/2023\/05\/alfa-heat-genius-3.webp 610w\" sizes=\"auto, (max-width: 300px) 100vw, 300px\" \/><\/p>\n<p>3 Syst\u00e8me brevet\u00e9 d'\u00e9vacuation des fum\u00e9es \u00e0 plein effet et \u00e0 circulation totale\u00ae.<br \/>\nCe syst\u00e8me sp\u00e9cifique optimise la circulation de l'air chaud dans le d\u00f4me, ce qui permet de chauffer encore plus la pierre r\u00e9fractaire et de mieux cuire vos pizzas.<\/p>\n<p>Le syst\u00e8me de chauffage par le haut et par le sol garantit que le four maintient toujours la bonne temp\u00e9rature et cuit parfaitement la base et les garnitures de votre pizza.<\/p>\n<p>2 Pizze est disponible en version \u00e0 bois ou \u00e0 gaz, mais gr\u00e2ce au pratique Kit Hybride, vous pouvez choisir de cuisiner au bois dans le mod\u00e8le \u00e0 gaz, en choisissant le combustible \u00e0 utiliser pour pr\u00e9parer au mieux vos recettes.<\/p>\n<ul>\n<li>Nombre de pizzas : 2<\/li>\n<li>Cuisson du pain : 2 Kg<\/li>\n<li>Temp\u00e9rature maximale : 500\u00b0C<\/li>\n<li>Surface de cuisson : 60 x 50 cm<\/li>\n<li>Poids : 79 Kg<\/li>\n<li>Alimentation : bois ou gaz (hybride avec l'accessoire Hybrid Kit)<\/li>\n<li>Nombre de personnes : 1 \u00e0 18<\/li>\n<li>Disponible : version top, top + base, top + table<\/li>\n<\/ul>\n<p>Visitez notre salle d'exposition \u00e0 Bussum et nous serons heureux de vous parler du four et de ce que vous pouvez pr\u00e9parer avec lui.<\/p>","protected":false},"excerpt":{"rendered":"<p>Alfa Forni Moderno 2 Pizze. Un four \u00e0 bois puissant qui vous permet de pr\u00e9parer de v\u00e9ritables plats italiens pour la famille.<\/p>\n<p>Livraison gratuite aux Pays-Bas et en Europe<\/p>","protected":false},"featured_media":29579,"comment_status":"open","ping_status":"closed","template":"","meta":{"_acf_changed":false},"product_brand":[],"product_cat":[1283],"product_tag":[1291,90,195,48,61,1290],"class_list":{"0":"post-29572","1":"product","2":"type-product","3":"status-publish","4":"has-post-thumbnail","6":"product_cat-moderno-lijn","7":"product_tag-2-pizze","8":"product_tag-alfa","9":"product_tag-alfa-forni","10":"product_tag-oven","11":"product_tag-pizzaoven","12":"product_tag-pizze","14":"first","15":"instock","16":"taxable","17":"shipping-taxable","18":"purchasable","19":"product-type-variable"},"acf":[],"yoast_head":"<!-- This site is optimized with the Yoast SEO plugin v27.4 - https:\/\/yoast.com\/product\/yoast-seo-wordpress\/ -->\n<title>Alfa Forni Moderno 2 Pizze Hout Pizzaoven &#8211; Bula Outdoor<\/title>\n<meta name=\"robots\" content=\"index, follow, max-snippet:-1, max-image-preview:large, max-video-preview:-1\" \/>\n<link rel=\"canonical\" href=\"https:\/\/bulaoutdoor.nl\/fr\/produit\/alfa-forni-moderno-2-pizze-four-a-pizza-a-bois\/\" \/>\n<meta property=\"og:locale\" content=\"fr_FR\" \/>\n<meta property=\"og:type\" content=\"article\" \/>\n<meta property=\"og:title\" content=\"Alfa Forni Moderno 2 Pizze Hout Pizzaoven &#8211; Bula Outdoor\" \/>\n<meta property=\"og:description\" content=\"Alfa Forni Moderno 2 Pizze. Een krachtige houtoven waarmee je echte Italiaanse gerechten maakt voor de familie.  Gratis levering in NL\/BE\" \/>\n<meta property=\"og:url\" content=\"https:\/\/bulaoutdoor.nl\/fr\/produit\/alfa-forni-moderno-2-pizze-four-a-pizza-a-bois\/\" \/>\n<meta property=\"og:site_name\" content=\"Bula Outdoor\" \/>\n<meta property=\"article:modified_time\" content=\"2023-05-31T20:38:17+00:00\" \/>\n<meta property=\"og:image\" content=\"https:\/\/bulaoutdoor.nl\/wp-content\/uploads\/2023\/05\/Moderno-2-Pizze_rosso_legna_frontale.90.jpg\" \/>\n\t<meta property=\"og:image:width\" content=\"2500\" \/>\n\t<meta property=\"og:image:height\" content=\"1758\" \/>\n\t<meta property=\"og:image:type\" content=\"image\/jpeg\" \/>\n<meta name=\"twitter:card\" content=\"summary_large_image\" \/>\n<meta name=\"twitter:label1\" content=\"Dur\u00e9e de lecture estim\u00e9e\" \/>\n\t<meta name=\"twitter:data1\" content=\"3 minutes\" \/>\n<script type=\"application\/ld+json\" class=\"yoast-schema-graph\">{\"@context\":\"https:\\\/\\\/schema.org\",\"@graph\":[{\"@type\":\"WebPage\",\"@id\":\"https:\\\/\\\/bulaoutdoor.nl\\\/product\\\/alfa-forni-moderno-2-pizze-hout-pizzaoven\\\/\",\"url\":\"https:\\\/\\\/bulaoutdoor.nl\\\/product\\\/alfa-forni-moderno-2-pizze-hout-pizzaoven\\\/\",\"name\":\"Alfa Forni Moderno 2 Pizze Hout Pizzaoven &#8211; Bula Outdoor\",\"isPartOf\":{\"@id\":\"https:\\\/\\\/bulaoutdoor.nl\\\/#website\"},\"primaryImageOfPage\":{\"@id\":\"https:\\\/\\\/bulaoutdoor.nl\\\/product\\\/alfa-forni-moderno-2-pizze-hout-pizzaoven\\\/#primaryimage\"},\"image\":{\"@id\":\"https:\\\/\\\/bulaoutdoor.nl\\\/product\\\/alfa-forni-moderno-2-pizze-hout-pizzaoven\\\/#primaryimage\"},\"thumbnailUrl\":\"https:\\\/\\\/bulaoutdoor.nl\\\/wp-content\\\/uploads\\\/2023\\\/05\\\/Moderno-2-Pizze_rosso_legna_frontale.90.jpg\",\"datePublished\":\"2023-05-31T20:23:56+00:00\",\"dateModified\":\"2023-05-31T20:38:17+00:00\",\"breadcrumb\":{\"@id\":\"https:\\\/\\\/bulaoutdoor.nl\\\/product\\\/alfa-forni-moderno-2-pizze-hout-pizzaoven\\\/#breadcrumb\"},\"inLanguage\":\"fr-FR\",\"potentialAction\":[{\"@type\":\"ReadAction\",\"target\":[\"https:\\\/\\\/bulaoutdoor.nl\\\/product\\\/alfa-forni-moderno-2-pizze-hout-pizzaoven\\\/\"]}]},{\"@type\":\"ImageObject\",\"inLanguage\":\"fr-FR\",\"@id\":\"https:\\\/\\\/bulaoutdoor.nl\\\/product\\\/alfa-forni-moderno-2-pizze-hout-pizzaoven\\\/#primaryimage\",\"url\":\"https:\\\/\\\/bulaoutdoor.nl\\\/wp-content\\\/uploads\\\/2023\\\/05\\\/Moderno-2-Pizze_rosso_legna_frontale.90.jpg\",\"contentUrl\":\"https:\\\/\\\/bulaoutdoor.nl\\\/wp-content\\\/uploads\\\/2023\\\/05\\\/Moderno-2-Pizze_rosso_legna_frontale.90.jpg\",\"width\":2500,\"height\":1758,\"caption\":\"2 Pizze Alfa Forni\"},{\"@type\":\"BreadcrumbList\",\"@id\":\"https:\\\/\\\/bulaoutdoor.nl\\\/product\\\/alfa-forni-moderno-2-pizze-hout-pizzaoven\\\/#breadcrumb\",\"itemListElement\":[{\"@type\":\"ListItem\",\"position\":1,\"name\":\"Home\",\"item\":\"https:\\\/\\\/bulaoutdoor.nl\\\/\"},{\"@type\":\"ListItem\",\"position\":2,\"name\":\"Online BBQ kopen\",\"item\":\"https:\\\/\\\/bulaoutdoor.nl\\\/\"},{\"@type\":\"ListItem\",\"position\":3,\"name\":\"Alfa Forni Moderno 2 Pizze Hout Pizzaoven\"}]},{\"@type\":\"WebSite\",\"@id\":\"https:\\\/\\\/bulaoutdoor.nl\\\/#website\",\"url\":\"https:\\\/\\\/bulaoutdoor.nl\\\/\",\"name\":\"Bula Outdoor\",\"description\":\"Voor uw buitenhaard, BBQ, tuinfakkel en houtoven\",\"publisher\":{\"@id\":\"https:\\\/\\\/bulaoutdoor.nl\\\/#organization\"},\"potentialAction\":[{\"@type\":\"SearchAction\",\"target\":{\"@type\":\"EntryPoint\",\"urlTemplate\":\"https:\\\/\\\/bulaoutdoor.nl\\\/?s={search_term_string}\"},\"query-input\":{\"@type\":\"PropertyValueSpecification\",\"valueRequired\":true,\"valueName\":\"search_term_string\"}}],\"inLanguage\":\"fr-FR\"},{\"@type\":\"Organization\",\"@id\":\"https:\\\/\\\/bulaoutdoor.nl\\\/#organization\",\"name\":\"Bula Outdoor\",\"url\":\"https:\\\/\\\/bulaoutdoor.nl\\\/\",\"logo\":{\"@type\":\"ImageObject\",\"inLanguage\":\"fr-FR\",\"@id\":\"https:\\\/\\\/bulaoutdoor.nl\\\/#\\\/schema\\\/logo\\\/image\\\/\",\"url\":\"https:\\\/\\\/www.bulaoutdoor.nl\\\/wp-content\\\/uploads\\\/2018\\\/04\\\/bulaoutdoor-logo.png\",\"contentUrl\":\"https:\\\/\\\/www.bulaoutdoor.nl\\\/wp-content\\\/uploads\\\/2018\\\/04\\\/bulaoutdoor-logo.png\",\"width\":324,\"height\":91,\"caption\":\"Bula Outdoor\"},\"image\":{\"@id\":\"https:\\\/\\\/bulaoutdoor.nl\\\/#\\\/schema\\\/logo\\\/image\\\/\"}}]}<\/script>\n<!-- \/ Yoast SEO plugin. -->","yoast_head_json":{"title":"Four \u00e0 pizza \u00e0 bois Alfa Forni Moderno 2 Pizze - Bula Outdoor","robots":{"index":"index","follow":"follow","max-snippet":"max-snippet:-1","max-image-preview":"max-image-preview:large","max-video-preview":"max-video-preview:-1"},"canonical":"https:\/\/bulaoutdoor.nl\/fr\/produit\/alfa-forni-moderno-2-pizze-four-a-pizza-a-bois\/","og_locale":"fr_FR","og_type":"article","og_title":"Alfa Forni Moderno 2 Pizze Hout Pizzaoven &#8211; Bula Outdoor","og_description":"Alfa Forni Moderno 2 Pizze. Een krachtige houtoven waarmee je echte Italiaanse gerechten maakt voor de familie.  Gratis levering in NL\/BE","og_url":"https:\/\/bulaoutdoor.nl\/fr\/produit\/alfa-forni-moderno-2-pizze-four-a-pizza-a-bois\/","og_site_name":"Bula Outdoor","article_modified_time":"2023-05-31T20:38:17+00:00","og_image":[{"width":2500,"height":1758,"url":"https:\/\/bulaoutdoor.nl\/wp-content\/uploads\/2023\/05\/Moderno-2-Pizze_rosso_legna_frontale.90.jpg","type":"image\/jpeg"}],"twitter_card":"summary_large_image","twitter_misc":{"Dur\u00e9e de lecture estim\u00e9e":"3 minutes"},"schema":{"@context":"https:\/\/schema.org","@graph":[{"@type":"WebPage","@id":"https:\/\/bulaoutdoor.nl\/product\/alfa-forni-moderno-2-pizze-hout-pizzaoven\/","url":"https:\/\/bulaoutdoor.nl\/product\/alfa-forni-moderno-2-pizze-hout-pizzaoven\/","name":"Four \u00e0 pizza \u00e0 bois Alfa Forni Moderno 2 Pizze - Bula Outdoor","isPartOf":{"@id":"https:\/\/bulaoutdoor.nl\/#website"},"primaryImageOfPage":{"@id":"https:\/\/bulaoutdoor.nl\/product\/alfa-forni-moderno-2-pizze-hout-pizzaoven\/#primaryimage"},"image":{"@id":"https:\/\/bulaoutdoor.nl\/product\/alfa-forni-moderno-2-pizze-hout-pizzaoven\/#primaryimage"},"thumbnailUrl":"https:\/\/bulaoutdoor.nl\/wp-content\/uploads\/2023\/05\/Moderno-2-Pizze_rosso_legna_frontale.90.jpg","datePublished":"2023-05-31T20:23:56+00:00","dateModified":"2023-05-31T20:38:17+00:00","breadcrumb":{"@id":"https:\/\/bulaoutdoor.nl\/product\/alfa-forni-moderno-2-pizze-hout-pizzaoven\/#breadcrumb"},"inLanguage":"fr-FR","potentialAction":[{"@type":"ReadAction","target":["https:\/\/bulaoutdoor.nl\/product\/alfa-forni-moderno-2-pizze-hout-pizzaoven\/"]}]},{"@type":"ImageObject","inLanguage":"fr-FR","@id":"https:\/\/bulaoutdoor.nl\/product\/alfa-forni-moderno-2-pizze-hout-pizzaoven\/#primaryimage","url":"https:\/\/bulaoutdoor.nl\/wp-content\/uploads\/2023\/05\/Moderno-2-Pizze_rosso_legna_frontale.90.jpg","contentUrl":"https:\/\/bulaoutdoor.nl\/wp-content\/uploads\/2023\/05\/Moderno-2-Pizze_rosso_legna_frontale.90.jpg","width":2500,"height":1758,"caption":"2 Pizze Alfa Forni"},{"@type":"BreadcrumbList","@id":"https:\/\/bulaoutdoor.nl\/product\/alfa-forni-moderno-2-pizze-hout-pizzaoven\/#breadcrumb","itemListElement":[{"@type":"ListItem","position":1,"name":"Home","item":"https:\/\/bulaoutdoor.nl\/"},{"@type":"ListItem","position":2,"name":"Online BBQ kopen","item":"https:\/\/bulaoutdoor.nl\/"},{"@type":"ListItem","position":3,"name":"Alfa Forni Moderno 2 Pizze Hout Pizzaoven"}]},{"@type":"WebSite","@id":"https:\/\/bulaoutdoor.nl\/#website","url":"https:\/\/bulaoutdoor.nl\/","name":"Bula Outdoor","description":"Pour votre chemin\u00e9e ext\u00e9rieure, votre barbecue, votre torche de jardin et votre four \u00e0 bois","publisher":{"@id":"https:\/\/bulaoutdoor.nl\/#organization"},"potentialAction":[{"@type":"SearchAction","target":{"@type":"EntryPoint","urlTemplate":"https:\/\/bulaoutdoor.nl\/?s={search_term_string}"},"query-input":{"@type":"PropertyValueSpecification","valueRequired":true,"valueName":"search_term_string"}}],"inLanguage":"fr-FR"},{"@type":"Organization","@id":"https:\/\/bulaoutdoor.nl\/#organization","name":"Bula Outdoor","url":"https:\/\/bulaoutdoor.nl\/","logo":{"@type":"ImageObject","inLanguage":"fr-FR","@id":"https:\/\/bulaoutdoor.nl\/#\/schema\/logo\/image\/","url":"https:\/\/www.bulaoutdoor.nl\/wp-content\/uploads\/2018\/04\/bulaoutdoor-logo.png","contentUrl":"https:\/\/www.bulaoutdoor.nl\/wp-content\/uploads\/2018\/04\/bulaoutdoor-logo.png","width":324,"height":91,"caption":"Bula Outdoor"},"image":{"@id":"https:\/\/bulaoutdoor.nl\/#\/schema\/logo\/image\/"}}]}},"jetpack_sharing_enabled":true,"_links":{"self":[{"href":"https:\/\/bulaoutdoor.nl\/fr\/wp-json\/wp\/v2\/product\/29572","targetHints":{"allow":["GET"]}}],"collection":[{"href":"https:\/\/bulaoutdoor.nl\/fr\/wp-json\/wp\/v2\/product"}],"about":[{"href":"https:\/\/bulaoutdoor.nl\/fr\/wp-json\/wp\/v2\/types\/product"}],"replies":[{"embeddable":true,"href":"https:\/\/bulaoutdoor.nl\/fr\/wp-json\/wp\/v2\/comments?post=29572"}],"wp:featuredmedia":[{"embeddable":true,"href":"https:\/\/bulaoutdoor.nl\/fr\/wp-json\/wp\/v2\/media\/29579"}],"wp:attachment":[{"href":"https:\/\/bulaoutdoor.nl\/fr\/wp-json\/wp\/v2\/media?parent=29572"}],"wp:term":[{"taxonomy":"product_brand","embeddable":true,"href":"https:\/\/bulaoutdoor.nl\/fr\/wp-json\/wp\/v2\/product_brand?post=29572"},{"taxonomy":"product_cat","embeddable":true,"href":"https:\/\/bulaoutdoor.nl\/fr\/wp-json\/wp\/v2\/product_cat?post=29572"},{"taxonomy":"product_tag","embeddable":true,"href":"https:\/\/bulaoutdoor.nl\/fr\/wp-json\/wp\/v2\/product_tag?post=29572"}],"curies":[{"name":"wp","href":"https:\/\/api.w.org\/{rel}","templated":true}]}}