{"id":31108,"date":"2023-02-23T15:24:35","date_gmt":"2023-02-23T15:24:35","guid":{"rendered":"https:\/\/www.bulaoutdoor.nl\/product\/jacobus-12-kwadraat-vrijstaand-front\/"},"modified":"2026-04-05T04:50:05","modified_gmt":"2026-04-05T04:50:05","slug":"jacobus-12-square-freestanding-front","status":"publish","type":"product","link":"https:\/\/bulaoutdoor.nl\/fr\/product\/jacobus-12-kwadraat-vrijstaand-front\/","title":{"rendered":"JAcobus 12 Squared freestanding front"},"content":{"rendered":"<h2>JAcobus 12 Squared freestanding front<\/h2>\n<p>Les <a title=\"JAcobus\" href=\"https:\/\/www.haveverwarming.nl\/jacobus\" target=\"_blank\" rel=\"noopener\">JAcobus<\/a> La fa\u00e7ade autoportante 12 Squared est, comme le reste de la <a title=\"Po\u00eales JAcobus\" href=\"https:\/\/www.haveverwarming.nl\/kachels\/jacobus\" target=\"_blank\" rel=\"noopener\">Po\u00eales JAcobus<\/a>Le mod\u00e8le de l'appareil est un mod\u00e8le \u00e9l\u00e9gant qui s'int\u00e9grera parfaitement dans une maison moderne. Vous pr\u00e9f\u00e9rez un aspect plus robuste ? Dans ce cas, vous pouvez choisir d'ajouter un entourage en b\u00e9ton au po\u00eale (voir les suppl\u00e9ments pour le co\u00fbt suppl\u00e9mentaire).<\/p>\n<p>La hauteur du po\u00eale est d\u00e9termin\u00e9e par la base. Celui-ci a une hauteur standard de 90 cm et est disponible dans n'importe quelle taille en tant que solution sur mesure. La base peut donc \u00eatre livr\u00e9e plus large que le po\u00eale pour cr\u00e9er une sorte de plate-forme. En outre, le po\u00eale peut \u00eatre livr\u00e9 aussi bien en version frontale qu'en version transparente. Les possibilit\u00e9s sont infinies avec la gamme Quadrat !&nbsp;<\/p>\n<h3>Centre d'exp\u00e9rience<\/h3>\n<p>Vous n'\u00eates pas encore s\u00fbr de votre choix ? Ou souhaitez-vous voir br\u00fbler des po\u00eales similaires ? Dans ce cas, n'h\u00e9sitez pas \u00e0 visiter notre&nbsp;<a href=\"https:\/\/www.haveverwarming.nl\/experiencecenter\" target=\"_blank\" rel=\"noopener\">Centre d'exp\u00e9rience<\/a> o\u00f9 plusieurs po\u00eales \u00e0 bois sont expos\u00e9s.<\/p>\n<p>T\u00e9l\u00e9chargements de produits<\/p>\n<ul>\n<li><a class=\"download file\" href=\"https:\/\/www.haveverwarming.nl\/amfile\/file\/download\/file\/9199\/product\/1990\/\" target=\"_blank\"><span>Brochure JAcobus 2023<\/span><\/a><\/li>\n<li><a class=\"download file\" href=\"https:\/\/www.haveverwarming.nl\/amfile\/file\/download\/file\/6915\/product\/1990\/\" target=\"_blank\"><span>Dessin au trait JAcobus 12 Squared freestanding front<\/span><\/a><\/li>\n<li><a class=\"download file\" href=\"https:\/\/www.haveverwarming.nl\/amfile\/file\/download\/file\/7718\/product\/1990\/\" target=\"_blank\"><span>Label \u00e9nergie JAcobus Kwadraat 12<\/span><\/a><\/li>\n<li><a class=\"download file\" href=\"https:\/\/www.haveverwarming.nl\/amfile\/file\/download\/file\/7951\/product\/1990\/\" target=\"_blank\"><span>Manuel JAcobus Kwadraat<\/span><\/a><\/li>\n<li><a class=\"download file\" href=\"https:\/\/www.haveverwarming.nl\/productpdf\/download\/file\/id\/1990\/name\/JAcobus_12_Kwadraat_vrijstaand_front.pdf\/\" target=\"_blank\"><span>T\u00e9l\u00e9charger la fiche technique<\/span><\/a><\/li>\n<\/ul>","protected":false},"excerpt":{"rendered":"<p>JAcobus 12 Kwadraat vrijstaand front De JAcobus 12 Kwadraat vrijstaand front is, net zoals de rest van de JAcobus kachels, een strak model dat goed tot zijn recht komt in een moderne woning. Houdt u meer van een robuuste uitstraling? Dan kunt u ervoor kiezen om een betonnen omkleding aan de kachel toe te voegen [&hellip;]<\/p>\n","protected":false},"featured_media":31109,"comment_status":"open","ping_status":"closed","template":"","meta":{"_acf_changed":false},"product_brand":[],"product_cat":[1092],"product_tag":[],"class_list":{"0":"post-31108","1":"product","2":"type-product","3":"status-publish","4":"has-post-thumbnail","6":"product_cat-vrijstaande-houtkachels","8":"first","9":"instock","10":"taxable","11":"shipping-taxable","12":"purchasable","13":"product-type-simple"},"acf":[],"yoast_head":"<!-- This site is optimized with the Yoast SEO plugin v27.3 - https:\/\/yoast.com\/product\/yoast-seo-wordpress\/ -->\n<title>JAcobus 12 Kwadraat vrijstaand front &#8211; Bula Outdoor<\/title>\n<meta name=\"robots\" content=\"index, follow, max-snippet:-1, max-image-preview:large, max-video-preview:-1\" \/>\n<link rel=\"canonical\" href=\"https:\/\/bulaoutdoor.nl\/fr\/produit\/jacobus-12-square-freestanding-front\/\" \/>\n<meta property=\"og:locale\" content=\"fr_FR\" \/>\n<meta property=\"og:type\" content=\"article\" \/>\n<meta property=\"og:title\" content=\"JAcobus 12 Kwadraat vrijstaand front &#8211; Bula Outdoor\" \/>\n<meta property=\"og:description\" content=\"JAcobus 12 Kwadraat vrijstaand front De JAcobus 12 Kwadraat vrijstaand front is, net zoals de rest van de JAcobus kachels, een strak model dat goed tot zijn recht komt in een moderne woning. Houdt u meer van een robuuste uitstraling? Dan kunt u ervoor kiezen om een betonnen omkleding aan de kachel toe te voegen [&hellip;]\" \/>\n<meta property=\"og:url\" content=\"https:\/\/bulaoutdoor.nl\/fr\/produit\/jacobus-12-square-freestanding-front\/\" \/>\n<meta property=\"og:site_name\" content=\"Bula Outdoor\" \/>\n<meta property=\"article:modified_time\" content=\"2026-04-05T04:50:05+00:00\" \/>\n<meta property=\"og:image\" content=\"https:\/\/bulaoutdoor.nl\/wp-content\/uploads\/2023\/02\/jacobus12_kwadraat_vrijstaand-2.jpg\" \/>\n\t<meta property=\"og:image:width\" content=\"1200\" \/>\n\t<meta property=\"og:image:height\" content=\"1200\" \/>\n\t<meta property=\"og:image:type\" content=\"image\/jpeg\" \/>\n<meta name=\"twitter:card\" content=\"summary_large_image\" \/>\n<meta name=\"twitter:label1\" content=\"Dur\u00e9e de lecture estim\u00e9e\" \/>\n\t<meta name=\"twitter:data1\" content=\"1 minute\" \/>\n<script type=\"application\/ld+json\" class=\"yoast-schema-graph\">{\"@context\":\"https:\\\/\\\/schema.org\",\"@graph\":[{\"@type\":\"WebPage\",\"@id\":\"https:\\\/\\\/bulaoutdoor.nl\\\/product\\\/jacobus-12-kwadraat-vrijstaand-front\\\/\",\"url\":\"https:\\\/\\\/bulaoutdoor.nl\\\/product\\\/jacobus-12-kwadraat-vrijstaand-front\\\/\",\"name\":\"JAcobus 12 Kwadraat vrijstaand front &#8211; Bula Outdoor\",\"isPartOf\":{\"@id\":\"https:\\\/\\\/bulaoutdoor.nl\\\/#website\"},\"primaryImageOfPage\":{\"@id\":\"https:\\\/\\\/bulaoutdoor.nl\\\/product\\\/jacobus-12-kwadraat-vrijstaand-front\\\/#primaryimage\"},\"image\":{\"@id\":\"https:\\\/\\\/bulaoutdoor.nl\\\/product\\\/jacobus-12-kwadraat-vrijstaand-front\\\/#primaryimage\"},\"thumbnailUrl\":\"https:\\\/\\\/bulaoutdoor.nl\\\/wp-content\\\/uploads\\\/2023\\\/02\\\/jacobus12_kwadraat_vrijstaand-2.jpg\",\"datePublished\":\"2023-02-23T15:24:35+00:00\",\"dateModified\":\"2026-04-05T04:50:05+00:00\",\"breadcrumb\":{\"@id\":\"https:\\\/\\\/bulaoutdoor.nl\\\/product\\\/jacobus-12-kwadraat-vrijstaand-front\\\/#breadcrumb\"},\"inLanguage\":\"fr-FR\",\"potentialAction\":[{\"@type\":\"ReadAction\",\"target\":[\"https:\\\/\\\/bulaoutdoor.nl\\\/product\\\/jacobus-12-kwadraat-vrijstaand-front\\\/\"]}]},{\"@type\":\"ImageObject\",\"inLanguage\":\"fr-FR\",\"@id\":\"https:\\\/\\\/bulaoutdoor.nl\\\/product\\\/jacobus-12-kwadraat-vrijstaand-front\\\/#primaryimage\",\"url\":\"https:\\\/\\\/bulaoutdoor.nl\\\/wp-content\\\/uploads\\\/2023\\\/02\\\/jacobus12_kwadraat_vrijstaand-2.jpg\",\"contentUrl\":\"https:\\\/\\\/bulaoutdoor.nl\\\/wp-content\\\/uploads\\\/2023\\\/02\\\/jacobus12_kwadraat_vrijstaand-2.jpg\",\"width\":1200,\"height\":1200,\"caption\":\"jacobus-12-kwadraat-vrijstaand-front-thumbnail\"},{\"@type\":\"BreadcrumbList\",\"@id\":\"https:\\\/\\\/bulaoutdoor.nl\\\/product\\\/jacobus-12-kwadraat-vrijstaand-front\\\/#breadcrumb\",\"itemListElement\":[{\"@type\":\"ListItem\",\"position\":1,\"name\":\"Home\",\"item\":\"https:\\\/\\\/bulaoutdoor.nl\\\/\"},{\"@type\":\"ListItem\",\"position\":2,\"name\":\"Online BBQ kopen\",\"item\":\"https:\\\/\\\/bulaoutdoor.nl\\\/\"},{\"@type\":\"ListItem\",\"position\":3,\"name\":\"JAcobus 12 Kwadraat vrijstaand front\"}]},{\"@type\":\"WebSite\",\"@id\":\"https:\\\/\\\/bulaoutdoor.nl\\\/#website\",\"url\":\"https:\\\/\\\/bulaoutdoor.nl\\\/\",\"name\":\"Bula Outdoor\",\"description\":\"Voor uw buitenhaard, BBQ, tuinfakkel en houtoven\",\"publisher\":{\"@id\":\"https:\\\/\\\/bulaoutdoor.nl\\\/#organization\"},\"potentialAction\":[{\"@type\":\"SearchAction\",\"target\":{\"@type\":\"EntryPoint\",\"urlTemplate\":\"https:\\\/\\\/bulaoutdoor.nl\\\/?s={search_term_string}\"},\"query-input\":{\"@type\":\"PropertyValueSpecification\",\"valueRequired\":true,\"valueName\":\"search_term_string\"}}],\"inLanguage\":\"fr-FR\"},{\"@type\":\"Organization\",\"@id\":\"https:\\\/\\\/bulaoutdoor.nl\\\/#organization\",\"name\":\"Bula Outdoor\",\"url\":\"https:\\\/\\\/bulaoutdoor.nl\\\/\",\"logo\":{\"@type\":\"ImageObject\",\"inLanguage\":\"fr-FR\",\"@id\":\"https:\\\/\\\/bulaoutdoor.nl\\\/#\\\/schema\\\/logo\\\/image\\\/\",\"url\":\"https:\\\/\\\/www.bulaoutdoor.nl\\\/wp-content\\\/uploads\\\/2018\\\/04\\\/bulaoutdoor-logo.png\",\"contentUrl\":\"https:\\\/\\\/www.bulaoutdoor.nl\\\/wp-content\\\/uploads\\\/2018\\\/04\\\/bulaoutdoor-logo.png\",\"width\":324,\"height\":91,\"caption\":\"Bula Outdoor\"},\"image\":{\"@id\":\"https:\\\/\\\/bulaoutdoor.nl\\\/#\\\/schema\\\/logo\\\/image\\\/\"}}]}<\/script>\n<!-- \/ Yoast SEO plugin. -->","yoast_head_json":{"title":"JAcobus 12 Squared freestanding front - Bula Outdoor","robots":{"index":"index","follow":"follow","max-snippet":"max-snippet:-1","max-image-preview":"max-image-preview:large","max-video-preview":"max-video-preview:-1"},"canonical":"https:\/\/bulaoutdoor.nl\/fr\/produit\/jacobus-12-square-freestanding-front\/","og_locale":"fr_FR","og_type":"article","og_title":"JAcobus 12 Kwadraat vrijstaand front &#8211; Bula Outdoor","og_description":"JAcobus 12 Kwadraat vrijstaand front De JAcobus 12 Kwadraat vrijstaand front is, net zoals de rest van de JAcobus kachels, een strak model dat goed tot zijn recht komt in een moderne woning. Houdt u meer van een robuuste uitstraling? Dan kunt u ervoor kiezen om een betonnen omkleding aan de kachel toe te voegen [&hellip;]","og_url":"https:\/\/bulaoutdoor.nl\/fr\/produit\/jacobus-12-square-freestanding-front\/","og_site_name":"Bula Outdoor","article_modified_time":"2026-04-05T04:50:05+00:00","og_image":[{"width":1200,"height":1200,"url":"https:\/\/bulaoutdoor.nl\/wp-content\/uploads\/2023\/02\/jacobus12_kwadraat_vrijstaand-2.jpg","type":"image\/jpeg"}],"twitter_card":"summary_large_image","twitter_misc":{"Dur\u00e9e de lecture estim\u00e9e":"1 minute"},"schema":{"@context":"https:\/\/schema.org","@graph":[{"@type":"WebPage","@id":"https:\/\/bulaoutdoor.nl\/product\/jacobus-12-kwadraat-vrijstaand-front\/","url":"https:\/\/bulaoutdoor.nl\/product\/jacobus-12-kwadraat-vrijstaand-front\/","name":"JAcobus 12 Squared freestanding front - Bula Outdoor","isPartOf":{"@id":"https:\/\/bulaoutdoor.nl\/#website"},"primaryImageOfPage":{"@id":"https:\/\/bulaoutdoor.nl\/product\/jacobus-12-kwadraat-vrijstaand-front\/#primaryimage"},"image":{"@id":"https:\/\/bulaoutdoor.nl\/product\/jacobus-12-kwadraat-vrijstaand-front\/#primaryimage"},"thumbnailUrl":"https:\/\/bulaoutdoor.nl\/wp-content\/uploads\/2023\/02\/jacobus12_kwadraat_vrijstaand-2.jpg","datePublished":"2023-02-23T15:24:35+00:00","dateModified":"2026-04-05T04:50:05+00:00","breadcrumb":{"@id":"https:\/\/bulaoutdoor.nl\/product\/jacobus-12-kwadraat-vrijstaand-front\/#breadcrumb"},"inLanguage":"fr-FR","potentialAction":[{"@type":"ReadAction","target":["https:\/\/bulaoutdoor.nl\/product\/jacobus-12-kwadraat-vrijstaand-front\/"]}]},{"@type":"ImageObject","inLanguage":"fr-FR","@id":"https:\/\/bulaoutdoor.nl\/product\/jacobus-12-kwadraat-vrijstaand-front\/#primaryimage","url":"https:\/\/bulaoutdoor.nl\/wp-content\/uploads\/2023\/02\/jacobus12_kwadraat_vrijstaand-2.jpg","contentUrl":"https:\/\/bulaoutdoor.nl\/wp-content\/uploads\/2023\/02\/jacobus12_kwadraat_vrijstaand-2.jpg","width":1200,"height":1200,"caption":"jacobus-12-kwadraat-vrijstaand-front-thumbnail"},{"@type":"BreadcrumbList","@id":"https:\/\/bulaoutdoor.nl\/product\/jacobus-12-kwadraat-vrijstaand-front\/#breadcrumb","itemListElement":[{"@type":"ListItem","position":1,"name":"Home","item":"https:\/\/bulaoutdoor.nl\/"},{"@type":"ListItem","position":2,"name":"Online BBQ kopen","item":"https:\/\/bulaoutdoor.nl\/"},{"@type":"ListItem","position":3,"name":"JAcobus 12 Kwadraat vrijstaand front"}]},{"@type":"WebSite","@id":"https:\/\/bulaoutdoor.nl\/#website","url":"https:\/\/bulaoutdoor.nl\/","name":"Bula Outdoor","description":"Pour votre chemin\u00e9e ext\u00e9rieure, votre barbecue, votre torche de jardin et votre four \u00e0 bois","publisher":{"@id":"https:\/\/bulaoutdoor.nl\/#organization"},"potentialAction":[{"@type":"SearchAction","target":{"@type":"EntryPoint","urlTemplate":"https:\/\/bulaoutdoor.nl\/?s={search_term_string}"},"query-input":{"@type":"PropertyValueSpecification","valueRequired":true,"valueName":"search_term_string"}}],"inLanguage":"fr-FR"},{"@type":"Organization","@id":"https:\/\/bulaoutdoor.nl\/#organization","name":"Bula Outdoor","url":"https:\/\/bulaoutdoor.nl\/","logo":{"@type":"ImageObject","inLanguage":"fr-FR","@id":"https:\/\/bulaoutdoor.nl\/#\/schema\/logo\/image\/","url":"https:\/\/www.bulaoutdoor.nl\/wp-content\/uploads\/2018\/04\/bulaoutdoor-logo.png","contentUrl":"https:\/\/www.bulaoutdoor.nl\/wp-content\/uploads\/2018\/04\/bulaoutdoor-logo.png","width":324,"height":91,"caption":"Bula Outdoor"},"image":{"@id":"https:\/\/bulaoutdoor.nl\/#\/schema\/logo\/image\/"}}]}},"jetpack_sharing_enabled":true,"_links":{"self":[{"href":"https:\/\/bulaoutdoor.nl\/fr\/wp-json\/wp\/v2\/product\/31108","targetHints":{"allow":["GET"]}}],"collection":[{"href":"https:\/\/bulaoutdoor.nl\/fr\/wp-json\/wp\/v2\/product"}],"about":[{"href":"https:\/\/bulaoutdoor.nl\/fr\/wp-json\/wp\/v2\/types\/product"}],"replies":[{"embeddable":true,"href":"https:\/\/bulaoutdoor.nl\/fr\/wp-json\/wp\/v2\/comments?post=31108"}],"wp:featuredmedia":[{"embeddable":true,"href":"https:\/\/bulaoutdoor.nl\/fr\/wp-json\/wp\/v2\/media\/31109"}],"wp:attachment":[{"href":"https:\/\/bulaoutdoor.nl\/fr\/wp-json\/wp\/v2\/media?parent=31108"}],"wp:term":[{"taxonomy":"product_brand","embeddable":true,"href":"https:\/\/bulaoutdoor.nl\/fr\/wp-json\/wp\/v2\/product_brand?post=31108"},{"taxonomy":"product_cat","embeddable":true,"href":"https:\/\/bulaoutdoor.nl\/fr\/wp-json\/wp\/v2\/product_cat?post=31108"},{"taxonomy":"product_tag","embeddable":true,"href":"https:\/\/bulaoutdoor.nl\/fr\/wp-json\/wp\/v2\/product_tag?post=31108"}],"curies":[{"name":"wp","href":"https:\/\/api.w.org\/{rel}","templated":true}]}}