{"id":31200,"date":"2023-06-22T09:10:01","date_gmt":"2023-06-22T09:10:01","guid":{"rendered":"https:\/\/www.bulaoutdoor.nl\/product\/wanders-linde\/"},"modified":"2026-04-05T04:50:13","modified_gmt":"2026-04-05T04:50:13","slug":"marcheur-linden","status":"publish","type":"product","link":"https:\/\/bulaoutdoor.nl\/fr\/product\/wanders-linde\/","title":{"rendered":"Wanders Linde"},"content":{"rendered":"<p data-start=\"103\" data-end=\"417\"><span class=\"BZ_Pyq_fadeIn\">Les <\/span><span class=\"BZ_Pyq_fadeIn\">Linde <\/span><span class=\"BZ_Pyq_fadeIn\">\u00c9tat <\/span><span class=\"BZ_Pyq_fadeIn\">ferme, <\/span><span class=\"BZ_Pyq_fadeIn\">offres <\/span><span class=\"BZ_Pyq_fadeIn\">a <\/span><span class=\"BZ_Pyq_fadeIn\">agr\u00e9able <\/span><span class=\"BZ_Pyq_fadeIn\">feu de chemin\u00e9e <\/span><span class=\"BZ_Pyq_fadeIn\">et <\/span><span class=\"BZ_Pyq_fadeIn\">a <\/span><span class=\"BZ_Pyq_fadeIn\">\u00e0 propos de <\/span><span class=\"BZ_Pyq_fadeIn\">pratique <\/span><span class=\"BZ_Pyq_fadeIn\">espace <\/span><span class=\"BZ_Pyq_fadeIn\">pour <\/span><span class=\"BZ_Pyq_fadeIn\">le stockage du bois. <\/span><span class=\"BZ_Pyq_fadeIn\">Cela <\/span><span class=\"BZ_Pyq_fadeIn\">est <\/span><span class=\"BZ_Pyq_fadeIn\">\u00e0 <\/span><span class=\"BZ_Pyq_fadeIn\">beaucoup <\/span><span class=\"BZ_Pyq_fadeIn\">tomb\u00e9 <\/span><span class=\"BZ_Pyq_fadeIn\">al <\/span><span class=\"BZ_Pyq_fadeIn\">important <\/span><span class=\"BZ_Pyq_fadeIn\">suffisante. <\/span><span class=\"BZ_Pyq_fadeIn\">Encore <\/span><span class=\"BZ_Pyq_fadeIn\">est <\/span><span class=\"BZ_Pyq_fadeIn\">les <\/span><span class=\"BZ_Pyq_fadeIn\">Linde <\/span><span class=\"BZ_Pyq_fadeIn\">pr\u00e9vu <\/span><span class=\"BZ_Pyq_fadeIn\">de <\/span><span class=\"BZ_Pyq_fadeIn\">unique <\/span><span class=\"BZ_Pyq_fadeIn\">belle <\/span><span class=\"BZ_Pyq_fadeIn\">d\u00e9tails <\/span><span class=\"BZ_Pyq_fadeIn\">Ceux-ci <\/span><span class=\"BZ_Pyq_fadeIn\">les <\/span><span class=\"BZ_Pyq_fadeIn\">conception <\/span><span class=\"BZ_Pyq_fadeIn\">juste <\/span><span class=\"BZ_Pyq_fadeIn\">que <\/span><span class=\"BZ_Pyq_fadeIn\">distinctif <\/span><span class=\"BZ_Pyq_fadeIn\">caract\u00e8re <\/span><span class=\"BZ_Pyq_fadeIn\">donner. <\/span><span class=\"BZ_Pyq_fadeIn\">\u00c9ventuellement <\/span><span class=\"BZ_Pyq_fadeIn\">reste <\/span><span class=\"BZ_Pyq_fadeIn\">les <\/span><span class=\"BZ_Pyq_fadeIn\">a <\/span><span class=\"BZ_Pyq_fadeIn\">facile <\/span><span class=\"BZ_Pyq_fadeIn\">et <\/span><span class=\"BZ_Pyq_fadeIn\">agr\u00e9able <\/span><span class=\"BZ_Pyq_fadeIn\">po\u00eale \u00e0 bois.<\/span><\/p>\n<p data-start=\"419\" data-end=\"710\" data-is-last-node=\"\" data-is-only-node=\"\"><span class=\"BZ_Pyq_fadeIn\">Mourir <\/span><span class=\"BZ_Pyq_fadeIn\">simplicit\u00e9 <\/span><span class=\"BZ_Pyq_fadeIn\">voir <\/span><span class=\"BZ_Pyq_fadeIn\">u <\/span><span class=\"BZ_Pyq_fadeIn\">\u00e9galement <\/span><span class=\"BZ_Pyq_fadeIn\">retour <\/span><span class=\"BZ_Pyq_fadeIn\">\u00e0 <\/span><span class=\"BZ_Pyq_fadeIn\">les <\/span><span class=\"BZ_Pyq_fadeIn\">prix. <\/span><span class=\"BZ_Pyq_fadeIn\">Les <\/span><span class=\"BZ_Pyq_fadeIn\">Linde <\/span><span class=\"BZ_Pyq_fadeIn\">est <\/span><span class=\"BZ_Pyq_fadeIn\">amicale <\/span><span class=\"BZ_Pyq_fadeIn\">prix, <\/span><span class=\"BZ_Pyq_fadeIn\">alors que <\/span><span class=\"BZ_Pyq_fadeIn\">il <\/span><span class=\"BZ_Pyq_fadeIn\">\u00e0 <\/span><span class=\"BZ_Pyq_fadeIn\">tous <\/span><span class=\"BZ_Pyq_fadeIn\">important <\/span><span class=\"BZ_Pyq_fadeIn\">attentes <\/span><span class=\"BZ_Pyq_fadeIn\">satisfait. <\/span><span class=\"BZ_Pyq_fadeIn\">\u00c9ventuellement <\/span><span class=\"BZ_Pyq_fadeIn\">va <\/span><span class=\"BZ_Pyq_fadeIn\">les <\/span><span class=\"BZ_Pyq_fadeIn\">\u00e0 <\/span><span class=\"BZ_Pyq_fadeIn\">o\u00f9 <\/span><span class=\"BZ_Pyq_fadeIn\">les <\/span><span class=\"BZ_Pyq_fadeIn\">vraiment <\/span><span class=\"BZ_Pyq_fadeIn\">\u00e0 <\/span><span class=\"BZ_Pyq_fadeIn\">tours : <\/span><span class=\"BZ_Pyq_fadeIn\">confortable <\/span><span class=\"BZ_Pyq_fadeIn\">stokage <\/span><span class=\"BZ_Pyq_fadeIn\">sans <\/span><span class=\"BZ_Pyq_fadeIn\">redondant <\/span><span class=\"BZ_Pyq_fadeIn\">extras. <\/span><span class=\"BZ_Pyq_fadeIn\">Avec <\/span><span class=\"BZ_Pyq_fadeIn\">les <\/span><span class=\"BZ_Pyq_fadeIn\">Linde <\/span><span class=\"BZ_Pyq_fadeIn\">choisit <\/span><span class=\"BZ_Pyq_fadeIn\">u <\/span><span class=\"BZ_Pyq_fadeIn\">pour <\/span><span class=\"BZ_Pyq_fadeIn\">a <\/span><span class=\"BZ_Pyq_fadeIn\">pratique <\/span><span class=\"BZ_Pyq_fadeIn\">et <\/span><span class=\"BZ_Pyq_fadeIn\">fiable <\/span><span class=\"BZ_Pyq_fadeIn\">po\u00eale \u00e0 bois.<\/span><\/p>\n<p>T\u00e9l\u00e9chargements de produits<\/p>\n<ul>\n<li><a class=\"download file\" href=\"https:\/\/www.haveverwarming.nl\/amfile\/file\/download\/file\/9167\/product\/2047\/\" target=\"_blank\"><span>Brochure Wanders Bois et Gaz 2025<\/span><\/a><\/li>\n<li><a class=\"download file\" href=\"https:\/\/www.haveverwarming.nl\/amfile\/file\/download\/file\/6959\/product\/2047\/\" target=\"_blank\"><span>Dessin au trait Wanders Linde<\/span><\/a><\/li>\n<li><a class=\"download file\" href=\"https:\/\/www.haveverwarming.nl\/productpdf\/download\/file\/id\/2047\/name\/Wanders_Linde.pdf\/\" target=\"_blank\"><span>T\u00e9l\u00e9charger la fiche technique<\/span><\/a><\/li>\n<\/ul>","protected":false},"excerpt":{"rendered":"<p>De Linde staat stevig, biedt een aangenaam haardvuur en beschikt over praktische ruimte voor houtopslag. Dat is in veel gevallen al ruim voldoende. Toch is de Linde voorzien van enkele fraaie details die het ontwerp net dat onderscheidende karakter geven. Uiteindelijk blijft het een eenvoudige en prettige kachel. Die eenvoud ziet u ook terug in [&hellip;]<\/p>\n","protected":false},"featured_media":97362,"comment_status":"open","ping_status":"closed","template":"","meta":{"_acf_changed":false},"product_brand":[],"product_cat":[1092],"product_tag":[],"class_list":{"0":"post-31200","1":"product","2":"type-product","3":"status-publish","4":"has-post-thumbnail","6":"product_cat-vrijstaande-houtkachels","8":"first","9":"instock","10":"taxable","11":"shipping-taxable","12":"purchasable","13":"product-type-simple"},"acf":[],"yoast_head":"<!-- This site is optimized with the Yoast SEO plugin v27.3 - https:\/\/yoast.com\/product\/yoast-seo-wordpress\/ -->\n<title>Wanders Linde &#8211; Bula Outdoor<\/title>\n<meta name=\"robots\" content=\"index, follow, max-snippet:-1, max-image-preview:large, max-video-preview:-1\" \/>\n<link rel=\"canonical\" href=\"https:\/\/bulaoutdoor.nl\/fr\/produit\/marcheur-linden\/\" \/>\n<meta property=\"og:locale\" content=\"fr_FR\" \/>\n<meta property=\"og:type\" content=\"article\" \/>\n<meta property=\"og:title\" content=\"Wanders Linde &#8211; Bula Outdoor\" \/>\n<meta property=\"og:description\" content=\"De Linde staat stevig, biedt een aangenaam haardvuur en beschikt over praktische ruimte voor houtopslag. Dat is in veel gevallen al ruim voldoende. Toch is de Linde voorzien van enkele fraaie details die het ontwerp net dat onderscheidende karakter geven. Uiteindelijk blijft het een eenvoudige en prettige kachel. Die eenvoud ziet u ook terug in [&hellip;]\" \/>\n<meta property=\"og:url\" content=\"https:\/\/bulaoutdoor.nl\/fr\/produit\/marcheur-linden\/\" \/>\n<meta property=\"og:site_name\" content=\"Bula Outdoor\" \/>\n<meta property=\"article:modified_time\" content=\"2026-04-05T04:50:13+00:00\" \/>\n<meta property=\"og:image\" content=\"https:\/\/bulaoutdoor.nl\/wp-content\/uploads\/2023\/06\/linde-2.jpg\" \/>\n\t<meta property=\"og:image:width\" content=\"1400\" \/>\n\t<meta property=\"og:image:height\" content=\"1400\" \/>\n\t<meta property=\"og:image:type\" content=\"image\/jpeg\" \/>\n<meta name=\"twitter:card\" content=\"summary_large_image\" \/>\n<meta name=\"twitter:label1\" content=\"Dur\u00e9e de lecture estim\u00e9e\" \/>\n\t<meta name=\"twitter:data1\" content=\"1 minute\" \/>\n<script type=\"application\/ld+json\" class=\"yoast-schema-graph\">{\"@context\":\"https:\\\/\\\/schema.org\",\"@graph\":[{\"@type\":\"WebPage\",\"@id\":\"https:\\\/\\\/bulaoutdoor.nl\\\/product\\\/wanders-linde\\\/\",\"url\":\"https:\\\/\\\/bulaoutdoor.nl\\\/product\\\/wanders-linde\\\/\",\"name\":\"Wanders Linde &#8211; Bula Outdoor\",\"isPartOf\":{\"@id\":\"https:\\\/\\\/bulaoutdoor.nl\\\/#website\"},\"primaryImageOfPage\":{\"@id\":\"https:\\\/\\\/bulaoutdoor.nl\\\/product\\\/wanders-linde\\\/#primaryimage\"},\"image\":{\"@id\":\"https:\\\/\\\/bulaoutdoor.nl\\\/product\\\/wanders-linde\\\/#primaryimage\"},\"thumbnailUrl\":\"https:\\\/\\\/bulaoutdoor.nl\\\/wp-content\\\/uploads\\\/2023\\\/06\\\/linde-2.jpg\",\"datePublished\":\"2023-06-22T09:10:01+00:00\",\"dateModified\":\"2026-04-05T04:50:13+00:00\",\"breadcrumb\":{\"@id\":\"https:\\\/\\\/bulaoutdoor.nl\\\/product\\\/wanders-linde\\\/#breadcrumb\"},\"inLanguage\":\"fr-FR\",\"potentialAction\":[{\"@type\":\"ReadAction\",\"target\":[\"https:\\\/\\\/bulaoutdoor.nl\\\/product\\\/wanders-linde\\\/\"]}]},{\"@type\":\"ImageObject\",\"inLanguage\":\"fr-FR\",\"@id\":\"https:\\\/\\\/bulaoutdoor.nl\\\/product\\\/wanders-linde\\\/#primaryimage\",\"url\":\"https:\\\/\\\/bulaoutdoor.nl\\\/wp-content\\\/uploads\\\/2023\\\/06\\\/linde-2.jpg\",\"contentUrl\":\"https:\\\/\\\/bulaoutdoor.nl\\\/wp-content\\\/uploads\\\/2023\\\/06\\\/linde-2.jpg\",\"width\":1400,\"height\":1400,\"caption\":\"wanders-linde-thumbnail\"},{\"@type\":\"BreadcrumbList\",\"@id\":\"https:\\\/\\\/bulaoutdoor.nl\\\/product\\\/wanders-linde\\\/#breadcrumb\",\"itemListElement\":[{\"@type\":\"ListItem\",\"position\":1,\"name\":\"Home\",\"item\":\"https:\\\/\\\/bulaoutdoor.nl\\\/\"},{\"@type\":\"ListItem\",\"position\":2,\"name\":\"Online BBQ kopen\",\"item\":\"https:\\\/\\\/bulaoutdoor.nl\\\/\"},{\"@type\":\"ListItem\",\"position\":3,\"name\":\"Wanders Linde\"}]},{\"@type\":\"WebSite\",\"@id\":\"https:\\\/\\\/bulaoutdoor.nl\\\/#website\",\"url\":\"https:\\\/\\\/bulaoutdoor.nl\\\/\",\"name\":\"Bula Outdoor\",\"description\":\"Voor uw buitenhaard, BBQ, tuinfakkel en houtoven\",\"publisher\":{\"@id\":\"https:\\\/\\\/bulaoutdoor.nl\\\/#organization\"},\"potentialAction\":[{\"@type\":\"SearchAction\",\"target\":{\"@type\":\"EntryPoint\",\"urlTemplate\":\"https:\\\/\\\/bulaoutdoor.nl\\\/?s={search_term_string}\"},\"query-input\":{\"@type\":\"PropertyValueSpecification\",\"valueRequired\":true,\"valueName\":\"search_term_string\"}}],\"inLanguage\":\"fr-FR\"},{\"@type\":\"Organization\",\"@id\":\"https:\\\/\\\/bulaoutdoor.nl\\\/#organization\",\"name\":\"Bula Outdoor\",\"url\":\"https:\\\/\\\/bulaoutdoor.nl\\\/\",\"logo\":{\"@type\":\"ImageObject\",\"inLanguage\":\"fr-FR\",\"@id\":\"https:\\\/\\\/bulaoutdoor.nl\\\/#\\\/schema\\\/logo\\\/image\\\/\",\"url\":\"https:\\\/\\\/www.bulaoutdoor.nl\\\/wp-content\\\/uploads\\\/2018\\\/04\\\/bulaoutdoor-logo.png\",\"contentUrl\":\"https:\\\/\\\/www.bulaoutdoor.nl\\\/wp-content\\\/uploads\\\/2018\\\/04\\\/bulaoutdoor-logo.png\",\"width\":324,\"height\":91,\"caption\":\"Bula Outdoor\"},\"image\":{\"@id\":\"https:\\\/\\\/bulaoutdoor.nl\\\/#\\\/schema\\\/logo\\\/image\\\/\"}}]}<\/script>\n<!-- \/ Yoast SEO plugin. -->","yoast_head_json":{"title":"Wanders Linde - Bula Outdoor","robots":{"index":"index","follow":"follow","max-snippet":"max-snippet:-1","max-image-preview":"max-image-preview:large","max-video-preview":"max-video-preview:-1"},"canonical":"https:\/\/bulaoutdoor.nl\/fr\/produit\/marcheur-linden\/","og_locale":"fr_FR","og_type":"article","og_title":"Wanders Linde &#8211; Bula Outdoor","og_description":"De Linde staat stevig, biedt een aangenaam haardvuur en beschikt over praktische ruimte voor houtopslag. Dat is in veel gevallen al ruim voldoende. Toch is de Linde voorzien van enkele fraaie details die het ontwerp net dat onderscheidende karakter geven. Uiteindelijk blijft het een eenvoudige en prettige kachel. Die eenvoud ziet u ook terug in [&hellip;]","og_url":"https:\/\/bulaoutdoor.nl\/fr\/produit\/marcheur-linden\/","og_site_name":"Bula Outdoor","article_modified_time":"2026-04-05T04:50:13+00:00","og_image":[{"width":1400,"height":1400,"url":"https:\/\/bulaoutdoor.nl\/wp-content\/uploads\/2023\/06\/linde-2.jpg","type":"image\/jpeg"}],"twitter_card":"summary_large_image","twitter_misc":{"Dur\u00e9e de lecture estim\u00e9e":"1 minute"},"schema":{"@context":"https:\/\/schema.org","@graph":[{"@type":"WebPage","@id":"https:\/\/bulaoutdoor.nl\/product\/wanders-linde\/","url":"https:\/\/bulaoutdoor.nl\/product\/wanders-linde\/","name":"Wanders Linde - Bula Outdoor","isPartOf":{"@id":"https:\/\/bulaoutdoor.nl\/#website"},"primaryImageOfPage":{"@id":"https:\/\/bulaoutdoor.nl\/product\/wanders-linde\/#primaryimage"},"image":{"@id":"https:\/\/bulaoutdoor.nl\/product\/wanders-linde\/#primaryimage"},"thumbnailUrl":"https:\/\/bulaoutdoor.nl\/wp-content\/uploads\/2023\/06\/linde-2.jpg","datePublished":"2023-06-22T09:10:01+00:00","dateModified":"2026-04-05T04:50:13+00:00","breadcrumb":{"@id":"https:\/\/bulaoutdoor.nl\/product\/wanders-linde\/#breadcrumb"},"inLanguage":"fr-FR","potentialAction":[{"@type":"ReadAction","target":["https:\/\/bulaoutdoor.nl\/product\/wanders-linde\/"]}]},{"@type":"ImageObject","inLanguage":"fr-FR","@id":"https:\/\/bulaoutdoor.nl\/product\/wanders-linde\/#primaryimage","url":"https:\/\/bulaoutdoor.nl\/wp-content\/uploads\/2023\/06\/linde-2.jpg","contentUrl":"https:\/\/bulaoutdoor.nl\/wp-content\/uploads\/2023\/06\/linde-2.jpg","width":1400,"height":1400,"caption":"wanders-linde-thumbnail"},{"@type":"BreadcrumbList","@id":"https:\/\/bulaoutdoor.nl\/product\/wanders-linde\/#breadcrumb","itemListElement":[{"@type":"ListItem","position":1,"name":"Home","item":"https:\/\/bulaoutdoor.nl\/"},{"@type":"ListItem","position":2,"name":"Online BBQ kopen","item":"https:\/\/bulaoutdoor.nl\/"},{"@type":"ListItem","position":3,"name":"Wanders Linde"}]},{"@type":"WebSite","@id":"https:\/\/bulaoutdoor.nl\/#website","url":"https:\/\/bulaoutdoor.nl\/","name":"Bula Outdoor","description":"Pour votre chemin\u00e9e ext\u00e9rieure, votre barbecue, votre torche de jardin et votre four \u00e0 bois","publisher":{"@id":"https:\/\/bulaoutdoor.nl\/#organization"},"potentialAction":[{"@type":"SearchAction","target":{"@type":"EntryPoint","urlTemplate":"https:\/\/bulaoutdoor.nl\/?s={search_term_string}"},"query-input":{"@type":"PropertyValueSpecification","valueRequired":true,"valueName":"search_term_string"}}],"inLanguage":"fr-FR"},{"@type":"Organization","@id":"https:\/\/bulaoutdoor.nl\/#organization","name":"Bula Outdoor","url":"https:\/\/bulaoutdoor.nl\/","logo":{"@type":"ImageObject","inLanguage":"fr-FR","@id":"https:\/\/bulaoutdoor.nl\/#\/schema\/logo\/image\/","url":"https:\/\/www.bulaoutdoor.nl\/wp-content\/uploads\/2018\/04\/bulaoutdoor-logo.png","contentUrl":"https:\/\/www.bulaoutdoor.nl\/wp-content\/uploads\/2018\/04\/bulaoutdoor-logo.png","width":324,"height":91,"caption":"Bula Outdoor"},"image":{"@id":"https:\/\/bulaoutdoor.nl\/#\/schema\/logo\/image\/"}}]}},"jetpack_sharing_enabled":true,"_links":{"self":[{"href":"https:\/\/bulaoutdoor.nl\/fr\/wp-json\/wp\/v2\/product\/31200","targetHints":{"allow":["GET"]}}],"collection":[{"href":"https:\/\/bulaoutdoor.nl\/fr\/wp-json\/wp\/v2\/product"}],"about":[{"href":"https:\/\/bulaoutdoor.nl\/fr\/wp-json\/wp\/v2\/types\/product"}],"replies":[{"embeddable":true,"href":"https:\/\/bulaoutdoor.nl\/fr\/wp-json\/wp\/v2\/comments?post=31200"}],"wp:featuredmedia":[{"embeddable":true,"href":"https:\/\/bulaoutdoor.nl\/fr\/wp-json\/wp\/v2\/media\/97362"}],"wp:attachment":[{"href":"https:\/\/bulaoutdoor.nl\/fr\/wp-json\/wp\/v2\/media?parent=31200"}],"wp:term":[{"taxonomy":"product_brand","embeddable":true,"href":"https:\/\/bulaoutdoor.nl\/fr\/wp-json\/wp\/v2\/product_brand?post=31200"},{"taxonomy":"product_cat","embeddable":true,"href":"https:\/\/bulaoutdoor.nl\/fr\/wp-json\/wp\/v2\/product_cat?post=31200"},{"taxonomy":"product_tag","embeddable":true,"href":"https:\/\/bulaoutdoor.nl\/fr\/wp-json\/wp\/v2\/product_tag?post=31200"}],"curies":[{"name":"wp","href":"https:\/\/api.w.org\/{rel}","templated":true}]}}