{"id":33998,"date":"2023-10-11T09:58:14","date_gmt":"2023-10-11T09:58:14","guid":{"rendered":"https:\/\/bulaoutdoor.nl\/?post_type=product&#038;p=33998"},"modified":"2026-02-20T18:05:14","modified_gmt":"2026-02-20T18:05:14","slug":"le-moulin-a-vent-poele-bbq-avec-couvercle-m-o220-mm","status":"publish","type":"product","link":"https:\/\/bulaoutdoor.nl\/fr\/product\/the-windmill-bbq-pan-met-deksel-m-o220-mm\/","title":{"rendered":"La po\u00eale \u00e0 barbecue Windmill avec couvercle M \u00f8220 mm"},"content":{"rendered":"<h4>La po\u00eale \u00e0 barbecue Windmill avec couvercle M 220\u00f8 mm<\/h4>\n<p>D\u00e9couvrez nos po\u00eales \u00e0 barbecue de haute qualit\u00e9, fabriqu\u00e9es en fonte durable, pour une exp\u00e9rience de barbecue parfaite. Chaque po\u00eale est livr\u00e9e avec un couvercle en fonte robuste et un bouton en bak\u00e9lite standard, r\u00e9sistant \u00e0 des temp\u00e9ratures allant jusqu'\u00e0 200\u2103. Vous souhaitez vous attaquer \u00e0 des temp\u00e9ratures plus \u00e9lev\u00e9es ? Alors optez pour notre bouton de couvercle en acier inoxydable, disponible en deux tailles en tant qu'accessoire.<\/p>\n<p>Ces po\u00eales \u00e0 barbecue sont une version plus simple des fours hollandais, avec un fond plat, des poign\u00e9es solides et un couvercle \u00e0 bord sur\u00e9lev\u00e9. Gr\u00e2ce \u00e0 leur fond plat, elles peuvent \u00eatre plac\u00e9es sans effort sur votre barbecue, et vous pouvez m\u00eame placer du charbon de bois sur le couvercle pour chauffer encore plus.<\/p>\n<p>Fabriqu\u00e9es en fonte durable, nos po\u00eales offrent une conduction optimale de la chaleur et la conservent parfaitement. Avec un entretien ad\u00e9quat, elles dureront toute une vie. Le couvercle pr\u00e9sente un motif de points \u00e0 l'int\u00e9rieur, ce qui permet \u00e0 l'humidit\u00e9 de votre rago\u00fbt de s'\u00e9goutter dans la casserole pour un r\u00e9sultat juteux.<\/p>\n<p>Nos po\u00eales \u00e0 barbecue sont disponibles en trois tailles pratiques : <a href=\"https:\/\/bulaoutdoor.nl\/fr\/produit\/le-moulin-a-vent-poele-bbq-avec-couvercle-195-diametre\/\">2,1 litres<\/a>, 2,5 litres et<a href=\"https:\/\/bulaoutdoor.nl\/fr\/produit\/le-moulin-a-vent-poele-bbq-avec-couvercle-l\/\"> 3,8 litres<\/a>. Ils sont pr\u00e9-assaisonn\u00e9s, n'ont pas de pieds, ce qui les rend parfaits pour votre BBQ, et peuvent \u00e9galement \u00eatre utilis\u00e9s comme un four hollandais avec un cercle de feu. Convient pour le gaz, l'induction, le feu ouvert et le barbecue. Am\u00e9liorez vos s\u00e9ances de barbecue avec nos po\u00eales en fonte polyvalentes et durables !<\/p>\n<p><strong>Sp\u00e9cifications<\/strong><\/p>\n<ul>\n<li>Poids : 4300 grammes<\/li>\n<li>\u00d8 de la casserole : 220 mm<\/li>\n<li>Poign\u00e9es : 2\u00d735 mm<\/li>\n<li>\u00d8 total : 285 mm<\/li>\n<li>Hauteur de la casserole sans couvercle : 100 mm<\/li>\n<li>Hauteur du couvercle : 52 mm<\/li>\n<li>Hauteur totale : 150 mm<\/li>\n<li>Capacit\u00e9 : 2,5 litres<\/li>\n<\/ul>\n<p><strong>Caract\u00e9ristiques<\/strong><\/p>\n<ul>\n<li>Pr\u00e9-saisonn\u00e9<\/li>\n<li>Sans pieds, donc tr\u00e8s adapt\u00e9 \u00e0 votre BBQ<\/li>\n<li>Peut \u00e9galement \u00eatre utilis\u00e9 comme four hollandais avec un anneau de feu<\/li>\n<li>Convient pour le gaz, l'induction, les flammes nues et les barbecues<\/li>\n<\/ul>\n<p>Commandez la po\u00eale BBQ avec couvercle M directement aupr\u00e8s de Bula Outdoor, votre <a href=\"https:\/\/bulaoutdoor.nl\/fr\/categorie-de-produits\/ustensiles-de-cuisine-pour-lexterieur\/\">Cuisine en plein air<\/a> sp\u00e9cialiste !<\/p>","protected":false},"excerpt":{"rendered":"<p>Po\u00eale BBQ en fonte avec couvercle M \u00f8220 mm.<\/p>","protected":false},"featured_media":34000,"comment_status":"open","ping_status":"closed","template":"","meta":{"_acf_changed":false},"product_brand":[],"product_cat":[26],"product_tag":[43,87,79,81],"class_list":{"0":"post-33998","1":"product","2":"type-product","3":"status-publish","4":"has-post-thumbnail","6":"product_cat-outdoor-kookset","7":"product_tag-bbq","8":"product_tag-gietijzer","9":"product_tag-pan","10":"product_tag-windmill","12":"first","13":"instock","14":"sale","15":"taxable","16":"shipping-taxable","17":"purchasable","18":"product-type-simple"},"acf":[],"yoast_head":"<!-- This site is optimized with the Yoast SEO plugin v27.3 - https:\/\/yoast.com\/product\/yoast-seo-wordpress\/ -->\n<title>The Windmill BBQ Pan met deksel M \u00f8220 mm &#8211; Bula Outdoor<\/title>\n<meta name=\"robots\" content=\"index, follow, max-snippet:-1, max-image-preview:large, max-video-preview:-1\" \/>\n<link rel=\"canonical\" href=\"https:\/\/bulaoutdoor.nl\/fr\/produit\/le-moulin-a-vent-poele-bbq-avec-couvercle-m-o220-mm\/\" \/>\n<meta property=\"og:locale\" content=\"fr_FR\" \/>\n<meta property=\"og:type\" content=\"article\" \/>\n<meta property=\"og:title\" content=\"The Windmill BBQ Pan met deksel M \u00f8220 mm &#8211; Bula Outdoor\" \/>\n<meta property=\"og:description\" content=\"Gietijzeren BBQ Pan met deksel M \u00f8220 mm.\" \/>\n<meta property=\"og:url\" content=\"https:\/\/bulaoutdoor.nl\/fr\/produit\/le-moulin-a-vent-poele-bbq-avec-couvercle-m-o220-mm\/\" \/>\n<meta property=\"og:site_name\" content=\"Bula Outdoor\" \/>\n<meta property=\"article:modified_time\" content=\"2026-02-20T18:05:14+00:00\" \/>\n<meta property=\"og:image\" content=\"https:\/\/bulaoutdoor.nl\/wp-content\/uploads\/2023\/10\/The-Windmill-BBQ-Pan-met-deksel-M-01.jpg\" \/>\n\t<meta property=\"og:image:width\" content=\"900\" \/>\n\t<meta property=\"og:image:height\" content=\"900\" \/>\n\t<meta property=\"og:image:type\" content=\"image\/jpeg\" \/>\n<meta name=\"twitter:card\" content=\"summary_large_image\" \/>\n<meta name=\"twitter:label1\" content=\"Dur\u00e9e de lecture estim\u00e9e\" \/>\n\t<meta name=\"twitter:data1\" content=\"2 minutes\" \/>\n<script type=\"application\/ld+json\" class=\"yoast-schema-graph\">{\"@context\":\"https:\\\/\\\/schema.org\",\"@graph\":[{\"@type\":\"WebPage\",\"@id\":\"https:\\\/\\\/bulaoutdoor.nl\\\/product\\\/the-windmill-bbq-pan-met-deksel-m-o220-mm\\\/\",\"url\":\"https:\\\/\\\/bulaoutdoor.nl\\\/product\\\/the-windmill-bbq-pan-met-deksel-m-o220-mm\\\/\",\"name\":\"The Windmill BBQ Pan met deksel M \u00f8220 mm &#8211; Bula Outdoor\",\"isPartOf\":{\"@id\":\"https:\\\/\\\/bulaoutdoor.nl\\\/#website\"},\"primaryImageOfPage\":{\"@id\":\"https:\\\/\\\/bulaoutdoor.nl\\\/product\\\/the-windmill-bbq-pan-met-deksel-m-o220-mm\\\/#primaryimage\"},\"image\":{\"@id\":\"https:\\\/\\\/bulaoutdoor.nl\\\/product\\\/the-windmill-bbq-pan-met-deksel-m-o220-mm\\\/#primaryimage\"},\"thumbnailUrl\":\"https:\\\/\\\/bulaoutdoor.nl\\\/wp-content\\\/uploads\\\/2023\\\/10\\\/The-Windmill-BBQ-Pan-met-deksel-M-01.jpg\",\"datePublished\":\"2023-10-11T09:58:14+00:00\",\"dateModified\":\"2026-02-20T18:05:14+00:00\",\"breadcrumb\":{\"@id\":\"https:\\\/\\\/bulaoutdoor.nl\\\/product\\\/the-windmill-bbq-pan-met-deksel-m-o220-mm\\\/#breadcrumb\"},\"inLanguage\":\"fr-FR\",\"potentialAction\":[{\"@type\":\"ReadAction\",\"target\":[\"https:\\\/\\\/bulaoutdoor.nl\\\/product\\\/the-windmill-bbq-pan-met-deksel-m-o220-mm\\\/\"]}]},{\"@type\":\"ImageObject\",\"inLanguage\":\"fr-FR\",\"@id\":\"https:\\\/\\\/bulaoutdoor.nl\\\/product\\\/the-windmill-bbq-pan-met-deksel-m-o220-mm\\\/#primaryimage\",\"url\":\"https:\\\/\\\/bulaoutdoor.nl\\\/wp-content\\\/uploads\\\/2023\\\/10\\\/The-Windmill-BBQ-Pan-met-deksel-M-01.jpg\",\"contentUrl\":\"https:\\\/\\\/bulaoutdoor.nl\\\/wp-content\\\/uploads\\\/2023\\\/10\\\/The-Windmill-BBQ-Pan-met-deksel-M-01.jpg\",\"width\":900,\"height\":900},{\"@type\":\"BreadcrumbList\",\"@id\":\"https:\\\/\\\/bulaoutdoor.nl\\\/product\\\/the-windmill-bbq-pan-met-deksel-m-o220-mm\\\/#breadcrumb\",\"itemListElement\":[{\"@type\":\"ListItem\",\"position\":1,\"name\":\"Home\",\"item\":\"https:\\\/\\\/bulaoutdoor.nl\\\/\"},{\"@type\":\"ListItem\",\"position\":2,\"name\":\"Online BBQ kopen\",\"item\":\"https:\\\/\\\/bulaoutdoor.nl\\\/\"},{\"@type\":\"ListItem\",\"position\":3,\"name\":\"The Windmill BBQ Pan met deksel M \u00f8220 mm\"}]},{\"@type\":\"WebSite\",\"@id\":\"https:\\\/\\\/bulaoutdoor.nl\\\/#website\",\"url\":\"https:\\\/\\\/bulaoutdoor.nl\\\/\",\"name\":\"Bula Outdoor\",\"description\":\"Voor uw buitenhaard, BBQ, tuinfakkel en houtoven\",\"publisher\":{\"@id\":\"https:\\\/\\\/bulaoutdoor.nl\\\/#organization\"},\"potentialAction\":[{\"@type\":\"SearchAction\",\"target\":{\"@type\":\"EntryPoint\",\"urlTemplate\":\"https:\\\/\\\/bulaoutdoor.nl\\\/?s={search_term_string}\"},\"query-input\":{\"@type\":\"PropertyValueSpecification\",\"valueRequired\":true,\"valueName\":\"search_term_string\"}}],\"inLanguage\":\"fr-FR\"},{\"@type\":\"Organization\",\"@id\":\"https:\\\/\\\/bulaoutdoor.nl\\\/#organization\",\"name\":\"Bula Outdoor\",\"url\":\"https:\\\/\\\/bulaoutdoor.nl\\\/\",\"logo\":{\"@type\":\"ImageObject\",\"inLanguage\":\"fr-FR\",\"@id\":\"https:\\\/\\\/bulaoutdoor.nl\\\/#\\\/schema\\\/logo\\\/image\\\/\",\"url\":\"https:\\\/\\\/www.bulaoutdoor.nl\\\/wp-content\\\/uploads\\\/2018\\\/04\\\/bulaoutdoor-logo.png\",\"contentUrl\":\"https:\\\/\\\/www.bulaoutdoor.nl\\\/wp-content\\\/uploads\\\/2018\\\/04\\\/bulaoutdoor-logo.png\",\"width\":324,\"height\":91,\"caption\":\"Bula Outdoor\"},\"image\":{\"@id\":\"https:\\\/\\\/bulaoutdoor.nl\\\/#\\\/schema\\\/logo\\\/image\\\/\"}}]}<\/script>\n<!-- \/ Yoast SEO plugin. -->","yoast_head_json":{"title":"La po\u00eale BBQ Windmill avec couvercle M \u00f8220 mm - Bula Outdoor","robots":{"index":"index","follow":"follow","max-snippet":"max-snippet:-1","max-image-preview":"max-image-preview:large","max-video-preview":"max-video-preview:-1"},"canonical":"https:\/\/bulaoutdoor.nl\/fr\/produit\/le-moulin-a-vent-poele-bbq-avec-couvercle-m-o220-mm\/","og_locale":"fr_FR","og_type":"article","og_title":"The Windmill BBQ Pan met deksel M \u00f8220 mm &#8211; Bula Outdoor","og_description":"Gietijzeren BBQ Pan met deksel M \u00f8220 mm.","og_url":"https:\/\/bulaoutdoor.nl\/fr\/produit\/le-moulin-a-vent-poele-bbq-avec-couvercle-m-o220-mm\/","og_site_name":"Bula Outdoor","article_modified_time":"2026-02-20T18:05:14+00:00","og_image":[{"width":900,"height":900,"url":"https:\/\/bulaoutdoor.nl\/wp-content\/uploads\/2023\/10\/The-Windmill-BBQ-Pan-met-deksel-M-01.jpg","type":"image\/jpeg"}],"twitter_card":"summary_large_image","twitter_misc":{"Dur\u00e9e de lecture estim\u00e9e":"2 minutes"},"schema":{"@context":"https:\/\/schema.org","@graph":[{"@type":"WebPage","@id":"https:\/\/bulaoutdoor.nl\/product\/the-windmill-bbq-pan-met-deksel-m-o220-mm\/","url":"https:\/\/bulaoutdoor.nl\/product\/the-windmill-bbq-pan-met-deksel-m-o220-mm\/","name":"La po\u00eale BBQ Windmill avec couvercle M \u00f8220 mm - Bula Outdoor","isPartOf":{"@id":"https:\/\/bulaoutdoor.nl\/#website"},"primaryImageOfPage":{"@id":"https:\/\/bulaoutdoor.nl\/product\/the-windmill-bbq-pan-met-deksel-m-o220-mm\/#primaryimage"},"image":{"@id":"https:\/\/bulaoutdoor.nl\/product\/the-windmill-bbq-pan-met-deksel-m-o220-mm\/#primaryimage"},"thumbnailUrl":"https:\/\/bulaoutdoor.nl\/wp-content\/uploads\/2023\/10\/The-Windmill-BBQ-Pan-met-deksel-M-01.jpg","datePublished":"2023-10-11T09:58:14+00:00","dateModified":"2026-02-20T18:05:14+00:00","breadcrumb":{"@id":"https:\/\/bulaoutdoor.nl\/product\/the-windmill-bbq-pan-met-deksel-m-o220-mm\/#breadcrumb"},"inLanguage":"fr-FR","potentialAction":[{"@type":"ReadAction","target":["https:\/\/bulaoutdoor.nl\/product\/the-windmill-bbq-pan-met-deksel-m-o220-mm\/"]}]},{"@type":"ImageObject","inLanguage":"fr-FR","@id":"https:\/\/bulaoutdoor.nl\/product\/the-windmill-bbq-pan-met-deksel-m-o220-mm\/#primaryimage","url":"https:\/\/bulaoutdoor.nl\/wp-content\/uploads\/2023\/10\/The-Windmill-BBQ-Pan-met-deksel-M-01.jpg","contentUrl":"https:\/\/bulaoutdoor.nl\/wp-content\/uploads\/2023\/10\/The-Windmill-BBQ-Pan-met-deksel-M-01.jpg","width":900,"height":900},{"@type":"BreadcrumbList","@id":"https:\/\/bulaoutdoor.nl\/product\/the-windmill-bbq-pan-met-deksel-m-o220-mm\/#breadcrumb","itemListElement":[{"@type":"ListItem","position":1,"name":"Home","item":"https:\/\/bulaoutdoor.nl\/"},{"@type":"ListItem","position":2,"name":"Online BBQ kopen","item":"https:\/\/bulaoutdoor.nl\/"},{"@type":"ListItem","position":3,"name":"The Windmill BBQ Pan met deksel M \u00f8220 mm"}]},{"@type":"WebSite","@id":"https:\/\/bulaoutdoor.nl\/#website","url":"https:\/\/bulaoutdoor.nl\/","name":"Bula Outdoor","description":"Pour votre chemin\u00e9e ext\u00e9rieure, votre barbecue, votre torche de jardin et votre four \u00e0 bois","publisher":{"@id":"https:\/\/bulaoutdoor.nl\/#organization"},"potentialAction":[{"@type":"SearchAction","target":{"@type":"EntryPoint","urlTemplate":"https:\/\/bulaoutdoor.nl\/?s={search_term_string}"},"query-input":{"@type":"PropertyValueSpecification","valueRequired":true,"valueName":"search_term_string"}}],"inLanguage":"fr-FR"},{"@type":"Organization","@id":"https:\/\/bulaoutdoor.nl\/#organization","name":"Bula Outdoor","url":"https:\/\/bulaoutdoor.nl\/","logo":{"@type":"ImageObject","inLanguage":"fr-FR","@id":"https:\/\/bulaoutdoor.nl\/#\/schema\/logo\/image\/","url":"https:\/\/www.bulaoutdoor.nl\/wp-content\/uploads\/2018\/04\/bulaoutdoor-logo.png","contentUrl":"https:\/\/www.bulaoutdoor.nl\/wp-content\/uploads\/2018\/04\/bulaoutdoor-logo.png","width":324,"height":91,"caption":"Bula Outdoor"},"image":{"@id":"https:\/\/bulaoutdoor.nl\/#\/schema\/logo\/image\/"}}]}},"jetpack_sharing_enabled":true,"_links":{"self":[{"href":"https:\/\/bulaoutdoor.nl\/fr\/wp-json\/wp\/v2\/product\/33998","targetHints":{"allow":["GET"]}}],"collection":[{"href":"https:\/\/bulaoutdoor.nl\/fr\/wp-json\/wp\/v2\/product"}],"about":[{"href":"https:\/\/bulaoutdoor.nl\/fr\/wp-json\/wp\/v2\/types\/product"}],"replies":[{"embeddable":true,"href":"https:\/\/bulaoutdoor.nl\/fr\/wp-json\/wp\/v2\/comments?post=33998"}],"wp:featuredmedia":[{"embeddable":true,"href":"https:\/\/bulaoutdoor.nl\/fr\/wp-json\/wp\/v2\/media\/34000"}],"wp:attachment":[{"href":"https:\/\/bulaoutdoor.nl\/fr\/wp-json\/wp\/v2\/media?parent=33998"}],"wp:term":[{"taxonomy":"product_brand","embeddable":true,"href":"https:\/\/bulaoutdoor.nl\/fr\/wp-json\/wp\/v2\/product_brand?post=33998"},{"taxonomy":"product_cat","embeddable":true,"href":"https:\/\/bulaoutdoor.nl\/fr\/wp-json\/wp\/v2\/product_cat?post=33998"},{"taxonomy":"product_tag","embeddable":true,"href":"https:\/\/bulaoutdoor.nl\/fr\/wp-json\/wp\/v2\/product_tag?post=33998"}],"curies":[{"name":"wp","href":"https:\/\/api.w.org\/{rel}","templated":true}]}}