{"id":34020,"date":"2023-10-11T11:23:14","date_gmt":"2023-10-11T11:23:14","guid":{"rendered":"https:\/\/bulaoutdoor.nl\/?post_type=product&#038;p=34020"},"modified":"2023-11-13T10:16:38","modified_gmt":"2023-11-13T10:16:38","slug":"le-moulin-a-vent-dutch-oven-9-qt","status":"publish","type":"product","link":"https:\/\/bulaoutdoor.nl\/fr\/product\/the-windmill-dutch-oven-9-qt\/","title":{"rendered":"Le four hollandais Windmill 9 Qt"},"content":{"rendered":"<h4>Le four hollandais Windmill 9 Qt<\/h4>\n<p>D\u00e9couvrez la polyvalence de notre four hollandais, une invention hollandaise ing\u00e9nieuse. Cette po\u00eale en fonte multifonctionnelle tire son nom de sa capacit\u00e9 \u00e0 \u00eatre chauff\u00e9e \u00e0 la fois par le haut et par le bas, ce qui en fait un four parfait pour une utilisation avec du bois, du charbon de bois ou des briquettes. Fabriqu\u00e9e enti\u00e8rement en fonte durable, cette po\u00eale peut \u00eatre utilis\u00e9e sur n'importe quelle source de chaleur.<\/p>\n<p>Le four hollandais est id\u00e9al pour la cuisson, le r\u00f4tissage, les rago\u00fbts, les tartes, les brownies, les rago\u00fbts et m\u00eame les boules d'huile. Les pieds pratiques du couvercle permettent de le retourner et de l'utiliser comme plaque de cuisson, id\u00e9ale pour pr\u00e9parer des pizzas. De plus, gr\u00e2ce aux pieds, vous pouvez empiler plusieurs fours hollandais et les faire chauffer simultan\u00e9ment. Vous pouvez \u00e9galement placer une po\u00eale en fonte ou une po\u00eale \u00e0 barbecue sur le four hollandais pour plus d'options de cuisson.<\/p>\n<p>Ce four hollandais est pr\u00e9-assaisonn\u00e9 pour une utilisation imm\u00e9diate et comporte des pieds extra-hauts pour le placer sur des briquettes. Le couvercle est \u00e9galement dot\u00e9 de pieds sur\u00e9lev\u00e9s, ce qui lui permet de servir de po\u00eale. Convient pour 6 \u00e0 9 personnes et est compatible avec le syst\u00e8me GBS de Weber. Notre four hollandais convient au gaz, au feu ouvert et au barbecue, ce qui en fait le choix id\u00e9al pour tous les amateurs de cuisine.<\/p>\n<p>Sp\u00e9cifications :<\/p>\n<ul>\n<li>Poids : 10550 grammes<\/li>\n<li>\u00d8 de la casserole : 315 mm<\/li>\n<li>Poign\u00e9es : 2\u00d720 mm<\/li>\n<li>\u00d8 total : 360 mm<\/li>\n<li>Hauteur de la casserole sans couvercle : 190 mm<\/li>\n<li>Hauteur du couvercle : 55 mm<\/li>\n<li>Hauteur totale : 235 mm<\/li>\n<li>Capacit\u00e9 : 8,5 litres<\/li>\n<\/ul>\n<p>Caract\u00e9ristiques :<\/p>\n<ul>\n<li>Pr\u00e9-saisonn\u00e9<\/li>\n<li>Pieds extra hauts pour placer le four hollandais sur les briquettes<\/li>\n<li>Pieds extra hauts sur le couvercle pour utilisation comme po\u00eale \u00e0 frire<\/li>\n<li>Convient pour 3-6 personnes<\/li>\n<li>Convient au syst\u00e8me Weber GBS<\/li>\n<li>Convient pour le gaz, le feu ouvert et le barbecue<\/li>\n<\/ul>\n<p><iframe loading=\"lazy\" title=\"Four hollandais - The Windmill Cast Iron\" width=\"980\" height=\"551\" src=\"https:\/\/www.youtube.com\/embed\/zGJ_LF-Gcyg?feature=oembed&#038;enablejsapi=1&#038;origin=https:\/\/bulaoutdoor.nl\" frameborder=\"0\" allow=\"accelerometer; autoplay; clipboard-write; encrypted-media; gyroscope; picture-in-picture; web-share\" allowfullscreen><\/iframe><\/p>\n<p>Commandez le four hollandais 6 Qt directement aupr\u00e8s de Bula Outdoor, votre sp\u00e9cialiste de la cuisine.\u00a0<a href=\"https:\/\/bulaoutdoor.nl\/fr\/categorie-de-produits\/ustensiles-de-cuisine-pour-lexterieur\/\">Cuisine en plein air<\/a> sp\u00e9cialiste !<\/p>","protected":false},"excerpt":{"rendered":"<p>Le four hollandais est id\u00e9al pour la cuisson, le r\u00f4tissage, les rago\u00fbts, les tartes, les brownies, les rago\u00fbts et m\u00eame les oliebollen.<\/p>","protected":false},"featured_media":34025,"comment_status":"open","ping_status":"closed","template":"","meta":{"_acf_changed":false},"product_brand":[],"product_cat":[26],"product_tag":[43,87,79,81],"class_list":{"0":"post-34020","1":"product","2":"type-product","3":"status-publish","4":"has-post-thumbnail","6":"product_cat-outdoor-kookset","7":"product_tag-bbq","8":"product_tag-gietijzer","9":"product_tag-pan","10":"product_tag-windmill","12":"first","13":"instock","14":"taxable","15":"shipping-taxable","16":"purchasable","17":"product-type-simple"},"acf":[],"yoast_head":"<!-- This site is optimized with the Yoast SEO plugin v27.6 - https:\/\/yoast.com\/product\/yoast-seo-wordpress\/ -->\n<title>The Windmill Dutch Oven 9 Qt &#8211; Bula Outdoor<\/title>\n<meta name=\"robots\" content=\"index, follow, max-snippet:-1, max-image-preview:large, max-video-preview:-1\" \/>\n<link rel=\"canonical\" href=\"https:\/\/bulaoutdoor.nl\/fr\/produit\/le-moulin-a-vent-dutch-oven-9-qt\/\" \/>\n<meta property=\"og:locale\" content=\"fr_FR\" \/>\n<meta property=\"og:type\" content=\"article\" \/>\n<meta property=\"og:title\" content=\"The Windmill Dutch Oven 9 Qt &#8211; Bula Outdoor\" \/>\n<meta property=\"og:description\" content=\"De Dutch Oven is ideaal voor bakken, braden, stoofpotten, taarten, brownies, ovenschotels en zelfs oliebollen.\" \/>\n<meta property=\"og:url\" content=\"https:\/\/bulaoutdoor.nl\/fr\/produit\/le-moulin-a-vent-dutch-oven-9-qt\/\" \/>\n<meta property=\"og:site_name\" content=\"Bula Outdoor\" \/>\n<meta property=\"article:modified_time\" content=\"2023-11-13T10:16:38+00:00\" \/>\n<meta property=\"og:image\" content=\"https:\/\/bulaoutdoor.nl\/wp-content\/uploads\/2023\/10\/Dutch-Oven-9-Qt.jpg\" \/>\n\t<meta property=\"og:image:width\" content=\"900\" \/>\n\t<meta property=\"og:image:height\" content=\"900\" \/>\n\t<meta property=\"og:image:type\" content=\"image\/jpeg\" \/>\n<meta name=\"twitter:card\" content=\"summary_large_image\" \/>\n<meta name=\"twitter:label1\" content=\"Dur\u00e9e de lecture estim\u00e9e\" \/>\n\t<meta name=\"twitter:data1\" content=\"2 minutes\" \/>\n<script type=\"application\/ld+json\" class=\"yoast-schema-graph\">{\"@context\":\"https:\\\/\\\/schema.org\",\"@graph\":[{\"@type\":\"WebPage\",\"@id\":\"https:\\\/\\\/bulaoutdoor.nl\\\/product\\\/the-windmill-dutch-oven-9-qt\\\/\",\"url\":\"https:\\\/\\\/bulaoutdoor.nl\\\/product\\\/the-windmill-dutch-oven-9-qt\\\/\",\"name\":\"The Windmill Dutch Oven 9 Qt &#8211; Bula Outdoor\",\"isPartOf\":{\"@id\":\"https:\\\/\\\/bulaoutdoor.nl\\\/#website\"},\"primaryImageOfPage\":{\"@id\":\"https:\\\/\\\/bulaoutdoor.nl\\\/product\\\/the-windmill-dutch-oven-9-qt\\\/#primaryimage\"},\"image\":{\"@id\":\"https:\\\/\\\/bulaoutdoor.nl\\\/product\\\/the-windmill-dutch-oven-9-qt\\\/#primaryimage\"},\"thumbnailUrl\":\"https:\\\/\\\/bulaoutdoor.nl\\\/wp-content\\\/uploads\\\/2023\\\/10\\\/Dutch-Oven-9-Qt.jpg\",\"datePublished\":\"2023-10-11T11:23:14+00:00\",\"dateModified\":\"2023-11-13T10:16:38+00:00\",\"breadcrumb\":{\"@id\":\"https:\\\/\\\/bulaoutdoor.nl\\\/product\\\/the-windmill-dutch-oven-9-qt\\\/#breadcrumb\"},\"inLanguage\":\"fr-FR\",\"potentialAction\":[{\"@type\":\"ReadAction\",\"target\":[\"https:\\\/\\\/bulaoutdoor.nl\\\/product\\\/the-windmill-dutch-oven-9-qt\\\/\"]}]},{\"@type\":\"ImageObject\",\"inLanguage\":\"fr-FR\",\"@id\":\"https:\\\/\\\/bulaoutdoor.nl\\\/product\\\/the-windmill-dutch-oven-9-qt\\\/#primaryimage\",\"url\":\"https:\\\/\\\/bulaoutdoor.nl\\\/wp-content\\\/uploads\\\/2023\\\/10\\\/Dutch-Oven-9-Qt.jpg\",\"contentUrl\":\"https:\\\/\\\/bulaoutdoor.nl\\\/wp-content\\\/uploads\\\/2023\\\/10\\\/Dutch-Oven-9-Qt.jpg\",\"width\":900,\"height\":900},{\"@type\":\"BreadcrumbList\",\"@id\":\"https:\\\/\\\/bulaoutdoor.nl\\\/product\\\/the-windmill-dutch-oven-9-qt\\\/#breadcrumb\",\"itemListElement\":[{\"@type\":\"ListItem\",\"position\":1,\"name\":\"Home\",\"item\":\"https:\\\/\\\/bulaoutdoor.nl\\\/\"},{\"@type\":\"ListItem\",\"position\":2,\"name\":\"Online BBQ kopen\",\"item\":\"https:\\\/\\\/bulaoutdoor.nl\\\/\"},{\"@type\":\"ListItem\",\"position\":3,\"name\":\"The Windmill Dutch Oven 9 Qt\"}]},{\"@type\":\"WebSite\",\"@id\":\"https:\\\/\\\/bulaoutdoor.nl\\\/#website\",\"url\":\"https:\\\/\\\/bulaoutdoor.nl\\\/\",\"name\":\"Bula Outdoor\",\"description\":\"Voor uw buitenhaard, BBQ, tuinfakkel en houtoven\",\"publisher\":{\"@id\":\"https:\\\/\\\/bulaoutdoor.nl\\\/#organization\"},\"potentialAction\":[{\"@type\":\"SearchAction\",\"target\":{\"@type\":\"EntryPoint\",\"urlTemplate\":\"https:\\\/\\\/bulaoutdoor.nl\\\/?s={search_term_string}\"},\"query-input\":{\"@type\":\"PropertyValueSpecification\",\"valueRequired\":true,\"valueName\":\"search_term_string\"}}],\"inLanguage\":\"fr-FR\"},{\"@type\":\"Organization\",\"@id\":\"https:\\\/\\\/bulaoutdoor.nl\\\/#organization\",\"name\":\"Bula Outdoor\",\"url\":\"https:\\\/\\\/bulaoutdoor.nl\\\/\",\"logo\":{\"@type\":\"ImageObject\",\"inLanguage\":\"fr-FR\",\"@id\":\"https:\\\/\\\/bulaoutdoor.nl\\\/#\\\/schema\\\/logo\\\/image\\\/\",\"url\":\"https:\\\/\\\/www.bulaoutdoor.nl\\\/wp-content\\\/uploads\\\/2018\\\/04\\\/bulaoutdoor-logo.png\",\"contentUrl\":\"https:\\\/\\\/www.bulaoutdoor.nl\\\/wp-content\\\/uploads\\\/2018\\\/04\\\/bulaoutdoor-logo.png\",\"width\":324,\"height\":91,\"caption\":\"Bula Outdoor\"},\"image\":{\"@id\":\"https:\\\/\\\/bulaoutdoor.nl\\\/#\\\/schema\\\/logo\\\/image\\\/\"}}]}<\/script>\n<!-- \/ Yoast SEO plugin. -->","yoast_head_json":{"title":"Le four hollandais Windmill 9 Qt - Bula Outdoor","robots":{"index":"index","follow":"follow","max-snippet":"max-snippet:-1","max-image-preview":"max-image-preview:large","max-video-preview":"max-video-preview:-1"},"canonical":"https:\/\/bulaoutdoor.nl\/fr\/produit\/le-moulin-a-vent-dutch-oven-9-qt\/","og_locale":"fr_FR","og_type":"article","og_title":"The Windmill Dutch Oven 9 Qt &#8211; Bula Outdoor","og_description":"De Dutch Oven is ideaal voor bakken, braden, stoofpotten, taarten, brownies, ovenschotels en zelfs oliebollen.","og_url":"https:\/\/bulaoutdoor.nl\/fr\/produit\/le-moulin-a-vent-dutch-oven-9-qt\/","og_site_name":"Bula Outdoor","article_modified_time":"2023-11-13T10:16:38+00:00","og_image":[{"width":900,"height":900,"url":"https:\/\/bulaoutdoor.nl\/wp-content\/uploads\/2023\/10\/Dutch-Oven-9-Qt.jpg","type":"image\/jpeg"}],"twitter_card":"summary_large_image","twitter_misc":{"Dur\u00e9e de lecture estim\u00e9e":"2 minutes"},"schema":{"@context":"https:\/\/schema.org","@graph":[{"@type":"WebPage","@id":"https:\/\/bulaoutdoor.nl\/product\/the-windmill-dutch-oven-9-qt\/","url":"https:\/\/bulaoutdoor.nl\/product\/the-windmill-dutch-oven-9-qt\/","name":"Le four hollandais Windmill 9 Qt - Bula Outdoor","isPartOf":{"@id":"https:\/\/bulaoutdoor.nl\/#website"},"primaryImageOfPage":{"@id":"https:\/\/bulaoutdoor.nl\/product\/the-windmill-dutch-oven-9-qt\/#primaryimage"},"image":{"@id":"https:\/\/bulaoutdoor.nl\/product\/the-windmill-dutch-oven-9-qt\/#primaryimage"},"thumbnailUrl":"https:\/\/bulaoutdoor.nl\/wp-content\/uploads\/2023\/10\/Dutch-Oven-9-Qt.jpg","datePublished":"2023-10-11T11:23:14+00:00","dateModified":"2023-11-13T10:16:38+00:00","breadcrumb":{"@id":"https:\/\/bulaoutdoor.nl\/product\/the-windmill-dutch-oven-9-qt\/#breadcrumb"},"inLanguage":"fr-FR","potentialAction":[{"@type":"ReadAction","target":["https:\/\/bulaoutdoor.nl\/product\/the-windmill-dutch-oven-9-qt\/"]}]},{"@type":"ImageObject","inLanguage":"fr-FR","@id":"https:\/\/bulaoutdoor.nl\/product\/the-windmill-dutch-oven-9-qt\/#primaryimage","url":"https:\/\/bulaoutdoor.nl\/wp-content\/uploads\/2023\/10\/Dutch-Oven-9-Qt.jpg","contentUrl":"https:\/\/bulaoutdoor.nl\/wp-content\/uploads\/2023\/10\/Dutch-Oven-9-Qt.jpg","width":900,"height":900},{"@type":"BreadcrumbList","@id":"https:\/\/bulaoutdoor.nl\/product\/the-windmill-dutch-oven-9-qt\/#breadcrumb","itemListElement":[{"@type":"ListItem","position":1,"name":"Home","item":"https:\/\/bulaoutdoor.nl\/"},{"@type":"ListItem","position":2,"name":"Online BBQ kopen","item":"https:\/\/bulaoutdoor.nl\/"},{"@type":"ListItem","position":3,"name":"The Windmill Dutch Oven 9 Qt"}]},{"@type":"WebSite","@id":"https:\/\/bulaoutdoor.nl\/#website","url":"https:\/\/bulaoutdoor.nl\/","name":"Bula Outdoor","description":"Pour votre chemin\u00e9e ext\u00e9rieure, votre barbecue, votre torche de jardin et votre four \u00e0 bois","publisher":{"@id":"https:\/\/bulaoutdoor.nl\/#organization"},"potentialAction":[{"@type":"SearchAction","target":{"@type":"EntryPoint","urlTemplate":"https:\/\/bulaoutdoor.nl\/?s={search_term_string}"},"query-input":{"@type":"PropertyValueSpecification","valueRequired":true,"valueName":"search_term_string"}}],"inLanguage":"fr-FR"},{"@type":"Organization","@id":"https:\/\/bulaoutdoor.nl\/#organization","name":"Bula Outdoor","url":"https:\/\/bulaoutdoor.nl\/","logo":{"@type":"ImageObject","inLanguage":"fr-FR","@id":"https:\/\/bulaoutdoor.nl\/#\/schema\/logo\/image\/","url":"https:\/\/www.bulaoutdoor.nl\/wp-content\/uploads\/2018\/04\/bulaoutdoor-logo.png","contentUrl":"https:\/\/www.bulaoutdoor.nl\/wp-content\/uploads\/2018\/04\/bulaoutdoor-logo.png","width":324,"height":91,"caption":"Bula Outdoor"},"image":{"@id":"https:\/\/bulaoutdoor.nl\/#\/schema\/logo\/image\/"}}]}},"jetpack_sharing_enabled":true,"_links":{"self":[{"href":"https:\/\/bulaoutdoor.nl\/fr\/wp-json\/wp\/v2\/product\/34020","targetHints":{"allow":["GET"]}}],"collection":[{"href":"https:\/\/bulaoutdoor.nl\/fr\/wp-json\/wp\/v2\/product"}],"about":[{"href":"https:\/\/bulaoutdoor.nl\/fr\/wp-json\/wp\/v2\/types\/product"}],"replies":[{"embeddable":true,"href":"https:\/\/bulaoutdoor.nl\/fr\/wp-json\/wp\/v2\/comments?post=34020"}],"wp:featuredmedia":[{"embeddable":true,"href":"https:\/\/bulaoutdoor.nl\/fr\/wp-json\/wp\/v2\/media\/34025"}],"wp:attachment":[{"href":"https:\/\/bulaoutdoor.nl\/fr\/wp-json\/wp\/v2\/media?parent=34020"}],"wp:term":[{"taxonomy":"product_brand","embeddable":true,"href":"https:\/\/bulaoutdoor.nl\/fr\/wp-json\/wp\/v2\/product_brand?post=34020"},{"taxonomy":"product_cat","embeddable":true,"href":"https:\/\/bulaoutdoor.nl\/fr\/wp-json\/wp\/v2\/product_cat?post=34020"},{"taxonomy":"product_tag","embeddable":true,"href":"https:\/\/bulaoutdoor.nl\/fr\/wp-json\/wp\/v2\/product_tag?post=34020"}],"curies":[{"name":"wp","href":"https:\/\/api.w.org\/{rel}","templated":true}]}}