{"id":34037,"date":"2023-10-11T12:14:06","date_gmt":"2023-10-11T12:14:06","guid":{"rendered":"https:\/\/bulaoutdoor.nl\/?post_type=product&#038;p=34037"},"modified":"2026-02-16T21:56:19","modified_gmt":"2026-02-16T21:56:19","slug":"les-sandwichs-grilles-du-moulin-a-vent","status":"publish","type":"product","link":"https:\/\/bulaoutdoor.nl\/fr\/product\/the-windmill-tosti-ijzer-s\/","title":{"rendered":"Le grille-pain Windmill S"},"content":{"rendered":"<h4>Le grille-pain Windmill S<\/h4>\n<p>Pr\u00e9parez votre propre sandwich ou panini sur le feu. Cela peut se faire sur le barbecue, le feu ouvert, la chemin\u00e9e mais aussi sur la cuisini\u00e8re.<\/p>\n<p>D\u00e9couvrez les nombreuses possibilit\u00e9s de notre fer \u00e0 sandwich ! Du juteux\u00a0<a href=\"https:\/\/www.thewindmillcastiron.nl\/nl\/blogs\/berichten\/barbecue-chicken-tosti\/\" target=\"_blank\" rel=\"noopener\">Sandwichs au poulet BBQ<\/a>\u00a0\u00e0 d\u00e9lectable\u00a0<a href=\"https:\/\/www.thewindmillcastiron.nl\/nl\/blogs\/berichten\/recept-flame-grilled-steak-sandwich\/\" target=\"_blank\" rel=\"noopener\">sandwichs grill\u00e9s \u00e0 la flamme<\/a>\u00a0et m\u00eame\u00a0<a href=\"https:\/\/www.thewindmillcastiron.nl\/nl\/blogs\/berichten\/pizza-uit-eigen-tuin\/\" target=\"_blank\" rel=\"noopener\">de d\u00e9licieuses pizzas<\/a>\u00a0et\u00a0<a href=\"https:\/\/www.thewindmillcastiron.nl\/nl\/blogs\/berichten\/recept-pie-iron-kaneelbroodjes\/\" target=\"_blank\" rel=\"noopener\">petits pains \u00e0 la cannelle<\/a>. Vous pouvez \u00e9galement faire frire des l\u00e9gumes, du poisson ou de la viande dans le fer \u00e0 sandwich ou pr\u00e9parer un d\u00e9licieux dessert avec des guimauves, du chocolat et des cerises chaudes. Lire notre blog\u00a0<a href=\"https:\/\/www.thewindmillcastiron.nl\/nl\/blogs\/berichten\/wat-kun-je-allemaal-met-het-sandwichijzer\/\" target=\"_blank\" rel=\"noopener\">\"Que peut-on faire avec le fer \u00e0 sandwich ?\"<\/a> pour cette inspiration et bien d'autres encore ! Amusant \u00e0 faire avec des amis et la famille.<\/p>\n<p><strong>Caract\u00e9ristiques<\/strong><\/p>\n<ul>\n<li>Fonte trait\u00e9e pr\u00e9-saison.<\/li>\n<li>Id\u00e9al pour le feu de camp.<\/li>\n<li>Tiges extra-longues en acier inoxydable avec poign\u00e9es en bois.<\/li>\n<\/ul>\n<p><strong>Sp\u00e9cifications<\/strong><\/p>\n<ul>\n<li>Poids : 1800 grammes<\/li>\n<li>Longueur : 470 mm<\/li>\n<li>Hauteur : 130 mm<\/li>\n<li>Longueur des tiges en acier inoxydable avec poign\u00e9es en bois : 350 mm<\/li>\n<li>Poign\u00e9e \u00d8 : 7 mm<\/li>\n<\/ul>\n<p>Commandez le fer \u00e0 repasser Tosi S The Windmill directement aupr\u00e8s de Bula Outdoor, votre <a href=\"https:\/\/bulaoutdoor.nl\/fr\/categorie-de-produits\/ustensiles-de-cuisine-pour-lexterieur\/\">Cuisine en plein air<\/a> sp\u00e9cialiste !<\/p>","protected":false},"excerpt":{"rendered":"<p>Pr\u00e9parez votre propre sandwich ou panini sur le feu. Cela peut se faire sur le barbecue ou sur un feu ouvert,<\/p>\n<p>470 mm x 130 mm<\/p>","protected":false},"featured_media":34038,"comment_status":"open","ping_status":"closed","template":"","meta":{"_acf_changed":false},"product_brand":[],"product_cat":[26],"product_tag":[43,87,81],"class_list":{"0":"post-34037","1":"product","2":"type-product","3":"status-publish","4":"has-post-thumbnail","6":"product_cat-outdoor-kookset","7":"product_tag-bbq","8":"product_tag-gietijzer","9":"product_tag-windmill","11":"first","12":"outofstock","13":"taxable","14":"shipping-taxable","15":"purchasable","16":"product-type-simple"},"acf":[],"yoast_head":"<!-- This site is optimized with the Yoast SEO plugin v27.3 - https:\/\/yoast.com\/product\/yoast-seo-wordpress\/ -->\n<title>The Windmill Tosti-ijzer S &#8211; Bula Outdoor<\/title>\n<meta name=\"robots\" content=\"index, follow, max-snippet:-1, max-image-preview:large, max-video-preview:-1\" \/>\n<link rel=\"canonical\" href=\"https:\/\/bulaoutdoor.nl\/fr\/produit\/les-sandwichs-grilles-du-moulin-a-vent\/\" \/>\n<meta property=\"og:locale\" content=\"fr_FR\" \/>\n<meta property=\"og:type\" content=\"article\" \/>\n<meta property=\"og:title\" content=\"The Windmill Tosti-ijzer S &#8211; Bula Outdoor\" \/>\n<meta property=\"og:description\" content=\"Maak je eigen tosti of panini boven een vuur. Het kan op de bbq, open vuur,  470 mm x\u00a0 130 mm\" \/>\n<meta property=\"og:url\" content=\"https:\/\/bulaoutdoor.nl\/fr\/produit\/les-sandwichs-grilles-du-moulin-a-vent\/\" \/>\n<meta property=\"og:site_name\" content=\"Bula Outdoor\" \/>\n<meta property=\"article:modified_time\" content=\"2026-02-16T21:56:19+00:00\" \/>\n<meta property=\"og:image\" content=\"https:\/\/bulaoutdoor.nl\/wp-content\/uploads\/2023\/10\/TWM021A-scaled.jpg\" \/>\n\t<meta property=\"og:image:width\" content=\"2560\" \/>\n\t<meta property=\"og:image:height\" content=\"2560\" \/>\n\t<meta property=\"og:image:type\" content=\"image\/jpeg\" \/>\n<meta name=\"twitter:card\" content=\"summary_large_image\" \/>\n<meta name=\"twitter:label1\" content=\"Dur\u00e9e de lecture estim\u00e9e\" \/>\n\t<meta name=\"twitter:data1\" content=\"1 minute\" \/>\n<script type=\"application\/ld+json\" class=\"yoast-schema-graph\">{\"@context\":\"https:\\\/\\\/schema.org\",\"@graph\":[{\"@type\":\"WebPage\",\"@id\":\"https:\\\/\\\/bulaoutdoor.nl\\\/product\\\/the-windmill-tosti-ijzer-s\\\/\",\"url\":\"https:\\\/\\\/bulaoutdoor.nl\\\/product\\\/the-windmill-tosti-ijzer-s\\\/\",\"name\":\"The Windmill Tosti-ijzer S &#8211; Bula Outdoor\",\"isPartOf\":{\"@id\":\"https:\\\/\\\/bulaoutdoor.nl\\\/#website\"},\"primaryImageOfPage\":{\"@id\":\"https:\\\/\\\/bulaoutdoor.nl\\\/product\\\/the-windmill-tosti-ijzer-s\\\/#primaryimage\"},\"image\":{\"@id\":\"https:\\\/\\\/bulaoutdoor.nl\\\/product\\\/the-windmill-tosti-ijzer-s\\\/#primaryimage\"},\"thumbnailUrl\":\"https:\\\/\\\/bulaoutdoor.nl\\\/wp-content\\\/uploads\\\/2023\\\/10\\\/TWM021A-scaled.jpg\",\"datePublished\":\"2023-10-11T12:14:06+00:00\",\"dateModified\":\"2026-02-16T21:56:19+00:00\",\"breadcrumb\":{\"@id\":\"https:\\\/\\\/bulaoutdoor.nl\\\/product\\\/the-windmill-tosti-ijzer-s\\\/#breadcrumb\"},\"inLanguage\":\"fr-FR\",\"potentialAction\":[{\"@type\":\"ReadAction\",\"target\":[\"https:\\\/\\\/bulaoutdoor.nl\\\/product\\\/the-windmill-tosti-ijzer-s\\\/\"]}]},{\"@type\":\"ImageObject\",\"inLanguage\":\"fr-FR\",\"@id\":\"https:\\\/\\\/bulaoutdoor.nl\\\/product\\\/the-windmill-tosti-ijzer-s\\\/#primaryimage\",\"url\":\"https:\\\/\\\/bulaoutdoor.nl\\\/wp-content\\\/uploads\\\/2023\\\/10\\\/TWM021A-scaled.jpg\",\"contentUrl\":\"https:\\\/\\\/bulaoutdoor.nl\\\/wp-content\\\/uploads\\\/2023\\\/10\\\/TWM021A-scaled.jpg\",\"width\":2560,\"height\":2560},{\"@type\":\"BreadcrumbList\",\"@id\":\"https:\\\/\\\/bulaoutdoor.nl\\\/product\\\/the-windmill-tosti-ijzer-s\\\/#breadcrumb\",\"itemListElement\":[{\"@type\":\"ListItem\",\"position\":1,\"name\":\"Home\",\"item\":\"https:\\\/\\\/bulaoutdoor.nl\\\/\"},{\"@type\":\"ListItem\",\"position\":2,\"name\":\"Online BBQ kopen\",\"item\":\"https:\\\/\\\/bulaoutdoor.nl\\\/\"},{\"@type\":\"ListItem\",\"position\":3,\"name\":\"The Windmill Tosti-ijzer S\"}]},{\"@type\":\"WebSite\",\"@id\":\"https:\\\/\\\/bulaoutdoor.nl\\\/#website\",\"url\":\"https:\\\/\\\/bulaoutdoor.nl\\\/\",\"name\":\"Bula Outdoor\",\"description\":\"Voor uw buitenhaard, BBQ, tuinfakkel en houtoven\",\"publisher\":{\"@id\":\"https:\\\/\\\/bulaoutdoor.nl\\\/#organization\"},\"potentialAction\":[{\"@type\":\"SearchAction\",\"target\":{\"@type\":\"EntryPoint\",\"urlTemplate\":\"https:\\\/\\\/bulaoutdoor.nl\\\/?s={search_term_string}\"},\"query-input\":{\"@type\":\"PropertyValueSpecification\",\"valueRequired\":true,\"valueName\":\"search_term_string\"}}],\"inLanguage\":\"fr-FR\"},{\"@type\":\"Organization\",\"@id\":\"https:\\\/\\\/bulaoutdoor.nl\\\/#organization\",\"name\":\"Bula Outdoor\",\"url\":\"https:\\\/\\\/bulaoutdoor.nl\\\/\",\"logo\":{\"@type\":\"ImageObject\",\"inLanguage\":\"fr-FR\",\"@id\":\"https:\\\/\\\/bulaoutdoor.nl\\\/#\\\/schema\\\/logo\\\/image\\\/\",\"url\":\"https:\\\/\\\/www.bulaoutdoor.nl\\\/wp-content\\\/uploads\\\/2018\\\/04\\\/bulaoutdoor-logo.png\",\"contentUrl\":\"https:\\\/\\\/www.bulaoutdoor.nl\\\/wp-content\\\/uploads\\\/2018\\\/04\\\/bulaoutdoor-logo.png\",\"width\":324,\"height\":91,\"caption\":\"Bula Outdoor\"},\"image\":{\"@id\":\"https:\\\/\\\/bulaoutdoor.nl\\\/#\\\/schema\\\/logo\\\/image\\\/\"}}]}<\/script>\n<!-- \/ Yoast SEO plugin. -->","yoast_head_json":{"title":"Grille-pain Windmill S - Bula Outdoor","robots":{"index":"index","follow":"follow","max-snippet":"max-snippet:-1","max-image-preview":"max-image-preview:large","max-video-preview":"max-video-preview:-1"},"canonical":"https:\/\/bulaoutdoor.nl\/fr\/produit\/les-sandwichs-grilles-du-moulin-a-vent\/","og_locale":"fr_FR","og_type":"article","og_title":"The Windmill Tosti-ijzer S &#8211; Bula Outdoor","og_description":"Maak je eigen tosti of panini boven een vuur. Het kan op de bbq, open vuur,  470 mm x\u00a0 130 mm","og_url":"https:\/\/bulaoutdoor.nl\/fr\/produit\/les-sandwichs-grilles-du-moulin-a-vent\/","og_site_name":"Bula Outdoor","article_modified_time":"2026-02-16T21:56:19+00:00","og_image":[{"width":2560,"height":2560,"url":"https:\/\/bulaoutdoor.nl\/wp-content\/uploads\/2023\/10\/TWM021A-scaled.jpg","type":"image\/jpeg"}],"twitter_card":"summary_large_image","twitter_misc":{"Dur\u00e9e de lecture estim\u00e9e":"1 minute"},"schema":{"@context":"https:\/\/schema.org","@graph":[{"@type":"WebPage","@id":"https:\/\/bulaoutdoor.nl\/product\/the-windmill-tosti-ijzer-s\/","url":"https:\/\/bulaoutdoor.nl\/product\/the-windmill-tosti-ijzer-s\/","name":"Grille-pain Windmill S - Bula Outdoor","isPartOf":{"@id":"https:\/\/bulaoutdoor.nl\/#website"},"primaryImageOfPage":{"@id":"https:\/\/bulaoutdoor.nl\/product\/the-windmill-tosti-ijzer-s\/#primaryimage"},"image":{"@id":"https:\/\/bulaoutdoor.nl\/product\/the-windmill-tosti-ijzer-s\/#primaryimage"},"thumbnailUrl":"https:\/\/bulaoutdoor.nl\/wp-content\/uploads\/2023\/10\/TWM021A-scaled.jpg","datePublished":"2023-10-11T12:14:06+00:00","dateModified":"2026-02-16T21:56:19+00:00","breadcrumb":{"@id":"https:\/\/bulaoutdoor.nl\/product\/the-windmill-tosti-ijzer-s\/#breadcrumb"},"inLanguage":"fr-FR","potentialAction":[{"@type":"ReadAction","target":["https:\/\/bulaoutdoor.nl\/product\/the-windmill-tosti-ijzer-s\/"]}]},{"@type":"ImageObject","inLanguage":"fr-FR","@id":"https:\/\/bulaoutdoor.nl\/product\/the-windmill-tosti-ijzer-s\/#primaryimage","url":"https:\/\/bulaoutdoor.nl\/wp-content\/uploads\/2023\/10\/TWM021A-scaled.jpg","contentUrl":"https:\/\/bulaoutdoor.nl\/wp-content\/uploads\/2023\/10\/TWM021A-scaled.jpg","width":2560,"height":2560},{"@type":"BreadcrumbList","@id":"https:\/\/bulaoutdoor.nl\/product\/the-windmill-tosti-ijzer-s\/#breadcrumb","itemListElement":[{"@type":"ListItem","position":1,"name":"Home","item":"https:\/\/bulaoutdoor.nl\/"},{"@type":"ListItem","position":2,"name":"Online BBQ kopen","item":"https:\/\/bulaoutdoor.nl\/"},{"@type":"ListItem","position":3,"name":"The Windmill Tosti-ijzer S"}]},{"@type":"WebSite","@id":"https:\/\/bulaoutdoor.nl\/#website","url":"https:\/\/bulaoutdoor.nl\/","name":"Bula Outdoor","description":"Pour votre chemin\u00e9e ext\u00e9rieure, votre barbecue, votre torche de jardin et votre four \u00e0 bois","publisher":{"@id":"https:\/\/bulaoutdoor.nl\/#organization"},"potentialAction":[{"@type":"SearchAction","target":{"@type":"EntryPoint","urlTemplate":"https:\/\/bulaoutdoor.nl\/?s={search_term_string}"},"query-input":{"@type":"PropertyValueSpecification","valueRequired":true,"valueName":"search_term_string"}}],"inLanguage":"fr-FR"},{"@type":"Organization","@id":"https:\/\/bulaoutdoor.nl\/#organization","name":"Bula Outdoor","url":"https:\/\/bulaoutdoor.nl\/","logo":{"@type":"ImageObject","inLanguage":"fr-FR","@id":"https:\/\/bulaoutdoor.nl\/#\/schema\/logo\/image\/","url":"https:\/\/www.bulaoutdoor.nl\/wp-content\/uploads\/2018\/04\/bulaoutdoor-logo.png","contentUrl":"https:\/\/www.bulaoutdoor.nl\/wp-content\/uploads\/2018\/04\/bulaoutdoor-logo.png","width":324,"height":91,"caption":"Bula Outdoor"},"image":{"@id":"https:\/\/bulaoutdoor.nl\/#\/schema\/logo\/image\/"}}]}},"jetpack_sharing_enabled":true,"_links":{"self":[{"href":"https:\/\/bulaoutdoor.nl\/fr\/wp-json\/wp\/v2\/product\/34037","targetHints":{"allow":["GET"]}}],"collection":[{"href":"https:\/\/bulaoutdoor.nl\/fr\/wp-json\/wp\/v2\/product"}],"about":[{"href":"https:\/\/bulaoutdoor.nl\/fr\/wp-json\/wp\/v2\/types\/product"}],"replies":[{"embeddable":true,"href":"https:\/\/bulaoutdoor.nl\/fr\/wp-json\/wp\/v2\/comments?post=34037"}],"wp:featuredmedia":[{"embeddable":true,"href":"https:\/\/bulaoutdoor.nl\/fr\/wp-json\/wp\/v2\/media\/34038"}],"wp:attachment":[{"href":"https:\/\/bulaoutdoor.nl\/fr\/wp-json\/wp\/v2\/media?parent=34037"}],"wp:term":[{"taxonomy":"product_brand","embeddable":true,"href":"https:\/\/bulaoutdoor.nl\/fr\/wp-json\/wp\/v2\/product_brand?post=34037"},{"taxonomy":"product_cat","embeddable":true,"href":"https:\/\/bulaoutdoor.nl\/fr\/wp-json\/wp\/v2\/product_cat?post=34037"},{"taxonomy":"product_tag","embeddable":true,"href":"https:\/\/bulaoutdoor.nl\/fr\/wp-json\/wp\/v2\/product_tag?post=34037"}],"curies":[{"name":"wp","href":"https:\/\/api.w.org\/{rel}","templated":true}]}}