{"id":34169,"date":"2023-10-16T08:21:22","date_gmt":"2023-10-16T08:21:22","guid":{"rendered":"https:\/\/bulaoutdoor.nl\/?post_type=product&#038;p=34169"},"modified":"2026-02-20T18:57:13","modified_gmt":"2026-02-20T18:57:13","slug":"la-presse-a-bacon-en-fonte-du-moulin-a-vent","status":"publish","type":"product","link":"https:\/\/bulaoutdoor.nl\/fr\/product\/the-windmill-cast-iron-bacon-press\/","title":{"rendered":"Presse \u00e0 bacon en fonte The Windmill"},"content":{"rendered":"<h2>The Windmill Bacon Press Fonte - Pression parfaite pour le bacon, les hamburgers et les steaks<\/h2>\n<p data-start=\"140\" data-end=\"490\">Avec cette <strong data-start=\"149\" data-end=\"176\">Presse \u00e0 bacon en fonte<\/strong> vous pr\u00e9parez sans effort du bacon croustillant, des hamburgers juteux et des steaks parfaitement grill\u00e9s. En appliquant une pression uniforme pendant la friture ou le gril, vous \u00e9vitez que la viande ne se d\u00e9forme et vous assurez une r\u00e9partition optimale de la chaleur. Le r\u00e9sultat ? Une cuisson agr\u00e9able et homog\u00e8ne et un ext\u00e9rieur d\u00e9licieusement croustillant.<\/p>\n<p data-start=\"492\" data-end=\"746\">Cette presse \u00e0 bacon robuste convient non seulement \u00e0 la viande, mais aussi \u00e0 la pr\u00e9paration de paninis, de sandwichs et de pains pita. Utilisez la presse sur une po\u00eale, une plaque de cuisson, un barbecue ou une plancha pour obtenir des r\u00e9sultats de grillade professionnels dans votre cuisine ou votre jardin.<\/p>\n<h3 data-start=\"748\" data-end=\"776\">Pour de meilleurs r\u00e9sultats<\/h3>\n<p data-start=\"778\" data-end=\"955\">Pour un effet maximal, pr\u00e9chauffez la presse \u00e0 bacon sur la po\u00eale ou le gril. Vous cr\u00e9erez ainsi une chaleur de contact suppl\u00e9mentaire au sommet du plat et r\u00e9duirez le temps de cuisson.<\/p>\n<hr data-start=\"957\" data-end=\"960\" \/>\n<h2 data-start=\"962\" data-end=\"1010\">Pourquoi choisir une presse \u00e0 bacon en fonte ?<\/h2>\n<ul data-start=\"1012\" data-end=\"1215\">\n<li data-start=\"1012\" data-end=\"1054\">\n<p data-start=\"1014\" data-end=\"1054\">Assure une pression et une cuisson homog\u00e8nes<\/p>\n<\/li>\n<li data-start=\"1055\" data-end=\"1092\">\n<p data-start=\"1057\" data-end=\"1092\">Emp\u00eache l'enroulement du bacon ou de la viande<\/p>\n<\/li>\n<li data-start=\"1093\" data-end=\"1126\">\n<p data-start=\"1095\" data-end=\"1126\">Donne de beaux r\u00e9sultats de grillade<\/p>\n<\/li>\n<li data-start=\"1127\" data-end=\"1169\">\n<p data-start=\"1129\" data-end=\"1169\">Id\u00e9al pour le barbecue, le gril et la po\u00eale \u00e0 frire<\/p>\n<\/li>\n<li data-start=\"1170\" data-end=\"1215\">\n<p data-start=\"1172\" data-end=\"1215\">Convient pour la viande, les paninis et les sandwiches<\/p>\n<\/li>\n<\/ul>\n<p data-start=\"1217\" data-end=\"1333\">Gr\u00e2ce \u00e0 la fonte durable, la presse conserve tr\u00e8s bien la chaleur et durera des ann\u00e9es en cas d'utilisation intensive.<\/p>\n<hr data-start=\"1335\" data-end=\"1338\" \/>\n<h2 data-start=\"1340\" data-end=\"1368\">Sp\u00e9cifications de la presse \u00e0 bacon<\/h2>\n<ul data-start=\"1370\" data-end=\"1521\">\n<li data-start=\"1370\" data-end=\"1396\">\n<p data-start=\"1372\" data-end=\"1396\"><strong data-start=\"1372\" data-end=\"1384\">Poids :<\/strong> 1100 grammes<\/p>\n<\/li>\n<li data-start=\"1397\" data-end=\"1418\">\n<p data-start=\"1399\" data-end=\"1418\"><strong data-start=\"1399\" data-end=\"1410\">Longueur :<\/strong> 20 cm<\/p>\n<\/li>\n<li data-start=\"1419\" data-end=\"1441\">\n<p data-start=\"1421\" data-end=\"1441\"><strong data-start=\"1421\" data-end=\"1433\">Largeur :<\/strong> 10 cm<\/p>\n<\/li>\n<li data-start=\"1442\" data-end=\"1462\">\n<p data-start=\"1444\" data-end=\"1462\"><strong data-start=\"1444\" data-end=\"1455\">Hauteur :<\/strong> 6 cm<\/p>\n<\/li>\n<li data-start=\"1463\" data-end=\"1491\">\n<p data-start=\"1465\" data-end=\"1491\"><strong data-start=\"1465\" data-end=\"1479\">Mat\u00e9riau :<\/strong> Fonte<\/p>\n<\/li>\n<li data-start=\"1492\" data-end=\"1521\">\n<p data-start=\"1494\" data-end=\"1521\"><strong data-start=\"1494\" data-end=\"1515\">Passe au lave-vaisselle :<\/strong> Non<\/p>\n<\/li>\n<\/ul>\n<hr data-start=\"1523\" data-end=\"1526\" \/>\n<p data-start=\"1528\" data-end=\"1697\" data-is-last-node=\"\" data-is-only-node=\"\">Gr\u00e2ce \u00e0 cette robuste <strong data-start=\"1546\" data-end=\"1575\">Presse \u00e0 bacon en fonte<\/strong> vous obtenez un accessoire de barbecue indispensable pour tous ceux qui aiment les viandes parfaitement grill\u00e9es et les sandwichs croustillants. \ud83d\udd25<\/p>","protected":false},"excerpt":{"rendered":"<p>Utilisez la presse \u00e0 bacon pour r\u00f4tir votre bacon, votre hamburger ou votre steak, par exemple.<\/p>","protected":false},"featured_media":34170,"comment_status":"open","ping_status":"closed","template":"","meta":{"_acf_changed":false},"product_brand":[],"product_cat":[26,1448],"product_tag":[87,1328],"class_list":{"0":"post-34169","1":"product","2":"type-product","3":"status-publish","4":"has-post-thumbnail","6":"product_cat-outdoor-kookset","7":"product_cat-uitverkoop","8":"product_tag-gietijzer","9":"product_tag-outdoor-cooking","11":"first","12":"outofstock","13":"sale","14":"taxable","15":"shipping-taxable","16":"purchasable","17":"product-type-simple"},"acf":[],"yoast_head":"<!-- This site is optimized with the Yoast SEO plugin v27.3 - https:\/\/yoast.com\/product\/yoast-seo-wordpress\/ -->\n<title>The Windmill Cast Iron Bacon Press &#8211; Bula Outdoor<\/title>\n<meta name=\"robots\" content=\"index, follow, max-snippet:-1, max-image-preview:large, max-video-preview:-1\" \/>\n<link rel=\"canonical\" href=\"https:\/\/bulaoutdoor.nl\/fr\/produit\/la-presse-a-bacon-en-fonte-du-moulin-a-vent\/\" \/>\n<meta property=\"og:locale\" content=\"fr_FR\" \/>\n<meta property=\"og:type\" content=\"article\" \/>\n<meta property=\"og:title\" content=\"The Windmill Cast Iron Bacon Press &#8211; Bula Outdoor\" \/>\n<meta property=\"og:description\" content=\"Gebruik de baconpers om bijvoorbeeld je spek, hamburger of steak te braden.\" \/>\n<meta property=\"og:url\" content=\"https:\/\/bulaoutdoor.nl\/fr\/produit\/la-presse-a-bacon-en-fonte-du-moulin-a-vent\/\" \/>\n<meta property=\"og:site_name\" content=\"Bula Outdoor\" \/>\n<meta property=\"article:modified_time\" content=\"2026-02-20T18:57:13+00:00\" \/>\n<meta property=\"og:image\" content=\"https:\/\/bulaoutdoor.nl\/wp-content\/uploads\/2023\/10\/TWM027.jpg\" \/>\n\t<meta property=\"og:image:width\" content=\"900\" \/>\n\t<meta property=\"og:image:height\" content=\"900\" \/>\n\t<meta property=\"og:image:type\" content=\"image\/jpeg\" \/>\n<meta name=\"twitter:card\" content=\"summary_large_image\" \/>\n<meta name=\"twitter:label1\" content=\"Dur\u00e9e de lecture estim\u00e9e\" \/>\n\t<meta name=\"twitter:data1\" content=\"2 minutes\" \/>\n<script type=\"application\/ld+json\" class=\"yoast-schema-graph\">{\"@context\":\"https:\\\/\\\/schema.org\",\"@graph\":[{\"@type\":\"WebPage\",\"@id\":\"https:\\\/\\\/bulaoutdoor.nl\\\/product\\\/the-windmill-cast-iron-bacon-press\\\/\",\"url\":\"https:\\\/\\\/bulaoutdoor.nl\\\/product\\\/the-windmill-cast-iron-bacon-press\\\/\",\"name\":\"The Windmill Cast Iron Bacon Press &#8211; Bula Outdoor\",\"isPartOf\":{\"@id\":\"https:\\\/\\\/bulaoutdoor.nl\\\/#website\"},\"primaryImageOfPage\":{\"@id\":\"https:\\\/\\\/bulaoutdoor.nl\\\/product\\\/the-windmill-cast-iron-bacon-press\\\/#primaryimage\"},\"image\":{\"@id\":\"https:\\\/\\\/bulaoutdoor.nl\\\/product\\\/the-windmill-cast-iron-bacon-press\\\/#primaryimage\"},\"thumbnailUrl\":\"https:\\\/\\\/bulaoutdoor.nl\\\/wp-content\\\/uploads\\\/2023\\\/10\\\/TWM027.jpg\",\"datePublished\":\"2023-10-16T08:21:22+00:00\",\"dateModified\":\"2026-02-20T18:57:13+00:00\",\"breadcrumb\":{\"@id\":\"https:\\\/\\\/bulaoutdoor.nl\\\/product\\\/the-windmill-cast-iron-bacon-press\\\/#breadcrumb\"},\"inLanguage\":\"fr-FR\",\"potentialAction\":[{\"@type\":\"ReadAction\",\"target\":[\"https:\\\/\\\/bulaoutdoor.nl\\\/product\\\/the-windmill-cast-iron-bacon-press\\\/\"]}]},{\"@type\":\"ImageObject\",\"inLanguage\":\"fr-FR\",\"@id\":\"https:\\\/\\\/bulaoutdoor.nl\\\/product\\\/the-windmill-cast-iron-bacon-press\\\/#primaryimage\",\"url\":\"https:\\\/\\\/bulaoutdoor.nl\\\/wp-content\\\/uploads\\\/2023\\\/10\\\/TWM027.jpg\",\"contentUrl\":\"https:\\\/\\\/bulaoutdoor.nl\\\/wp-content\\\/uploads\\\/2023\\\/10\\\/TWM027.jpg\",\"width\":900,\"height\":900},{\"@type\":\"BreadcrumbList\",\"@id\":\"https:\\\/\\\/bulaoutdoor.nl\\\/product\\\/the-windmill-cast-iron-bacon-press\\\/#breadcrumb\",\"itemListElement\":[{\"@type\":\"ListItem\",\"position\":1,\"name\":\"Home\",\"item\":\"https:\\\/\\\/bulaoutdoor.nl\\\/\"},{\"@type\":\"ListItem\",\"position\":2,\"name\":\"Online BBQ kopen\",\"item\":\"https:\\\/\\\/bulaoutdoor.nl\\\/\"},{\"@type\":\"ListItem\",\"position\":3,\"name\":\"The Windmill Cast Iron Bacon Press\"}]},{\"@type\":\"WebSite\",\"@id\":\"https:\\\/\\\/bulaoutdoor.nl\\\/#website\",\"url\":\"https:\\\/\\\/bulaoutdoor.nl\\\/\",\"name\":\"Bula Outdoor\",\"description\":\"Voor uw buitenhaard, BBQ, tuinfakkel en houtoven\",\"publisher\":{\"@id\":\"https:\\\/\\\/bulaoutdoor.nl\\\/#organization\"},\"potentialAction\":[{\"@type\":\"SearchAction\",\"target\":{\"@type\":\"EntryPoint\",\"urlTemplate\":\"https:\\\/\\\/bulaoutdoor.nl\\\/?s={search_term_string}\"},\"query-input\":{\"@type\":\"PropertyValueSpecification\",\"valueRequired\":true,\"valueName\":\"search_term_string\"}}],\"inLanguage\":\"fr-FR\"},{\"@type\":\"Organization\",\"@id\":\"https:\\\/\\\/bulaoutdoor.nl\\\/#organization\",\"name\":\"Bula Outdoor\",\"url\":\"https:\\\/\\\/bulaoutdoor.nl\\\/\",\"logo\":{\"@type\":\"ImageObject\",\"inLanguage\":\"fr-FR\",\"@id\":\"https:\\\/\\\/bulaoutdoor.nl\\\/#\\\/schema\\\/logo\\\/image\\\/\",\"url\":\"https:\\\/\\\/www.bulaoutdoor.nl\\\/wp-content\\\/uploads\\\/2018\\\/04\\\/bulaoutdoor-logo.png\",\"contentUrl\":\"https:\\\/\\\/www.bulaoutdoor.nl\\\/wp-content\\\/uploads\\\/2018\\\/04\\\/bulaoutdoor-logo.png\",\"width\":324,\"height\":91,\"caption\":\"Bula Outdoor\"},\"image\":{\"@id\":\"https:\\\/\\\/bulaoutdoor.nl\\\/#\\\/schema\\\/logo\\\/image\\\/\"}}]}<\/script>\n<!-- \/ Yoast SEO plugin. -->","yoast_head_json":{"title":"Presse \u00e0 bacon en fonte The Windmill - Bula Outdoor","robots":{"index":"index","follow":"follow","max-snippet":"max-snippet:-1","max-image-preview":"max-image-preview:large","max-video-preview":"max-video-preview:-1"},"canonical":"https:\/\/bulaoutdoor.nl\/fr\/produit\/la-presse-a-bacon-en-fonte-du-moulin-a-vent\/","og_locale":"fr_FR","og_type":"article","og_title":"The Windmill Cast Iron Bacon Press &#8211; Bula Outdoor","og_description":"Gebruik de baconpers om bijvoorbeeld je spek, hamburger of steak te braden.","og_url":"https:\/\/bulaoutdoor.nl\/fr\/produit\/la-presse-a-bacon-en-fonte-du-moulin-a-vent\/","og_site_name":"Bula Outdoor","article_modified_time":"2026-02-20T18:57:13+00:00","og_image":[{"width":900,"height":900,"url":"https:\/\/bulaoutdoor.nl\/wp-content\/uploads\/2023\/10\/TWM027.jpg","type":"image\/jpeg"}],"twitter_card":"summary_large_image","twitter_misc":{"Dur\u00e9e de lecture estim\u00e9e":"2 minutes"},"schema":{"@context":"https:\/\/schema.org","@graph":[{"@type":"WebPage","@id":"https:\/\/bulaoutdoor.nl\/product\/the-windmill-cast-iron-bacon-press\/","url":"https:\/\/bulaoutdoor.nl\/product\/the-windmill-cast-iron-bacon-press\/","name":"Presse \u00e0 bacon en fonte The Windmill - Bula Outdoor","isPartOf":{"@id":"https:\/\/bulaoutdoor.nl\/#website"},"primaryImageOfPage":{"@id":"https:\/\/bulaoutdoor.nl\/product\/the-windmill-cast-iron-bacon-press\/#primaryimage"},"image":{"@id":"https:\/\/bulaoutdoor.nl\/product\/the-windmill-cast-iron-bacon-press\/#primaryimage"},"thumbnailUrl":"https:\/\/bulaoutdoor.nl\/wp-content\/uploads\/2023\/10\/TWM027.jpg","datePublished":"2023-10-16T08:21:22+00:00","dateModified":"2026-02-20T18:57:13+00:00","breadcrumb":{"@id":"https:\/\/bulaoutdoor.nl\/product\/the-windmill-cast-iron-bacon-press\/#breadcrumb"},"inLanguage":"fr-FR","potentialAction":[{"@type":"ReadAction","target":["https:\/\/bulaoutdoor.nl\/product\/the-windmill-cast-iron-bacon-press\/"]}]},{"@type":"ImageObject","inLanguage":"fr-FR","@id":"https:\/\/bulaoutdoor.nl\/product\/the-windmill-cast-iron-bacon-press\/#primaryimage","url":"https:\/\/bulaoutdoor.nl\/wp-content\/uploads\/2023\/10\/TWM027.jpg","contentUrl":"https:\/\/bulaoutdoor.nl\/wp-content\/uploads\/2023\/10\/TWM027.jpg","width":900,"height":900},{"@type":"BreadcrumbList","@id":"https:\/\/bulaoutdoor.nl\/product\/the-windmill-cast-iron-bacon-press\/#breadcrumb","itemListElement":[{"@type":"ListItem","position":1,"name":"Home","item":"https:\/\/bulaoutdoor.nl\/"},{"@type":"ListItem","position":2,"name":"Online BBQ kopen","item":"https:\/\/bulaoutdoor.nl\/"},{"@type":"ListItem","position":3,"name":"The Windmill Cast Iron Bacon Press"}]},{"@type":"WebSite","@id":"https:\/\/bulaoutdoor.nl\/#website","url":"https:\/\/bulaoutdoor.nl\/","name":"Bula Outdoor","description":"Pour votre chemin\u00e9e ext\u00e9rieure, votre barbecue, votre torche de jardin et votre four \u00e0 bois","publisher":{"@id":"https:\/\/bulaoutdoor.nl\/#organization"},"potentialAction":[{"@type":"SearchAction","target":{"@type":"EntryPoint","urlTemplate":"https:\/\/bulaoutdoor.nl\/?s={search_term_string}"},"query-input":{"@type":"PropertyValueSpecification","valueRequired":true,"valueName":"search_term_string"}}],"inLanguage":"fr-FR"},{"@type":"Organization","@id":"https:\/\/bulaoutdoor.nl\/#organization","name":"Bula Outdoor","url":"https:\/\/bulaoutdoor.nl\/","logo":{"@type":"ImageObject","inLanguage":"fr-FR","@id":"https:\/\/bulaoutdoor.nl\/#\/schema\/logo\/image\/","url":"https:\/\/www.bulaoutdoor.nl\/wp-content\/uploads\/2018\/04\/bulaoutdoor-logo.png","contentUrl":"https:\/\/www.bulaoutdoor.nl\/wp-content\/uploads\/2018\/04\/bulaoutdoor-logo.png","width":324,"height":91,"caption":"Bula Outdoor"},"image":{"@id":"https:\/\/bulaoutdoor.nl\/#\/schema\/logo\/image\/"}}]}},"jetpack_sharing_enabled":true,"_links":{"self":[{"href":"https:\/\/bulaoutdoor.nl\/fr\/wp-json\/wp\/v2\/product\/34169","targetHints":{"allow":["GET"]}}],"collection":[{"href":"https:\/\/bulaoutdoor.nl\/fr\/wp-json\/wp\/v2\/product"}],"about":[{"href":"https:\/\/bulaoutdoor.nl\/fr\/wp-json\/wp\/v2\/types\/product"}],"replies":[{"embeddable":true,"href":"https:\/\/bulaoutdoor.nl\/fr\/wp-json\/wp\/v2\/comments?post=34169"}],"wp:featuredmedia":[{"embeddable":true,"href":"https:\/\/bulaoutdoor.nl\/fr\/wp-json\/wp\/v2\/media\/34170"}],"wp:attachment":[{"href":"https:\/\/bulaoutdoor.nl\/fr\/wp-json\/wp\/v2\/media?parent=34169"}],"wp:term":[{"taxonomy":"product_brand","embeddable":true,"href":"https:\/\/bulaoutdoor.nl\/fr\/wp-json\/wp\/v2\/product_brand?post=34169"},{"taxonomy":"product_cat","embeddable":true,"href":"https:\/\/bulaoutdoor.nl\/fr\/wp-json\/wp\/v2\/product_cat?post=34169"},{"taxonomy":"product_tag","embeddable":true,"href":"https:\/\/bulaoutdoor.nl\/fr\/wp-json\/wp\/v2\/product_tag?post=34169"}],"curies":[{"name":"wp","href":"https:\/\/api.w.org\/{rel}","templated":true}]}}