{"id":34188,"date":"2023-10-16T08:54:07","date_gmt":"2023-10-16T08:54:07","guid":{"rendered":"https:\/\/bulaoutdoor.nl\/?post_type=product&#038;p=34188"},"modified":"2026-02-20T20:46:25","modified_gmt":"2026-02-20T20:46:25","slug":"le-moulin-a-vent-loaf-n-bread-dutch-oven","status":"publish","type":"product","link":"https:\/\/bulaoutdoor.nl\/fr\/product\/the-windmill-loaf-n-bread-dutch-oven\/","title":{"rendered":"Le four hollandais Windmill Loaf 'n Bread"},"content":{"rendered":"<h4>Le four hollandais Windmill Loaf 'n Bread<\/h4>\n<p>D\u00e9couvrez notre four hollandais polyvalent en fonte, de forme rectangulaire et \u00e0 fond plat, dot\u00e9 d'une poign\u00e9e simple en acier inoxydable et d'un couvercle en fonte \u00e0 bord sur\u00e9lev\u00e9. Ce faitout est pr\u00e9trait\u00e9 (pr\u00e9-assaisonn\u00e9) et pr\u00eat \u00e0 l'emploi. Gr\u00e2ce \u00e0 ses diverses utilisations, il est indispensable \u00e0 tout amateur de cuisine.<\/p>\n<p><strong>Caract\u00e9ristiques<br \/>\n<\/strong><\/p>\n<ul>\n<li><strong>\u00a0Utilisation polyvalente :<\/strong> Con\u00e7u sp\u00e9cialement pour la cuisson du pain, ce four hollandais convient \u00e9galement \u00e0 toute une s\u00e9rie de plats, notamment les lasagnes, le pain de viande, le p\u00e2t\u00e9, les g\u00e2teaux et bien d'autres encore.<\/li>\n<li><strong>Convient \u00e0 diverses sources de chaleur :<\/strong> Que vous cuisiniez au gaz, \u00e0 l'induction, sur un feu ouvert ou au barbecue, ce four hollandais donne d'excellents r\u00e9sultats quelle que soit la source de chaleur.<\/li>\n<li><strong>Conception pratique :<\/strong> Le four hollandais est dot\u00e9 d'une base plate pour une r\u00e9partition uniforme de la chaleur et d'un couvercle en fonte \u00e0 bord sur\u00e9lev\u00e9 pour conserver l'humidit\u00e9 et les saveurs.<\/li>\n<li><strong>Cuisine cr\u00e9ative :<\/strong> Cr\u00e9ez un petit four hollandais en pla\u00e7ant du charbon de bois, des briquettes ou du bois br\u00fblant sous la casserole et sur le couvercle, ce qui vous donne une source de chaleur contr\u00f4l\u00e9e pour la cuisson lente et la cuisson au four.<\/li>\n<\/ul>\n<p>Ce moule \u00e0 pain n'est pas seulement pratique, il constitue \u00e9galement un cadeau \u00e9l\u00e9gant et durable pour tous les passionn\u00e9s de cuisine. Que vous soyez un ma\u00eetre boulanger ou que vous aimiez simplement exp\u00e9rimenter dans la cuisine, ce four hollandais en fonte ouvre la porte \u00e0 d'infinies possibilit\u00e9s culinaires. Cuisinez, faites des p\u00e2tisseries et exp\u00e9rimentez en toute confiance, en sachant que vos plats seront toujours parfaits. Offrez-vous ou offrez \u00e0 un \u00eatre cher le cadeau d'une cuisine cr\u00e9ative avec notre four hollandais \u00e0 pain en fonte.<\/p>\n<p>Commandez le four hollandais Loaf 'n Bread directement aupr\u00e8s de Bula Outdoor. <a href=\"https:\/\/bulaoutdoor.nl\/fr\/categorie-de-produits\/ustensiles-de-cuisine-pour-lexterieur\/\">Cuisine en plein air<\/a>\u00a0sp\u00e9cialiste.<\/p>","protected":false},"excerpt":{"rendered":"<p>The Windmill Loaf &#8217;n Bread Dutch Oven Ontdek onze veelzijdige gietijzeren Dutch Oven met rechthoekige vorm en vlakke bodem, compleet met een eenvoudig RVS hengsel en een gietijzeren deksel met opstaande rand. Deze Dutch Oven is voorbehandeld (pre-seasoned) en klaar voor gebruik. Met zijn diverse toepassingen is het een must-have voor elke kookliefhebber. Kenmerken \u00a0Veelzijdig [&hellip;]<\/p>\n","protected":false},"featured_media":34189,"comment_status":"open","ping_status":"closed","template":"","meta":{"_acf_changed":false},"product_brand":[],"product_cat":[26],"product_tag":[87,81],"class_list":{"0":"post-34188","1":"product","2":"type-product","3":"status-publish","4":"has-post-thumbnail","6":"product_cat-outdoor-kookset","7":"product_tag-gietijzer","8":"product_tag-windmill","10":"first","11":"instock","12":"sale","13":"taxable","14":"shipping-taxable","15":"purchasable","16":"product-type-simple"},"acf":[],"yoast_head":"<!-- This site is optimized with the Yoast SEO plugin v27.5 - https:\/\/yoast.com\/product\/yoast-seo-wordpress\/ -->\n<title>The Windmill Loaf &#039;n Bread Dutch Oven &#8211; Bula Outdoor<\/title>\n<meta name=\"robots\" content=\"index, follow, max-snippet:-1, max-image-preview:large, max-video-preview:-1\" \/>\n<link rel=\"canonical\" href=\"https:\/\/bulaoutdoor.nl\/fr\/produit\/le-moulin-a-vent-loaf-n-bread-dutch-oven\/\" \/>\n<meta property=\"og:locale\" content=\"fr_FR\" \/>\n<meta property=\"og:type\" content=\"article\" \/>\n<meta property=\"og:title\" content=\"The Windmill Loaf &#039;n Bread Dutch Oven &#8211; Bula Outdoor\" \/>\n<meta property=\"og:description\" content=\"The Windmill Loaf &#8217;n Bread Dutch Oven Ontdek onze veelzijdige gietijzeren Dutch Oven met rechthoekige vorm en vlakke bodem, compleet met een eenvoudig RVS hengsel en een gietijzeren deksel met opstaande rand. Deze Dutch Oven is voorbehandeld (pre-seasoned) en klaar voor gebruik. Met zijn diverse toepassingen is het een must-have voor elke kookliefhebber. Kenmerken \u00a0Veelzijdig [&hellip;]\" \/>\n<meta property=\"og:url\" content=\"https:\/\/bulaoutdoor.nl\/fr\/produit\/le-moulin-a-vent-loaf-n-bread-dutch-oven\/\" \/>\n<meta property=\"og:site_name\" content=\"Bula Outdoor\" \/>\n<meta property=\"article:modified_time\" content=\"2026-02-20T20:46:25+00:00\" \/>\n<meta property=\"og:image\" content=\"https:\/\/bulaoutdoor.nl\/wp-content\/uploads\/2023\/10\/BulaOutdoor-TWM033_01-scaled.jpg\" \/>\n\t<meta property=\"og:image:width\" content=\"2560\" \/>\n\t<meta property=\"og:image:height\" content=\"2560\" \/>\n\t<meta property=\"og:image:type\" content=\"image\/jpeg\" \/>\n<meta name=\"twitter:card\" content=\"summary_large_image\" \/>\n<meta name=\"twitter:label1\" content=\"Dur\u00e9e de lecture estim\u00e9e\" \/>\n\t<meta name=\"twitter:data1\" content=\"2 minutes\" \/>\n<script type=\"application\/ld+json\" class=\"yoast-schema-graph\">{\"@context\":\"https:\\\/\\\/schema.org\",\"@graph\":[{\"@type\":\"WebPage\",\"@id\":\"https:\\\/\\\/bulaoutdoor.nl\\\/product\\\/the-windmill-loaf-n-bread-dutch-oven\\\/\",\"url\":\"https:\\\/\\\/bulaoutdoor.nl\\\/product\\\/the-windmill-loaf-n-bread-dutch-oven\\\/\",\"name\":\"The Windmill Loaf 'n Bread Dutch Oven &#8211; Bula Outdoor\",\"isPartOf\":{\"@id\":\"https:\\\/\\\/bulaoutdoor.nl\\\/#website\"},\"primaryImageOfPage\":{\"@id\":\"https:\\\/\\\/bulaoutdoor.nl\\\/product\\\/the-windmill-loaf-n-bread-dutch-oven\\\/#primaryimage\"},\"image\":{\"@id\":\"https:\\\/\\\/bulaoutdoor.nl\\\/product\\\/the-windmill-loaf-n-bread-dutch-oven\\\/#primaryimage\"},\"thumbnailUrl\":\"https:\\\/\\\/bulaoutdoor.nl\\\/wp-content\\\/uploads\\\/2023\\\/10\\\/BulaOutdoor-TWM033_01-scaled.jpg\",\"datePublished\":\"2023-10-16T08:54:07+00:00\",\"dateModified\":\"2026-02-20T20:46:25+00:00\",\"breadcrumb\":{\"@id\":\"https:\\\/\\\/bulaoutdoor.nl\\\/product\\\/the-windmill-loaf-n-bread-dutch-oven\\\/#breadcrumb\"},\"inLanguage\":\"fr-FR\",\"potentialAction\":[{\"@type\":\"ReadAction\",\"target\":[\"https:\\\/\\\/bulaoutdoor.nl\\\/product\\\/the-windmill-loaf-n-bread-dutch-oven\\\/\"]}]},{\"@type\":\"ImageObject\",\"inLanguage\":\"fr-FR\",\"@id\":\"https:\\\/\\\/bulaoutdoor.nl\\\/product\\\/the-windmill-loaf-n-bread-dutch-oven\\\/#primaryimage\",\"url\":\"https:\\\/\\\/bulaoutdoor.nl\\\/wp-content\\\/uploads\\\/2023\\\/10\\\/BulaOutdoor-TWM033_01-scaled.jpg\",\"contentUrl\":\"https:\\\/\\\/bulaoutdoor.nl\\\/wp-content\\\/uploads\\\/2023\\\/10\\\/BulaOutdoor-TWM033_01-scaled.jpg\",\"width\":2560,\"height\":2560},{\"@type\":\"BreadcrumbList\",\"@id\":\"https:\\\/\\\/bulaoutdoor.nl\\\/product\\\/the-windmill-loaf-n-bread-dutch-oven\\\/#breadcrumb\",\"itemListElement\":[{\"@type\":\"ListItem\",\"position\":1,\"name\":\"Home\",\"item\":\"https:\\\/\\\/bulaoutdoor.nl\\\/\"},{\"@type\":\"ListItem\",\"position\":2,\"name\":\"Online BBQ kopen\",\"item\":\"https:\\\/\\\/bulaoutdoor.nl\\\/\"},{\"@type\":\"ListItem\",\"position\":3,\"name\":\"The Windmill Loaf &#8216;n Bread Dutch Oven\"}]},{\"@type\":\"WebSite\",\"@id\":\"https:\\\/\\\/bulaoutdoor.nl\\\/#website\",\"url\":\"https:\\\/\\\/bulaoutdoor.nl\\\/\",\"name\":\"Bula Outdoor\",\"description\":\"Voor uw buitenhaard, BBQ, tuinfakkel en houtoven\",\"publisher\":{\"@id\":\"https:\\\/\\\/bulaoutdoor.nl\\\/#organization\"},\"potentialAction\":[{\"@type\":\"SearchAction\",\"target\":{\"@type\":\"EntryPoint\",\"urlTemplate\":\"https:\\\/\\\/bulaoutdoor.nl\\\/?s={search_term_string}\"},\"query-input\":{\"@type\":\"PropertyValueSpecification\",\"valueRequired\":true,\"valueName\":\"search_term_string\"}}],\"inLanguage\":\"fr-FR\"},{\"@type\":\"Organization\",\"@id\":\"https:\\\/\\\/bulaoutdoor.nl\\\/#organization\",\"name\":\"Bula Outdoor\",\"url\":\"https:\\\/\\\/bulaoutdoor.nl\\\/\",\"logo\":{\"@type\":\"ImageObject\",\"inLanguage\":\"fr-FR\",\"@id\":\"https:\\\/\\\/bulaoutdoor.nl\\\/#\\\/schema\\\/logo\\\/image\\\/\",\"url\":\"https:\\\/\\\/www.bulaoutdoor.nl\\\/wp-content\\\/uploads\\\/2018\\\/04\\\/bulaoutdoor-logo.png\",\"contentUrl\":\"https:\\\/\\\/www.bulaoutdoor.nl\\\/wp-content\\\/uploads\\\/2018\\\/04\\\/bulaoutdoor-logo.png\",\"width\":324,\"height\":91,\"caption\":\"Bula Outdoor\"},\"image\":{\"@id\":\"https:\\\/\\\/bulaoutdoor.nl\\\/#\\\/schema\\\/logo\\\/image\\\/\"}}]}<\/script>\n<!-- \/ Yoast SEO plugin. -->","yoast_head_json":{"title":"Le four hollandais Windmill Loaf 'n Bread - Bula Outdoor","robots":{"index":"index","follow":"follow","max-snippet":"max-snippet:-1","max-image-preview":"max-image-preview:large","max-video-preview":"max-video-preview:-1"},"canonical":"https:\/\/bulaoutdoor.nl\/fr\/produit\/le-moulin-a-vent-loaf-n-bread-dutch-oven\/","og_locale":"fr_FR","og_type":"article","og_title":"The Windmill Loaf 'n Bread Dutch Oven &#8211; Bula Outdoor","og_description":"The Windmill Loaf &#8217;n Bread Dutch Oven Ontdek onze veelzijdige gietijzeren Dutch Oven met rechthoekige vorm en vlakke bodem, compleet met een eenvoudig RVS hengsel en een gietijzeren deksel met opstaande rand. Deze Dutch Oven is voorbehandeld (pre-seasoned) en klaar voor gebruik. Met zijn diverse toepassingen is het een must-have voor elke kookliefhebber. Kenmerken \u00a0Veelzijdig [&hellip;]","og_url":"https:\/\/bulaoutdoor.nl\/fr\/produit\/le-moulin-a-vent-loaf-n-bread-dutch-oven\/","og_site_name":"Bula Outdoor","article_modified_time":"2026-02-20T20:46:25+00:00","og_image":[{"width":2560,"height":2560,"url":"https:\/\/bulaoutdoor.nl\/wp-content\/uploads\/2023\/10\/BulaOutdoor-TWM033_01-scaled.jpg","type":"image\/jpeg"}],"twitter_card":"summary_large_image","twitter_misc":{"Dur\u00e9e de lecture estim\u00e9e":"2 minutes"},"schema":{"@context":"https:\/\/schema.org","@graph":[{"@type":"WebPage","@id":"https:\/\/bulaoutdoor.nl\/product\/the-windmill-loaf-n-bread-dutch-oven\/","url":"https:\/\/bulaoutdoor.nl\/product\/the-windmill-loaf-n-bread-dutch-oven\/","name":"Le four hollandais Windmill Loaf 'n Bread - Bula Outdoor","isPartOf":{"@id":"https:\/\/bulaoutdoor.nl\/#website"},"primaryImageOfPage":{"@id":"https:\/\/bulaoutdoor.nl\/product\/the-windmill-loaf-n-bread-dutch-oven\/#primaryimage"},"image":{"@id":"https:\/\/bulaoutdoor.nl\/product\/the-windmill-loaf-n-bread-dutch-oven\/#primaryimage"},"thumbnailUrl":"https:\/\/bulaoutdoor.nl\/wp-content\/uploads\/2023\/10\/BulaOutdoor-TWM033_01-scaled.jpg","datePublished":"2023-10-16T08:54:07+00:00","dateModified":"2026-02-20T20:46:25+00:00","breadcrumb":{"@id":"https:\/\/bulaoutdoor.nl\/product\/the-windmill-loaf-n-bread-dutch-oven\/#breadcrumb"},"inLanguage":"fr-FR","potentialAction":[{"@type":"ReadAction","target":["https:\/\/bulaoutdoor.nl\/product\/the-windmill-loaf-n-bread-dutch-oven\/"]}]},{"@type":"ImageObject","inLanguage":"fr-FR","@id":"https:\/\/bulaoutdoor.nl\/product\/the-windmill-loaf-n-bread-dutch-oven\/#primaryimage","url":"https:\/\/bulaoutdoor.nl\/wp-content\/uploads\/2023\/10\/BulaOutdoor-TWM033_01-scaled.jpg","contentUrl":"https:\/\/bulaoutdoor.nl\/wp-content\/uploads\/2023\/10\/BulaOutdoor-TWM033_01-scaled.jpg","width":2560,"height":2560},{"@type":"BreadcrumbList","@id":"https:\/\/bulaoutdoor.nl\/product\/the-windmill-loaf-n-bread-dutch-oven\/#breadcrumb","itemListElement":[{"@type":"ListItem","position":1,"name":"Home","item":"https:\/\/bulaoutdoor.nl\/"},{"@type":"ListItem","position":2,"name":"Online BBQ kopen","item":"https:\/\/bulaoutdoor.nl\/"},{"@type":"ListItem","position":3,"name":"The Windmill Loaf &#8216;n Bread Dutch Oven"}]},{"@type":"WebSite","@id":"https:\/\/bulaoutdoor.nl\/#website","url":"https:\/\/bulaoutdoor.nl\/","name":"Bula Outdoor","description":"Pour votre chemin\u00e9e ext\u00e9rieure, votre barbecue, votre torche de jardin et votre four \u00e0 bois","publisher":{"@id":"https:\/\/bulaoutdoor.nl\/#organization"},"potentialAction":[{"@type":"SearchAction","target":{"@type":"EntryPoint","urlTemplate":"https:\/\/bulaoutdoor.nl\/?s={search_term_string}"},"query-input":{"@type":"PropertyValueSpecification","valueRequired":true,"valueName":"search_term_string"}}],"inLanguage":"fr-FR"},{"@type":"Organization","@id":"https:\/\/bulaoutdoor.nl\/#organization","name":"Bula Outdoor","url":"https:\/\/bulaoutdoor.nl\/","logo":{"@type":"ImageObject","inLanguage":"fr-FR","@id":"https:\/\/bulaoutdoor.nl\/#\/schema\/logo\/image\/","url":"https:\/\/www.bulaoutdoor.nl\/wp-content\/uploads\/2018\/04\/bulaoutdoor-logo.png","contentUrl":"https:\/\/www.bulaoutdoor.nl\/wp-content\/uploads\/2018\/04\/bulaoutdoor-logo.png","width":324,"height":91,"caption":"Bula Outdoor"},"image":{"@id":"https:\/\/bulaoutdoor.nl\/#\/schema\/logo\/image\/"}}]}},"jetpack_sharing_enabled":true,"_links":{"self":[{"href":"https:\/\/bulaoutdoor.nl\/fr\/wp-json\/wp\/v2\/product\/34188","targetHints":{"allow":["GET"]}}],"collection":[{"href":"https:\/\/bulaoutdoor.nl\/fr\/wp-json\/wp\/v2\/product"}],"about":[{"href":"https:\/\/bulaoutdoor.nl\/fr\/wp-json\/wp\/v2\/types\/product"}],"replies":[{"embeddable":true,"href":"https:\/\/bulaoutdoor.nl\/fr\/wp-json\/wp\/v2\/comments?post=34188"}],"wp:featuredmedia":[{"embeddable":true,"href":"https:\/\/bulaoutdoor.nl\/fr\/wp-json\/wp\/v2\/media\/34189"}],"wp:attachment":[{"href":"https:\/\/bulaoutdoor.nl\/fr\/wp-json\/wp\/v2\/media?parent=34188"}],"wp:term":[{"taxonomy":"product_brand","embeddable":true,"href":"https:\/\/bulaoutdoor.nl\/fr\/wp-json\/wp\/v2\/product_brand?post=34188"},{"taxonomy":"product_cat","embeddable":true,"href":"https:\/\/bulaoutdoor.nl\/fr\/wp-json\/wp\/v2\/product_cat?post=34188"},{"taxonomy":"product_tag","embeddable":true,"href":"https:\/\/bulaoutdoor.nl\/fr\/wp-json\/wp\/v2\/product_tag?post=34188"}],"curies":[{"name":"wp","href":"https:\/\/api.w.org\/{rel}","templated":true}]}}