{"id":34206,"date":"2023-10-16T09:15:59","date_gmt":"2023-10-16T09:15:59","guid":{"rendered":"https:\/\/bulaoutdoor.nl\/?post_type=product&#038;p=34206"},"modified":"2026-02-20T20:37:26","modified_gmt":"2026-02-20T20:37:26","slug":"la-poele-a-paella-du-moulin-a-vent","status":"publish","type":"product","link":"https:\/\/bulaoutdoor.nl\/fr\/product\/the-windmill-paellapan\/","title":{"rendered":"La po\u00eale \u00e0 paella Windmill"},"content":{"rendered":"<h4>La po\u00eale \u00e0 paella Windmill<\/h4>\n<p>D\u00e9couvrez la polyvalence de notre po\u00eale en fonte \u00e0 fond plat, \u00e0 bord haut et \u00e0 poign\u00e9es robustes sur les c\u00f4t\u00e9s gauche et droit. Cette po\u00eale est vraiment polyvalente, quelle que soit la source de chaleur, du barbecue \u00e0 l'induction en passant par la flamme nue.<\/p>\n<p><strong>Caract\u00e9ristiques<\/strong><\/p>\n<ul>\n<li><strong>Haut rebord et poign\u00e9es pratiques :<\/strong> Le bord haut vous permet de secouer facilement les aliments sans les renverser. Les poign\u00e9es robustes des deux c\u00f4t\u00e9s vous permettent de prendre la casserole sans effort, sans qu'une poign\u00e9e traditionnelle ne prenne de la place.<\/li>\n<li><strong>Utilisation polyvalente :<\/strong> Cette po\u00eale est non seulement parfaite comme po\u00eale \u00e0 paella, mais aussi comme wok ou sauteuse en fonte. Laissez libre cours \u00e0 votre cr\u00e9ativit\u00e9 dans la cuisine et pr\u00e9parez facilement une grande vari\u00e9t\u00e9 de plats.<\/li>\n<li><strong>\u00a0S'adapte parfaitement aux couvercles des fours hollandais :<\/strong> Cette po\u00eale est con\u00e7ue pour s'adapter parfaitement aux couvercles des fours hollandais 6Qt (TWM010) et 9Qt (TWM011). Vous pouvez ainsi utiliser les couvercles sur cette po\u00eale \u00e0 paella et r\u00e9chauffer vos plats uniform\u00e9ment par le haut.<\/li>\n<\/ul>\n<p><strong>Durabilit\u00e9 et polyvalence :<\/strong><br \/>\nFabriqu\u00e9e en fonte durable, cette po\u00eale offre une conduction optimale de la chaleur et la conserve parfaitement. Qu'il s'agisse de pr\u00e9parer une paella, de faire sauter ou de sauter des aliments, cette po\u00eale garantit des r\u00e9sultats parfaits \u00e0 chaque fois.<\/p>\n<p>Avec cette po\u00eale en fonte polyvalente, vous ajoutez un outil indispensable \u00e0 votre cuisine.<\/p>\n<p>Commandez la po\u00eale \u00e0 paella Windmill directement aupr\u00e8s de Bula Outdoor, votre sp\u00e9cialiste de la paella. <a href=\"https:\/\/bulaoutdoor.nl\/fr\/categorie-de-produits\/ustensiles-de-cuisine-pour-lexterieur\/\">Cuisine en plein air<\/a> sp\u00e9cialiste !<\/p>","protected":false},"excerpt":{"rendered":"<p>The Windmill Paellapan Ontdek de veelzijdigheid van onze gietijzeren pan met vlakke bodem, hoge rand en stevige handvaten aan de linker- en rechterzijde. Deze pan is een ware alleskunner op iedere warmtebron, van barbecue tot inductie en open vuur. Kenmerken Hoge rand en handige handvaten: De hoge rand maakt het mogelijk om het eten eenvoudig [&hellip;]<\/p>\n","protected":false},"featured_media":34207,"comment_status":"open","ping_status":"closed","template":"","meta":{"_acf_changed":false},"product_brand":[],"product_cat":[26,1448],"product_tag":[87,1325,81],"class_list":{"0":"post-34206","1":"product","2":"type-product","3":"status-publish","4":"has-post-thumbnail","6":"product_cat-outdoor-kookset","7":"product_cat-uitverkoop","8":"product_tag-gietijzer","9":"product_tag-paella","10":"product_tag-windmill","12":"first","13":"instock","14":"sale","15":"taxable","16":"shipping-taxable","17":"purchasable","18":"product-type-simple"},"acf":[],"yoast_head":"<!-- This site is optimized with the Yoast SEO plugin v27.4 - https:\/\/yoast.com\/product\/yoast-seo-wordpress\/ -->\n<title>The Windmill Paellapan &#8211; Bula Outdoor<\/title>\n<meta name=\"robots\" content=\"index, follow, max-snippet:-1, max-image-preview:large, max-video-preview:-1\" \/>\n<link rel=\"canonical\" href=\"https:\/\/bulaoutdoor.nl\/fr\/produit\/la-poele-a-paella-du-moulin-a-vent\/\" \/>\n<meta property=\"og:locale\" content=\"fr_FR\" \/>\n<meta property=\"og:type\" content=\"article\" \/>\n<meta property=\"og:title\" content=\"The Windmill Paellapan &#8211; Bula Outdoor\" \/>\n<meta property=\"og:description\" content=\"The Windmill Paellapan Ontdek de veelzijdigheid van onze gietijzeren pan met vlakke bodem, hoge rand en stevige handvaten aan de linker- en rechterzijde. Deze pan is een ware alleskunner op iedere warmtebron, van barbecue tot inductie en open vuur. Kenmerken Hoge rand en handige handvaten: De hoge rand maakt het mogelijk om het eten eenvoudig [&hellip;]\" \/>\n<meta property=\"og:url\" content=\"https:\/\/bulaoutdoor.nl\/fr\/produit\/la-poele-a-paella-du-moulin-a-vent\/\" \/>\n<meta property=\"og:site_name\" content=\"Bula Outdoor\" \/>\n<meta property=\"article:modified_time\" content=\"2026-02-20T20:37:26+00:00\" \/>\n<meta property=\"og:image\" content=\"https:\/\/bulaoutdoor.nl\/wp-content\/uploads\/2023\/10\/BulaOutdoor-TWM037_1-2.jpg\" \/>\n\t<meta property=\"og:image:width\" content=\"1940\" \/>\n\t<meta property=\"og:image:height\" content=\"1940\" \/>\n\t<meta property=\"og:image:type\" content=\"image\/jpeg\" \/>\n<meta name=\"twitter:card\" content=\"summary_large_image\" \/>\n<meta name=\"twitter:label1\" content=\"Dur\u00e9e de lecture estim\u00e9e\" \/>\n\t<meta name=\"twitter:data1\" content=\"2 minutes\" \/>\n<script type=\"application\/ld+json\" class=\"yoast-schema-graph\">{\"@context\":\"https:\\\/\\\/schema.org\",\"@graph\":[{\"@type\":\"WebPage\",\"@id\":\"https:\\\/\\\/bulaoutdoor.nl\\\/product\\\/the-windmill-paellapan\\\/\",\"url\":\"https:\\\/\\\/bulaoutdoor.nl\\\/product\\\/the-windmill-paellapan\\\/\",\"name\":\"The Windmill Paellapan &#8211; Bula Outdoor\",\"isPartOf\":{\"@id\":\"https:\\\/\\\/bulaoutdoor.nl\\\/#website\"},\"primaryImageOfPage\":{\"@id\":\"https:\\\/\\\/bulaoutdoor.nl\\\/product\\\/the-windmill-paellapan\\\/#primaryimage\"},\"image\":{\"@id\":\"https:\\\/\\\/bulaoutdoor.nl\\\/product\\\/the-windmill-paellapan\\\/#primaryimage\"},\"thumbnailUrl\":\"https:\\\/\\\/bulaoutdoor.nl\\\/wp-content\\\/uploads\\\/2023\\\/10\\\/BulaOutdoor-TWM037_1-2.jpg\",\"datePublished\":\"2023-10-16T09:15:59+00:00\",\"dateModified\":\"2026-02-20T20:37:26+00:00\",\"breadcrumb\":{\"@id\":\"https:\\\/\\\/bulaoutdoor.nl\\\/product\\\/the-windmill-paellapan\\\/#breadcrumb\"},\"inLanguage\":\"fr-FR\",\"potentialAction\":[{\"@type\":\"ReadAction\",\"target\":[\"https:\\\/\\\/bulaoutdoor.nl\\\/product\\\/the-windmill-paellapan\\\/\"]}]},{\"@type\":\"ImageObject\",\"inLanguage\":\"fr-FR\",\"@id\":\"https:\\\/\\\/bulaoutdoor.nl\\\/product\\\/the-windmill-paellapan\\\/#primaryimage\",\"url\":\"https:\\\/\\\/bulaoutdoor.nl\\\/wp-content\\\/uploads\\\/2023\\\/10\\\/BulaOutdoor-TWM037_1-2.jpg\",\"contentUrl\":\"https:\\\/\\\/bulaoutdoor.nl\\\/wp-content\\\/uploads\\\/2023\\\/10\\\/BulaOutdoor-TWM037_1-2.jpg\",\"width\":1940,\"height\":1940},{\"@type\":\"BreadcrumbList\",\"@id\":\"https:\\\/\\\/bulaoutdoor.nl\\\/product\\\/the-windmill-paellapan\\\/#breadcrumb\",\"itemListElement\":[{\"@type\":\"ListItem\",\"position\":1,\"name\":\"Home\",\"item\":\"https:\\\/\\\/bulaoutdoor.nl\\\/\"},{\"@type\":\"ListItem\",\"position\":2,\"name\":\"Online BBQ kopen\",\"item\":\"https:\\\/\\\/bulaoutdoor.nl\\\/\"},{\"@type\":\"ListItem\",\"position\":3,\"name\":\"The Windmill Paellapan\"}]},{\"@type\":\"WebSite\",\"@id\":\"https:\\\/\\\/bulaoutdoor.nl\\\/#website\",\"url\":\"https:\\\/\\\/bulaoutdoor.nl\\\/\",\"name\":\"Bula Outdoor\",\"description\":\"Voor uw buitenhaard, BBQ, tuinfakkel en houtoven\",\"publisher\":{\"@id\":\"https:\\\/\\\/bulaoutdoor.nl\\\/#organization\"},\"potentialAction\":[{\"@type\":\"SearchAction\",\"target\":{\"@type\":\"EntryPoint\",\"urlTemplate\":\"https:\\\/\\\/bulaoutdoor.nl\\\/?s={search_term_string}\"},\"query-input\":{\"@type\":\"PropertyValueSpecification\",\"valueRequired\":true,\"valueName\":\"search_term_string\"}}],\"inLanguage\":\"fr-FR\"},{\"@type\":\"Organization\",\"@id\":\"https:\\\/\\\/bulaoutdoor.nl\\\/#organization\",\"name\":\"Bula Outdoor\",\"url\":\"https:\\\/\\\/bulaoutdoor.nl\\\/\",\"logo\":{\"@type\":\"ImageObject\",\"inLanguage\":\"fr-FR\",\"@id\":\"https:\\\/\\\/bulaoutdoor.nl\\\/#\\\/schema\\\/logo\\\/image\\\/\",\"url\":\"https:\\\/\\\/www.bulaoutdoor.nl\\\/wp-content\\\/uploads\\\/2018\\\/04\\\/bulaoutdoor-logo.png\",\"contentUrl\":\"https:\\\/\\\/www.bulaoutdoor.nl\\\/wp-content\\\/uploads\\\/2018\\\/04\\\/bulaoutdoor-logo.png\",\"width\":324,\"height\":91,\"caption\":\"Bula Outdoor\"},\"image\":{\"@id\":\"https:\\\/\\\/bulaoutdoor.nl\\\/#\\\/schema\\\/logo\\\/image\\\/\"}}]}<\/script>\n<!-- \/ Yoast SEO plugin. -->","yoast_head_json":{"title":"Po\u00eale \u00e0 paella Windmill - Bula Outdoor","robots":{"index":"index","follow":"follow","max-snippet":"max-snippet:-1","max-image-preview":"max-image-preview:large","max-video-preview":"max-video-preview:-1"},"canonical":"https:\/\/bulaoutdoor.nl\/fr\/produit\/la-poele-a-paella-du-moulin-a-vent\/","og_locale":"fr_FR","og_type":"article","og_title":"The Windmill Paellapan &#8211; Bula Outdoor","og_description":"The Windmill Paellapan Ontdek de veelzijdigheid van onze gietijzeren pan met vlakke bodem, hoge rand en stevige handvaten aan de linker- en rechterzijde. Deze pan is een ware alleskunner op iedere warmtebron, van barbecue tot inductie en open vuur. Kenmerken Hoge rand en handige handvaten: De hoge rand maakt het mogelijk om het eten eenvoudig [&hellip;]","og_url":"https:\/\/bulaoutdoor.nl\/fr\/produit\/la-poele-a-paella-du-moulin-a-vent\/","og_site_name":"Bula Outdoor","article_modified_time":"2026-02-20T20:37:26+00:00","og_image":[{"width":1940,"height":1940,"url":"https:\/\/bulaoutdoor.nl\/wp-content\/uploads\/2023\/10\/BulaOutdoor-TWM037_1-2.jpg","type":"image\/jpeg"}],"twitter_card":"summary_large_image","twitter_misc":{"Dur\u00e9e de lecture estim\u00e9e":"2 minutes"},"schema":{"@context":"https:\/\/schema.org","@graph":[{"@type":"WebPage","@id":"https:\/\/bulaoutdoor.nl\/product\/the-windmill-paellapan\/","url":"https:\/\/bulaoutdoor.nl\/product\/the-windmill-paellapan\/","name":"Po\u00eale \u00e0 paella Windmill - Bula Outdoor","isPartOf":{"@id":"https:\/\/bulaoutdoor.nl\/#website"},"primaryImageOfPage":{"@id":"https:\/\/bulaoutdoor.nl\/product\/the-windmill-paellapan\/#primaryimage"},"image":{"@id":"https:\/\/bulaoutdoor.nl\/product\/the-windmill-paellapan\/#primaryimage"},"thumbnailUrl":"https:\/\/bulaoutdoor.nl\/wp-content\/uploads\/2023\/10\/BulaOutdoor-TWM037_1-2.jpg","datePublished":"2023-10-16T09:15:59+00:00","dateModified":"2026-02-20T20:37:26+00:00","breadcrumb":{"@id":"https:\/\/bulaoutdoor.nl\/product\/the-windmill-paellapan\/#breadcrumb"},"inLanguage":"fr-FR","potentialAction":[{"@type":"ReadAction","target":["https:\/\/bulaoutdoor.nl\/product\/the-windmill-paellapan\/"]}]},{"@type":"ImageObject","inLanguage":"fr-FR","@id":"https:\/\/bulaoutdoor.nl\/product\/the-windmill-paellapan\/#primaryimage","url":"https:\/\/bulaoutdoor.nl\/wp-content\/uploads\/2023\/10\/BulaOutdoor-TWM037_1-2.jpg","contentUrl":"https:\/\/bulaoutdoor.nl\/wp-content\/uploads\/2023\/10\/BulaOutdoor-TWM037_1-2.jpg","width":1940,"height":1940},{"@type":"BreadcrumbList","@id":"https:\/\/bulaoutdoor.nl\/product\/the-windmill-paellapan\/#breadcrumb","itemListElement":[{"@type":"ListItem","position":1,"name":"Home","item":"https:\/\/bulaoutdoor.nl\/"},{"@type":"ListItem","position":2,"name":"Online BBQ kopen","item":"https:\/\/bulaoutdoor.nl\/"},{"@type":"ListItem","position":3,"name":"The Windmill Paellapan"}]},{"@type":"WebSite","@id":"https:\/\/bulaoutdoor.nl\/#website","url":"https:\/\/bulaoutdoor.nl\/","name":"Bula Outdoor","description":"Pour votre chemin\u00e9e ext\u00e9rieure, votre barbecue, votre torche de jardin et votre four \u00e0 bois","publisher":{"@id":"https:\/\/bulaoutdoor.nl\/#organization"},"potentialAction":[{"@type":"SearchAction","target":{"@type":"EntryPoint","urlTemplate":"https:\/\/bulaoutdoor.nl\/?s={search_term_string}"},"query-input":{"@type":"PropertyValueSpecification","valueRequired":true,"valueName":"search_term_string"}}],"inLanguage":"fr-FR"},{"@type":"Organization","@id":"https:\/\/bulaoutdoor.nl\/#organization","name":"Bula Outdoor","url":"https:\/\/bulaoutdoor.nl\/","logo":{"@type":"ImageObject","inLanguage":"fr-FR","@id":"https:\/\/bulaoutdoor.nl\/#\/schema\/logo\/image\/","url":"https:\/\/www.bulaoutdoor.nl\/wp-content\/uploads\/2018\/04\/bulaoutdoor-logo.png","contentUrl":"https:\/\/www.bulaoutdoor.nl\/wp-content\/uploads\/2018\/04\/bulaoutdoor-logo.png","width":324,"height":91,"caption":"Bula Outdoor"},"image":{"@id":"https:\/\/bulaoutdoor.nl\/#\/schema\/logo\/image\/"}}]}},"jetpack_sharing_enabled":true,"_links":{"self":[{"href":"https:\/\/bulaoutdoor.nl\/fr\/wp-json\/wp\/v2\/product\/34206","targetHints":{"allow":["GET"]}}],"collection":[{"href":"https:\/\/bulaoutdoor.nl\/fr\/wp-json\/wp\/v2\/product"}],"about":[{"href":"https:\/\/bulaoutdoor.nl\/fr\/wp-json\/wp\/v2\/types\/product"}],"replies":[{"embeddable":true,"href":"https:\/\/bulaoutdoor.nl\/fr\/wp-json\/wp\/v2\/comments?post=34206"}],"wp:featuredmedia":[{"embeddable":true,"href":"https:\/\/bulaoutdoor.nl\/fr\/wp-json\/wp\/v2\/media\/34207"}],"wp:attachment":[{"href":"https:\/\/bulaoutdoor.nl\/fr\/wp-json\/wp\/v2\/media?parent=34206"}],"wp:term":[{"taxonomy":"product_brand","embeddable":true,"href":"https:\/\/bulaoutdoor.nl\/fr\/wp-json\/wp\/v2\/product_brand?post=34206"},{"taxonomy":"product_cat","embeddable":true,"href":"https:\/\/bulaoutdoor.nl\/fr\/wp-json\/wp\/v2\/product_cat?post=34206"},{"taxonomy":"product_tag","embeddable":true,"href":"https:\/\/bulaoutdoor.nl\/fr\/wp-json\/wp\/v2\/product_tag?post=34206"}],"curies":[{"name":"wp","href":"https:\/\/api.w.org\/{rel}","templated":true}]}}