{"id":34213,"date":"2023-10-16T09:23:30","date_gmt":"2023-10-16T09:23:30","guid":{"rendered":"https:\/\/bulaoutdoor.nl\/?post_type=product&#038;p=34213"},"modified":"2026-02-20T16:54:16","modified_gmt":"2026-02-20T16:54:16","slug":"le-moulin-a-vent-smash-burger-tool","status":"publish","type":"product","link":"https:\/\/bulaoutdoor.nl\/fr\/product\/the-windmill-smash-burger-tool\/","title":{"rendered":"Le moulin \u00e0 vent Smash Burger Tool"},"content":{"rendered":"<h4>Le moulin \u00e0 vent Smash Burger Tool<\/h4>\n<p><strong>Caract\u00e9ristiques<\/strong><\/p>\n<ul>\n<li><strong>Fonte durable :<\/strong> Cet outil de smashburger est fabriqu\u00e9 en fonte de haute qualit\u00e9 et durable, con\u00e7u pour durer toute une vie s'il est trait\u00e9 correctement selon les instructions d'utilisation.<\/li>\n<li><strong>Bouton plein :<\/strong> Le bouton robuste garantit que l'outil tient bien dans la main et qu'il est facile \u00e0 tenir, ce qui vous permet de pr\u00e9parer des hamburgers parfaits sans effort.<\/li>\n<li><strong>Facile \u00e0 utiliser et \u00e0 nettoyer :<\/strong> L'outil est con\u00e7u pour \u00eatre facile \u00e0 utiliser, afin que vous puissiez cr\u00e9er sans effort des hamburgers fins et savoureux. Apr\u00e8s utilisation, il est facile \u00e0 nettoyer pour une utilisation r\u00e9p\u00e9t\u00e9e.<\/li>\n<\/ul>\n<p><strong>Pr\u00e9paration :<\/strong><br \/>\n<strong>1. Pr\u00e9chauffer :<\/strong> Pr\u00e9chauffer la po\u00eale ou la plaque de cuisson \u00e0 feu moyen-vif.<br \/>\n<strong>2. *Faire une boulette de viande :<\/strong>\u00a0Prendre une grosse boulette de viande et la placer dans la po\u00eale pr\u00e9chauff\u00e9e ou sur la plaque de cuisson.<br \/>\n<strong>3. \u00c9craser le hamburger :<\/strong>\u00a0Utilisez l'outil \u00e0 smashburger pour aplatir le hachis afin d'obtenir un smashburger fin. Le fait de l'aplatir rend le hamburger fin et il ne n\u00e9cessite qu'un court temps de cuisson.<br \/>\n<strong>4. Retournez :<\/strong> Retournez le hamburger \u00e0 l'aide d'une spatule pour que l'autre c\u00f4t\u00e9 soit \u00e9galement cuit. En quelques minutes, votre smashburger sera pr\u00eat.<br \/>\n<strong>5. Servir :<\/strong> Griller les pains \u00e0 hamburger \u00e0 temps, ajouter la roquette et le fromage bleu pour finir.<\/p>\n<p>Gr\u00e2ce \u00e0 notre outil de pr\u00e9paration des smashburgers, vous r\u00e9aliserez sans effort des smashburgers parfaits qui raviront les papilles de vos invit\u00e9s. Appr\u00e9ciez cette fa\u00e7on unique et d\u00e9licieuse de pr\u00e9parer des hamburgers, import\u00e9e directement des \u00c9tats-Unis dans votre cuisine.<\/p>\n<p>Commandez le Smash Burger Tool directement aupr\u00e8s de Bula Outdoor, votre fournisseur d'\u00e9lectricit\u00e9. <a href=\"https:\/\/bulaoutdoor.nl\/fr\/categorie-de-produits\/ustensiles-de-cuisine-pour-lexterieur\/\">Cuisine en plein air<\/a> sp\u00e9cialiste !<\/p>\n<p>&nbsp;<\/p>","protected":false},"excerpt":{"rendered":"<p>D\u00e9couvrez l'art de pr\u00e9parer de parfaits \"Smashburgers\" am\u00e9ricains gr\u00e2ce \u00e0 notre outil \u00e0 smashburger en fonte durable.<\/p>","protected":false},"featured_media":34214,"comment_status":"open","ping_status":"closed","template":"","meta":{"_acf_changed":false},"product_brand":[],"product_cat":[26],"product_tag":[87,81],"class_list":{"0":"post-34213","1":"product","2":"type-product","3":"status-publish","4":"has-post-thumbnail","6":"product_cat-outdoor-kookset","7":"product_tag-gietijzer","8":"product_tag-windmill","10":"first","11":"instock","12":"sale","13":"taxable","14":"shipping-taxable","15":"purchasable","16":"product-type-simple"},"acf":[],"yoast_head":"<!-- This site is optimized with the Yoast SEO plugin v27.3 - https:\/\/yoast.com\/product\/yoast-seo-wordpress\/ -->\n<title>The Windmill Smash Burger Tool &#8211; Bula Outdoor<\/title>\n<meta name=\"robots\" content=\"index, follow, max-snippet:-1, max-image-preview:large, max-video-preview:-1\" \/>\n<link rel=\"canonical\" href=\"https:\/\/bulaoutdoor.nl\/fr\/produit\/le-moulin-a-vent-smash-burger-tool\/\" \/>\n<meta property=\"og:locale\" content=\"fr_FR\" \/>\n<meta property=\"og:type\" content=\"article\" \/>\n<meta property=\"og:title\" content=\"The Windmill Smash Burger Tool &#8211; Bula Outdoor\" \/>\n<meta property=\"og:description\" content=\"Ontdek de kunst van het maken van perfecte Amerikaanse &#039;Smashburgers&#039; met onze duurzame gietijzeren smashburger tool.\" \/>\n<meta property=\"og:url\" content=\"https:\/\/bulaoutdoor.nl\/fr\/produit\/le-moulin-a-vent-smash-burger-tool\/\" \/>\n<meta property=\"og:site_name\" content=\"Bula Outdoor\" \/>\n<meta property=\"article:modified_time\" content=\"2026-02-20T16:54:16+00:00\" \/>\n<meta property=\"og:image\" content=\"https:\/\/bulaoutdoor.nl\/wp-content\/uploads\/2023\/10\/BulaOutdoor-TWM039-smashburgertool-01-scaled.jpg\" \/>\n\t<meta property=\"og:image:width\" content=\"2560\" \/>\n\t<meta property=\"og:image:height\" content=\"2560\" \/>\n\t<meta property=\"og:image:type\" content=\"image\/jpeg\" \/>\n<meta name=\"twitter:card\" content=\"summary_large_image\" \/>\n<meta name=\"twitter:label1\" content=\"Dur\u00e9e de lecture estim\u00e9e\" \/>\n\t<meta name=\"twitter:data1\" content=\"2 minutes\" \/>\n<script type=\"application\/ld+json\" class=\"yoast-schema-graph\">{\"@context\":\"https:\\\/\\\/schema.org\",\"@graph\":[{\"@type\":\"WebPage\",\"@id\":\"https:\\\/\\\/bulaoutdoor.nl\\\/product\\\/the-windmill-smash-burger-tool\\\/\",\"url\":\"https:\\\/\\\/bulaoutdoor.nl\\\/product\\\/the-windmill-smash-burger-tool\\\/\",\"name\":\"The Windmill Smash Burger Tool &#8211; Bula Outdoor\",\"isPartOf\":{\"@id\":\"https:\\\/\\\/bulaoutdoor.nl\\\/#website\"},\"primaryImageOfPage\":{\"@id\":\"https:\\\/\\\/bulaoutdoor.nl\\\/product\\\/the-windmill-smash-burger-tool\\\/#primaryimage\"},\"image\":{\"@id\":\"https:\\\/\\\/bulaoutdoor.nl\\\/product\\\/the-windmill-smash-burger-tool\\\/#primaryimage\"},\"thumbnailUrl\":\"https:\\\/\\\/bulaoutdoor.nl\\\/wp-content\\\/uploads\\\/2023\\\/10\\\/BulaOutdoor-TWM039-smashburgertool-01-scaled.jpg\",\"datePublished\":\"2023-10-16T09:23:30+00:00\",\"dateModified\":\"2026-02-20T16:54:16+00:00\",\"breadcrumb\":{\"@id\":\"https:\\\/\\\/bulaoutdoor.nl\\\/product\\\/the-windmill-smash-burger-tool\\\/#breadcrumb\"},\"inLanguage\":\"fr-FR\",\"potentialAction\":[{\"@type\":\"ReadAction\",\"target\":[\"https:\\\/\\\/bulaoutdoor.nl\\\/product\\\/the-windmill-smash-burger-tool\\\/\"]}]},{\"@type\":\"ImageObject\",\"inLanguage\":\"fr-FR\",\"@id\":\"https:\\\/\\\/bulaoutdoor.nl\\\/product\\\/the-windmill-smash-burger-tool\\\/#primaryimage\",\"url\":\"https:\\\/\\\/bulaoutdoor.nl\\\/wp-content\\\/uploads\\\/2023\\\/10\\\/BulaOutdoor-TWM039-smashburgertool-01-scaled.jpg\",\"contentUrl\":\"https:\\\/\\\/bulaoutdoor.nl\\\/wp-content\\\/uploads\\\/2023\\\/10\\\/BulaOutdoor-TWM039-smashburgertool-01-scaled.jpg\",\"width\":2560,\"height\":2560},{\"@type\":\"BreadcrumbList\",\"@id\":\"https:\\\/\\\/bulaoutdoor.nl\\\/product\\\/the-windmill-smash-burger-tool\\\/#breadcrumb\",\"itemListElement\":[{\"@type\":\"ListItem\",\"position\":1,\"name\":\"Home\",\"item\":\"https:\\\/\\\/bulaoutdoor.nl\\\/\"},{\"@type\":\"ListItem\",\"position\":2,\"name\":\"Online BBQ kopen\",\"item\":\"https:\\\/\\\/bulaoutdoor.nl\\\/\"},{\"@type\":\"ListItem\",\"position\":3,\"name\":\"The Windmill Smash Burger Tool\"}]},{\"@type\":\"WebSite\",\"@id\":\"https:\\\/\\\/bulaoutdoor.nl\\\/#website\",\"url\":\"https:\\\/\\\/bulaoutdoor.nl\\\/\",\"name\":\"Bula Outdoor\",\"description\":\"Voor uw buitenhaard, BBQ, tuinfakkel en houtoven\",\"publisher\":{\"@id\":\"https:\\\/\\\/bulaoutdoor.nl\\\/#organization\"},\"potentialAction\":[{\"@type\":\"SearchAction\",\"target\":{\"@type\":\"EntryPoint\",\"urlTemplate\":\"https:\\\/\\\/bulaoutdoor.nl\\\/?s={search_term_string}\"},\"query-input\":{\"@type\":\"PropertyValueSpecification\",\"valueRequired\":true,\"valueName\":\"search_term_string\"}}],\"inLanguage\":\"fr-FR\"},{\"@type\":\"Organization\",\"@id\":\"https:\\\/\\\/bulaoutdoor.nl\\\/#organization\",\"name\":\"Bula Outdoor\",\"url\":\"https:\\\/\\\/bulaoutdoor.nl\\\/\",\"logo\":{\"@type\":\"ImageObject\",\"inLanguage\":\"fr-FR\",\"@id\":\"https:\\\/\\\/bulaoutdoor.nl\\\/#\\\/schema\\\/logo\\\/image\\\/\",\"url\":\"https:\\\/\\\/www.bulaoutdoor.nl\\\/wp-content\\\/uploads\\\/2018\\\/04\\\/bulaoutdoor-logo.png\",\"contentUrl\":\"https:\\\/\\\/www.bulaoutdoor.nl\\\/wp-content\\\/uploads\\\/2018\\\/04\\\/bulaoutdoor-logo.png\",\"width\":324,\"height\":91,\"caption\":\"Bula Outdoor\"},\"image\":{\"@id\":\"https:\\\/\\\/bulaoutdoor.nl\\\/#\\\/schema\\\/logo\\\/image\\\/\"}}]}<\/script>\n<!-- \/ Yoast SEO plugin. -->","yoast_head_json":{"title":"Le moulin \u00e0 vent Smash Burger Tool - Bula Outdoors","robots":{"index":"index","follow":"follow","max-snippet":"max-snippet:-1","max-image-preview":"max-image-preview:large","max-video-preview":"max-video-preview:-1"},"canonical":"https:\/\/bulaoutdoor.nl\/fr\/produit\/le-moulin-a-vent-smash-burger-tool\/","og_locale":"fr_FR","og_type":"article","og_title":"The Windmill Smash Burger Tool &#8211; Bula Outdoor","og_description":"Ontdek de kunst van het maken van perfecte Amerikaanse 'Smashburgers' met onze duurzame gietijzeren smashburger tool.","og_url":"https:\/\/bulaoutdoor.nl\/fr\/produit\/le-moulin-a-vent-smash-burger-tool\/","og_site_name":"Bula Outdoor","article_modified_time":"2026-02-20T16:54:16+00:00","og_image":[{"width":2560,"height":2560,"url":"https:\/\/bulaoutdoor.nl\/wp-content\/uploads\/2023\/10\/BulaOutdoor-TWM039-smashburgertool-01-scaled.jpg","type":"image\/jpeg"}],"twitter_card":"summary_large_image","twitter_misc":{"Dur\u00e9e de lecture estim\u00e9e":"2 minutes"},"schema":{"@context":"https:\/\/schema.org","@graph":[{"@type":"WebPage","@id":"https:\/\/bulaoutdoor.nl\/product\/the-windmill-smash-burger-tool\/","url":"https:\/\/bulaoutdoor.nl\/product\/the-windmill-smash-burger-tool\/","name":"Le moulin \u00e0 vent Smash Burger Tool - Bula Outdoors","isPartOf":{"@id":"https:\/\/bulaoutdoor.nl\/#website"},"primaryImageOfPage":{"@id":"https:\/\/bulaoutdoor.nl\/product\/the-windmill-smash-burger-tool\/#primaryimage"},"image":{"@id":"https:\/\/bulaoutdoor.nl\/product\/the-windmill-smash-burger-tool\/#primaryimage"},"thumbnailUrl":"https:\/\/bulaoutdoor.nl\/wp-content\/uploads\/2023\/10\/BulaOutdoor-TWM039-smashburgertool-01-scaled.jpg","datePublished":"2023-10-16T09:23:30+00:00","dateModified":"2026-02-20T16:54:16+00:00","breadcrumb":{"@id":"https:\/\/bulaoutdoor.nl\/product\/the-windmill-smash-burger-tool\/#breadcrumb"},"inLanguage":"fr-FR","potentialAction":[{"@type":"ReadAction","target":["https:\/\/bulaoutdoor.nl\/product\/the-windmill-smash-burger-tool\/"]}]},{"@type":"ImageObject","inLanguage":"fr-FR","@id":"https:\/\/bulaoutdoor.nl\/product\/the-windmill-smash-burger-tool\/#primaryimage","url":"https:\/\/bulaoutdoor.nl\/wp-content\/uploads\/2023\/10\/BulaOutdoor-TWM039-smashburgertool-01-scaled.jpg","contentUrl":"https:\/\/bulaoutdoor.nl\/wp-content\/uploads\/2023\/10\/BulaOutdoor-TWM039-smashburgertool-01-scaled.jpg","width":2560,"height":2560},{"@type":"BreadcrumbList","@id":"https:\/\/bulaoutdoor.nl\/product\/the-windmill-smash-burger-tool\/#breadcrumb","itemListElement":[{"@type":"ListItem","position":1,"name":"Home","item":"https:\/\/bulaoutdoor.nl\/"},{"@type":"ListItem","position":2,"name":"Online BBQ kopen","item":"https:\/\/bulaoutdoor.nl\/"},{"@type":"ListItem","position":3,"name":"The Windmill Smash Burger Tool"}]},{"@type":"WebSite","@id":"https:\/\/bulaoutdoor.nl\/#website","url":"https:\/\/bulaoutdoor.nl\/","name":"Bula Outdoor","description":"Pour votre chemin\u00e9e ext\u00e9rieure, votre barbecue, votre torche de jardin et votre four \u00e0 bois","publisher":{"@id":"https:\/\/bulaoutdoor.nl\/#organization"},"potentialAction":[{"@type":"SearchAction","target":{"@type":"EntryPoint","urlTemplate":"https:\/\/bulaoutdoor.nl\/?s={search_term_string}"},"query-input":{"@type":"PropertyValueSpecification","valueRequired":true,"valueName":"search_term_string"}}],"inLanguage":"fr-FR"},{"@type":"Organization","@id":"https:\/\/bulaoutdoor.nl\/#organization","name":"Bula Outdoor","url":"https:\/\/bulaoutdoor.nl\/","logo":{"@type":"ImageObject","inLanguage":"fr-FR","@id":"https:\/\/bulaoutdoor.nl\/#\/schema\/logo\/image\/","url":"https:\/\/www.bulaoutdoor.nl\/wp-content\/uploads\/2018\/04\/bulaoutdoor-logo.png","contentUrl":"https:\/\/www.bulaoutdoor.nl\/wp-content\/uploads\/2018\/04\/bulaoutdoor-logo.png","width":324,"height":91,"caption":"Bula Outdoor"},"image":{"@id":"https:\/\/bulaoutdoor.nl\/#\/schema\/logo\/image\/"}}]}},"jetpack_sharing_enabled":true,"_links":{"self":[{"href":"https:\/\/bulaoutdoor.nl\/fr\/wp-json\/wp\/v2\/product\/34213","targetHints":{"allow":["GET"]}}],"collection":[{"href":"https:\/\/bulaoutdoor.nl\/fr\/wp-json\/wp\/v2\/product"}],"about":[{"href":"https:\/\/bulaoutdoor.nl\/fr\/wp-json\/wp\/v2\/types\/product"}],"replies":[{"embeddable":true,"href":"https:\/\/bulaoutdoor.nl\/fr\/wp-json\/wp\/v2\/comments?post=34213"}],"wp:featuredmedia":[{"embeddable":true,"href":"https:\/\/bulaoutdoor.nl\/fr\/wp-json\/wp\/v2\/media\/34214"}],"wp:attachment":[{"href":"https:\/\/bulaoutdoor.nl\/fr\/wp-json\/wp\/v2\/media?parent=34213"}],"wp:term":[{"taxonomy":"product_brand","embeddable":true,"href":"https:\/\/bulaoutdoor.nl\/fr\/wp-json\/wp\/v2\/product_brand?post=34213"},{"taxonomy":"product_cat","embeddable":true,"href":"https:\/\/bulaoutdoor.nl\/fr\/wp-json\/wp\/v2\/product_cat?post=34213"},{"taxonomy":"product_tag","embeddable":true,"href":"https:\/\/bulaoutdoor.nl\/fr\/wp-json\/wp\/v2\/product_tag?post=34213"}],"curies":[{"name":"wp","href":"https:\/\/api.w.org\/{rel}","templated":true}]}}