{"id":34221,"date":"2023-10-16T09:28:38","date_gmt":"2023-10-16T09:28:38","guid":{"rendered":"https:\/\/bulaoutdoor.nl\/?post_type=product&#038;p=34221"},"modified":"2025-05-22T09:04:30","modified_gmt":"2025-05-22T09:04:30","slug":"le-moulin-a-vent-poffertjes-pan","status":"publish","type":"product","link":"https:\/\/bulaoutdoor.nl\/fr\/product\/the-windmill-poffertjespan\/","title":{"rendered":"Le moulin \u00e0 vent Poffertjes pan"},"content":{"rendered":"<h4>Le moulin \u00e0 vent Poffertjes pan<\/h4>\n<p>D\u00e9couvrez l'authentique saveur hollandaise avec notre po\u00eale \u00e0 poffertjes en fonte, un accessoire classique qui apporte le charme des poffertjes dans votre cuisine.<\/p>\n<p><strong>Caract\u00e9ristiques :<\/strong><\/p>\n<ul>\n<li><strong>19 poffertjes \u00e0 la fois :<\/strong> Avec cette po\u00eale \u00e0 poffertjes, vous pouvez cuisiner sans effort 19 d\u00e9licieux poffertjes en une seule fois, ce qui est parfait pour les r\u00e9unions conviviales ou les d\u00eeners en famille.<\/li>\n<li><strong>Pr\u00e9-saisonn\u00e9 :<\/strong> La po\u00eale est pr\u00e9trait\u00e9e (pr\u00e9-assaisonn\u00e9e), ce qui la rend pr\u00eate \u00e0 \u00eatre utilis\u00e9e imm\u00e9diatement. Il suffit de suivre le mode d'emploi pour pr\u00e9server le rev\u00eatement antiadh\u00e9sif.<\/li>\n<li><strong>Convient \u00e0 diverses sources de chaleur :<\/strong> Que vous cuisiniez au gaz, \u00e0 l'induction, \u00e0 la flamme nue ou au barbecue, cette po\u00eale \u00e0 poffertjes fonctionne parfaitement quelle que soit la source de chaleur.<\/li>\n<li><strong>Utilisation polyvalente :<\/strong> Outre les poffertjes, vous pouvez \u00e9galement utiliser cette po\u00eale pour frire des \u0153ufs de caille, des crevettes, des mini brownies et d'autres petits en-cas. Les possibilit\u00e9s sont infinies.<\/li>\n<\/ul>\n<p>Cette po\u00eale en fonte est un symbole de la cuisine hollandaise traditionnelle et de la convivialit\u00e9.<\/p>\n<p>Commandez la po\u00eale \u00e0 cr\u00eapes en fonte directement aupr\u00e8s de Bula Outdoor, votre sp\u00e9cialiste de la cuisson des cr\u00eapes. <a href=\"https:\/\/bulaoutdoor.nl\/fr\/categorie-de-produits\/ustensiles-de-cuisine-pour-lexterieur\/\">Cuisine en plein air<\/a> sp\u00e9cialiste !<\/p>\n<p>&nbsp;<\/p>","protected":false},"excerpt":{"rendered":"<p>The Windmill Poffertjespan Ontdek de authentieke Nederlandse smaak met onze gietijzeren poffertjespan, een klassiek accessoire dat de charme van poffertjes naar jouw keuken brengt. Kenmerken: 19 poffertjes per keer: Met deze poffertjespan kun je moeiteloos 19 heerlijke poffertjes tegelijk bereiden, perfect voor gezellige bijeenkomsten of familiediners. Pre-Seasoned: De pan is voorbehandeld (pre-seasoned), waardoor hij direct [&hellip;]<\/p>\n","protected":false},"featured_media":34222,"comment_status":"open","ping_status":"closed","template":"","meta":{"_acf_changed":false},"product_brand":[],"product_cat":[26],"product_tag":[87,1326,81],"class_list":{"0":"post-34221","1":"product","2":"type-product","3":"status-publish","4":"has-post-thumbnail","6":"product_cat-outdoor-kookset","7":"product_tag-gietijzer","8":"product_tag-poffertjes","9":"product_tag-windmill","11":"first","12":"outofstock","13":"taxable","14":"shipping-taxable","15":"purchasable","16":"product-type-simple"},"acf":[],"yoast_head":"<!-- This site is optimized with the Yoast SEO plugin v27.5 - https:\/\/yoast.com\/product\/yoast-seo-wordpress\/ -->\n<title>The Windmill Poffertjespan &#8211; Bula Outdoor<\/title>\n<meta name=\"robots\" content=\"index, follow, max-snippet:-1, max-image-preview:large, max-video-preview:-1\" \/>\n<link rel=\"canonical\" href=\"https:\/\/bulaoutdoor.nl\/fr\/produit\/le-moulin-a-vent-poffertjes-pan\/\" \/>\n<meta property=\"og:locale\" content=\"fr_FR\" \/>\n<meta property=\"og:type\" content=\"article\" \/>\n<meta property=\"og:title\" content=\"The Windmill Poffertjespan &#8211; Bula Outdoor\" \/>\n<meta property=\"og:description\" content=\"The Windmill Poffertjespan Ontdek de authentieke Nederlandse smaak met onze gietijzeren poffertjespan, een klassiek accessoire dat de charme van poffertjes naar jouw keuken brengt. Kenmerken: 19 poffertjes per keer: Met deze poffertjespan kun je moeiteloos 19 heerlijke poffertjes tegelijk bereiden, perfect voor gezellige bijeenkomsten of familiediners. Pre-Seasoned: De pan is voorbehandeld (pre-seasoned), waardoor hij direct [&hellip;]\" \/>\n<meta property=\"og:url\" content=\"https:\/\/bulaoutdoor.nl\/fr\/produit\/le-moulin-a-vent-poffertjes-pan\/\" \/>\n<meta property=\"og:site_name\" content=\"Bula Outdoor\" \/>\n<meta property=\"article:modified_time\" content=\"2025-05-22T09:04:30+00:00\" \/>\n<meta property=\"og:image\" content=\"https:\/\/bulaoutdoor.nl\/wp-content\/uploads\/2023\/10\/TWM046-Poffertjespan-New2-1024x1024.jpg\" \/>\n\t<meta property=\"og:image:width\" content=\"1024\" \/>\n\t<meta property=\"og:image:height\" content=\"1024\" \/>\n\t<meta property=\"og:image:type\" content=\"image\/jpeg\" \/>\n<meta name=\"twitter:card\" content=\"summary_large_image\" \/>\n<meta name=\"twitter:label1\" content=\"Dur\u00e9e de lecture estim\u00e9e\" \/>\n\t<meta name=\"twitter:data1\" content=\"1 minute\" \/>\n<script type=\"application\/ld+json\" class=\"yoast-schema-graph\">{\"@context\":\"https:\\\/\\\/schema.org\",\"@graph\":[{\"@type\":\"WebPage\",\"@id\":\"https:\\\/\\\/bulaoutdoor.nl\\\/product\\\/the-windmill-poffertjespan\\\/\",\"url\":\"https:\\\/\\\/bulaoutdoor.nl\\\/product\\\/the-windmill-poffertjespan\\\/\",\"name\":\"The Windmill Poffertjespan &#8211; Bula Outdoor\",\"isPartOf\":{\"@id\":\"https:\\\/\\\/bulaoutdoor.nl\\\/#website\"},\"primaryImageOfPage\":{\"@id\":\"https:\\\/\\\/bulaoutdoor.nl\\\/product\\\/the-windmill-poffertjespan\\\/#primaryimage\"},\"image\":{\"@id\":\"https:\\\/\\\/bulaoutdoor.nl\\\/product\\\/the-windmill-poffertjespan\\\/#primaryimage\"},\"thumbnailUrl\":\"https:\\\/\\\/bulaoutdoor.nl\\\/wp-content\\\/uploads\\\/2023\\\/10\\\/TWM046-Poffertjespan-New2.jpg\",\"datePublished\":\"2023-10-16T09:28:38+00:00\",\"dateModified\":\"2025-05-22T09:04:30+00:00\",\"breadcrumb\":{\"@id\":\"https:\\\/\\\/bulaoutdoor.nl\\\/product\\\/the-windmill-poffertjespan\\\/#breadcrumb\"},\"inLanguage\":\"fr-FR\",\"potentialAction\":[{\"@type\":\"ReadAction\",\"target\":[\"https:\\\/\\\/bulaoutdoor.nl\\\/product\\\/the-windmill-poffertjespan\\\/\"]}]},{\"@type\":\"ImageObject\",\"inLanguage\":\"fr-FR\",\"@id\":\"https:\\\/\\\/bulaoutdoor.nl\\\/product\\\/the-windmill-poffertjespan\\\/#primaryimage\",\"url\":\"https:\\\/\\\/bulaoutdoor.nl\\\/wp-content\\\/uploads\\\/2023\\\/10\\\/TWM046-Poffertjespan-New2.jpg\",\"contentUrl\":\"https:\\\/\\\/bulaoutdoor.nl\\\/wp-content\\\/uploads\\\/2023\\\/10\\\/TWM046-Poffertjespan-New2.jpg\",\"width\":2036,\"height\":2036},{\"@type\":\"BreadcrumbList\",\"@id\":\"https:\\\/\\\/bulaoutdoor.nl\\\/product\\\/the-windmill-poffertjespan\\\/#breadcrumb\",\"itemListElement\":[{\"@type\":\"ListItem\",\"position\":1,\"name\":\"Home\",\"item\":\"https:\\\/\\\/bulaoutdoor.nl\\\/\"},{\"@type\":\"ListItem\",\"position\":2,\"name\":\"Online BBQ kopen\",\"item\":\"https:\\\/\\\/bulaoutdoor.nl\\\/\"},{\"@type\":\"ListItem\",\"position\":3,\"name\":\"The Windmill Poffertjespan\"}]},{\"@type\":\"WebSite\",\"@id\":\"https:\\\/\\\/bulaoutdoor.nl\\\/#website\",\"url\":\"https:\\\/\\\/bulaoutdoor.nl\\\/\",\"name\":\"Bula Outdoor\",\"description\":\"Voor uw buitenhaard, BBQ, tuinfakkel en houtoven\",\"publisher\":{\"@id\":\"https:\\\/\\\/bulaoutdoor.nl\\\/#organization\"},\"potentialAction\":[{\"@type\":\"SearchAction\",\"target\":{\"@type\":\"EntryPoint\",\"urlTemplate\":\"https:\\\/\\\/bulaoutdoor.nl\\\/?s={search_term_string}\"},\"query-input\":{\"@type\":\"PropertyValueSpecification\",\"valueRequired\":true,\"valueName\":\"search_term_string\"}}],\"inLanguage\":\"fr-FR\"},{\"@type\":\"Organization\",\"@id\":\"https:\\\/\\\/bulaoutdoor.nl\\\/#organization\",\"name\":\"Bula Outdoor\",\"url\":\"https:\\\/\\\/bulaoutdoor.nl\\\/\",\"logo\":{\"@type\":\"ImageObject\",\"inLanguage\":\"fr-FR\",\"@id\":\"https:\\\/\\\/bulaoutdoor.nl\\\/#\\\/schema\\\/logo\\\/image\\\/\",\"url\":\"https:\\\/\\\/www.bulaoutdoor.nl\\\/wp-content\\\/uploads\\\/2018\\\/04\\\/bulaoutdoor-logo.png\",\"contentUrl\":\"https:\\\/\\\/www.bulaoutdoor.nl\\\/wp-content\\\/uploads\\\/2018\\\/04\\\/bulaoutdoor-logo.png\",\"width\":324,\"height\":91,\"caption\":\"Bula Outdoor\"},\"image\":{\"@id\":\"https:\\\/\\\/bulaoutdoor.nl\\\/#\\\/schema\\\/logo\\\/image\\\/\"}}]}<\/script>\n<!-- \/ Yoast SEO plugin. -->","yoast_head_json":{"title":"Le moulin \u00e0 vent Poffertjes pan - Bula Outdoors","robots":{"index":"index","follow":"follow","max-snippet":"max-snippet:-1","max-image-preview":"max-image-preview:large","max-video-preview":"max-video-preview:-1"},"canonical":"https:\/\/bulaoutdoor.nl\/fr\/produit\/le-moulin-a-vent-poffertjes-pan\/","og_locale":"fr_FR","og_type":"article","og_title":"The Windmill Poffertjespan &#8211; Bula Outdoor","og_description":"The Windmill Poffertjespan Ontdek de authentieke Nederlandse smaak met onze gietijzeren poffertjespan, een klassiek accessoire dat de charme van poffertjes naar jouw keuken brengt. Kenmerken: 19 poffertjes per keer: Met deze poffertjespan kun je moeiteloos 19 heerlijke poffertjes tegelijk bereiden, perfect voor gezellige bijeenkomsten of familiediners. Pre-Seasoned: De pan is voorbehandeld (pre-seasoned), waardoor hij direct [&hellip;]","og_url":"https:\/\/bulaoutdoor.nl\/fr\/produit\/le-moulin-a-vent-poffertjes-pan\/","og_site_name":"Bula Outdoor","article_modified_time":"2025-05-22T09:04:30+00:00","og_image":[{"width":1024,"height":1024,"url":"https:\/\/bulaoutdoor.nl\/wp-content\/uploads\/2023\/10\/TWM046-Poffertjespan-New2-1024x1024.jpg","type":"image\/jpeg"}],"twitter_card":"summary_large_image","twitter_misc":{"Dur\u00e9e de lecture estim\u00e9e":"1 minute"},"schema":{"@context":"https:\/\/schema.org","@graph":[{"@type":"WebPage","@id":"https:\/\/bulaoutdoor.nl\/product\/the-windmill-poffertjespan\/","url":"https:\/\/bulaoutdoor.nl\/product\/the-windmill-poffertjespan\/","name":"Le moulin \u00e0 vent Poffertjes pan - Bula Outdoors","isPartOf":{"@id":"https:\/\/bulaoutdoor.nl\/#website"},"primaryImageOfPage":{"@id":"https:\/\/bulaoutdoor.nl\/product\/the-windmill-poffertjespan\/#primaryimage"},"image":{"@id":"https:\/\/bulaoutdoor.nl\/product\/the-windmill-poffertjespan\/#primaryimage"},"thumbnailUrl":"https:\/\/bulaoutdoor.nl\/wp-content\/uploads\/2023\/10\/TWM046-Poffertjespan-New2.jpg","datePublished":"2023-10-16T09:28:38+00:00","dateModified":"2025-05-22T09:04:30+00:00","breadcrumb":{"@id":"https:\/\/bulaoutdoor.nl\/product\/the-windmill-poffertjespan\/#breadcrumb"},"inLanguage":"fr-FR","potentialAction":[{"@type":"ReadAction","target":["https:\/\/bulaoutdoor.nl\/product\/the-windmill-poffertjespan\/"]}]},{"@type":"ImageObject","inLanguage":"fr-FR","@id":"https:\/\/bulaoutdoor.nl\/product\/the-windmill-poffertjespan\/#primaryimage","url":"https:\/\/bulaoutdoor.nl\/wp-content\/uploads\/2023\/10\/TWM046-Poffertjespan-New2.jpg","contentUrl":"https:\/\/bulaoutdoor.nl\/wp-content\/uploads\/2023\/10\/TWM046-Poffertjespan-New2.jpg","width":2036,"height":2036},{"@type":"BreadcrumbList","@id":"https:\/\/bulaoutdoor.nl\/product\/the-windmill-poffertjespan\/#breadcrumb","itemListElement":[{"@type":"ListItem","position":1,"name":"Home","item":"https:\/\/bulaoutdoor.nl\/"},{"@type":"ListItem","position":2,"name":"Online BBQ kopen","item":"https:\/\/bulaoutdoor.nl\/"},{"@type":"ListItem","position":3,"name":"The Windmill Poffertjespan"}]},{"@type":"WebSite","@id":"https:\/\/bulaoutdoor.nl\/#website","url":"https:\/\/bulaoutdoor.nl\/","name":"Bula Outdoor","description":"Pour votre chemin\u00e9e ext\u00e9rieure, votre barbecue, votre torche de jardin et votre four \u00e0 bois","publisher":{"@id":"https:\/\/bulaoutdoor.nl\/#organization"},"potentialAction":[{"@type":"SearchAction","target":{"@type":"EntryPoint","urlTemplate":"https:\/\/bulaoutdoor.nl\/?s={search_term_string}"},"query-input":{"@type":"PropertyValueSpecification","valueRequired":true,"valueName":"search_term_string"}}],"inLanguage":"fr-FR"},{"@type":"Organization","@id":"https:\/\/bulaoutdoor.nl\/#organization","name":"Bula Outdoor","url":"https:\/\/bulaoutdoor.nl\/","logo":{"@type":"ImageObject","inLanguage":"fr-FR","@id":"https:\/\/bulaoutdoor.nl\/#\/schema\/logo\/image\/","url":"https:\/\/www.bulaoutdoor.nl\/wp-content\/uploads\/2018\/04\/bulaoutdoor-logo.png","contentUrl":"https:\/\/www.bulaoutdoor.nl\/wp-content\/uploads\/2018\/04\/bulaoutdoor-logo.png","width":324,"height":91,"caption":"Bula Outdoor"},"image":{"@id":"https:\/\/bulaoutdoor.nl\/#\/schema\/logo\/image\/"}}]}},"jetpack_sharing_enabled":true,"_links":{"self":[{"href":"https:\/\/bulaoutdoor.nl\/fr\/wp-json\/wp\/v2\/product\/34221","targetHints":{"allow":["GET"]}}],"collection":[{"href":"https:\/\/bulaoutdoor.nl\/fr\/wp-json\/wp\/v2\/product"}],"about":[{"href":"https:\/\/bulaoutdoor.nl\/fr\/wp-json\/wp\/v2\/types\/product"}],"replies":[{"embeddable":true,"href":"https:\/\/bulaoutdoor.nl\/fr\/wp-json\/wp\/v2\/comments?post=34221"}],"wp:featuredmedia":[{"embeddable":true,"href":"https:\/\/bulaoutdoor.nl\/fr\/wp-json\/wp\/v2\/media\/34222"}],"wp:attachment":[{"href":"https:\/\/bulaoutdoor.nl\/fr\/wp-json\/wp\/v2\/media?parent=34221"}],"wp:term":[{"taxonomy":"product_brand","embeddable":true,"href":"https:\/\/bulaoutdoor.nl\/fr\/wp-json\/wp\/v2\/product_brand?post=34221"},{"taxonomy":"product_cat","embeddable":true,"href":"https:\/\/bulaoutdoor.nl\/fr\/wp-json\/wp\/v2\/product_cat?post=34221"},{"taxonomy":"product_tag","embeddable":true,"href":"https:\/\/bulaoutdoor.nl\/fr\/wp-json\/wp\/v2\/product_tag?post=34221"}],"curies":[{"name":"wp","href":"https:\/\/api.w.org\/{rel}","templated":true}]}}