{"id":34249,"date":"2023-10-16T10:07:07","date_gmt":"2023-10-16T10:07:07","guid":{"rendered":"https:\/\/bulaoutdoor.nl\/?post_type=product&#038;p=34249"},"modified":"2023-10-27T09:32:33","modified_gmt":"2023-10-27T09:32:33","slug":"la-grille-en-fonte-du-moulin-a-vent","status":"publish","type":"product","link":"https:\/\/bulaoutdoor.nl\/fr\/product\/the-windmill-gietijzeren-grillrooster\/","title":{"rendered":"Grille en fonte Windmill"},"content":{"rendered":"<p>D\u00e9couvrez l'exp\u00e9rience ultime de la grillade avec cette grille, sp\u00e9cialement con\u00e7ue pour s'adapter parfaitement au r\u00e9chaud de camping Windmill (TWM073).<\/p>\n<ul>\n<li><strong>Convient parfaitement au r\u00e9chaud de camping Windmill :<\/strong> Cette grille est pr\u00e9cis\u00e9ment con\u00e7ue pour s'adapter parfaitement au r\u00e9chaud de camping Windmill (TWM073), transformant ainsi votre r\u00e9chaud en v\u00e9ritable grill.<\/li>\n<li><strong>Fabriqu\u00e9 en acier moul\u00e9 extra-fort :<\/strong> Enti\u00e8rement fabriqu\u00e9 en fonte d'acier extra-robuste (fonte ductile), ce gril retient superbement la chaleur et la r\u00e9partit uniform\u00e9ment, ce qui est essentiel pour une cuisson parfaite de vos plats pr\u00e9f\u00e9r\u00e9s.<\/li>\n<li><strong>Mat\u00e9riau durable :<\/strong> La grille du gril est fabriqu\u00e9e en acier durable, ce qui garantit une longue dur\u00e9e de vie et des performances fiables \u00e0 chaque fois que vous faites des grillades.<\/li>\n<li><strong>Couche pr\u00e9-saisonn\u00e9e :<\/strong> La grille est pr\u00e9trait\u00e9e avec une couche pr\u00e9-assaisonn\u00e9e pour la protection. Cette couche n'ajoute pas seulement \u00e0 sa durabilit\u00e9, mais cr\u00e9e \u00e9galement un rev\u00eatement antiadh\u00e9sif parfait pour des grillades sans effort.<\/li>\n<\/ul>\n<p><strong>Manuel de l'utilisateur<\/strong><br \/>\nPour que la grille ne rouille pas, il est important de la br\u00fbler avant de l'utiliser, conform\u00e9ment aux instructions fournies pour la fonte. En br\u00fblant la grille, vous cr\u00e9ez imm\u00e9diatement un rev\u00eatement antiadh\u00e9sif parfait, ce qui est essentiel pour une exp\u00e9rience de grillade optimale.<\/p>\n<p>Cette grille ajoute une nouvelle dimension \u00e0 votre exp\u00e9rience de la cuisine en plein air, vous permettant de pr\u00e9parer de d\u00e9licieux plats grill\u00e9s tout en conservant leur saveur et leur jutosit\u00e9. D\u00e9couvrez la polyvalence de cette grille et transformez votre r\u00e9chaud de camping The Windmill en un gril professionnel pour toutes vos aventures en plein air.<\/p>\n<p>Commandez d\u00e8s maintenant la grille du gril directement aupr\u00e8s de Bula Outdoor, votre <a href=\"https:\/\/bulaoutdoor.nl\/fr\/categorie-de-produits\/ustensiles-de-cuisine-pour-lexterieur\/\">Cuisine en plein air<\/a>\u00a0sp\u00e9cialiste !<\/p>","protected":false},"excerpt":{"rendered":"<p>Ontdek de ultieme grillervaring met dit grillrooster, speciaal ontworpen voor de perfecte fit met The Windmill Camp Stove (TWM073). Perfecte fit met The Windmill Camp Stove: Dit grillrooster is nauwkeurig ontworpen om naadloos te passen op The Windmill Camp Stove (TWM073), waardoor je van je stove een echte grill kunt maken. Gemaakt van extra sterk [&hellip;]<\/p>\n","protected":false},"featured_media":34250,"comment_status":"open","ping_status":"closed","template":"","meta":{"_acf_changed":false},"product_brand":[],"product_cat":[26],"product_tag":[87,81],"class_list":{"0":"post-34249","1":"product","2":"type-product","3":"status-publish","4":"has-post-thumbnail","6":"product_cat-outdoor-kookset","7":"product_tag-gietijzer","8":"product_tag-windmill","10":"first","11":"instock","12":"taxable","13":"shipping-taxable","14":"purchasable","15":"product-type-simple"},"acf":[],"yoast_head":"<!-- This site is optimized with the Yoast SEO plugin v27.3 - https:\/\/yoast.com\/product\/yoast-seo-wordpress\/ -->\n<title>The Windmill Gietijzeren grillrooster &#8211; Bula Outdoor<\/title>\n<meta name=\"robots\" content=\"index, follow, max-snippet:-1, max-image-preview:large, max-video-preview:-1\" \/>\n<link rel=\"canonical\" href=\"https:\/\/bulaoutdoor.nl\/fr\/produit\/la-grille-en-fonte-du-moulin-a-vent\/\" \/>\n<meta property=\"og:locale\" content=\"fr_FR\" \/>\n<meta property=\"og:type\" content=\"article\" \/>\n<meta property=\"og:title\" content=\"The Windmill Gietijzeren grillrooster &#8211; Bula Outdoor\" \/>\n<meta property=\"og:description\" content=\"Ontdek de ultieme grillervaring met dit grillrooster, speciaal ontworpen voor de perfecte fit met The Windmill Camp Stove (TWM073). Perfecte fit met The Windmill Camp Stove: Dit grillrooster is nauwkeurig ontworpen om naadloos te passen op The Windmill Camp Stove (TWM073), waardoor je van je stove een echte grill kunt maken. Gemaakt van extra sterk [&hellip;]\" \/>\n<meta property=\"og:url\" content=\"https:\/\/bulaoutdoor.nl\/fr\/produit\/la-grille-en-fonte-du-moulin-a-vent\/\" \/>\n<meta property=\"og:site_name\" content=\"Bula Outdoor\" \/>\n<meta property=\"article:modified_time\" content=\"2023-10-27T09:32:33+00:00\" \/>\n<meta property=\"og:image\" content=\"https:\/\/bulaoutdoor.nl\/wp-content\/uploads\/2023\/10\/TWM074-Grillrooster-scaled.jpg\" \/>\n\t<meta property=\"og:image:width\" content=\"2560\" \/>\n\t<meta property=\"og:image:height\" content=\"2560\" \/>\n\t<meta property=\"og:image:type\" content=\"image\/jpeg\" \/>\n<meta name=\"twitter:card\" content=\"summary_large_image\" \/>\n<meta name=\"twitter:label1\" content=\"Dur\u00e9e de lecture estim\u00e9e\" \/>\n\t<meta name=\"twitter:data1\" content=\"2 minutes\" \/>\n<script type=\"application\/ld+json\" class=\"yoast-schema-graph\">{\"@context\":\"https:\\\/\\\/schema.org\",\"@graph\":[{\"@type\":\"WebPage\",\"@id\":\"https:\\\/\\\/bulaoutdoor.nl\\\/product\\\/the-windmill-gietijzeren-grillrooster\\\/\",\"url\":\"https:\\\/\\\/bulaoutdoor.nl\\\/product\\\/the-windmill-gietijzeren-grillrooster\\\/\",\"name\":\"The Windmill Gietijzeren grillrooster &#8211; Bula Outdoor\",\"isPartOf\":{\"@id\":\"https:\\\/\\\/bulaoutdoor.nl\\\/#website\"},\"primaryImageOfPage\":{\"@id\":\"https:\\\/\\\/bulaoutdoor.nl\\\/product\\\/the-windmill-gietijzeren-grillrooster\\\/#primaryimage\"},\"image\":{\"@id\":\"https:\\\/\\\/bulaoutdoor.nl\\\/product\\\/the-windmill-gietijzeren-grillrooster\\\/#primaryimage\"},\"thumbnailUrl\":\"https:\\\/\\\/bulaoutdoor.nl\\\/wp-content\\\/uploads\\\/2023\\\/10\\\/TWM074-Grillrooster-scaled.jpg\",\"datePublished\":\"2023-10-16T10:07:07+00:00\",\"dateModified\":\"2023-10-27T09:32:33+00:00\",\"breadcrumb\":{\"@id\":\"https:\\\/\\\/bulaoutdoor.nl\\\/product\\\/the-windmill-gietijzeren-grillrooster\\\/#breadcrumb\"},\"inLanguage\":\"fr-FR\",\"potentialAction\":[{\"@type\":\"ReadAction\",\"target\":[\"https:\\\/\\\/bulaoutdoor.nl\\\/product\\\/the-windmill-gietijzeren-grillrooster\\\/\"]}]},{\"@type\":\"ImageObject\",\"inLanguage\":\"fr-FR\",\"@id\":\"https:\\\/\\\/bulaoutdoor.nl\\\/product\\\/the-windmill-gietijzeren-grillrooster\\\/#primaryimage\",\"url\":\"https:\\\/\\\/bulaoutdoor.nl\\\/wp-content\\\/uploads\\\/2023\\\/10\\\/TWM074-Grillrooster-scaled.jpg\",\"contentUrl\":\"https:\\\/\\\/bulaoutdoor.nl\\\/wp-content\\\/uploads\\\/2023\\\/10\\\/TWM074-Grillrooster-scaled.jpg\",\"width\":2560,\"height\":2560},{\"@type\":\"BreadcrumbList\",\"@id\":\"https:\\\/\\\/bulaoutdoor.nl\\\/product\\\/the-windmill-gietijzeren-grillrooster\\\/#breadcrumb\",\"itemListElement\":[{\"@type\":\"ListItem\",\"position\":1,\"name\":\"Home\",\"item\":\"https:\\\/\\\/bulaoutdoor.nl\\\/\"},{\"@type\":\"ListItem\",\"position\":2,\"name\":\"Online BBQ kopen\",\"item\":\"https:\\\/\\\/bulaoutdoor.nl\\\/\"},{\"@type\":\"ListItem\",\"position\":3,\"name\":\"The Windmill Gietijzeren grillrooster\"}]},{\"@type\":\"WebSite\",\"@id\":\"https:\\\/\\\/bulaoutdoor.nl\\\/#website\",\"url\":\"https:\\\/\\\/bulaoutdoor.nl\\\/\",\"name\":\"Bula Outdoor\",\"description\":\"Voor uw buitenhaard, BBQ, tuinfakkel en houtoven\",\"publisher\":{\"@id\":\"https:\\\/\\\/bulaoutdoor.nl\\\/#organization\"},\"potentialAction\":[{\"@type\":\"SearchAction\",\"target\":{\"@type\":\"EntryPoint\",\"urlTemplate\":\"https:\\\/\\\/bulaoutdoor.nl\\\/?s={search_term_string}\"},\"query-input\":{\"@type\":\"PropertyValueSpecification\",\"valueRequired\":true,\"valueName\":\"search_term_string\"}}],\"inLanguage\":\"fr-FR\"},{\"@type\":\"Organization\",\"@id\":\"https:\\\/\\\/bulaoutdoor.nl\\\/#organization\",\"name\":\"Bula Outdoor\",\"url\":\"https:\\\/\\\/bulaoutdoor.nl\\\/\",\"logo\":{\"@type\":\"ImageObject\",\"inLanguage\":\"fr-FR\",\"@id\":\"https:\\\/\\\/bulaoutdoor.nl\\\/#\\\/schema\\\/logo\\\/image\\\/\",\"url\":\"https:\\\/\\\/www.bulaoutdoor.nl\\\/wp-content\\\/uploads\\\/2018\\\/04\\\/bulaoutdoor-logo.png\",\"contentUrl\":\"https:\\\/\\\/www.bulaoutdoor.nl\\\/wp-content\\\/uploads\\\/2018\\\/04\\\/bulaoutdoor-logo.png\",\"width\":324,\"height\":91,\"caption\":\"Bula Outdoor\"},\"image\":{\"@id\":\"https:\\\/\\\/bulaoutdoor.nl\\\/#\\\/schema\\\/logo\\\/image\\\/\"}}]}<\/script>\n<!-- \/ Yoast SEO plugin. -->","yoast_head_json":{"title":"Grille de barbecue en fonte The Windmill - Bula Outdoor","robots":{"index":"index","follow":"follow","max-snippet":"max-snippet:-1","max-image-preview":"max-image-preview:large","max-video-preview":"max-video-preview:-1"},"canonical":"https:\/\/bulaoutdoor.nl\/fr\/produit\/la-grille-en-fonte-du-moulin-a-vent\/","og_locale":"fr_FR","og_type":"article","og_title":"The Windmill Gietijzeren grillrooster &#8211; Bula Outdoor","og_description":"Ontdek de ultieme grillervaring met dit grillrooster, speciaal ontworpen voor de perfecte fit met The Windmill Camp Stove (TWM073). Perfecte fit met The Windmill Camp Stove: Dit grillrooster is nauwkeurig ontworpen om naadloos te passen op The Windmill Camp Stove (TWM073), waardoor je van je stove een echte grill kunt maken. Gemaakt van extra sterk [&hellip;]","og_url":"https:\/\/bulaoutdoor.nl\/fr\/produit\/la-grille-en-fonte-du-moulin-a-vent\/","og_site_name":"Bula Outdoor","article_modified_time":"2023-10-27T09:32:33+00:00","og_image":[{"width":2560,"height":2560,"url":"https:\/\/bulaoutdoor.nl\/wp-content\/uploads\/2023\/10\/TWM074-Grillrooster-scaled.jpg","type":"image\/jpeg"}],"twitter_card":"summary_large_image","twitter_misc":{"Dur\u00e9e de lecture estim\u00e9e":"2 minutes"},"schema":{"@context":"https:\/\/schema.org","@graph":[{"@type":"WebPage","@id":"https:\/\/bulaoutdoor.nl\/product\/the-windmill-gietijzeren-grillrooster\/","url":"https:\/\/bulaoutdoor.nl\/product\/the-windmill-gietijzeren-grillrooster\/","name":"Grille de barbecue en fonte The Windmill - Bula Outdoor","isPartOf":{"@id":"https:\/\/bulaoutdoor.nl\/#website"},"primaryImageOfPage":{"@id":"https:\/\/bulaoutdoor.nl\/product\/the-windmill-gietijzeren-grillrooster\/#primaryimage"},"image":{"@id":"https:\/\/bulaoutdoor.nl\/product\/the-windmill-gietijzeren-grillrooster\/#primaryimage"},"thumbnailUrl":"https:\/\/bulaoutdoor.nl\/wp-content\/uploads\/2023\/10\/TWM074-Grillrooster-scaled.jpg","datePublished":"2023-10-16T10:07:07+00:00","dateModified":"2023-10-27T09:32:33+00:00","breadcrumb":{"@id":"https:\/\/bulaoutdoor.nl\/product\/the-windmill-gietijzeren-grillrooster\/#breadcrumb"},"inLanguage":"fr-FR","potentialAction":[{"@type":"ReadAction","target":["https:\/\/bulaoutdoor.nl\/product\/the-windmill-gietijzeren-grillrooster\/"]}]},{"@type":"ImageObject","inLanguage":"fr-FR","@id":"https:\/\/bulaoutdoor.nl\/product\/the-windmill-gietijzeren-grillrooster\/#primaryimage","url":"https:\/\/bulaoutdoor.nl\/wp-content\/uploads\/2023\/10\/TWM074-Grillrooster-scaled.jpg","contentUrl":"https:\/\/bulaoutdoor.nl\/wp-content\/uploads\/2023\/10\/TWM074-Grillrooster-scaled.jpg","width":2560,"height":2560},{"@type":"BreadcrumbList","@id":"https:\/\/bulaoutdoor.nl\/product\/the-windmill-gietijzeren-grillrooster\/#breadcrumb","itemListElement":[{"@type":"ListItem","position":1,"name":"Home","item":"https:\/\/bulaoutdoor.nl\/"},{"@type":"ListItem","position":2,"name":"Online BBQ kopen","item":"https:\/\/bulaoutdoor.nl\/"},{"@type":"ListItem","position":3,"name":"The Windmill Gietijzeren grillrooster"}]},{"@type":"WebSite","@id":"https:\/\/bulaoutdoor.nl\/#website","url":"https:\/\/bulaoutdoor.nl\/","name":"Bula Outdoor","description":"Pour votre chemin\u00e9e ext\u00e9rieure, votre barbecue, votre torche de jardin et votre four \u00e0 bois","publisher":{"@id":"https:\/\/bulaoutdoor.nl\/#organization"},"potentialAction":[{"@type":"SearchAction","target":{"@type":"EntryPoint","urlTemplate":"https:\/\/bulaoutdoor.nl\/?s={search_term_string}"},"query-input":{"@type":"PropertyValueSpecification","valueRequired":true,"valueName":"search_term_string"}}],"inLanguage":"fr-FR"},{"@type":"Organization","@id":"https:\/\/bulaoutdoor.nl\/#organization","name":"Bula Outdoor","url":"https:\/\/bulaoutdoor.nl\/","logo":{"@type":"ImageObject","inLanguage":"fr-FR","@id":"https:\/\/bulaoutdoor.nl\/#\/schema\/logo\/image\/","url":"https:\/\/www.bulaoutdoor.nl\/wp-content\/uploads\/2018\/04\/bulaoutdoor-logo.png","contentUrl":"https:\/\/www.bulaoutdoor.nl\/wp-content\/uploads\/2018\/04\/bulaoutdoor-logo.png","width":324,"height":91,"caption":"Bula Outdoor"},"image":{"@id":"https:\/\/bulaoutdoor.nl\/#\/schema\/logo\/image\/"}}]}},"jetpack_sharing_enabled":true,"_links":{"self":[{"href":"https:\/\/bulaoutdoor.nl\/fr\/wp-json\/wp\/v2\/product\/34249","targetHints":{"allow":["GET"]}}],"collection":[{"href":"https:\/\/bulaoutdoor.nl\/fr\/wp-json\/wp\/v2\/product"}],"about":[{"href":"https:\/\/bulaoutdoor.nl\/fr\/wp-json\/wp\/v2\/types\/product"}],"replies":[{"embeddable":true,"href":"https:\/\/bulaoutdoor.nl\/fr\/wp-json\/wp\/v2\/comments?post=34249"}],"wp:featuredmedia":[{"embeddable":true,"href":"https:\/\/bulaoutdoor.nl\/fr\/wp-json\/wp\/v2\/media\/34250"}],"wp:attachment":[{"href":"https:\/\/bulaoutdoor.nl\/fr\/wp-json\/wp\/v2\/media?parent=34249"}],"wp:term":[{"taxonomy":"product_brand","embeddable":true,"href":"https:\/\/bulaoutdoor.nl\/fr\/wp-json\/wp\/v2\/product_brand?post=34249"},{"taxonomy":"product_cat","embeddable":true,"href":"https:\/\/bulaoutdoor.nl\/fr\/wp-json\/wp\/v2\/product_cat?post=34249"},{"taxonomy":"product_tag","embeddable":true,"href":"https:\/\/bulaoutdoor.nl\/fr\/wp-json\/wp\/v2\/product_tag?post=34249"}],"curies":[{"name":"wp","href":"https:\/\/api.w.org\/{rel}","templated":true}]}}