{"id":34316,"date":"2023-10-16T11:35:40","date_gmt":"2023-10-16T11:35:40","guid":{"rendered":"https:\/\/bulaoutdoor.nl\/?post_type=product&#038;p=34316"},"modified":"2026-02-13T15:06:48","modified_gmt":"2026-02-13T15:06:48","slug":"lassaisonnement-du-moulin-a-vent-conditionneur-de-fonte","status":"publish","type":"product","link":"https:\/\/bulaoutdoor.nl\/fr\/product\/the-windmill-seasoning-cast-iron-conditioner\/","title":{"rendered":"The Windmill Assaisonnement \/ Conditionneur pour fonte"},"content":{"rendered":"<h4>The Windmill Food Safe Conditioner (TWM090).<\/h4>\n<p>Ce conditionneur alimentaire est essentiel pour pr\u00e9server l'\u00e9clat et la durabilit\u00e9 de vos ustensiles de cuisine en fonte. Gr\u00e2ce \u00e0 un entretien r\u00e9gulier, vos casseroles resteront en parfait \u00e9tat, pr\u00eates \u00e0 pr\u00e9parer de d\u00e9licieux repas.<\/p>\n<ul>\n<li><strong>S\u00fbr pour les aliments et efficace :<\/strong> Ce conditionneur est sp\u00e9cialement formul\u00e9 pour br\u00fbler et entretenir les produits en fonte. Il est sans danger pour les aliments et offre une protection durable \u00e0 vos ustensiles de cuisine en fonte.<\/li>\n<li><strong>Pour le rodage et l'entretien :<\/strong> Utilisez ce conditionneur pour saisir vos nouveaux produits en fonte selon les instructions fournies. Vous pouvez \u00e9galement entretenir vos po\u00eales avec ce produit apr\u00e8s chaque utilisation pour les maintenir dans un \u00e9tat optimal.<\/li>\n<li><strong>Prot\u00e8ge contre la rouille :<\/strong> Le conditionneur forme une fine couche sur la surface de vos casseroles en fonte, les prot\u00e9geant ainsi de la rouille et de l'usure.<\/li>\n<li><strong>Pas de graisse apr\u00e8s la gravure :<\/strong> Contrairement \u00e0 certaines huiles, votre produit en fonte ne sera pas gras apr\u00e8s la cuisson avec ce conditionneur. Le r\u00e9sultat est une belle patine fonc\u00e9e qui donne \u00e0 vos casseroles un aspect unique.<\/li>\n<\/ul>\n<p><strong>Manuel de l'utilisateur<\/strong><br \/>\n1. Nettoyez soigneusement votre produit en fonte apr\u00e8s chaque utilisation.<br \/>\n2. Appliquez une fine couche de conditionneur sur la surface s\u00e8che de votre po\u00eale.<br \/>\n3. Enlever l'exc\u00e8s de conditionneur \u00e0 l'aide d'un chiffon sec.<br \/>\n4. Pour obtenir les meilleurs r\u00e9sultats, suivez les instructions de rodage sp\u00e9cifiques de votre produit en fonte.<\/p>\n<p>Commandez d\u00e8s maintenant le conditionneur directement aupr\u00e8s de Bula Outdoor, votre <a href=\"https:\/\/bulaoutdoor.nl\/fr\/categorie-de-produits\/ustensiles-de-cuisine-pour-lexterieur\/\">Cuisine en plein air<\/a>\u00a0sp\u00e9cialiste !<\/p>","protected":false},"excerpt":{"rendered":"<p>The Windmill Voedselveilige Conditioner (TWM090). Deze voedselveilige conditioner is de sleutel tot het behoud van de prachtige glans en duurzaamheid van je gietijzeren kookgerei. Met regelmatig onderhoud blijven je pannen in topconditie, klaar om heerlijke maaltijden\u00a0te\u00a0bereiden. Voedselveilig en Effectief: Deze conditioner is speciaal ontwikkeld voor het inbranden en onderhouden van gietijzeren producten. Het is voedselveilig [&hellip;]<\/p>\n","protected":false},"featured_media":34317,"comment_status":"open","ping_status":"closed","template":"","meta":{"_acf_changed":false},"product_brand":[],"product_cat":[26],"product_tag":[1329,1328,81],"class_list":{"0":"post-34316","1":"product","2":"type-product","3":"status-publish","4":"has-post-thumbnail","6":"product_cat-outdoor-kookset","7":"product_tag-onderhoud","8":"product_tag-outdoor-cooking","9":"product_tag-windmill","11":"first","12":"instock","13":"sale","14":"taxable","15":"shipping-taxable","16":"purchasable","17":"product-type-simple"},"acf":[],"yoast_head":"<!-- This site is optimized with the Yoast SEO plugin v27.3 - https:\/\/yoast.com\/product\/yoast-seo-wordpress\/ -->\n<title>The Windmill Seasoning \/ Cast iron Conditioner &#8211; Bula Outdoor<\/title>\n<meta name=\"robots\" content=\"index, follow, max-snippet:-1, max-image-preview:large, max-video-preview:-1\" \/>\n<link rel=\"canonical\" href=\"https:\/\/bulaoutdoor.nl\/fr\/produit\/lassaisonnement-du-moulin-a-vent-conditionneur-de-fonte\/\" \/>\n<meta property=\"og:locale\" content=\"fr_FR\" \/>\n<meta property=\"og:type\" content=\"article\" \/>\n<meta property=\"og:title\" content=\"The Windmill Seasoning \/ Cast iron Conditioner &#8211; Bula Outdoor\" \/>\n<meta property=\"og:description\" content=\"The Windmill Voedselveilige Conditioner (TWM090). Deze voedselveilige conditioner is de sleutel tot het behoud van de prachtige glans en duurzaamheid van je gietijzeren kookgerei. Met regelmatig onderhoud blijven je pannen in topconditie, klaar om heerlijke maaltijden\u00a0te\u00a0bereiden. Voedselveilig en Effectief: Deze conditioner is speciaal ontwikkeld voor het inbranden en onderhouden van gietijzeren producten. Het is voedselveilig [&hellip;]\" \/>\n<meta property=\"og:url\" content=\"https:\/\/bulaoutdoor.nl\/fr\/produit\/lassaisonnement-du-moulin-a-vent-conditionneur-de-fonte\/\" \/>\n<meta property=\"og:site_name\" content=\"Bula Outdoor\" \/>\n<meta property=\"article:modified_time\" content=\"2026-02-13T15:06:48+00:00\" \/>\n<meta property=\"og:image\" content=\"https:\/\/bulaoutdoor.nl\/wp-content\/uploads\/2023\/10\/TWM090-scaled.jpg\" \/>\n\t<meta property=\"og:image:width\" content=\"2560\" \/>\n\t<meta property=\"og:image:height\" content=\"2560\" \/>\n\t<meta property=\"og:image:type\" content=\"image\/jpeg\" \/>\n<meta name=\"twitter:card\" content=\"summary_large_image\" \/>\n<meta name=\"twitter:label1\" content=\"Dur\u00e9e de lecture estim\u00e9e\" \/>\n\t<meta name=\"twitter:data1\" content=\"2 minutes\" \/>\n<script type=\"application\/ld+json\" class=\"yoast-schema-graph\">{\"@context\":\"https:\\\/\\\/schema.org\",\"@graph\":[{\"@type\":\"WebPage\",\"@id\":\"https:\\\/\\\/bulaoutdoor.nl\\\/product\\\/the-windmill-seasoning-cast-iron-conditioner\\\/\",\"url\":\"https:\\\/\\\/bulaoutdoor.nl\\\/product\\\/the-windmill-seasoning-cast-iron-conditioner\\\/\",\"name\":\"The Windmill Seasoning \\\/ Cast iron Conditioner &#8211; Bula Outdoor\",\"isPartOf\":{\"@id\":\"https:\\\/\\\/bulaoutdoor.nl\\\/#website\"},\"primaryImageOfPage\":{\"@id\":\"https:\\\/\\\/bulaoutdoor.nl\\\/product\\\/the-windmill-seasoning-cast-iron-conditioner\\\/#primaryimage\"},\"image\":{\"@id\":\"https:\\\/\\\/bulaoutdoor.nl\\\/product\\\/the-windmill-seasoning-cast-iron-conditioner\\\/#primaryimage\"},\"thumbnailUrl\":\"https:\\\/\\\/bulaoutdoor.nl\\\/wp-content\\\/uploads\\\/2023\\\/10\\\/TWM090-scaled.jpg\",\"datePublished\":\"2023-10-16T11:35:40+00:00\",\"dateModified\":\"2026-02-13T15:06:48+00:00\",\"breadcrumb\":{\"@id\":\"https:\\\/\\\/bulaoutdoor.nl\\\/product\\\/the-windmill-seasoning-cast-iron-conditioner\\\/#breadcrumb\"},\"inLanguage\":\"fr-FR\",\"potentialAction\":[{\"@type\":\"ReadAction\",\"target\":[\"https:\\\/\\\/bulaoutdoor.nl\\\/product\\\/the-windmill-seasoning-cast-iron-conditioner\\\/\"]}]},{\"@type\":\"ImageObject\",\"inLanguage\":\"fr-FR\",\"@id\":\"https:\\\/\\\/bulaoutdoor.nl\\\/product\\\/the-windmill-seasoning-cast-iron-conditioner\\\/#primaryimage\",\"url\":\"https:\\\/\\\/bulaoutdoor.nl\\\/wp-content\\\/uploads\\\/2023\\\/10\\\/TWM090-scaled.jpg\",\"contentUrl\":\"https:\\\/\\\/bulaoutdoor.nl\\\/wp-content\\\/uploads\\\/2023\\\/10\\\/TWM090-scaled.jpg\",\"width\":2560,\"height\":2560},{\"@type\":\"BreadcrumbList\",\"@id\":\"https:\\\/\\\/bulaoutdoor.nl\\\/product\\\/the-windmill-seasoning-cast-iron-conditioner\\\/#breadcrumb\",\"itemListElement\":[{\"@type\":\"ListItem\",\"position\":1,\"name\":\"Home\",\"item\":\"https:\\\/\\\/bulaoutdoor.nl\\\/\"},{\"@type\":\"ListItem\",\"position\":2,\"name\":\"Online BBQ kopen\",\"item\":\"https:\\\/\\\/bulaoutdoor.nl\\\/\"},{\"@type\":\"ListItem\",\"position\":3,\"name\":\"The Windmill Seasoning \\\/ Cast iron Conditioner\"}]},{\"@type\":\"WebSite\",\"@id\":\"https:\\\/\\\/bulaoutdoor.nl\\\/#website\",\"url\":\"https:\\\/\\\/bulaoutdoor.nl\\\/\",\"name\":\"Bula Outdoor\",\"description\":\"Voor uw buitenhaard, BBQ, tuinfakkel en houtoven\",\"publisher\":{\"@id\":\"https:\\\/\\\/bulaoutdoor.nl\\\/#organization\"},\"potentialAction\":[{\"@type\":\"SearchAction\",\"target\":{\"@type\":\"EntryPoint\",\"urlTemplate\":\"https:\\\/\\\/bulaoutdoor.nl\\\/?s={search_term_string}\"},\"query-input\":{\"@type\":\"PropertyValueSpecification\",\"valueRequired\":true,\"valueName\":\"search_term_string\"}}],\"inLanguage\":\"fr-FR\"},{\"@type\":\"Organization\",\"@id\":\"https:\\\/\\\/bulaoutdoor.nl\\\/#organization\",\"name\":\"Bula Outdoor\",\"url\":\"https:\\\/\\\/bulaoutdoor.nl\\\/\",\"logo\":{\"@type\":\"ImageObject\",\"inLanguage\":\"fr-FR\",\"@id\":\"https:\\\/\\\/bulaoutdoor.nl\\\/#\\\/schema\\\/logo\\\/image\\\/\",\"url\":\"https:\\\/\\\/www.bulaoutdoor.nl\\\/wp-content\\\/uploads\\\/2018\\\/04\\\/bulaoutdoor-logo.png\",\"contentUrl\":\"https:\\\/\\\/www.bulaoutdoor.nl\\\/wp-content\\\/uploads\\\/2018\\\/04\\\/bulaoutdoor-logo.png\",\"width\":324,\"height\":91,\"caption\":\"Bula Outdoor\"},\"image\":{\"@id\":\"https:\\\/\\\/bulaoutdoor.nl\\\/#\\\/schema\\\/logo\\\/image\\\/\"}}]}<\/script>\n<!-- \/ Yoast SEO plugin. -->","yoast_head_json":{"title":"The Windmill Assaisonnement \/ Conditionneur pour fonte - Bula Outdoors","robots":{"index":"index","follow":"follow","max-snippet":"max-snippet:-1","max-image-preview":"max-image-preview:large","max-video-preview":"max-video-preview:-1"},"canonical":"https:\/\/bulaoutdoor.nl\/fr\/produit\/lassaisonnement-du-moulin-a-vent-conditionneur-de-fonte\/","og_locale":"fr_FR","og_type":"article","og_title":"The Windmill Seasoning \/ Cast iron Conditioner &#8211; Bula Outdoor","og_description":"The Windmill Voedselveilige Conditioner (TWM090). Deze voedselveilige conditioner is de sleutel tot het behoud van de prachtige glans en duurzaamheid van je gietijzeren kookgerei. Met regelmatig onderhoud blijven je pannen in topconditie, klaar om heerlijke maaltijden\u00a0te\u00a0bereiden. Voedselveilig en Effectief: Deze conditioner is speciaal ontwikkeld voor het inbranden en onderhouden van gietijzeren producten. Het is voedselveilig [&hellip;]","og_url":"https:\/\/bulaoutdoor.nl\/fr\/produit\/lassaisonnement-du-moulin-a-vent-conditionneur-de-fonte\/","og_site_name":"Bula Outdoor","article_modified_time":"2026-02-13T15:06:48+00:00","og_image":[{"width":2560,"height":2560,"url":"https:\/\/bulaoutdoor.nl\/wp-content\/uploads\/2023\/10\/TWM090-scaled.jpg","type":"image\/jpeg"}],"twitter_card":"summary_large_image","twitter_misc":{"Dur\u00e9e de lecture estim\u00e9e":"2 minutes"},"schema":{"@context":"https:\/\/schema.org","@graph":[{"@type":"WebPage","@id":"https:\/\/bulaoutdoor.nl\/product\/the-windmill-seasoning-cast-iron-conditioner\/","url":"https:\/\/bulaoutdoor.nl\/product\/the-windmill-seasoning-cast-iron-conditioner\/","name":"The Windmill Assaisonnement \/ Conditionneur pour fonte - Bula Outdoors","isPartOf":{"@id":"https:\/\/bulaoutdoor.nl\/#website"},"primaryImageOfPage":{"@id":"https:\/\/bulaoutdoor.nl\/product\/the-windmill-seasoning-cast-iron-conditioner\/#primaryimage"},"image":{"@id":"https:\/\/bulaoutdoor.nl\/product\/the-windmill-seasoning-cast-iron-conditioner\/#primaryimage"},"thumbnailUrl":"https:\/\/bulaoutdoor.nl\/wp-content\/uploads\/2023\/10\/TWM090-scaled.jpg","datePublished":"2023-10-16T11:35:40+00:00","dateModified":"2026-02-13T15:06:48+00:00","breadcrumb":{"@id":"https:\/\/bulaoutdoor.nl\/product\/the-windmill-seasoning-cast-iron-conditioner\/#breadcrumb"},"inLanguage":"fr-FR","potentialAction":[{"@type":"ReadAction","target":["https:\/\/bulaoutdoor.nl\/product\/the-windmill-seasoning-cast-iron-conditioner\/"]}]},{"@type":"ImageObject","inLanguage":"fr-FR","@id":"https:\/\/bulaoutdoor.nl\/product\/the-windmill-seasoning-cast-iron-conditioner\/#primaryimage","url":"https:\/\/bulaoutdoor.nl\/wp-content\/uploads\/2023\/10\/TWM090-scaled.jpg","contentUrl":"https:\/\/bulaoutdoor.nl\/wp-content\/uploads\/2023\/10\/TWM090-scaled.jpg","width":2560,"height":2560},{"@type":"BreadcrumbList","@id":"https:\/\/bulaoutdoor.nl\/product\/the-windmill-seasoning-cast-iron-conditioner\/#breadcrumb","itemListElement":[{"@type":"ListItem","position":1,"name":"Home","item":"https:\/\/bulaoutdoor.nl\/"},{"@type":"ListItem","position":2,"name":"Online BBQ kopen","item":"https:\/\/bulaoutdoor.nl\/"},{"@type":"ListItem","position":3,"name":"The Windmill Seasoning \/ Cast iron Conditioner"}]},{"@type":"WebSite","@id":"https:\/\/bulaoutdoor.nl\/#website","url":"https:\/\/bulaoutdoor.nl\/","name":"Bula Outdoor","description":"Pour votre chemin\u00e9e ext\u00e9rieure, votre barbecue, votre torche de jardin et votre four \u00e0 bois","publisher":{"@id":"https:\/\/bulaoutdoor.nl\/#organization"},"potentialAction":[{"@type":"SearchAction","target":{"@type":"EntryPoint","urlTemplate":"https:\/\/bulaoutdoor.nl\/?s={search_term_string}"},"query-input":{"@type":"PropertyValueSpecification","valueRequired":true,"valueName":"search_term_string"}}],"inLanguage":"fr-FR"},{"@type":"Organization","@id":"https:\/\/bulaoutdoor.nl\/#organization","name":"Bula Outdoor","url":"https:\/\/bulaoutdoor.nl\/","logo":{"@type":"ImageObject","inLanguage":"fr-FR","@id":"https:\/\/bulaoutdoor.nl\/#\/schema\/logo\/image\/","url":"https:\/\/www.bulaoutdoor.nl\/wp-content\/uploads\/2018\/04\/bulaoutdoor-logo.png","contentUrl":"https:\/\/www.bulaoutdoor.nl\/wp-content\/uploads\/2018\/04\/bulaoutdoor-logo.png","width":324,"height":91,"caption":"Bula Outdoor"},"image":{"@id":"https:\/\/bulaoutdoor.nl\/#\/schema\/logo\/image\/"}}]}},"jetpack_sharing_enabled":true,"_links":{"self":[{"href":"https:\/\/bulaoutdoor.nl\/fr\/wp-json\/wp\/v2\/product\/34316","targetHints":{"allow":["GET"]}}],"collection":[{"href":"https:\/\/bulaoutdoor.nl\/fr\/wp-json\/wp\/v2\/product"}],"about":[{"href":"https:\/\/bulaoutdoor.nl\/fr\/wp-json\/wp\/v2\/types\/product"}],"replies":[{"embeddable":true,"href":"https:\/\/bulaoutdoor.nl\/fr\/wp-json\/wp\/v2\/comments?post=34316"}],"wp:featuredmedia":[{"embeddable":true,"href":"https:\/\/bulaoutdoor.nl\/fr\/wp-json\/wp\/v2\/media\/34317"}],"wp:attachment":[{"href":"https:\/\/bulaoutdoor.nl\/fr\/wp-json\/wp\/v2\/media?parent=34316"}],"wp:term":[{"taxonomy":"product_brand","embeddable":true,"href":"https:\/\/bulaoutdoor.nl\/fr\/wp-json\/wp\/v2\/product_brand?post=34316"},{"taxonomy":"product_cat","embeddable":true,"href":"https:\/\/bulaoutdoor.nl\/fr\/wp-json\/wp\/v2\/product_cat?post=34316"},{"taxonomy":"product_tag","embeddable":true,"href":"https:\/\/bulaoutdoor.nl\/fr\/wp-json\/wp\/v2\/product_tag?post=34316"}],"curies":[{"name":"wp","href":"https:\/\/api.w.org\/{rel}","templated":true}]}}