{"id":35707,"date":"2023-11-27T10:27:53","date_gmt":"2023-11-27T10:27:53","guid":{"rendered":"https:\/\/bulaoutdoor.nl\/?post_type=product&#038;p=35707"},"modified":"2026-02-16T21:40:26","modified_gmt":"2026-02-16T21:40:26","slug":"four-a-pizza-a-bois-delivita","status":"publish","type":"product","link":"https:\/\/bulaoutdoor.nl\/fr\/product\/delivita-wood-fired-pizza-oven\/","title":{"rendered":"Four \u00e0 pizza au feu de bois DeliVita"},"content":{"rendered":"<h4>Four \u00e0 pizza au feu de bois DeliVita<\/h4>\n<p>Le four \u00e0 bois DeliVita est le summum de la gastronomie. Qu'il s'agisse de pizza, de tarte, de p\u00e2tes ou de pain, un four \u00e0 pizza au feu de bois peut faire bien plus que de la pizza. C'est un outil polyvalent qui occupe une place de choix dans toute cuisine ext\u00e9rieure.<\/p>\n<p>Con\u00e7u pour les gourmets exigeants, ce four artisanal red\u00e9finit la cuisine en plein air. Son design \u00e9l\u00e9gant et sa composition en argile fabriqu\u00e9e \u00e0 la main permettent non seulement d'\u00e9lever votre jardin ou votre terrasse \u00e0 un niveau sup\u00e9rieur, mais garantissent \u00e9galement une exp\u00e9rience culinaire in\u00e9gal\u00e9e.<\/p>\n<p>Avec un temps de chauffe impressionnant d'environ 25 minutes, le four DeliVita atteint des temp\u00e9ratures allant jusqu'\u00e0 550\u00b0C. Sa capacit\u00e9 sup\u00e9rieure \u00e0 retenir la chaleur garantit une cuisson homog\u00e8ne et pr\u00e9cise, ce qui vous permet de pr\u00e9parer de d\u00e9licieuses pizzas au four \u00e0 bois en seulement 90 secondes, ainsi que des viandes et des l\u00e9gumes magnifiquement saisis avec la saveur fum\u00e9e tant convoit\u00e9e.<\/p>\n<p>Le four \u00e0 bois DeliVita allie savoir-faire traditionnel et fonctionnalit\u00e9 moderne. Son temps de chauffe rapide et son excellente r\u00e9tention de la chaleur garantissent des pizzas parfaitement cuites, des viandes r\u00f4ties, des l\u00e9gumes et bien plus encore, le tout impr\u00e9gn\u00e9 de l'irr\u00e9sistible saveur du feu de bois.<\/p>\n<ul>\n<li>Un four de niveau professionnel.<\/li>\n<li>Id\u00e9al pour votre propre jardin.<\/li>\n<li>Four \u00e0 bois et four \u00e0 pizza de qualit\u00e9 restaurant, mais ne pesant que 30 kg, il est facile \u00e0 d\u00e9placer ou \u00e0 emporter.<\/li>\n<li>Une qualit\u00e9 de fabrication sup\u00e9rieure, fabriqu\u00e9e \u00e0 la main dans le Yorkshire.<\/li>\n<li>Cette conception de table permet de le d\u00e9placer facilement et de le rendre pr\u00eat \u00e0 l'emploi.<\/li>\n<li>Le design unique est disponible en huit couleurs.<\/li>\n<li>Gamme 550 \u00b0C en 25 minutes.<\/li>\n<\/ul>\n<p>Que vous soyez l'h\u00f4te d'une r\u00e9union ou \u00e0 la recherche d'une aventure culinaire avec vos proches, le four DeliVita transforme chaque repas en un \u00e9v\u00e9nement inoubliable. Profitez de la cuisine en plein air \u00e0 son meilleur avec ce four \u00e0 bois polyvalent, \u00e9l\u00e9gant et performant pour les pizzas et autres. R\u00e9galez-vous avec votre famille et vos amis dans le style italien.<\/p>\n<p><iframe loading=\"lazy\" title=\"Bienvenue \u00e0 DeliVita\" width=\"980\" height=\"551\" src=\"https:\/\/www.youtube.com\/embed\/MyfwbU5_StM?feature=oembed&#038;enablejsapi=1&#038;origin=https:\/\/bulaoutdoor.nl\" frameborder=\"0\" allow=\"accelerometer; autoplay; clipboard-write; encrypted-media; gyroscope; picture-in-picture; web-share\" referrerpolicy=\"strict-origin-when-cross-origin\" allowfullscreen><\/iframe><\/p>\n<p>Commandez le four \u00e0 pizza au feu de bois DeliVita directement aupr\u00e8s de Bula Outdoor, <a href=\"https:\/\/bulaoutdoor.nl\/fr\/categorie-de-produits\/fours-a-pizza\/\">votre sp\u00e9cialiste des fours \u00e0 pizza.<\/a><\/p>","protected":false},"excerpt":{"rendered":"<p>Le four \u00e0 bois DeliVita est le nec plus ultra des plaisirs culinaires.<\/p>","protected":false},"featured_media":35717,"comment_status":"open","ping_status":"closed","template":"","meta":{"_acf_changed":false},"product_brand":[],"product_cat":[1335,1448],"product_tag":[47,61,1076],"class_list":{"0":"post-35707","1":"product","2":"type-product","3":"status-publish","4":"has-post-thumbnail","6":"product_cat-delivita-ovens","7":"product_cat-uitverkoop","8":"product_tag-alfa-pizza","9":"product_tag-pizzaoven","10":"product_tag-pizzaoven-draagbaar","12":"first","13":"instock","14":"sale","15":"taxable","16":"shipping-taxable","17":"purchasable","18":"product-type-variable","19":"has-default-attributes"},"acf":[],"yoast_head":"<!-- This site is optimized with the Yoast SEO plugin v27.4 - https:\/\/yoast.com\/product\/yoast-seo-wordpress\/ -->\n<title>DeliVita Wood-Fired Pizza Oven &#8211; Bula Outdoor<\/title>\n<meta name=\"description\" content=\"Deze mooie houtoven voor pizza maakt meer dan alleen pizza&#039;s. Ontdek de uitgebreide mogelijkheden van een houtoven zoals taart, pasta en brood.\" \/>\n<meta name=\"robots\" content=\"index, follow, max-snippet:-1, max-image-preview:large, max-video-preview:-1\" \/>\n<link rel=\"canonical\" href=\"https:\/\/bulaoutdoor.nl\/fr\/produit\/four-a-pizza-a-bois-delivita\/\" \/>\n<meta property=\"og:locale\" content=\"fr_FR\" \/>\n<meta property=\"og:type\" content=\"article\" \/>\n<meta property=\"og:title\" content=\"DeliVita Wood-Fired Pizza Oven &#8211; Bula Outdoor\" \/>\n<meta property=\"og:description\" content=\"Deze mooie houtoven voor pizza maakt meer dan alleen pizza&#039;s. Ontdek de uitgebreide mogelijkheden van een houtoven zoals taart, pasta en brood.\" \/>\n<meta property=\"og:url\" content=\"https:\/\/bulaoutdoor.nl\/fr\/produit\/four-a-pizza-a-bois-delivita\/\" \/>\n<meta property=\"og:site_name\" content=\"Bula Outdoor\" \/>\n<meta property=\"article:modified_time\" content=\"2026-02-16T21:40:26+00:00\" \/>\n<meta property=\"og:image\" content=\"https:\/\/bulaoutdoor.nl\/wp-content\/uploads\/2023\/11\/Very-Black.jpg\" \/>\n\t<meta property=\"og:image:width\" content=\"900\" \/>\n\t<meta property=\"og:image:height\" content=\"900\" \/>\n\t<meta property=\"og:image:type\" content=\"image\/jpeg\" \/>\n<meta name=\"twitter:card\" content=\"summary_large_image\" \/>\n<meta name=\"twitter:label1\" content=\"Dur\u00e9e de lecture estim\u00e9e\" \/>\n\t<meta name=\"twitter:data1\" content=\"2 minutes\" \/>\n<script type=\"application\/ld+json\" class=\"yoast-schema-graph\">{\"@context\":\"https:\\\/\\\/schema.org\",\"@graph\":[{\"@type\":\"WebPage\",\"@id\":\"https:\\\/\\\/bulaoutdoor.nl\\\/product\\\/delivita-wood-fired-pizza-oven\\\/\",\"url\":\"https:\\\/\\\/bulaoutdoor.nl\\\/product\\\/delivita-wood-fired-pizza-oven\\\/\",\"name\":\"DeliVita Wood-Fired Pizza Oven &#8211; Bula Outdoor\",\"isPartOf\":{\"@id\":\"https:\\\/\\\/bulaoutdoor.nl\\\/#website\"},\"primaryImageOfPage\":{\"@id\":\"https:\\\/\\\/bulaoutdoor.nl\\\/product\\\/delivita-wood-fired-pizza-oven\\\/#primaryimage\"},\"image\":{\"@id\":\"https:\\\/\\\/bulaoutdoor.nl\\\/product\\\/delivita-wood-fired-pizza-oven\\\/#primaryimage\"},\"thumbnailUrl\":\"https:\\\/\\\/bulaoutdoor.nl\\\/wp-content\\\/uploads\\\/2023\\\/11\\\/Very-Black.jpg\",\"datePublished\":\"2023-11-27T10:27:53+00:00\",\"dateModified\":\"2026-02-16T21:40:26+00:00\",\"description\":\"Deze mooie houtoven voor pizza maakt meer dan alleen pizza's. Ontdek de uitgebreide mogelijkheden van een houtoven zoals taart, pasta en brood.\",\"breadcrumb\":{\"@id\":\"https:\\\/\\\/bulaoutdoor.nl\\\/product\\\/delivita-wood-fired-pizza-oven\\\/#breadcrumb\"},\"inLanguage\":\"fr-FR\",\"potentialAction\":[{\"@type\":\"ReadAction\",\"target\":[\"https:\\\/\\\/bulaoutdoor.nl\\\/product\\\/delivita-wood-fired-pizza-oven\\\/\"]}]},{\"@type\":\"ImageObject\",\"inLanguage\":\"fr-FR\",\"@id\":\"https:\\\/\\\/bulaoutdoor.nl\\\/product\\\/delivita-wood-fired-pizza-oven\\\/#primaryimage\",\"url\":\"https:\\\/\\\/bulaoutdoor.nl\\\/wp-content\\\/uploads\\\/2023\\\/11\\\/Very-Black.jpg\",\"contentUrl\":\"https:\\\/\\\/bulaoutdoor.nl\\\/wp-content\\\/uploads\\\/2023\\\/11\\\/Very-Black.jpg\",\"width\":900,\"height\":900,\"caption\":\"delivita houtoven voor pizza\"},{\"@type\":\"BreadcrumbList\",\"@id\":\"https:\\\/\\\/bulaoutdoor.nl\\\/product\\\/delivita-wood-fired-pizza-oven\\\/#breadcrumb\",\"itemListElement\":[{\"@type\":\"ListItem\",\"position\":1,\"name\":\"Home\",\"item\":\"https:\\\/\\\/bulaoutdoor.nl\\\/\"},{\"@type\":\"ListItem\",\"position\":2,\"name\":\"Online BBQ kopen\",\"item\":\"https:\\\/\\\/bulaoutdoor.nl\\\/\"},{\"@type\":\"ListItem\",\"position\":3,\"name\":\"DeliVita Wood-Fired Pizza Oven\"}]},{\"@type\":\"WebSite\",\"@id\":\"https:\\\/\\\/bulaoutdoor.nl\\\/#website\",\"url\":\"https:\\\/\\\/bulaoutdoor.nl\\\/\",\"name\":\"Bula Outdoor\",\"description\":\"Voor uw buitenhaard, BBQ, tuinfakkel en houtoven\",\"publisher\":{\"@id\":\"https:\\\/\\\/bulaoutdoor.nl\\\/#organization\"},\"potentialAction\":[{\"@type\":\"SearchAction\",\"target\":{\"@type\":\"EntryPoint\",\"urlTemplate\":\"https:\\\/\\\/bulaoutdoor.nl\\\/?s={search_term_string}\"},\"query-input\":{\"@type\":\"PropertyValueSpecification\",\"valueRequired\":true,\"valueName\":\"search_term_string\"}}],\"inLanguage\":\"fr-FR\"},{\"@type\":\"Organization\",\"@id\":\"https:\\\/\\\/bulaoutdoor.nl\\\/#organization\",\"name\":\"Bula Outdoor\",\"url\":\"https:\\\/\\\/bulaoutdoor.nl\\\/\",\"logo\":{\"@type\":\"ImageObject\",\"inLanguage\":\"fr-FR\",\"@id\":\"https:\\\/\\\/bulaoutdoor.nl\\\/#\\\/schema\\\/logo\\\/image\\\/\",\"url\":\"https:\\\/\\\/www.bulaoutdoor.nl\\\/wp-content\\\/uploads\\\/2018\\\/04\\\/bulaoutdoor-logo.png\",\"contentUrl\":\"https:\\\/\\\/www.bulaoutdoor.nl\\\/wp-content\\\/uploads\\\/2018\\\/04\\\/bulaoutdoor-logo.png\",\"width\":324,\"height\":91,\"caption\":\"Bula Outdoor\"},\"image\":{\"@id\":\"https:\\\/\\\/bulaoutdoor.nl\\\/#\\\/schema\\\/logo\\\/image\\\/\"}}]}<\/script>\n<!-- \/ Yoast SEO plugin. -->","yoast_head_json":{"title":"Four \u00e0 pizza au feu de bois DeliVita - Bula Outdoor","description":"Ce magnifique four \u00e0 bois pour pizzas permet de pr\u00e9parer bien plus que des pizzas. D\u00e9couvrez les possibilit\u00e9s \u00e9tendues d'un four \u00e0 bois, comme les tartes, les p\u00e2tes et le pain.","robots":{"index":"index","follow":"follow","max-snippet":"max-snippet:-1","max-image-preview":"max-image-preview:large","max-video-preview":"max-video-preview:-1"},"canonical":"https:\/\/bulaoutdoor.nl\/fr\/produit\/four-a-pizza-a-bois-delivita\/","og_locale":"fr_FR","og_type":"article","og_title":"DeliVita Wood-Fired Pizza Oven &#8211; Bula Outdoor","og_description":"Deze mooie houtoven voor pizza maakt meer dan alleen pizza's. Ontdek de uitgebreide mogelijkheden van een houtoven zoals taart, pasta en brood.","og_url":"https:\/\/bulaoutdoor.nl\/fr\/produit\/four-a-pizza-a-bois-delivita\/","og_site_name":"Bula Outdoor","article_modified_time":"2026-02-16T21:40:26+00:00","og_image":[{"width":900,"height":900,"url":"https:\/\/bulaoutdoor.nl\/wp-content\/uploads\/2023\/11\/Very-Black.jpg","type":"image\/jpeg"}],"twitter_card":"summary_large_image","twitter_misc":{"Dur\u00e9e de lecture estim\u00e9e":"2 minutes"},"schema":{"@context":"https:\/\/schema.org","@graph":[{"@type":"WebPage","@id":"https:\/\/bulaoutdoor.nl\/product\/delivita-wood-fired-pizza-oven\/","url":"https:\/\/bulaoutdoor.nl\/product\/delivita-wood-fired-pizza-oven\/","name":"Four \u00e0 pizza au feu de bois DeliVita - Bula Outdoor","isPartOf":{"@id":"https:\/\/bulaoutdoor.nl\/#website"},"primaryImageOfPage":{"@id":"https:\/\/bulaoutdoor.nl\/product\/delivita-wood-fired-pizza-oven\/#primaryimage"},"image":{"@id":"https:\/\/bulaoutdoor.nl\/product\/delivita-wood-fired-pizza-oven\/#primaryimage"},"thumbnailUrl":"https:\/\/bulaoutdoor.nl\/wp-content\/uploads\/2023\/11\/Very-Black.jpg","datePublished":"2023-11-27T10:27:53+00:00","dateModified":"2026-02-16T21:40:26+00:00","description":"Ce magnifique four \u00e0 bois pour pizzas permet de pr\u00e9parer bien plus que des pizzas. D\u00e9couvrez les possibilit\u00e9s \u00e9tendues d'un four \u00e0 bois, comme les tartes, les p\u00e2tes et le pain.","breadcrumb":{"@id":"https:\/\/bulaoutdoor.nl\/product\/delivita-wood-fired-pizza-oven\/#breadcrumb"},"inLanguage":"fr-FR","potentialAction":[{"@type":"ReadAction","target":["https:\/\/bulaoutdoor.nl\/product\/delivita-wood-fired-pizza-oven\/"]}]},{"@type":"ImageObject","inLanguage":"fr-FR","@id":"https:\/\/bulaoutdoor.nl\/product\/delivita-wood-fired-pizza-oven\/#primaryimage","url":"https:\/\/bulaoutdoor.nl\/wp-content\/uploads\/2023\/11\/Very-Black.jpg","contentUrl":"https:\/\/bulaoutdoor.nl\/wp-content\/uploads\/2023\/11\/Very-Black.jpg","width":900,"height":900,"caption":"delivita houtoven voor pizza"},{"@type":"BreadcrumbList","@id":"https:\/\/bulaoutdoor.nl\/product\/delivita-wood-fired-pizza-oven\/#breadcrumb","itemListElement":[{"@type":"ListItem","position":1,"name":"Home","item":"https:\/\/bulaoutdoor.nl\/"},{"@type":"ListItem","position":2,"name":"Online BBQ kopen","item":"https:\/\/bulaoutdoor.nl\/"},{"@type":"ListItem","position":3,"name":"DeliVita Wood-Fired Pizza Oven"}]},{"@type":"WebSite","@id":"https:\/\/bulaoutdoor.nl\/#website","url":"https:\/\/bulaoutdoor.nl\/","name":"Bula Outdoor","description":"Pour votre chemin\u00e9e ext\u00e9rieure, votre barbecue, votre torche de jardin et votre four \u00e0 bois","publisher":{"@id":"https:\/\/bulaoutdoor.nl\/#organization"},"potentialAction":[{"@type":"SearchAction","target":{"@type":"EntryPoint","urlTemplate":"https:\/\/bulaoutdoor.nl\/?s={search_term_string}"},"query-input":{"@type":"PropertyValueSpecification","valueRequired":true,"valueName":"search_term_string"}}],"inLanguage":"fr-FR"},{"@type":"Organization","@id":"https:\/\/bulaoutdoor.nl\/#organization","name":"Bula Outdoor","url":"https:\/\/bulaoutdoor.nl\/","logo":{"@type":"ImageObject","inLanguage":"fr-FR","@id":"https:\/\/bulaoutdoor.nl\/#\/schema\/logo\/image\/","url":"https:\/\/www.bulaoutdoor.nl\/wp-content\/uploads\/2018\/04\/bulaoutdoor-logo.png","contentUrl":"https:\/\/www.bulaoutdoor.nl\/wp-content\/uploads\/2018\/04\/bulaoutdoor-logo.png","width":324,"height":91,"caption":"Bula Outdoor"},"image":{"@id":"https:\/\/bulaoutdoor.nl\/#\/schema\/logo\/image\/"}}]}},"jetpack_sharing_enabled":true,"_links":{"self":[{"href":"https:\/\/bulaoutdoor.nl\/fr\/wp-json\/wp\/v2\/product\/35707","targetHints":{"allow":["GET"]}}],"collection":[{"href":"https:\/\/bulaoutdoor.nl\/fr\/wp-json\/wp\/v2\/product"}],"about":[{"href":"https:\/\/bulaoutdoor.nl\/fr\/wp-json\/wp\/v2\/types\/product"}],"replies":[{"embeddable":true,"href":"https:\/\/bulaoutdoor.nl\/fr\/wp-json\/wp\/v2\/comments?post=35707"}],"wp:featuredmedia":[{"embeddable":true,"href":"https:\/\/bulaoutdoor.nl\/fr\/wp-json\/wp\/v2\/media\/35717"}],"wp:attachment":[{"href":"https:\/\/bulaoutdoor.nl\/fr\/wp-json\/wp\/v2\/media?parent=35707"}],"wp:term":[{"taxonomy":"product_brand","embeddable":true,"href":"https:\/\/bulaoutdoor.nl\/fr\/wp-json\/wp\/v2\/product_brand?post=35707"},{"taxonomy":"product_cat","embeddable":true,"href":"https:\/\/bulaoutdoor.nl\/fr\/wp-json\/wp\/v2\/product_cat?post=35707"},{"taxonomy":"product_tag","embeddable":true,"href":"https:\/\/bulaoutdoor.nl\/fr\/wp-json\/wp\/v2\/product_tag?post=35707"}],"curies":[{"name":"wp","href":"https:\/\/api.w.org\/{rel}","templated":true}]}}