{"id":35733,"date":"2023-11-27T11:47:54","date_gmt":"2023-11-27T11:47:54","guid":{"rendered":"https:\/\/bulaoutdoor.nl\/?post_type=product&#038;p=35733"},"modified":"2023-12-11T12:51:35","modified_gmt":"2023-12-11T12:51:35","slug":"four-a-gaz-delivita-eco","status":"publish","type":"product","link":"https:\/\/bulaoutdoor.nl\/fr\/product\/delivita-eco-gas-oven\/","title":{"rendered":"Four \u00e0 gaz DeliVita Eco (bient\u00f4t disponible)"},"content":{"rendered":"<h4>Four \u00e0 gaz DeliVita Eco<\/h4>\n<p>Le four \u00e0 gaz DeliVita Eco est un compl\u00e9ment r\u00e9volutionnaire \u00e0 votre arsenal culinaire, o\u00f9 la technologie de pointe fusionne avec un design respectueux de l'environnement. Dans une optique de d\u00e9veloppement durable, ce four allie des performances de cuisson de haute qualit\u00e9 \u00e0 une empreinte carbone r\u00e9duite.<\/p>\n<p>D\u00e9couvrez un monde de possibilit\u00e9s culinaires tout en traitant notre plan\u00e8te de mani\u00e8re responsable avec le four DeliVita Eco Gas.<\/p>\n<ul>\n<li><strong>Des performances de cuisson exceptionnelles :<\/strong> Assure une excellente r\u00e9partition de la chaleur pour une cuisson uniforme des aliments, des pizzas croustillantes aux grillades juteuses.<\/li>\n<li><strong>Rapidement \u00e0 temp\u00e9rature :<\/strong> Atteint rapidement la temp\u00e9rature de cuisson souhait\u00e9e, ce qui vous permet de commencer \u00e0 pr\u00e9parer les repas plus rapidement.<\/li>\n<li><strong>Facile \u00e0 utiliser :<\/strong> Peu ou pas d'entretien<\/li>\n<li><strong>Facile \u00e0<\/strong> <strong>se d\u00e9placer :\u00a0<\/strong>Le four ne p\u00e8se que 30 kg, ce qui le rend facile \u00e0 d\u00e9placer.<\/li>\n<li><strong>Con\u00e7u pour l'efficacit\u00e9 :<\/strong> Le four DeliVita Eco Gas permet de respecter l'environnement sans faire de compromis sur la qualit\u00e9 ou le go\u00fbt.<\/li>\n<\/ul>\n<p>Sa conception innovante utilise le gaz, qui assure une excellente r\u00e9partition de la chaleur pour des plats parfaitement pr\u00e9par\u00e9s, \u00e0 chaque fois. Qu'il s'agisse de cuire des pizzas artisanales ou du pain, de r\u00f4tir des l\u00e9gumes ou de griller des viandes savoureuses, la pr\u00e9cision et la polyvalence de ce four garantissent l'excellence culinaire tout en minimisant l'impact sur l'environnement.<\/p>\n<p>Aussi exquis que son homologue \u00e0 bois, le four \u00e0 gaz DeliVita Eco offre un niveau similaire de perfection culinaire et de polyvalence. Avec la qualit\u00e9 et la pr\u00e9cision propres aux produits DeliVita, ce four \u00e0 gaz permet de pr\u00e9parer des plats d\u00e9licieux aussi bien que le four \u00e0 bois DeliVita.<\/p>\n<p>D\u00e9couvrez le four \u00e0 gaz DeliVita Eco - o\u00f9 la cr\u00e9ativit\u00e9 culinaire rencontre le d\u00e9veloppement durable, vous permettant de savourer les saveurs de vos plats pr\u00e9f\u00e9r\u00e9s tout en contribuant \u00e0 un avenir plus vert.<\/p>\n<p>Commandez bient\u00f4t le four \u00e0 gaz DeliVita Eco chez Bula Outdoor u <a href=\"https:\/\/bulaoutdoor.nl\/fr\/categorie-de-produits\/fours-a-pizza\/\">Sp\u00e9cialiste des fours \u00e0 pizza ou recherchez d'autres fours disponibles.<\/a><\/p>\n<p>&nbsp;<\/p>","protected":false},"excerpt":{"rendered":"<p>DeliVita Eco Four \u00e0 gaz (Bient\u00f4t disponible !)<\/p>","protected":false},"featured_media":35738,"comment_status":"open","ping_status":"closed","template":"","meta":{"_acf_changed":false},"product_brand":[],"product_cat":[1335],"product_tag":[1063,1340,1259],"class_list":{"0":"post-35733","1":"product","2":"type-product","3":"status-publish","4":"has-post-thumbnail","6":"product_cat-delivita-ovens","7":"product_tag-gasoven","8":"product_tag-pizzaoven-gas","9":"product_tag-pizzaoven-medium","11":"first","12":"onbackorder","13":"taxable","14":"shipping-taxable","15":"purchasable","16":"product-type-variable"},"acf":[],"yoast_head":"<!-- This site is optimized with the Yoast SEO plugin v27.3 - https:\/\/yoast.com\/product\/yoast-seo-wordpress\/ -->\n<title>DeliVita Eco Gas Oven (Binnenkort beschikbaar) &#8211; Bula Outdoor<\/title>\n<meta name=\"description\" content=\"DeliVita Eco Gas oven is een pizzaoven op gas waar geavanceerde technologie samensmelt met een milieubewust ontwerp. Bestel hem bij Bula Outdoor!\" \/>\n<meta name=\"robots\" content=\"index, follow, max-snippet:-1, max-image-preview:large, max-video-preview:-1\" \/>\n<link rel=\"canonical\" href=\"https:\/\/bulaoutdoor.nl\/fr\/produit\/four-a-gaz-delivita-eco\/\" \/>\n<meta property=\"og:locale\" content=\"fr_FR\" \/>\n<meta property=\"og:type\" content=\"article\" \/>\n<meta property=\"og:title\" content=\"DeliVita Eco Gas Oven (Binnenkort beschikbaar) &#8211; Bula Outdoor\" \/>\n<meta property=\"og:description\" content=\"DeliVita Eco Gas oven is een pizzaoven op gas waar geavanceerde technologie samensmelt met een milieubewust ontwerp. Bestel hem bij Bula Outdoor!\" \/>\n<meta property=\"og:url\" content=\"https:\/\/bulaoutdoor.nl\/fr\/produit\/four-a-gaz-delivita-eco\/\" \/>\n<meta property=\"og:site_name\" content=\"Bula Outdoor\" \/>\n<meta property=\"article:modified_time\" content=\"2023-12-11T12:51:35+00:00\" \/>\n<meta property=\"og:image\" content=\"https:\/\/bulaoutdoor.nl\/wp-content\/uploads\/2023\/11\/Delivita-Eco-Gas-Oven-Chilli-Red-Bula-Outdoor.jpg\" \/>\n\t<meta property=\"og:image:width\" content=\"900\" \/>\n\t<meta property=\"og:image:height\" content=\"900\" \/>\n\t<meta property=\"og:image:type\" content=\"image\/jpeg\" \/>\n<meta name=\"twitter:card\" content=\"summary_large_image\" \/>\n<meta name=\"twitter:label1\" content=\"Dur\u00e9e de lecture estim\u00e9e\" \/>\n\t<meta name=\"twitter:data1\" content=\"2 minutes\" \/>\n<script type=\"application\/ld+json\" class=\"yoast-schema-graph\">{\"@context\":\"https:\\\/\\\/schema.org\",\"@graph\":[{\"@type\":\"WebPage\",\"@id\":\"https:\\\/\\\/bulaoutdoor.nl\\\/product\\\/delivita-eco-gas-oven\\\/\",\"url\":\"https:\\\/\\\/bulaoutdoor.nl\\\/product\\\/delivita-eco-gas-oven\\\/\",\"name\":\"DeliVita Eco Gas Oven (Binnenkort beschikbaar) &#8211; Bula Outdoor\",\"isPartOf\":{\"@id\":\"https:\\\/\\\/bulaoutdoor.nl\\\/#website\"},\"primaryImageOfPage\":{\"@id\":\"https:\\\/\\\/bulaoutdoor.nl\\\/product\\\/delivita-eco-gas-oven\\\/#primaryimage\"},\"image\":{\"@id\":\"https:\\\/\\\/bulaoutdoor.nl\\\/product\\\/delivita-eco-gas-oven\\\/#primaryimage\"},\"thumbnailUrl\":\"https:\\\/\\\/bulaoutdoor.nl\\\/wp-content\\\/uploads\\\/2023\\\/11\\\/Delivita-Eco-Gas-Oven-Chilli-Red-Bula-Outdoor.jpg\",\"datePublished\":\"2023-11-27T11:47:54+00:00\",\"dateModified\":\"2023-12-11T12:51:35+00:00\",\"description\":\"DeliVita Eco Gas oven is een pizzaoven op gas waar geavanceerde technologie samensmelt met een milieubewust ontwerp. Bestel hem bij Bula Outdoor!\",\"breadcrumb\":{\"@id\":\"https:\\\/\\\/bulaoutdoor.nl\\\/product\\\/delivita-eco-gas-oven\\\/#breadcrumb\"},\"inLanguage\":\"fr-FR\",\"potentialAction\":[{\"@type\":\"ReadAction\",\"target\":[\"https:\\\/\\\/bulaoutdoor.nl\\\/product\\\/delivita-eco-gas-oven\\\/\"]}]},{\"@type\":\"ImageObject\",\"inLanguage\":\"fr-FR\",\"@id\":\"https:\\\/\\\/bulaoutdoor.nl\\\/product\\\/delivita-eco-gas-oven\\\/#primaryimage\",\"url\":\"https:\\\/\\\/bulaoutdoor.nl\\\/wp-content\\\/uploads\\\/2023\\\/11\\\/Delivita-Eco-Gas-Oven-Chilli-Red-Bula-Outdoor.jpg\",\"contentUrl\":\"https:\\\/\\\/bulaoutdoor.nl\\\/wp-content\\\/uploads\\\/2023\\\/11\\\/Delivita-Eco-Gas-Oven-Chilli-Red-Bula-Outdoor.jpg\",\"width\":900,\"height\":900,\"caption\":\"DeliVita Eco Gasoven\"},{\"@type\":\"BreadcrumbList\",\"@id\":\"https:\\\/\\\/bulaoutdoor.nl\\\/product\\\/delivita-eco-gas-oven\\\/#breadcrumb\",\"itemListElement\":[{\"@type\":\"ListItem\",\"position\":1,\"name\":\"Home\",\"item\":\"https:\\\/\\\/bulaoutdoor.nl\\\/\"},{\"@type\":\"ListItem\",\"position\":2,\"name\":\"Online BBQ kopen\",\"item\":\"https:\\\/\\\/bulaoutdoor.nl\\\/\"},{\"@type\":\"ListItem\",\"position\":3,\"name\":\"DeliVita Eco Gas Oven (Binnenkort beschikbaar)\"}]},{\"@type\":\"WebSite\",\"@id\":\"https:\\\/\\\/bulaoutdoor.nl\\\/#website\",\"url\":\"https:\\\/\\\/bulaoutdoor.nl\\\/\",\"name\":\"Bula Outdoor\",\"description\":\"Voor uw buitenhaard, BBQ, tuinfakkel en houtoven\",\"publisher\":{\"@id\":\"https:\\\/\\\/bulaoutdoor.nl\\\/#organization\"},\"potentialAction\":[{\"@type\":\"SearchAction\",\"target\":{\"@type\":\"EntryPoint\",\"urlTemplate\":\"https:\\\/\\\/bulaoutdoor.nl\\\/?s={search_term_string}\"},\"query-input\":{\"@type\":\"PropertyValueSpecification\",\"valueRequired\":true,\"valueName\":\"search_term_string\"}}],\"inLanguage\":\"fr-FR\"},{\"@type\":\"Organization\",\"@id\":\"https:\\\/\\\/bulaoutdoor.nl\\\/#organization\",\"name\":\"Bula Outdoor\",\"url\":\"https:\\\/\\\/bulaoutdoor.nl\\\/\",\"logo\":{\"@type\":\"ImageObject\",\"inLanguage\":\"fr-FR\",\"@id\":\"https:\\\/\\\/bulaoutdoor.nl\\\/#\\\/schema\\\/logo\\\/image\\\/\",\"url\":\"https:\\\/\\\/www.bulaoutdoor.nl\\\/wp-content\\\/uploads\\\/2018\\\/04\\\/bulaoutdoor-logo.png\",\"contentUrl\":\"https:\\\/\\\/www.bulaoutdoor.nl\\\/wp-content\\\/uploads\\\/2018\\\/04\\\/bulaoutdoor-logo.png\",\"width\":324,\"height\":91,\"caption\":\"Bula Outdoor\"},\"image\":{\"@id\":\"https:\\\/\\\/bulaoutdoor.nl\\\/#\\\/schema\\\/logo\\\/image\\\/\"}}]}<\/script>\n<!-- \/ Yoast SEO plugin. -->","yoast_head_json":{"title":"Four \u00e0 gaz DeliVita Eco (bient\u00f4t disponible) - Bula Outdoor","description":"Le four DeliVita Eco Gas est un four \u00e0 pizza \u00e0 gaz o\u00f9 la technologie de pointe fusionne avec un design respectueux de l'environnement. Commandez-le chez Bula Outdoor !","robots":{"index":"index","follow":"follow","max-snippet":"max-snippet:-1","max-image-preview":"max-image-preview:large","max-video-preview":"max-video-preview:-1"},"canonical":"https:\/\/bulaoutdoor.nl\/fr\/produit\/four-a-gaz-delivita-eco\/","og_locale":"fr_FR","og_type":"article","og_title":"DeliVita Eco Gas Oven (Binnenkort beschikbaar) &#8211; Bula Outdoor","og_description":"DeliVita Eco Gas oven is een pizzaoven op gas waar geavanceerde technologie samensmelt met een milieubewust ontwerp. Bestel hem bij Bula Outdoor!","og_url":"https:\/\/bulaoutdoor.nl\/fr\/produit\/four-a-gaz-delivita-eco\/","og_site_name":"Bula Outdoor","article_modified_time":"2023-12-11T12:51:35+00:00","og_image":[{"width":900,"height":900,"url":"https:\/\/bulaoutdoor.nl\/wp-content\/uploads\/2023\/11\/Delivita-Eco-Gas-Oven-Chilli-Red-Bula-Outdoor.jpg","type":"image\/jpeg"}],"twitter_card":"summary_large_image","twitter_misc":{"Dur\u00e9e de lecture estim\u00e9e":"2 minutes"},"schema":{"@context":"https:\/\/schema.org","@graph":[{"@type":"WebPage","@id":"https:\/\/bulaoutdoor.nl\/product\/delivita-eco-gas-oven\/","url":"https:\/\/bulaoutdoor.nl\/product\/delivita-eco-gas-oven\/","name":"Four \u00e0 gaz DeliVita Eco (bient\u00f4t disponible) - Bula Outdoor","isPartOf":{"@id":"https:\/\/bulaoutdoor.nl\/#website"},"primaryImageOfPage":{"@id":"https:\/\/bulaoutdoor.nl\/product\/delivita-eco-gas-oven\/#primaryimage"},"image":{"@id":"https:\/\/bulaoutdoor.nl\/product\/delivita-eco-gas-oven\/#primaryimage"},"thumbnailUrl":"https:\/\/bulaoutdoor.nl\/wp-content\/uploads\/2023\/11\/Delivita-Eco-Gas-Oven-Chilli-Red-Bula-Outdoor.jpg","datePublished":"2023-11-27T11:47:54+00:00","dateModified":"2023-12-11T12:51:35+00:00","description":"Le four DeliVita Eco Gas est un four \u00e0 pizza \u00e0 gaz o\u00f9 la technologie de pointe fusionne avec un design respectueux de l'environnement. Commandez-le chez Bula Outdoor !","breadcrumb":{"@id":"https:\/\/bulaoutdoor.nl\/product\/delivita-eco-gas-oven\/#breadcrumb"},"inLanguage":"fr-FR","potentialAction":[{"@type":"ReadAction","target":["https:\/\/bulaoutdoor.nl\/product\/delivita-eco-gas-oven\/"]}]},{"@type":"ImageObject","inLanguage":"fr-FR","@id":"https:\/\/bulaoutdoor.nl\/product\/delivita-eco-gas-oven\/#primaryimage","url":"https:\/\/bulaoutdoor.nl\/wp-content\/uploads\/2023\/11\/Delivita-Eco-Gas-Oven-Chilli-Red-Bula-Outdoor.jpg","contentUrl":"https:\/\/bulaoutdoor.nl\/wp-content\/uploads\/2023\/11\/Delivita-Eco-Gas-Oven-Chilli-Red-Bula-Outdoor.jpg","width":900,"height":900,"caption":"DeliVita Eco Gasoven"},{"@type":"BreadcrumbList","@id":"https:\/\/bulaoutdoor.nl\/product\/delivita-eco-gas-oven\/#breadcrumb","itemListElement":[{"@type":"ListItem","position":1,"name":"Home","item":"https:\/\/bulaoutdoor.nl\/"},{"@type":"ListItem","position":2,"name":"Online BBQ kopen","item":"https:\/\/bulaoutdoor.nl\/"},{"@type":"ListItem","position":3,"name":"DeliVita Eco Gas Oven (Binnenkort beschikbaar)"}]},{"@type":"WebSite","@id":"https:\/\/bulaoutdoor.nl\/#website","url":"https:\/\/bulaoutdoor.nl\/","name":"Bula Outdoor","description":"Pour votre chemin\u00e9e ext\u00e9rieure, votre barbecue, votre torche de jardin et votre four \u00e0 bois","publisher":{"@id":"https:\/\/bulaoutdoor.nl\/#organization"},"potentialAction":[{"@type":"SearchAction","target":{"@type":"EntryPoint","urlTemplate":"https:\/\/bulaoutdoor.nl\/?s={search_term_string}"},"query-input":{"@type":"PropertyValueSpecification","valueRequired":true,"valueName":"search_term_string"}}],"inLanguage":"fr-FR"},{"@type":"Organization","@id":"https:\/\/bulaoutdoor.nl\/#organization","name":"Bula Outdoor","url":"https:\/\/bulaoutdoor.nl\/","logo":{"@type":"ImageObject","inLanguage":"fr-FR","@id":"https:\/\/bulaoutdoor.nl\/#\/schema\/logo\/image\/","url":"https:\/\/www.bulaoutdoor.nl\/wp-content\/uploads\/2018\/04\/bulaoutdoor-logo.png","contentUrl":"https:\/\/www.bulaoutdoor.nl\/wp-content\/uploads\/2018\/04\/bulaoutdoor-logo.png","width":324,"height":91,"caption":"Bula Outdoor"},"image":{"@id":"https:\/\/bulaoutdoor.nl\/#\/schema\/logo\/image\/"}}]}},"jetpack_sharing_enabled":true,"_links":{"self":[{"href":"https:\/\/bulaoutdoor.nl\/fr\/wp-json\/wp\/v2\/product\/35733","targetHints":{"allow":["GET"]}}],"collection":[{"href":"https:\/\/bulaoutdoor.nl\/fr\/wp-json\/wp\/v2\/product"}],"about":[{"href":"https:\/\/bulaoutdoor.nl\/fr\/wp-json\/wp\/v2\/types\/product"}],"replies":[{"embeddable":true,"href":"https:\/\/bulaoutdoor.nl\/fr\/wp-json\/wp\/v2\/comments?post=35733"}],"wp:featuredmedia":[{"embeddable":true,"href":"https:\/\/bulaoutdoor.nl\/fr\/wp-json\/wp\/v2\/media\/35738"}],"wp:attachment":[{"href":"https:\/\/bulaoutdoor.nl\/fr\/wp-json\/wp\/v2\/media?parent=35733"}],"wp:term":[{"taxonomy":"product_brand","embeddable":true,"href":"https:\/\/bulaoutdoor.nl\/fr\/wp-json\/wp\/v2\/product_brand?post=35733"},{"taxonomy":"product_cat","embeddable":true,"href":"https:\/\/bulaoutdoor.nl\/fr\/wp-json\/wp\/v2\/product_cat?post=35733"},{"taxonomy":"product_tag","embeddable":true,"href":"https:\/\/bulaoutdoor.nl\/fr\/wp-json\/wp\/v2\/product_tag?post=35733"}],"curies":[{"name":"wp","href":"https:\/\/api.w.org\/{rel}","templated":true}]}}