{"id":35745,"date":"2023-11-27T12:37:42","date_gmt":"2023-11-27T12:37:42","guid":{"rendered":"https:\/\/bulaoutdoor.nl\/?post_type=product&#038;p=35745"},"modified":"2023-12-11T12:55:29","modified_gmt":"2023-12-11T12:55:29","slug":"four-a-pizza-a-gaz-diavlo","status":"publish","type":"product","link":"https:\/\/bulaoutdoor.nl\/fr\/product\/diavlo-gas-fired-pizza-oven\/","title":{"rendered":"Four \u00e0 pizza \u00e0 gaz Diavlo"},"content":{"rendered":"<h4>Four \u00e0 pizza \u00e0 gaz Diavlo<\/h4>\n<p>Vivez l'exp\u00e9rience ultime de la cuisine en plein air avec le four \u00e0 gaz Diavolo de DeliVita - le meilleur four \u00e0 gaz portable pour la pizza du Royaume-Uni. De plus, ce four \u00e0 pizza \u00e0 gaz peut faire bien plus que de la pizza ! Faites de votre aventure culinaire en plein air un moment inoubliable avec ce four \u00e9cologique et portable, qui vous permettra de passer \u00e0 la vitesse sup\u00e9rieure en mati\u00e8re de commodit\u00e9 et de perfection culinaire.<\/p>\n<p>Caract\u00e9ristiques principales du four \u00e0 gaz Diavolo :<\/p>\n<ul>\n<li><strong>Rapidement \u00e0 temp\u00e9rature :<\/strong> En 15 minutes, le four DIAVLO est d\u00e9j\u00e0 \u00e0 pleine temp\u00e9rature, jusqu'\u00e0 400 degr\u00e9s. A cette temp\u00e9rature, votre pizza est pr\u00eate en 90 secondes.<\/li>\n<li><strong>Cuisine polyvalente :<\/strong> Ce four permet non seulement de pr\u00e9parer des pizzas fantastiques, mais aussi des plats all\u00e9chants \u00e0 base de viande, de poisson et de l\u00e9gumes.<\/li>\n<li><strong>Contr\u00f4le total :<\/strong> R\u00e9glez facilement le processus de cuisson gr\u00e2ce \u00e0 la flamme bleue respectueuse de l'environnement, qui vous permet de contr\u00f4ler totalement la chaleur.<\/li>\n<li><strong>\u00c9norme lumi\u00e8re :<\/strong> Avec un poids de 15 kg, le four DIAVLO peut \u00eatre emport\u00e9 presque partout. Ou facile \u00e0 ranger si vous n'avez pas beaucoup d'espace pour un four \u00e0 pizza.<strong>Inclusif <\/strong><\/li>\n<li><strong>Accessoires :<\/strong> Le Diavolo est livr\u00e9 avec une peau pliable, un sac de transport, une jauge de temp\u00e9rature et un r\u00e9gulateur de gaz, afin que vous puissiez commencer imm\u00e9diatement.<\/li>\n<li><strong>Qualit\u00e9 durable :<\/strong> Construit dans un souci de durabilit\u00e9, le four DIAVOLO est dot\u00e9 de mat\u00e9riaux de haute qualit\u00e9 et d'une conception robuste, ce qui lui permet de r\u00e9sister \u00e0 l'\u00e9preuve du temps lors de vos aventures culinaires.<\/li>\n<\/ul>\n<p><iframe loading=\"lazy\" title=\"Four \u00e0 pizza portable Diavolo\" width=\"980\" height=\"551\" src=\"https:\/\/www.youtube.com\/embed\/K7D0H9p_dww?feature=oembed&#038;enablejsapi=1&#038;origin=https:\/\/bulaoutdoor.nl\" frameborder=\"0\" allow=\"accelerometer; autoplay; clipboard-write; encrypted-media; gyroscope; picture-in-picture; web-share\" allowfullscreen><\/iframe><\/p>\n<p>Con\u00e7u comme le nec plus ultra des fours portables, le Diavolo est facile \u00e0 emballer, \u00e0 ramasser et \u00e0 transporter dans les campings, les festivals ou le jardin de votre meilleur ami. Avec le four \u00e0 gaz \u00e9cologique Diavolo, vous pr\u00e9parez des pizzas parfaites en seulement 60 secondes. Pensez \u00e0 des bases croustillantes, des fromages bouillonnants et des garnitures riches. Allumez le Diavolo, invitez vos amis et que la f\u00eate commence.<\/p>\n<p><iframe loading=\"lazy\" title=\"LE NOUVEAU FOUR \u00c0 PIZZA DELIVITA DIAVOLO UNBOXING AND REVIEW\" width=\"980\" height=\"551\" src=\"https:\/\/www.youtube.com\/embed\/YGq77npv0Iw?feature=oembed&#038;enablejsapi=1&#038;origin=https:\/\/bulaoutdoor.nl\" frameborder=\"0\" allow=\"accelerometer; autoplay; clipboard-write; encrypted-media; gyroscope; picture-in-picture; web-share\" allowfullscreen><\/iframe><\/p>\n<p>Avec le Diavolo, votre exp\u00e9rience de la cuisine en plein air atteint de nouveaux sommets. D\u00e9couvrez la combinaison parfaite de portabilit\u00e9, de contr\u00f4le et de go\u00fbt. Commandez d\u00e8s aujourd'hui votre four \u00e0 gaz Diavolo pour pizza et transformez toute occasion en un savoureux festin. Gr\u00e2ce \u00e0 la pr\u00e9cision et \u00e0 l'attention port\u00e9e aux d\u00e9tails, le four DIAVOLO est un four \u00e0 pizza professionnel, non seulement en tant qu'appareil de cuisson, mais aussi en tant qu'exp\u00e9rience - un voyage \u00e0 travers les possibilit\u00e9s gastronomiques comme aucun autre. Imaginez un appareil de cuisine qui incarne la pr\u00e9cision, la polyvalence et l'\u00e9l\u00e9gance, et qui r\u00e9invente l'art de la cuisine.<\/p>\n<p>Commandez le four \u00e0 pizza \u00e0 gaz DIAVLO directement aupr\u00e8s de Bula Outdoor <a href=\"https:\/\/bulaoutdoor.nl\/fr\/categorie-de-produits\/fours-a-pizza\/\">votre four \u00e0 pizza<\/a> sp\u00e9cialiste !<\/p>","protected":false},"excerpt":{"rendered":"<p>Four \u00e0 pizza \u00e0 gaz Diavolo<\/p>","protected":false},"featured_media":35750,"comment_status":"open","ping_status":"closed","template":"","meta":{"_acf_changed":false},"product_brand":[],"product_cat":[1335],"product_tag":[1333,1063,61,1076],"class_list":{"0":"post-35745","1":"product","2":"type-product","3":"status-publish","4":"has-post-thumbnail","6":"product_cat-delivita-ovens","7":"product_tag-delivita","8":"product_tag-gasoven","9":"product_tag-pizzaoven","10":"product_tag-pizzaoven-draagbaar","12":"first","13":"instock","14":"taxable","15":"shipping-taxable","16":"purchasable","17":"product-type-variable"},"acf":[],"yoast_head":"<!-- This site is optimized with the Yoast SEO plugin v27.4 - https:\/\/yoast.com\/product\/yoast-seo-wordpress\/ -->\n<title>Diavlo Gas-fired Pizza Oven &#8211; Bula Outdoor<\/title>\n<meta name=\"description\" content=\"Ontdek de Diavolo, de ultieme draagbare gasoven voor pizza. Bereid perfecte pizza&#039;s in slechts 60 seconden. Met slechts 15kg snel opzetten en inpakken.\" \/>\n<meta name=\"robots\" content=\"index, follow, max-snippet:-1, max-image-preview:large, max-video-preview:-1\" \/>\n<link rel=\"canonical\" href=\"https:\/\/bulaoutdoor.nl\/fr\/produit\/four-a-pizza-a-gaz-diavlo\/\" \/>\n<meta property=\"og:locale\" content=\"fr_FR\" \/>\n<meta property=\"og:type\" content=\"article\" \/>\n<meta property=\"og:title\" content=\"Diavlo Gas-fired Pizza Oven &#8211; Bula Outdoor\" \/>\n<meta property=\"og:description\" content=\"Ontdek de Diavolo, de ultieme draagbare gasoven voor pizza. Bereid perfecte pizza&#039;s in slechts 60 seconden. Met slechts 15kg snel opzetten en inpakken.\" \/>\n<meta property=\"og:url\" content=\"https:\/\/bulaoutdoor.nl\/fr\/produit\/four-a-pizza-a-gaz-diavlo\/\" \/>\n<meta property=\"og:site_name\" content=\"Bula Outdoor\" \/>\n<meta property=\"article:modified_time\" content=\"2023-12-11T12:55:29+00:00\" \/>\n<meta property=\"og:image\" content=\"https:\/\/bulaoutdoor.nl\/wp-content\/uploads\/2023\/11\/BLUE-OVEN-ON-ANGLE-VIEW-1-scaled.jpg\" \/>\n\t<meta property=\"og:image:width\" content=\"2560\" \/>\n\t<meta property=\"og:image:height\" content=\"2560\" \/>\n\t<meta property=\"og:image:type\" content=\"image\/jpeg\" \/>\n<meta name=\"twitter:card\" content=\"summary_large_image\" \/>\n<meta name=\"twitter:label1\" content=\"Dur\u00e9e de lecture estim\u00e9e\" \/>\n\t<meta name=\"twitter:data1\" content=\"2 minutes\" \/>\n<script type=\"application\/ld+json\" class=\"yoast-schema-graph\">{\"@context\":\"https:\\\/\\\/schema.org\",\"@graph\":[{\"@type\":\"WebPage\",\"@id\":\"https:\\\/\\\/bulaoutdoor.nl\\\/product\\\/diavlo-gas-fired-pizza-oven\\\/\",\"url\":\"https:\\\/\\\/bulaoutdoor.nl\\\/product\\\/diavlo-gas-fired-pizza-oven\\\/\",\"name\":\"Diavlo Gas-fired Pizza Oven &#8211; Bula Outdoor\",\"isPartOf\":{\"@id\":\"https:\\\/\\\/bulaoutdoor.nl\\\/#website\"},\"primaryImageOfPage\":{\"@id\":\"https:\\\/\\\/bulaoutdoor.nl\\\/product\\\/diavlo-gas-fired-pizza-oven\\\/#primaryimage\"},\"image\":{\"@id\":\"https:\\\/\\\/bulaoutdoor.nl\\\/product\\\/diavlo-gas-fired-pizza-oven\\\/#primaryimage\"},\"thumbnailUrl\":\"https:\\\/\\\/bulaoutdoor.nl\\\/wp-content\\\/uploads\\\/2023\\\/11\\\/BLUE-OVEN-ON-ANGLE-VIEW-1-scaled.jpg\",\"datePublished\":\"2023-11-27T12:37:42+00:00\",\"dateModified\":\"2023-12-11T12:55:29+00:00\",\"description\":\"Ontdek de Diavolo, de ultieme draagbare gasoven voor pizza. Bereid perfecte pizza's in slechts 60 seconden. Met slechts 15kg snel opzetten en inpakken.\",\"breadcrumb\":{\"@id\":\"https:\\\/\\\/bulaoutdoor.nl\\\/product\\\/diavlo-gas-fired-pizza-oven\\\/#breadcrumb\"},\"inLanguage\":\"fr-FR\",\"potentialAction\":[{\"@type\":\"ReadAction\",\"target\":[\"https:\\\/\\\/bulaoutdoor.nl\\\/product\\\/diavlo-gas-fired-pizza-oven\\\/\"]}]},{\"@type\":\"ImageObject\",\"inLanguage\":\"fr-FR\",\"@id\":\"https:\\\/\\\/bulaoutdoor.nl\\\/product\\\/diavlo-gas-fired-pizza-oven\\\/#primaryimage\",\"url\":\"https:\\\/\\\/bulaoutdoor.nl\\\/wp-content\\\/uploads\\\/2023\\\/11\\\/BLUE-OVEN-ON-ANGLE-VIEW-1-scaled.jpg\",\"contentUrl\":\"https:\\\/\\\/bulaoutdoor.nl\\\/wp-content\\\/uploads\\\/2023\\\/11\\\/BLUE-OVEN-ON-ANGLE-VIEW-1-scaled.jpg\",\"width\":2560,\"height\":2560,\"caption\":\"pizza oven op gas delivita diavolo\"},{\"@type\":\"BreadcrumbList\",\"@id\":\"https:\\\/\\\/bulaoutdoor.nl\\\/product\\\/diavlo-gas-fired-pizza-oven\\\/#breadcrumb\",\"itemListElement\":[{\"@type\":\"ListItem\",\"position\":1,\"name\":\"Home\",\"item\":\"https:\\\/\\\/bulaoutdoor.nl\\\/\"},{\"@type\":\"ListItem\",\"position\":2,\"name\":\"Online BBQ kopen\",\"item\":\"https:\\\/\\\/bulaoutdoor.nl\\\/\"},{\"@type\":\"ListItem\",\"position\":3,\"name\":\"Diavlo Gas-fired Pizza Oven\"}]},{\"@type\":\"WebSite\",\"@id\":\"https:\\\/\\\/bulaoutdoor.nl\\\/#website\",\"url\":\"https:\\\/\\\/bulaoutdoor.nl\\\/\",\"name\":\"Bula Outdoor\",\"description\":\"Voor uw buitenhaard, BBQ, tuinfakkel en houtoven\",\"publisher\":{\"@id\":\"https:\\\/\\\/bulaoutdoor.nl\\\/#organization\"},\"potentialAction\":[{\"@type\":\"SearchAction\",\"target\":{\"@type\":\"EntryPoint\",\"urlTemplate\":\"https:\\\/\\\/bulaoutdoor.nl\\\/?s={search_term_string}\"},\"query-input\":{\"@type\":\"PropertyValueSpecification\",\"valueRequired\":true,\"valueName\":\"search_term_string\"}}],\"inLanguage\":\"fr-FR\"},{\"@type\":\"Organization\",\"@id\":\"https:\\\/\\\/bulaoutdoor.nl\\\/#organization\",\"name\":\"Bula Outdoor\",\"url\":\"https:\\\/\\\/bulaoutdoor.nl\\\/\",\"logo\":{\"@type\":\"ImageObject\",\"inLanguage\":\"fr-FR\",\"@id\":\"https:\\\/\\\/bulaoutdoor.nl\\\/#\\\/schema\\\/logo\\\/image\\\/\",\"url\":\"https:\\\/\\\/www.bulaoutdoor.nl\\\/wp-content\\\/uploads\\\/2018\\\/04\\\/bulaoutdoor-logo.png\",\"contentUrl\":\"https:\\\/\\\/www.bulaoutdoor.nl\\\/wp-content\\\/uploads\\\/2018\\\/04\\\/bulaoutdoor-logo.png\",\"width\":324,\"height\":91,\"caption\":\"Bula Outdoor\"},\"image\":{\"@id\":\"https:\\\/\\\/bulaoutdoor.nl\\\/#\\\/schema\\\/logo\\\/image\\\/\"}}]}<\/script>\n<!-- \/ Yoast SEO plugin. -->","yoast_head_json":{"title":"Four \u00e0 pizza \u00e0 gaz Diavlo - Bula Outdoor","description":"D\u00e9couvrez le Diavolo, le meilleur four \u00e0 gaz portable pour la pizza. Pr\u00e9parez des pizzas parfaites en seulement 60 secondes. Avec un poids de seulement 15 kg, vous pouvez l'installer et le ranger rapidement.","robots":{"index":"index","follow":"follow","max-snippet":"max-snippet:-1","max-image-preview":"max-image-preview:large","max-video-preview":"max-video-preview:-1"},"canonical":"https:\/\/bulaoutdoor.nl\/fr\/produit\/four-a-pizza-a-gaz-diavlo\/","og_locale":"fr_FR","og_type":"article","og_title":"Diavlo Gas-fired Pizza Oven &#8211; Bula Outdoor","og_description":"Ontdek de Diavolo, de ultieme draagbare gasoven voor pizza. Bereid perfecte pizza's in slechts 60 seconden. Met slechts 15kg snel opzetten en inpakken.","og_url":"https:\/\/bulaoutdoor.nl\/fr\/produit\/four-a-pizza-a-gaz-diavlo\/","og_site_name":"Bula Outdoor","article_modified_time":"2023-12-11T12:55:29+00:00","og_image":[{"width":2560,"height":2560,"url":"https:\/\/bulaoutdoor.nl\/wp-content\/uploads\/2023\/11\/BLUE-OVEN-ON-ANGLE-VIEW-1-scaled.jpg","type":"image\/jpeg"}],"twitter_card":"summary_large_image","twitter_misc":{"Dur\u00e9e de lecture estim\u00e9e":"2 minutes"},"schema":{"@context":"https:\/\/schema.org","@graph":[{"@type":"WebPage","@id":"https:\/\/bulaoutdoor.nl\/product\/diavlo-gas-fired-pizza-oven\/","url":"https:\/\/bulaoutdoor.nl\/product\/diavlo-gas-fired-pizza-oven\/","name":"Four \u00e0 pizza \u00e0 gaz Diavlo - Bula Outdoor","isPartOf":{"@id":"https:\/\/bulaoutdoor.nl\/#website"},"primaryImageOfPage":{"@id":"https:\/\/bulaoutdoor.nl\/product\/diavlo-gas-fired-pizza-oven\/#primaryimage"},"image":{"@id":"https:\/\/bulaoutdoor.nl\/product\/diavlo-gas-fired-pizza-oven\/#primaryimage"},"thumbnailUrl":"https:\/\/bulaoutdoor.nl\/wp-content\/uploads\/2023\/11\/BLUE-OVEN-ON-ANGLE-VIEW-1-scaled.jpg","datePublished":"2023-11-27T12:37:42+00:00","dateModified":"2023-12-11T12:55:29+00:00","description":"D\u00e9couvrez le Diavolo, le meilleur four \u00e0 gaz portable pour la pizza. Pr\u00e9parez des pizzas parfaites en seulement 60 secondes. Avec un poids de seulement 15 kg, vous pouvez l'installer et le ranger rapidement.","breadcrumb":{"@id":"https:\/\/bulaoutdoor.nl\/product\/diavlo-gas-fired-pizza-oven\/#breadcrumb"},"inLanguage":"fr-FR","potentialAction":[{"@type":"ReadAction","target":["https:\/\/bulaoutdoor.nl\/product\/diavlo-gas-fired-pizza-oven\/"]}]},{"@type":"ImageObject","inLanguage":"fr-FR","@id":"https:\/\/bulaoutdoor.nl\/product\/diavlo-gas-fired-pizza-oven\/#primaryimage","url":"https:\/\/bulaoutdoor.nl\/wp-content\/uploads\/2023\/11\/BLUE-OVEN-ON-ANGLE-VIEW-1-scaled.jpg","contentUrl":"https:\/\/bulaoutdoor.nl\/wp-content\/uploads\/2023\/11\/BLUE-OVEN-ON-ANGLE-VIEW-1-scaled.jpg","width":2560,"height":2560,"caption":"pizza oven op gas delivita diavolo"},{"@type":"BreadcrumbList","@id":"https:\/\/bulaoutdoor.nl\/product\/diavlo-gas-fired-pizza-oven\/#breadcrumb","itemListElement":[{"@type":"ListItem","position":1,"name":"Home","item":"https:\/\/bulaoutdoor.nl\/"},{"@type":"ListItem","position":2,"name":"Online BBQ kopen","item":"https:\/\/bulaoutdoor.nl\/"},{"@type":"ListItem","position":3,"name":"Diavlo Gas-fired Pizza Oven"}]},{"@type":"WebSite","@id":"https:\/\/bulaoutdoor.nl\/#website","url":"https:\/\/bulaoutdoor.nl\/","name":"Bula Outdoor","description":"Pour votre chemin\u00e9e ext\u00e9rieure, votre barbecue, votre torche de jardin et votre four \u00e0 bois","publisher":{"@id":"https:\/\/bulaoutdoor.nl\/#organization"},"potentialAction":[{"@type":"SearchAction","target":{"@type":"EntryPoint","urlTemplate":"https:\/\/bulaoutdoor.nl\/?s={search_term_string}"},"query-input":{"@type":"PropertyValueSpecification","valueRequired":true,"valueName":"search_term_string"}}],"inLanguage":"fr-FR"},{"@type":"Organization","@id":"https:\/\/bulaoutdoor.nl\/#organization","name":"Bula Outdoor","url":"https:\/\/bulaoutdoor.nl\/","logo":{"@type":"ImageObject","inLanguage":"fr-FR","@id":"https:\/\/bulaoutdoor.nl\/#\/schema\/logo\/image\/","url":"https:\/\/www.bulaoutdoor.nl\/wp-content\/uploads\/2018\/04\/bulaoutdoor-logo.png","contentUrl":"https:\/\/www.bulaoutdoor.nl\/wp-content\/uploads\/2018\/04\/bulaoutdoor-logo.png","width":324,"height":91,"caption":"Bula Outdoor"},"image":{"@id":"https:\/\/bulaoutdoor.nl\/#\/schema\/logo\/image\/"}}]}},"jetpack_sharing_enabled":true,"_links":{"self":[{"href":"https:\/\/bulaoutdoor.nl\/fr\/wp-json\/wp\/v2\/product\/35745","targetHints":{"allow":["GET"]}}],"collection":[{"href":"https:\/\/bulaoutdoor.nl\/fr\/wp-json\/wp\/v2\/product"}],"about":[{"href":"https:\/\/bulaoutdoor.nl\/fr\/wp-json\/wp\/v2\/types\/product"}],"replies":[{"embeddable":true,"href":"https:\/\/bulaoutdoor.nl\/fr\/wp-json\/wp\/v2\/comments?post=35745"}],"wp:featuredmedia":[{"embeddable":true,"href":"https:\/\/bulaoutdoor.nl\/fr\/wp-json\/wp\/v2\/media\/35750"}],"wp:attachment":[{"href":"https:\/\/bulaoutdoor.nl\/fr\/wp-json\/wp\/v2\/media?parent=35745"}],"wp:term":[{"taxonomy":"product_brand","embeddable":true,"href":"https:\/\/bulaoutdoor.nl\/fr\/wp-json\/wp\/v2\/product_brand?post=35745"},{"taxonomy":"product_cat","embeddable":true,"href":"https:\/\/bulaoutdoor.nl\/fr\/wp-json\/wp\/v2\/product_cat?post=35745"},{"taxonomy":"product_tag","embeddable":true,"href":"https:\/\/bulaoutdoor.nl\/fr\/wp-json\/wp\/v2\/product_tag?post=35745"}],"curies":[{"name":"wp","href":"https:\/\/api.w.org\/{rel}","templated":true}]}}