{"id":35762,"date":"2023-11-27T13:39:46","date_gmt":"2023-11-27T13:39:46","guid":{"rendered":"https:\/\/bulaoutdoor.nl\/?post_type=product&#038;p=35762"},"modified":"2023-12-11T13:00:09","modified_gmt":"2023-12-11T13:00:09","slug":"delivita-couvercle-de-four-tout-temps","status":"publish","type":"product","link":"https:\/\/bulaoutdoor.nl\/fr\/product\/delivita-all-weather-oven-cover\/","title":{"rendered":"Delivita Couvercle de four tout temps"},"content":{"rendered":"<h4>Delivita Couvercle de four tout temps<\/h4>\n<p>Prot\u00e9gez votre pr\u00e9cieux four DeliVita tout au long de l'ann\u00e9e avec le couvercle de four All Weather DeliVita.  Le couvercle de four Delivita est fabriqu\u00e9 \u00e0 partir de mat\u00e9riaux durables con\u00e7us pour r\u00e9sister \u00e0 toutes les saisons.<\/p>\n<ul>\n<li>Cette couverture offre une protection de premier ordre contre la pluie, le soleil, le vent et la neige.<\/li>\n<li>Sp\u00e9cialement con\u00e7u pour le four DeliVita, il s'adapte parfaitement et prot\u00e8ge votre four de la poussi\u00e8re, de la salet\u00e9 et des intemp\u00e9ries.<\/li>\n<\/ul>\n<p>Gr\u00e2ce \u00e0 sa construction r\u00e9sistante aux intemp\u00e9ries, cette housse prolonge la dur\u00e9e de vie de votre four d'ext\u00e9rieur, le gardant en parfait \u00e9tat pour de d\u00e9licieux repas pr\u00e9par\u00e9s au feu de bois quand vous le souhaitez. Son design de haute qualit\u00e9 prot\u00e8ge non seulement votre four, mais ajoute \u00e9galement une touche \u00e9l\u00e9gante \u00e0 votre cuisine ext\u00e9rieure.<\/p>\n<p>Ne faites pas de compromis sur les performances et l'aspect de votre four DeliVita !<\/p>\n<p>Commandez le couvercle de four Delivita directement aupr\u00e8s de Bula Outdoor votre <a href=\"https:\/\/bulaoutdoor.nl\/fr\/categorie-de-produits\/fours-a-pizza\/\">Sp\u00e9cialiste des fours \u00e0 pizza<\/a>.<\/p>","protected":false},"excerpt":{"rendered":"<p>Delivita All Weather Oven Cover Bescherm uw waardevolle DeliVita-oven het hele jaar door met de All Weather DeliVita Ovenhoes.\u00a0 Het Delivita oven cover is gemaakt van duurzame materialen die zijn ontworpen om alle seizoenen te doorstaan. Deze hoes biedt eersteklas bescherming tegen regen, zon, wind en sneeuw. Speciaal ontworpen voor de DeliVita-oven, zorgt het voor [&hellip;]<\/p>\n","protected":false},"featured_media":35763,"comment_status":"open","ping_status":"closed","template":"","meta":{"_acf_changed":false},"product_brand":[],"product_cat":[1334],"product_tag":[300,1333,91],"class_list":{"0":"post-35762","1":"product","2":"type-product","3":"status-publish","4":"has-post-thumbnail","6":"product_cat-delivita-accessoires","7":"product_tag-beschermhoes","8":"product_tag-delivita","9":"product_tag-pizza","11":"first","12":"instock","13":"taxable","14":"shipping-taxable","15":"purchasable","16":"product-type-simple"},"acf":[],"yoast_head":"<!-- This site is optimized with the Yoast SEO plugin v27.3 - https:\/\/yoast.com\/product\/yoast-seo-wordpress\/ -->\n<title>Delivita All Weather Oven Cover &#8211; Bula Outdoor<\/title>\n<meta name=\"description\" content=\"De Delivita oven cover geeft optimale bescherming tegen weer en wind met de Delivita All Weather Oven Cover. Bestel hem nu direct!\" \/>\n<meta name=\"robots\" content=\"index, follow, max-snippet:-1, max-image-preview:large, max-video-preview:-1\" \/>\n<link rel=\"canonical\" href=\"https:\/\/bulaoutdoor.nl\/fr\/produit\/delivita-couvercle-de-four-tout-temps\/\" \/>\n<meta property=\"og:locale\" content=\"fr_FR\" \/>\n<meta property=\"og:type\" content=\"article\" \/>\n<meta property=\"og:title\" content=\"Delivita All Weather Oven Cover &#8211; Bula Outdoor\" \/>\n<meta property=\"og:description\" content=\"De Delivita oven cover geeft optimale bescherming tegen weer en wind met de Delivita All Weather Oven Cover. Bestel hem nu direct!\" \/>\n<meta property=\"og:url\" content=\"https:\/\/bulaoutdoor.nl\/fr\/produit\/delivita-couvercle-de-four-tout-temps\/\" \/>\n<meta property=\"og:site_name\" content=\"Bula Outdoor\" \/>\n<meta property=\"article:modified_time\" content=\"2023-12-11T13:00:09+00:00\" \/>\n<meta property=\"og:image\" content=\"https:\/\/bulaoutdoor.nl\/wp-content\/uploads\/2023\/11\/Delivita-all-weather-oven-cover.jpg\" \/>\n\t<meta property=\"og:image:width\" content=\"900\" \/>\n\t<meta property=\"og:image:height\" content=\"900\" \/>\n\t<meta property=\"og:image:type\" content=\"image\/jpeg\" \/>\n<meta name=\"twitter:card\" content=\"summary_large_image\" \/>\n<meta name=\"twitter:label1\" content=\"Dur\u00e9e de lecture estim\u00e9e\" \/>\n\t<meta name=\"twitter:data1\" content=\"1 minute\" \/>\n<script type=\"application\/ld+json\" class=\"yoast-schema-graph\">{\"@context\":\"https:\\\/\\\/schema.org\",\"@graph\":[{\"@type\":\"WebPage\",\"@id\":\"https:\\\/\\\/bulaoutdoor.nl\\\/product\\\/delivita-all-weather-oven-cover\\\/\",\"url\":\"https:\\\/\\\/bulaoutdoor.nl\\\/product\\\/delivita-all-weather-oven-cover\\\/\",\"name\":\"Delivita All Weather Oven Cover &#8211; Bula Outdoor\",\"isPartOf\":{\"@id\":\"https:\\\/\\\/bulaoutdoor.nl\\\/#website\"},\"primaryImageOfPage\":{\"@id\":\"https:\\\/\\\/bulaoutdoor.nl\\\/product\\\/delivita-all-weather-oven-cover\\\/#primaryimage\"},\"image\":{\"@id\":\"https:\\\/\\\/bulaoutdoor.nl\\\/product\\\/delivita-all-weather-oven-cover\\\/#primaryimage\"},\"thumbnailUrl\":\"https:\\\/\\\/bulaoutdoor.nl\\\/wp-content\\\/uploads\\\/2023\\\/11\\\/Delivita-all-weather-oven-cover.jpg\",\"datePublished\":\"2023-11-27T13:39:46+00:00\",\"dateModified\":\"2023-12-11T13:00:09+00:00\",\"description\":\"De Delivita oven cover geeft optimale bescherming tegen weer en wind met de Delivita All Weather Oven Cover. Bestel hem nu direct!\",\"breadcrumb\":{\"@id\":\"https:\\\/\\\/bulaoutdoor.nl\\\/product\\\/delivita-all-weather-oven-cover\\\/#breadcrumb\"},\"inLanguage\":\"fr-FR\",\"potentialAction\":[{\"@type\":\"ReadAction\",\"target\":[\"https:\\\/\\\/bulaoutdoor.nl\\\/product\\\/delivita-all-weather-oven-cover\\\/\"]}]},{\"@type\":\"ImageObject\",\"inLanguage\":\"fr-FR\",\"@id\":\"https:\\\/\\\/bulaoutdoor.nl\\\/product\\\/delivita-all-weather-oven-cover\\\/#primaryimage\",\"url\":\"https:\\\/\\\/bulaoutdoor.nl\\\/wp-content\\\/uploads\\\/2023\\\/11\\\/Delivita-all-weather-oven-cover.jpg\",\"contentUrl\":\"https:\\\/\\\/bulaoutdoor.nl\\\/wp-content\\\/uploads\\\/2023\\\/11\\\/Delivita-all-weather-oven-cover.jpg\",\"width\":900,\"height\":900,\"caption\":\"Delivita oven cover\"},{\"@type\":\"BreadcrumbList\",\"@id\":\"https:\\\/\\\/bulaoutdoor.nl\\\/product\\\/delivita-all-weather-oven-cover\\\/#breadcrumb\",\"itemListElement\":[{\"@type\":\"ListItem\",\"position\":1,\"name\":\"Home\",\"item\":\"https:\\\/\\\/bulaoutdoor.nl\\\/\"},{\"@type\":\"ListItem\",\"position\":2,\"name\":\"Online BBQ kopen\",\"item\":\"https:\\\/\\\/bulaoutdoor.nl\\\/\"},{\"@type\":\"ListItem\",\"position\":3,\"name\":\"Delivita All Weather Oven Cover\"}]},{\"@type\":\"WebSite\",\"@id\":\"https:\\\/\\\/bulaoutdoor.nl\\\/#website\",\"url\":\"https:\\\/\\\/bulaoutdoor.nl\\\/\",\"name\":\"Bula Outdoor\",\"description\":\"Voor uw buitenhaard, BBQ, tuinfakkel en houtoven\",\"publisher\":{\"@id\":\"https:\\\/\\\/bulaoutdoor.nl\\\/#organization\"},\"potentialAction\":[{\"@type\":\"SearchAction\",\"target\":{\"@type\":\"EntryPoint\",\"urlTemplate\":\"https:\\\/\\\/bulaoutdoor.nl\\\/?s={search_term_string}\"},\"query-input\":{\"@type\":\"PropertyValueSpecification\",\"valueRequired\":true,\"valueName\":\"search_term_string\"}}],\"inLanguage\":\"fr-FR\"},{\"@type\":\"Organization\",\"@id\":\"https:\\\/\\\/bulaoutdoor.nl\\\/#organization\",\"name\":\"Bula Outdoor\",\"url\":\"https:\\\/\\\/bulaoutdoor.nl\\\/\",\"logo\":{\"@type\":\"ImageObject\",\"inLanguage\":\"fr-FR\",\"@id\":\"https:\\\/\\\/bulaoutdoor.nl\\\/#\\\/schema\\\/logo\\\/image\\\/\",\"url\":\"https:\\\/\\\/www.bulaoutdoor.nl\\\/wp-content\\\/uploads\\\/2018\\\/04\\\/bulaoutdoor-logo.png\",\"contentUrl\":\"https:\\\/\\\/www.bulaoutdoor.nl\\\/wp-content\\\/uploads\\\/2018\\\/04\\\/bulaoutdoor-logo.png\",\"width\":324,\"height\":91,\"caption\":\"Bula Outdoor\"},\"image\":{\"@id\":\"https:\\\/\\\/bulaoutdoor.nl\\\/#\\\/schema\\\/logo\\\/image\\\/\"}}]}<\/script>\n<!-- \/ Yoast SEO plugin. -->","yoast_head_json":{"title":"Delivita Couvercle de four tout temps - Bula Outdoor","description":"Le couvercle de four Delivita offre une protection optimale contre les intemp\u00e9ries avec le couvercle de four tout temps Delivita. Commandez-la d\u00e8s maintenant !","robots":{"index":"index","follow":"follow","max-snippet":"max-snippet:-1","max-image-preview":"max-image-preview:large","max-video-preview":"max-video-preview:-1"},"canonical":"https:\/\/bulaoutdoor.nl\/fr\/produit\/delivita-couvercle-de-four-tout-temps\/","og_locale":"fr_FR","og_type":"article","og_title":"Delivita All Weather Oven Cover &#8211; Bula Outdoor","og_description":"De Delivita oven cover geeft optimale bescherming tegen weer en wind met de Delivita All Weather Oven Cover. Bestel hem nu direct!","og_url":"https:\/\/bulaoutdoor.nl\/fr\/produit\/delivita-couvercle-de-four-tout-temps\/","og_site_name":"Bula Outdoor","article_modified_time":"2023-12-11T13:00:09+00:00","og_image":[{"width":900,"height":900,"url":"https:\/\/bulaoutdoor.nl\/wp-content\/uploads\/2023\/11\/Delivita-all-weather-oven-cover.jpg","type":"image\/jpeg"}],"twitter_card":"summary_large_image","twitter_misc":{"Dur\u00e9e de lecture estim\u00e9e":"1 minute"},"schema":{"@context":"https:\/\/schema.org","@graph":[{"@type":"WebPage","@id":"https:\/\/bulaoutdoor.nl\/product\/delivita-all-weather-oven-cover\/","url":"https:\/\/bulaoutdoor.nl\/product\/delivita-all-weather-oven-cover\/","name":"Delivita Couvercle de four tout temps - Bula Outdoor","isPartOf":{"@id":"https:\/\/bulaoutdoor.nl\/#website"},"primaryImageOfPage":{"@id":"https:\/\/bulaoutdoor.nl\/product\/delivita-all-weather-oven-cover\/#primaryimage"},"image":{"@id":"https:\/\/bulaoutdoor.nl\/product\/delivita-all-weather-oven-cover\/#primaryimage"},"thumbnailUrl":"https:\/\/bulaoutdoor.nl\/wp-content\/uploads\/2023\/11\/Delivita-all-weather-oven-cover.jpg","datePublished":"2023-11-27T13:39:46+00:00","dateModified":"2023-12-11T13:00:09+00:00","description":"Le couvercle de four Delivita offre une protection optimale contre les intemp\u00e9ries avec le couvercle de four tout temps Delivita. Commandez-la d\u00e8s maintenant !","breadcrumb":{"@id":"https:\/\/bulaoutdoor.nl\/product\/delivita-all-weather-oven-cover\/#breadcrumb"},"inLanguage":"fr-FR","potentialAction":[{"@type":"ReadAction","target":["https:\/\/bulaoutdoor.nl\/product\/delivita-all-weather-oven-cover\/"]}]},{"@type":"ImageObject","inLanguage":"fr-FR","@id":"https:\/\/bulaoutdoor.nl\/product\/delivita-all-weather-oven-cover\/#primaryimage","url":"https:\/\/bulaoutdoor.nl\/wp-content\/uploads\/2023\/11\/Delivita-all-weather-oven-cover.jpg","contentUrl":"https:\/\/bulaoutdoor.nl\/wp-content\/uploads\/2023\/11\/Delivita-all-weather-oven-cover.jpg","width":900,"height":900,"caption":"Delivita oven cover"},{"@type":"BreadcrumbList","@id":"https:\/\/bulaoutdoor.nl\/product\/delivita-all-weather-oven-cover\/#breadcrumb","itemListElement":[{"@type":"ListItem","position":1,"name":"Home","item":"https:\/\/bulaoutdoor.nl\/"},{"@type":"ListItem","position":2,"name":"Online BBQ kopen","item":"https:\/\/bulaoutdoor.nl\/"},{"@type":"ListItem","position":3,"name":"Delivita All Weather Oven Cover"}]},{"@type":"WebSite","@id":"https:\/\/bulaoutdoor.nl\/#website","url":"https:\/\/bulaoutdoor.nl\/","name":"Bula Outdoor","description":"Pour votre chemin\u00e9e ext\u00e9rieure, votre barbecue, votre torche de jardin et votre four \u00e0 bois","publisher":{"@id":"https:\/\/bulaoutdoor.nl\/#organization"},"potentialAction":[{"@type":"SearchAction","target":{"@type":"EntryPoint","urlTemplate":"https:\/\/bulaoutdoor.nl\/?s={search_term_string}"},"query-input":{"@type":"PropertyValueSpecification","valueRequired":true,"valueName":"search_term_string"}}],"inLanguage":"fr-FR"},{"@type":"Organization","@id":"https:\/\/bulaoutdoor.nl\/#organization","name":"Bula Outdoor","url":"https:\/\/bulaoutdoor.nl\/","logo":{"@type":"ImageObject","inLanguage":"fr-FR","@id":"https:\/\/bulaoutdoor.nl\/#\/schema\/logo\/image\/","url":"https:\/\/www.bulaoutdoor.nl\/wp-content\/uploads\/2018\/04\/bulaoutdoor-logo.png","contentUrl":"https:\/\/www.bulaoutdoor.nl\/wp-content\/uploads\/2018\/04\/bulaoutdoor-logo.png","width":324,"height":91,"caption":"Bula Outdoor"},"image":{"@id":"https:\/\/bulaoutdoor.nl\/#\/schema\/logo\/image\/"}}]}},"jetpack_sharing_enabled":true,"_links":{"self":[{"href":"https:\/\/bulaoutdoor.nl\/fr\/wp-json\/wp\/v2\/product\/35762","targetHints":{"allow":["GET"]}}],"collection":[{"href":"https:\/\/bulaoutdoor.nl\/fr\/wp-json\/wp\/v2\/product"}],"about":[{"href":"https:\/\/bulaoutdoor.nl\/fr\/wp-json\/wp\/v2\/types\/product"}],"replies":[{"embeddable":true,"href":"https:\/\/bulaoutdoor.nl\/fr\/wp-json\/wp\/v2\/comments?post=35762"}],"wp:featuredmedia":[{"embeddable":true,"href":"https:\/\/bulaoutdoor.nl\/fr\/wp-json\/wp\/v2\/media\/35763"}],"wp:attachment":[{"href":"https:\/\/bulaoutdoor.nl\/fr\/wp-json\/wp\/v2\/media?parent=35762"}],"wp:term":[{"taxonomy":"product_brand","embeddable":true,"href":"https:\/\/bulaoutdoor.nl\/fr\/wp-json\/wp\/v2\/product_brand?post=35762"},{"taxonomy":"product_cat","embeddable":true,"href":"https:\/\/bulaoutdoor.nl\/fr\/wp-json\/wp\/v2\/product_cat?post=35762"},{"taxonomy":"product_tag","embeddable":true,"href":"https:\/\/bulaoutdoor.nl\/fr\/wp-json\/wp\/v2\/product_tag?post=35762"}],"curies":[{"name":"wp","href":"https:\/\/api.w.org\/{rel}","templated":true}]}}