{"id":35765,"date":"2023-11-27T13:57:27","date_gmt":"2023-11-27T13:57:27","guid":{"rendered":"https:\/\/bulaoutdoor.nl\/?post_type=product&#038;p=35765"},"modified":"2025-08-26T04:49:08","modified_gmt":"2025-08-26T04:49:08","slug":"coupe-pizza-delivita","status":"publish","type":"product","link":"https:\/\/bulaoutdoor.nl\/fr\/product\/delivita-pizza-cutter\/","title":{"rendered":"Delivita Pizza Cutter"},"content":{"rendered":"<h4>Delivita Pizza Cutter<\/h4>\n<p>Vous en avez assez de vous battre avec des coupe-pizza \u00e9mouss\u00e9s et inefficaces qui g\u00e2chent votre chef-d'\u0153uvre culinaire ? Voici le Delivita Pizza Cutter - l'outil ultime qui fait passer votre exp\u00e9rience de la pizza au niveau sup\u00e9rieur !<\/p>\n<p>Con\u00e7u dans un souci de pr\u00e9cision et de fonctionnalit\u00e9, notre coupe-pizza est dot\u00e9 d'une lame tranchante en acier inoxydable qui glisse sans effort \u00e0 travers les cro\u00fbtes les plus \u00e9paisses, cr\u00e9ant ainsi des pointes de pizza parfaitement coup\u00e9es \u00e0 chaque fois. La poign\u00e9e ergonomique offre une prise en main confortable, permettant un mouvement de coupe fluide et contr\u00f4l\u00e9 sans effort.<\/p>\n<p>Pourquoi choisir le coupe-pizza Delivita ?<\/p>\n<ul>\n<li><strong>Coupe de pr\u00e9cision :<\/strong> Con\u00e7ue pour la pr\u00e9cision, cette trancheuse garantit une coupe nette et droite sans endommager les garnitures ou la cro\u00fbte.<\/li>\n<li><strong>Construction durable :<\/strong> Fabriqu\u00e9 \u00e0 partir de mat\u00e9riaux de haute qualit\u00e9, il est con\u00e7u pour durer et promet une utilisation prolong\u00e9e sans perdre son pouvoir de coupe.<\/li>\n<li><strong>Facilit\u00e9 d'utilisation :<\/strong> Le design ergonomique facilite la prise en main et vous permet de d\u00e9couper sans effort vos pizzas pr\u00e9f\u00e9r\u00e9es et de les servir rapidement.<\/li>\n<li><strong>Application polyvalente :<\/strong> Il ne se limite pas \u00e0 la pizza, mais il est \u00e9galement id\u00e9al pour d\u00e9couper des quesadillas, des pains plats et bien d'autres choses encore.<\/li>\n<\/ul>\n<p>Enrichissez votre arsenal de cuisine avec le couteau \u00e0 pizza Delivita - le couteau \u00e0 pizza indispensable pour les amateurs de pizza et les connaisseurs culinaires.<\/p>\n<p>Ajoutez de la finesse \u00e0 vos soir\u00e9es pizza et faites du d\u00e9coupage un jeu d'enfant. Commandez votre coupe-pizza Delivita d\u00e8s aujourd'hui et d\u00e9couvrez la satisfaction d'une pizza parfaitement coup\u00e9e \u00e0 chaque coupe !<\/p>\n<p>Commandez le coupe-pizza Delivita directement aupr\u00e8s de Bula Outdoor votre <a href=\"https:\/\/bulaoutdoor.nl\/fr\/categorie-de-produits\/fours-a-pizza\/\">sp\u00e9cialiste des fours \u00e0 pizza.<\/a><\/p>","protected":false},"excerpt":{"rendered":"<p>Delivita Pizza Cutter<\/p>","protected":false},"featured_media":35766,"comment_status":"open","ping_status":"closed","template":"","meta":{"_acf_changed":false},"product_brand":[],"product_cat":[1334,361],"product_tag":[1333,91,1330],"class_list":{"0":"post-35765","1":"product","2":"type-product","3":"status-publish","4":"has-post-thumbnail","6":"product_cat-delivita-accessoires","7":"product_cat-pizza-bereiding-accessoires","8":"product_tag-delivita","9":"product_tag-pizza","10":"product_tag-tools","12":"first","13":"onbackorder","14":"taxable","15":"shipping-taxable","16":"purchasable","17":"product-type-simple"},"acf":[],"yoast_head":"<!-- This site is optimized with the Yoast SEO plugin v27.5 - https:\/\/yoast.com\/product\/yoast-seo-wordpress\/ -->\n<title>Delivita Pizza Cutter &#8211; Bula Outdoor<\/title>\n<meta name=\"description\" content=\"Ben je het zat om te worstelen met botte, ineffectieve pizzasnijders die je culinaire meesterwerk verpesten? Bestel nu de Delivita Pizza Cutter!\" \/>\n<meta name=\"robots\" content=\"index, follow, max-snippet:-1, max-image-preview:large, max-video-preview:-1\" \/>\n<link rel=\"canonical\" href=\"https:\/\/bulaoutdoor.nl\/fr\/produit\/coupe-pizza-delivita\/\" \/>\n<meta property=\"og:locale\" content=\"fr_FR\" \/>\n<meta property=\"og:type\" content=\"article\" \/>\n<meta property=\"og:title\" content=\"Delivita Pizza Cutter &#8211; Bula Outdoor\" \/>\n<meta property=\"og:description\" content=\"Ben je het zat om te worstelen met botte, ineffectieve pizzasnijders die je culinaire meesterwerk verpesten? Bestel nu de Delivita Pizza Cutter!\" \/>\n<meta property=\"og:url\" content=\"https:\/\/bulaoutdoor.nl\/fr\/produit\/coupe-pizza-delivita\/\" \/>\n<meta property=\"og:site_name\" content=\"Bula Outdoor\" \/>\n<meta property=\"article:modified_time\" content=\"2025-08-26T04:49:08+00:00\" \/>\n<meta property=\"og:image\" content=\"https:\/\/bulaoutdoor.nl\/wp-content\/uploads\/2023\/11\/Delivita-PizzaCutter.jpg\" \/>\n\t<meta property=\"og:image:width\" content=\"900\" \/>\n\t<meta property=\"og:image:height\" content=\"900\" \/>\n\t<meta property=\"og:image:type\" content=\"image\/jpeg\" \/>\n<meta name=\"twitter:card\" content=\"summary_large_image\" \/>\n<meta name=\"twitter:label1\" content=\"Dur\u00e9e de lecture estim\u00e9e\" \/>\n\t<meta name=\"twitter:data1\" content=\"2 minutes\" \/>\n<script type=\"application\/ld+json\" class=\"yoast-schema-graph\">{\"@context\":\"https:\\\/\\\/schema.org\",\"@graph\":[{\"@type\":\"WebPage\",\"@id\":\"https:\\\/\\\/bulaoutdoor.nl\\\/product\\\/delivita-pizza-cutter\\\/\",\"url\":\"https:\\\/\\\/bulaoutdoor.nl\\\/product\\\/delivita-pizza-cutter\\\/\",\"name\":\"Delivita Pizza Cutter &#8211; Bula Outdoor\",\"isPartOf\":{\"@id\":\"https:\\\/\\\/bulaoutdoor.nl\\\/#website\"},\"primaryImageOfPage\":{\"@id\":\"https:\\\/\\\/bulaoutdoor.nl\\\/product\\\/delivita-pizza-cutter\\\/#primaryimage\"},\"image\":{\"@id\":\"https:\\\/\\\/bulaoutdoor.nl\\\/product\\\/delivita-pizza-cutter\\\/#primaryimage\"},\"thumbnailUrl\":\"https:\\\/\\\/bulaoutdoor.nl\\\/wp-content\\\/uploads\\\/2023\\\/11\\\/Delivita-PizzaCutter.jpg\",\"datePublished\":\"2023-11-27T13:57:27+00:00\",\"dateModified\":\"2025-08-26T04:49:08+00:00\",\"description\":\"Ben je het zat om te worstelen met botte, ineffectieve pizzasnijders die je culinaire meesterwerk verpesten? Bestel nu de Delivita Pizza Cutter!\",\"breadcrumb\":{\"@id\":\"https:\\\/\\\/bulaoutdoor.nl\\\/product\\\/delivita-pizza-cutter\\\/#breadcrumb\"},\"inLanguage\":\"fr-FR\",\"potentialAction\":[{\"@type\":\"ReadAction\",\"target\":[\"https:\\\/\\\/bulaoutdoor.nl\\\/product\\\/delivita-pizza-cutter\\\/\"]}]},{\"@type\":\"ImageObject\",\"inLanguage\":\"fr-FR\",\"@id\":\"https:\\\/\\\/bulaoutdoor.nl\\\/product\\\/delivita-pizza-cutter\\\/#primaryimage\",\"url\":\"https:\\\/\\\/bulaoutdoor.nl\\\/wp-content\\\/uploads\\\/2023\\\/11\\\/Delivita-PizzaCutter.jpg\",\"contentUrl\":\"https:\\\/\\\/bulaoutdoor.nl\\\/wp-content\\\/uploads\\\/2023\\\/11\\\/Delivita-PizzaCutter.jpg\",\"width\":900,\"height\":900,\"caption\":\"Delivita Pizza Cutter\"},{\"@type\":\"BreadcrumbList\",\"@id\":\"https:\\\/\\\/bulaoutdoor.nl\\\/product\\\/delivita-pizza-cutter\\\/#breadcrumb\",\"itemListElement\":[{\"@type\":\"ListItem\",\"position\":1,\"name\":\"Home\",\"item\":\"https:\\\/\\\/bulaoutdoor.nl\\\/\"},{\"@type\":\"ListItem\",\"position\":2,\"name\":\"Online BBQ kopen\",\"item\":\"https:\\\/\\\/bulaoutdoor.nl\\\/\"},{\"@type\":\"ListItem\",\"position\":3,\"name\":\"Delivita Pizza Cutter\"}]},{\"@type\":\"WebSite\",\"@id\":\"https:\\\/\\\/bulaoutdoor.nl\\\/#website\",\"url\":\"https:\\\/\\\/bulaoutdoor.nl\\\/\",\"name\":\"Bula Outdoor\",\"description\":\"Voor uw buitenhaard, BBQ, tuinfakkel en houtoven\",\"publisher\":{\"@id\":\"https:\\\/\\\/bulaoutdoor.nl\\\/#organization\"},\"potentialAction\":[{\"@type\":\"SearchAction\",\"target\":{\"@type\":\"EntryPoint\",\"urlTemplate\":\"https:\\\/\\\/bulaoutdoor.nl\\\/?s={search_term_string}\"},\"query-input\":{\"@type\":\"PropertyValueSpecification\",\"valueRequired\":true,\"valueName\":\"search_term_string\"}}],\"inLanguage\":\"fr-FR\"},{\"@type\":\"Organization\",\"@id\":\"https:\\\/\\\/bulaoutdoor.nl\\\/#organization\",\"name\":\"Bula Outdoor\",\"url\":\"https:\\\/\\\/bulaoutdoor.nl\\\/\",\"logo\":{\"@type\":\"ImageObject\",\"inLanguage\":\"fr-FR\",\"@id\":\"https:\\\/\\\/bulaoutdoor.nl\\\/#\\\/schema\\\/logo\\\/image\\\/\",\"url\":\"https:\\\/\\\/www.bulaoutdoor.nl\\\/wp-content\\\/uploads\\\/2018\\\/04\\\/bulaoutdoor-logo.png\",\"contentUrl\":\"https:\\\/\\\/www.bulaoutdoor.nl\\\/wp-content\\\/uploads\\\/2018\\\/04\\\/bulaoutdoor-logo.png\",\"width\":324,\"height\":91,\"caption\":\"Bula Outdoor\"},\"image\":{\"@id\":\"https:\\\/\\\/bulaoutdoor.nl\\\/#\\\/schema\\\/logo\\\/image\\\/\"}}]}<\/script>\n<!-- \/ Yoast SEO plugin. -->","yoast_head_json":{"title":"Delivita Coupe-pizza - Bula Outdoor","description":"Vous en avez assez de vous battre avec des coupe-pizza \u00e9mouss\u00e9s et inefficaces qui g\u00e2chent votre chef-d'\u0153uvre culinaire ? Commandez d\u00e8s maintenant le coupe-pizza Delivita !","robots":{"index":"index","follow":"follow","max-snippet":"max-snippet:-1","max-image-preview":"max-image-preview:large","max-video-preview":"max-video-preview:-1"},"canonical":"https:\/\/bulaoutdoor.nl\/fr\/produit\/coupe-pizza-delivita\/","og_locale":"fr_FR","og_type":"article","og_title":"Delivita Pizza Cutter &#8211; Bula Outdoor","og_description":"Ben je het zat om te worstelen met botte, ineffectieve pizzasnijders die je culinaire meesterwerk verpesten? Bestel nu de Delivita Pizza Cutter!","og_url":"https:\/\/bulaoutdoor.nl\/fr\/produit\/coupe-pizza-delivita\/","og_site_name":"Bula Outdoor","article_modified_time":"2025-08-26T04:49:08+00:00","og_image":[{"width":900,"height":900,"url":"https:\/\/bulaoutdoor.nl\/wp-content\/uploads\/2023\/11\/Delivita-PizzaCutter.jpg","type":"image\/jpeg"}],"twitter_card":"summary_large_image","twitter_misc":{"Dur\u00e9e de lecture estim\u00e9e":"2 minutes"},"schema":{"@context":"https:\/\/schema.org","@graph":[{"@type":"WebPage","@id":"https:\/\/bulaoutdoor.nl\/product\/delivita-pizza-cutter\/","url":"https:\/\/bulaoutdoor.nl\/product\/delivita-pizza-cutter\/","name":"Delivita Coupe-pizza - Bula Outdoor","isPartOf":{"@id":"https:\/\/bulaoutdoor.nl\/#website"},"primaryImageOfPage":{"@id":"https:\/\/bulaoutdoor.nl\/product\/delivita-pizza-cutter\/#primaryimage"},"image":{"@id":"https:\/\/bulaoutdoor.nl\/product\/delivita-pizza-cutter\/#primaryimage"},"thumbnailUrl":"https:\/\/bulaoutdoor.nl\/wp-content\/uploads\/2023\/11\/Delivita-PizzaCutter.jpg","datePublished":"2023-11-27T13:57:27+00:00","dateModified":"2025-08-26T04:49:08+00:00","description":"Vous en avez assez de vous battre avec des coupe-pizza \u00e9mouss\u00e9s et inefficaces qui g\u00e2chent votre chef-d'\u0153uvre culinaire ? Commandez d\u00e8s maintenant le coupe-pizza Delivita !","breadcrumb":{"@id":"https:\/\/bulaoutdoor.nl\/product\/delivita-pizza-cutter\/#breadcrumb"},"inLanguage":"fr-FR","potentialAction":[{"@type":"ReadAction","target":["https:\/\/bulaoutdoor.nl\/product\/delivita-pizza-cutter\/"]}]},{"@type":"ImageObject","inLanguage":"fr-FR","@id":"https:\/\/bulaoutdoor.nl\/product\/delivita-pizza-cutter\/#primaryimage","url":"https:\/\/bulaoutdoor.nl\/wp-content\/uploads\/2023\/11\/Delivita-PizzaCutter.jpg","contentUrl":"https:\/\/bulaoutdoor.nl\/wp-content\/uploads\/2023\/11\/Delivita-PizzaCutter.jpg","width":900,"height":900,"caption":"Delivita Pizza Cutter"},{"@type":"BreadcrumbList","@id":"https:\/\/bulaoutdoor.nl\/product\/delivita-pizza-cutter\/#breadcrumb","itemListElement":[{"@type":"ListItem","position":1,"name":"Home","item":"https:\/\/bulaoutdoor.nl\/"},{"@type":"ListItem","position":2,"name":"Online BBQ kopen","item":"https:\/\/bulaoutdoor.nl\/"},{"@type":"ListItem","position":3,"name":"Delivita Pizza Cutter"}]},{"@type":"WebSite","@id":"https:\/\/bulaoutdoor.nl\/#website","url":"https:\/\/bulaoutdoor.nl\/","name":"Bula Outdoor","description":"Pour votre chemin\u00e9e ext\u00e9rieure, votre barbecue, votre torche de jardin et votre four \u00e0 bois","publisher":{"@id":"https:\/\/bulaoutdoor.nl\/#organization"},"potentialAction":[{"@type":"SearchAction","target":{"@type":"EntryPoint","urlTemplate":"https:\/\/bulaoutdoor.nl\/?s={search_term_string}"},"query-input":{"@type":"PropertyValueSpecification","valueRequired":true,"valueName":"search_term_string"}}],"inLanguage":"fr-FR"},{"@type":"Organization","@id":"https:\/\/bulaoutdoor.nl\/#organization","name":"Bula Outdoor","url":"https:\/\/bulaoutdoor.nl\/","logo":{"@type":"ImageObject","inLanguage":"fr-FR","@id":"https:\/\/bulaoutdoor.nl\/#\/schema\/logo\/image\/","url":"https:\/\/www.bulaoutdoor.nl\/wp-content\/uploads\/2018\/04\/bulaoutdoor-logo.png","contentUrl":"https:\/\/www.bulaoutdoor.nl\/wp-content\/uploads\/2018\/04\/bulaoutdoor-logo.png","width":324,"height":91,"caption":"Bula Outdoor"},"image":{"@id":"https:\/\/bulaoutdoor.nl\/#\/schema\/logo\/image\/"}}]}},"jetpack_sharing_enabled":true,"_links":{"self":[{"href":"https:\/\/bulaoutdoor.nl\/fr\/wp-json\/wp\/v2\/product\/35765","targetHints":{"allow":["GET"]}}],"collection":[{"href":"https:\/\/bulaoutdoor.nl\/fr\/wp-json\/wp\/v2\/product"}],"about":[{"href":"https:\/\/bulaoutdoor.nl\/fr\/wp-json\/wp\/v2\/types\/product"}],"replies":[{"embeddable":true,"href":"https:\/\/bulaoutdoor.nl\/fr\/wp-json\/wp\/v2\/comments?post=35765"}],"wp:featuredmedia":[{"embeddable":true,"href":"https:\/\/bulaoutdoor.nl\/fr\/wp-json\/wp\/v2\/media\/35766"}],"wp:attachment":[{"href":"https:\/\/bulaoutdoor.nl\/fr\/wp-json\/wp\/v2\/media?parent=35765"}],"wp:term":[{"taxonomy":"product_brand","embeddable":true,"href":"https:\/\/bulaoutdoor.nl\/fr\/wp-json\/wp\/v2\/product_brand?post=35765"},{"taxonomy":"product_cat","embeddable":true,"href":"https:\/\/bulaoutdoor.nl\/fr\/wp-json\/wp\/v2\/product_cat?post=35765"},{"taxonomy":"product_tag","embeddable":true,"href":"https:\/\/bulaoutdoor.nl\/fr\/wp-json\/wp\/v2\/product_tag?post=35765"}],"curies":[{"name":"wp","href":"https:\/\/api.w.org\/{rel}","templated":true}]}}