{"id":35768,"date":"2023-11-27T14:03:18","date_gmt":"2023-11-27T14:03:18","guid":{"rendered":"https:\/\/bulaoutdoor.nl\/?post_type=product&#038;p=35768"},"modified":"2023-12-11T13:04:38","modified_gmt":"2023-12-11T13:04:38","slug":"delivita-prod-and-blow","status":"publish","type":"product","link":"https:\/\/bulaoutdoor.nl\/fr\/product\/delivita-prod-en-blow\/","title":{"rendered":"Delivita Prod et Blow"},"content":{"rendered":"<h4>Delivita Prod et Blow<\/h4>\n<p>Optimisez votre gestion du feu avec le Delivita Prod and Blow, l'outil id\u00e9al pour votre four \u00e0 pizza. Cet accessoire pratique vous permet de :<\/p>\n<ul>\n<li>D\u00e9placement pr\u00e9cis du bois dans le four.<\/li>\n<li>Redonnez vie au feu lorsqu'il est \u00e9teint.<\/li>\n<li>D\u00e9couvrez le contr\u00f4le ultime de votre feu et am\u00e9liorez votre exp\u00e9rience de la cuisine en plein air. Transformez chaque s\u00e9ance de cuisine en chef-d'\u0153uvre gr\u00e2ce \u00e0 cet accessoire indispensable.<\/li>\n<\/ul>\n<p>Commandez d\u00e8s aujourd'hui le Delivita Prod et Blow directement aupr\u00e8s de Bula Outdoor, votre fournisseur sp\u00e9cialis\u00e9 dans les fours \u00e0 pizza. D\u00e9couvrez le contr\u00f4le ultime de votre feu et am\u00e9liorez votre exp\u00e9rience de la cuisine en plein air. Commandez cet outil d\u00e8s maintenant pour b\u00e9n\u00e9ficier de l'expertise de Bula Outdoor, votre partenaire de confiance pour des produits de haute qualit\u00e9 pour les fours \u00e0 pizza.<\/p>\n<p>Commandez le Prod et le Blow directement aupr\u00e8s de Bula Outdoor u <a href=\"https:\/\/bulaoutdoor.nl\/fr\/categorie-de-produits\/fours-a-pizza\/\">Sp\u00e9cialiste des fours \u00e0 pizza.<\/a><\/p>","protected":false},"excerpt":{"rendered":"<p>Delivita Prod and Blow, l'outil id\u00e9al de contr\u00f4le des incendies.<\/p>","protected":false},"featured_media":35769,"comment_status":"open","ping_status":"closed","template":"","meta":{"_acf_changed":false},"product_brand":[],"product_cat":[1334,361],"product_tag":[1333,91,1330],"class_list":{"0":"post-35768","1":"product","2":"type-product","3":"status-publish","4":"has-post-thumbnail","6":"product_cat-delivita-accessoires","7":"product_cat-pizza-bereiding-accessoires","8":"product_tag-delivita","9":"product_tag-pizza","10":"product_tag-tools","12":"first","13":"instock","14":"taxable","15":"shipping-taxable","16":"purchasable","17":"product-type-simple"},"acf":[],"yoast_head":"<!-- This site is optimized with the Yoast SEO plugin v27.3 - https:\/\/yoast.com\/product\/yoast-seo-wordpress\/ -->\n<title>Delivita Prod en Blow &#8211; Bula Outdoor<\/title>\n<meta name=\"description\" content=\"De Delivita Prod en Blow biedt een ideale partner voor de controle van het vuur. Wakker het aan of verplaats het met precisie. Bestel nu direct!\" \/>\n<meta name=\"robots\" content=\"index, follow, max-snippet:-1, max-image-preview:large, max-video-preview:-1\" \/>\n<link rel=\"canonical\" href=\"https:\/\/bulaoutdoor.nl\/fr\/produit\/delivita-prod-and-blow\/\" \/>\n<meta property=\"og:locale\" content=\"fr_FR\" \/>\n<meta property=\"og:type\" content=\"article\" \/>\n<meta property=\"og:title\" content=\"Delivita Prod en Blow &#8211; Bula Outdoor\" \/>\n<meta property=\"og:description\" content=\"De Delivita Prod en Blow biedt een ideale partner voor de controle van het vuur. Wakker het aan of verplaats het met precisie. Bestel nu direct!\" \/>\n<meta property=\"og:url\" content=\"https:\/\/bulaoutdoor.nl\/fr\/produit\/delivita-prod-and-blow\/\" \/>\n<meta property=\"og:site_name\" content=\"Bula Outdoor\" \/>\n<meta property=\"article:modified_time\" content=\"2023-12-11T13:04:38+00:00\" \/>\n<meta property=\"og:image\" content=\"https:\/\/bulaoutdoor.nl\/wp-content\/uploads\/2023\/11\/Delivita-Prod-Blow.jpg\" \/>\n\t<meta property=\"og:image:width\" content=\"900\" \/>\n\t<meta property=\"og:image:height\" content=\"900\" \/>\n\t<meta property=\"og:image:type\" content=\"image\/jpeg\" \/>\n<meta name=\"twitter:card\" content=\"summary_large_image\" \/>\n<meta name=\"twitter:label1\" content=\"Dur\u00e9e de lecture estim\u00e9e\" \/>\n\t<meta name=\"twitter:data1\" content=\"1 minute\" \/>\n<script type=\"application\/ld+json\" class=\"yoast-schema-graph\">{\"@context\":\"https:\\\/\\\/schema.org\",\"@graph\":[{\"@type\":\"WebPage\",\"@id\":\"https:\\\/\\\/bulaoutdoor.nl\\\/product\\\/delivita-prod-en-blow\\\/\",\"url\":\"https:\\\/\\\/bulaoutdoor.nl\\\/product\\\/delivita-prod-en-blow\\\/\",\"name\":\"Delivita Prod en Blow &#8211; Bula Outdoor\",\"isPartOf\":{\"@id\":\"https:\\\/\\\/bulaoutdoor.nl\\\/#website\"},\"primaryImageOfPage\":{\"@id\":\"https:\\\/\\\/bulaoutdoor.nl\\\/product\\\/delivita-prod-en-blow\\\/#primaryimage\"},\"image\":{\"@id\":\"https:\\\/\\\/bulaoutdoor.nl\\\/product\\\/delivita-prod-en-blow\\\/#primaryimage\"},\"thumbnailUrl\":\"https:\\\/\\\/bulaoutdoor.nl\\\/wp-content\\\/uploads\\\/2023\\\/11\\\/Delivita-Prod-Blow.jpg\",\"datePublished\":\"2023-11-27T14:03:18+00:00\",\"dateModified\":\"2023-12-11T13:04:38+00:00\",\"description\":\"De Delivita Prod en Blow biedt een ideale partner voor de controle van het vuur. Wakker het aan of verplaats het met precisie. Bestel nu direct!\",\"breadcrumb\":{\"@id\":\"https:\\\/\\\/bulaoutdoor.nl\\\/product\\\/delivita-prod-en-blow\\\/#breadcrumb\"},\"inLanguage\":\"fr-FR\",\"potentialAction\":[{\"@type\":\"ReadAction\",\"target\":[\"https:\\\/\\\/bulaoutdoor.nl\\\/product\\\/delivita-prod-en-blow\\\/\"]}]},{\"@type\":\"ImageObject\",\"inLanguage\":\"fr-FR\",\"@id\":\"https:\\\/\\\/bulaoutdoor.nl\\\/product\\\/delivita-prod-en-blow\\\/#primaryimage\",\"url\":\"https:\\\/\\\/bulaoutdoor.nl\\\/wp-content\\\/uploads\\\/2023\\\/11\\\/Delivita-Prod-Blow.jpg\",\"contentUrl\":\"https:\\\/\\\/bulaoutdoor.nl\\\/wp-content\\\/uploads\\\/2023\\\/11\\\/Delivita-Prod-Blow.jpg\",\"width\":900,\"height\":900,\"caption\":\"Delivita Prod en Blow\"},{\"@type\":\"BreadcrumbList\",\"@id\":\"https:\\\/\\\/bulaoutdoor.nl\\\/product\\\/delivita-prod-en-blow\\\/#breadcrumb\",\"itemListElement\":[{\"@type\":\"ListItem\",\"position\":1,\"name\":\"Home\",\"item\":\"https:\\\/\\\/bulaoutdoor.nl\\\/\"},{\"@type\":\"ListItem\",\"position\":2,\"name\":\"Online BBQ kopen\",\"item\":\"https:\\\/\\\/bulaoutdoor.nl\\\/\"},{\"@type\":\"ListItem\",\"position\":3,\"name\":\"Delivita Prod en Blow\"}]},{\"@type\":\"WebSite\",\"@id\":\"https:\\\/\\\/bulaoutdoor.nl\\\/#website\",\"url\":\"https:\\\/\\\/bulaoutdoor.nl\\\/\",\"name\":\"Bula Outdoor\",\"description\":\"Voor uw buitenhaard, BBQ, tuinfakkel en houtoven\",\"publisher\":{\"@id\":\"https:\\\/\\\/bulaoutdoor.nl\\\/#organization\"},\"potentialAction\":[{\"@type\":\"SearchAction\",\"target\":{\"@type\":\"EntryPoint\",\"urlTemplate\":\"https:\\\/\\\/bulaoutdoor.nl\\\/?s={search_term_string}\"},\"query-input\":{\"@type\":\"PropertyValueSpecification\",\"valueRequired\":true,\"valueName\":\"search_term_string\"}}],\"inLanguage\":\"fr-FR\"},{\"@type\":\"Organization\",\"@id\":\"https:\\\/\\\/bulaoutdoor.nl\\\/#organization\",\"name\":\"Bula Outdoor\",\"url\":\"https:\\\/\\\/bulaoutdoor.nl\\\/\",\"logo\":{\"@type\":\"ImageObject\",\"inLanguage\":\"fr-FR\",\"@id\":\"https:\\\/\\\/bulaoutdoor.nl\\\/#\\\/schema\\\/logo\\\/image\\\/\",\"url\":\"https:\\\/\\\/www.bulaoutdoor.nl\\\/wp-content\\\/uploads\\\/2018\\\/04\\\/bulaoutdoor-logo.png\",\"contentUrl\":\"https:\\\/\\\/www.bulaoutdoor.nl\\\/wp-content\\\/uploads\\\/2018\\\/04\\\/bulaoutdoor-logo.png\",\"width\":324,\"height\":91,\"caption\":\"Bula Outdoor\"},\"image\":{\"@id\":\"https:\\\/\\\/bulaoutdoor.nl\\\/#\\\/schema\\\/logo\\\/image\\\/\"}}]}<\/script>\n<!-- \/ Yoast SEO plugin. -->","yoast_head_json":{"title":"Delivita Prod et Blow - Bula Outdoor","description":"Le Delivita Prod and Blow est le partenaire id\u00e9al pour le contr\u00f4le du feu. R\u00e9veillez-le ou d\u00e9placez-le avec pr\u00e9cision. Commandez d\u00e8s maintenant !","robots":{"index":"index","follow":"follow","max-snippet":"max-snippet:-1","max-image-preview":"max-image-preview:large","max-video-preview":"max-video-preview:-1"},"canonical":"https:\/\/bulaoutdoor.nl\/fr\/produit\/delivita-prod-and-blow\/","og_locale":"fr_FR","og_type":"article","og_title":"Delivita Prod en Blow &#8211; Bula Outdoor","og_description":"De Delivita Prod en Blow biedt een ideale partner voor de controle van het vuur. Wakker het aan of verplaats het met precisie. Bestel nu direct!","og_url":"https:\/\/bulaoutdoor.nl\/fr\/produit\/delivita-prod-and-blow\/","og_site_name":"Bula Outdoor","article_modified_time":"2023-12-11T13:04:38+00:00","og_image":[{"width":900,"height":900,"url":"https:\/\/bulaoutdoor.nl\/wp-content\/uploads\/2023\/11\/Delivita-Prod-Blow.jpg","type":"image\/jpeg"}],"twitter_card":"summary_large_image","twitter_misc":{"Dur\u00e9e de lecture estim\u00e9e":"1 minute"},"schema":{"@context":"https:\/\/schema.org","@graph":[{"@type":"WebPage","@id":"https:\/\/bulaoutdoor.nl\/product\/delivita-prod-en-blow\/","url":"https:\/\/bulaoutdoor.nl\/product\/delivita-prod-en-blow\/","name":"Delivita Prod et Blow - Bula Outdoor","isPartOf":{"@id":"https:\/\/bulaoutdoor.nl\/#website"},"primaryImageOfPage":{"@id":"https:\/\/bulaoutdoor.nl\/product\/delivita-prod-en-blow\/#primaryimage"},"image":{"@id":"https:\/\/bulaoutdoor.nl\/product\/delivita-prod-en-blow\/#primaryimage"},"thumbnailUrl":"https:\/\/bulaoutdoor.nl\/wp-content\/uploads\/2023\/11\/Delivita-Prod-Blow.jpg","datePublished":"2023-11-27T14:03:18+00:00","dateModified":"2023-12-11T13:04:38+00:00","description":"Le Delivita Prod and Blow est le partenaire id\u00e9al pour le contr\u00f4le du feu. R\u00e9veillez-le ou d\u00e9placez-le avec pr\u00e9cision. Commandez d\u00e8s maintenant !","breadcrumb":{"@id":"https:\/\/bulaoutdoor.nl\/product\/delivita-prod-en-blow\/#breadcrumb"},"inLanguage":"fr-FR","potentialAction":[{"@type":"ReadAction","target":["https:\/\/bulaoutdoor.nl\/product\/delivita-prod-en-blow\/"]}]},{"@type":"ImageObject","inLanguage":"fr-FR","@id":"https:\/\/bulaoutdoor.nl\/product\/delivita-prod-en-blow\/#primaryimage","url":"https:\/\/bulaoutdoor.nl\/wp-content\/uploads\/2023\/11\/Delivita-Prod-Blow.jpg","contentUrl":"https:\/\/bulaoutdoor.nl\/wp-content\/uploads\/2023\/11\/Delivita-Prod-Blow.jpg","width":900,"height":900,"caption":"Delivita Prod en Blow"},{"@type":"BreadcrumbList","@id":"https:\/\/bulaoutdoor.nl\/product\/delivita-prod-en-blow\/#breadcrumb","itemListElement":[{"@type":"ListItem","position":1,"name":"Home","item":"https:\/\/bulaoutdoor.nl\/"},{"@type":"ListItem","position":2,"name":"Online BBQ kopen","item":"https:\/\/bulaoutdoor.nl\/"},{"@type":"ListItem","position":3,"name":"Delivita Prod en Blow"}]},{"@type":"WebSite","@id":"https:\/\/bulaoutdoor.nl\/#website","url":"https:\/\/bulaoutdoor.nl\/","name":"Bula Outdoor","description":"Pour votre chemin\u00e9e ext\u00e9rieure, votre barbecue, votre torche de jardin et votre four \u00e0 bois","publisher":{"@id":"https:\/\/bulaoutdoor.nl\/#organization"},"potentialAction":[{"@type":"SearchAction","target":{"@type":"EntryPoint","urlTemplate":"https:\/\/bulaoutdoor.nl\/?s={search_term_string}"},"query-input":{"@type":"PropertyValueSpecification","valueRequired":true,"valueName":"search_term_string"}}],"inLanguage":"fr-FR"},{"@type":"Organization","@id":"https:\/\/bulaoutdoor.nl\/#organization","name":"Bula Outdoor","url":"https:\/\/bulaoutdoor.nl\/","logo":{"@type":"ImageObject","inLanguage":"fr-FR","@id":"https:\/\/bulaoutdoor.nl\/#\/schema\/logo\/image\/","url":"https:\/\/www.bulaoutdoor.nl\/wp-content\/uploads\/2018\/04\/bulaoutdoor-logo.png","contentUrl":"https:\/\/www.bulaoutdoor.nl\/wp-content\/uploads\/2018\/04\/bulaoutdoor-logo.png","width":324,"height":91,"caption":"Bula Outdoor"},"image":{"@id":"https:\/\/bulaoutdoor.nl\/#\/schema\/logo\/image\/"}}]}},"jetpack_sharing_enabled":true,"_links":{"self":[{"href":"https:\/\/bulaoutdoor.nl\/fr\/wp-json\/wp\/v2\/product\/35768","targetHints":{"allow":["GET"]}}],"collection":[{"href":"https:\/\/bulaoutdoor.nl\/fr\/wp-json\/wp\/v2\/product"}],"about":[{"href":"https:\/\/bulaoutdoor.nl\/fr\/wp-json\/wp\/v2\/types\/product"}],"replies":[{"embeddable":true,"href":"https:\/\/bulaoutdoor.nl\/fr\/wp-json\/wp\/v2\/comments?post=35768"}],"wp:featuredmedia":[{"embeddable":true,"href":"https:\/\/bulaoutdoor.nl\/fr\/wp-json\/wp\/v2\/media\/35769"}],"wp:attachment":[{"href":"https:\/\/bulaoutdoor.nl\/fr\/wp-json\/wp\/v2\/media?parent=35768"}],"wp:term":[{"taxonomy":"product_brand","embeddable":true,"href":"https:\/\/bulaoutdoor.nl\/fr\/wp-json\/wp\/v2\/product_brand?post=35768"},{"taxonomy":"product_cat","embeddable":true,"href":"https:\/\/bulaoutdoor.nl\/fr\/wp-json\/wp\/v2\/product_cat?post=35768"},{"taxonomy":"product_tag","embeddable":true,"href":"https:\/\/bulaoutdoor.nl\/fr\/wp-json\/wp\/v2\/product_tag?post=35768"}],"curies":[{"name":"wp","href":"https:\/\/api.w.org\/{rel}","templated":true}]}}