{"id":35772,"date":"2023-11-27T14:42:44","date_gmt":"2023-11-27T14:42:44","guid":{"rendered":"https:\/\/bulaoutdoor.nl\/?post_type=product&#038;p=35772"},"modified":"2023-12-11T13:06:14","modified_gmt":"2023-12-11T13:06:14","slug":"brosse-a-four-delivita","status":"publish","type":"product","link":"https:\/\/bulaoutdoor.nl\/fr\/product\/delivita-oven-brush\/","title":{"rendered":"Delivita Brosse \u00e0 four"},"content":{"rendered":"<h4>Delivita Brosse \u00e0 four<\/h4>\n<p>Am\u00e9liorez votre exp\u00e9rience avec le four \u00e0 bois Delivita gr\u00e2ce \u00e0 cette brosse sp\u00e9cialement con\u00e7ue pour le four Delivita ! Con\u00e7ue pour nettoyer et entretenir votre four sans effort, cette brosse est un accessoire essentiel pour tout amateur de cuisine. Ses poils r\u00e9sistants et sa poign\u00e9e ergonomique en font l'outil id\u00e9al pour \u00e9liminer les cendres, les salet\u00e9s et les r\u00e9sidus, afin de maintenir votre four en parfait \u00e9tat.<\/p>\n<ul>\n<li>Brosse robuste et efficace pour l'entretien des fours \u00e0 bois Delivita<\/li>\n<li>Poils durables con\u00e7us pour \u00e9liminer sans effort les cendres et les d\u00e9bris<\/li>\n<li>Poign\u00e9e ergonomique pour une utilisation confortable et facile<\/li>\n<li>Des mat\u00e9riaux de haute qualit\u00e9 garantissent des performances \u00e0 long terme<\/li>\n<\/ul>\n<p>Fabriqu\u00e9e \u00e0 partir de mat\u00e9riaux de haute qualit\u00e9, cette brosse \u00e0 four est durable et efficace, ce qui facilite le nettoyage de routine. Que vous soyez un chef cuisinier chevronn\u00e9 ou un amateur de pizza du week-end, cet outil simplifie l'entretien de votre four Delivita pour que vous puissiez vous concentrer sur la cr\u00e9ation de chefs-d'\u0153uvre culinaires. Investissez d\u00e8s aujourd'hui dans la brosse \u00e0 four Delivita et pr\u00e9servez l'\u00e9tat impeccable de votre four pour de d\u00e9licieuses exp\u00e9riences culinaires !<\/p>\n<p>Commandez la brosse \u00e0 four Delivita directement aupr\u00e8s de Bula Outdoor u <a href=\"https:\/\/bulaoutdoor.nl\/fr\/categorie-de-produits\/fours-a-pizza\/four-a-bois-delivita\/\">Sp\u00e9cialiste des fours \u00e0 pizza<\/a>.<\/p>","protected":false},"excerpt":{"rendered":"<p>Delivita Brosse \u00e0 four<\/p>","protected":false},"featured_media":35773,"comment_status":"open","ping_status":"closed","template":"","meta":{"_acf_changed":false},"product_brand":[],"product_cat":[1334,361],"product_tag":[1333,92,1330],"class_list":{"0":"post-35772","1":"product","2":"type-product","3":"status-publish","4":"has-post-thumbnail","6":"product_cat-delivita-accessoires","7":"product_cat-pizza-bereiding-accessoires","8":"product_tag-delivita","9":"product_tag-houtoven","10":"product_tag-tools","12":"first","13":"instock","14":"taxable","15":"shipping-taxable","16":"purchasable","17":"product-type-simple"},"acf":[],"yoast_head":"<!-- This site is optimized with the Yoast SEO plugin v27.3 - https:\/\/yoast.com\/product\/yoast-seo-wordpress\/ -->\n<title>Delivita Oven Brush &#8211; Bula Outdoor<\/title>\n<meta name=\"description\" content=\"Maak jouw oven na gebruik weer perfect schoon! De Delivita Oven Brush is de perfecte tool voor de schoonmaak van jouw houtoven na een flinke kooksessie!\" \/>\n<meta name=\"robots\" content=\"index, follow, max-snippet:-1, max-image-preview:large, max-video-preview:-1\" \/>\n<link rel=\"canonical\" href=\"https:\/\/bulaoutdoor.nl\/fr\/produit\/brosse-a-four-delivita\/\" \/>\n<meta property=\"og:locale\" content=\"fr_FR\" \/>\n<meta property=\"og:type\" content=\"article\" \/>\n<meta property=\"og:title\" content=\"Delivita Oven Brush &#8211; Bula Outdoor\" \/>\n<meta property=\"og:description\" content=\"Maak jouw oven na gebruik weer perfect schoon! De Delivita Oven Brush is de perfecte tool voor de schoonmaak van jouw houtoven na een flinke kooksessie!\" \/>\n<meta property=\"og:url\" content=\"https:\/\/bulaoutdoor.nl\/fr\/produit\/brosse-a-four-delivita\/\" \/>\n<meta property=\"og:site_name\" content=\"Bula Outdoor\" \/>\n<meta property=\"article:modified_time\" content=\"2023-12-11T13:06:14+00:00\" \/>\n<meta property=\"og:image\" content=\"https:\/\/bulaoutdoor.nl\/wp-content\/uploads\/2023\/11\/Delivita-Oven-Brush.webp\" \/>\n\t<meta property=\"og:image:width\" content=\"1000\" \/>\n\t<meta property=\"og:image:height\" content=\"1000\" \/>\n\t<meta property=\"og:image:type\" content=\"image\/webp\" \/>\n<meta name=\"twitter:card\" content=\"summary_large_image\" \/>\n<meta name=\"twitter:label1\" content=\"Dur\u00e9e de lecture estim\u00e9e\" \/>\n\t<meta name=\"twitter:data1\" content=\"1 minute\" \/>\n<script type=\"application\/ld+json\" class=\"yoast-schema-graph\">{\"@context\":\"https:\\\/\\\/schema.org\",\"@graph\":[{\"@type\":\"WebPage\",\"@id\":\"https:\\\/\\\/bulaoutdoor.nl\\\/product\\\/delivita-oven-brush\\\/\",\"url\":\"https:\\\/\\\/bulaoutdoor.nl\\\/product\\\/delivita-oven-brush\\\/\",\"name\":\"Delivita Oven Brush &#8211; Bula Outdoor\",\"isPartOf\":{\"@id\":\"https:\\\/\\\/bulaoutdoor.nl\\\/#website\"},\"primaryImageOfPage\":{\"@id\":\"https:\\\/\\\/bulaoutdoor.nl\\\/product\\\/delivita-oven-brush\\\/#primaryimage\"},\"image\":{\"@id\":\"https:\\\/\\\/bulaoutdoor.nl\\\/product\\\/delivita-oven-brush\\\/#primaryimage\"},\"thumbnailUrl\":\"https:\\\/\\\/bulaoutdoor.nl\\\/wp-content\\\/uploads\\\/2023\\\/11\\\/Delivita-Oven-Brush.webp\",\"datePublished\":\"2023-11-27T14:42:44+00:00\",\"dateModified\":\"2023-12-11T13:06:14+00:00\",\"description\":\"Maak jouw oven na gebruik weer perfect schoon! De Delivita Oven Brush is de perfecte tool voor de schoonmaak van jouw houtoven na een flinke kooksessie!\",\"breadcrumb\":{\"@id\":\"https:\\\/\\\/bulaoutdoor.nl\\\/product\\\/delivita-oven-brush\\\/#breadcrumb\"},\"inLanguage\":\"fr-FR\",\"potentialAction\":[{\"@type\":\"ReadAction\",\"target\":[\"https:\\\/\\\/bulaoutdoor.nl\\\/product\\\/delivita-oven-brush\\\/\"]}]},{\"@type\":\"ImageObject\",\"inLanguage\":\"fr-FR\",\"@id\":\"https:\\\/\\\/bulaoutdoor.nl\\\/product\\\/delivita-oven-brush\\\/#primaryimage\",\"url\":\"https:\\\/\\\/bulaoutdoor.nl\\\/wp-content\\\/uploads\\\/2023\\\/11\\\/Delivita-Oven-Brush.webp\",\"contentUrl\":\"https:\\\/\\\/bulaoutdoor.nl\\\/wp-content\\\/uploads\\\/2023\\\/11\\\/Delivita-Oven-Brush.webp\",\"width\":1000,\"height\":1000,\"caption\":\"Delivita Oven Brush\"},{\"@type\":\"BreadcrumbList\",\"@id\":\"https:\\\/\\\/bulaoutdoor.nl\\\/product\\\/delivita-oven-brush\\\/#breadcrumb\",\"itemListElement\":[{\"@type\":\"ListItem\",\"position\":1,\"name\":\"Home\",\"item\":\"https:\\\/\\\/bulaoutdoor.nl\\\/\"},{\"@type\":\"ListItem\",\"position\":2,\"name\":\"Online BBQ kopen\",\"item\":\"https:\\\/\\\/bulaoutdoor.nl\\\/\"},{\"@type\":\"ListItem\",\"position\":3,\"name\":\"Delivita Oven Brush\"}]},{\"@type\":\"WebSite\",\"@id\":\"https:\\\/\\\/bulaoutdoor.nl\\\/#website\",\"url\":\"https:\\\/\\\/bulaoutdoor.nl\\\/\",\"name\":\"Bula Outdoor\",\"description\":\"Voor uw buitenhaard, BBQ, tuinfakkel en houtoven\",\"publisher\":{\"@id\":\"https:\\\/\\\/bulaoutdoor.nl\\\/#organization\"},\"potentialAction\":[{\"@type\":\"SearchAction\",\"target\":{\"@type\":\"EntryPoint\",\"urlTemplate\":\"https:\\\/\\\/bulaoutdoor.nl\\\/?s={search_term_string}\"},\"query-input\":{\"@type\":\"PropertyValueSpecification\",\"valueRequired\":true,\"valueName\":\"search_term_string\"}}],\"inLanguage\":\"fr-FR\"},{\"@type\":\"Organization\",\"@id\":\"https:\\\/\\\/bulaoutdoor.nl\\\/#organization\",\"name\":\"Bula Outdoor\",\"url\":\"https:\\\/\\\/bulaoutdoor.nl\\\/\",\"logo\":{\"@type\":\"ImageObject\",\"inLanguage\":\"fr-FR\",\"@id\":\"https:\\\/\\\/bulaoutdoor.nl\\\/#\\\/schema\\\/logo\\\/image\\\/\",\"url\":\"https:\\\/\\\/www.bulaoutdoor.nl\\\/wp-content\\\/uploads\\\/2018\\\/04\\\/bulaoutdoor-logo.png\",\"contentUrl\":\"https:\\\/\\\/www.bulaoutdoor.nl\\\/wp-content\\\/uploads\\\/2018\\\/04\\\/bulaoutdoor-logo.png\",\"width\":324,\"height\":91,\"caption\":\"Bula Outdoor\"},\"image\":{\"@id\":\"https:\\\/\\\/bulaoutdoor.nl\\\/#\\\/schema\\\/logo\\\/image\\\/\"}}]}<\/script>\n<!-- \/ Yoast SEO plugin. -->","yoast_head_json":{"title":"Delivita Brosse \u00e0 four - Bula Outdoor","description":"Votre four est \u00e0 nouveau parfaitement propre apr\u00e8s utilisation ! La brosse \u00e0 four Delivita est l'outil id\u00e9al pour nettoyer votre four \u00e0 bois apr\u00e8s une grosse s\u00e9ance de cuisson !","robots":{"index":"index","follow":"follow","max-snippet":"max-snippet:-1","max-image-preview":"max-image-preview:large","max-video-preview":"max-video-preview:-1"},"canonical":"https:\/\/bulaoutdoor.nl\/fr\/produit\/brosse-a-four-delivita\/","og_locale":"fr_FR","og_type":"article","og_title":"Delivita Oven Brush &#8211; Bula Outdoor","og_description":"Maak jouw oven na gebruik weer perfect schoon! De Delivita Oven Brush is de perfecte tool voor de schoonmaak van jouw houtoven na een flinke kooksessie!","og_url":"https:\/\/bulaoutdoor.nl\/fr\/produit\/brosse-a-four-delivita\/","og_site_name":"Bula Outdoor","article_modified_time":"2023-12-11T13:06:14+00:00","og_image":[{"width":1000,"height":1000,"url":"https:\/\/bulaoutdoor.nl\/wp-content\/uploads\/2023\/11\/Delivita-Oven-Brush.webp","type":"image\/webp"}],"twitter_card":"summary_large_image","twitter_misc":{"Dur\u00e9e de lecture estim\u00e9e":"1 minute"},"schema":{"@context":"https:\/\/schema.org","@graph":[{"@type":"WebPage","@id":"https:\/\/bulaoutdoor.nl\/product\/delivita-oven-brush\/","url":"https:\/\/bulaoutdoor.nl\/product\/delivita-oven-brush\/","name":"Delivita Brosse \u00e0 four - Bula Outdoor","isPartOf":{"@id":"https:\/\/bulaoutdoor.nl\/#website"},"primaryImageOfPage":{"@id":"https:\/\/bulaoutdoor.nl\/product\/delivita-oven-brush\/#primaryimage"},"image":{"@id":"https:\/\/bulaoutdoor.nl\/product\/delivita-oven-brush\/#primaryimage"},"thumbnailUrl":"https:\/\/bulaoutdoor.nl\/wp-content\/uploads\/2023\/11\/Delivita-Oven-Brush.webp","datePublished":"2023-11-27T14:42:44+00:00","dateModified":"2023-12-11T13:06:14+00:00","description":"Votre four est \u00e0 nouveau parfaitement propre apr\u00e8s utilisation ! La brosse \u00e0 four Delivita est l'outil id\u00e9al pour nettoyer votre four \u00e0 bois apr\u00e8s une grosse s\u00e9ance de cuisson !","breadcrumb":{"@id":"https:\/\/bulaoutdoor.nl\/product\/delivita-oven-brush\/#breadcrumb"},"inLanguage":"fr-FR","potentialAction":[{"@type":"ReadAction","target":["https:\/\/bulaoutdoor.nl\/product\/delivita-oven-brush\/"]}]},{"@type":"ImageObject","inLanguage":"fr-FR","@id":"https:\/\/bulaoutdoor.nl\/product\/delivita-oven-brush\/#primaryimage","url":"https:\/\/bulaoutdoor.nl\/wp-content\/uploads\/2023\/11\/Delivita-Oven-Brush.webp","contentUrl":"https:\/\/bulaoutdoor.nl\/wp-content\/uploads\/2023\/11\/Delivita-Oven-Brush.webp","width":1000,"height":1000,"caption":"Delivita Oven Brush"},{"@type":"BreadcrumbList","@id":"https:\/\/bulaoutdoor.nl\/product\/delivita-oven-brush\/#breadcrumb","itemListElement":[{"@type":"ListItem","position":1,"name":"Home","item":"https:\/\/bulaoutdoor.nl\/"},{"@type":"ListItem","position":2,"name":"Online BBQ kopen","item":"https:\/\/bulaoutdoor.nl\/"},{"@type":"ListItem","position":3,"name":"Delivita Oven Brush"}]},{"@type":"WebSite","@id":"https:\/\/bulaoutdoor.nl\/#website","url":"https:\/\/bulaoutdoor.nl\/","name":"Bula Outdoor","description":"Pour votre chemin\u00e9e ext\u00e9rieure, votre barbecue, votre torche de jardin et votre four \u00e0 bois","publisher":{"@id":"https:\/\/bulaoutdoor.nl\/#organization"},"potentialAction":[{"@type":"SearchAction","target":{"@type":"EntryPoint","urlTemplate":"https:\/\/bulaoutdoor.nl\/?s={search_term_string}"},"query-input":{"@type":"PropertyValueSpecification","valueRequired":true,"valueName":"search_term_string"}}],"inLanguage":"fr-FR"},{"@type":"Organization","@id":"https:\/\/bulaoutdoor.nl\/#organization","name":"Bula Outdoor","url":"https:\/\/bulaoutdoor.nl\/","logo":{"@type":"ImageObject","inLanguage":"fr-FR","@id":"https:\/\/bulaoutdoor.nl\/#\/schema\/logo\/image\/","url":"https:\/\/www.bulaoutdoor.nl\/wp-content\/uploads\/2018\/04\/bulaoutdoor-logo.png","contentUrl":"https:\/\/www.bulaoutdoor.nl\/wp-content\/uploads\/2018\/04\/bulaoutdoor-logo.png","width":324,"height":91,"caption":"Bula Outdoor"},"image":{"@id":"https:\/\/bulaoutdoor.nl\/#\/schema\/logo\/image\/"}}]}},"jetpack_sharing_enabled":true,"_links":{"self":[{"href":"https:\/\/bulaoutdoor.nl\/fr\/wp-json\/wp\/v2\/product\/35772","targetHints":{"allow":["GET"]}}],"collection":[{"href":"https:\/\/bulaoutdoor.nl\/fr\/wp-json\/wp\/v2\/product"}],"about":[{"href":"https:\/\/bulaoutdoor.nl\/fr\/wp-json\/wp\/v2\/types\/product"}],"replies":[{"embeddable":true,"href":"https:\/\/bulaoutdoor.nl\/fr\/wp-json\/wp\/v2\/comments?post=35772"}],"wp:featuredmedia":[{"embeddable":true,"href":"https:\/\/bulaoutdoor.nl\/fr\/wp-json\/wp\/v2\/media\/35773"}],"wp:attachment":[{"href":"https:\/\/bulaoutdoor.nl\/fr\/wp-json\/wp\/v2\/media?parent=35772"}],"wp:term":[{"taxonomy":"product_brand","embeddable":true,"href":"https:\/\/bulaoutdoor.nl\/fr\/wp-json\/wp\/v2\/product_brand?post=35772"},{"taxonomy":"product_cat","embeddable":true,"href":"https:\/\/bulaoutdoor.nl\/fr\/wp-json\/wp\/v2\/product_cat?post=35772"},{"taxonomy":"product_tag","embeddable":true,"href":"https:\/\/bulaoutdoor.nl\/fr\/wp-json\/wp\/v2\/product_tag?post=35772"}],"curies":[{"name":"wp","href":"https:\/\/api.w.org\/{rel}","templated":true}]}}