{"id":35986,"date":"2023-12-04T09:59:04","date_gmt":"2023-12-04T09:59:04","guid":{"rendered":"https:\/\/bulaoutdoor.nl\/?post_type=product&#038;p=35986"},"modified":"2023-12-11T13:09:39","modified_gmt":"2023-12-11T13:09:39","slug":"pelure-a-pizza-delivita","status":"publish","type":"product","link":"https:\/\/bulaoutdoor.nl\/fr\/product\/delivita-pizza-peel\/","title":{"rendered":"Peau \u00e0 pizza Delivita"},"content":{"rendered":"<h4>Peau \u00e0 pizza Delivita<\/h4>\n<p>D\u00e9couvrez la Peau \u00e0 Pizza Delivita : le compagnon id\u00e9al \u00e0 utiliser dans votre four \u00e0 bois DeliVita et dans d'autres fours. Parfaite pour cr\u00e9er des pizzas. Cette pelle \u00e0 pizza de pr\u00e9cision est fabriqu\u00e9e en acier inoxydable et son manche est en bois d'olivier r\u00e9colt\u00e9 de mani\u00e8re responsable, ce qui en fait un outil indispensable pour une exp\u00e9rience in\u00e9gal\u00e9e de la pizza.<\/p>\n<ul>\n<li>Sp\u00e9cialement con\u00e7ue pour le four \u00e0 bois DeliVita, cette pelle a une forme parfaite pour se glisser sans effort sous les pizzas, de la pr\u00e9paration au moment de la perfection dans le four.<\/li>\n<li>Le manche en bois d'olivier offre non seulement une prise en main confortable, mais aussi un aspect \u00e9l\u00e9gant.<\/li>\n<li>Bien que con\u00e7ue \u00e0 l'origine pour le four DeliVita, cette pelle fonctionne parfaitement dans n'importe quel four \u00e0 pizza, ce qui vous garantit des r\u00e9sultats toujours d\u00e9licieux !<\/li>\n<\/ul>\n<p>Cette pelle artisanale repr\u00e9sente la qualit\u00e9, la fonctionnalit\u00e9 et le savoir-faire dans la cuisine. Que vous soyez un cuisinier passionn\u00e9 ou un professionnel chevronn\u00e9, la pelle \u00e0 pizza Delivita portera votre exp\u00e9rience de la pizza \u00e0 de nouveaux sommets.<\/p>\n<p>Am\u00e9liorez vos talents de pizza\u00efolo, tirez le meilleur parti de votre four \u00e0 bois et d\u00e9couvrez l'art des pizzas parfaites avec la Peau \u00e0 Pizza Delivita.<\/p>\n<p>Commandez la pelle Delivita Pizza directement aupr\u00e8s de Bula Outdoor u <a href=\"https:\/\/bulaoutdoor.nl\/fr\/categorie-de-produits\/fours-a-pizza\/four-a-bois-delivita\/\">Sp\u00e9cialiste des fours \u00e0 pizza<\/a>.<\/p>","protected":false},"excerpt":{"rendered":"<p>D\u00e9couvrez la Peau \u00e0 Pizza Delivita : le compagnon id\u00e9al \u00e0 utiliser dans votre four \u00e0 bois DeliVita.<\/p>","protected":false},"featured_media":35988,"comment_status":"open","ping_status":"closed","template":"","meta":{"_acf_changed":false},"product_brand":[],"product_cat":[1334,361],"product_tag":[1333,91,1330],"class_list":{"0":"post-35986","1":"product","2":"type-product","3":"status-publish","4":"has-post-thumbnail","6":"product_cat-delivita-accessoires","7":"product_cat-pizza-bereiding-accessoires","8":"product_tag-delivita","9":"product_tag-pizza","10":"product_tag-tools","12":"first","13":"instock","14":"taxable","15":"shipping-taxable","16":"purchasable","17":"product-type-simple"},"acf":[],"yoast_head":"<!-- This site is optimized with the Yoast SEO plugin v27.3 - https:\/\/yoast.com\/product\/yoast-seo-wordpress\/ -->\n<title>Delivita Pizza Peel &#8211; Bula Outdoor<\/title>\n<meta name=\"description\" content=\"Deze Delivita Pizza Peel is speciaal ontworpen voor de DeliVita houtgestookte oven. Deze schep perfect gevormd om moeiteloos onder pizza&#039;s te glijden.\" \/>\n<meta name=\"robots\" content=\"index, follow, max-snippet:-1, max-image-preview:large, max-video-preview:-1\" \/>\n<link rel=\"canonical\" href=\"https:\/\/bulaoutdoor.nl\/fr\/produit\/pelure-a-pizza-delivita\/\" \/>\n<meta property=\"og:locale\" content=\"fr_FR\" \/>\n<meta property=\"og:type\" content=\"article\" \/>\n<meta property=\"og:title\" content=\"Delivita Pizza Peel &#8211; Bula Outdoor\" \/>\n<meta property=\"og:description\" content=\"Deze Delivita Pizza Peel is speciaal ontworpen voor de DeliVita houtgestookte oven. Deze schep perfect gevormd om moeiteloos onder pizza&#039;s te glijden.\" \/>\n<meta property=\"og:url\" content=\"https:\/\/bulaoutdoor.nl\/fr\/produit\/pelure-a-pizza-delivita\/\" \/>\n<meta property=\"og:site_name\" content=\"Bula Outdoor\" \/>\n<meta property=\"article:modified_time\" content=\"2023-12-11T13:09:39+00:00\" \/>\n<meta property=\"og:image\" content=\"https:\/\/bulaoutdoor.nl\/wp-content\/uploads\/2023\/12\/DeliVita-Pizza-Peel.jpg\" \/>\n\t<meta property=\"og:image:width\" content=\"900\" \/>\n\t<meta property=\"og:image:height\" content=\"900\" \/>\n\t<meta property=\"og:image:type\" content=\"image\/jpeg\" \/>\n<meta name=\"twitter:card\" content=\"summary_large_image\" \/>\n<meta name=\"twitter:label1\" content=\"Dur\u00e9e de lecture estim\u00e9e\" \/>\n\t<meta name=\"twitter:data1\" content=\"1 minute\" \/>\n<script type=\"application\/ld+json\" class=\"yoast-schema-graph\">{\"@context\":\"https:\\\/\\\/schema.org\",\"@graph\":[{\"@type\":\"WebPage\",\"@id\":\"https:\\\/\\\/bulaoutdoor.nl\\\/product\\\/delivita-pizza-peel\\\/\",\"url\":\"https:\\\/\\\/bulaoutdoor.nl\\\/product\\\/delivita-pizza-peel\\\/\",\"name\":\"Delivita Pizza Peel &#8211; Bula Outdoor\",\"isPartOf\":{\"@id\":\"https:\\\/\\\/bulaoutdoor.nl\\\/#website\"},\"primaryImageOfPage\":{\"@id\":\"https:\\\/\\\/bulaoutdoor.nl\\\/product\\\/delivita-pizza-peel\\\/#primaryimage\"},\"image\":{\"@id\":\"https:\\\/\\\/bulaoutdoor.nl\\\/product\\\/delivita-pizza-peel\\\/#primaryimage\"},\"thumbnailUrl\":\"https:\\\/\\\/bulaoutdoor.nl\\\/wp-content\\\/uploads\\\/2023\\\/12\\\/DeliVita-Pizza-Peel.jpg\",\"datePublished\":\"2023-12-04T09:59:04+00:00\",\"dateModified\":\"2023-12-11T13:09:39+00:00\",\"description\":\"Deze Delivita Pizza Peel is speciaal ontworpen voor de DeliVita houtgestookte oven. Deze schep perfect gevormd om moeiteloos onder pizza's te glijden.\",\"breadcrumb\":{\"@id\":\"https:\\\/\\\/bulaoutdoor.nl\\\/product\\\/delivita-pizza-peel\\\/#breadcrumb\"},\"inLanguage\":\"fr-FR\",\"potentialAction\":[{\"@type\":\"ReadAction\",\"target\":[\"https:\\\/\\\/bulaoutdoor.nl\\\/product\\\/delivita-pizza-peel\\\/\"]}]},{\"@type\":\"ImageObject\",\"inLanguage\":\"fr-FR\",\"@id\":\"https:\\\/\\\/bulaoutdoor.nl\\\/product\\\/delivita-pizza-peel\\\/#primaryimage\",\"url\":\"https:\\\/\\\/bulaoutdoor.nl\\\/wp-content\\\/uploads\\\/2023\\\/12\\\/DeliVita-Pizza-Peel.jpg\",\"contentUrl\":\"https:\\\/\\\/bulaoutdoor.nl\\\/wp-content\\\/uploads\\\/2023\\\/12\\\/DeliVita-Pizza-Peel.jpg\",\"width\":900,\"height\":900,\"caption\":\"DeliVita Pizza Peel\"},{\"@type\":\"BreadcrumbList\",\"@id\":\"https:\\\/\\\/bulaoutdoor.nl\\\/product\\\/delivita-pizza-peel\\\/#breadcrumb\",\"itemListElement\":[{\"@type\":\"ListItem\",\"position\":1,\"name\":\"Home\",\"item\":\"https:\\\/\\\/bulaoutdoor.nl\\\/\"},{\"@type\":\"ListItem\",\"position\":2,\"name\":\"Online BBQ kopen\",\"item\":\"https:\\\/\\\/bulaoutdoor.nl\\\/\"},{\"@type\":\"ListItem\",\"position\":3,\"name\":\"Delivita Pizza Peel\"}]},{\"@type\":\"WebSite\",\"@id\":\"https:\\\/\\\/bulaoutdoor.nl\\\/#website\",\"url\":\"https:\\\/\\\/bulaoutdoor.nl\\\/\",\"name\":\"Bula Outdoor\",\"description\":\"Voor uw buitenhaard, BBQ, tuinfakkel en houtoven\",\"publisher\":{\"@id\":\"https:\\\/\\\/bulaoutdoor.nl\\\/#organization\"},\"potentialAction\":[{\"@type\":\"SearchAction\",\"target\":{\"@type\":\"EntryPoint\",\"urlTemplate\":\"https:\\\/\\\/bulaoutdoor.nl\\\/?s={search_term_string}\"},\"query-input\":{\"@type\":\"PropertyValueSpecification\",\"valueRequired\":true,\"valueName\":\"search_term_string\"}}],\"inLanguage\":\"fr-FR\"},{\"@type\":\"Organization\",\"@id\":\"https:\\\/\\\/bulaoutdoor.nl\\\/#organization\",\"name\":\"Bula Outdoor\",\"url\":\"https:\\\/\\\/bulaoutdoor.nl\\\/\",\"logo\":{\"@type\":\"ImageObject\",\"inLanguage\":\"fr-FR\",\"@id\":\"https:\\\/\\\/bulaoutdoor.nl\\\/#\\\/schema\\\/logo\\\/image\\\/\",\"url\":\"https:\\\/\\\/www.bulaoutdoor.nl\\\/wp-content\\\/uploads\\\/2018\\\/04\\\/bulaoutdoor-logo.png\",\"contentUrl\":\"https:\\\/\\\/www.bulaoutdoor.nl\\\/wp-content\\\/uploads\\\/2018\\\/04\\\/bulaoutdoor-logo.png\",\"width\":324,\"height\":91,\"caption\":\"Bula Outdoor\"},\"image\":{\"@id\":\"https:\\\/\\\/bulaoutdoor.nl\\\/#\\\/schema\\\/logo\\\/image\\\/\"}}]}<\/script>\n<!-- \/ Yoast SEO plugin. -->","yoast_head_json":{"title":"Delivita Pizza Peel - Bula Outdoor","description":"Cette peau \u00e0 pizza Delivita est sp\u00e9cialement con\u00e7ue pour le four \u00e0 bois DeliVita. Cette peau est parfaitement form\u00e9e pour se glisser sans effort sous les pizzas.","robots":{"index":"index","follow":"follow","max-snippet":"max-snippet:-1","max-image-preview":"max-image-preview:large","max-video-preview":"max-video-preview:-1"},"canonical":"https:\/\/bulaoutdoor.nl\/fr\/produit\/pelure-a-pizza-delivita\/","og_locale":"fr_FR","og_type":"article","og_title":"Delivita Pizza Peel &#8211; Bula Outdoor","og_description":"Deze Delivita Pizza Peel is speciaal ontworpen voor de DeliVita houtgestookte oven. Deze schep perfect gevormd om moeiteloos onder pizza's te glijden.","og_url":"https:\/\/bulaoutdoor.nl\/fr\/produit\/pelure-a-pizza-delivita\/","og_site_name":"Bula Outdoor","article_modified_time":"2023-12-11T13:09:39+00:00","og_image":[{"width":900,"height":900,"url":"https:\/\/bulaoutdoor.nl\/wp-content\/uploads\/2023\/12\/DeliVita-Pizza-Peel.jpg","type":"image\/jpeg"}],"twitter_card":"summary_large_image","twitter_misc":{"Dur\u00e9e de lecture estim\u00e9e":"1 minute"},"schema":{"@context":"https:\/\/schema.org","@graph":[{"@type":"WebPage","@id":"https:\/\/bulaoutdoor.nl\/product\/delivita-pizza-peel\/","url":"https:\/\/bulaoutdoor.nl\/product\/delivita-pizza-peel\/","name":"Delivita Pizza Peel - Bula Outdoor","isPartOf":{"@id":"https:\/\/bulaoutdoor.nl\/#website"},"primaryImageOfPage":{"@id":"https:\/\/bulaoutdoor.nl\/product\/delivita-pizza-peel\/#primaryimage"},"image":{"@id":"https:\/\/bulaoutdoor.nl\/product\/delivita-pizza-peel\/#primaryimage"},"thumbnailUrl":"https:\/\/bulaoutdoor.nl\/wp-content\/uploads\/2023\/12\/DeliVita-Pizza-Peel.jpg","datePublished":"2023-12-04T09:59:04+00:00","dateModified":"2023-12-11T13:09:39+00:00","description":"Cette peau \u00e0 pizza Delivita est sp\u00e9cialement con\u00e7ue pour le four \u00e0 bois DeliVita. Cette peau est parfaitement form\u00e9e pour se glisser sans effort sous les pizzas.","breadcrumb":{"@id":"https:\/\/bulaoutdoor.nl\/product\/delivita-pizza-peel\/#breadcrumb"},"inLanguage":"fr-FR","potentialAction":[{"@type":"ReadAction","target":["https:\/\/bulaoutdoor.nl\/product\/delivita-pizza-peel\/"]}]},{"@type":"ImageObject","inLanguage":"fr-FR","@id":"https:\/\/bulaoutdoor.nl\/product\/delivita-pizza-peel\/#primaryimage","url":"https:\/\/bulaoutdoor.nl\/wp-content\/uploads\/2023\/12\/DeliVita-Pizza-Peel.jpg","contentUrl":"https:\/\/bulaoutdoor.nl\/wp-content\/uploads\/2023\/12\/DeliVita-Pizza-Peel.jpg","width":900,"height":900,"caption":"DeliVita Pizza Peel"},{"@type":"BreadcrumbList","@id":"https:\/\/bulaoutdoor.nl\/product\/delivita-pizza-peel\/#breadcrumb","itemListElement":[{"@type":"ListItem","position":1,"name":"Home","item":"https:\/\/bulaoutdoor.nl\/"},{"@type":"ListItem","position":2,"name":"Online BBQ kopen","item":"https:\/\/bulaoutdoor.nl\/"},{"@type":"ListItem","position":3,"name":"Delivita Pizza Peel"}]},{"@type":"WebSite","@id":"https:\/\/bulaoutdoor.nl\/#website","url":"https:\/\/bulaoutdoor.nl\/","name":"Bula Outdoor","description":"Pour votre chemin\u00e9e ext\u00e9rieure, votre barbecue, votre torche de jardin et votre four \u00e0 bois","publisher":{"@id":"https:\/\/bulaoutdoor.nl\/#organization"},"potentialAction":[{"@type":"SearchAction","target":{"@type":"EntryPoint","urlTemplate":"https:\/\/bulaoutdoor.nl\/?s={search_term_string}"},"query-input":{"@type":"PropertyValueSpecification","valueRequired":true,"valueName":"search_term_string"}}],"inLanguage":"fr-FR"},{"@type":"Organization","@id":"https:\/\/bulaoutdoor.nl\/#organization","name":"Bula Outdoor","url":"https:\/\/bulaoutdoor.nl\/","logo":{"@type":"ImageObject","inLanguage":"fr-FR","@id":"https:\/\/bulaoutdoor.nl\/#\/schema\/logo\/image\/","url":"https:\/\/www.bulaoutdoor.nl\/wp-content\/uploads\/2018\/04\/bulaoutdoor-logo.png","contentUrl":"https:\/\/www.bulaoutdoor.nl\/wp-content\/uploads\/2018\/04\/bulaoutdoor-logo.png","width":324,"height":91,"caption":"Bula Outdoor"},"image":{"@id":"https:\/\/bulaoutdoor.nl\/#\/schema\/logo\/image\/"}}]}},"jetpack_sharing_enabled":true,"_links":{"self":[{"href":"https:\/\/bulaoutdoor.nl\/fr\/wp-json\/wp\/v2\/product\/35986","targetHints":{"allow":["GET"]}}],"collection":[{"href":"https:\/\/bulaoutdoor.nl\/fr\/wp-json\/wp\/v2\/product"}],"about":[{"href":"https:\/\/bulaoutdoor.nl\/fr\/wp-json\/wp\/v2\/types\/product"}],"replies":[{"embeddable":true,"href":"https:\/\/bulaoutdoor.nl\/fr\/wp-json\/wp\/v2\/comments?post=35986"}],"wp:featuredmedia":[{"embeddable":true,"href":"https:\/\/bulaoutdoor.nl\/fr\/wp-json\/wp\/v2\/media\/35988"}],"wp:attachment":[{"href":"https:\/\/bulaoutdoor.nl\/fr\/wp-json\/wp\/v2\/media?parent=35986"}],"wp:term":[{"taxonomy":"product_brand","embeddable":true,"href":"https:\/\/bulaoutdoor.nl\/fr\/wp-json\/wp\/v2\/product_brand?post=35986"},{"taxonomy":"product_cat","embeddable":true,"href":"https:\/\/bulaoutdoor.nl\/fr\/wp-json\/wp\/v2\/product_cat?post=35986"},{"taxonomy":"product_tag","embeddable":true,"href":"https:\/\/bulaoutdoor.nl\/fr\/wp-json\/wp\/v2\/product_tag?post=35986"}],"curies":[{"name":"wp","href":"https:\/\/api.w.org\/{rel}","templated":true}]}}