{"id":35994,"date":"2023-12-04T10:23:03","date_gmt":"2023-12-04T10:23:03","guid":{"rendered":"https:\/\/bulaoutdoor.nl\/?post_type=product&#038;p=35994"},"modified":"2023-12-11T13:12:59","modified_gmt":"2023-12-11T13:12:59","slug":"grattoir-a-pate-delivita","status":"publish","type":"product","link":"https:\/\/bulaoutdoor.nl\/fr\/product\/delivita-dough-scraper\/","title":{"rendered":"Delivita Grattoir \u00e0 p\u00e2te"},"content":{"rendered":"<h4>Delivita Grattoir \u00e0 p\u00e2te<\/h4>\n<p>Enrichissez votre exp\u00e9rience de travail de la p\u00e2te avec le grattoir Delivita, une combinaison de bois d'olivier naturel et d'acier inoxydable de haute qualit\u00e9. Ce grattoir artisanal incarne la tradition et la fonctionnalit\u00e9. Il est soigneusement fabriqu\u00e9 \u00e0 la main dans le Yorkshire pour les chefs exigeants.<\/p>\n<ul>\n<li><strong>Artisanat :<\/strong> Fabriqu\u00e9 \u00e0 la main dans le Yorkshire avec du bois d'olivier naturel et de l'acier inoxydable pour un aspect unique et authentique.<\/li>\n<li><strong>Qualit\u00e9 professionnelle :<\/strong> Id\u00e9al pour les professionnels et les d\u00e9butants pour travailler et distribuer la p\u00e2te lev\u00e9e avec pr\u00e9cision.<\/li>\n<li><strong>La durabilit\u00e9 rencontre la tradition :<\/strong> L'association de l'acier inoxydable et du bois naturel garantit une durabilit\u00e9 \u00e0 long terme et une touche d'artisanat traditionnel.<\/li>\n<li><strong>Fonctionnalit\u00e9 polyvalente :<\/strong> Parfait pour travailler avec diff\u00e9rents types de p\u00e2te, ce qui en fait un outil polyvalent pour votre cuisine.<\/li>\n<\/ul>\n<p>Fabriqu\u00e9 en bois d'olivier naturel et en acier inoxydable, ce grattoir est con\u00e7u pour les professionnels et les pizzaiolos d\u00e9butants. Sa construction durable garantit la pr\u00e9cision lors de la division et du travail de la p\u00e2te lev\u00e9e, ce qui vous permet de fa\u00e7onner vos cr\u00e9ations sans effort.<\/p>\n<p>Le grattoir \u00e0 p\u00e2te Delivta n'est pas un outil comme les autres, il s'impose dans toutes les cuisines. Il s'inscrit dans la tradition et la fonctionnalit\u00e9 en vous permettant de travailler et de diviser votre p\u00e2te lev\u00e9e sans effort. Enrichissez votre exp\u00e9rience de la p\u00e2tisserie et devenez le ma\u00eetre de vos cr\u00e9ations gr\u00e2ce \u00e0 ce grattoir essentiel.<\/p>\n<p>Commandez le grattoir Delivita directement aupr\u00e8s de Bula Outdoor u <a href=\"https:\/\/bulaoutdoor.nl\/fr\/categorie-de-produits\/fours-a-pizza\/four-a-bois-delivita\/\">Sp\u00e9cialiste des fours \u00e0 pizza<\/a>.<\/p>","protected":false},"excerpt":{"rendered":"<p>Delivta Grattoir \u00e0 p\u00e2te - Fabriqu\u00e9 en bois d'olivier et en acier inoxydable<\/p>","protected":false},"featured_media":35997,"comment_status":"open","ping_status":"closed","template":"","meta":{"_acf_changed":false},"product_brand":[],"product_cat":[1334,361],"product_tag":[98,1333,91,1330],"class_list":{"0":"post-35994","1":"product","2":"type-product","3":"status-publish","4":"has-post-thumbnail","6":"product_cat-delivita-accessoires","7":"product_cat-pizza-bereiding-accessoires","8":"product_tag-deegkrabber","9":"product_tag-delivita","10":"product_tag-pizza","11":"product_tag-tools","13":"first","14":"instock","15":"taxable","16":"shipping-taxable","17":"purchasable","18":"product-type-simple"},"acf":[],"yoast_head":"<!-- This site is optimized with the Yoast SEO plugin v27.3 - https:\/\/yoast.com\/product\/yoast-seo-wordpress\/ -->\n<title>Delivita Dough Scraper &#8211; Bula Outdoor<\/title>\n<meta name=\"description\" content=\"De Delivita Dough Scraper is gemaakt van natuurlijk olijfhout en roestvrij staal, is deze schraper ontworpen voor professionals en beginnende Pizzaiolo&#039;s\" \/>\n<meta name=\"robots\" content=\"index, follow, max-snippet:-1, max-image-preview:large, max-video-preview:-1\" \/>\n<link rel=\"canonical\" href=\"https:\/\/bulaoutdoor.nl\/fr\/produit\/grattoir-a-pate-delivita\/\" \/>\n<meta property=\"og:locale\" content=\"fr_FR\" \/>\n<meta property=\"og:type\" content=\"article\" \/>\n<meta property=\"og:title\" content=\"Delivita Dough Scraper &#8211; Bula Outdoor\" \/>\n<meta property=\"og:description\" content=\"De Delivita Dough Scraper is gemaakt van natuurlijk olijfhout en roestvrij staal, is deze schraper ontworpen voor professionals en beginnende Pizzaiolo&#039;s\" \/>\n<meta property=\"og:url\" content=\"https:\/\/bulaoutdoor.nl\/fr\/produit\/grattoir-a-pate-delivita\/\" \/>\n<meta property=\"og:site_name\" content=\"Bula Outdoor\" \/>\n<meta property=\"article:modified_time\" content=\"2023-12-11T13:12:59+00:00\" \/>\n<meta property=\"og:image\" content=\"https:\/\/bulaoutdoor.nl\/wp-content\/uploads\/2023\/12\/Delivita-Dough-Scraper.jpg\" \/>\n\t<meta property=\"og:image:width\" content=\"900\" \/>\n\t<meta property=\"og:image:height\" content=\"900\" \/>\n\t<meta property=\"og:image:type\" content=\"image\/jpeg\" \/>\n<meta name=\"twitter:card\" content=\"summary_large_image\" \/>\n<meta name=\"twitter:label1\" content=\"Dur\u00e9e de lecture estim\u00e9e\" \/>\n\t<meta name=\"twitter:data1\" content=\"2 minutes\" \/>\n<script type=\"application\/ld+json\" class=\"yoast-schema-graph\">{\"@context\":\"https:\\\/\\\/schema.org\",\"@graph\":[{\"@type\":\"WebPage\",\"@id\":\"https:\\\/\\\/bulaoutdoor.nl\\\/product\\\/delivita-dough-scraper\\\/\",\"url\":\"https:\\\/\\\/bulaoutdoor.nl\\\/product\\\/delivita-dough-scraper\\\/\",\"name\":\"Delivita Dough Scraper &#8211; Bula Outdoor\",\"isPartOf\":{\"@id\":\"https:\\\/\\\/bulaoutdoor.nl\\\/#website\"},\"primaryImageOfPage\":{\"@id\":\"https:\\\/\\\/bulaoutdoor.nl\\\/product\\\/delivita-dough-scraper\\\/#primaryimage\"},\"image\":{\"@id\":\"https:\\\/\\\/bulaoutdoor.nl\\\/product\\\/delivita-dough-scraper\\\/#primaryimage\"},\"thumbnailUrl\":\"https:\\\/\\\/bulaoutdoor.nl\\\/wp-content\\\/uploads\\\/2023\\\/12\\\/Delivita-Dough-Scraper.jpg\",\"datePublished\":\"2023-12-04T10:23:03+00:00\",\"dateModified\":\"2023-12-11T13:12:59+00:00\",\"description\":\"De Delivita Dough Scraper is gemaakt van natuurlijk olijfhout en roestvrij staal, is deze schraper ontworpen voor professionals en beginnende Pizzaiolo's\",\"breadcrumb\":{\"@id\":\"https:\\\/\\\/bulaoutdoor.nl\\\/product\\\/delivita-dough-scraper\\\/#breadcrumb\"},\"inLanguage\":\"fr-FR\",\"potentialAction\":[{\"@type\":\"ReadAction\",\"target\":[\"https:\\\/\\\/bulaoutdoor.nl\\\/product\\\/delivita-dough-scraper\\\/\"]}]},{\"@type\":\"ImageObject\",\"inLanguage\":\"fr-FR\",\"@id\":\"https:\\\/\\\/bulaoutdoor.nl\\\/product\\\/delivita-dough-scraper\\\/#primaryimage\",\"url\":\"https:\\\/\\\/bulaoutdoor.nl\\\/wp-content\\\/uploads\\\/2023\\\/12\\\/Delivita-Dough-Scraper.jpg\",\"contentUrl\":\"https:\\\/\\\/bulaoutdoor.nl\\\/wp-content\\\/uploads\\\/2023\\\/12\\\/Delivita-Dough-Scraper.jpg\",\"width\":900,\"height\":900,\"caption\":\"Delivita Dough Scraper\"},{\"@type\":\"BreadcrumbList\",\"@id\":\"https:\\\/\\\/bulaoutdoor.nl\\\/product\\\/delivita-dough-scraper\\\/#breadcrumb\",\"itemListElement\":[{\"@type\":\"ListItem\",\"position\":1,\"name\":\"Home\",\"item\":\"https:\\\/\\\/bulaoutdoor.nl\\\/\"},{\"@type\":\"ListItem\",\"position\":2,\"name\":\"Online BBQ kopen\",\"item\":\"https:\\\/\\\/bulaoutdoor.nl\\\/\"},{\"@type\":\"ListItem\",\"position\":3,\"name\":\"Delivita Dough Scraper\"}]},{\"@type\":\"WebSite\",\"@id\":\"https:\\\/\\\/bulaoutdoor.nl\\\/#website\",\"url\":\"https:\\\/\\\/bulaoutdoor.nl\\\/\",\"name\":\"Bula Outdoor\",\"description\":\"Voor uw buitenhaard, BBQ, tuinfakkel en houtoven\",\"publisher\":{\"@id\":\"https:\\\/\\\/bulaoutdoor.nl\\\/#organization\"},\"potentialAction\":[{\"@type\":\"SearchAction\",\"target\":{\"@type\":\"EntryPoint\",\"urlTemplate\":\"https:\\\/\\\/bulaoutdoor.nl\\\/?s={search_term_string}\"},\"query-input\":{\"@type\":\"PropertyValueSpecification\",\"valueRequired\":true,\"valueName\":\"search_term_string\"}}],\"inLanguage\":\"fr-FR\"},{\"@type\":\"Organization\",\"@id\":\"https:\\\/\\\/bulaoutdoor.nl\\\/#organization\",\"name\":\"Bula Outdoor\",\"url\":\"https:\\\/\\\/bulaoutdoor.nl\\\/\",\"logo\":{\"@type\":\"ImageObject\",\"inLanguage\":\"fr-FR\",\"@id\":\"https:\\\/\\\/bulaoutdoor.nl\\\/#\\\/schema\\\/logo\\\/image\\\/\",\"url\":\"https:\\\/\\\/www.bulaoutdoor.nl\\\/wp-content\\\/uploads\\\/2018\\\/04\\\/bulaoutdoor-logo.png\",\"contentUrl\":\"https:\\\/\\\/www.bulaoutdoor.nl\\\/wp-content\\\/uploads\\\/2018\\\/04\\\/bulaoutdoor-logo.png\",\"width\":324,\"height\":91,\"caption\":\"Bula Outdoor\"},\"image\":{\"@id\":\"https:\\\/\\\/bulaoutdoor.nl\\\/#\\\/schema\\\/logo\\\/image\\\/\"}}]}<\/script>\n<!-- \/ Yoast SEO plugin. -->","yoast_head_json":{"title":"Delivita Grattoir \u00e0 p\u00e2te - Bula Outdoor","description":"Le grattoir \u00e0 p\u00e2te Delivita est fabriqu\u00e9 en bois d'olivier naturel et en acier inoxydable. Ce grattoir est con\u00e7u pour les professionnels et les pizzaiolos d\u00e9butants.","robots":{"index":"index","follow":"follow","max-snippet":"max-snippet:-1","max-image-preview":"max-image-preview:large","max-video-preview":"max-video-preview:-1"},"canonical":"https:\/\/bulaoutdoor.nl\/fr\/produit\/grattoir-a-pate-delivita\/","og_locale":"fr_FR","og_type":"article","og_title":"Delivita Dough Scraper &#8211; Bula Outdoor","og_description":"De Delivita Dough Scraper is gemaakt van natuurlijk olijfhout en roestvrij staal, is deze schraper ontworpen voor professionals en beginnende Pizzaiolo's","og_url":"https:\/\/bulaoutdoor.nl\/fr\/produit\/grattoir-a-pate-delivita\/","og_site_name":"Bula Outdoor","article_modified_time":"2023-12-11T13:12:59+00:00","og_image":[{"width":900,"height":900,"url":"https:\/\/bulaoutdoor.nl\/wp-content\/uploads\/2023\/12\/Delivita-Dough-Scraper.jpg","type":"image\/jpeg"}],"twitter_card":"summary_large_image","twitter_misc":{"Dur\u00e9e de lecture estim\u00e9e":"2 minutes"},"schema":{"@context":"https:\/\/schema.org","@graph":[{"@type":"WebPage","@id":"https:\/\/bulaoutdoor.nl\/product\/delivita-dough-scraper\/","url":"https:\/\/bulaoutdoor.nl\/product\/delivita-dough-scraper\/","name":"Delivita Grattoir \u00e0 p\u00e2te - Bula Outdoor","isPartOf":{"@id":"https:\/\/bulaoutdoor.nl\/#website"},"primaryImageOfPage":{"@id":"https:\/\/bulaoutdoor.nl\/product\/delivita-dough-scraper\/#primaryimage"},"image":{"@id":"https:\/\/bulaoutdoor.nl\/product\/delivita-dough-scraper\/#primaryimage"},"thumbnailUrl":"https:\/\/bulaoutdoor.nl\/wp-content\/uploads\/2023\/12\/Delivita-Dough-Scraper.jpg","datePublished":"2023-12-04T10:23:03+00:00","dateModified":"2023-12-11T13:12:59+00:00","description":"Le grattoir \u00e0 p\u00e2te Delivita est fabriqu\u00e9 en bois d'olivier naturel et en acier inoxydable. Ce grattoir est con\u00e7u pour les professionnels et les pizzaiolos d\u00e9butants.","breadcrumb":{"@id":"https:\/\/bulaoutdoor.nl\/product\/delivita-dough-scraper\/#breadcrumb"},"inLanguage":"fr-FR","potentialAction":[{"@type":"ReadAction","target":["https:\/\/bulaoutdoor.nl\/product\/delivita-dough-scraper\/"]}]},{"@type":"ImageObject","inLanguage":"fr-FR","@id":"https:\/\/bulaoutdoor.nl\/product\/delivita-dough-scraper\/#primaryimage","url":"https:\/\/bulaoutdoor.nl\/wp-content\/uploads\/2023\/12\/Delivita-Dough-Scraper.jpg","contentUrl":"https:\/\/bulaoutdoor.nl\/wp-content\/uploads\/2023\/12\/Delivita-Dough-Scraper.jpg","width":900,"height":900,"caption":"Delivita Dough Scraper"},{"@type":"BreadcrumbList","@id":"https:\/\/bulaoutdoor.nl\/product\/delivita-dough-scraper\/#breadcrumb","itemListElement":[{"@type":"ListItem","position":1,"name":"Home","item":"https:\/\/bulaoutdoor.nl\/"},{"@type":"ListItem","position":2,"name":"Online BBQ kopen","item":"https:\/\/bulaoutdoor.nl\/"},{"@type":"ListItem","position":3,"name":"Delivita Dough Scraper"}]},{"@type":"WebSite","@id":"https:\/\/bulaoutdoor.nl\/#website","url":"https:\/\/bulaoutdoor.nl\/","name":"Bula Outdoor","description":"Pour votre chemin\u00e9e ext\u00e9rieure, votre barbecue, votre torche de jardin et votre four \u00e0 bois","publisher":{"@id":"https:\/\/bulaoutdoor.nl\/#organization"},"potentialAction":[{"@type":"SearchAction","target":{"@type":"EntryPoint","urlTemplate":"https:\/\/bulaoutdoor.nl\/?s={search_term_string}"},"query-input":{"@type":"PropertyValueSpecification","valueRequired":true,"valueName":"search_term_string"}}],"inLanguage":"fr-FR"},{"@type":"Organization","@id":"https:\/\/bulaoutdoor.nl\/#organization","name":"Bula Outdoor","url":"https:\/\/bulaoutdoor.nl\/","logo":{"@type":"ImageObject","inLanguage":"fr-FR","@id":"https:\/\/bulaoutdoor.nl\/#\/schema\/logo\/image\/","url":"https:\/\/www.bulaoutdoor.nl\/wp-content\/uploads\/2018\/04\/bulaoutdoor-logo.png","contentUrl":"https:\/\/www.bulaoutdoor.nl\/wp-content\/uploads\/2018\/04\/bulaoutdoor-logo.png","width":324,"height":91,"caption":"Bula Outdoor"},"image":{"@id":"https:\/\/bulaoutdoor.nl\/#\/schema\/logo\/image\/"}}]}},"jetpack_sharing_enabled":true,"_links":{"self":[{"href":"https:\/\/bulaoutdoor.nl\/fr\/wp-json\/wp\/v2\/product\/35994","targetHints":{"allow":["GET"]}}],"collection":[{"href":"https:\/\/bulaoutdoor.nl\/fr\/wp-json\/wp\/v2\/product"}],"about":[{"href":"https:\/\/bulaoutdoor.nl\/fr\/wp-json\/wp\/v2\/types\/product"}],"replies":[{"embeddable":true,"href":"https:\/\/bulaoutdoor.nl\/fr\/wp-json\/wp\/v2\/comments?post=35994"}],"wp:featuredmedia":[{"embeddable":true,"href":"https:\/\/bulaoutdoor.nl\/fr\/wp-json\/wp\/v2\/media\/35997"}],"wp:attachment":[{"href":"https:\/\/bulaoutdoor.nl\/fr\/wp-json\/wp\/v2\/media?parent=35994"}],"wp:term":[{"taxonomy":"product_brand","embeddable":true,"href":"https:\/\/bulaoutdoor.nl\/fr\/wp-json\/wp\/v2\/product_brand?post=35994"},{"taxonomy":"product_cat","embeddable":true,"href":"https:\/\/bulaoutdoor.nl\/fr\/wp-json\/wp\/v2\/product_cat?post=35994"},{"taxonomy":"product_tag","embeddable":true,"href":"https:\/\/bulaoutdoor.nl\/fr\/wp-json\/wp\/v2\/product_tag?post=35994"}],"curies":[{"name":"wp","href":"https:\/\/api.w.org\/{rel}","templated":true}]}}