{"id":35999,"date":"2023-12-04T10:39:43","date_gmt":"2023-12-04T10:39:43","guid":{"rendered":"https:\/\/bulaoutdoor.nl\/?post_type=product&#038;p=35999"},"modified":"2024-01-03T13:10:33","modified_gmt":"2024-01-03T13:10:33","slug":"plat-en-fer-noir-delivita","status":"publish","type":"product","link":"https:\/\/bulaoutdoor.nl\/fr\/product\/delivita-black-iron-dish\/","title":{"rendered":"Delivita Plat en fer noir"},"content":{"rendered":"<h4>Delivita Plat en fer noir<\/h4>\n<p><strong>D\u00e9couvrez l'excellence culinaire avec le plat en fer noir Delivita<br \/>\n<\/strong>Enrichissez votre exp\u00e9rience culinaire avec le plat en fer noir Delivita, un chef-d'\u0153uvre d'artisanat et de fonctionnalit\u00e9. Ce partenaire de cuisine polyvalent et \u00e9l\u00e9gant est con\u00e7u pour tirer le meilleur parti de vos activit\u00e9s en cuisine.<\/p>\n<ul>\n<li><strong>Qualit\u00e9 sup\u00e9rieure :<\/strong> Fabriqu\u00e9 en fer noir de haute qualit\u00e9, ce plat est con\u00e7u pour r\u00e9sister \u00e0 des temp\u00e9ratures \u00e9lev\u00e9es et distribuer la chaleur uniform\u00e9ment pour des r\u00e9sultats de cuisson impeccables.<\/li>\n<li><strong>Design \u00e9l\u00e9gant :<\/strong> Le design \u00e9pur\u00e9 et moderne du plat en fer noir Delivita ajoute une touche de sophistication \u00e0 votre cuisine. Du four \u00e0 la table, ce plat permet une transition en douceur, ce qui le rend parfait pour la cuisson et le service.<\/li>\n<li><strong>Utilisation multifonctionnelle :<\/strong> Qu'il s'agisse de griller, de cuire au four ou de sauter, ce bol excelle dans toutes les t\u00e2ches culinaires. Sa polyvalence en fait un \u00e9l\u00e9ment essentiel de toute cuisine.<\/li>\n<li><strong>Facile \u00e0 nettoyer :<\/strong> La surface antiadh\u00e9sive facilite le d\u00e9moulage et le nettoyage des aliments, ce qui vous permet de gagner du temps et d'\u00e9conomiser des efforts dans la cuisine. Dites adieu aux restes tenaces et bonjour \u00e0 l'entretien sans effort.<\/li>\n<li><strong>Construction durable :<\/strong> Con\u00e7u pour durer, le bol en fer noir Delivita est fabriqu\u00e9 pour durer. Investissez dans un partenaire de cuisine qui r\u00e9siste \u00e0 l'\u00e9preuve du temps.<\/li>\n<\/ul>\n<p><strong>Am\u00e9liorez votre exp\u00e9rience culinaire<\/strong><\/p>\n<p>Lib\u00e9rez votre cr\u00e9ativit\u00e9 culinaire avec ce bol en fer. Que vous soyez un chef exp\u00e9riment\u00e9 ou un cuisinier amateur, ce bol polyvalent deviendra votre choix pr\u00e9f\u00e9r\u00e9 pour un large \u00e9ventail de recettes. Ses performances exceptionnelles et son design accrocheur en font un \u00e9l\u00e9ment indispensable de toute cuisine.<\/p>\n<p>Commandez le bol en fer noir Delivita directement aupr\u00e8s de Bula Outdoor u <a href=\"https:\/\/bulaoutdoor.nl\/fr\/categorie-de-produits\/fours-a-pizza\/four-a-bois-delivita\/\">Sp\u00e9cialiste des fours \u00e0 pizza<\/a>.<\/p>","protected":false},"excerpt":{"rendered":"<p>Delivita Plat en fer noir, plancha<\/p>","protected":false},"featured_media":36001,"comment_status":"open","ping_status":"closed","template":"","meta":{"_acf_changed":false},"product_brand":[],"product_cat":[1334,361],"product_tag":[1355,1333,91,1330],"class_list":{"0":"post-35999","1":"product","2":"type-product","3":"status-publish","4":"has-post-thumbnail","6":"product_cat-delivita-accessoires","7":"product_cat-pizza-bereiding-accessoires","8":"product_tag-bakplaat","9":"product_tag-delivita","10":"product_tag-pizza","11":"product_tag-tools","13":"first","14":"instock","15":"taxable","16":"shipping-taxable","17":"purchasable","18":"product-type-simple"},"acf":[],"yoast_head":"<!-- This site is optimized with the Yoast SEO plugin v27.3 - https:\/\/yoast.com\/product\/yoast-seo-wordpress\/ -->\n<title>Delivita Black Iron Dish &#8211; Bula Outdoor<\/title>\n<meta name=\"description\" content=\"Delivita Black Iron Dish is een meesterwerk in vakmanschap en functionaliteit. Bakken en braden is geen probleem voor deze hoge kwaliteit ovenschaal.\" \/>\n<meta name=\"robots\" content=\"index, follow, max-snippet:-1, max-image-preview:large, max-video-preview:-1\" \/>\n<link rel=\"canonical\" href=\"https:\/\/bulaoutdoor.nl\/fr\/produit\/plat-en-fer-noir-delivita\/\" \/>\n<meta property=\"og:locale\" content=\"fr_FR\" \/>\n<meta property=\"og:type\" content=\"article\" \/>\n<meta property=\"og:title\" content=\"Delivita Black Iron Dish &#8211; Bula Outdoor\" \/>\n<meta property=\"og:description\" content=\"Delivita Black Iron Dish is een meesterwerk in vakmanschap en functionaliteit. Bakken en braden is geen probleem voor deze hoge kwaliteit ovenschaal.\" \/>\n<meta property=\"og:url\" content=\"https:\/\/bulaoutdoor.nl\/fr\/produit\/plat-en-fer-noir-delivita\/\" \/>\n<meta property=\"og:site_name\" content=\"Bula Outdoor\" \/>\n<meta property=\"article:modified_time\" content=\"2024-01-03T13:10:33+00:00\" \/>\n<meta property=\"og:image\" content=\"https:\/\/bulaoutdoor.nl\/wp-content\/uploads\/2023\/12\/Delivita-Black-Iron-Dish.jpg\" \/>\n\t<meta property=\"og:image:width\" content=\"900\" \/>\n\t<meta property=\"og:image:height\" content=\"900\" \/>\n\t<meta property=\"og:image:type\" content=\"image\/jpeg\" \/>\n<meta name=\"twitter:card\" content=\"summary_large_image\" \/>\n<meta name=\"twitter:label1\" content=\"Dur\u00e9e de lecture estim\u00e9e\" \/>\n\t<meta name=\"twitter:data1\" content=\"2 minutes\" \/>\n<script type=\"application\/ld+json\" class=\"yoast-schema-graph\">{\"@context\":\"https:\\\/\\\/schema.org\",\"@graph\":[{\"@type\":\"WebPage\",\"@id\":\"https:\\\/\\\/bulaoutdoor.nl\\\/product\\\/delivita-black-iron-dish\\\/\",\"url\":\"https:\\\/\\\/bulaoutdoor.nl\\\/product\\\/delivita-black-iron-dish\\\/\",\"name\":\"Delivita Black Iron Dish &#8211; Bula Outdoor\",\"isPartOf\":{\"@id\":\"https:\\\/\\\/bulaoutdoor.nl\\\/#website\"},\"primaryImageOfPage\":{\"@id\":\"https:\\\/\\\/bulaoutdoor.nl\\\/product\\\/delivita-black-iron-dish\\\/#primaryimage\"},\"image\":{\"@id\":\"https:\\\/\\\/bulaoutdoor.nl\\\/product\\\/delivita-black-iron-dish\\\/#primaryimage\"},\"thumbnailUrl\":\"https:\\\/\\\/bulaoutdoor.nl\\\/wp-content\\\/uploads\\\/2023\\\/12\\\/Delivita-Black-Iron-Dish.jpg\",\"datePublished\":\"2023-12-04T10:39:43+00:00\",\"dateModified\":\"2024-01-03T13:10:33+00:00\",\"description\":\"Delivita Black Iron Dish is een meesterwerk in vakmanschap en functionaliteit. Bakken en braden is geen probleem voor deze hoge kwaliteit ovenschaal.\",\"breadcrumb\":{\"@id\":\"https:\\\/\\\/bulaoutdoor.nl\\\/product\\\/delivita-black-iron-dish\\\/#breadcrumb\"},\"inLanguage\":\"fr-FR\",\"potentialAction\":[{\"@type\":\"ReadAction\",\"target\":[\"https:\\\/\\\/bulaoutdoor.nl\\\/product\\\/delivita-black-iron-dish\\\/\"]}]},{\"@type\":\"ImageObject\",\"inLanguage\":\"fr-FR\",\"@id\":\"https:\\\/\\\/bulaoutdoor.nl\\\/product\\\/delivita-black-iron-dish\\\/#primaryimage\",\"url\":\"https:\\\/\\\/bulaoutdoor.nl\\\/wp-content\\\/uploads\\\/2023\\\/12\\\/Delivita-Black-Iron-Dish.jpg\",\"contentUrl\":\"https:\\\/\\\/bulaoutdoor.nl\\\/wp-content\\\/uploads\\\/2023\\\/12\\\/Delivita-Black-Iron-Dish.jpg\",\"width\":900,\"height\":900},{\"@type\":\"BreadcrumbList\",\"@id\":\"https:\\\/\\\/bulaoutdoor.nl\\\/product\\\/delivita-black-iron-dish\\\/#breadcrumb\",\"itemListElement\":[{\"@type\":\"ListItem\",\"position\":1,\"name\":\"Home\",\"item\":\"https:\\\/\\\/bulaoutdoor.nl\\\/\"},{\"@type\":\"ListItem\",\"position\":2,\"name\":\"Online BBQ kopen\",\"item\":\"https:\\\/\\\/bulaoutdoor.nl\\\/\"},{\"@type\":\"ListItem\",\"position\":3,\"name\":\"Delivita Black Iron Dish\"}]},{\"@type\":\"WebSite\",\"@id\":\"https:\\\/\\\/bulaoutdoor.nl\\\/#website\",\"url\":\"https:\\\/\\\/bulaoutdoor.nl\\\/\",\"name\":\"Bula Outdoor\",\"description\":\"Voor uw buitenhaard, BBQ, tuinfakkel en houtoven\",\"publisher\":{\"@id\":\"https:\\\/\\\/bulaoutdoor.nl\\\/#organization\"},\"potentialAction\":[{\"@type\":\"SearchAction\",\"target\":{\"@type\":\"EntryPoint\",\"urlTemplate\":\"https:\\\/\\\/bulaoutdoor.nl\\\/?s={search_term_string}\"},\"query-input\":{\"@type\":\"PropertyValueSpecification\",\"valueRequired\":true,\"valueName\":\"search_term_string\"}}],\"inLanguage\":\"fr-FR\"},{\"@type\":\"Organization\",\"@id\":\"https:\\\/\\\/bulaoutdoor.nl\\\/#organization\",\"name\":\"Bula Outdoor\",\"url\":\"https:\\\/\\\/bulaoutdoor.nl\\\/\",\"logo\":{\"@type\":\"ImageObject\",\"inLanguage\":\"fr-FR\",\"@id\":\"https:\\\/\\\/bulaoutdoor.nl\\\/#\\\/schema\\\/logo\\\/image\\\/\",\"url\":\"https:\\\/\\\/www.bulaoutdoor.nl\\\/wp-content\\\/uploads\\\/2018\\\/04\\\/bulaoutdoor-logo.png\",\"contentUrl\":\"https:\\\/\\\/www.bulaoutdoor.nl\\\/wp-content\\\/uploads\\\/2018\\\/04\\\/bulaoutdoor-logo.png\",\"width\":324,\"height\":91,\"caption\":\"Bula Outdoor\"},\"image\":{\"@id\":\"https:\\\/\\\/bulaoutdoor.nl\\\/#\\\/schema\\\/logo\\\/image\\\/\"}}]}<\/script>\n<!-- \/ Yoast SEO plugin. -->","yoast_head_json":{"title":"Delivita Plat en fer noir - Bula Outdoor","description":"Le plat en fer noir de Delivita est un chef-d'\u0153uvre d'artisanat et de fonctionnalit\u00e9. La cuisson au four et le r\u00f4tissage ne posent aucun probl\u00e8me \u00e0 ce plat de haute qualit\u00e9.","robots":{"index":"index","follow":"follow","max-snippet":"max-snippet:-1","max-image-preview":"max-image-preview:large","max-video-preview":"max-video-preview:-1"},"canonical":"https:\/\/bulaoutdoor.nl\/fr\/produit\/plat-en-fer-noir-delivita\/","og_locale":"fr_FR","og_type":"article","og_title":"Delivita Black Iron Dish &#8211; Bula Outdoor","og_description":"Delivita Black Iron Dish is een meesterwerk in vakmanschap en functionaliteit. Bakken en braden is geen probleem voor deze hoge kwaliteit ovenschaal.","og_url":"https:\/\/bulaoutdoor.nl\/fr\/produit\/plat-en-fer-noir-delivita\/","og_site_name":"Bula Outdoor","article_modified_time":"2024-01-03T13:10:33+00:00","og_image":[{"width":900,"height":900,"url":"https:\/\/bulaoutdoor.nl\/wp-content\/uploads\/2023\/12\/Delivita-Black-Iron-Dish.jpg","type":"image\/jpeg"}],"twitter_card":"summary_large_image","twitter_misc":{"Dur\u00e9e de lecture estim\u00e9e":"2 minutes"},"schema":{"@context":"https:\/\/schema.org","@graph":[{"@type":"WebPage","@id":"https:\/\/bulaoutdoor.nl\/product\/delivita-black-iron-dish\/","url":"https:\/\/bulaoutdoor.nl\/product\/delivita-black-iron-dish\/","name":"Delivita Plat en fer noir - Bula Outdoor","isPartOf":{"@id":"https:\/\/bulaoutdoor.nl\/#website"},"primaryImageOfPage":{"@id":"https:\/\/bulaoutdoor.nl\/product\/delivita-black-iron-dish\/#primaryimage"},"image":{"@id":"https:\/\/bulaoutdoor.nl\/product\/delivita-black-iron-dish\/#primaryimage"},"thumbnailUrl":"https:\/\/bulaoutdoor.nl\/wp-content\/uploads\/2023\/12\/Delivita-Black-Iron-Dish.jpg","datePublished":"2023-12-04T10:39:43+00:00","dateModified":"2024-01-03T13:10:33+00:00","description":"Le plat en fer noir de Delivita est un chef-d'\u0153uvre d'artisanat et de fonctionnalit\u00e9. La cuisson au four et le r\u00f4tissage ne posent aucun probl\u00e8me \u00e0 ce plat de haute qualit\u00e9.","breadcrumb":{"@id":"https:\/\/bulaoutdoor.nl\/product\/delivita-black-iron-dish\/#breadcrumb"},"inLanguage":"fr-FR","potentialAction":[{"@type":"ReadAction","target":["https:\/\/bulaoutdoor.nl\/product\/delivita-black-iron-dish\/"]}]},{"@type":"ImageObject","inLanguage":"fr-FR","@id":"https:\/\/bulaoutdoor.nl\/product\/delivita-black-iron-dish\/#primaryimage","url":"https:\/\/bulaoutdoor.nl\/wp-content\/uploads\/2023\/12\/Delivita-Black-Iron-Dish.jpg","contentUrl":"https:\/\/bulaoutdoor.nl\/wp-content\/uploads\/2023\/12\/Delivita-Black-Iron-Dish.jpg","width":900,"height":900},{"@type":"BreadcrumbList","@id":"https:\/\/bulaoutdoor.nl\/product\/delivita-black-iron-dish\/#breadcrumb","itemListElement":[{"@type":"ListItem","position":1,"name":"Home","item":"https:\/\/bulaoutdoor.nl\/"},{"@type":"ListItem","position":2,"name":"Online BBQ kopen","item":"https:\/\/bulaoutdoor.nl\/"},{"@type":"ListItem","position":3,"name":"Delivita Black Iron Dish"}]},{"@type":"WebSite","@id":"https:\/\/bulaoutdoor.nl\/#website","url":"https:\/\/bulaoutdoor.nl\/","name":"Bula Outdoor","description":"Pour votre chemin\u00e9e ext\u00e9rieure, votre barbecue, votre torche de jardin et votre four \u00e0 bois","publisher":{"@id":"https:\/\/bulaoutdoor.nl\/#organization"},"potentialAction":[{"@type":"SearchAction","target":{"@type":"EntryPoint","urlTemplate":"https:\/\/bulaoutdoor.nl\/?s={search_term_string}"},"query-input":{"@type":"PropertyValueSpecification","valueRequired":true,"valueName":"search_term_string"}}],"inLanguage":"fr-FR"},{"@type":"Organization","@id":"https:\/\/bulaoutdoor.nl\/#organization","name":"Bula Outdoor","url":"https:\/\/bulaoutdoor.nl\/","logo":{"@type":"ImageObject","inLanguage":"fr-FR","@id":"https:\/\/bulaoutdoor.nl\/#\/schema\/logo\/image\/","url":"https:\/\/www.bulaoutdoor.nl\/wp-content\/uploads\/2018\/04\/bulaoutdoor-logo.png","contentUrl":"https:\/\/www.bulaoutdoor.nl\/wp-content\/uploads\/2018\/04\/bulaoutdoor-logo.png","width":324,"height":91,"caption":"Bula Outdoor"},"image":{"@id":"https:\/\/bulaoutdoor.nl\/#\/schema\/logo\/image\/"}}]}},"jetpack_sharing_enabled":true,"_links":{"self":[{"href":"https:\/\/bulaoutdoor.nl\/fr\/wp-json\/wp\/v2\/product\/35999","targetHints":{"allow":["GET"]}}],"collection":[{"href":"https:\/\/bulaoutdoor.nl\/fr\/wp-json\/wp\/v2\/product"}],"about":[{"href":"https:\/\/bulaoutdoor.nl\/fr\/wp-json\/wp\/v2\/types\/product"}],"replies":[{"embeddable":true,"href":"https:\/\/bulaoutdoor.nl\/fr\/wp-json\/wp\/v2\/comments?post=35999"}],"wp:featuredmedia":[{"embeddable":true,"href":"https:\/\/bulaoutdoor.nl\/fr\/wp-json\/wp\/v2\/media\/36001"}],"wp:attachment":[{"href":"https:\/\/bulaoutdoor.nl\/fr\/wp-json\/wp\/v2\/media?parent=35999"}],"wp:term":[{"taxonomy":"product_brand","embeddable":true,"href":"https:\/\/bulaoutdoor.nl\/fr\/wp-json\/wp\/v2\/product_brand?post=35999"},{"taxonomy":"product_cat","embeddable":true,"href":"https:\/\/bulaoutdoor.nl\/fr\/wp-json\/wp\/v2\/product_cat?post=35999"},{"taxonomy":"product_tag","embeddable":true,"href":"https:\/\/bulaoutdoor.nl\/fr\/wp-json\/wp\/v2\/product_tag?post=35999"}],"curies":[{"name":"wp","href":"https:\/\/api.w.org\/{rel}","templated":true}]}}