{"id":36003,"date":"2023-12-04T11:14:06","date_gmt":"2023-12-04T11:14:06","guid":{"rendered":"https:\/\/bulaoutdoor.nl\/?post_type=product&#038;p=36003"},"modified":"2024-01-02T16:08:13","modified_gmt":"2024-01-02T16:08:13","slug":"tourne-pizza-delivita","status":"publish","type":"product","link":"https:\/\/bulaoutdoor.nl\/fr\/product\/delivita-pizza-turner\/","title":{"rendered":"Delivita Pizza Turner"},"content":{"rendered":"<p>(Disponible tr\u00e8s prochainement) D\u00e9couvrez la Tourneuse \u00e0 Pizza Delivita : Votre partenaire indispensable pour la perfection des pizzas au feu de bois.<\/p>\n<p>Pour obtenir une pizza parfaite dans notre four \u00e0 bois DeliVita, il est essentiel de disposer des bons outils.<\/p>\n<p>D\u00e9couvrez cette pelle \u00e0 pizza artisanale, soigneusement con\u00e7ue pour enrichir votre exp\u00e9rience du four \u00e0 bois.<\/p>\n<ul>\n<li>Lame circulaire en acier inoxydable de haute qualit\u00e9<\/li>\n<li>Un manche en bois d'olivier de provenance responsable, qui allie fonctionnalit\u00e9 et \u00e9l\u00e9gance.<\/li>\n<li>Sp\u00e9cialement con\u00e7u pour le four \u00e0 bois DeliVita. Egalement utilisable avec des fours d'autres marques.<\/li>\n<li>La conception pr\u00e9cise garantit une manipulation impeccable des pizzas et assure une transition parfaite entre la pelle et le four et inversement.<\/li>\n<\/ul>\n<p>La pelle \u00e0 pizza Delivita vous permet d'atteindre de nouveaux sommets dans la pr\u00e9paration de vos pizzas et promet de faire ressortir le meilleur de vos cr\u00e9ations culinaires. Que vous soyez un pizza\u00efolo chevronn\u00e9 ou un cuisinier passionn\u00e9, cet outil vous permettra d'obtenir des r\u00e9sultats dignes d'un restaurant dans l'atmosph\u00e8re famili\u00e8re de votre propre cuisine.<\/p>\n<p>Lib\u00e9rez le potentiel de vos pizzas au feu de bois avec la tourne-pizza Delivita. Faites passer votre exp\u00e9rience de la pizza au niveau sup\u00e9rieur et savourez chaque bouch\u00e9e de votre chef-d'\u0153uvre. Commandez la v\u00f4tre d\u00e8s aujourd'hui et visez la perfection en mati\u00e8re de pizza.<\/p>\n<p>Commandez le tourne-pizza Delivita directement aupr\u00e8s de Bula Outdoor, <a href=\"https:\/\/bulaoutdoor.nl\/fr\/categorie-de-produits\/fours-a-pizza\/\">Votre sp\u00e9cialiste du four \u00e0 pizza<\/a>!<\/p>","protected":false},"excerpt":{"rendered":"<p>(Bient\u00f4t disponible) D\u00e9couvrez le tourne-pizza Delivita - Votre cl\u00e9 pour des pizzas parfaites au four \u00e0 bois !<\/p>","protected":false},"featured_media":36004,"comment_status":"open","ping_status":"closed","template":"","meta":{"_acf_changed":false},"product_brand":[],"product_cat":[1334,361],"product_tag":[1333,91,1330],"class_list":{"0":"post-36003","1":"product","2":"type-product","3":"status-publish","4":"has-post-thumbnail","6":"product_cat-delivita-accessoires","7":"product_cat-pizza-bereiding-accessoires","8":"product_tag-delivita","9":"product_tag-pizza","10":"product_tag-tools","12":"first","13":"instock","14":"taxable","15":"shipping-taxable","16":"purchasable","17":"product-type-simple"},"acf":[],"yoast_head":"<!-- This site is optimized with the Yoast SEO plugin v27.3 - https:\/\/yoast.com\/product\/yoast-seo-wordpress\/ -->\n<title>Delivita Pizza Turner &#8211; Bula Outdoor<\/title>\n<meta name=\"description\" content=\"Delivita Pizza Turner: Maak kennis met deze met de hand vervaardigde pizzaschep, zorgvuldig ontworpen om jouw houtgestookte ovenervaring te verrijken.\" \/>\n<meta name=\"robots\" content=\"index, follow, max-snippet:-1, max-image-preview:large, max-video-preview:-1\" \/>\n<link rel=\"canonical\" href=\"https:\/\/bulaoutdoor.nl\/fr\/produit\/tourne-pizza-delivita\/\" \/>\n<meta property=\"og:locale\" content=\"fr_FR\" \/>\n<meta property=\"og:type\" content=\"article\" \/>\n<meta property=\"og:title\" content=\"Delivita Pizza Turner &#8211; Bula Outdoor\" \/>\n<meta property=\"og:description\" content=\"Delivita Pizza Turner: Maak kennis met deze met de hand vervaardigde pizzaschep, zorgvuldig ontworpen om jouw houtgestookte ovenervaring te verrijken.\" \/>\n<meta property=\"og:url\" content=\"https:\/\/bulaoutdoor.nl\/fr\/produit\/tourne-pizza-delivita\/\" \/>\n<meta property=\"og:site_name\" content=\"Bula Outdoor\" \/>\n<meta property=\"article:modified_time\" content=\"2024-01-02T16:08:13+00:00\" \/>\n<meta property=\"og:image\" content=\"https:\/\/bulaoutdoor.nl\/wp-content\/uploads\/2023\/12\/Delivita-Pizza-Turner.jpg\" \/>\n\t<meta property=\"og:image:width\" content=\"900\" \/>\n\t<meta property=\"og:image:height\" content=\"900\" \/>\n\t<meta property=\"og:image:type\" content=\"image\/jpeg\" \/>\n<meta name=\"twitter:card\" content=\"summary_large_image\" \/>\n<meta name=\"twitter:label1\" content=\"Dur\u00e9e de lecture estim\u00e9e\" \/>\n\t<meta name=\"twitter:data1\" content=\"2 minutes\" \/>\n<script type=\"application\/ld+json\" class=\"yoast-schema-graph\">{\"@context\":\"https:\\\/\\\/schema.org\",\"@graph\":[{\"@type\":\"WebPage\",\"@id\":\"https:\\\/\\\/bulaoutdoor.nl\\\/product\\\/delivita-pizza-turner\\\/\",\"url\":\"https:\\\/\\\/bulaoutdoor.nl\\\/product\\\/delivita-pizza-turner\\\/\",\"name\":\"Delivita Pizza Turner &#8211; Bula Outdoor\",\"isPartOf\":{\"@id\":\"https:\\\/\\\/bulaoutdoor.nl\\\/#website\"},\"primaryImageOfPage\":{\"@id\":\"https:\\\/\\\/bulaoutdoor.nl\\\/product\\\/delivita-pizza-turner\\\/#primaryimage\"},\"image\":{\"@id\":\"https:\\\/\\\/bulaoutdoor.nl\\\/product\\\/delivita-pizza-turner\\\/#primaryimage\"},\"thumbnailUrl\":\"https:\\\/\\\/bulaoutdoor.nl\\\/wp-content\\\/uploads\\\/2023\\\/12\\\/Delivita-Pizza-Turner.jpg\",\"datePublished\":\"2023-12-04T11:14:06+00:00\",\"dateModified\":\"2024-01-02T16:08:13+00:00\",\"description\":\"Delivita Pizza Turner: Maak kennis met deze met de hand vervaardigde pizzaschep, zorgvuldig ontworpen om jouw houtgestookte ovenervaring te verrijken.\",\"breadcrumb\":{\"@id\":\"https:\\\/\\\/bulaoutdoor.nl\\\/product\\\/delivita-pizza-turner\\\/#breadcrumb\"},\"inLanguage\":\"fr-FR\",\"potentialAction\":[{\"@type\":\"ReadAction\",\"target\":[\"https:\\\/\\\/bulaoutdoor.nl\\\/product\\\/delivita-pizza-turner\\\/\"]}]},{\"@type\":\"ImageObject\",\"inLanguage\":\"fr-FR\",\"@id\":\"https:\\\/\\\/bulaoutdoor.nl\\\/product\\\/delivita-pizza-turner\\\/#primaryimage\",\"url\":\"https:\\\/\\\/bulaoutdoor.nl\\\/wp-content\\\/uploads\\\/2023\\\/12\\\/Delivita-Pizza-Turner.jpg\",\"contentUrl\":\"https:\\\/\\\/bulaoutdoor.nl\\\/wp-content\\\/uploads\\\/2023\\\/12\\\/Delivita-Pizza-Turner.jpg\",\"width\":900,\"height\":900,\"caption\":\"Delivita Pizza Turner\"},{\"@type\":\"BreadcrumbList\",\"@id\":\"https:\\\/\\\/bulaoutdoor.nl\\\/product\\\/delivita-pizza-turner\\\/#breadcrumb\",\"itemListElement\":[{\"@type\":\"ListItem\",\"position\":1,\"name\":\"Home\",\"item\":\"https:\\\/\\\/bulaoutdoor.nl\\\/\"},{\"@type\":\"ListItem\",\"position\":2,\"name\":\"Online BBQ kopen\",\"item\":\"https:\\\/\\\/bulaoutdoor.nl\\\/\"},{\"@type\":\"ListItem\",\"position\":3,\"name\":\"Delivita Pizza Turner\"}]},{\"@type\":\"WebSite\",\"@id\":\"https:\\\/\\\/bulaoutdoor.nl\\\/#website\",\"url\":\"https:\\\/\\\/bulaoutdoor.nl\\\/\",\"name\":\"Bula Outdoor\",\"description\":\"Voor uw buitenhaard, BBQ, tuinfakkel en houtoven\",\"publisher\":{\"@id\":\"https:\\\/\\\/bulaoutdoor.nl\\\/#organization\"},\"potentialAction\":[{\"@type\":\"SearchAction\",\"target\":{\"@type\":\"EntryPoint\",\"urlTemplate\":\"https:\\\/\\\/bulaoutdoor.nl\\\/?s={search_term_string}\"},\"query-input\":{\"@type\":\"PropertyValueSpecification\",\"valueRequired\":true,\"valueName\":\"search_term_string\"}}],\"inLanguage\":\"fr-FR\"},{\"@type\":\"Organization\",\"@id\":\"https:\\\/\\\/bulaoutdoor.nl\\\/#organization\",\"name\":\"Bula Outdoor\",\"url\":\"https:\\\/\\\/bulaoutdoor.nl\\\/\",\"logo\":{\"@type\":\"ImageObject\",\"inLanguage\":\"fr-FR\",\"@id\":\"https:\\\/\\\/bulaoutdoor.nl\\\/#\\\/schema\\\/logo\\\/image\\\/\",\"url\":\"https:\\\/\\\/www.bulaoutdoor.nl\\\/wp-content\\\/uploads\\\/2018\\\/04\\\/bulaoutdoor-logo.png\",\"contentUrl\":\"https:\\\/\\\/www.bulaoutdoor.nl\\\/wp-content\\\/uploads\\\/2018\\\/04\\\/bulaoutdoor-logo.png\",\"width\":324,\"height\":91,\"caption\":\"Bula Outdoor\"},\"image\":{\"@id\":\"https:\\\/\\\/bulaoutdoor.nl\\\/#\\\/schema\\\/logo\\\/image\\\/\"}}]}<\/script>\n<!-- \/ Yoast SEO plugin. -->","yoast_head_json":{"title":"Tourne-pizza Delivita - Bula Outdoor","description":"Delivita Pizza Turner : D\u00e9couvrez ce serveur de pizza artisanal, soigneusement con\u00e7u pour enrichir votre exp\u00e9rience du four \u00e0 bois.","robots":{"index":"index","follow":"follow","max-snippet":"max-snippet:-1","max-image-preview":"max-image-preview:large","max-video-preview":"max-video-preview:-1"},"canonical":"https:\/\/bulaoutdoor.nl\/fr\/produit\/tourne-pizza-delivita\/","og_locale":"fr_FR","og_type":"article","og_title":"Delivita Pizza Turner &#8211; Bula Outdoor","og_description":"Delivita Pizza Turner: Maak kennis met deze met de hand vervaardigde pizzaschep, zorgvuldig ontworpen om jouw houtgestookte ovenervaring te verrijken.","og_url":"https:\/\/bulaoutdoor.nl\/fr\/produit\/tourne-pizza-delivita\/","og_site_name":"Bula Outdoor","article_modified_time":"2024-01-02T16:08:13+00:00","og_image":[{"width":900,"height":900,"url":"https:\/\/bulaoutdoor.nl\/wp-content\/uploads\/2023\/12\/Delivita-Pizza-Turner.jpg","type":"image\/jpeg"}],"twitter_card":"summary_large_image","twitter_misc":{"Dur\u00e9e de lecture estim\u00e9e":"2 minutes"},"schema":{"@context":"https:\/\/schema.org","@graph":[{"@type":"WebPage","@id":"https:\/\/bulaoutdoor.nl\/product\/delivita-pizza-turner\/","url":"https:\/\/bulaoutdoor.nl\/product\/delivita-pizza-turner\/","name":"Tourne-pizza Delivita - Bula Outdoor","isPartOf":{"@id":"https:\/\/bulaoutdoor.nl\/#website"},"primaryImageOfPage":{"@id":"https:\/\/bulaoutdoor.nl\/product\/delivita-pizza-turner\/#primaryimage"},"image":{"@id":"https:\/\/bulaoutdoor.nl\/product\/delivita-pizza-turner\/#primaryimage"},"thumbnailUrl":"https:\/\/bulaoutdoor.nl\/wp-content\/uploads\/2023\/12\/Delivita-Pizza-Turner.jpg","datePublished":"2023-12-04T11:14:06+00:00","dateModified":"2024-01-02T16:08:13+00:00","description":"Delivita Pizza Turner : D\u00e9couvrez ce serveur de pizza artisanal, soigneusement con\u00e7u pour enrichir votre exp\u00e9rience du four \u00e0 bois.","breadcrumb":{"@id":"https:\/\/bulaoutdoor.nl\/product\/delivita-pizza-turner\/#breadcrumb"},"inLanguage":"fr-FR","potentialAction":[{"@type":"ReadAction","target":["https:\/\/bulaoutdoor.nl\/product\/delivita-pizza-turner\/"]}]},{"@type":"ImageObject","inLanguage":"fr-FR","@id":"https:\/\/bulaoutdoor.nl\/product\/delivita-pizza-turner\/#primaryimage","url":"https:\/\/bulaoutdoor.nl\/wp-content\/uploads\/2023\/12\/Delivita-Pizza-Turner.jpg","contentUrl":"https:\/\/bulaoutdoor.nl\/wp-content\/uploads\/2023\/12\/Delivita-Pizza-Turner.jpg","width":900,"height":900,"caption":"Delivita Pizza Turner"},{"@type":"BreadcrumbList","@id":"https:\/\/bulaoutdoor.nl\/product\/delivita-pizza-turner\/#breadcrumb","itemListElement":[{"@type":"ListItem","position":1,"name":"Home","item":"https:\/\/bulaoutdoor.nl\/"},{"@type":"ListItem","position":2,"name":"Online BBQ kopen","item":"https:\/\/bulaoutdoor.nl\/"},{"@type":"ListItem","position":3,"name":"Delivita Pizza Turner"}]},{"@type":"WebSite","@id":"https:\/\/bulaoutdoor.nl\/#website","url":"https:\/\/bulaoutdoor.nl\/","name":"Bula Outdoor","description":"Pour votre chemin\u00e9e ext\u00e9rieure, votre barbecue, votre torche de jardin et votre four \u00e0 bois","publisher":{"@id":"https:\/\/bulaoutdoor.nl\/#organization"},"potentialAction":[{"@type":"SearchAction","target":{"@type":"EntryPoint","urlTemplate":"https:\/\/bulaoutdoor.nl\/?s={search_term_string}"},"query-input":{"@type":"PropertyValueSpecification","valueRequired":true,"valueName":"search_term_string"}}],"inLanguage":"fr-FR"},{"@type":"Organization","@id":"https:\/\/bulaoutdoor.nl\/#organization","name":"Bula Outdoor","url":"https:\/\/bulaoutdoor.nl\/","logo":{"@type":"ImageObject","inLanguage":"fr-FR","@id":"https:\/\/bulaoutdoor.nl\/#\/schema\/logo\/image\/","url":"https:\/\/www.bulaoutdoor.nl\/wp-content\/uploads\/2018\/04\/bulaoutdoor-logo.png","contentUrl":"https:\/\/www.bulaoutdoor.nl\/wp-content\/uploads\/2018\/04\/bulaoutdoor-logo.png","width":324,"height":91,"caption":"Bula Outdoor"},"image":{"@id":"https:\/\/bulaoutdoor.nl\/#\/schema\/logo\/image\/"}}]}},"jetpack_sharing_enabled":true,"_links":{"self":[{"href":"https:\/\/bulaoutdoor.nl\/fr\/wp-json\/wp\/v2\/product\/36003","targetHints":{"allow":["GET"]}}],"collection":[{"href":"https:\/\/bulaoutdoor.nl\/fr\/wp-json\/wp\/v2\/product"}],"about":[{"href":"https:\/\/bulaoutdoor.nl\/fr\/wp-json\/wp\/v2\/types\/product"}],"replies":[{"embeddable":true,"href":"https:\/\/bulaoutdoor.nl\/fr\/wp-json\/wp\/v2\/comments?post=36003"}],"wp:featuredmedia":[{"embeddable":true,"href":"https:\/\/bulaoutdoor.nl\/fr\/wp-json\/wp\/v2\/media\/36004"}],"wp:attachment":[{"href":"https:\/\/bulaoutdoor.nl\/fr\/wp-json\/wp\/v2\/media?parent=36003"}],"wp:term":[{"taxonomy":"product_brand","embeddable":true,"href":"https:\/\/bulaoutdoor.nl\/fr\/wp-json\/wp\/v2\/product_brand?post=36003"},{"taxonomy":"product_cat","embeddable":true,"href":"https:\/\/bulaoutdoor.nl\/fr\/wp-json\/wp\/v2\/product_cat?post=36003"},{"taxonomy":"product_tag","embeddable":true,"href":"https:\/\/bulaoutdoor.nl\/fr\/wp-json\/wp\/v2\/product_tag?post=36003"}],"curies":[{"name":"wp","href":"https:\/\/api.w.org\/{rel}","templated":true}]}}