{"id":36010,"date":"2023-12-04T11:34:35","date_gmt":"2023-12-04T11:34:35","guid":{"rendered":"https:\/\/bulaoutdoor.nl\/?post_type=product&#038;p=36010"},"modified":"2024-01-03T12:56:30","modified_gmt":"2024-01-03T12:56:30","slug":"plat-rond-en-fer-delivita","status":"publish","type":"product","link":"https:\/\/bulaoutdoor.nl\/fr\/product\/delivita-round-iron-dish\/","title":{"rendered":"Delivita Plat rond en fer"},"content":{"rendered":"<h4>Delivita Plat rond en fer<\/h4>\n<p>Enrichissez votre exp\u00e9rience culinaire avec le plat en fer rond Delivita, un chef-d'\u0153uvre d'artisanat et de fonctionnalit\u00e9. Ce partenaire de cuisine polyvalent et \u00e9l\u00e9gant est con\u00e7u pour tirer le meilleur parti de vos activit\u00e9s en cuisine.<\/p>\n<ul>\n<li><strong>Avec un diam\u00e8tre de 30 cm<\/strong> Ce plat rond est con\u00e7u pour s'adapter parfaitement au four DeliVita, ce qui en fait un compl\u00e9ment id\u00e9al pour toutes vos aventures culinaires.<\/li>\n<li><strong>Fabriqu\u00e9 en fer de haute qualit\u00e9<\/strong>Ce plat excelle \u00e0 r\u00f4tir, \u00e0 griller et \u00e0 cuire au four, ce qui vous permet de pr\u00e9parer sans effort un large \u00e9ventail de plats app\u00e9tissants.<\/li>\n<li><strong>Qualit\u00e9 sup\u00e9rieure :<\/strong> Ce plat est con\u00e7u pour r\u00e9sister \u00e0 des temp\u00e9ratures \u00e9lev\u00e9es et distribuer la chaleur uniform\u00e9ment pour des r\u00e9sultats de cuisson impeccables.<\/li>\n<li><strong>Facile \u00e0 nettoyer :<\/strong> La surface antiadh\u00e9sive facilite le d\u00e9moulage et le nettoyage des aliments, ce qui vous permet de gagner du temps et d'\u00e9conomiser des efforts dans la cuisine. Dites adieu aux restes tenaces et bonjour \u00e0 l'entretien sans effort.<\/li>\n<li><strong>Construction durable :<\/strong> Con\u00e7u pour durer. Investissez dans un partenaire de cuisine qui r\u00e9siste \u00e0 l'\u00e9preuve du temps.<\/li>\n<\/ul>\n<p>Donnez une nouvelle dimension \u00e0 vos cr\u00e9ations culinaires avec le bol en fer rond Delivita. Profitez d'une facilit\u00e9 de cuisson in\u00e9gal\u00e9e et d'une saveur exceptionnelle gr\u00e2ce \u00e0 ce compl\u00e9ment indispensable \u00e0 votre cuisine.<\/p>\n<p>Commandez le bol en fer rond Delivita directement aupr\u00e8s de Bula Outdoor, votre sp\u00e9cialiste de la protection de l'environnement. <a href=\"https:\/\/bulaoutdoor.nl\/fr\/categorie-de-produits\/fours-a-pizza\/four-a-bois-delivita\/\">Sp\u00e9cialiste des fours \u00e0 pizza !<\/a><\/p>","protected":false},"excerpt":{"rendered":"<p>Delivita Plat rond en fer<\/p>","protected":false},"featured_media":36011,"comment_status":"open","ping_status":"closed","template":"","meta":{"_acf_changed":false},"product_brand":[],"product_cat":[1334],"product_tag":[1333,87,91,1330],"class_list":{"0":"post-36010","1":"product","2":"type-product","3":"status-publish","4":"has-post-thumbnail","6":"product_cat-delivita-accessoires","7":"product_tag-delivita","8":"product_tag-gietijzer","9":"product_tag-pizza","10":"product_tag-tools","12":"first","13":"instock","14":"taxable","15":"shipping-taxable","16":"purchasable","17":"product-type-simple"},"acf":[],"yoast_head":"<!-- This site is optimized with the Yoast SEO plugin v27.5 - https:\/\/yoast.com\/product\/yoast-seo-wordpress\/ -->\n<title>Delivita Round Iron Dish &#8211; Bula Outdoor<\/title>\n<meta name=\"description\" content=\"Delivita Round Iron Dish is ontworpen voor veelzijdigheid. Met een diameter van 30 cm past de schaal perfect in de DeliVita oven.\" \/>\n<meta name=\"robots\" content=\"index, follow, max-snippet:-1, max-image-preview:large, max-video-preview:-1\" \/>\n<link rel=\"canonical\" href=\"https:\/\/bulaoutdoor.nl\/fr\/produit\/plat-rond-en-fer-delivita\/\" \/>\n<meta property=\"og:locale\" content=\"fr_FR\" \/>\n<meta property=\"og:type\" content=\"article\" \/>\n<meta property=\"og:title\" content=\"Delivita Round Iron Dish &#8211; Bula Outdoor\" \/>\n<meta property=\"og:description\" content=\"Delivita Round Iron Dish is ontworpen voor veelzijdigheid. Met een diameter van 30 cm past de schaal perfect in de DeliVita oven.\" \/>\n<meta property=\"og:url\" content=\"https:\/\/bulaoutdoor.nl\/fr\/produit\/plat-rond-en-fer-delivita\/\" \/>\n<meta property=\"og:site_name\" content=\"Bula Outdoor\" \/>\n<meta property=\"article:modified_time\" content=\"2024-01-03T12:56:30+00:00\" \/>\n<meta property=\"og:image\" content=\"https:\/\/bulaoutdoor.nl\/wp-content\/uploads\/2023\/12\/Delivita-Round-Iron-Dish.jpg\" \/>\n\t<meta property=\"og:image:width\" content=\"900\" \/>\n\t<meta property=\"og:image:height\" content=\"900\" \/>\n\t<meta property=\"og:image:type\" content=\"image\/jpeg\" \/>\n<meta name=\"twitter:card\" content=\"summary_large_image\" \/>\n<meta name=\"twitter:label1\" content=\"Dur\u00e9e de lecture estim\u00e9e\" \/>\n\t<meta name=\"twitter:data1\" content=\"2 minutes\" \/>\n<script type=\"application\/ld+json\" class=\"yoast-schema-graph\">{\"@context\":\"https:\\\/\\\/schema.org\",\"@graph\":[{\"@type\":\"WebPage\",\"@id\":\"https:\\\/\\\/bulaoutdoor.nl\\\/product\\\/delivita-round-iron-dish\\\/\",\"url\":\"https:\\\/\\\/bulaoutdoor.nl\\\/product\\\/delivita-round-iron-dish\\\/\",\"name\":\"Delivita Round Iron Dish &#8211; Bula Outdoor\",\"isPartOf\":{\"@id\":\"https:\\\/\\\/bulaoutdoor.nl\\\/#website\"},\"primaryImageOfPage\":{\"@id\":\"https:\\\/\\\/bulaoutdoor.nl\\\/product\\\/delivita-round-iron-dish\\\/#primaryimage\"},\"image\":{\"@id\":\"https:\\\/\\\/bulaoutdoor.nl\\\/product\\\/delivita-round-iron-dish\\\/#primaryimage\"},\"thumbnailUrl\":\"https:\\\/\\\/bulaoutdoor.nl\\\/wp-content\\\/uploads\\\/2023\\\/12\\\/Delivita-Round-Iron-Dish.jpg\",\"datePublished\":\"2023-12-04T11:34:35+00:00\",\"dateModified\":\"2024-01-03T12:56:30+00:00\",\"description\":\"Delivita Round Iron Dish is ontworpen voor veelzijdigheid. Met een diameter van 30 cm past de schaal perfect in de DeliVita oven.\",\"breadcrumb\":{\"@id\":\"https:\\\/\\\/bulaoutdoor.nl\\\/product\\\/delivita-round-iron-dish\\\/#breadcrumb\"},\"inLanguage\":\"fr-FR\",\"potentialAction\":[{\"@type\":\"ReadAction\",\"target\":[\"https:\\\/\\\/bulaoutdoor.nl\\\/product\\\/delivita-round-iron-dish\\\/\"]}]},{\"@type\":\"ImageObject\",\"inLanguage\":\"fr-FR\",\"@id\":\"https:\\\/\\\/bulaoutdoor.nl\\\/product\\\/delivita-round-iron-dish\\\/#primaryimage\",\"url\":\"https:\\\/\\\/bulaoutdoor.nl\\\/wp-content\\\/uploads\\\/2023\\\/12\\\/Delivita-Round-Iron-Dish.jpg\",\"contentUrl\":\"https:\\\/\\\/bulaoutdoor.nl\\\/wp-content\\\/uploads\\\/2023\\\/12\\\/Delivita-Round-Iron-Dish.jpg\",\"width\":900,\"height\":900,\"caption\":\"Delivita Round Iron Dish\"},{\"@type\":\"BreadcrumbList\",\"@id\":\"https:\\\/\\\/bulaoutdoor.nl\\\/product\\\/delivita-round-iron-dish\\\/#breadcrumb\",\"itemListElement\":[{\"@type\":\"ListItem\",\"position\":1,\"name\":\"Home\",\"item\":\"https:\\\/\\\/bulaoutdoor.nl\\\/\"},{\"@type\":\"ListItem\",\"position\":2,\"name\":\"Online BBQ kopen\",\"item\":\"https:\\\/\\\/bulaoutdoor.nl\\\/\"},{\"@type\":\"ListItem\",\"position\":3,\"name\":\"Delivita Round Iron Dish\"}]},{\"@type\":\"WebSite\",\"@id\":\"https:\\\/\\\/bulaoutdoor.nl\\\/#website\",\"url\":\"https:\\\/\\\/bulaoutdoor.nl\\\/\",\"name\":\"Bula Outdoor\",\"description\":\"Voor uw buitenhaard, BBQ, tuinfakkel en houtoven\",\"publisher\":{\"@id\":\"https:\\\/\\\/bulaoutdoor.nl\\\/#organization\"},\"potentialAction\":[{\"@type\":\"SearchAction\",\"target\":{\"@type\":\"EntryPoint\",\"urlTemplate\":\"https:\\\/\\\/bulaoutdoor.nl\\\/?s={search_term_string}\"},\"query-input\":{\"@type\":\"PropertyValueSpecification\",\"valueRequired\":true,\"valueName\":\"search_term_string\"}}],\"inLanguage\":\"fr-FR\"},{\"@type\":\"Organization\",\"@id\":\"https:\\\/\\\/bulaoutdoor.nl\\\/#organization\",\"name\":\"Bula Outdoor\",\"url\":\"https:\\\/\\\/bulaoutdoor.nl\\\/\",\"logo\":{\"@type\":\"ImageObject\",\"inLanguage\":\"fr-FR\",\"@id\":\"https:\\\/\\\/bulaoutdoor.nl\\\/#\\\/schema\\\/logo\\\/image\\\/\",\"url\":\"https:\\\/\\\/www.bulaoutdoor.nl\\\/wp-content\\\/uploads\\\/2018\\\/04\\\/bulaoutdoor-logo.png\",\"contentUrl\":\"https:\\\/\\\/www.bulaoutdoor.nl\\\/wp-content\\\/uploads\\\/2018\\\/04\\\/bulaoutdoor-logo.png\",\"width\":324,\"height\":91,\"caption\":\"Bula Outdoor\"},\"image\":{\"@id\":\"https:\\\/\\\/bulaoutdoor.nl\\\/#\\\/schema\\\/logo\\\/image\\\/\"}}]}<\/script>\n<!-- \/ Yoast SEO plugin. -->","yoast_head_json":{"title":"Delivita Plat rond en fer - Bula Outdoor","description":"Le plat rond en fer de Delivita est con\u00e7u pour \u00eatre polyvalent. Avec un diam\u00e8tre de 30 cm, le plat s'adapte parfaitement au four DeliVita.","robots":{"index":"index","follow":"follow","max-snippet":"max-snippet:-1","max-image-preview":"max-image-preview:large","max-video-preview":"max-video-preview:-1"},"canonical":"https:\/\/bulaoutdoor.nl\/fr\/produit\/plat-rond-en-fer-delivita\/","og_locale":"fr_FR","og_type":"article","og_title":"Delivita Round Iron Dish &#8211; Bula Outdoor","og_description":"Delivita Round Iron Dish is ontworpen voor veelzijdigheid. Met een diameter van 30 cm past de schaal perfect in de DeliVita oven.","og_url":"https:\/\/bulaoutdoor.nl\/fr\/produit\/plat-rond-en-fer-delivita\/","og_site_name":"Bula Outdoor","article_modified_time":"2024-01-03T12:56:30+00:00","og_image":[{"width":900,"height":900,"url":"https:\/\/bulaoutdoor.nl\/wp-content\/uploads\/2023\/12\/Delivita-Round-Iron-Dish.jpg","type":"image\/jpeg"}],"twitter_card":"summary_large_image","twitter_misc":{"Dur\u00e9e de lecture estim\u00e9e":"2 minutes"},"schema":{"@context":"https:\/\/schema.org","@graph":[{"@type":"WebPage","@id":"https:\/\/bulaoutdoor.nl\/product\/delivita-round-iron-dish\/","url":"https:\/\/bulaoutdoor.nl\/product\/delivita-round-iron-dish\/","name":"Delivita Plat rond en fer - Bula Outdoor","isPartOf":{"@id":"https:\/\/bulaoutdoor.nl\/#website"},"primaryImageOfPage":{"@id":"https:\/\/bulaoutdoor.nl\/product\/delivita-round-iron-dish\/#primaryimage"},"image":{"@id":"https:\/\/bulaoutdoor.nl\/product\/delivita-round-iron-dish\/#primaryimage"},"thumbnailUrl":"https:\/\/bulaoutdoor.nl\/wp-content\/uploads\/2023\/12\/Delivita-Round-Iron-Dish.jpg","datePublished":"2023-12-04T11:34:35+00:00","dateModified":"2024-01-03T12:56:30+00:00","description":"Le plat rond en fer de Delivita est con\u00e7u pour \u00eatre polyvalent. Avec un diam\u00e8tre de 30 cm, le plat s'adapte parfaitement au four DeliVita.","breadcrumb":{"@id":"https:\/\/bulaoutdoor.nl\/product\/delivita-round-iron-dish\/#breadcrumb"},"inLanguage":"fr-FR","potentialAction":[{"@type":"ReadAction","target":["https:\/\/bulaoutdoor.nl\/product\/delivita-round-iron-dish\/"]}]},{"@type":"ImageObject","inLanguage":"fr-FR","@id":"https:\/\/bulaoutdoor.nl\/product\/delivita-round-iron-dish\/#primaryimage","url":"https:\/\/bulaoutdoor.nl\/wp-content\/uploads\/2023\/12\/Delivita-Round-Iron-Dish.jpg","contentUrl":"https:\/\/bulaoutdoor.nl\/wp-content\/uploads\/2023\/12\/Delivita-Round-Iron-Dish.jpg","width":900,"height":900,"caption":"Delivita Round Iron Dish"},{"@type":"BreadcrumbList","@id":"https:\/\/bulaoutdoor.nl\/product\/delivita-round-iron-dish\/#breadcrumb","itemListElement":[{"@type":"ListItem","position":1,"name":"Home","item":"https:\/\/bulaoutdoor.nl\/"},{"@type":"ListItem","position":2,"name":"Online BBQ kopen","item":"https:\/\/bulaoutdoor.nl\/"},{"@type":"ListItem","position":3,"name":"Delivita Round Iron Dish"}]},{"@type":"WebSite","@id":"https:\/\/bulaoutdoor.nl\/#website","url":"https:\/\/bulaoutdoor.nl\/","name":"Bula Outdoor","description":"Pour votre chemin\u00e9e ext\u00e9rieure, votre barbecue, votre torche de jardin et votre four \u00e0 bois","publisher":{"@id":"https:\/\/bulaoutdoor.nl\/#organization"},"potentialAction":[{"@type":"SearchAction","target":{"@type":"EntryPoint","urlTemplate":"https:\/\/bulaoutdoor.nl\/?s={search_term_string}"},"query-input":{"@type":"PropertyValueSpecification","valueRequired":true,"valueName":"search_term_string"}}],"inLanguage":"fr-FR"},{"@type":"Organization","@id":"https:\/\/bulaoutdoor.nl\/#organization","name":"Bula Outdoor","url":"https:\/\/bulaoutdoor.nl\/","logo":{"@type":"ImageObject","inLanguage":"fr-FR","@id":"https:\/\/bulaoutdoor.nl\/#\/schema\/logo\/image\/","url":"https:\/\/www.bulaoutdoor.nl\/wp-content\/uploads\/2018\/04\/bulaoutdoor-logo.png","contentUrl":"https:\/\/www.bulaoutdoor.nl\/wp-content\/uploads\/2018\/04\/bulaoutdoor-logo.png","width":324,"height":91,"caption":"Bula Outdoor"},"image":{"@id":"https:\/\/bulaoutdoor.nl\/#\/schema\/logo\/image\/"}}]}},"jetpack_sharing_enabled":true,"_links":{"self":[{"href":"https:\/\/bulaoutdoor.nl\/fr\/wp-json\/wp\/v2\/product\/36010","targetHints":{"allow":["GET"]}}],"collection":[{"href":"https:\/\/bulaoutdoor.nl\/fr\/wp-json\/wp\/v2\/product"}],"about":[{"href":"https:\/\/bulaoutdoor.nl\/fr\/wp-json\/wp\/v2\/types\/product"}],"replies":[{"embeddable":true,"href":"https:\/\/bulaoutdoor.nl\/fr\/wp-json\/wp\/v2\/comments?post=36010"}],"wp:featuredmedia":[{"embeddable":true,"href":"https:\/\/bulaoutdoor.nl\/fr\/wp-json\/wp\/v2\/media\/36011"}],"wp:attachment":[{"href":"https:\/\/bulaoutdoor.nl\/fr\/wp-json\/wp\/v2\/media?parent=36010"}],"wp:term":[{"taxonomy":"product_brand","embeddable":true,"href":"https:\/\/bulaoutdoor.nl\/fr\/wp-json\/wp\/v2\/product_brand?post=36010"},{"taxonomy":"product_cat","embeddable":true,"href":"https:\/\/bulaoutdoor.nl\/fr\/wp-json\/wp\/v2\/product_cat?post=36010"},{"taxonomy":"product_tag","embeddable":true,"href":"https:\/\/bulaoutdoor.nl\/fr\/wp-json\/wp\/v2\/product_tag?post=36010"}],"curies":[{"name":"wp","href":"https:\/\/api.w.org\/{rel}","templated":true}]}}