{"id":36223,"date":"2023-12-11T09:44:51","date_gmt":"2023-12-11T09:44:51","guid":{"rendered":"https:\/\/bulaoutdoor.nl\/?post_type=product&#038;p=36223"},"modified":"2024-01-03T13:02:57","modified_gmt":"2024-01-03T13:02:57","slug":"delivita-deluxe-four-stand-2","status":"publish","type":"product","link":"https:\/\/bulaoutdoor.nl\/fr\/product\/delivita-deluxe-oven-stand\/","title":{"rendered":"Delivita Support de four de luxe"},"content":{"rendered":"<h4>Delivita Support de four de luxe<\/h4>\n<p>C'est le compl\u00e9ment parfait \u00e0 votre exp\u00e9rience de la cuisine en plein air. Fabriqu\u00e9 avec pr\u00e9cision et con\u00e7u pour la fonctionnalit\u00e9. Ce support de four de luxe est le compagnon id\u00e9al de votre four \u00e0 bois Delivita, offrant \u00e0 la fois style et commodit\u00e9.<\/p>\n<ul>\n<li>Design \u00e9l\u00e9gant et contemporain des designers prim\u00e9s DeliVita.<\/li>\n<li>Con\u00e7u pour \u00eatre utilis\u00e9 avec tous les fours DeliVita.<\/li>\n<li>Fabriqu\u00e9 en acier inoxydable durable.<\/li>\n<li>Largeur 66,5 cm x Longueur 106,5 cm x Hauteur 90,3 cm.<\/li>\n<li>Repli\u00e9e : 67cm x 10cm x 111.5cm.<\/li>\n<li>Les crochets offrent un acc\u00e8s direct aux accessoires DeliVita.<\/li>\n<\/ul>\n<p>Fabriqu\u00e9 \u00e0 partir de mat\u00e9riaux durables, ce support assure stabilit\u00e9 et s\u00e9curit\u00e9 pendant que vous pr\u00e9parez de d\u00e9licieux repas. Son design \u00e9l\u00e9gant rehausse non seulement l'ambiance de votre espace ext\u00e9rieur, mais fournit \u00e9galement une plate-forme solide pour votre four, ce qui facilite son utilisation.<\/p>\n<p>Con\u00e7u avec soin pour r\u00e9pondre aux normes de qualit\u00e9 les plus \u00e9lev\u00e9es, ce support pour le four Delivita offre une base solide pour votre four, permettant un acc\u00e8s confortable lors de la pr\u00e9paration et du service de vos cr\u00e9ations culinaires. Gr\u00e2ce \u00e0 ses caract\u00e9ristiques de r\u00e9sistance aux intemp\u00e9ries, ce support est durable et convient \u00e0 une utilisation en ext\u00e9rieur tout au long de l'ann\u00e9e.<\/p>\n<p>D\u00e9couvrez la commodit\u00e9 et l'\u00e9l\u00e9gance du support de four Delivita Deluxe. Faites passer votre exp\u00e9rience de la cuisine en plein air au niveau sup\u00e9rieur et transformez vos r\u00e9unions en moments culinaires inoubliables.<\/p>\n<p>Commandez cette base robuste directement aupr\u00e8s de Bula Outdoor u <a href=\"https:\/\/bulaoutdoor.nl\/fr\/categorie-de-produits\/fours-a-pizza\/four-a-bois-delivita\/\">Sp\u00e9cialiste des fours \u00e0 pizza !<\/a><\/p>","protected":false},"excerpt":{"rendered":"<h4>Delivita Support de four de luxe<\/h4>","protected":false},"featured_media":36225,"comment_status":"open","ping_status":"closed","template":"","meta":{"_acf_changed":false},"product_brand":[],"product_cat":[1334],"product_tag":[1333,1353,1354,1352,91],"class_list":{"0":"post-36223","1":"product","2":"type-product","3":"status-publish","4":"has-post-thumbnail","6":"product_cat-delivita-accessoires","7":"product_tag-delivita","8":"product_tag-deluxe","9":"product_tag-onderstel","10":"product_tag-oven-stand","11":"product_tag-pizza","13":"first","14":"instock","15":"taxable","16":"shipping-taxable","17":"purchasable","18":"product-type-simple"},"acf":[],"yoast_head":"<!-- This site is optimized with the Yoast SEO plugin v27.5 - https:\/\/yoast.com\/product\/yoast-seo-wordpress\/ -->\n<title>Delivita Deluxe Oven Stand &#8211; Bula Outdoor<\/title>\n<meta name=\"description\" content=\"Deze Delivita oven stand is de perfecte aanvulling op jouw ervaring met buiten koken. De ideale metgezel voor jouw Delivita houtgestookte oven!\" \/>\n<meta name=\"robots\" content=\"index, follow, max-snippet:-1, max-image-preview:large, max-video-preview:-1\" \/>\n<link rel=\"canonical\" href=\"https:\/\/bulaoutdoor.nl\/fr\/produit\/delivita-deluxe-four-stand-2\/\" \/>\n<meta property=\"og:locale\" content=\"fr_FR\" \/>\n<meta property=\"og:type\" content=\"article\" \/>\n<meta property=\"og:title\" content=\"Delivita Deluxe Oven Stand &#8211; Bula Outdoor\" \/>\n<meta property=\"og:description\" content=\"Deze Delivita oven stand is de perfecte aanvulling op jouw ervaring met buiten koken. De ideale metgezel voor jouw Delivita houtgestookte oven!\" \/>\n<meta property=\"og:url\" content=\"https:\/\/bulaoutdoor.nl\/fr\/produit\/delivita-deluxe-four-stand-2\/\" \/>\n<meta property=\"og:site_name\" content=\"Bula Outdoor\" \/>\n<meta property=\"article:modified_time\" content=\"2024-01-03T13:02:57+00:00\" \/>\n<meta property=\"og:image\" content=\"https:\/\/bulaoutdoor.nl\/wp-content\/uploads\/2023\/12\/Delivita-Deluxe-Oven-Stand.jpg\" \/>\n\t<meta property=\"og:image:width\" content=\"900\" \/>\n\t<meta property=\"og:image:height\" content=\"900\" \/>\n\t<meta property=\"og:image:type\" content=\"image\/jpeg\" \/>\n<meta name=\"twitter:card\" content=\"summary_large_image\" \/>\n<meta name=\"twitter:label1\" content=\"Dur\u00e9e de lecture estim\u00e9e\" \/>\n\t<meta name=\"twitter:data1\" content=\"2 minutes\" \/>\n<script type=\"application\/ld+json\" class=\"yoast-schema-graph\">{\"@context\":\"https:\\\/\\\/schema.org\",\"@graph\":[{\"@type\":\"WebPage\",\"@id\":\"https:\\\/\\\/bulaoutdoor.nl\\\/product\\\/delivita-deluxe-oven-stand\\\/\",\"url\":\"https:\\\/\\\/bulaoutdoor.nl\\\/product\\\/delivita-deluxe-oven-stand\\\/\",\"name\":\"Delivita Deluxe Oven Stand &#8211; Bula Outdoor\",\"isPartOf\":{\"@id\":\"https:\\\/\\\/bulaoutdoor.nl\\\/#website\"},\"primaryImageOfPage\":{\"@id\":\"https:\\\/\\\/bulaoutdoor.nl\\\/product\\\/delivita-deluxe-oven-stand\\\/#primaryimage\"},\"image\":{\"@id\":\"https:\\\/\\\/bulaoutdoor.nl\\\/product\\\/delivita-deluxe-oven-stand\\\/#primaryimage\"},\"thumbnailUrl\":\"https:\\\/\\\/bulaoutdoor.nl\\\/wp-content\\\/uploads\\\/2023\\\/12\\\/Delivita-Deluxe-Oven-Stand.jpg\",\"datePublished\":\"2023-12-11T09:44:51+00:00\",\"dateModified\":\"2024-01-03T13:02:57+00:00\",\"description\":\"Deze Delivita oven stand is de perfecte aanvulling op jouw ervaring met buiten koken. De ideale metgezel voor jouw Delivita houtgestookte oven!\",\"breadcrumb\":{\"@id\":\"https:\\\/\\\/bulaoutdoor.nl\\\/product\\\/delivita-deluxe-oven-stand\\\/#breadcrumb\"},\"inLanguage\":\"fr-FR\",\"potentialAction\":[{\"@type\":\"ReadAction\",\"target\":[\"https:\\\/\\\/bulaoutdoor.nl\\\/product\\\/delivita-deluxe-oven-stand\\\/\"]}]},{\"@type\":\"ImageObject\",\"inLanguage\":\"fr-FR\",\"@id\":\"https:\\\/\\\/bulaoutdoor.nl\\\/product\\\/delivita-deluxe-oven-stand\\\/#primaryimage\",\"url\":\"https:\\\/\\\/bulaoutdoor.nl\\\/wp-content\\\/uploads\\\/2023\\\/12\\\/Delivita-Deluxe-Oven-Stand.jpg\",\"contentUrl\":\"https:\\\/\\\/bulaoutdoor.nl\\\/wp-content\\\/uploads\\\/2023\\\/12\\\/Delivita-Deluxe-Oven-Stand.jpg\",\"width\":900,\"height\":900,\"caption\":\"Delivita deluxe Oven Stand\"},{\"@type\":\"BreadcrumbList\",\"@id\":\"https:\\\/\\\/bulaoutdoor.nl\\\/product\\\/delivita-deluxe-oven-stand\\\/#breadcrumb\",\"itemListElement\":[{\"@type\":\"ListItem\",\"position\":1,\"name\":\"Home\",\"item\":\"https:\\\/\\\/bulaoutdoor.nl\\\/\"},{\"@type\":\"ListItem\",\"position\":2,\"name\":\"Online BBQ kopen\",\"item\":\"https:\\\/\\\/bulaoutdoor.nl\\\/\"},{\"@type\":\"ListItem\",\"position\":3,\"name\":\"Delivita Deluxe Oven Stand\"}]},{\"@type\":\"WebSite\",\"@id\":\"https:\\\/\\\/bulaoutdoor.nl\\\/#website\",\"url\":\"https:\\\/\\\/bulaoutdoor.nl\\\/\",\"name\":\"Bula Outdoor\",\"description\":\"Voor uw buitenhaard, BBQ, tuinfakkel en houtoven\",\"publisher\":{\"@id\":\"https:\\\/\\\/bulaoutdoor.nl\\\/#organization\"},\"potentialAction\":[{\"@type\":\"SearchAction\",\"target\":{\"@type\":\"EntryPoint\",\"urlTemplate\":\"https:\\\/\\\/bulaoutdoor.nl\\\/?s={search_term_string}\"},\"query-input\":{\"@type\":\"PropertyValueSpecification\",\"valueRequired\":true,\"valueName\":\"search_term_string\"}}],\"inLanguage\":\"fr-FR\"},{\"@type\":\"Organization\",\"@id\":\"https:\\\/\\\/bulaoutdoor.nl\\\/#organization\",\"name\":\"Bula Outdoor\",\"url\":\"https:\\\/\\\/bulaoutdoor.nl\\\/\",\"logo\":{\"@type\":\"ImageObject\",\"inLanguage\":\"fr-FR\",\"@id\":\"https:\\\/\\\/bulaoutdoor.nl\\\/#\\\/schema\\\/logo\\\/image\\\/\",\"url\":\"https:\\\/\\\/www.bulaoutdoor.nl\\\/wp-content\\\/uploads\\\/2018\\\/04\\\/bulaoutdoor-logo.png\",\"contentUrl\":\"https:\\\/\\\/www.bulaoutdoor.nl\\\/wp-content\\\/uploads\\\/2018\\\/04\\\/bulaoutdoor-logo.png\",\"width\":324,\"height\":91,\"caption\":\"Bula Outdoor\"},\"image\":{\"@id\":\"https:\\\/\\\/bulaoutdoor.nl\\\/#\\\/schema\\\/logo\\\/image\\\/\"}}]}<\/script>\n<!-- \/ Yoast SEO plugin. -->","yoast_head_json":{"title":"Delivita Support de four de luxe - Bula Outdoor","description":"Ce support de four Delivita est le compl\u00e9ment parfait de votre exp\u00e9rience de cuisine en plein air. Le compagnon id\u00e9al pour votre four \u00e0 bois Delivita !","robots":{"index":"index","follow":"follow","max-snippet":"max-snippet:-1","max-image-preview":"max-image-preview:large","max-video-preview":"max-video-preview:-1"},"canonical":"https:\/\/bulaoutdoor.nl\/fr\/produit\/delivita-deluxe-four-stand-2\/","og_locale":"fr_FR","og_type":"article","og_title":"Delivita Deluxe Oven Stand &#8211; Bula Outdoor","og_description":"Deze Delivita oven stand is de perfecte aanvulling op jouw ervaring met buiten koken. De ideale metgezel voor jouw Delivita houtgestookte oven!","og_url":"https:\/\/bulaoutdoor.nl\/fr\/produit\/delivita-deluxe-four-stand-2\/","og_site_name":"Bula Outdoor","article_modified_time":"2024-01-03T13:02:57+00:00","og_image":[{"width":900,"height":900,"url":"https:\/\/bulaoutdoor.nl\/wp-content\/uploads\/2023\/12\/Delivita-Deluxe-Oven-Stand.jpg","type":"image\/jpeg"}],"twitter_card":"summary_large_image","twitter_misc":{"Dur\u00e9e de lecture estim\u00e9e":"2 minutes"},"schema":{"@context":"https:\/\/schema.org","@graph":[{"@type":"WebPage","@id":"https:\/\/bulaoutdoor.nl\/product\/delivita-deluxe-oven-stand\/","url":"https:\/\/bulaoutdoor.nl\/product\/delivita-deluxe-oven-stand\/","name":"Delivita Support de four de luxe - Bula Outdoor","isPartOf":{"@id":"https:\/\/bulaoutdoor.nl\/#website"},"primaryImageOfPage":{"@id":"https:\/\/bulaoutdoor.nl\/product\/delivita-deluxe-oven-stand\/#primaryimage"},"image":{"@id":"https:\/\/bulaoutdoor.nl\/product\/delivita-deluxe-oven-stand\/#primaryimage"},"thumbnailUrl":"https:\/\/bulaoutdoor.nl\/wp-content\/uploads\/2023\/12\/Delivita-Deluxe-Oven-Stand.jpg","datePublished":"2023-12-11T09:44:51+00:00","dateModified":"2024-01-03T13:02:57+00:00","description":"Ce support de four Delivita est le compl\u00e9ment parfait de votre exp\u00e9rience de cuisine en plein air. Le compagnon id\u00e9al pour votre four \u00e0 bois Delivita !","breadcrumb":{"@id":"https:\/\/bulaoutdoor.nl\/product\/delivita-deluxe-oven-stand\/#breadcrumb"},"inLanguage":"fr-FR","potentialAction":[{"@type":"ReadAction","target":["https:\/\/bulaoutdoor.nl\/product\/delivita-deluxe-oven-stand\/"]}]},{"@type":"ImageObject","inLanguage":"fr-FR","@id":"https:\/\/bulaoutdoor.nl\/product\/delivita-deluxe-oven-stand\/#primaryimage","url":"https:\/\/bulaoutdoor.nl\/wp-content\/uploads\/2023\/12\/Delivita-Deluxe-Oven-Stand.jpg","contentUrl":"https:\/\/bulaoutdoor.nl\/wp-content\/uploads\/2023\/12\/Delivita-Deluxe-Oven-Stand.jpg","width":900,"height":900,"caption":"Delivita deluxe Oven Stand"},{"@type":"BreadcrumbList","@id":"https:\/\/bulaoutdoor.nl\/product\/delivita-deluxe-oven-stand\/#breadcrumb","itemListElement":[{"@type":"ListItem","position":1,"name":"Home","item":"https:\/\/bulaoutdoor.nl\/"},{"@type":"ListItem","position":2,"name":"Online BBQ kopen","item":"https:\/\/bulaoutdoor.nl\/"},{"@type":"ListItem","position":3,"name":"Delivita Deluxe Oven Stand"}]},{"@type":"WebSite","@id":"https:\/\/bulaoutdoor.nl\/#website","url":"https:\/\/bulaoutdoor.nl\/","name":"Bula Outdoor","description":"Pour votre chemin\u00e9e ext\u00e9rieure, votre barbecue, votre torche de jardin et votre four \u00e0 bois","publisher":{"@id":"https:\/\/bulaoutdoor.nl\/#organization"},"potentialAction":[{"@type":"SearchAction","target":{"@type":"EntryPoint","urlTemplate":"https:\/\/bulaoutdoor.nl\/?s={search_term_string}"},"query-input":{"@type":"PropertyValueSpecification","valueRequired":true,"valueName":"search_term_string"}}],"inLanguage":"fr-FR"},{"@type":"Organization","@id":"https:\/\/bulaoutdoor.nl\/#organization","name":"Bula Outdoor","url":"https:\/\/bulaoutdoor.nl\/","logo":{"@type":"ImageObject","inLanguage":"fr-FR","@id":"https:\/\/bulaoutdoor.nl\/#\/schema\/logo\/image\/","url":"https:\/\/www.bulaoutdoor.nl\/wp-content\/uploads\/2018\/04\/bulaoutdoor-logo.png","contentUrl":"https:\/\/www.bulaoutdoor.nl\/wp-content\/uploads\/2018\/04\/bulaoutdoor-logo.png","width":324,"height":91,"caption":"Bula Outdoor"},"image":{"@id":"https:\/\/bulaoutdoor.nl\/#\/schema\/logo\/image\/"}}]}},"jetpack_sharing_enabled":true,"_links":{"self":[{"href":"https:\/\/bulaoutdoor.nl\/fr\/wp-json\/wp\/v2\/product\/36223","targetHints":{"allow":["GET"]}}],"collection":[{"href":"https:\/\/bulaoutdoor.nl\/fr\/wp-json\/wp\/v2\/product"}],"about":[{"href":"https:\/\/bulaoutdoor.nl\/fr\/wp-json\/wp\/v2\/types\/product"}],"replies":[{"embeddable":true,"href":"https:\/\/bulaoutdoor.nl\/fr\/wp-json\/wp\/v2\/comments?post=36223"}],"wp:featuredmedia":[{"embeddable":true,"href":"https:\/\/bulaoutdoor.nl\/fr\/wp-json\/wp\/v2\/media\/36225"}],"wp:attachment":[{"href":"https:\/\/bulaoutdoor.nl\/fr\/wp-json\/wp\/v2\/media?parent=36223"}],"wp:term":[{"taxonomy":"product_brand","embeddable":true,"href":"https:\/\/bulaoutdoor.nl\/fr\/wp-json\/wp\/v2\/product_brand?post=36223"},{"taxonomy":"product_cat","embeddable":true,"href":"https:\/\/bulaoutdoor.nl\/fr\/wp-json\/wp\/v2\/product_cat?post=36223"},{"taxonomy":"product_tag","embeddable":true,"href":"https:\/\/bulaoutdoor.nl\/fr\/wp-json\/wp\/v2\/product_tag?post=36223"}],"curies":[{"name":"wp","href":"https:\/\/api.w.org\/{rel}","templated":true}]}}