{"id":36228,"date":"2023-12-11T10:12:52","date_gmt":"2023-12-11T10:12:52","guid":{"rendered":"https:\/\/bulaoutdoor.nl\/?post_type=product&#038;p=36228"},"modified":"2023-12-11T13:26:05","modified_gmt":"2023-12-11T13:26:05","slug":"reflecteur-de-feu-delivita","status":"publish","type":"product","link":"https:\/\/bulaoutdoor.nl\/fr\/product\/delivita-fire-reflector\/","title":{"rendered":"Delivita Fire Reflector (Prochainement)"},"content":{"rendered":"<p>Le r\u00e9flecteur de feu Delivita am\u00e9liore votre exp\u00e9rience de la cuisine en plein air gr\u00e2ce \u00e0 une distribution uniforme de la chaleur dans le four. C'est un compl\u00e9ment id\u00e9al au four \u00e0 bois Delivita.<\/p>\n<p><strong>Avantages du r\u00e9flecteur de feu Delivita :<\/strong><\/p>\n<ul>\n<li><strong>Distribution optimis\u00e9e de la chaleur :<\/strong> La chaleur simultan\u00e9e garantit des plats parfaitement cuits, croustillants \u00e0 l'ext\u00e9rieur et juteux \u00e0 l'int\u00e9rieur.<\/li>\n<li><strong>Cuisson efficace :<\/strong> Il r\u00e9fl\u00e9chit la chaleur, r\u00e9duit le temps de cuisson et \u00e9conomise l'\u00e9nergie, ce qui le rend rentable et permet de gagner du temps.<\/li>\n<li><strong>Utilisation polyvalente :<\/strong> Qu'il s'agisse de pizza, de l\u00e9gumes r\u00f4tis ou de pain fra\u00eechement cuit, il donne toujours les m\u00eames r\u00e9sultats.<\/li>\n<li><strong>Durabilit\u00e9 :<\/strong> Fabriqu\u00e9 \u00e0 partir de mat\u00e9riaux r\u00e9sistants \u00e0 la chaleur pour une utilisation \u00e0 long terme et une fiabilit\u00e9 dans la cuisine.<\/li>\n<\/ul>\n<p><strong>Pourquoi choisir Delivita ?<\/strong><\/p>\n<p>Delivita est connu pour ses produits de cuisine de plein air de haute qualit\u00e9 et ce r\u00e9flecteur de feu ne fait pas exception \u00e0 la r\u00e8gle.<\/p>\n<p>Avec le r\u00e9flecteur de feu Delivita, vous atteignez la perfection culinaire. Il rend la cuisine en plein air plus efficace et plus savoureuse que jamais.<\/p>\n<p>Commandez le r\u00e9flecteur de feu Delivita directement aupr\u00e8s de Bula Outdoor u <a href=\"https:\/\/bulaoutdoor.nl\/fr\/categorie-de-produits\/fours-a-pizza\/four-a-bois-delivita\/\">Sp\u00e9cialiste des fours \u00e0 pizza !<\/a><\/p>","protected":false},"excerpt":{"rendered":"<p>Le r\u00e9flecteur de feu Delivita am\u00e9liore votre exp\u00e9rience de la cuisine en plein air gr\u00e2ce \u00e0 une distribution uniforme de la chaleur dans le four. C'est un compl\u00e9ment id\u00e9al au four \u00e0 bois Delivita.<\/p>","protected":false},"featured_media":36229,"comment_status":"open","ping_status":"closed","template":"","meta":{"_acf_changed":false},"product_brand":[],"product_cat":[1334],"product_tag":[1333,1330],"class_list":{"0":"post-36228","1":"product","2":"type-product","3":"status-publish","4":"has-post-thumbnail","6":"product_cat-delivita-accessoires","7":"product_tag-delivita","8":"product_tag-tools","10":"first","11":"outofstock","12":"taxable","13":"shipping-taxable","14":"product-type-simple"},"acf":[],"yoast_head":"<!-- This site is optimized with the Yoast SEO plugin v27.5 - https:\/\/yoast.com\/product\/yoast-seo-wordpress\/ -->\n<title>Delivita Fire Reflector (Binnenkort beschikbaar) &#8211; Bula Outdoor<\/title>\n<meta name=\"description\" content=\"De Delivita Fire Reflector reflecteert warmte, vermindert kooktijd en bespaart energie, waardoor het kostenbesparend en tijdbesparend is voor jouw houtoven!\" \/>\n<meta name=\"robots\" content=\"index, follow, max-snippet:-1, max-image-preview:large, max-video-preview:-1\" \/>\n<link rel=\"canonical\" href=\"https:\/\/bulaoutdoor.nl\/fr\/produit\/reflecteur-de-feu-delivita\/\" \/>\n<meta property=\"og:locale\" content=\"fr_FR\" \/>\n<meta property=\"og:type\" content=\"article\" \/>\n<meta property=\"og:title\" content=\"Delivita Fire Reflector (Binnenkort beschikbaar) &#8211; Bula Outdoor\" \/>\n<meta property=\"og:description\" content=\"De Delivita Fire Reflector reflecteert warmte, vermindert kooktijd en bespaart energie, waardoor het kostenbesparend en tijdbesparend is voor jouw houtoven!\" \/>\n<meta property=\"og:url\" content=\"https:\/\/bulaoutdoor.nl\/fr\/produit\/reflecteur-de-feu-delivita\/\" \/>\n<meta property=\"og:site_name\" content=\"Bula Outdoor\" \/>\n<meta property=\"article:modified_time\" content=\"2023-12-11T13:26:05+00:00\" \/>\n<meta property=\"og:image\" content=\"https:\/\/bulaoutdoor.nl\/wp-content\/uploads\/2023\/12\/Delivita-Fire-Reflector.jpg\" \/>\n\t<meta property=\"og:image:width\" content=\"900\" \/>\n\t<meta property=\"og:image:height\" content=\"900\" \/>\n\t<meta property=\"og:image:type\" content=\"image\/jpeg\" \/>\n<meta name=\"twitter:card\" content=\"summary_large_image\" \/>\n<meta name=\"twitter:label1\" content=\"Dur\u00e9e de lecture estim\u00e9e\" \/>\n\t<meta name=\"twitter:data1\" content=\"1 minute\" \/>\n<script type=\"application\/ld+json\" class=\"yoast-schema-graph\">{\"@context\":\"https:\\\/\\\/schema.org\",\"@graph\":[{\"@type\":\"WebPage\",\"@id\":\"https:\\\/\\\/bulaoutdoor.nl\\\/product\\\/delivita-fire-reflector\\\/\",\"url\":\"https:\\\/\\\/bulaoutdoor.nl\\\/product\\\/delivita-fire-reflector\\\/\",\"name\":\"Delivita Fire Reflector (Binnenkort beschikbaar) &#8211; Bula Outdoor\",\"isPartOf\":{\"@id\":\"https:\\\/\\\/bulaoutdoor.nl\\\/#website\"},\"primaryImageOfPage\":{\"@id\":\"https:\\\/\\\/bulaoutdoor.nl\\\/product\\\/delivita-fire-reflector\\\/#primaryimage\"},\"image\":{\"@id\":\"https:\\\/\\\/bulaoutdoor.nl\\\/product\\\/delivita-fire-reflector\\\/#primaryimage\"},\"thumbnailUrl\":\"https:\\\/\\\/bulaoutdoor.nl\\\/wp-content\\\/uploads\\\/2023\\\/12\\\/Delivita-Fire-Reflector.jpg\",\"datePublished\":\"2023-12-11T10:12:52+00:00\",\"dateModified\":\"2023-12-11T13:26:05+00:00\",\"description\":\"De Delivita Fire Reflector reflecteert warmte, vermindert kooktijd en bespaart energie, waardoor het kostenbesparend en tijdbesparend is voor jouw houtoven!\",\"breadcrumb\":{\"@id\":\"https:\\\/\\\/bulaoutdoor.nl\\\/product\\\/delivita-fire-reflector\\\/#breadcrumb\"},\"inLanguage\":\"fr-FR\",\"potentialAction\":[{\"@type\":\"ReadAction\",\"target\":[\"https:\\\/\\\/bulaoutdoor.nl\\\/product\\\/delivita-fire-reflector\\\/\"]}]},{\"@type\":\"ImageObject\",\"inLanguage\":\"fr-FR\",\"@id\":\"https:\\\/\\\/bulaoutdoor.nl\\\/product\\\/delivita-fire-reflector\\\/#primaryimage\",\"url\":\"https:\\\/\\\/bulaoutdoor.nl\\\/wp-content\\\/uploads\\\/2023\\\/12\\\/Delivita-Fire-Reflector.jpg\",\"contentUrl\":\"https:\\\/\\\/bulaoutdoor.nl\\\/wp-content\\\/uploads\\\/2023\\\/12\\\/Delivita-Fire-Reflector.jpg\",\"width\":900,\"height\":900,\"caption\":\"Delivita Fire Reflector\"},{\"@type\":\"BreadcrumbList\",\"@id\":\"https:\\\/\\\/bulaoutdoor.nl\\\/product\\\/delivita-fire-reflector\\\/#breadcrumb\",\"itemListElement\":[{\"@type\":\"ListItem\",\"position\":1,\"name\":\"Home\",\"item\":\"https:\\\/\\\/bulaoutdoor.nl\\\/\"},{\"@type\":\"ListItem\",\"position\":2,\"name\":\"Online BBQ kopen\",\"item\":\"https:\\\/\\\/bulaoutdoor.nl\\\/\"},{\"@type\":\"ListItem\",\"position\":3,\"name\":\"Delivita Fire Reflector (Binnenkort beschikbaar)\"}]},{\"@type\":\"WebSite\",\"@id\":\"https:\\\/\\\/bulaoutdoor.nl\\\/#website\",\"url\":\"https:\\\/\\\/bulaoutdoor.nl\\\/\",\"name\":\"Bula Outdoor\",\"description\":\"Voor uw buitenhaard, BBQ, tuinfakkel en houtoven\",\"publisher\":{\"@id\":\"https:\\\/\\\/bulaoutdoor.nl\\\/#organization\"},\"potentialAction\":[{\"@type\":\"SearchAction\",\"target\":{\"@type\":\"EntryPoint\",\"urlTemplate\":\"https:\\\/\\\/bulaoutdoor.nl\\\/?s={search_term_string}\"},\"query-input\":{\"@type\":\"PropertyValueSpecification\",\"valueRequired\":true,\"valueName\":\"search_term_string\"}}],\"inLanguage\":\"fr-FR\"},{\"@type\":\"Organization\",\"@id\":\"https:\\\/\\\/bulaoutdoor.nl\\\/#organization\",\"name\":\"Bula Outdoor\",\"url\":\"https:\\\/\\\/bulaoutdoor.nl\\\/\",\"logo\":{\"@type\":\"ImageObject\",\"inLanguage\":\"fr-FR\",\"@id\":\"https:\\\/\\\/bulaoutdoor.nl\\\/#\\\/schema\\\/logo\\\/image\\\/\",\"url\":\"https:\\\/\\\/www.bulaoutdoor.nl\\\/wp-content\\\/uploads\\\/2018\\\/04\\\/bulaoutdoor-logo.png\",\"contentUrl\":\"https:\\\/\\\/www.bulaoutdoor.nl\\\/wp-content\\\/uploads\\\/2018\\\/04\\\/bulaoutdoor-logo.png\",\"width\":324,\"height\":91,\"caption\":\"Bula Outdoor\"},\"image\":{\"@id\":\"https:\\\/\\\/bulaoutdoor.nl\\\/#\\\/schema\\\/logo\\\/image\\\/\"}}]}<\/script>\n<!-- \/ Yoast SEO plugin. -->","yoast_head_json":{"title":"Delivita Fire Reflector (bient\u00f4t disponible) - Bula Outdoor","description":"Le r\u00e9flecteur de feu Delivita r\u00e9fl\u00e9chit la chaleur, r\u00e9duit le temps de cuisson et \u00e9conomise de l'\u00e9nergie. Il est donc rentable et permet d'\u00e9conomiser du temps pour votre four \u00e0 bois !","robots":{"index":"index","follow":"follow","max-snippet":"max-snippet:-1","max-image-preview":"max-image-preview:large","max-video-preview":"max-video-preview:-1"},"canonical":"https:\/\/bulaoutdoor.nl\/fr\/produit\/reflecteur-de-feu-delivita\/","og_locale":"fr_FR","og_type":"article","og_title":"Delivita Fire Reflector (Binnenkort beschikbaar) &#8211; Bula Outdoor","og_description":"De Delivita Fire Reflector reflecteert warmte, vermindert kooktijd en bespaart energie, waardoor het kostenbesparend en tijdbesparend is voor jouw houtoven!","og_url":"https:\/\/bulaoutdoor.nl\/fr\/produit\/reflecteur-de-feu-delivita\/","og_site_name":"Bula Outdoor","article_modified_time":"2023-12-11T13:26:05+00:00","og_image":[{"width":900,"height":900,"url":"https:\/\/bulaoutdoor.nl\/wp-content\/uploads\/2023\/12\/Delivita-Fire-Reflector.jpg","type":"image\/jpeg"}],"twitter_card":"summary_large_image","twitter_misc":{"Dur\u00e9e de lecture estim\u00e9e":"1 minute"},"schema":{"@context":"https:\/\/schema.org","@graph":[{"@type":"WebPage","@id":"https:\/\/bulaoutdoor.nl\/product\/delivita-fire-reflector\/","url":"https:\/\/bulaoutdoor.nl\/product\/delivita-fire-reflector\/","name":"Delivita Fire Reflector (bient\u00f4t disponible) - Bula Outdoor","isPartOf":{"@id":"https:\/\/bulaoutdoor.nl\/#website"},"primaryImageOfPage":{"@id":"https:\/\/bulaoutdoor.nl\/product\/delivita-fire-reflector\/#primaryimage"},"image":{"@id":"https:\/\/bulaoutdoor.nl\/product\/delivita-fire-reflector\/#primaryimage"},"thumbnailUrl":"https:\/\/bulaoutdoor.nl\/wp-content\/uploads\/2023\/12\/Delivita-Fire-Reflector.jpg","datePublished":"2023-12-11T10:12:52+00:00","dateModified":"2023-12-11T13:26:05+00:00","description":"Le r\u00e9flecteur de feu Delivita r\u00e9fl\u00e9chit la chaleur, r\u00e9duit le temps de cuisson et \u00e9conomise de l'\u00e9nergie. Il est donc rentable et permet d'\u00e9conomiser du temps pour votre four \u00e0 bois !","breadcrumb":{"@id":"https:\/\/bulaoutdoor.nl\/product\/delivita-fire-reflector\/#breadcrumb"},"inLanguage":"fr-FR","potentialAction":[{"@type":"ReadAction","target":["https:\/\/bulaoutdoor.nl\/product\/delivita-fire-reflector\/"]}]},{"@type":"ImageObject","inLanguage":"fr-FR","@id":"https:\/\/bulaoutdoor.nl\/product\/delivita-fire-reflector\/#primaryimage","url":"https:\/\/bulaoutdoor.nl\/wp-content\/uploads\/2023\/12\/Delivita-Fire-Reflector.jpg","contentUrl":"https:\/\/bulaoutdoor.nl\/wp-content\/uploads\/2023\/12\/Delivita-Fire-Reflector.jpg","width":900,"height":900,"caption":"Delivita Fire Reflector"},{"@type":"BreadcrumbList","@id":"https:\/\/bulaoutdoor.nl\/product\/delivita-fire-reflector\/#breadcrumb","itemListElement":[{"@type":"ListItem","position":1,"name":"Home","item":"https:\/\/bulaoutdoor.nl\/"},{"@type":"ListItem","position":2,"name":"Online BBQ kopen","item":"https:\/\/bulaoutdoor.nl\/"},{"@type":"ListItem","position":3,"name":"Delivita Fire Reflector (Binnenkort beschikbaar)"}]},{"@type":"WebSite","@id":"https:\/\/bulaoutdoor.nl\/#website","url":"https:\/\/bulaoutdoor.nl\/","name":"Bula Outdoor","description":"Pour votre chemin\u00e9e ext\u00e9rieure, votre barbecue, votre torche de jardin et votre four \u00e0 bois","publisher":{"@id":"https:\/\/bulaoutdoor.nl\/#organization"},"potentialAction":[{"@type":"SearchAction","target":{"@type":"EntryPoint","urlTemplate":"https:\/\/bulaoutdoor.nl\/?s={search_term_string}"},"query-input":{"@type":"PropertyValueSpecification","valueRequired":true,"valueName":"search_term_string"}}],"inLanguage":"fr-FR"},{"@type":"Organization","@id":"https:\/\/bulaoutdoor.nl\/#organization","name":"Bula Outdoor","url":"https:\/\/bulaoutdoor.nl\/","logo":{"@type":"ImageObject","inLanguage":"fr-FR","@id":"https:\/\/bulaoutdoor.nl\/#\/schema\/logo\/image\/","url":"https:\/\/www.bulaoutdoor.nl\/wp-content\/uploads\/2018\/04\/bulaoutdoor-logo.png","contentUrl":"https:\/\/www.bulaoutdoor.nl\/wp-content\/uploads\/2018\/04\/bulaoutdoor-logo.png","width":324,"height":91,"caption":"Bula Outdoor"},"image":{"@id":"https:\/\/bulaoutdoor.nl\/#\/schema\/logo\/image\/"}}]}},"jetpack_sharing_enabled":true,"_links":{"self":[{"href":"https:\/\/bulaoutdoor.nl\/fr\/wp-json\/wp\/v2\/product\/36228","targetHints":{"allow":["GET"]}}],"collection":[{"href":"https:\/\/bulaoutdoor.nl\/fr\/wp-json\/wp\/v2\/product"}],"about":[{"href":"https:\/\/bulaoutdoor.nl\/fr\/wp-json\/wp\/v2\/types\/product"}],"replies":[{"embeddable":true,"href":"https:\/\/bulaoutdoor.nl\/fr\/wp-json\/wp\/v2\/comments?post=36228"}],"wp:featuredmedia":[{"embeddable":true,"href":"https:\/\/bulaoutdoor.nl\/fr\/wp-json\/wp\/v2\/media\/36229"}],"wp:attachment":[{"href":"https:\/\/bulaoutdoor.nl\/fr\/wp-json\/wp\/v2\/media?parent=36228"}],"wp:term":[{"taxonomy":"product_brand","embeddable":true,"href":"https:\/\/bulaoutdoor.nl\/fr\/wp-json\/wp\/v2\/product_brand?post=36228"},{"taxonomy":"product_cat","embeddable":true,"href":"https:\/\/bulaoutdoor.nl\/fr\/wp-json\/wp\/v2\/product_cat?post=36228"},{"taxonomy":"product_tag","embeddable":true,"href":"https:\/\/bulaoutdoor.nl\/fr\/wp-json\/wp\/v2\/product_tag?post=36228"}],"curies":[{"name":"wp","href":"https:\/\/api.w.org\/{rel}","templated":true}]}}