{"id":36230,"date":"2023-12-11T10:25:27","date_gmt":"2023-12-11T10:25:27","guid":{"rendered":"https:\/\/bulaoutdoor.nl\/?post_type=product&#038;p=36230"},"modified":"2023-12-11T13:27:58","modified_gmt":"2023-12-11T13:27:58","slug":"livre-de-recettes-cuites-delivita","status":"publish","type":"product","link":"https:\/\/bulaoutdoor.nl\/fr\/product\/delivita-fired-recepten-boek\/","title":{"rendered":"Livre de recettes Delivita Fired (bient\u00f4t disponible)"},"content":{"rendered":"<p>Enrichissez votre voyage culinaire avec nos recettes soigneusement s\u00e9lectionn\u00e9es pour le four \u00e0 bois Delivita dans le livre de recettes \"Fired\" de Delivita.<\/p>\n<ul>\n<li>\"Fired\" de Jon Finch et Ben Merrington est un livre de recettes qui se concentre uniquement sur la cuisine au feu de bois.<\/li>\n<li>D\u00e9couvrez une gamme de saveurs, des pizzas croustillantes aux r\u00f4tis juteux.<\/li>\n<li>Plus de 100 recettes simples et les meilleures techniques pour ma\u00eetriser le repas au feu de bois - le tout pr\u00e9par\u00e9 avec un four DeliVita !<\/li>\n<li>Devenez le ma\u00eetre de votre four \u00e0 bois Delivita !<\/li>\n<\/ul>\n<p>Ce livre est un voyage \u00e0 travers les cuisines et les inspirations cr\u00e9atives. Des instructions simples vous aideront \u00e0 cr\u00e9er chez vous des plats dignes d'un restaurant. Profitez des caract\u00e9ristiques uniques du four Delivita. Apprenez des techniques savoureuses pour obtenir ce go\u00fbt fum\u00e9 si particulier.<\/p>\n<p>Rejoignez les passionn\u00e9s de cuisine qui ont transform\u00e9 leur exp\u00e9rience culinaire gr\u00e2ce au livre de recettes Delivita Fired. Enrichissez vos r\u00e9unions avec des plats inoubliables. Exp\u00e9rimentez l'art de la cuisson au feu de bois avec le livre de recettes Delivita Fired et d\u00e9couvrez de nouvelles possibilit\u00e9s culinaires.<\/p>\n<p>Commandez le livre Delivita Fired Recipes directement aupr\u00e8s de Bula Outdoor u <a href=\"https:\/\/bulaoutdoor.nl\/fr\/categorie-de-produits\/fours-a-pizza\/four-a-bois-delivita\/\">Sp\u00e9cialiste des fours \u00e0 pizza<\/a>.<\/p>","protected":false},"excerpt":{"rendered":"<p>Bienvenue dans le livre de recettes du four Delivita ! Enrichissez votre voyage culinaire avec ces recettes soigneusement s\u00e9lectionn\u00e9es pour le four \u00e0 bois Delivita.<\/p>","protected":false},"featured_media":36231,"comment_status":"open","ping_status":"closed","template":"","meta":{"_acf_changed":false},"product_brand":[],"product_cat":[1334],"product_tag":[1337,1333,1336],"class_list":{"0":"post-36230","1":"product","2":"type-product","3":"status-publish","4":"has-post-thumbnail","6":"product_cat-delivita-accessoires","7":"product_tag-boek","8":"product_tag-delivita","9":"product_tag-kookboek","11":"first","12":"outofstock","13":"taxable","14":"shipping-taxable","15":"product-type-simple"},"acf":[],"yoast_head":"<!-- This site is optimized with the Yoast SEO plugin v27.5 - https:\/\/yoast.com\/product\/yoast-seo-wordpress\/ -->\n<title>Delivita Fired Recepten boek (Binnenkort beschikbaar) &#8211; Bula Outdoor<\/title>\n<meta name=\"description\" content=\"Het Delivita Fired Recepten boek door Jon Finch en Ben Merrington is een receptenboek dat zich puur richt op\u00a0het koken met een houtgestookte oven.\" \/>\n<meta name=\"robots\" content=\"index, follow, max-snippet:-1, max-image-preview:large, max-video-preview:-1\" \/>\n<link rel=\"canonical\" href=\"https:\/\/bulaoutdoor.nl\/fr\/produit\/livre-de-recettes-cuites-delivita\/\" \/>\n<meta property=\"og:locale\" content=\"fr_FR\" \/>\n<meta property=\"og:type\" content=\"article\" \/>\n<meta property=\"og:title\" content=\"Delivita Fired Recepten boek (Binnenkort beschikbaar) &#8211; Bula Outdoor\" \/>\n<meta property=\"og:description\" content=\"Het Delivita Fired Recepten boek door Jon Finch en Ben Merrington is een receptenboek dat zich puur richt op\u00a0het koken met een houtgestookte oven.\" \/>\n<meta property=\"og:url\" content=\"https:\/\/bulaoutdoor.nl\/fr\/produit\/livre-de-recettes-cuites-delivita\/\" \/>\n<meta property=\"og:site_name\" content=\"Bula Outdoor\" \/>\n<meta property=\"article:modified_time\" content=\"2023-12-11T13:27:58+00:00\" \/>\n<meta property=\"og:image\" content=\"https:\/\/bulaoutdoor.nl\/wp-content\/uploads\/2023\/12\/Delivita-Fired-Recipe-Book.jpg\" \/>\n\t<meta property=\"og:image:width\" content=\"900\" \/>\n\t<meta property=\"og:image:height\" content=\"900\" \/>\n\t<meta property=\"og:image:type\" content=\"image\/jpeg\" \/>\n<meta name=\"twitter:card\" content=\"summary_large_image\" \/>\n<meta name=\"twitter:label1\" content=\"Dur\u00e9e de lecture estim\u00e9e\" \/>\n\t<meta name=\"twitter:data1\" content=\"1 minute\" \/>\n<script type=\"application\/ld+json\" class=\"yoast-schema-graph\">{\"@context\":\"https:\\\/\\\/schema.org\",\"@graph\":[{\"@type\":\"WebPage\",\"@id\":\"https:\\\/\\\/bulaoutdoor.nl\\\/product\\\/delivita-fired-recepten-boek\\\/\",\"url\":\"https:\\\/\\\/bulaoutdoor.nl\\\/product\\\/delivita-fired-recepten-boek\\\/\",\"name\":\"Delivita Fired Recepten boek (Binnenkort beschikbaar) &#8211; Bula Outdoor\",\"isPartOf\":{\"@id\":\"https:\\\/\\\/bulaoutdoor.nl\\\/#website\"},\"primaryImageOfPage\":{\"@id\":\"https:\\\/\\\/bulaoutdoor.nl\\\/product\\\/delivita-fired-recepten-boek\\\/#primaryimage\"},\"image\":{\"@id\":\"https:\\\/\\\/bulaoutdoor.nl\\\/product\\\/delivita-fired-recepten-boek\\\/#primaryimage\"},\"thumbnailUrl\":\"https:\\\/\\\/bulaoutdoor.nl\\\/wp-content\\\/uploads\\\/2023\\\/12\\\/Delivita-Fired-Recipe-Book.jpg\",\"datePublished\":\"2023-12-11T10:25:27+00:00\",\"dateModified\":\"2023-12-11T13:27:58+00:00\",\"description\":\"Het Delivita Fired Recepten boek door Jon Finch en Ben Merrington is een receptenboek dat zich puur richt op\u00a0het koken met een houtgestookte oven.\",\"breadcrumb\":{\"@id\":\"https:\\\/\\\/bulaoutdoor.nl\\\/product\\\/delivita-fired-recepten-boek\\\/#breadcrumb\"},\"inLanguage\":\"fr-FR\",\"potentialAction\":[{\"@type\":\"ReadAction\",\"target\":[\"https:\\\/\\\/bulaoutdoor.nl\\\/product\\\/delivita-fired-recepten-boek\\\/\"]}]},{\"@type\":\"ImageObject\",\"inLanguage\":\"fr-FR\",\"@id\":\"https:\\\/\\\/bulaoutdoor.nl\\\/product\\\/delivita-fired-recepten-boek\\\/#primaryimage\",\"url\":\"https:\\\/\\\/bulaoutdoor.nl\\\/wp-content\\\/uploads\\\/2023\\\/12\\\/Delivita-Fired-Recipe-Book.jpg\",\"contentUrl\":\"https:\\\/\\\/bulaoutdoor.nl\\\/wp-content\\\/uploads\\\/2023\\\/12\\\/Delivita-Fired-Recipe-Book.jpg\",\"width\":900,\"height\":900,\"caption\":\"Delivita Fired Recepten boek\"},{\"@type\":\"BreadcrumbList\",\"@id\":\"https:\\\/\\\/bulaoutdoor.nl\\\/product\\\/delivita-fired-recepten-boek\\\/#breadcrumb\",\"itemListElement\":[{\"@type\":\"ListItem\",\"position\":1,\"name\":\"Home\",\"item\":\"https:\\\/\\\/bulaoutdoor.nl\\\/\"},{\"@type\":\"ListItem\",\"position\":2,\"name\":\"Online BBQ kopen\",\"item\":\"https:\\\/\\\/bulaoutdoor.nl\\\/\"},{\"@type\":\"ListItem\",\"position\":3,\"name\":\"Delivita Fired Recepten boek (Binnenkort beschikbaar)\"}]},{\"@type\":\"WebSite\",\"@id\":\"https:\\\/\\\/bulaoutdoor.nl\\\/#website\",\"url\":\"https:\\\/\\\/bulaoutdoor.nl\\\/\",\"name\":\"Bula Outdoor\",\"description\":\"Voor uw buitenhaard, BBQ, tuinfakkel en houtoven\",\"publisher\":{\"@id\":\"https:\\\/\\\/bulaoutdoor.nl\\\/#organization\"},\"potentialAction\":[{\"@type\":\"SearchAction\",\"target\":{\"@type\":\"EntryPoint\",\"urlTemplate\":\"https:\\\/\\\/bulaoutdoor.nl\\\/?s={search_term_string}\"},\"query-input\":{\"@type\":\"PropertyValueSpecification\",\"valueRequired\":true,\"valueName\":\"search_term_string\"}}],\"inLanguage\":\"fr-FR\"},{\"@type\":\"Organization\",\"@id\":\"https:\\\/\\\/bulaoutdoor.nl\\\/#organization\",\"name\":\"Bula Outdoor\",\"url\":\"https:\\\/\\\/bulaoutdoor.nl\\\/\",\"logo\":{\"@type\":\"ImageObject\",\"inLanguage\":\"fr-FR\",\"@id\":\"https:\\\/\\\/bulaoutdoor.nl\\\/#\\\/schema\\\/logo\\\/image\\\/\",\"url\":\"https:\\\/\\\/www.bulaoutdoor.nl\\\/wp-content\\\/uploads\\\/2018\\\/04\\\/bulaoutdoor-logo.png\",\"contentUrl\":\"https:\\\/\\\/www.bulaoutdoor.nl\\\/wp-content\\\/uploads\\\/2018\\\/04\\\/bulaoutdoor-logo.png\",\"width\":324,\"height\":91,\"caption\":\"Bula Outdoor\"},\"image\":{\"@id\":\"https:\\\/\\\/bulaoutdoor.nl\\\/#\\\/schema\\\/logo\\\/image\\\/\"}}]}<\/script>\n<!-- \/ Yoast SEO plugin. -->","yoast_head_json":{"title":"Livre de recettes Delivita Fired (bient\u00f4t disponible) - Bula Outdoors","description":"Le livre de recettes Delivita Fired Recipe Book de Jon Finch et Ben Merrington est un livre de recettes qui se concentre uniquement sur la cuisson au feu de bois.","robots":{"index":"index","follow":"follow","max-snippet":"max-snippet:-1","max-image-preview":"max-image-preview:large","max-video-preview":"max-video-preview:-1"},"canonical":"https:\/\/bulaoutdoor.nl\/fr\/produit\/livre-de-recettes-cuites-delivita\/","og_locale":"fr_FR","og_type":"article","og_title":"Delivita Fired Recepten boek (Binnenkort beschikbaar) &#8211; Bula Outdoor","og_description":"Het Delivita Fired Recepten boek door Jon Finch en Ben Merrington is een receptenboek dat zich puur richt op\u00a0het koken met een houtgestookte oven.","og_url":"https:\/\/bulaoutdoor.nl\/fr\/produit\/livre-de-recettes-cuites-delivita\/","og_site_name":"Bula Outdoor","article_modified_time":"2023-12-11T13:27:58+00:00","og_image":[{"width":900,"height":900,"url":"https:\/\/bulaoutdoor.nl\/wp-content\/uploads\/2023\/12\/Delivita-Fired-Recipe-Book.jpg","type":"image\/jpeg"}],"twitter_card":"summary_large_image","twitter_misc":{"Dur\u00e9e de lecture estim\u00e9e":"1 minute"},"schema":{"@context":"https:\/\/schema.org","@graph":[{"@type":"WebPage","@id":"https:\/\/bulaoutdoor.nl\/product\/delivita-fired-recepten-boek\/","url":"https:\/\/bulaoutdoor.nl\/product\/delivita-fired-recepten-boek\/","name":"Livre de recettes Delivita Fired (bient\u00f4t disponible) - Bula Outdoors","isPartOf":{"@id":"https:\/\/bulaoutdoor.nl\/#website"},"primaryImageOfPage":{"@id":"https:\/\/bulaoutdoor.nl\/product\/delivita-fired-recepten-boek\/#primaryimage"},"image":{"@id":"https:\/\/bulaoutdoor.nl\/product\/delivita-fired-recepten-boek\/#primaryimage"},"thumbnailUrl":"https:\/\/bulaoutdoor.nl\/wp-content\/uploads\/2023\/12\/Delivita-Fired-Recipe-Book.jpg","datePublished":"2023-12-11T10:25:27+00:00","dateModified":"2023-12-11T13:27:58+00:00","description":"Le livre de recettes Delivita Fired Recipe Book de Jon Finch et Ben Merrington est un livre de recettes qui se concentre uniquement sur la cuisson au feu de bois.","breadcrumb":{"@id":"https:\/\/bulaoutdoor.nl\/product\/delivita-fired-recepten-boek\/#breadcrumb"},"inLanguage":"fr-FR","potentialAction":[{"@type":"ReadAction","target":["https:\/\/bulaoutdoor.nl\/product\/delivita-fired-recepten-boek\/"]}]},{"@type":"ImageObject","inLanguage":"fr-FR","@id":"https:\/\/bulaoutdoor.nl\/product\/delivita-fired-recepten-boek\/#primaryimage","url":"https:\/\/bulaoutdoor.nl\/wp-content\/uploads\/2023\/12\/Delivita-Fired-Recipe-Book.jpg","contentUrl":"https:\/\/bulaoutdoor.nl\/wp-content\/uploads\/2023\/12\/Delivita-Fired-Recipe-Book.jpg","width":900,"height":900,"caption":"Delivita Fired Recepten boek"},{"@type":"BreadcrumbList","@id":"https:\/\/bulaoutdoor.nl\/product\/delivita-fired-recepten-boek\/#breadcrumb","itemListElement":[{"@type":"ListItem","position":1,"name":"Home","item":"https:\/\/bulaoutdoor.nl\/"},{"@type":"ListItem","position":2,"name":"Online BBQ kopen","item":"https:\/\/bulaoutdoor.nl\/"},{"@type":"ListItem","position":3,"name":"Delivita Fired Recepten boek (Binnenkort beschikbaar)"}]},{"@type":"WebSite","@id":"https:\/\/bulaoutdoor.nl\/#website","url":"https:\/\/bulaoutdoor.nl\/","name":"Bula Outdoor","description":"Pour votre chemin\u00e9e ext\u00e9rieure, votre barbecue, votre torche de jardin et votre four \u00e0 bois","publisher":{"@id":"https:\/\/bulaoutdoor.nl\/#organization"},"potentialAction":[{"@type":"SearchAction","target":{"@type":"EntryPoint","urlTemplate":"https:\/\/bulaoutdoor.nl\/?s={search_term_string}"},"query-input":{"@type":"PropertyValueSpecification","valueRequired":true,"valueName":"search_term_string"}}],"inLanguage":"fr-FR"},{"@type":"Organization","@id":"https:\/\/bulaoutdoor.nl\/#organization","name":"Bula Outdoor","url":"https:\/\/bulaoutdoor.nl\/","logo":{"@type":"ImageObject","inLanguage":"fr-FR","@id":"https:\/\/bulaoutdoor.nl\/#\/schema\/logo\/image\/","url":"https:\/\/www.bulaoutdoor.nl\/wp-content\/uploads\/2018\/04\/bulaoutdoor-logo.png","contentUrl":"https:\/\/www.bulaoutdoor.nl\/wp-content\/uploads\/2018\/04\/bulaoutdoor-logo.png","width":324,"height":91,"caption":"Bula Outdoor"},"image":{"@id":"https:\/\/bulaoutdoor.nl\/#\/schema\/logo\/image\/"}}]}},"jetpack_sharing_enabled":true,"_links":{"self":[{"href":"https:\/\/bulaoutdoor.nl\/fr\/wp-json\/wp\/v2\/product\/36230","targetHints":{"allow":["GET"]}}],"collection":[{"href":"https:\/\/bulaoutdoor.nl\/fr\/wp-json\/wp\/v2\/product"}],"about":[{"href":"https:\/\/bulaoutdoor.nl\/fr\/wp-json\/wp\/v2\/types\/product"}],"replies":[{"embeddable":true,"href":"https:\/\/bulaoutdoor.nl\/fr\/wp-json\/wp\/v2\/comments?post=36230"}],"wp:featuredmedia":[{"embeddable":true,"href":"https:\/\/bulaoutdoor.nl\/fr\/wp-json\/wp\/v2\/media\/36231"}],"wp:attachment":[{"href":"https:\/\/bulaoutdoor.nl\/fr\/wp-json\/wp\/v2\/media?parent=36230"}],"wp:term":[{"taxonomy":"product_brand","embeddable":true,"href":"https:\/\/bulaoutdoor.nl\/fr\/wp-json\/wp\/v2\/product_brand?post=36230"},{"taxonomy":"product_cat","embeddable":true,"href":"https:\/\/bulaoutdoor.nl\/fr\/wp-json\/wp\/v2\/product_cat?post=36230"},{"taxonomy":"product_tag","embeddable":true,"href":"https:\/\/bulaoutdoor.nl\/fr\/wp-json\/wp\/v2\/product_tag?post=36230"}],"curies":[{"name":"wp","href":"https:\/\/api.w.org\/{rel}","templated":true}]}}