{"id":36233,"date":"2023-12-11T10:33:12","date_gmt":"2023-12-11T10:33:12","guid":{"rendered":"https:\/\/bulaoutdoor.nl\/?post_type=product&#038;p=36233"},"modified":"2023-12-11T13:31:06","modified_gmt":"2023-12-11T13:31:06","slug":"hache-delivita","status":"publish","type":"product","link":"https:\/\/bulaoutdoor.nl\/fr\/product\/delivita-bijl\/","title":{"rendered":"Hache Delivita (bient\u00f4t disponible)"},"content":{"rendered":"<h4>La hache DeliVita<\/h4>\n<p>Cette hache est id\u00e9ale pour couper le bois \u00e0 la bonne taille pour votre Delivita ou tout autre four ou foyer. Ses mat\u00e9riaux de haute qualit\u00e9 et son design ergonomique offrent confort et pr\u00e9cision. Lib\u00e9rez votre cr\u00e9ativit\u00e9 culinaire et d\u00e9couvrez toutes les possibilit\u00e9s de la cuisine en plein air avec la hache DeliVita.<\/p>\n<p>Votre compagnon id\u00e9al pour la cuisine en plein air. Sp\u00e9cialement con\u00e7u pour le four \u00e0 bois DeliVita.<\/p>\n<p>Commandez la hache Delivita directement aupr\u00e8s de Bula Outdoor u <a href=\"https:\/\/bulaoutdoor.nl\/fr\/categorie-de-produits\/fours-a-pizza\/four-a-bois-delivita\/\">Sp\u00e9cialiste des fours \u00e0 pizza !<\/a><\/p>","protected":false},"excerpt":{"rendered":"<p>Hache Delivita<\/p>","protected":false},"featured_media":36234,"comment_status":"open","ping_status":"closed","template":"","meta":{"_acf_changed":false},"product_brand":[],"product_cat":[1334,361],"product_tag":[1338,1333],"class_list":{"0":"post-36233","1":"product","2":"type-product","3":"status-publish","4":"has-post-thumbnail","6":"product_cat-delivita-accessoires","7":"product_cat-pizza-bereiding-accessoires","8":"product_tag-bijl","9":"product_tag-delivita","11":"first","12":"outofstock","13":"taxable","14":"shipping-taxable","15":"product-type-simple"},"acf":[],"yoast_head":"<!-- This site is optimized with the Yoast SEO plugin v27.3 - https:\/\/yoast.com\/product\/yoast-seo-wordpress\/ -->\n<title>Delivita bijl (Binnenkort beschikbaar) &#8211; Bula Outdoor<\/title>\n<meta name=\"description\" content=\"Deze DeliVita bijl is perfect om hout perfect op maat te maken voor jou Delivita of iedere andere oven of haard. Bestel hem direct bij Bula Outdoor!\" \/>\n<meta name=\"robots\" content=\"index, follow, max-snippet:-1, max-image-preview:large, max-video-preview:-1\" \/>\n<link rel=\"canonical\" href=\"https:\/\/bulaoutdoor.nl\/fr\/produit\/hache-delivita\/\" \/>\n<meta property=\"og:locale\" content=\"fr_FR\" \/>\n<meta property=\"og:type\" content=\"article\" \/>\n<meta property=\"og:title\" content=\"Delivita bijl (Binnenkort beschikbaar) &#8211; Bula Outdoor\" \/>\n<meta property=\"og:description\" content=\"Deze DeliVita bijl is perfect om hout perfect op maat te maken voor jou Delivita of iedere andere oven of haard. Bestel hem direct bij Bula Outdoor!\" \/>\n<meta property=\"og:url\" content=\"https:\/\/bulaoutdoor.nl\/fr\/produit\/hache-delivita\/\" \/>\n<meta property=\"og:site_name\" content=\"Bula Outdoor\" \/>\n<meta property=\"article:modified_time\" content=\"2023-12-11T13:31:06+00:00\" \/>\n<meta property=\"og:image\" content=\"https:\/\/bulaoutdoor.nl\/wp-content\/uploads\/2023\/12\/Delivita-Axe.jpg\" \/>\n\t<meta property=\"og:image:width\" content=\"900\" \/>\n\t<meta property=\"og:image:height\" content=\"900\" \/>\n\t<meta property=\"og:image:type\" content=\"image\/jpeg\" \/>\n<meta name=\"twitter:card\" content=\"summary_large_image\" \/>\n<meta name=\"twitter:label1\" content=\"Dur\u00e9e de lecture estim\u00e9e\" \/>\n\t<meta name=\"twitter:data1\" content=\"1 minute\" \/>\n<script type=\"application\/ld+json\" class=\"yoast-schema-graph\">{\"@context\":\"https:\\\/\\\/schema.org\",\"@graph\":[{\"@type\":\"WebPage\",\"@id\":\"https:\\\/\\\/bulaoutdoor.nl\\\/product\\\/delivita-bijl\\\/\",\"url\":\"https:\\\/\\\/bulaoutdoor.nl\\\/product\\\/delivita-bijl\\\/\",\"name\":\"Delivita bijl (Binnenkort beschikbaar) &#8211; Bula Outdoor\",\"isPartOf\":{\"@id\":\"https:\\\/\\\/bulaoutdoor.nl\\\/#website\"},\"primaryImageOfPage\":{\"@id\":\"https:\\\/\\\/bulaoutdoor.nl\\\/product\\\/delivita-bijl\\\/#primaryimage\"},\"image\":{\"@id\":\"https:\\\/\\\/bulaoutdoor.nl\\\/product\\\/delivita-bijl\\\/#primaryimage\"},\"thumbnailUrl\":\"https:\\\/\\\/bulaoutdoor.nl\\\/wp-content\\\/uploads\\\/2023\\\/12\\\/Delivita-Axe.jpg\",\"datePublished\":\"2023-12-11T10:33:12+00:00\",\"dateModified\":\"2023-12-11T13:31:06+00:00\",\"description\":\"Deze DeliVita bijl is perfect om hout perfect op maat te maken voor jou Delivita of iedere andere oven of haard. Bestel hem direct bij Bula Outdoor!\",\"breadcrumb\":{\"@id\":\"https:\\\/\\\/bulaoutdoor.nl\\\/product\\\/delivita-bijl\\\/#breadcrumb\"},\"inLanguage\":\"fr-FR\",\"potentialAction\":[{\"@type\":\"ReadAction\",\"target\":[\"https:\\\/\\\/bulaoutdoor.nl\\\/product\\\/delivita-bijl\\\/\"]}]},{\"@type\":\"ImageObject\",\"inLanguage\":\"fr-FR\",\"@id\":\"https:\\\/\\\/bulaoutdoor.nl\\\/product\\\/delivita-bijl\\\/#primaryimage\",\"url\":\"https:\\\/\\\/bulaoutdoor.nl\\\/wp-content\\\/uploads\\\/2023\\\/12\\\/Delivita-Axe.jpg\",\"contentUrl\":\"https:\\\/\\\/bulaoutdoor.nl\\\/wp-content\\\/uploads\\\/2023\\\/12\\\/Delivita-Axe.jpg\",\"width\":900,\"height\":900,\"caption\":\"Delivita bijl\"},{\"@type\":\"BreadcrumbList\",\"@id\":\"https:\\\/\\\/bulaoutdoor.nl\\\/product\\\/delivita-bijl\\\/#breadcrumb\",\"itemListElement\":[{\"@type\":\"ListItem\",\"position\":1,\"name\":\"Home\",\"item\":\"https:\\\/\\\/bulaoutdoor.nl\\\/\"},{\"@type\":\"ListItem\",\"position\":2,\"name\":\"Online BBQ kopen\",\"item\":\"https:\\\/\\\/bulaoutdoor.nl\\\/\"},{\"@type\":\"ListItem\",\"position\":3,\"name\":\"Delivita bijl (Binnenkort beschikbaar)\"}]},{\"@type\":\"WebSite\",\"@id\":\"https:\\\/\\\/bulaoutdoor.nl\\\/#website\",\"url\":\"https:\\\/\\\/bulaoutdoor.nl\\\/\",\"name\":\"Bula Outdoor\",\"description\":\"Voor uw buitenhaard, BBQ, tuinfakkel en houtoven\",\"publisher\":{\"@id\":\"https:\\\/\\\/bulaoutdoor.nl\\\/#organization\"},\"potentialAction\":[{\"@type\":\"SearchAction\",\"target\":{\"@type\":\"EntryPoint\",\"urlTemplate\":\"https:\\\/\\\/bulaoutdoor.nl\\\/?s={search_term_string}\"},\"query-input\":{\"@type\":\"PropertyValueSpecification\",\"valueRequired\":true,\"valueName\":\"search_term_string\"}}],\"inLanguage\":\"fr-FR\"},{\"@type\":\"Organization\",\"@id\":\"https:\\\/\\\/bulaoutdoor.nl\\\/#organization\",\"name\":\"Bula Outdoor\",\"url\":\"https:\\\/\\\/bulaoutdoor.nl\\\/\",\"logo\":{\"@type\":\"ImageObject\",\"inLanguage\":\"fr-FR\",\"@id\":\"https:\\\/\\\/bulaoutdoor.nl\\\/#\\\/schema\\\/logo\\\/image\\\/\",\"url\":\"https:\\\/\\\/www.bulaoutdoor.nl\\\/wp-content\\\/uploads\\\/2018\\\/04\\\/bulaoutdoor-logo.png\",\"contentUrl\":\"https:\\\/\\\/www.bulaoutdoor.nl\\\/wp-content\\\/uploads\\\/2018\\\/04\\\/bulaoutdoor-logo.png\",\"width\":324,\"height\":91,\"caption\":\"Bula Outdoor\"},\"image\":{\"@id\":\"https:\\\/\\\/bulaoutdoor.nl\\\/#\\\/schema\\\/logo\\\/image\\\/\"}}]}<\/script>\n<!-- \/ Yoast SEO plugin. -->","yoast_head_json":{"title":"Hache Delivita (Prochainement) - Bula Outdoors","description":"Cette hache DeliVita est parfaite pour couper le bois \u00e0 la bonne taille pour votre Delivita ou tout autre four ou chemin\u00e9e. Commandez-la directement aupr\u00e8s de Bula Outdoor !","robots":{"index":"index","follow":"follow","max-snippet":"max-snippet:-1","max-image-preview":"max-image-preview:large","max-video-preview":"max-video-preview:-1"},"canonical":"https:\/\/bulaoutdoor.nl\/fr\/produit\/hache-delivita\/","og_locale":"fr_FR","og_type":"article","og_title":"Delivita bijl (Binnenkort beschikbaar) &#8211; Bula Outdoor","og_description":"Deze DeliVita bijl is perfect om hout perfect op maat te maken voor jou Delivita of iedere andere oven of haard. Bestel hem direct bij Bula Outdoor!","og_url":"https:\/\/bulaoutdoor.nl\/fr\/produit\/hache-delivita\/","og_site_name":"Bula Outdoor","article_modified_time":"2023-12-11T13:31:06+00:00","og_image":[{"width":900,"height":900,"url":"https:\/\/bulaoutdoor.nl\/wp-content\/uploads\/2023\/12\/Delivita-Axe.jpg","type":"image\/jpeg"}],"twitter_card":"summary_large_image","twitter_misc":{"Dur\u00e9e de lecture estim\u00e9e":"1 minute"},"schema":{"@context":"https:\/\/schema.org","@graph":[{"@type":"WebPage","@id":"https:\/\/bulaoutdoor.nl\/product\/delivita-bijl\/","url":"https:\/\/bulaoutdoor.nl\/product\/delivita-bijl\/","name":"Hache Delivita (Prochainement) - Bula Outdoors","isPartOf":{"@id":"https:\/\/bulaoutdoor.nl\/#website"},"primaryImageOfPage":{"@id":"https:\/\/bulaoutdoor.nl\/product\/delivita-bijl\/#primaryimage"},"image":{"@id":"https:\/\/bulaoutdoor.nl\/product\/delivita-bijl\/#primaryimage"},"thumbnailUrl":"https:\/\/bulaoutdoor.nl\/wp-content\/uploads\/2023\/12\/Delivita-Axe.jpg","datePublished":"2023-12-11T10:33:12+00:00","dateModified":"2023-12-11T13:31:06+00:00","description":"Cette hache DeliVita est parfaite pour couper le bois \u00e0 la bonne taille pour votre Delivita ou tout autre four ou chemin\u00e9e. Commandez-la directement aupr\u00e8s de Bula Outdoor !","breadcrumb":{"@id":"https:\/\/bulaoutdoor.nl\/product\/delivita-bijl\/#breadcrumb"},"inLanguage":"fr-FR","potentialAction":[{"@type":"ReadAction","target":["https:\/\/bulaoutdoor.nl\/product\/delivita-bijl\/"]}]},{"@type":"ImageObject","inLanguage":"fr-FR","@id":"https:\/\/bulaoutdoor.nl\/product\/delivita-bijl\/#primaryimage","url":"https:\/\/bulaoutdoor.nl\/wp-content\/uploads\/2023\/12\/Delivita-Axe.jpg","contentUrl":"https:\/\/bulaoutdoor.nl\/wp-content\/uploads\/2023\/12\/Delivita-Axe.jpg","width":900,"height":900,"caption":"Delivita bijl"},{"@type":"BreadcrumbList","@id":"https:\/\/bulaoutdoor.nl\/product\/delivita-bijl\/#breadcrumb","itemListElement":[{"@type":"ListItem","position":1,"name":"Home","item":"https:\/\/bulaoutdoor.nl\/"},{"@type":"ListItem","position":2,"name":"Online BBQ kopen","item":"https:\/\/bulaoutdoor.nl\/"},{"@type":"ListItem","position":3,"name":"Delivita bijl (Binnenkort beschikbaar)"}]},{"@type":"WebSite","@id":"https:\/\/bulaoutdoor.nl\/#website","url":"https:\/\/bulaoutdoor.nl\/","name":"Bula Outdoor","description":"Pour votre chemin\u00e9e ext\u00e9rieure, votre barbecue, votre torche de jardin et votre four \u00e0 bois","publisher":{"@id":"https:\/\/bulaoutdoor.nl\/#organization"},"potentialAction":[{"@type":"SearchAction","target":{"@type":"EntryPoint","urlTemplate":"https:\/\/bulaoutdoor.nl\/?s={search_term_string}"},"query-input":{"@type":"PropertyValueSpecification","valueRequired":true,"valueName":"search_term_string"}}],"inLanguage":"fr-FR"},{"@type":"Organization","@id":"https:\/\/bulaoutdoor.nl\/#organization","name":"Bula Outdoor","url":"https:\/\/bulaoutdoor.nl\/","logo":{"@type":"ImageObject","inLanguage":"fr-FR","@id":"https:\/\/bulaoutdoor.nl\/#\/schema\/logo\/image\/","url":"https:\/\/www.bulaoutdoor.nl\/wp-content\/uploads\/2018\/04\/bulaoutdoor-logo.png","contentUrl":"https:\/\/www.bulaoutdoor.nl\/wp-content\/uploads\/2018\/04\/bulaoutdoor-logo.png","width":324,"height":91,"caption":"Bula Outdoor"},"image":{"@id":"https:\/\/bulaoutdoor.nl\/#\/schema\/logo\/image\/"}}]}},"jetpack_sharing_enabled":true,"_links":{"self":[{"href":"https:\/\/bulaoutdoor.nl\/fr\/wp-json\/wp\/v2\/product\/36233","targetHints":{"allow":["GET"]}}],"collection":[{"href":"https:\/\/bulaoutdoor.nl\/fr\/wp-json\/wp\/v2\/product"}],"about":[{"href":"https:\/\/bulaoutdoor.nl\/fr\/wp-json\/wp\/v2\/types\/product"}],"replies":[{"embeddable":true,"href":"https:\/\/bulaoutdoor.nl\/fr\/wp-json\/wp\/v2\/comments?post=36233"}],"wp:featuredmedia":[{"embeddable":true,"href":"https:\/\/bulaoutdoor.nl\/fr\/wp-json\/wp\/v2\/media\/36234"}],"wp:attachment":[{"href":"https:\/\/bulaoutdoor.nl\/fr\/wp-json\/wp\/v2\/media?parent=36233"}],"wp:term":[{"taxonomy":"product_brand","embeddable":true,"href":"https:\/\/bulaoutdoor.nl\/fr\/wp-json\/wp\/v2\/product_brand?post=36233"},{"taxonomy":"product_cat","embeddable":true,"href":"https:\/\/bulaoutdoor.nl\/fr\/wp-json\/wp\/v2\/product_cat?post=36233"},{"taxonomy":"product_tag","embeddable":true,"href":"https:\/\/bulaoutdoor.nl\/fr\/wp-json\/wp\/v2\/product_tag?post=36233"}],"curies":[{"name":"wp","href":"https:\/\/api.w.org\/{rel}","templated":true}]}}