{"id":36235,"date":"2023-12-11T10:46:11","date_gmt":"2023-12-11T10:46:11","guid":{"rendered":"https:\/\/bulaoutdoor.nl\/?post_type=product&#038;p=36235"},"modified":"2023-12-11T13:33:04","modified_gmt":"2023-12-11T13:33:04","slug":"paquet-de-depart-delivita","status":"publish","type":"product","link":"https:\/\/bulaoutdoor.nl\/fr\/product\/delivita-starter-bundle\/","title":{"rendered":"Delivita Starter Bundle (bient\u00f4t disponible)"},"content":{"rendered":"<h4>L'ultime kit de d\u00e9marrage Delivita<\/h4>\n<p>Un point de d\u00e9part id\u00e9al pour am\u00e9liorer votre exp\u00e9rience de la cuisine en plein air avec le four Delivita ! Le Delvita Starter Pack a \u00e9t\u00e9 sp\u00e9cialement con\u00e7u pour les amateurs de pizza et les cuisiniers de plein air passionn\u00e9s. Il s'agit d'un ensemble d'outils essentiels con\u00e7us pour faire passer vos aventures culinaires avec votre four \u00e0 bois au niveau sup\u00e9rieur.<\/p>\n<p>Dans ce pack de d\u00e9marrage Delvita complet, vous trouverez quatre accessoires indispensables :<\/p>\n<ul>\n<li><strong><a href=\"https:\/\/bulaoutdoor.nl\/fr\/produit\/delivita-couvercle-de-four-tout-temps\/\">Couverture tous temps<\/a>:<\/strong> Prot\u00e9gez votre four Delivita contre les intemp\u00e9ries gr\u00e2ce \u00e0 une housse durable. Prolongez sa dur\u00e9e de vie en le prot\u00e9geant de la pluie, du soleil et des autres conditions m\u00e9t\u00e9orologiques.<\/li>\n<li><strong><a href=\"https:\/\/bulaoutdoor.nl\/fr\/produit\/pelure-a-pizza-delivita\/\">Peau de pizza<\/a>:<\/strong> Faites entrer et sortir vos pizzas du four sans effort gr\u00e2ce \u00e0 la pr\u00e9cision et \u00e0 la commodit\u00e9 offertes par une pelle \u00e0 pizza de haute qualit\u00e9. Le design fin et la construction robuste font de la manipulation de vos cr\u00e9ations culinaires un jeu d'enfant.<\/li>\n<li><a href=\"https:\/\/bulaoutdoor.nl\/fr\/produit\/brosse-a-four-delivita\/\"><strong>Brosse \u00e0 four :<\/strong> <\/a>Gardez votre four Delivita en parfait \u00e9tat gr\u00e2ce \u00e0 la brosse \u00e0 four sp\u00e9cialis\u00e9e, con\u00e7ue pour un nettoyage et un entretien efficaces. Assurez-vous que chaque pizza soit aussi parfaite que la premi\u00e8re.<\/li>\n<li><a href=\"https:\/\/bulaoutdoor.nl\/fr\/produit\/delivita-prod-and-blow\/\"><strong>Prod &amp; Blow :<\/strong><\/a> Cet outil multifonctionnel permet de g\u00e9rer le feu, de piquer le bois et de maintenir la temp\u00e9rature optimale pour une pizza au feu de bois parfaite.<\/li>\n<\/ul>\n<p>Chaque outil de l'ensemble de d\u00e9part Delvita est soigneusement fabriqu\u00e9 avec des mat\u00e9riaux de haute qualit\u00e9 pour garantir une durabilit\u00e9 et des performances exceptionnelles. Am\u00e9liorez votre exp\u00e9rience de la cuisine en plein air avec les fours \u00e0 bois Delivita et pr\u00e9parez les meilleures pizzas sans effort.<\/p>\n<p>Que vous soyez un amateur chevronn\u00e9 de cuisine en plein air ou que vous commenciez \u00e0 peine votre voyage culinaire, cela n'a pas d'importance. Le Delivita Starter Bundle est le compagnon id\u00e9al pour lib\u00e9rer votre cr\u00e9ativit\u00e9 et ma\u00eetriser l'art de la pizza.<\/p>\n<p>Commandez le Delivita Starter Pack directement aupr\u00e8s de Bula Outdoor u <a href=\"https:\/\/bulaoutdoor.nl\/fr\/categorie-de-produits\/fours-a-pizza\/four-a-bois-delivita\/\">Sp\u00e9cialiste des fours \u00e0 pizza !<\/a><\/p>","protected":false},"excerpt":{"rendered":"<p>Delivita Starter Pack<\/p>","protected":false},"featured_media":36236,"comment_status":"open","ping_status":"closed","template":"","meta":{"_acf_changed":false},"product_brand":[],"product_cat":[1334],"product_tag":[1333,1330],"class_list":{"0":"post-36235","1":"product","2":"type-product","3":"status-publish","4":"has-post-thumbnail","6":"product_cat-delivita-accessoires","7":"product_tag-delivita","8":"product_tag-tools","10":"first","11":"outofstock","12":"taxable","13":"shipping-taxable","14":"product-type-simple"},"acf":[],"yoast_head":"<!-- This site is optimized with the Yoast SEO plugin v27.3 - https:\/\/yoast.com\/product\/yoast-seo-wordpress\/ -->\n<title>Delivita Starter Bundle (Binnenkort beschikbaar) &#8211; Bula Outdoor<\/title>\n<meta name=\"description\" content=\"Delvita Starterspakket is een ideaal beginpunt voor het verbeteren van je ervaring met de Delivita oven! Speciaal samengesteld voor pizzaliefhebbers!\" \/>\n<meta name=\"robots\" content=\"index, follow, max-snippet:-1, max-image-preview:large, max-video-preview:-1\" \/>\n<link rel=\"canonical\" href=\"https:\/\/bulaoutdoor.nl\/fr\/produit\/paquet-de-depart-delivita\/\" \/>\n<meta property=\"og:locale\" content=\"fr_FR\" \/>\n<meta property=\"og:type\" content=\"article\" \/>\n<meta property=\"og:title\" content=\"Delivita Starter Bundle (Binnenkort beschikbaar) &#8211; Bula Outdoor\" \/>\n<meta property=\"og:description\" content=\"Delvita Starterspakket is een ideaal beginpunt voor het verbeteren van je ervaring met de Delivita oven! Speciaal samengesteld voor pizzaliefhebbers!\" \/>\n<meta property=\"og:url\" content=\"https:\/\/bulaoutdoor.nl\/fr\/produit\/paquet-de-depart-delivita\/\" \/>\n<meta property=\"og:site_name\" content=\"Bula Outdoor\" \/>\n<meta property=\"article:modified_time\" content=\"2023-12-11T13:33:04+00:00\" \/>\n<meta property=\"og:image\" content=\"https:\/\/bulaoutdoor.nl\/wp-content\/uploads\/2023\/12\/Delivita-Starter-Bundle.jpg\" \/>\n\t<meta property=\"og:image:width\" content=\"900\" \/>\n\t<meta property=\"og:image:height\" content=\"900\" \/>\n\t<meta property=\"og:image:type\" content=\"image\/jpeg\" \/>\n<meta name=\"twitter:card\" content=\"summary_large_image\" \/>\n<meta name=\"twitter:label1\" content=\"Dur\u00e9e de lecture estim\u00e9e\" \/>\n\t<meta name=\"twitter:data1\" content=\"2 minutes\" \/>\n<script type=\"application\/ld+json\" class=\"yoast-schema-graph\">{\"@context\":\"https:\\\/\\\/schema.org\",\"@graph\":[{\"@type\":\"WebPage\",\"@id\":\"https:\\\/\\\/bulaoutdoor.nl\\\/product\\\/delivita-starter-bundle\\\/\",\"url\":\"https:\\\/\\\/bulaoutdoor.nl\\\/product\\\/delivita-starter-bundle\\\/\",\"name\":\"Delivita Starter Bundle (Binnenkort beschikbaar) &#8211; Bula Outdoor\",\"isPartOf\":{\"@id\":\"https:\\\/\\\/bulaoutdoor.nl\\\/#website\"},\"primaryImageOfPage\":{\"@id\":\"https:\\\/\\\/bulaoutdoor.nl\\\/product\\\/delivita-starter-bundle\\\/#primaryimage\"},\"image\":{\"@id\":\"https:\\\/\\\/bulaoutdoor.nl\\\/product\\\/delivita-starter-bundle\\\/#primaryimage\"},\"thumbnailUrl\":\"https:\\\/\\\/bulaoutdoor.nl\\\/wp-content\\\/uploads\\\/2023\\\/12\\\/Delivita-Starter-Bundle.jpg\",\"datePublished\":\"2023-12-11T10:46:11+00:00\",\"dateModified\":\"2023-12-11T13:33:04+00:00\",\"description\":\"Delvita Starterspakket is een ideaal beginpunt voor het verbeteren van je ervaring met de Delivita oven! Speciaal samengesteld voor pizzaliefhebbers!\",\"breadcrumb\":{\"@id\":\"https:\\\/\\\/bulaoutdoor.nl\\\/product\\\/delivita-starter-bundle\\\/#breadcrumb\"},\"inLanguage\":\"fr-FR\",\"potentialAction\":[{\"@type\":\"ReadAction\",\"target\":[\"https:\\\/\\\/bulaoutdoor.nl\\\/product\\\/delivita-starter-bundle\\\/\"]}]},{\"@type\":\"ImageObject\",\"inLanguage\":\"fr-FR\",\"@id\":\"https:\\\/\\\/bulaoutdoor.nl\\\/product\\\/delivita-starter-bundle\\\/#primaryimage\",\"url\":\"https:\\\/\\\/bulaoutdoor.nl\\\/wp-content\\\/uploads\\\/2023\\\/12\\\/Delivita-Starter-Bundle.jpg\",\"contentUrl\":\"https:\\\/\\\/bulaoutdoor.nl\\\/wp-content\\\/uploads\\\/2023\\\/12\\\/Delivita-Starter-Bundle.jpg\",\"width\":900,\"height\":900,\"caption\":\"Delivita Starterspakket\"},{\"@type\":\"BreadcrumbList\",\"@id\":\"https:\\\/\\\/bulaoutdoor.nl\\\/product\\\/delivita-starter-bundle\\\/#breadcrumb\",\"itemListElement\":[{\"@type\":\"ListItem\",\"position\":1,\"name\":\"Home\",\"item\":\"https:\\\/\\\/bulaoutdoor.nl\\\/\"},{\"@type\":\"ListItem\",\"position\":2,\"name\":\"Online BBQ kopen\",\"item\":\"https:\\\/\\\/bulaoutdoor.nl\\\/\"},{\"@type\":\"ListItem\",\"position\":3,\"name\":\"Delivita Starter Bundle (Binnenkort beschikbaar)\"}]},{\"@type\":\"WebSite\",\"@id\":\"https:\\\/\\\/bulaoutdoor.nl\\\/#website\",\"url\":\"https:\\\/\\\/bulaoutdoor.nl\\\/\",\"name\":\"Bula Outdoor\",\"description\":\"Voor uw buitenhaard, BBQ, tuinfakkel en houtoven\",\"publisher\":{\"@id\":\"https:\\\/\\\/bulaoutdoor.nl\\\/#organization\"},\"potentialAction\":[{\"@type\":\"SearchAction\",\"target\":{\"@type\":\"EntryPoint\",\"urlTemplate\":\"https:\\\/\\\/bulaoutdoor.nl\\\/?s={search_term_string}\"},\"query-input\":{\"@type\":\"PropertyValueSpecification\",\"valueRequired\":true,\"valueName\":\"search_term_string\"}}],\"inLanguage\":\"fr-FR\"},{\"@type\":\"Organization\",\"@id\":\"https:\\\/\\\/bulaoutdoor.nl\\\/#organization\",\"name\":\"Bula Outdoor\",\"url\":\"https:\\\/\\\/bulaoutdoor.nl\\\/\",\"logo\":{\"@type\":\"ImageObject\",\"inLanguage\":\"fr-FR\",\"@id\":\"https:\\\/\\\/bulaoutdoor.nl\\\/#\\\/schema\\\/logo\\\/image\\\/\",\"url\":\"https:\\\/\\\/www.bulaoutdoor.nl\\\/wp-content\\\/uploads\\\/2018\\\/04\\\/bulaoutdoor-logo.png\",\"contentUrl\":\"https:\\\/\\\/www.bulaoutdoor.nl\\\/wp-content\\\/uploads\\\/2018\\\/04\\\/bulaoutdoor-logo.png\",\"width\":324,\"height\":91,\"caption\":\"Bula Outdoor\"},\"image\":{\"@id\":\"https:\\\/\\\/bulaoutdoor.nl\\\/#\\\/schema\\\/logo\\\/image\\\/\"}}]}<\/script>\n<!-- \/ Yoast SEO plugin. -->","yoast_head_json":{"title":"Delivita Starter Bundle (bient\u00f4t disponible) - Bula Outdoor","description":"Le Delvita Starter Pack est le point de d\u00e9part id\u00e9al pour am\u00e9liorer votre exp\u00e9rience avec le four Delivita ! Sp\u00e9cialement con\u00e7u pour les amateurs de pizzas !","robots":{"index":"index","follow":"follow","max-snippet":"max-snippet:-1","max-image-preview":"max-image-preview:large","max-video-preview":"max-video-preview:-1"},"canonical":"https:\/\/bulaoutdoor.nl\/fr\/produit\/paquet-de-depart-delivita\/","og_locale":"fr_FR","og_type":"article","og_title":"Delivita Starter Bundle (Binnenkort beschikbaar) &#8211; Bula Outdoor","og_description":"Delvita Starterspakket is een ideaal beginpunt voor het verbeteren van je ervaring met de Delivita oven! Speciaal samengesteld voor pizzaliefhebbers!","og_url":"https:\/\/bulaoutdoor.nl\/fr\/produit\/paquet-de-depart-delivita\/","og_site_name":"Bula Outdoor","article_modified_time":"2023-12-11T13:33:04+00:00","og_image":[{"width":900,"height":900,"url":"https:\/\/bulaoutdoor.nl\/wp-content\/uploads\/2023\/12\/Delivita-Starter-Bundle.jpg","type":"image\/jpeg"}],"twitter_card":"summary_large_image","twitter_misc":{"Dur\u00e9e de lecture estim\u00e9e":"2 minutes"},"schema":{"@context":"https:\/\/schema.org","@graph":[{"@type":"WebPage","@id":"https:\/\/bulaoutdoor.nl\/product\/delivita-starter-bundle\/","url":"https:\/\/bulaoutdoor.nl\/product\/delivita-starter-bundle\/","name":"Delivita Starter Bundle (bient\u00f4t disponible) - Bula Outdoor","isPartOf":{"@id":"https:\/\/bulaoutdoor.nl\/#website"},"primaryImageOfPage":{"@id":"https:\/\/bulaoutdoor.nl\/product\/delivita-starter-bundle\/#primaryimage"},"image":{"@id":"https:\/\/bulaoutdoor.nl\/product\/delivita-starter-bundle\/#primaryimage"},"thumbnailUrl":"https:\/\/bulaoutdoor.nl\/wp-content\/uploads\/2023\/12\/Delivita-Starter-Bundle.jpg","datePublished":"2023-12-11T10:46:11+00:00","dateModified":"2023-12-11T13:33:04+00:00","description":"Le Delvita Starter Pack est le point de d\u00e9part id\u00e9al pour am\u00e9liorer votre exp\u00e9rience avec le four Delivita ! Sp\u00e9cialement con\u00e7u pour les amateurs de pizzas !","breadcrumb":{"@id":"https:\/\/bulaoutdoor.nl\/product\/delivita-starter-bundle\/#breadcrumb"},"inLanguage":"fr-FR","potentialAction":[{"@type":"ReadAction","target":["https:\/\/bulaoutdoor.nl\/product\/delivita-starter-bundle\/"]}]},{"@type":"ImageObject","inLanguage":"fr-FR","@id":"https:\/\/bulaoutdoor.nl\/product\/delivita-starter-bundle\/#primaryimage","url":"https:\/\/bulaoutdoor.nl\/wp-content\/uploads\/2023\/12\/Delivita-Starter-Bundle.jpg","contentUrl":"https:\/\/bulaoutdoor.nl\/wp-content\/uploads\/2023\/12\/Delivita-Starter-Bundle.jpg","width":900,"height":900,"caption":"Delivita Starterspakket"},{"@type":"BreadcrumbList","@id":"https:\/\/bulaoutdoor.nl\/product\/delivita-starter-bundle\/#breadcrumb","itemListElement":[{"@type":"ListItem","position":1,"name":"Home","item":"https:\/\/bulaoutdoor.nl\/"},{"@type":"ListItem","position":2,"name":"Online BBQ kopen","item":"https:\/\/bulaoutdoor.nl\/"},{"@type":"ListItem","position":3,"name":"Delivita Starter Bundle (Binnenkort beschikbaar)"}]},{"@type":"WebSite","@id":"https:\/\/bulaoutdoor.nl\/#website","url":"https:\/\/bulaoutdoor.nl\/","name":"Bula Outdoor","description":"Pour votre chemin\u00e9e ext\u00e9rieure, votre barbecue, votre torche de jardin et votre four \u00e0 bois","publisher":{"@id":"https:\/\/bulaoutdoor.nl\/#organization"},"potentialAction":[{"@type":"SearchAction","target":{"@type":"EntryPoint","urlTemplate":"https:\/\/bulaoutdoor.nl\/?s={search_term_string}"},"query-input":{"@type":"PropertyValueSpecification","valueRequired":true,"valueName":"search_term_string"}}],"inLanguage":"fr-FR"},{"@type":"Organization","@id":"https:\/\/bulaoutdoor.nl\/#organization","name":"Bula Outdoor","url":"https:\/\/bulaoutdoor.nl\/","logo":{"@type":"ImageObject","inLanguage":"fr-FR","@id":"https:\/\/bulaoutdoor.nl\/#\/schema\/logo\/image\/","url":"https:\/\/www.bulaoutdoor.nl\/wp-content\/uploads\/2018\/04\/bulaoutdoor-logo.png","contentUrl":"https:\/\/www.bulaoutdoor.nl\/wp-content\/uploads\/2018\/04\/bulaoutdoor-logo.png","width":324,"height":91,"caption":"Bula Outdoor"},"image":{"@id":"https:\/\/bulaoutdoor.nl\/#\/schema\/logo\/image\/"}}]}},"jetpack_sharing_enabled":true,"_links":{"self":[{"href":"https:\/\/bulaoutdoor.nl\/fr\/wp-json\/wp\/v2\/product\/36235","targetHints":{"allow":["GET"]}}],"collection":[{"href":"https:\/\/bulaoutdoor.nl\/fr\/wp-json\/wp\/v2\/product"}],"about":[{"href":"https:\/\/bulaoutdoor.nl\/fr\/wp-json\/wp\/v2\/types\/product"}],"replies":[{"embeddable":true,"href":"https:\/\/bulaoutdoor.nl\/fr\/wp-json\/wp\/v2\/comments?post=36235"}],"wp:featuredmedia":[{"embeddable":true,"href":"https:\/\/bulaoutdoor.nl\/fr\/wp-json\/wp\/v2\/media\/36236"}],"wp:attachment":[{"href":"https:\/\/bulaoutdoor.nl\/fr\/wp-json\/wp\/v2\/media?parent=36235"}],"wp:term":[{"taxonomy":"product_brand","embeddable":true,"href":"https:\/\/bulaoutdoor.nl\/fr\/wp-json\/wp\/v2\/product_brand?post=36235"},{"taxonomy":"product_cat","embeddable":true,"href":"https:\/\/bulaoutdoor.nl\/fr\/wp-json\/wp\/v2\/product_cat?post=36235"},{"taxonomy":"product_tag","embeddable":true,"href":"https:\/\/bulaoutdoor.nl\/fr\/wp-json\/wp\/v2\/product_tag?post=36235"}],"curies":[{"name":"wp","href":"https:\/\/api.w.org\/{rel}","templated":true}]}}