{"id":36238,"date":"2023-12-11T10:49:04","date_gmt":"2023-12-11T10:49:04","guid":{"rendered":"https:\/\/bulaoutdoor.nl\/?post_type=product&#038;p=36238"},"modified":"2023-12-11T13:35:40","modified_gmt":"2023-12-11T13:35:40","slug":"tablier-en-cuir-delivita","status":"publish","type":"product","link":"https:\/\/bulaoutdoor.nl\/fr\/product\/delivita-leather-apron\/","title":{"rendered":"Tablier en cuir Delivita (Prochainement)"},"content":{"rendered":"<p>Laissez-vous surprendre par l'exquise qualit\u00e9 de fabrication du tablier en cuir Delivita, fait \u00e0 la main avec du cuir de buffle italien robuste et soigneusement s\u00e9lectionn\u00e9. Ce tablier en cuir luxueux n'est pas un simple accessoire. C'est un t\u00e9moignage de qualit\u00e9 et de confort, id\u00e9al pour les chefs, les amateurs de barbecue, les artisans et les artisans d'art.<\/p>\n<p><strong>Caract\u00e9ristiques principales du tablier en cuir Delivita :<\/strong><\/p>\n<ul>\n<li>Fabriqu\u00e9 \u00e0 la main en cuir de buffle souple de haute qualit\u00e9 100%.<\/li>\n<li>Bretelles r\u00e9glables robustes et fermeture \u00e0 boucle facile \u00e0 utiliser.<\/li>\n<li>Il est \u00e9quip\u00e9 d'un porte-serviette pratique.<\/li>\n<li>La ceinture r\u00e9glable offre une longueur suppl\u00e9mentaire de 60 cm avec 9 trous de ceinture pour un ajustement personnalis\u00e9.<\/li>\n<\/ul>\n<p><strong>Con\u00e7u pour le confort et la durabilit\u00e9<\/strong><\/p>\n<p>Fabriqu\u00e9s en cuir de buffle italien souple, ces tabliers sont exceptionnellement l\u00e9gers et flexibles, ce qui leur conf\u00e8re un confort in\u00e9gal\u00e9. Les bretelles et sangles de haute qualit\u00e9, tann\u00e9es naturellement, combin\u00e9es \u00e0 une fermeture \u00e0 boucle facilement ajustable, garantissent un ajustement sur mesure pour chacun. En outre, une boucle bien pens\u00e9e pour une serviette ajoute une commodit\u00e9 suppl\u00e9mentaire au tablier.<\/p>\n<p><strong>Polyvalent pour toutes les situations<\/strong><\/p>\n<p>Adopt\u00e9s par les professionnels des cuisines en activit\u00e9 et appr\u00e9ci\u00e9s par les cuisiniers \u00e0 domicile, ces tabliers en cuir allient sans effort protection et style. Le cuir de buffle pleine fleur, coup\u00e9 \u00e0 partir de peaux extra-huil\u00e9es, conserve son int\u00e9grit\u00e9 naturelle, ce qui le rend \u00e0 la fois robuste et souple, offrant une durabilit\u00e9 sans compromis sur le confort.<\/p>\n<p>Commandez le tablier en cuir Delivita directement aupr\u00e8s de Bula Outdoor u <a href=\"https:\/\/bulaoutdoor.nl\/fr\/categorie-de-produits\/fours-a-pizza\/four-a-bois-delivita\/\">Sp\u00e9cialiste des fours \u00e0 pizza !<\/a><\/p>","protected":false},"excerpt":{"rendered":"<p>Le tablier en cuir Delivita est le fruit d'un travail exquis.<\/p>","protected":false},"featured_media":36239,"comment_status":"open","ping_status":"closed","template":"","meta":{"_acf_changed":false},"product_brand":[],"product_cat":[1334,361],"product_tag":[43,1333,1330],"class_list":{"0":"post-36238","1":"product","2":"type-product","3":"status-publish","4":"has-post-thumbnail","6":"product_cat-delivita-accessoires","7":"product_cat-pizza-bereiding-accessoires","8":"product_tag-bbq","9":"product_tag-delivita","10":"product_tag-tools","12":"first","13":"outofstock","14":"taxable","15":"shipping-taxable","16":"product-type-simple"},"acf":[],"yoast_head":"<!-- This site is optimized with the Yoast SEO plugin v27.3 - https:\/\/yoast.com\/product\/yoast-seo-wordpress\/ -->\n<title>Delivita leren schort (Binnenkort beschikbaar) &#8211; Bula Outdoor<\/title>\n<meta name=\"description\" content=\"Delivita leren schort. Gemaakt van soepel buffelleer zijn deze schorten uitzonderlijk lichtgewicht en flexibel, waardoor onge\u00ebvenaard comfort ontstaat.\" \/>\n<meta name=\"robots\" content=\"index, follow, max-snippet:-1, max-image-preview:large, max-video-preview:-1\" \/>\n<link rel=\"canonical\" href=\"https:\/\/bulaoutdoor.nl\/fr\/produit\/tablier-en-cuir-delivita\/\" \/>\n<meta property=\"og:locale\" content=\"fr_FR\" \/>\n<meta property=\"og:type\" content=\"article\" \/>\n<meta property=\"og:title\" content=\"Delivita leren schort (Binnenkort beschikbaar) &#8211; Bula Outdoor\" \/>\n<meta property=\"og:description\" content=\"Delivita leren schort. Gemaakt van soepel buffelleer zijn deze schorten uitzonderlijk lichtgewicht en flexibel, waardoor onge\u00ebvenaard comfort ontstaat.\" \/>\n<meta property=\"og:url\" content=\"https:\/\/bulaoutdoor.nl\/fr\/produit\/tablier-en-cuir-delivita\/\" \/>\n<meta property=\"og:site_name\" content=\"Bula Outdoor\" \/>\n<meta property=\"article:modified_time\" content=\"2023-12-11T13:35:40+00:00\" \/>\n<meta property=\"og:image\" content=\"https:\/\/bulaoutdoor.nl\/wp-content\/uploads\/2023\/12\/Delivita-Leather-Apron.jpg\" \/>\n\t<meta property=\"og:image:width\" content=\"900\" \/>\n\t<meta property=\"og:image:height\" content=\"900\" \/>\n\t<meta property=\"og:image:type\" content=\"image\/jpeg\" \/>\n<meta name=\"twitter:card\" content=\"summary_large_image\" \/>\n<meta name=\"twitter:label1\" content=\"Dur\u00e9e de lecture estim\u00e9e\" \/>\n\t<meta name=\"twitter:data1\" content=\"2 minutes\" \/>\n<script type=\"application\/ld+json\" class=\"yoast-schema-graph\">{\"@context\":\"https:\\\/\\\/schema.org\",\"@graph\":[{\"@type\":\"WebPage\",\"@id\":\"https:\\\/\\\/bulaoutdoor.nl\\\/product\\\/delivita-leather-apron\\\/\",\"url\":\"https:\\\/\\\/bulaoutdoor.nl\\\/product\\\/delivita-leather-apron\\\/\",\"name\":\"Delivita leren schort (Binnenkort beschikbaar) &#8211; Bula Outdoor\",\"isPartOf\":{\"@id\":\"https:\\\/\\\/bulaoutdoor.nl\\\/#website\"},\"primaryImageOfPage\":{\"@id\":\"https:\\\/\\\/bulaoutdoor.nl\\\/product\\\/delivita-leather-apron\\\/#primaryimage\"},\"image\":{\"@id\":\"https:\\\/\\\/bulaoutdoor.nl\\\/product\\\/delivita-leather-apron\\\/#primaryimage\"},\"thumbnailUrl\":\"https:\\\/\\\/bulaoutdoor.nl\\\/wp-content\\\/uploads\\\/2023\\\/12\\\/Delivita-Leather-Apron.jpg\",\"datePublished\":\"2023-12-11T10:49:04+00:00\",\"dateModified\":\"2023-12-11T13:35:40+00:00\",\"description\":\"Delivita leren schort. Gemaakt van soepel buffelleer zijn deze schorten uitzonderlijk lichtgewicht en flexibel, waardoor onge\u00ebvenaard comfort ontstaat.\",\"breadcrumb\":{\"@id\":\"https:\\\/\\\/bulaoutdoor.nl\\\/product\\\/delivita-leather-apron\\\/#breadcrumb\"},\"inLanguage\":\"fr-FR\",\"potentialAction\":[{\"@type\":\"ReadAction\",\"target\":[\"https:\\\/\\\/bulaoutdoor.nl\\\/product\\\/delivita-leather-apron\\\/\"]}]},{\"@type\":\"ImageObject\",\"inLanguage\":\"fr-FR\",\"@id\":\"https:\\\/\\\/bulaoutdoor.nl\\\/product\\\/delivita-leather-apron\\\/#primaryimage\",\"url\":\"https:\\\/\\\/bulaoutdoor.nl\\\/wp-content\\\/uploads\\\/2023\\\/12\\\/Delivita-Leather-Apron.jpg\",\"contentUrl\":\"https:\\\/\\\/bulaoutdoor.nl\\\/wp-content\\\/uploads\\\/2023\\\/12\\\/Delivita-Leather-Apron.jpg\",\"width\":900,\"height\":900,\"caption\":\"Delivita leren schort\"},{\"@type\":\"BreadcrumbList\",\"@id\":\"https:\\\/\\\/bulaoutdoor.nl\\\/product\\\/delivita-leather-apron\\\/#breadcrumb\",\"itemListElement\":[{\"@type\":\"ListItem\",\"position\":1,\"name\":\"Home\",\"item\":\"https:\\\/\\\/bulaoutdoor.nl\\\/\"},{\"@type\":\"ListItem\",\"position\":2,\"name\":\"Online BBQ kopen\",\"item\":\"https:\\\/\\\/bulaoutdoor.nl\\\/\"},{\"@type\":\"ListItem\",\"position\":3,\"name\":\"Delivita leren schort (Binnenkort beschikbaar)\"}]},{\"@type\":\"WebSite\",\"@id\":\"https:\\\/\\\/bulaoutdoor.nl\\\/#website\",\"url\":\"https:\\\/\\\/bulaoutdoor.nl\\\/\",\"name\":\"Bula Outdoor\",\"description\":\"Voor uw buitenhaard, BBQ, tuinfakkel en houtoven\",\"publisher\":{\"@id\":\"https:\\\/\\\/bulaoutdoor.nl\\\/#organization\"},\"potentialAction\":[{\"@type\":\"SearchAction\",\"target\":{\"@type\":\"EntryPoint\",\"urlTemplate\":\"https:\\\/\\\/bulaoutdoor.nl\\\/?s={search_term_string}\"},\"query-input\":{\"@type\":\"PropertyValueSpecification\",\"valueRequired\":true,\"valueName\":\"search_term_string\"}}],\"inLanguage\":\"fr-FR\"},{\"@type\":\"Organization\",\"@id\":\"https:\\\/\\\/bulaoutdoor.nl\\\/#organization\",\"name\":\"Bula Outdoor\",\"url\":\"https:\\\/\\\/bulaoutdoor.nl\\\/\",\"logo\":{\"@type\":\"ImageObject\",\"inLanguage\":\"fr-FR\",\"@id\":\"https:\\\/\\\/bulaoutdoor.nl\\\/#\\\/schema\\\/logo\\\/image\\\/\",\"url\":\"https:\\\/\\\/www.bulaoutdoor.nl\\\/wp-content\\\/uploads\\\/2018\\\/04\\\/bulaoutdoor-logo.png\",\"contentUrl\":\"https:\\\/\\\/www.bulaoutdoor.nl\\\/wp-content\\\/uploads\\\/2018\\\/04\\\/bulaoutdoor-logo.png\",\"width\":324,\"height\":91,\"caption\":\"Bula Outdoor\"},\"image\":{\"@id\":\"https:\\\/\\\/bulaoutdoor.nl\\\/#\\\/schema\\\/logo\\\/image\\\/\"}}]}<\/script>\n<!-- \/ Yoast SEO plugin. -->","yoast_head_json":{"title":"Tablier en cuir Delivita (Prochainement) - Bula Outdoors","description":"Tablier en cuir Delivita. Fabriqu\u00e9s en cuir de buffle souple, ces tabliers sont exceptionnellement l\u00e9gers et flexibles, ce qui leur conf\u00e8re un confort in\u00e9gal\u00e9.","robots":{"index":"index","follow":"follow","max-snippet":"max-snippet:-1","max-image-preview":"max-image-preview:large","max-video-preview":"max-video-preview:-1"},"canonical":"https:\/\/bulaoutdoor.nl\/fr\/produit\/tablier-en-cuir-delivita\/","og_locale":"fr_FR","og_type":"article","og_title":"Delivita leren schort (Binnenkort beschikbaar) &#8211; Bula Outdoor","og_description":"Delivita leren schort. Gemaakt van soepel buffelleer zijn deze schorten uitzonderlijk lichtgewicht en flexibel, waardoor onge\u00ebvenaard comfort ontstaat.","og_url":"https:\/\/bulaoutdoor.nl\/fr\/produit\/tablier-en-cuir-delivita\/","og_site_name":"Bula Outdoor","article_modified_time":"2023-12-11T13:35:40+00:00","og_image":[{"width":900,"height":900,"url":"https:\/\/bulaoutdoor.nl\/wp-content\/uploads\/2023\/12\/Delivita-Leather-Apron.jpg","type":"image\/jpeg"}],"twitter_card":"summary_large_image","twitter_misc":{"Dur\u00e9e de lecture estim\u00e9e":"2 minutes"},"schema":{"@context":"https:\/\/schema.org","@graph":[{"@type":"WebPage","@id":"https:\/\/bulaoutdoor.nl\/product\/delivita-leather-apron\/","url":"https:\/\/bulaoutdoor.nl\/product\/delivita-leather-apron\/","name":"Tablier en cuir Delivita (Prochainement) - Bula Outdoors","isPartOf":{"@id":"https:\/\/bulaoutdoor.nl\/#website"},"primaryImageOfPage":{"@id":"https:\/\/bulaoutdoor.nl\/product\/delivita-leather-apron\/#primaryimage"},"image":{"@id":"https:\/\/bulaoutdoor.nl\/product\/delivita-leather-apron\/#primaryimage"},"thumbnailUrl":"https:\/\/bulaoutdoor.nl\/wp-content\/uploads\/2023\/12\/Delivita-Leather-Apron.jpg","datePublished":"2023-12-11T10:49:04+00:00","dateModified":"2023-12-11T13:35:40+00:00","description":"Tablier en cuir Delivita. Fabriqu\u00e9s en cuir de buffle souple, ces tabliers sont exceptionnellement l\u00e9gers et flexibles, ce qui leur conf\u00e8re un confort in\u00e9gal\u00e9.","breadcrumb":{"@id":"https:\/\/bulaoutdoor.nl\/product\/delivita-leather-apron\/#breadcrumb"},"inLanguage":"fr-FR","potentialAction":[{"@type":"ReadAction","target":["https:\/\/bulaoutdoor.nl\/product\/delivita-leather-apron\/"]}]},{"@type":"ImageObject","inLanguage":"fr-FR","@id":"https:\/\/bulaoutdoor.nl\/product\/delivita-leather-apron\/#primaryimage","url":"https:\/\/bulaoutdoor.nl\/wp-content\/uploads\/2023\/12\/Delivita-Leather-Apron.jpg","contentUrl":"https:\/\/bulaoutdoor.nl\/wp-content\/uploads\/2023\/12\/Delivita-Leather-Apron.jpg","width":900,"height":900,"caption":"Delivita leren schort"},{"@type":"BreadcrumbList","@id":"https:\/\/bulaoutdoor.nl\/product\/delivita-leather-apron\/#breadcrumb","itemListElement":[{"@type":"ListItem","position":1,"name":"Home","item":"https:\/\/bulaoutdoor.nl\/"},{"@type":"ListItem","position":2,"name":"Online BBQ kopen","item":"https:\/\/bulaoutdoor.nl\/"},{"@type":"ListItem","position":3,"name":"Delivita leren schort (Binnenkort beschikbaar)"}]},{"@type":"WebSite","@id":"https:\/\/bulaoutdoor.nl\/#website","url":"https:\/\/bulaoutdoor.nl\/","name":"Bula Outdoor","description":"Pour votre chemin\u00e9e ext\u00e9rieure, votre barbecue, votre torche de jardin et votre four \u00e0 bois","publisher":{"@id":"https:\/\/bulaoutdoor.nl\/#organization"},"potentialAction":[{"@type":"SearchAction","target":{"@type":"EntryPoint","urlTemplate":"https:\/\/bulaoutdoor.nl\/?s={search_term_string}"},"query-input":{"@type":"PropertyValueSpecification","valueRequired":true,"valueName":"search_term_string"}}],"inLanguage":"fr-FR"},{"@type":"Organization","@id":"https:\/\/bulaoutdoor.nl\/#organization","name":"Bula Outdoor","url":"https:\/\/bulaoutdoor.nl\/","logo":{"@type":"ImageObject","inLanguage":"fr-FR","@id":"https:\/\/bulaoutdoor.nl\/#\/schema\/logo\/image\/","url":"https:\/\/www.bulaoutdoor.nl\/wp-content\/uploads\/2018\/04\/bulaoutdoor-logo.png","contentUrl":"https:\/\/www.bulaoutdoor.nl\/wp-content\/uploads\/2018\/04\/bulaoutdoor-logo.png","width":324,"height":91,"caption":"Bula Outdoor"},"image":{"@id":"https:\/\/bulaoutdoor.nl\/#\/schema\/logo\/image\/"}}]}},"jetpack_sharing_enabled":true,"_links":{"self":[{"href":"https:\/\/bulaoutdoor.nl\/fr\/wp-json\/wp\/v2\/product\/36238","targetHints":{"allow":["GET"]}}],"collection":[{"href":"https:\/\/bulaoutdoor.nl\/fr\/wp-json\/wp\/v2\/product"}],"about":[{"href":"https:\/\/bulaoutdoor.nl\/fr\/wp-json\/wp\/v2\/types\/product"}],"replies":[{"embeddable":true,"href":"https:\/\/bulaoutdoor.nl\/fr\/wp-json\/wp\/v2\/comments?post=36238"}],"wp:featuredmedia":[{"embeddable":true,"href":"https:\/\/bulaoutdoor.nl\/fr\/wp-json\/wp\/v2\/media\/36239"}],"wp:attachment":[{"href":"https:\/\/bulaoutdoor.nl\/fr\/wp-json\/wp\/v2\/media?parent=36238"}],"wp:term":[{"taxonomy":"product_brand","embeddable":true,"href":"https:\/\/bulaoutdoor.nl\/fr\/wp-json\/wp\/v2\/product_brand?post=36238"},{"taxonomy":"product_cat","embeddable":true,"href":"https:\/\/bulaoutdoor.nl\/fr\/wp-json\/wp\/v2\/product_cat?post=36238"},{"taxonomy":"product_tag","embeddable":true,"href":"https:\/\/bulaoutdoor.nl\/fr\/wp-json\/wp\/v2\/product_tag?post=36238"}],"curies":[{"name":"wp","href":"https:\/\/api.w.org\/{rel}","templated":true}]}}