{"id":36242,"date":"2023-12-11T11:05:41","date_gmt":"2023-12-11T11:05:41","guid":{"rendered":"https:\/\/bulaoutdoor.nl\/?post_type=product&#038;p=36242"},"modified":"2023-12-11T13:40:08","modified_gmt":"2023-12-11T13:40:08","slug":"delivita-chefs-collection-bundle","status":"publish","type":"product","link":"https:\/\/bulaoutdoor.nl\/fr\/product\/delivita-chefs-collection-bundle\/","title":{"rendered":"Delivita Chefs Collection Bundle (Prochainement)"},"content":{"rendered":"<h4>L'offre group\u00e9e de la collection du chef Delivita<\/h4>\n<p>Faites passer vos talents de cuisinier au niveau sup\u00e9rieur avec cet ensemble Delivita Chefs Collection, con\u00e7u pour apporter la magie de la cuisson au feu de bois directement dans votre cuisine. Que vous soyez un chef en herbe ou un professionnel chevronn\u00e9, cet ensemble exclusif vous ouvre les portes de la pr\u00e9cision, de la qualit\u00e9 et d'exp\u00e9riences gustatives in\u00e9gal\u00e9es.<\/p>\n<p>Une large s\u00e9lection d'accessoires essentiels est incluse, notamment :<\/p>\n<ul>\n<li><strong>Les <a href=\"https:\/\/bulaoutdoor.nl\/fr\/produit\/delivita-couvercle-de-four-tout-temps\/\">Couverture tous temps<\/a><\/strong> pour que votre four reste en parfait \u00e9tat dans n'importe quel environnement.<\/li>\n<li><strong>Les <a href=\"https:\/\/bulaoutdoor.nl\/fr\/produit\/plat-en-fer-noir-delivita\/\">Plat en fer noir<\/a><\/strong> ajouter de la polyvalence \u00e0 votre r\u00e9pertoire culinaire,<\/li>\n<li><strong>Les<a href=\"https:\/\/bulaoutdoor.nl\/fr\/produit\/gant-en-cuir-delivita\/\"> Gant en cuir<\/a><\/strong>\u00a0garantissent la s\u00e9curit\u00e9 lors de la manipulation.<\/li>\n<li><strong>Les <a href=\"https:\/\/bulaoutdoor.nl\/fr\/produit\/brosse-a-four-delivita\/\">Brosse \u00e0 four<\/a><\/strong> Maintenez votre four en parfait \u00e9tat.<\/li>\n<li><strong>Les <a href=\"https:\/\/bulaoutdoor.nl\/fr\/produit\/delivita-prod-and-blow\/\">Outils de production et de soufflage<\/a><\/strong> g\u00e9rer le feu sans effort.<\/li>\n<li><strong>Le pistolet infrarouge<\/strong> contr\u00f4le pr\u00e9cis de la temp\u00e9rature.<\/li>\n<li><strong>Le livre du festin au feu de bois <\/strong>D\u00e9couvrez un monde de recettes au feu de bois.<\/li>\n<\/ul>\n<p><strong>Ce set rend la cuisine avec un four Delivita plus s\u00fbre, plus vari\u00e9e, plus stimulante, plus pr\u00e9cise et, bien s\u00fbr, plus amusante !\u00a0<\/strong><\/p>\n<p>Optimisez votre exp\u00e9rience du four Delivita gr\u00e2ce \u00e0 cet ensemble complet d'accessoires, qui rendent la cuisine plus s\u00fbre, plus vari\u00e9e, plus stimulante, plus pr\u00e9cise et, surtout, plus amusante ! D\u00e9couvrez les possibilit\u00e9s et vivez une aventure culinaire comme jamais auparavant. Con\u00e7us et s\u00e9lectionn\u00e9s avec soin pour r\u00e9pondre \u00e0 tous vos besoins culinaires, ces accessoires feront de votre four Delivita le partenaire id\u00e9al de votre cuisine. Transformez votre routine culinaire et lib\u00e9rez votre cr\u00e9ativit\u00e9 gr\u00e2ce \u00e0 ce set indispensable.<\/p>\n<p>Commandez l'ensemble Delivita Chefs Collection directement aupr\u00e8s de Bula Outdoor u <a href=\"https:\/\/bulaoutdoor.nl\/fr\/categorie-de-produits\/fours-a-pizza\/four-a-bois-delivita\/\">Sp\u00e9cialiste des fours \u00e0 pizza !<\/a><\/p>","protected":false},"excerpt":{"rendered":"<p>L'ensemble Delivita Chefs Collection Bundle contient des outils essentiels.<\/p>","protected":false},"featured_media":36243,"comment_status":"open","ping_status":"closed","template":"","meta":{"_acf_changed":false},"product_brand":[],"product_cat":[1334],"product_tag":[1333,94,1330],"class_list":{"0":"post-36242","1":"product","2":"type-product","3":"status-publish","4":"has-post-thumbnail","6":"product_cat-delivita-accessoires","7":"product_tag-delivita","8":"product_tag-pizzaset","9":"product_tag-tools","11":"first","12":"outofstock","13":"taxable","14":"shipping-taxable","15":"product-type-simple"},"acf":[],"yoast_head":"<!-- This site is optimized with the Yoast SEO plugin v27.3 - https:\/\/yoast.com\/product\/yoast-seo-wordpress\/ -->\n<title>Delivita Chefs Collection Bundel (Binnenkort beschikbaar) &#8211; Bula Outdoor<\/title>\n<meta name=\"description\" content=\"Delivita Chefs Collection Bundel is een zorgvuldig samengestelde set om de magie van houtgestookt koken rechtstreeks naar jouw keuken te brengen.\" \/>\n<meta name=\"robots\" content=\"index, follow, max-snippet:-1, max-image-preview:large, max-video-preview:-1\" \/>\n<link rel=\"canonical\" href=\"https:\/\/bulaoutdoor.nl\/fr\/produit\/delivita-chefs-collection-bundle\/\" \/>\n<meta property=\"og:locale\" content=\"fr_FR\" \/>\n<meta property=\"og:type\" content=\"article\" \/>\n<meta property=\"og:title\" content=\"Delivita Chefs Collection Bundel (Binnenkort beschikbaar) &#8211; Bula Outdoor\" \/>\n<meta property=\"og:description\" content=\"Delivita Chefs Collection Bundel is een zorgvuldig samengestelde set om de magie van houtgestookt koken rechtstreeks naar jouw keuken te brengen.\" \/>\n<meta property=\"og:url\" content=\"https:\/\/bulaoutdoor.nl\/fr\/produit\/delivita-chefs-collection-bundle\/\" \/>\n<meta property=\"og:site_name\" content=\"Bula Outdoor\" \/>\n<meta property=\"article:modified_time\" content=\"2023-12-11T13:40:08+00:00\" \/>\n<meta property=\"og:image\" content=\"https:\/\/bulaoutdoor.nl\/wp-content\/uploads\/2023\/12\/Delvita-Chefs-Collection-Bundle.jpg\" \/>\n\t<meta property=\"og:image:width\" content=\"900\" \/>\n\t<meta property=\"og:image:height\" content=\"900\" \/>\n\t<meta property=\"og:image:type\" content=\"image\/jpeg\" \/>\n<meta name=\"twitter:card\" content=\"summary_large_image\" \/>\n<meta name=\"twitter:label1\" content=\"Dur\u00e9e de lecture estim\u00e9e\" \/>\n\t<meta name=\"twitter:data1\" content=\"2 minutes\" \/>\n<script type=\"application\/ld+json\" class=\"yoast-schema-graph\">{\"@context\":\"https:\\\/\\\/schema.org\",\"@graph\":[{\"@type\":\"WebPage\",\"@id\":\"https:\\\/\\\/bulaoutdoor.nl\\\/product\\\/delivita-chefs-collection-bundle\\\/\",\"url\":\"https:\\\/\\\/bulaoutdoor.nl\\\/product\\\/delivita-chefs-collection-bundle\\\/\",\"name\":\"Delivita Chefs Collection Bundel (Binnenkort beschikbaar) &#8211; Bula Outdoor\",\"isPartOf\":{\"@id\":\"https:\\\/\\\/bulaoutdoor.nl\\\/#website\"},\"primaryImageOfPage\":{\"@id\":\"https:\\\/\\\/bulaoutdoor.nl\\\/product\\\/delivita-chefs-collection-bundle\\\/#primaryimage\"},\"image\":{\"@id\":\"https:\\\/\\\/bulaoutdoor.nl\\\/product\\\/delivita-chefs-collection-bundle\\\/#primaryimage\"},\"thumbnailUrl\":\"https:\\\/\\\/bulaoutdoor.nl\\\/wp-content\\\/uploads\\\/2023\\\/12\\\/Delvita-Chefs-Collection-Bundle.jpg\",\"datePublished\":\"2023-12-11T11:05:41+00:00\",\"dateModified\":\"2023-12-11T13:40:08+00:00\",\"description\":\"Delivita Chefs Collection Bundel is een zorgvuldig samengestelde set om de magie van houtgestookt koken rechtstreeks naar jouw keuken te brengen.\",\"breadcrumb\":{\"@id\":\"https:\\\/\\\/bulaoutdoor.nl\\\/product\\\/delivita-chefs-collection-bundle\\\/#breadcrumb\"},\"inLanguage\":\"fr-FR\",\"potentialAction\":[{\"@type\":\"ReadAction\",\"target\":[\"https:\\\/\\\/bulaoutdoor.nl\\\/product\\\/delivita-chefs-collection-bundle\\\/\"]}]},{\"@type\":\"ImageObject\",\"inLanguage\":\"fr-FR\",\"@id\":\"https:\\\/\\\/bulaoutdoor.nl\\\/product\\\/delivita-chefs-collection-bundle\\\/#primaryimage\",\"url\":\"https:\\\/\\\/bulaoutdoor.nl\\\/wp-content\\\/uploads\\\/2023\\\/12\\\/Delvita-Chefs-Collection-Bundle.jpg\",\"contentUrl\":\"https:\\\/\\\/bulaoutdoor.nl\\\/wp-content\\\/uploads\\\/2023\\\/12\\\/Delvita-Chefs-Collection-Bundle.jpg\",\"width\":900,\"height\":900,\"caption\":\"Delivita Chefs Collection Bundle\"},{\"@type\":\"BreadcrumbList\",\"@id\":\"https:\\\/\\\/bulaoutdoor.nl\\\/product\\\/delivita-chefs-collection-bundle\\\/#breadcrumb\",\"itemListElement\":[{\"@type\":\"ListItem\",\"position\":1,\"name\":\"Home\",\"item\":\"https:\\\/\\\/bulaoutdoor.nl\\\/\"},{\"@type\":\"ListItem\",\"position\":2,\"name\":\"Online BBQ kopen\",\"item\":\"https:\\\/\\\/bulaoutdoor.nl\\\/\"},{\"@type\":\"ListItem\",\"position\":3,\"name\":\"Delivita Chefs Collection Bundel (Binnenkort beschikbaar)\"}]},{\"@type\":\"WebSite\",\"@id\":\"https:\\\/\\\/bulaoutdoor.nl\\\/#website\",\"url\":\"https:\\\/\\\/bulaoutdoor.nl\\\/\",\"name\":\"Bula Outdoor\",\"description\":\"Voor uw buitenhaard, BBQ, tuinfakkel en houtoven\",\"publisher\":{\"@id\":\"https:\\\/\\\/bulaoutdoor.nl\\\/#organization\"},\"potentialAction\":[{\"@type\":\"SearchAction\",\"target\":{\"@type\":\"EntryPoint\",\"urlTemplate\":\"https:\\\/\\\/bulaoutdoor.nl\\\/?s={search_term_string}\"},\"query-input\":{\"@type\":\"PropertyValueSpecification\",\"valueRequired\":true,\"valueName\":\"search_term_string\"}}],\"inLanguage\":\"fr-FR\"},{\"@type\":\"Organization\",\"@id\":\"https:\\\/\\\/bulaoutdoor.nl\\\/#organization\",\"name\":\"Bula Outdoor\",\"url\":\"https:\\\/\\\/bulaoutdoor.nl\\\/\",\"logo\":{\"@type\":\"ImageObject\",\"inLanguage\":\"fr-FR\",\"@id\":\"https:\\\/\\\/bulaoutdoor.nl\\\/#\\\/schema\\\/logo\\\/image\\\/\",\"url\":\"https:\\\/\\\/www.bulaoutdoor.nl\\\/wp-content\\\/uploads\\\/2018\\\/04\\\/bulaoutdoor-logo.png\",\"contentUrl\":\"https:\\\/\\\/www.bulaoutdoor.nl\\\/wp-content\\\/uploads\\\/2018\\\/04\\\/bulaoutdoor-logo.png\",\"width\":324,\"height\":91,\"caption\":\"Bula Outdoor\"},\"image\":{\"@id\":\"https:\\\/\\\/bulaoutdoor.nl\\\/#\\\/schema\\\/logo\\\/image\\\/\"}}]}<\/script>\n<!-- \/ Yoast SEO plugin. -->","yoast_head_json":{"title":"Delivita Chefs Collection Bundle (bient\u00f4t disponible) - Bula Outdoors","description":"L'ensemble Delivita Chefs Collection Bundle est un ensemble soigneusement s\u00e9lectionn\u00e9 pour apporter la magie de la cuisson au feu de bois directement dans votre cuisine.","robots":{"index":"index","follow":"follow","max-snippet":"max-snippet:-1","max-image-preview":"max-image-preview:large","max-video-preview":"max-video-preview:-1"},"canonical":"https:\/\/bulaoutdoor.nl\/fr\/produit\/delivita-chefs-collection-bundle\/","og_locale":"fr_FR","og_type":"article","og_title":"Delivita Chefs Collection Bundel (Binnenkort beschikbaar) &#8211; Bula Outdoor","og_description":"Delivita Chefs Collection Bundel is een zorgvuldig samengestelde set om de magie van houtgestookt koken rechtstreeks naar jouw keuken te brengen.","og_url":"https:\/\/bulaoutdoor.nl\/fr\/produit\/delivita-chefs-collection-bundle\/","og_site_name":"Bula Outdoor","article_modified_time":"2023-12-11T13:40:08+00:00","og_image":[{"width":900,"height":900,"url":"https:\/\/bulaoutdoor.nl\/wp-content\/uploads\/2023\/12\/Delvita-Chefs-Collection-Bundle.jpg","type":"image\/jpeg"}],"twitter_card":"summary_large_image","twitter_misc":{"Dur\u00e9e de lecture estim\u00e9e":"2 minutes"},"schema":{"@context":"https:\/\/schema.org","@graph":[{"@type":"WebPage","@id":"https:\/\/bulaoutdoor.nl\/product\/delivita-chefs-collection-bundle\/","url":"https:\/\/bulaoutdoor.nl\/product\/delivita-chefs-collection-bundle\/","name":"Delivita Chefs Collection Bundle (bient\u00f4t disponible) - Bula Outdoors","isPartOf":{"@id":"https:\/\/bulaoutdoor.nl\/#website"},"primaryImageOfPage":{"@id":"https:\/\/bulaoutdoor.nl\/product\/delivita-chefs-collection-bundle\/#primaryimage"},"image":{"@id":"https:\/\/bulaoutdoor.nl\/product\/delivita-chefs-collection-bundle\/#primaryimage"},"thumbnailUrl":"https:\/\/bulaoutdoor.nl\/wp-content\/uploads\/2023\/12\/Delvita-Chefs-Collection-Bundle.jpg","datePublished":"2023-12-11T11:05:41+00:00","dateModified":"2023-12-11T13:40:08+00:00","description":"L'ensemble Delivita Chefs Collection Bundle est un ensemble soigneusement s\u00e9lectionn\u00e9 pour apporter la magie de la cuisson au feu de bois directement dans votre cuisine.","breadcrumb":{"@id":"https:\/\/bulaoutdoor.nl\/product\/delivita-chefs-collection-bundle\/#breadcrumb"},"inLanguage":"fr-FR","potentialAction":[{"@type":"ReadAction","target":["https:\/\/bulaoutdoor.nl\/product\/delivita-chefs-collection-bundle\/"]}]},{"@type":"ImageObject","inLanguage":"fr-FR","@id":"https:\/\/bulaoutdoor.nl\/product\/delivita-chefs-collection-bundle\/#primaryimage","url":"https:\/\/bulaoutdoor.nl\/wp-content\/uploads\/2023\/12\/Delvita-Chefs-Collection-Bundle.jpg","contentUrl":"https:\/\/bulaoutdoor.nl\/wp-content\/uploads\/2023\/12\/Delvita-Chefs-Collection-Bundle.jpg","width":900,"height":900,"caption":"Delivita Chefs Collection Bundle"},{"@type":"BreadcrumbList","@id":"https:\/\/bulaoutdoor.nl\/product\/delivita-chefs-collection-bundle\/#breadcrumb","itemListElement":[{"@type":"ListItem","position":1,"name":"Home","item":"https:\/\/bulaoutdoor.nl\/"},{"@type":"ListItem","position":2,"name":"Online BBQ kopen","item":"https:\/\/bulaoutdoor.nl\/"},{"@type":"ListItem","position":3,"name":"Delivita Chefs Collection Bundel (Binnenkort beschikbaar)"}]},{"@type":"WebSite","@id":"https:\/\/bulaoutdoor.nl\/#website","url":"https:\/\/bulaoutdoor.nl\/","name":"Bula Outdoor","description":"Pour votre chemin\u00e9e ext\u00e9rieure, votre barbecue, votre torche de jardin et votre four \u00e0 bois","publisher":{"@id":"https:\/\/bulaoutdoor.nl\/#organization"},"potentialAction":[{"@type":"SearchAction","target":{"@type":"EntryPoint","urlTemplate":"https:\/\/bulaoutdoor.nl\/?s={search_term_string}"},"query-input":{"@type":"PropertyValueSpecification","valueRequired":true,"valueName":"search_term_string"}}],"inLanguage":"fr-FR"},{"@type":"Organization","@id":"https:\/\/bulaoutdoor.nl\/#organization","name":"Bula Outdoor","url":"https:\/\/bulaoutdoor.nl\/","logo":{"@type":"ImageObject","inLanguage":"fr-FR","@id":"https:\/\/bulaoutdoor.nl\/#\/schema\/logo\/image\/","url":"https:\/\/www.bulaoutdoor.nl\/wp-content\/uploads\/2018\/04\/bulaoutdoor-logo.png","contentUrl":"https:\/\/www.bulaoutdoor.nl\/wp-content\/uploads\/2018\/04\/bulaoutdoor-logo.png","width":324,"height":91,"caption":"Bula Outdoor"},"image":{"@id":"https:\/\/bulaoutdoor.nl\/#\/schema\/logo\/image\/"}}]}},"jetpack_sharing_enabled":true,"_links":{"self":[{"href":"https:\/\/bulaoutdoor.nl\/fr\/wp-json\/wp\/v2\/product\/36242","targetHints":{"allow":["GET"]}}],"collection":[{"href":"https:\/\/bulaoutdoor.nl\/fr\/wp-json\/wp\/v2\/product"}],"about":[{"href":"https:\/\/bulaoutdoor.nl\/fr\/wp-json\/wp\/v2\/types\/product"}],"replies":[{"embeddable":true,"href":"https:\/\/bulaoutdoor.nl\/fr\/wp-json\/wp\/v2\/comments?post=36242"}],"wp:featuredmedia":[{"embeddable":true,"href":"https:\/\/bulaoutdoor.nl\/fr\/wp-json\/wp\/v2\/media\/36243"}],"wp:attachment":[{"href":"https:\/\/bulaoutdoor.nl\/fr\/wp-json\/wp\/v2\/media?parent=36242"}],"wp:term":[{"taxonomy":"product_brand","embeddable":true,"href":"https:\/\/bulaoutdoor.nl\/fr\/wp-json\/wp\/v2\/product_brand?post=36242"},{"taxonomy":"product_cat","embeddable":true,"href":"https:\/\/bulaoutdoor.nl\/fr\/wp-json\/wp\/v2\/product_cat?post=36242"},{"taxonomy":"product_tag","embeddable":true,"href":"https:\/\/bulaoutdoor.nl\/fr\/wp-json\/wp\/v2\/product_tag?post=36242"}],"curies":[{"name":"wp","href":"https:\/\/api.w.org\/{rel}","templated":true}]}}