{"id":36245,"date":"2023-12-11T12:02:39","date_gmt":"2023-12-11T12:02:39","guid":{"rendered":"https:\/\/bulaoutdoor.nl\/?post_type=product&#038;p=36245"},"modified":"2026-02-12T10:35:24","modified_gmt":"2026-02-12T10:35:24","slug":"climatiseur-ecofan-2","status":"publish","type":"product","link":"https:\/\/bulaoutdoor.nl\/fr\/product\/ecofan-airdeco-2\/","title":{"rendered":"Ventilateur de chauffage Ecofan AirDeco II"},"content":{"rendered":"<h4>Placez l'Ecofan AirDeco II au-dessus de votre po\u00eale et regardez-le s'animer.<\/h4>\n<p>Les pales rotatives silencieuses du ventilateur de po\u00eale Ecofan AirDeco II diffusent une chaleur merveilleuse et homog\u00e8ne dans toute la pi\u00e8ce. Ce ventilateur augmente non seulement l'efficacit\u00e9 de votre po\u00eale, mais il permet \u00e9galement d'\u00e9conomiser de l'\u00e9nergie.<\/p>\n<p><strong>Pourquoi l'Ecofan AirDeco II ?<\/strong><\/p>\n<ul>\n<li>Flux d'air intelligent : \u00e9vitez d'avoir froid aux pieds ! L'Ecofan AirDeco II veille \u00e0 ce que l'air chaud circule efficacement dans la pi\u00e8ce et que la chaleur ascendante soit dirig\u00e9e vers le bas.<\/li>\n<li>Fonctionnement sans piles : instantan\u00e9ment pr\u00eat \u00e0 l'emploi sans piles. Pas besoin d'\u00e9lectricit\u00e9.<\/li>\n<li>Garantie de 4 ans sur le design prim\u00e9.<\/li>\n<li>Qualit\u00e9 originale, fabriqu\u00e9 au Canada.<\/li>\n<li>Convient \u00e0 la plupart des po\u00eales \u00e0 bois, po\u00eales \u00e0 gaz, po\u00eales en pierre ollaire et po\u00eales \u00e0 granul\u00e9s.<\/li>\n<\/ul>\n<p>Gr\u00e2ce \u00e0 ses mat\u00e9riaux de haute qualit\u00e9, l'Ecofan AirDeco II est con\u00e7u pour durer des ann\u00e9es, ce qui en fait un ajout durable \u00e0 votre foyer. Et surtout ? Ce ventilateur \u00e9cologique offre un environnement de vie agr\u00e9able et confortable sans utiliser d'\u00e9lectricit\u00e9. De plus, vous \u00e9conomiserez de l'\u00e9nergie ! D\u00e9couvrez la puissance de l'Ecofan AirDeco II et transformez votre maison en un espace plus vert et plus chaleureux.<\/p>\n<p>L'Ecofan II commence \u00e0 fonctionner \u00e0 partir d'une temp\u00e9rature de 40\u00b0C et peut atteindre un d\u00e9bit d'air de 322 m3\/heure.<\/p>\n<p>Avec son design compact et contemporain, le ventilateur de po\u00eale Ecofan AirDeco s'int\u00e8gre parfaitement dans tous les int\u00e9rieurs et am\u00e9liore le fonctionnement de votre po\u00eale. La circulation optimale de l'air permet de mieux r\u00e9partir la chaleur, assurant ainsi un meilleur confort et une r\u00e9duction des co\u00fbts \u00e9nerg\u00e9tiques.<\/p>\n<p><iframe loading=\"lazy\" title=\"Pr\u00e9sentation des Ecofan AirDeco I et II : les ventilateurs de po\u00eale \u00e0 bois haut de gamme de Caframo\" width=\"980\" height=\"551\" src=\"https:\/\/www.youtube.com\/embed\/GPKcSNjJzI0?feature=oembed&#038;enablejsapi=1&#038;origin=https:\/\/bulaoutdoor.nl\" frameborder=\"0\" allow=\"accelerometer; autoplay; clipboard-write; encrypted-media; gyroscope; picture-in-picture; web-share\" referrerpolicy=\"strict-origin-when-cross-origin\" allowfullscreen><\/iframe><\/p>\n<p>D\u00e9couvrez les performances de pointe du ventilateur de chauffage le plus avanc\u00e9 d'EcoFan : l'Ecofan AirDeco II fabriqu\u00e9 au Canada. \u00c9conomisez de l'\u00e9nergie et ajoutez de la chaleur \u00e0 votre vie sans vous encombrer.<\/p>\n<p>Commandez le ventilateur de chauffage Ecofan AirDeco directement aupr\u00e8s de <a href=\"https:\/\/bulaoutdoor.nl\/fr\/categorie-de-produits\/cheminees\/ecofan\/\">Bula Outdoor, votre sp\u00e9cialiste des po\u00eales<\/a>!<\/p>","protected":false},"excerpt":{"rendered":"<p>Placez l'Ecofan AirDeco II au-dessus de votre cuisini\u00e8re et \u00e9conomisez imm\u00e9diatement !<\/p>","protected":false},"featured_media":36247,"comment_status":"open","ping_status":"closed","template":"","meta":{"_acf_changed":false},"product_brand":[],"product_cat":[1066],"product_tag":[1339,1070,1069,1068],"class_list":{"0":"post-36245","1":"product","2":"type-product","3":"status-publish","4":"has-post-thumbnail","6":"product_cat-ecofan","7":"product_tag-eco-fan","8":"product_tag-houtkachel","9":"product_tag-kachel","10":"product_tag-kachelfan","12":"first","13":"instock","14":"taxable","15":"shipping-taxable","16":"purchasable","17":"product-type-simple"},"acf":[],"yoast_head":"<!-- This site is optimized with the Yoast SEO plugin v27.5 - https:\/\/yoast.com\/product\/yoast-seo-wordpress\/ -->\n<title>Ecofan AirDeco II kachelfan &#8211; Bula Outdoor<\/title>\n<meta name=\"description\" content=\"De Ecofan AirDeco II is een fluisterstille kachelfan voor het verspreiden een heerlijke, gelijkmatige warmte door je hele kamer. Bespaar direct energie!\" \/>\n<meta name=\"robots\" content=\"index, follow, max-snippet:-1, max-image-preview:large, max-video-preview:-1\" \/>\n<link rel=\"canonical\" href=\"https:\/\/bulaoutdoor.nl\/fr\/produit\/climatiseur-ecofan-2\/\" \/>\n<meta property=\"og:locale\" content=\"fr_FR\" \/>\n<meta property=\"og:type\" content=\"article\" \/>\n<meta property=\"og:title\" content=\"Ecofan AirDeco II kachelfan &#8211; Bula Outdoor\" \/>\n<meta property=\"og:description\" content=\"De Ecofan AirDeco II is een fluisterstille kachelfan voor het verspreiden een heerlijke, gelijkmatige warmte door je hele kamer. Bespaar direct energie!\" \/>\n<meta property=\"og:url\" content=\"https:\/\/bulaoutdoor.nl\/fr\/produit\/climatiseur-ecofan-2\/\" \/>\n<meta property=\"og:site_name\" content=\"Bula Outdoor\" \/>\n<meta property=\"article:modified_time\" content=\"2026-02-12T10:35:24+00:00\" \/>\n<meta property=\"og:image\" content=\"https:\/\/bulaoutdoor.nl\/wp-content\/uploads\/2023\/12\/Eco-Fan-Air-Deco-II.jpg\" \/>\n\t<meta property=\"og:image:width\" content=\"900\" \/>\n\t<meta property=\"og:image:height\" content=\"900\" \/>\n\t<meta property=\"og:image:type\" content=\"image\/jpeg\" \/>\n<meta name=\"twitter:card\" content=\"summary_large_image\" \/>\n<meta name=\"twitter:label1\" content=\"Dur\u00e9e de lecture estim\u00e9e\" \/>\n\t<meta name=\"twitter:data1\" content=\"2 minutes\" \/>\n<script type=\"application\/ld+json\" class=\"yoast-schema-graph\">{\"@context\":\"https:\\\/\\\/schema.org\",\"@graph\":[{\"@type\":\"WebPage\",\"@id\":\"https:\\\/\\\/bulaoutdoor.nl\\\/product\\\/ecofan-airdeco-2\\\/\",\"url\":\"https:\\\/\\\/bulaoutdoor.nl\\\/product\\\/ecofan-airdeco-2\\\/\",\"name\":\"Ecofan AirDeco II kachelfan &#8211; Bula Outdoor\",\"isPartOf\":{\"@id\":\"https:\\\/\\\/bulaoutdoor.nl\\\/#website\"},\"primaryImageOfPage\":{\"@id\":\"https:\\\/\\\/bulaoutdoor.nl\\\/product\\\/ecofan-airdeco-2\\\/#primaryimage\"},\"image\":{\"@id\":\"https:\\\/\\\/bulaoutdoor.nl\\\/product\\\/ecofan-airdeco-2\\\/#primaryimage\"},\"thumbnailUrl\":\"https:\\\/\\\/bulaoutdoor.nl\\\/wp-content\\\/uploads\\\/2023\\\/12\\\/Eco-Fan-Air-Deco-II.jpg\",\"datePublished\":\"2023-12-11T12:02:39+00:00\",\"dateModified\":\"2026-02-12T10:35:24+00:00\",\"description\":\"De Ecofan AirDeco II is een fluisterstille kachelfan voor het verspreiden een heerlijke, gelijkmatige warmte door je hele kamer. Bespaar direct energie!\",\"breadcrumb\":{\"@id\":\"https:\\\/\\\/bulaoutdoor.nl\\\/product\\\/ecofan-airdeco-2\\\/#breadcrumb\"},\"inLanguage\":\"fr-FR\",\"potentialAction\":[{\"@type\":\"ReadAction\",\"target\":[\"https:\\\/\\\/bulaoutdoor.nl\\\/product\\\/ecofan-airdeco-2\\\/\"]}]},{\"@type\":\"ImageObject\",\"inLanguage\":\"fr-FR\",\"@id\":\"https:\\\/\\\/bulaoutdoor.nl\\\/product\\\/ecofan-airdeco-2\\\/#primaryimage\",\"url\":\"https:\\\/\\\/bulaoutdoor.nl\\\/wp-content\\\/uploads\\\/2023\\\/12\\\/Eco-Fan-Air-Deco-II.jpg\",\"contentUrl\":\"https:\\\/\\\/bulaoutdoor.nl\\\/wp-content\\\/uploads\\\/2023\\\/12\\\/Eco-Fan-Air-Deco-II.jpg\",\"width\":900,\"height\":900,\"caption\":\"Ecofan AirDeco kachelfan\"},{\"@type\":\"BreadcrumbList\",\"@id\":\"https:\\\/\\\/bulaoutdoor.nl\\\/product\\\/ecofan-airdeco-2\\\/#breadcrumb\",\"itemListElement\":[{\"@type\":\"ListItem\",\"position\":1,\"name\":\"Home\",\"item\":\"https:\\\/\\\/bulaoutdoor.nl\\\/\"},{\"@type\":\"ListItem\",\"position\":2,\"name\":\"Online BBQ kopen\",\"item\":\"https:\\\/\\\/bulaoutdoor.nl\\\/\"},{\"@type\":\"ListItem\",\"position\":3,\"name\":\"Ecofan AirDeco II kachelfan\"}]},{\"@type\":\"WebSite\",\"@id\":\"https:\\\/\\\/bulaoutdoor.nl\\\/#website\",\"url\":\"https:\\\/\\\/bulaoutdoor.nl\\\/\",\"name\":\"Bula Outdoor\",\"description\":\"Voor uw buitenhaard, BBQ, tuinfakkel en houtoven\",\"publisher\":{\"@id\":\"https:\\\/\\\/bulaoutdoor.nl\\\/#organization\"},\"potentialAction\":[{\"@type\":\"SearchAction\",\"target\":{\"@type\":\"EntryPoint\",\"urlTemplate\":\"https:\\\/\\\/bulaoutdoor.nl\\\/?s={search_term_string}\"},\"query-input\":{\"@type\":\"PropertyValueSpecification\",\"valueRequired\":true,\"valueName\":\"search_term_string\"}}],\"inLanguage\":\"fr-FR\"},{\"@type\":\"Organization\",\"@id\":\"https:\\\/\\\/bulaoutdoor.nl\\\/#organization\",\"name\":\"Bula Outdoor\",\"url\":\"https:\\\/\\\/bulaoutdoor.nl\\\/\",\"logo\":{\"@type\":\"ImageObject\",\"inLanguage\":\"fr-FR\",\"@id\":\"https:\\\/\\\/bulaoutdoor.nl\\\/#\\\/schema\\\/logo\\\/image\\\/\",\"url\":\"https:\\\/\\\/www.bulaoutdoor.nl\\\/wp-content\\\/uploads\\\/2018\\\/04\\\/bulaoutdoor-logo.png\",\"contentUrl\":\"https:\\\/\\\/www.bulaoutdoor.nl\\\/wp-content\\\/uploads\\\/2018\\\/04\\\/bulaoutdoor-logo.png\",\"width\":324,\"height\":91,\"caption\":\"Bula Outdoor\"},\"image\":{\"@id\":\"https:\\\/\\\/bulaoutdoor.nl\\\/#\\\/schema\\\/logo\\\/image\\\/\"}}]}<\/script>\n<!-- \/ Yoast SEO plugin. -->","yoast_head_json":{"title":"Ventilateur de chauffage Ecofan AirDeco II - Bula Outdoor","description":"L'Ecofan AirDeco II est un ventilateur de chauffage silencieux qui diffuse une chaleur agr\u00e9able et homog\u00e8ne dans toute la pi\u00e8ce. \u00c9conomisez de l'\u00e9nergie instantan\u00e9ment !","robots":{"index":"index","follow":"follow","max-snippet":"max-snippet:-1","max-image-preview":"max-image-preview:large","max-video-preview":"max-video-preview:-1"},"canonical":"https:\/\/bulaoutdoor.nl\/fr\/produit\/climatiseur-ecofan-2\/","og_locale":"fr_FR","og_type":"article","og_title":"Ecofan AirDeco II kachelfan &#8211; Bula Outdoor","og_description":"De Ecofan AirDeco II is een fluisterstille kachelfan voor het verspreiden een heerlijke, gelijkmatige warmte door je hele kamer. Bespaar direct energie!","og_url":"https:\/\/bulaoutdoor.nl\/fr\/produit\/climatiseur-ecofan-2\/","og_site_name":"Bula Outdoor","article_modified_time":"2026-02-12T10:35:24+00:00","og_image":[{"width":900,"height":900,"url":"https:\/\/bulaoutdoor.nl\/wp-content\/uploads\/2023\/12\/Eco-Fan-Air-Deco-II.jpg","type":"image\/jpeg"}],"twitter_card":"summary_large_image","twitter_misc":{"Dur\u00e9e de lecture estim\u00e9e":"2 minutes"},"schema":{"@context":"https:\/\/schema.org","@graph":[{"@type":"WebPage","@id":"https:\/\/bulaoutdoor.nl\/product\/ecofan-airdeco-2\/","url":"https:\/\/bulaoutdoor.nl\/product\/ecofan-airdeco-2\/","name":"Ventilateur de chauffage Ecofan AirDeco II - Bula Outdoor","isPartOf":{"@id":"https:\/\/bulaoutdoor.nl\/#website"},"primaryImageOfPage":{"@id":"https:\/\/bulaoutdoor.nl\/product\/ecofan-airdeco-2\/#primaryimage"},"image":{"@id":"https:\/\/bulaoutdoor.nl\/product\/ecofan-airdeco-2\/#primaryimage"},"thumbnailUrl":"https:\/\/bulaoutdoor.nl\/wp-content\/uploads\/2023\/12\/Eco-Fan-Air-Deco-II.jpg","datePublished":"2023-12-11T12:02:39+00:00","dateModified":"2026-02-12T10:35:24+00:00","description":"L'Ecofan AirDeco II est un ventilateur de chauffage silencieux qui diffuse une chaleur agr\u00e9able et homog\u00e8ne dans toute la pi\u00e8ce. \u00c9conomisez de l'\u00e9nergie instantan\u00e9ment !","breadcrumb":{"@id":"https:\/\/bulaoutdoor.nl\/product\/ecofan-airdeco-2\/#breadcrumb"},"inLanguage":"fr-FR","potentialAction":[{"@type":"ReadAction","target":["https:\/\/bulaoutdoor.nl\/product\/ecofan-airdeco-2\/"]}]},{"@type":"ImageObject","inLanguage":"fr-FR","@id":"https:\/\/bulaoutdoor.nl\/product\/ecofan-airdeco-2\/#primaryimage","url":"https:\/\/bulaoutdoor.nl\/wp-content\/uploads\/2023\/12\/Eco-Fan-Air-Deco-II.jpg","contentUrl":"https:\/\/bulaoutdoor.nl\/wp-content\/uploads\/2023\/12\/Eco-Fan-Air-Deco-II.jpg","width":900,"height":900,"caption":"Ecofan AirDeco kachelfan"},{"@type":"BreadcrumbList","@id":"https:\/\/bulaoutdoor.nl\/product\/ecofan-airdeco-2\/#breadcrumb","itemListElement":[{"@type":"ListItem","position":1,"name":"Home","item":"https:\/\/bulaoutdoor.nl\/"},{"@type":"ListItem","position":2,"name":"Online BBQ kopen","item":"https:\/\/bulaoutdoor.nl\/"},{"@type":"ListItem","position":3,"name":"Ecofan AirDeco II kachelfan"}]},{"@type":"WebSite","@id":"https:\/\/bulaoutdoor.nl\/#website","url":"https:\/\/bulaoutdoor.nl\/","name":"Bula Outdoor","description":"Pour votre chemin\u00e9e ext\u00e9rieure, votre barbecue, votre torche de jardin et votre four \u00e0 bois","publisher":{"@id":"https:\/\/bulaoutdoor.nl\/#organization"},"potentialAction":[{"@type":"SearchAction","target":{"@type":"EntryPoint","urlTemplate":"https:\/\/bulaoutdoor.nl\/?s={search_term_string}"},"query-input":{"@type":"PropertyValueSpecification","valueRequired":true,"valueName":"search_term_string"}}],"inLanguage":"fr-FR"},{"@type":"Organization","@id":"https:\/\/bulaoutdoor.nl\/#organization","name":"Bula Outdoor","url":"https:\/\/bulaoutdoor.nl\/","logo":{"@type":"ImageObject","inLanguage":"fr-FR","@id":"https:\/\/bulaoutdoor.nl\/#\/schema\/logo\/image\/","url":"https:\/\/www.bulaoutdoor.nl\/wp-content\/uploads\/2018\/04\/bulaoutdoor-logo.png","contentUrl":"https:\/\/www.bulaoutdoor.nl\/wp-content\/uploads\/2018\/04\/bulaoutdoor-logo.png","width":324,"height":91,"caption":"Bula Outdoor"},"image":{"@id":"https:\/\/bulaoutdoor.nl\/#\/schema\/logo\/image\/"}}]}},"jetpack_sharing_enabled":true,"_links":{"self":[{"href":"https:\/\/bulaoutdoor.nl\/fr\/wp-json\/wp\/v2\/product\/36245","targetHints":{"allow":["GET"]}}],"collection":[{"href":"https:\/\/bulaoutdoor.nl\/fr\/wp-json\/wp\/v2\/product"}],"about":[{"href":"https:\/\/bulaoutdoor.nl\/fr\/wp-json\/wp\/v2\/types\/product"}],"replies":[{"embeddable":true,"href":"https:\/\/bulaoutdoor.nl\/fr\/wp-json\/wp\/v2\/comments?post=36245"}],"wp:featuredmedia":[{"embeddable":true,"href":"https:\/\/bulaoutdoor.nl\/fr\/wp-json\/wp\/v2\/media\/36247"}],"wp:attachment":[{"href":"https:\/\/bulaoutdoor.nl\/fr\/wp-json\/wp\/v2\/media?parent=36245"}],"wp:term":[{"taxonomy":"product_brand","embeddable":true,"href":"https:\/\/bulaoutdoor.nl\/fr\/wp-json\/wp\/v2\/product_brand?post=36245"},{"taxonomy":"product_cat","embeddable":true,"href":"https:\/\/bulaoutdoor.nl\/fr\/wp-json\/wp\/v2\/product_cat?post=36245"},{"taxonomy":"product_tag","embeddable":true,"href":"https:\/\/bulaoutdoor.nl\/fr\/wp-json\/wp\/v2\/product_tag?post=36245"}],"curies":[{"name":"wp","href":"https:\/\/api.w.org\/{rel}","templated":true}]}}