{"id":36313,"date":"2023-12-13T12:47:42","date_gmt":"2023-12-13T12:47:42","guid":{"rendered":"https:\/\/bulaoutdoor.nl\/?post_type=product&#038;p=36313"},"modified":"2023-12-13T13:01:28","modified_gmt":"2023-12-13T13:01:28","slug":"allume-feu-en-laine-de-bois-1kg-green-choice-2","status":"publish","type":"product","link":"https:\/\/bulaoutdoor.nl\/fr\/product\/aanmaakblokjes-van-houtwol-5kg\/","title":{"rendered":"Allume-feu en laine de bois 5 kg"},"content":{"rendered":"<p>Cet allume-feu \u00e9cologiquement responsable est compos\u00e9 de bois naturel certifi\u00e9 FSC\u00ae et de cire v\u00e9g\u00e9tale.<\/p>\n<ul>\n<li>100% fabriqu\u00e9 \u00e0 partir de mati\u00e8res premi\u00e8res renouvelables<\/li>\n<li>Bois certifi\u00e9 FSC<\/li>\n<li>Conforme \u00e0 la norme pour les cubes allume-barbecue DIN EN 1860-3<\/li>\n<li>La bo\u00eete contient 5 kg d'allume-feu en laine de bois.<\/li>\n<\/ul>\n<p><iframe loading=\"lazy\" title=\"BOOMEX Product video Firelighter laine de bois\" width=\"980\" height=\"551\" src=\"https:\/\/www.youtube.com\/embed\/Xiaabh2edTg?feature=oembed&#038;enablejsapi=1&#038;origin=https:\/\/bulaoutdoor.nl\" frameborder=\"0\" allow=\"accelerometer; autoplay; clipboard-write; encrypted-media; gyroscope; picture-in-picture; web-share\" allowfullscreen><\/iframe><\/p>","protected":false},"excerpt":{"rendered":"<p>Un choix respectueux de l'environnement pour les allume-feu.<\/p>","protected":false},"featured_media":36314,"comment_status":"open","ping_status":"closed","template":"","meta":{"_acf_changed":false},"product_brand":[],"product_cat":[619],"product_tag":[1342,599,1341,600,601],"class_list":{"0":"post-36313","1":"product","2":"type-product","3":"status-publish","4":"has-post-thumbnail","6":"product_cat-vuuraanmakers","7":"product_tag-aanmaakblokjes","8":"product_tag-aanmaakblokjes-barbecue","9":"product_tag-flash-90348","10":"product_tag-flash-ecologisch-houtwol","11":"product_tag-flash-green-houtwol","13":"first","14":"instock","15":"taxable","16":"shipping-taxable","17":"purchasable","18":"product-type-simple"},"acf":[],"yoast_head":"<!-- This site is optimized with the Yoast SEO plugin v27.5 - https:\/\/yoast.com\/product\/yoast-seo-wordpress\/ -->\n<title>Aanmaakblokjes van houtwol 5 kg &#8211; Bula Outdoor<\/title>\n<meta name=\"robots\" content=\"index, follow, max-snippet:-1, max-image-preview:large, max-video-preview:-1\" \/>\n<link rel=\"canonical\" href=\"https:\/\/bulaoutdoor.nl\/fr\/produit\/allume-feu-en-laine-de-bois-1kg-green-choice-2\/\" \/>\n<meta property=\"og:locale\" content=\"fr_FR\" \/>\n<meta property=\"og:type\" content=\"article\" \/>\n<meta property=\"og:title\" content=\"Aanmaakblokjes van houtwol 5 kg &#8211; Bula Outdoor\" \/>\n<meta property=\"og:description\" content=\"Een ecologisch verantwoorde keuze voor aanmaakblokjes.\" \/>\n<meta property=\"og:url\" content=\"https:\/\/bulaoutdoor.nl\/fr\/produit\/allume-feu-en-laine-de-bois-1kg-green-choice-2\/\" \/>\n<meta property=\"og:site_name\" content=\"Bula Outdoor\" \/>\n<meta property=\"article:modified_time\" content=\"2023-12-13T13:01:28+00:00\" \/>\n<meta property=\"og:image\" content=\"https:\/\/bulaoutdoor.nl\/wp-content\/uploads\/2023\/12\/90348-FLASH-Anzundwolle-5-kg-Koffer.jpg\" \/>\n\t<meta property=\"og:image:width\" content=\"1200\" \/>\n\t<meta property=\"og:image:height\" content=\"1200\" \/>\n\t<meta property=\"og:image:type\" content=\"image\/jpeg\" \/>\n<meta name=\"twitter:card\" content=\"summary_large_image\" \/>\n<meta name=\"twitter:label1\" content=\"Dur\u00e9e de lecture estim\u00e9e\" \/>\n\t<meta name=\"twitter:data1\" content=\"1 minute\" \/>\n<script type=\"application\/ld+json\" class=\"yoast-schema-graph\">{\"@context\":\"https:\\\/\\\/schema.org\",\"@graph\":[{\"@type\":\"WebPage\",\"@id\":\"https:\\\/\\\/bulaoutdoor.nl\\\/product\\\/aanmaakblokjes-van-houtwol-5kg\\\/\",\"url\":\"https:\\\/\\\/bulaoutdoor.nl\\\/product\\\/aanmaakblokjes-van-houtwol-5kg\\\/\",\"name\":\"Aanmaakblokjes van houtwol 5 kg &#8211; Bula Outdoor\",\"isPartOf\":{\"@id\":\"https:\\\/\\\/bulaoutdoor.nl\\\/#website\"},\"primaryImageOfPage\":{\"@id\":\"https:\\\/\\\/bulaoutdoor.nl\\\/product\\\/aanmaakblokjes-van-houtwol-5kg\\\/#primaryimage\"},\"image\":{\"@id\":\"https:\\\/\\\/bulaoutdoor.nl\\\/product\\\/aanmaakblokjes-van-houtwol-5kg\\\/#primaryimage\"},\"thumbnailUrl\":\"https:\\\/\\\/bulaoutdoor.nl\\\/wp-content\\\/uploads\\\/2023\\\/12\\\/90348-FLASH-Anzundwolle-5-kg-Koffer.jpg\",\"datePublished\":\"2023-12-13T12:47:42+00:00\",\"dateModified\":\"2023-12-13T13:01:28+00:00\",\"breadcrumb\":{\"@id\":\"https:\\\/\\\/bulaoutdoor.nl\\\/product\\\/aanmaakblokjes-van-houtwol-5kg\\\/#breadcrumb\"},\"inLanguage\":\"fr-FR\",\"potentialAction\":[{\"@type\":\"ReadAction\",\"target\":[\"https:\\\/\\\/bulaoutdoor.nl\\\/product\\\/aanmaakblokjes-van-houtwol-5kg\\\/\"]}]},{\"@type\":\"ImageObject\",\"inLanguage\":\"fr-FR\",\"@id\":\"https:\\\/\\\/bulaoutdoor.nl\\\/product\\\/aanmaakblokjes-van-houtwol-5kg\\\/#primaryimage\",\"url\":\"https:\\\/\\\/bulaoutdoor.nl\\\/wp-content\\\/uploads\\\/2023\\\/12\\\/90348-FLASH-Anzundwolle-5-kg-Koffer.jpg\",\"contentUrl\":\"https:\\\/\\\/bulaoutdoor.nl\\\/wp-content\\\/uploads\\\/2023\\\/12\\\/90348-FLASH-Anzundwolle-5-kg-Koffer.jpg\",\"width\":1200,\"height\":1200,\"caption\":\"Houtwol 5 kg\"},{\"@type\":\"BreadcrumbList\",\"@id\":\"https:\\\/\\\/bulaoutdoor.nl\\\/product\\\/aanmaakblokjes-van-houtwol-5kg\\\/#breadcrumb\",\"itemListElement\":[{\"@type\":\"ListItem\",\"position\":1,\"name\":\"Home\",\"item\":\"https:\\\/\\\/bulaoutdoor.nl\\\/\"},{\"@type\":\"ListItem\",\"position\":2,\"name\":\"Online BBQ kopen\",\"item\":\"https:\\\/\\\/bulaoutdoor.nl\\\/\"},{\"@type\":\"ListItem\",\"position\":3,\"name\":\"Aanmaakblokjes van houtwol 5 kg\"}]},{\"@type\":\"WebSite\",\"@id\":\"https:\\\/\\\/bulaoutdoor.nl\\\/#website\",\"url\":\"https:\\\/\\\/bulaoutdoor.nl\\\/\",\"name\":\"Bula Outdoor\",\"description\":\"Voor uw buitenhaard, BBQ, tuinfakkel en houtoven\",\"publisher\":{\"@id\":\"https:\\\/\\\/bulaoutdoor.nl\\\/#organization\"},\"potentialAction\":[{\"@type\":\"SearchAction\",\"target\":{\"@type\":\"EntryPoint\",\"urlTemplate\":\"https:\\\/\\\/bulaoutdoor.nl\\\/?s={search_term_string}\"},\"query-input\":{\"@type\":\"PropertyValueSpecification\",\"valueRequired\":true,\"valueName\":\"search_term_string\"}}],\"inLanguage\":\"fr-FR\"},{\"@type\":\"Organization\",\"@id\":\"https:\\\/\\\/bulaoutdoor.nl\\\/#organization\",\"name\":\"Bula Outdoor\",\"url\":\"https:\\\/\\\/bulaoutdoor.nl\\\/\",\"logo\":{\"@type\":\"ImageObject\",\"inLanguage\":\"fr-FR\",\"@id\":\"https:\\\/\\\/bulaoutdoor.nl\\\/#\\\/schema\\\/logo\\\/image\\\/\",\"url\":\"https:\\\/\\\/www.bulaoutdoor.nl\\\/wp-content\\\/uploads\\\/2018\\\/04\\\/bulaoutdoor-logo.png\",\"contentUrl\":\"https:\\\/\\\/www.bulaoutdoor.nl\\\/wp-content\\\/uploads\\\/2018\\\/04\\\/bulaoutdoor-logo.png\",\"width\":324,\"height\":91,\"caption\":\"Bula Outdoor\"},\"image\":{\"@id\":\"https:\\\/\\\/bulaoutdoor.nl\\\/#\\\/schema\\\/logo\\\/image\\\/\"}}]}<\/script>\n<!-- \/ Yoast SEO plugin. -->","yoast_head_json":{"title":"Allume-feu en laine de bois 5 kg - Bula Outdoor","robots":{"index":"index","follow":"follow","max-snippet":"max-snippet:-1","max-image-preview":"max-image-preview:large","max-video-preview":"max-video-preview:-1"},"canonical":"https:\/\/bulaoutdoor.nl\/fr\/produit\/allume-feu-en-laine-de-bois-1kg-green-choice-2\/","og_locale":"fr_FR","og_type":"article","og_title":"Aanmaakblokjes van houtwol 5 kg &#8211; Bula Outdoor","og_description":"Een ecologisch verantwoorde keuze voor aanmaakblokjes.","og_url":"https:\/\/bulaoutdoor.nl\/fr\/produit\/allume-feu-en-laine-de-bois-1kg-green-choice-2\/","og_site_name":"Bula Outdoor","article_modified_time":"2023-12-13T13:01:28+00:00","og_image":[{"width":1200,"height":1200,"url":"https:\/\/bulaoutdoor.nl\/wp-content\/uploads\/2023\/12\/90348-FLASH-Anzundwolle-5-kg-Koffer.jpg","type":"image\/jpeg"}],"twitter_card":"summary_large_image","twitter_misc":{"Dur\u00e9e de lecture estim\u00e9e":"1 minute"},"schema":{"@context":"https:\/\/schema.org","@graph":[{"@type":"WebPage","@id":"https:\/\/bulaoutdoor.nl\/product\/aanmaakblokjes-van-houtwol-5kg\/","url":"https:\/\/bulaoutdoor.nl\/product\/aanmaakblokjes-van-houtwol-5kg\/","name":"Allume-feu en laine de bois 5 kg - Bula Outdoor","isPartOf":{"@id":"https:\/\/bulaoutdoor.nl\/#website"},"primaryImageOfPage":{"@id":"https:\/\/bulaoutdoor.nl\/product\/aanmaakblokjes-van-houtwol-5kg\/#primaryimage"},"image":{"@id":"https:\/\/bulaoutdoor.nl\/product\/aanmaakblokjes-van-houtwol-5kg\/#primaryimage"},"thumbnailUrl":"https:\/\/bulaoutdoor.nl\/wp-content\/uploads\/2023\/12\/90348-FLASH-Anzundwolle-5-kg-Koffer.jpg","datePublished":"2023-12-13T12:47:42+00:00","dateModified":"2023-12-13T13:01:28+00:00","breadcrumb":{"@id":"https:\/\/bulaoutdoor.nl\/product\/aanmaakblokjes-van-houtwol-5kg\/#breadcrumb"},"inLanguage":"fr-FR","potentialAction":[{"@type":"ReadAction","target":["https:\/\/bulaoutdoor.nl\/product\/aanmaakblokjes-van-houtwol-5kg\/"]}]},{"@type":"ImageObject","inLanguage":"fr-FR","@id":"https:\/\/bulaoutdoor.nl\/product\/aanmaakblokjes-van-houtwol-5kg\/#primaryimage","url":"https:\/\/bulaoutdoor.nl\/wp-content\/uploads\/2023\/12\/90348-FLASH-Anzundwolle-5-kg-Koffer.jpg","contentUrl":"https:\/\/bulaoutdoor.nl\/wp-content\/uploads\/2023\/12\/90348-FLASH-Anzundwolle-5-kg-Koffer.jpg","width":1200,"height":1200,"caption":"Houtwol 5 kg"},{"@type":"BreadcrumbList","@id":"https:\/\/bulaoutdoor.nl\/product\/aanmaakblokjes-van-houtwol-5kg\/#breadcrumb","itemListElement":[{"@type":"ListItem","position":1,"name":"Home","item":"https:\/\/bulaoutdoor.nl\/"},{"@type":"ListItem","position":2,"name":"Online BBQ kopen","item":"https:\/\/bulaoutdoor.nl\/"},{"@type":"ListItem","position":3,"name":"Aanmaakblokjes van houtwol 5 kg"}]},{"@type":"WebSite","@id":"https:\/\/bulaoutdoor.nl\/#website","url":"https:\/\/bulaoutdoor.nl\/","name":"Bula Outdoor","description":"Pour votre chemin\u00e9e ext\u00e9rieure, votre barbecue, votre torche de jardin et votre four \u00e0 bois","publisher":{"@id":"https:\/\/bulaoutdoor.nl\/#organization"},"potentialAction":[{"@type":"SearchAction","target":{"@type":"EntryPoint","urlTemplate":"https:\/\/bulaoutdoor.nl\/?s={search_term_string}"},"query-input":{"@type":"PropertyValueSpecification","valueRequired":true,"valueName":"search_term_string"}}],"inLanguage":"fr-FR"},{"@type":"Organization","@id":"https:\/\/bulaoutdoor.nl\/#organization","name":"Bula Outdoor","url":"https:\/\/bulaoutdoor.nl\/","logo":{"@type":"ImageObject","inLanguage":"fr-FR","@id":"https:\/\/bulaoutdoor.nl\/#\/schema\/logo\/image\/","url":"https:\/\/www.bulaoutdoor.nl\/wp-content\/uploads\/2018\/04\/bulaoutdoor-logo.png","contentUrl":"https:\/\/www.bulaoutdoor.nl\/wp-content\/uploads\/2018\/04\/bulaoutdoor-logo.png","width":324,"height":91,"caption":"Bula Outdoor"},"image":{"@id":"https:\/\/bulaoutdoor.nl\/#\/schema\/logo\/image\/"}}]}},"jetpack_sharing_enabled":true,"_links":{"self":[{"href":"https:\/\/bulaoutdoor.nl\/fr\/wp-json\/wp\/v2\/product\/36313","targetHints":{"allow":["GET"]}}],"collection":[{"href":"https:\/\/bulaoutdoor.nl\/fr\/wp-json\/wp\/v2\/product"}],"about":[{"href":"https:\/\/bulaoutdoor.nl\/fr\/wp-json\/wp\/v2\/types\/product"}],"replies":[{"embeddable":true,"href":"https:\/\/bulaoutdoor.nl\/fr\/wp-json\/wp\/v2\/comments?post=36313"}],"wp:featuredmedia":[{"embeddable":true,"href":"https:\/\/bulaoutdoor.nl\/fr\/wp-json\/wp\/v2\/media\/36314"}],"wp:attachment":[{"href":"https:\/\/bulaoutdoor.nl\/fr\/wp-json\/wp\/v2\/media?parent=36313"}],"wp:term":[{"taxonomy":"product_brand","embeddable":true,"href":"https:\/\/bulaoutdoor.nl\/fr\/wp-json\/wp\/v2\/product_brand?post=36313"},{"taxonomy":"product_cat","embeddable":true,"href":"https:\/\/bulaoutdoor.nl\/fr\/wp-json\/wp\/v2\/product_cat?post=36313"},{"taxonomy":"product_tag","embeddable":true,"href":"https:\/\/bulaoutdoor.nl\/fr\/wp-json\/wp\/v2\/product_tag?post=36313"}],"curies":[{"name":"wp","href":"https:\/\/api.w.org\/{rel}","templated":true}]}}