{"id":36400,"date":"2023-12-16T13:10:17","date_gmt":"2023-12-16T13:10:17","guid":{"rendered":"https:\/\/bulaoutdoor.nl\/?post_type=product&#038;p=36400"},"modified":"2023-12-18T10:56:46","modified_gmt":"2023-12-18T10:56:46","slug":"power-cleaner-500-ml-bbq-and-stove-glass","status":"publish","type":"product","link":"https:\/\/bulaoutdoor.nl\/fr\/product\/krachtreiniger-500-ml-bbq-en-kachelglas\/","title":{"rendered":"Power cleaner 500 ml bbq et po\u00eale verre"},"content":{"rendered":"<h2>Nettoyant puissant 500 ml<\/h2>\n<p>D\u00e9couvrez notre solution de nettoyage puissante, sp\u00e9cialement con\u00e7ue pour les grilles de barbecue et les panneaux vitr\u00e9s des chemin\u00e9es.<\/p>\n<ul>\n<li>Notre nettoyant sp\u00e9cialement formul\u00e9 est dot\u00e9 d'une formule puissante qui s'attaque aux graisses et salissures tenaces, laissant une surface impeccable et brillante.<\/li>\n<li>La buse de pulv\u00e9risation pratique du flacon facilite l'application, permettant un nettoyage cibl\u00e9 et efficace de la grille du barbecue et de la vitre de la chemin\u00e9e.<\/li>\n<\/ul>\n<p>D\u00e9couvrez la commodit\u00e9 d'une surface de cuisson impeccable et d'une vitre de chemin\u00e9e cristalline gr\u00e2ce \u00e0 notre nettoyant de qualit\u00e9 sup\u00e9rieure. Am\u00e9liorez votre routine de nettoyage et profitez de r\u00e9sultats \u00e9tincelants.<\/p>\n<p>Commandez directement aupr\u00e8s de Bula Outdoor, <a href=\"https:\/\/bulaoutdoor.nl\/fr\/categorie-de-produits\/bbq\/\">votre sp\u00e9cialiste du barbecue !<\/a><\/p>","protected":false},"excerpt":{"rendered":"<p>Nettoyant \u00e0 formule puissante sp\u00e9cialement con\u00e7u pour les vitres de barbecue, de grill et de chemin\u00e9e. Bouteille avec t\u00eate de pulv\u00e9risation.<\/p>","protected":false},"featured_media":36482,"comment_status":"open","ping_status":"closed","template":"","meta":{"_acf_changed":false},"product_brand":[],"product_cat":[620,710],"product_tag":[1345,1347,1343,1344],"class_list":{"0":"post-36400","1":"product","2":"type-product","3":"status-publish","4":"has-post-thumbnail","6":"product_cat-bbq-accessoires","7":"product_cat-producten-voor-het-koude-seizoen","8":"product_tag-bbq-reiniger","9":"product_tag-kachelglas-reiniger","10":"product_tag-krachtreiniger","11":"product_tag-schoonmaakmiddel","13":"first","14":"instock","15":"taxable","16":"shipping-taxable","17":"purchasable","18":"product-type-simple"},"acf":[],"yoast_head":"<!-- This site is optimized with the Yoast SEO plugin v27.4 - https:\/\/yoast.com\/product\/yoast-seo-wordpress\/ -->\n<title>Krachtreiniger 500 ml bbq en kachelglas &#8211; Bula Outdoor<\/title>\n<meta name=\"robots\" content=\"index, follow, max-snippet:-1, max-image-preview:large, max-video-preview:-1\" \/>\n<link rel=\"canonical\" href=\"https:\/\/bulaoutdoor.nl\/fr\/produit\/power-cleaner-500-ml-bbq-and-stove-glass\/\" \/>\n<meta property=\"og:locale\" content=\"fr_FR\" \/>\n<meta property=\"og:type\" content=\"article\" \/>\n<meta property=\"og:title\" content=\"Krachtreiniger 500 ml bbq en kachelglas &#8211; Bula Outdoor\" \/>\n<meta property=\"og:description\" content=\"Reiniger met krachtige formule speciaal voor barbecuerooster en haardglas. Fles met sproeikop.\" \/>\n<meta property=\"og:url\" content=\"https:\/\/bulaoutdoor.nl\/fr\/produit\/power-cleaner-500-ml-bbq-and-stove-glass\/\" \/>\n<meta property=\"og:site_name\" content=\"Bula Outdoor\" \/>\n<meta property=\"article:modified_time\" content=\"2023-12-18T10:56:46+00:00\" \/>\n<meta property=\"og:image\" content=\"https:\/\/bulaoutdoor.nl\/wp-content\/uploads\/2023\/12\/55605-Flash-Reiniger-500-ml-bula-outdoor.jpg\" \/>\n\t<meta property=\"og:image:width\" content=\"1200\" \/>\n\t<meta property=\"og:image:height\" content=\"1200\" \/>\n\t<meta property=\"og:image:type\" content=\"image\/jpeg\" \/>\n<meta name=\"twitter:card\" content=\"summary_large_image\" \/>\n<meta name=\"twitter:label1\" content=\"Dur\u00e9e de lecture estim\u00e9e\" \/>\n\t<meta name=\"twitter:data1\" content=\"1 minute\" \/>\n<script type=\"application\/ld+json\" class=\"yoast-schema-graph\">{\"@context\":\"https:\\\/\\\/schema.org\",\"@graph\":[{\"@type\":\"WebPage\",\"@id\":\"https:\\\/\\\/bulaoutdoor.nl\\\/product\\\/krachtreiniger-500-ml-bbq-en-kachelglas\\\/\",\"url\":\"https:\\\/\\\/bulaoutdoor.nl\\\/product\\\/krachtreiniger-500-ml-bbq-en-kachelglas\\\/\",\"name\":\"Krachtreiniger 500 ml bbq en kachelglas &#8211; Bula Outdoor\",\"isPartOf\":{\"@id\":\"https:\\\/\\\/bulaoutdoor.nl\\\/#website\"},\"primaryImageOfPage\":{\"@id\":\"https:\\\/\\\/bulaoutdoor.nl\\\/product\\\/krachtreiniger-500-ml-bbq-en-kachelglas\\\/#primaryimage\"},\"image\":{\"@id\":\"https:\\\/\\\/bulaoutdoor.nl\\\/product\\\/krachtreiniger-500-ml-bbq-en-kachelglas\\\/#primaryimage\"},\"thumbnailUrl\":\"https:\\\/\\\/bulaoutdoor.nl\\\/wp-content\\\/uploads\\\/2023\\\/12\\\/55605-Flash-Reiniger-500-ml-bula-outdoor.jpg\",\"datePublished\":\"2023-12-16T13:10:17+00:00\",\"dateModified\":\"2023-12-18T10:56:46+00:00\",\"breadcrumb\":{\"@id\":\"https:\\\/\\\/bulaoutdoor.nl\\\/product\\\/krachtreiniger-500-ml-bbq-en-kachelglas\\\/#breadcrumb\"},\"inLanguage\":\"fr-FR\",\"potentialAction\":[{\"@type\":\"ReadAction\",\"target\":[\"https:\\\/\\\/bulaoutdoor.nl\\\/product\\\/krachtreiniger-500-ml-bbq-en-kachelglas\\\/\"]}]},{\"@type\":\"ImageObject\",\"inLanguage\":\"fr-FR\",\"@id\":\"https:\\\/\\\/bulaoutdoor.nl\\\/product\\\/krachtreiniger-500-ml-bbq-en-kachelglas\\\/#primaryimage\",\"url\":\"https:\\\/\\\/bulaoutdoor.nl\\\/wp-content\\\/uploads\\\/2023\\\/12\\\/55605-Flash-Reiniger-500-ml-bula-outdoor.jpg\",\"contentUrl\":\"https:\\\/\\\/bulaoutdoor.nl\\\/wp-content\\\/uploads\\\/2023\\\/12\\\/55605-Flash-Reiniger-500-ml-bula-outdoor.jpg\",\"width\":1200,\"height\":1200,\"caption\":\"bbq reiniger\"},{\"@type\":\"BreadcrumbList\",\"@id\":\"https:\\\/\\\/bulaoutdoor.nl\\\/product\\\/krachtreiniger-500-ml-bbq-en-kachelglas\\\/#breadcrumb\",\"itemListElement\":[{\"@type\":\"ListItem\",\"position\":1,\"name\":\"Home\",\"item\":\"https:\\\/\\\/bulaoutdoor.nl\\\/\"},{\"@type\":\"ListItem\",\"position\":2,\"name\":\"Online BBQ kopen\",\"item\":\"https:\\\/\\\/bulaoutdoor.nl\\\/\"},{\"@type\":\"ListItem\",\"position\":3,\"name\":\"Krachtreiniger 500 ml bbq en kachelglas\"}]},{\"@type\":\"WebSite\",\"@id\":\"https:\\\/\\\/bulaoutdoor.nl\\\/#website\",\"url\":\"https:\\\/\\\/bulaoutdoor.nl\\\/\",\"name\":\"Bula Outdoor\",\"description\":\"Voor uw buitenhaard, BBQ, tuinfakkel en houtoven\",\"publisher\":{\"@id\":\"https:\\\/\\\/bulaoutdoor.nl\\\/#organization\"},\"potentialAction\":[{\"@type\":\"SearchAction\",\"target\":{\"@type\":\"EntryPoint\",\"urlTemplate\":\"https:\\\/\\\/bulaoutdoor.nl\\\/?s={search_term_string}\"},\"query-input\":{\"@type\":\"PropertyValueSpecification\",\"valueRequired\":true,\"valueName\":\"search_term_string\"}}],\"inLanguage\":\"fr-FR\"},{\"@type\":\"Organization\",\"@id\":\"https:\\\/\\\/bulaoutdoor.nl\\\/#organization\",\"name\":\"Bula Outdoor\",\"url\":\"https:\\\/\\\/bulaoutdoor.nl\\\/\",\"logo\":{\"@type\":\"ImageObject\",\"inLanguage\":\"fr-FR\",\"@id\":\"https:\\\/\\\/bulaoutdoor.nl\\\/#\\\/schema\\\/logo\\\/image\\\/\",\"url\":\"https:\\\/\\\/www.bulaoutdoor.nl\\\/wp-content\\\/uploads\\\/2018\\\/04\\\/bulaoutdoor-logo.png\",\"contentUrl\":\"https:\\\/\\\/www.bulaoutdoor.nl\\\/wp-content\\\/uploads\\\/2018\\\/04\\\/bulaoutdoor-logo.png\",\"width\":324,\"height\":91,\"caption\":\"Bula Outdoor\"},\"image\":{\"@id\":\"https:\\\/\\\/bulaoutdoor.nl\\\/#\\\/schema\\\/logo\\\/image\\\/\"}}]}<\/script>\n<!-- \/ Yoast SEO plugin. -->","yoast_head_json":{"title":"Power cleaner 500 ml verre bbq et po\u00eale - Bula Outdoor","robots":{"index":"index","follow":"follow","max-snippet":"max-snippet:-1","max-image-preview":"max-image-preview:large","max-video-preview":"max-video-preview:-1"},"canonical":"https:\/\/bulaoutdoor.nl\/fr\/produit\/power-cleaner-500-ml-bbq-and-stove-glass\/","og_locale":"fr_FR","og_type":"article","og_title":"Krachtreiniger 500 ml bbq en kachelglas &#8211; Bula Outdoor","og_description":"Reiniger met krachtige formule speciaal voor barbecuerooster en haardglas. Fles met sproeikop.","og_url":"https:\/\/bulaoutdoor.nl\/fr\/produit\/power-cleaner-500-ml-bbq-and-stove-glass\/","og_site_name":"Bula Outdoor","article_modified_time":"2023-12-18T10:56:46+00:00","og_image":[{"width":1200,"height":1200,"url":"https:\/\/bulaoutdoor.nl\/wp-content\/uploads\/2023\/12\/55605-Flash-Reiniger-500-ml-bula-outdoor.jpg","type":"image\/jpeg"}],"twitter_card":"summary_large_image","twitter_misc":{"Dur\u00e9e de lecture estim\u00e9e":"1 minute"},"schema":{"@context":"https:\/\/schema.org","@graph":[{"@type":"WebPage","@id":"https:\/\/bulaoutdoor.nl\/product\/krachtreiniger-500-ml-bbq-en-kachelglas\/","url":"https:\/\/bulaoutdoor.nl\/product\/krachtreiniger-500-ml-bbq-en-kachelglas\/","name":"Power cleaner 500 ml verre bbq et po\u00eale - Bula Outdoor","isPartOf":{"@id":"https:\/\/bulaoutdoor.nl\/#website"},"primaryImageOfPage":{"@id":"https:\/\/bulaoutdoor.nl\/product\/krachtreiniger-500-ml-bbq-en-kachelglas\/#primaryimage"},"image":{"@id":"https:\/\/bulaoutdoor.nl\/product\/krachtreiniger-500-ml-bbq-en-kachelglas\/#primaryimage"},"thumbnailUrl":"https:\/\/bulaoutdoor.nl\/wp-content\/uploads\/2023\/12\/55605-Flash-Reiniger-500-ml-bula-outdoor.jpg","datePublished":"2023-12-16T13:10:17+00:00","dateModified":"2023-12-18T10:56:46+00:00","breadcrumb":{"@id":"https:\/\/bulaoutdoor.nl\/product\/krachtreiniger-500-ml-bbq-en-kachelglas\/#breadcrumb"},"inLanguage":"fr-FR","potentialAction":[{"@type":"ReadAction","target":["https:\/\/bulaoutdoor.nl\/product\/krachtreiniger-500-ml-bbq-en-kachelglas\/"]}]},{"@type":"ImageObject","inLanguage":"fr-FR","@id":"https:\/\/bulaoutdoor.nl\/product\/krachtreiniger-500-ml-bbq-en-kachelglas\/#primaryimage","url":"https:\/\/bulaoutdoor.nl\/wp-content\/uploads\/2023\/12\/55605-Flash-Reiniger-500-ml-bula-outdoor.jpg","contentUrl":"https:\/\/bulaoutdoor.nl\/wp-content\/uploads\/2023\/12\/55605-Flash-Reiniger-500-ml-bula-outdoor.jpg","width":1200,"height":1200,"caption":"bbq reiniger"},{"@type":"BreadcrumbList","@id":"https:\/\/bulaoutdoor.nl\/product\/krachtreiniger-500-ml-bbq-en-kachelglas\/#breadcrumb","itemListElement":[{"@type":"ListItem","position":1,"name":"Home","item":"https:\/\/bulaoutdoor.nl\/"},{"@type":"ListItem","position":2,"name":"Online BBQ kopen","item":"https:\/\/bulaoutdoor.nl\/"},{"@type":"ListItem","position":3,"name":"Krachtreiniger 500 ml bbq en kachelglas"}]},{"@type":"WebSite","@id":"https:\/\/bulaoutdoor.nl\/#website","url":"https:\/\/bulaoutdoor.nl\/","name":"Bula Outdoor","description":"Pour votre chemin\u00e9e ext\u00e9rieure, votre barbecue, votre torche de jardin et votre four \u00e0 bois","publisher":{"@id":"https:\/\/bulaoutdoor.nl\/#organization"},"potentialAction":[{"@type":"SearchAction","target":{"@type":"EntryPoint","urlTemplate":"https:\/\/bulaoutdoor.nl\/?s={search_term_string}"},"query-input":{"@type":"PropertyValueSpecification","valueRequired":true,"valueName":"search_term_string"}}],"inLanguage":"fr-FR"},{"@type":"Organization","@id":"https:\/\/bulaoutdoor.nl\/#organization","name":"Bula Outdoor","url":"https:\/\/bulaoutdoor.nl\/","logo":{"@type":"ImageObject","inLanguage":"fr-FR","@id":"https:\/\/bulaoutdoor.nl\/#\/schema\/logo\/image\/","url":"https:\/\/www.bulaoutdoor.nl\/wp-content\/uploads\/2018\/04\/bulaoutdoor-logo.png","contentUrl":"https:\/\/www.bulaoutdoor.nl\/wp-content\/uploads\/2018\/04\/bulaoutdoor-logo.png","width":324,"height":91,"caption":"Bula Outdoor"},"image":{"@id":"https:\/\/bulaoutdoor.nl\/#\/schema\/logo\/image\/"}}]}},"jetpack_sharing_enabled":true,"_links":{"self":[{"href":"https:\/\/bulaoutdoor.nl\/fr\/wp-json\/wp\/v2\/product\/36400","targetHints":{"allow":["GET"]}}],"collection":[{"href":"https:\/\/bulaoutdoor.nl\/fr\/wp-json\/wp\/v2\/product"}],"about":[{"href":"https:\/\/bulaoutdoor.nl\/fr\/wp-json\/wp\/v2\/types\/product"}],"replies":[{"embeddable":true,"href":"https:\/\/bulaoutdoor.nl\/fr\/wp-json\/wp\/v2\/comments?post=36400"}],"wp:featuredmedia":[{"embeddable":true,"href":"https:\/\/bulaoutdoor.nl\/fr\/wp-json\/wp\/v2\/media\/36482"}],"wp:attachment":[{"href":"https:\/\/bulaoutdoor.nl\/fr\/wp-json\/wp\/v2\/media?parent=36400"}],"wp:term":[{"taxonomy":"product_brand","embeddable":true,"href":"https:\/\/bulaoutdoor.nl\/fr\/wp-json\/wp\/v2\/product_brand?post=36400"},{"taxonomy":"product_cat","embeddable":true,"href":"https:\/\/bulaoutdoor.nl\/fr\/wp-json\/wp\/v2\/product_cat?post=36400"},{"taxonomy":"product_tag","embeddable":true,"href":"https:\/\/bulaoutdoor.nl\/fr\/wp-json\/wp\/v2\/product_tag?post=36400"}],"curies":[{"name":"wp","href":"https:\/\/api.w.org\/{rel}","templated":true}]}}