{"id":36470,"date":"2023-12-18T10:30:07","date_gmt":"2023-12-18T10:30:07","guid":{"rendered":"https:\/\/bulaoutdoor.nl\/?post_type=product&#038;p=36470"},"modified":"2025-05-27T10:33:10","modified_gmt":"2025-05-27T10:33:10","slug":"monolithe-avantgarde-classique","status":"publish","type":"product","link":"https:\/\/bulaoutdoor.nl\/fr\/product\/monolith-avantgarde-classic\/","title":{"rendered":"Monolith Avantgarde Classic"},"content":{"rendered":"<h4>Le Monolithe Avant-garde Classique<\/h4>\n<p>Bienvenue au Monolith Avantgarde Classic, o\u00f9 l'esth\u00e9tique, la fonctionnalit\u00e9 et la durabilit\u00e9 sont r\u00e9unies pour une exp\u00e9rience ultime du barbecue ! D\u00e9couvrez pourquoi aucun autre barbecue n'offre une combinaison aussi parfaite et pourquoi le nouvel Avantgarde est votre choix id\u00e9al.<\/p>\n<ul>\n<li><strong>Poign\u00e9e unique avec \u00e9clairage LED :<\/strong> Grillez confortablement sans vous encombrer de lumi\u00e8res suppl\u00e9mentaires gr\u00e2ce \u00e0 la poign\u00e9e dot\u00e9e de deux lampes LED int\u00e9gr\u00e9es. Profitez d'une bonne visibilit\u00e9, m\u00eame le soir, pendant que vous pr\u00e9parez vos chefs-d'\u0153uvre culinaires. La poign\u00e9e est fabriqu\u00e9e en \"bambou lourd\", un mat\u00e9riau stable, r\u00e9sistant et durable qui lui conf\u00e8re un aspect luxueux.<\/li>\n<li><strong>C\u00e9ramique silicat\u00e9e de haute qualit\u00e9 :<\/strong> Fabriqu\u00e9 en c\u00e9ramique silicat\u00e9e de haute qualit\u00e9, l'Avantgarde ne se contente pas d'\u00eatre durable, il offre aussi une belle touche esth\u00e9tique. Un barbecue qui r\u00e9siste \u00e0 l'\u00e9preuve du temps avec style.<\/li>\n<li><strong>Raccords et d\u00e9tails en acier inoxydable :<\/strong> Chaque d\u00e9tail de l'Avantgarde est empreint d'\u00e9l\u00e9gance, gr\u00e2ce \u00e0 l'utilisation d'accessoires en acier inoxydable. Cela lui conf\u00e8re non seulement un aspect unique, mais aussi une durabilit\u00e9 qui permet de profiter longtemps des plaisirs du barbecue.<\/li>\n<li><strong>S\u00e9rie PRO 2.0, techniquement avanc\u00e9e :<\/strong> Exp\u00e9rimenter les avanc\u00e9es technologiques en appliquant les m\u00eames techniques que les <a href=\"https:\/\/bulaoutdoor.nl\/fr\/produit\/kamado-classique-monolithique\/\">S\u00e9rie PRO 2.0,<\/a> y compris le joint en acier inoxydable et en fibre de verre, l'adaptateur int\u00e9gr\u00e9 pour les r\u00e9gulateurs num\u00e9riques et le syst\u00e8me polyvalent de grille de barbecue SGS. Un barbecue qui r\u00e9pond aux normes les plus strictes.<img loading=\"lazy\" decoding=\"async\" class=\"alignnone size-full wp-image-14002\" src=\"https:\/\/bulaoutdoor.nl\/wp-content\/uploads\/2022\/05\/smart-grid-sytem-monolith-1.png\" alt=\"\" width=\"752\" height=\"185\" srcset=\"https:\/\/bulaoutdoor.nl\/wp-content\/uploads\/2022\/05\/smart-grid-sytem-monolith-1.png 752w, https:\/\/bulaoutdoor.nl\/wp-content\/uploads\/2022\/05\/smart-grid-sytem-monolith-1-300x74.png 300w, https:\/\/bulaoutdoor.nl\/wp-content\/uploads\/2022\/05\/smart-grid-sytem-monolith-1-416x102.png 416w\" sizes=\"auto, (max-width: 752px) 100vw, 752px\" \/><\/li>\n<li><strong>Base solide avec espace de rangement :<\/strong> Le nouvel Avantgarde est dot\u00e9 d'une base renforc\u00e9e avec un espace de rangement int\u00e9gr\u00e9 pour les accessoires. Les tables d'appoint sont \u00e9galement fix\u00e9es \u00e0 ce ch\u00e2ssis robuste, de sorte que le barbecue et le ch\u00e2ssis semblent ne faire qu'un. Une combinaison parfaite de style et de fonctionnalit\u00e9.<\/li>\n<li><strong>La surface du gril a un diam\u00e8tre g\u00e9n\u00e9reux de 44 centim\u00e8tres.<\/strong><\/li>\n<\/ul>\n<p>La c\u00e9ramique silicat\u00e9e de haute qualit\u00e9, les accessoires en acier inoxydable et les d\u00e9tails innovants tels que le joint d'\u00e9tanch\u00e9it\u00e9 en acier inoxydable et en fibre de verre et la lumi\u00e8re LED dans la poign\u00e9e t\u00e9moignent du savoir-faire et de l'exp\u00e9rience.<\/p>\n<p><img loading=\"lazy\" decoding=\"async\" class=\"alignnone wp-image-36485\" src=\"https:\/\/bulaoutdoor.nl\/wp-content\/uploads\/2023\/12\/monolith-avantgarde_facts-NL-297x300.jpg\" alt=\"\" width=\"701\" height=\"708\" srcset=\"https:\/\/bulaoutdoor.nl\/wp-content\/uploads\/2023\/12\/monolith-avantgarde_facts-NL-297x300.jpg 297w, https:\/\/bulaoutdoor.nl\/wp-content\/uploads\/2023\/12\/monolith-avantgarde_facts-NL-1012x1024.jpg 1012w, https:\/\/bulaoutdoor.nl\/wp-content\/uploads\/2023\/12\/monolith-avantgarde_facts-NL-150x150.jpg 150w, https:\/\/bulaoutdoor.nl\/wp-content\/uploads\/2023\/12\/monolith-avantgarde_facts-NL-768x777.jpg 768w, https:\/\/bulaoutdoor.nl\/wp-content\/uploads\/2023\/12\/monolith-avantgarde_facts-NL-1519x1536.jpg 1519w, https:\/\/bulaoutdoor.nl\/wp-content\/uploads\/2023\/12\/monolith-avantgarde_facts-NL-12x12.jpg 12w, https:\/\/bulaoutdoor.nl\/wp-content\/uploads\/2023\/12\/monolith-avantgarde_facts-NL-416x421.jpg 416w, https:\/\/bulaoutdoor.nl\/wp-content\/uploads\/2023\/12\/monolith-avantgarde_facts-NL-100x100.jpg 100w, https:\/\/bulaoutdoor.nl\/wp-content\/uploads\/2023\/12\/monolith-avantgarde_facts-NL.jpg 1584w\" sizes=\"auto, (max-width: 701px) 100vw, 701px\" \/><\/p>\n<p>D\u00e9couvrez les capacit\u00e9s du Monolith Avantgarde Classic pour une exp\u00e9rience culinaire ultime en plein air. Avec sa coque en c\u00e9ramique de haute qualit\u00e9, qui assure une distribution optimale de la chaleur, ce gril offre des possibilit\u00e9s de cuisson infinies. Des steaks juteux aux viandes cuites lentement, la conception personnalisable du syst\u00e8me SGS garantit des r\u00e9sultats parfaits pour diff\u00e9rents styles de cuisson.<\/p>\n<p><iframe loading=\"lazy\" title=\"Monolith Avantgarde N\u00e9erlandaise\" width=\"980\" height=\"551\" src=\"https:\/\/www.youtube.com\/embed\/DlkaJO8LoEM?feature=oembed&#038;enablejsapi=1&#038;origin=https:\/\/bulaoutdoor.nl\" frameborder=\"0\" allow=\"accelerometer; autoplay; clipboard-write; encrypted-media; gyroscope; picture-in-picture; web-share\" referrerpolicy=\"strict-origin-when-cross-origin\" allowfullscreen><\/iframe><\/p>\n<p><iframe loading=\"lazy\" title=\"Monolith Avantgarde - Die Ess-Klasse\" width=\"980\" height=\"551\" src=\"https:\/\/www.youtube.com\/embed\/qW8siVZ9YA8?feature=oembed&#038;enablejsapi=1&#038;origin=https:\/\/bulaoutdoor.nl\" frameborder=\"0\" allow=\"accelerometer; autoplay; clipboard-write; encrypted-media; gyroscope; picture-in-picture; web-share\" referrerpolicy=\"strict-origin-when-cross-origin\" allowfullscreen><\/iframe><\/p>\n<p>Faites l'exp\u00e9rience de la libert\u00e9 de cuisiner gr\u00e2ce \u00e0 l'espace de cuisson spacieux de 44 cm de diam\u00e8tre du Monolith Avantgarde Classic. Ce gril permet de griller, fumer, cuire au four ou r\u00f4tir sans effort. Le syst\u00e8me de circulation d'air r\u00e9glable offre un contr\u00f4le pr\u00e9cis de la temp\u00e9rature pour des performances constantes.<\/p>\n<p>Transformez votre exp\u00e9rience de la cuisine en plein air avec le Monolith Avantgarde Classic. D\u00e9couvrez par vous-m\u00eame pourquoi le kamado MONOLITH Avantgarde - est le choix ultime pour vos aventures au barbecue ! Commandez d\u00e8s aujourd'hui et r\u00e9veillez le ma\u00eetre du gril qui sommeille en vous.<\/p>\n<p>Commandez le Monolith Avantgarde Classic directement aupr\u00e8s de <a href=\"https:\/\/bulaoutdoor.nl\/fr\/categorie-de-produits\/bbq\/monolithe\/monolith-bbqs\/\">Bula Outdoor, votre sp\u00e9cialiste du barbecue !<\/a><\/p>","protected":false},"excerpt":{"rendered":"<p>D\u00e9couvrez le kamado Monolith Avantgarde Classic - La combinaison parfaite du design, de la technologie et de la qualit\u00e9.<\/p>","protected":false},"featured_media":36486,"comment_status":"open","ping_status":"closed","template":"","meta":{"_acf_changed":false},"product_brand":[],"product_cat":[996],"product_tag":[1019,1349,1350,1348],"class_list":{"0":"post-36470","1":"product","2":"type-product","3":"status-publish","4":"has-post-thumbnail","6":"product_cat-monolith-bbqs","7":"product_tag-grote-bbq","8":"product_tag-kamado-bbq","9":"product_tag-luxe-bbq","10":"product_tag-monolith-kamado","12":"first","13":"instock","14":"taxable","15":"shipping-taxable","16":"purchasable","17":"product-type-variable"},"acf":[],"yoast_head":"<!-- This site is optimized with the Yoast SEO plugin v27.3 - https:\/\/yoast.com\/product\/yoast-seo-wordpress\/ -->\n<title>Monolith Avantgarde Classic &#8211; Bula Outdoor<\/title>\n<meta name=\"description\" content=\"De Monolith Avantgarde Classic, waar esthetiek, luxe, functionaliteit en duurzaamheid samenkomen voor de ultieme barbecue-ervaring. Een topmodel kamado bbq!\" \/>\n<meta name=\"robots\" content=\"index, follow, max-snippet:-1, max-image-preview:large, max-video-preview:-1\" \/>\n<link rel=\"canonical\" href=\"https:\/\/bulaoutdoor.nl\/fr\/produit\/monolithe-avantgarde-classique\/\" \/>\n<meta property=\"og:locale\" content=\"fr_FR\" \/>\n<meta property=\"og:type\" content=\"article\" \/>\n<meta property=\"og:title\" content=\"Monolith Avantgarde Classic &#8211; Bula Outdoor\" \/>\n<meta property=\"og:description\" content=\"De Monolith Avantgarde Classic, waar esthetiek, luxe, functionaliteit en duurzaamheid samenkomen voor de ultieme barbecue-ervaring. Een topmodel kamado bbq!\" \/>\n<meta property=\"og:url\" content=\"https:\/\/bulaoutdoor.nl\/fr\/produit\/monolithe-avantgarde-classique\/\" \/>\n<meta property=\"og:site_name\" content=\"Bula Outdoor\" \/>\n<meta property=\"article:modified_time\" content=\"2025-05-27T10:33:10+00:00\" \/>\n<meta property=\"og:image\" content=\"https:\/\/bulaoutdoor.nl\/wp-content\/uploads\/2023\/12\/Monolith-Avantgarde-Voorkant-Bula-Outdoor.jpg\" \/>\n\t<meta property=\"og:image:width\" content=\"900\" \/>\n\t<meta property=\"og:image:height\" content=\"900\" \/>\n\t<meta property=\"og:image:type\" content=\"image\/jpeg\" \/>\n<meta name=\"twitter:card\" content=\"summary_large_image\" \/>\n<meta name=\"twitter:label1\" content=\"Dur\u00e9e de lecture estim\u00e9e\" \/>\n\t<meta name=\"twitter:data1\" content=\"3 minutes\" \/>\n<script type=\"application\/ld+json\" class=\"yoast-schema-graph\">{\"@context\":\"https:\\\/\\\/schema.org\",\"@graph\":[{\"@type\":\"WebPage\",\"@id\":\"https:\\\/\\\/bulaoutdoor.nl\\\/product\\\/monolith-avantgarde-classic\\\/\",\"url\":\"https:\\\/\\\/bulaoutdoor.nl\\\/product\\\/monolith-avantgarde-classic\\\/\",\"name\":\"Monolith Avantgarde Classic &#8211; Bula Outdoor\",\"isPartOf\":{\"@id\":\"https:\\\/\\\/bulaoutdoor.nl\\\/#website\"},\"primaryImageOfPage\":{\"@id\":\"https:\\\/\\\/bulaoutdoor.nl\\\/product\\\/monolith-avantgarde-classic\\\/#primaryimage\"},\"image\":{\"@id\":\"https:\\\/\\\/bulaoutdoor.nl\\\/product\\\/monolith-avantgarde-classic\\\/#primaryimage\"},\"thumbnailUrl\":\"https:\\\/\\\/bulaoutdoor.nl\\\/wp-content\\\/uploads\\\/2023\\\/12\\\/Monolith-Avantgarde-Voorkant-Bula-Outdoor.jpg\",\"datePublished\":\"2023-12-18T10:30:07+00:00\",\"dateModified\":\"2025-05-27T10:33:10+00:00\",\"description\":\"De Monolith Avantgarde Classic, waar esthetiek, luxe, functionaliteit en duurzaamheid samenkomen voor de ultieme barbecue-ervaring. Een topmodel kamado bbq!\",\"breadcrumb\":{\"@id\":\"https:\\\/\\\/bulaoutdoor.nl\\\/product\\\/monolith-avantgarde-classic\\\/#breadcrumb\"},\"inLanguage\":\"fr-FR\",\"potentialAction\":[{\"@type\":\"ReadAction\",\"target\":[\"https:\\\/\\\/bulaoutdoor.nl\\\/product\\\/monolith-avantgarde-classic\\\/\"]}]},{\"@type\":\"ImageObject\",\"inLanguage\":\"fr-FR\",\"@id\":\"https:\\\/\\\/bulaoutdoor.nl\\\/product\\\/monolith-avantgarde-classic\\\/#primaryimage\",\"url\":\"https:\\\/\\\/bulaoutdoor.nl\\\/wp-content\\\/uploads\\\/2023\\\/12\\\/Monolith-Avantgarde-Voorkant-Bula-Outdoor.jpg\",\"contentUrl\":\"https:\\\/\\\/bulaoutdoor.nl\\\/wp-content\\\/uploads\\\/2023\\\/12\\\/Monolith-Avantgarde-Voorkant-Bula-Outdoor.jpg\",\"width\":900,\"height\":900,\"caption\":\"Monolith Avantgarde Classic\"},{\"@type\":\"BreadcrumbList\",\"@id\":\"https:\\\/\\\/bulaoutdoor.nl\\\/product\\\/monolith-avantgarde-classic\\\/#breadcrumb\",\"itemListElement\":[{\"@type\":\"ListItem\",\"position\":1,\"name\":\"Home\",\"item\":\"https:\\\/\\\/bulaoutdoor.nl\\\/\"},{\"@type\":\"ListItem\",\"position\":2,\"name\":\"Online BBQ kopen\",\"item\":\"https:\\\/\\\/bulaoutdoor.nl\\\/\"},{\"@type\":\"ListItem\",\"position\":3,\"name\":\"Monolith Avantgarde Classic\"}]},{\"@type\":\"WebSite\",\"@id\":\"https:\\\/\\\/bulaoutdoor.nl\\\/#website\",\"url\":\"https:\\\/\\\/bulaoutdoor.nl\\\/\",\"name\":\"Bula Outdoor\",\"description\":\"Voor uw buitenhaard, BBQ, tuinfakkel en houtoven\",\"publisher\":{\"@id\":\"https:\\\/\\\/bulaoutdoor.nl\\\/#organization\"},\"potentialAction\":[{\"@type\":\"SearchAction\",\"target\":{\"@type\":\"EntryPoint\",\"urlTemplate\":\"https:\\\/\\\/bulaoutdoor.nl\\\/?s={search_term_string}\"},\"query-input\":{\"@type\":\"PropertyValueSpecification\",\"valueRequired\":true,\"valueName\":\"search_term_string\"}}],\"inLanguage\":\"fr-FR\"},{\"@type\":\"Organization\",\"@id\":\"https:\\\/\\\/bulaoutdoor.nl\\\/#organization\",\"name\":\"Bula Outdoor\",\"url\":\"https:\\\/\\\/bulaoutdoor.nl\\\/\",\"logo\":{\"@type\":\"ImageObject\",\"inLanguage\":\"fr-FR\",\"@id\":\"https:\\\/\\\/bulaoutdoor.nl\\\/#\\\/schema\\\/logo\\\/image\\\/\",\"url\":\"https:\\\/\\\/www.bulaoutdoor.nl\\\/wp-content\\\/uploads\\\/2018\\\/04\\\/bulaoutdoor-logo.png\",\"contentUrl\":\"https:\\\/\\\/www.bulaoutdoor.nl\\\/wp-content\\\/uploads\\\/2018\\\/04\\\/bulaoutdoor-logo.png\",\"width\":324,\"height\":91,\"caption\":\"Bula Outdoor\"},\"image\":{\"@id\":\"https:\\\/\\\/bulaoutdoor.nl\\\/#\\\/schema\\\/logo\\\/image\\\/\"}}]}<\/script>\n<!-- \/ Yoast SEO plugin. -->","yoast_head_json":{"title":"Monolith Avantgarde Classic - Bula Outdoor","description":"Le Monolith Avantgarde Classic, o\u00f9 l'esth\u00e9tique, le luxe, la fonctionnalit\u00e9 et la durabilit\u00e9 sont r\u00e9unis pour une exp\u00e9rience de barbecue ultime. Un kamado bbq haut de gamme !","robots":{"index":"index","follow":"follow","max-snippet":"max-snippet:-1","max-image-preview":"max-image-preview:large","max-video-preview":"max-video-preview:-1"},"canonical":"https:\/\/bulaoutdoor.nl\/fr\/produit\/monolithe-avantgarde-classique\/","og_locale":"fr_FR","og_type":"article","og_title":"Monolith Avantgarde Classic &#8211; Bula Outdoor","og_description":"De Monolith Avantgarde Classic, waar esthetiek, luxe, functionaliteit en duurzaamheid samenkomen voor de ultieme barbecue-ervaring. Een topmodel kamado bbq!","og_url":"https:\/\/bulaoutdoor.nl\/fr\/produit\/monolithe-avantgarde-classique\/","og_site_name":"Bula Outdoor","article_modified_time":"2025-05-27T10:33:10+00:00","og_image":[{"width":900,"height":900,"url":"https:\/\/bulaoutdoor.nl\/wp-content\/uploads\/2023\/12\/Monolith-Avantgarde-Voorkant-Bula-Outdoor.jpg","type":"image\/jpeg"}],"twitter_card":"summary_large_image","twitter_misc":{"Dur\u00e9e de lecture estim\u00e9e":"3 minutes"},"schema":{"@context":"https:\/\/schema.org","@graph":[{"@type":"WebPage","@id":"https:\/\/bulaoutdoor.nl\/product\/monolith-avantgarde-classic\/","url":"https:\/\/bulaoutdoor.nl\/product\/monolith-avantgarde-classic\/","name":"Monolith Avantgarde Classic - Bula Outdoor","isPartOf":{"@id":"https:\/\/bulaoutdoor.nl\/#website"},"primaryImageOfPage":{"@id":"https:\/\/bulaoutdoor.nl\/product\/monolith-avantgarde-classic\/#primaryimage"},"image":{"@id":"https:\/\/bulaoutdoor.nl\/product\/monolith-avantgarde-classic\/#primaryimage"},"thumbnailUrl":"https:\/\/bulaoutdoor.nl\/wp-content\/uploads\/2023\/12\/Monolith-Avantgarde-Voorkant-Bula-Outdoor.jpg","datePublished":"2023-12-18T10:30:07+00:00","dateModified":"2025-05-27T10:33:10+00:00","description":"Le Monolith Avantgarde Classic, o\u00f9 l'esth\u00e9tique, le luxe, la fonctionnalit\u00e9 et la durabilit\u00e9 sont r\u00e9unis pour une exp\u00e9rience de barbecue ultime. Un kamado bbq haut de gamme !","breadcrumb":{"@id":"https:\/\/bulaoutdoor.nl\/product\/monolith-avantgarde-classic\/#breadcrumb"},"inLanguage":"fr-FR","potentialAction":[{"@type":"ReadAction","target":["https:\/\/bulaoutdoor.nl\/product\/monolith-avantgarde-classic\/"]}]},{"@type":"ImageObject","inLanguage":"fr-FR","@id":"https:\/\/bulaoutdoor.nl\/product\/monolith-avantgarde-classic\/#primaryimage","url":"https:\/\/bulaoutdoor.nl\/wp-content\/uploads\/2023\/12\/Monolith-Avantgarde-Voorkant-Bula-Outdoor.jpg","contentUrl":"https:\/\/bulaoutdoor.nl\/wp-content\/uploads\/2023\/12\/Monolith-Avantgarde-Voorkant-Bula-Outdoor.jpg","width":900,"height":900,"caption":"Monolith Avantgarde Classic"},{"@type":"BreadcrumbList","@id":"https:\/\/bulaoutdoor.nl\/product\/monolith-avantgarde-classic\/#breadcrumb","itemListElement":[{"@type":"ListItem","position":1,"name":"Home","item":"https:\/\/bulaoutdoor.nl\/"},{"@type":"ListItem","position":2,"name":"Online BBQ kopen","item":"https:\/\/bulaoutdoor.nl\/"},{"@type":"ListItem","position":3,"name":"Monolith Avantgarde Classic"}]},{"@type":"WebSite","@id":"https:\/\/bulaoutdoor.nl\/#website","url":"https:\/\/bulaoutdoor.nl\/","name":"Bula Outdoor","description":"Pour votre chemin\u00e9e ext\u00e9rieure, votre barbecue, votre torche de jardin et votre four \u00e0 bois","publisher":{"@id":"https:\/\/bulaoutdoor.nl\/#organization"},"potentialAction":[{"@type":"SearchAction","target":{"@type":"EntryPoint","urlTemplate":"https:\/\/bulaoutdoor.nl\/?s={search_term_string}"},"query-input":{"@type":"PropertyValueSpecification","valueRequired":true,"valueName":"search_term_string"}}],"inLanguage":"fr-FR"},{"@type":"Organization","@id":"https:\/\/bulaoutdoor.nl\/#organization","name":"Bula Outdoor","url":"https:\/\/bulaoutdoor.nl\/","logo":{"@type":"ImageObject","inLanguage":"fr-FR","@id":"https:\/\/bulaoutdoor.nl\/#\/schema\/logo\/image\/","url":"https:\/\/www.bulaoutdoor.nl\/wp-content\/uploads\/2018\/04\/bulaoutdoor-logo.png","contentUrl":"https:\/\/www.bulaoutdoor.nl\/wp-content\/uploads\/2018\/04\/bulaoutdoor-logo.png","width":324,"height":91,"caption":"Bula Outdoor"},"image":{"@id":"https:\/\/bulaoutdoor.nl\/#\/schema\/logo\/image\/"}}]}},"jetpack_sharing_enabled":true,"_links":{"self":[{"href":"https:\/\/bulaoutdoor.nl\/fr\/wp-json\/wp\/v2\/product\/36470","targetHints":{"allow":["GET"]}}],"collection":[{"href":"https:\/\/bulaoutdoor.nl\/fr\/wp-json\/wp\/v2\/product"}],"about":[{"href":"https:\/\/bulaoutdoor.nl\/fr\/wp-json\/wp\/v2\/types\/product"}],"replies":[{"embeddable":true,"href":"https:\/\/bulaoutdoor.nl\/fr\/wp-json\/wp\/v2\/comments?post=36470"}],"wp:featuredmedia":[{"embeddable":true,"href":"https:\/\/bulaoutdoor.nl\/fr\/wp-json\/wp\/v2\/media\/36486"}],"wp:attachment":[{"href":"https:\/\/bulaoutdoor.nl\/fr\/wp-json\/wp\/v2\/media?parent=36470"}],"wp:term":[{"taxonomy":"product_brand","embeddable":true,"href":"https:\/\/bulaoutdoor.nl\/fr\/wp-json\/wp\/v2\/product_brand?post=36470"},{"taxonomy":"product_cat","embeddable":true,"href":"https:\/\/bulaoutdoor.nl\/fr\/wp-json\/wp\/v2\/product_cat?post=36470"},{"taxonomy":"product_tag","embeddable":true,"href":"https:\/\/bulaoutdoor.nl\/fr\/wp-json\/wp\/v2\/product_tag?post=36470"}],"curies":[{"name":"wp","href":"https:\/\/api.w.org\/{rel}","templated":true}]}}