{"id":37026,"date":"2024-01-03T12:21:53","date_gmt":"2024-01-03T12:21:53","guid":{"rendered":"https:\/\/bulaoutdoor.nl\/?post_type=product&#038;p=37026"},"modified":"2025-05-27T10:32:34","modified_gmt":"2025-05-27T10:32:34","slug":"monolithe-avantgarde-lechef","status":"publish","type":"product","link":"https:\/\/bulaoutdoor.nl\/fr\/product\/monolith-avantgarde-lechef\/","title":{"rendered":"Monolith Avantgarde LeChef"},"content":{"rendered":"<h4>Le Monolithe Avant-garde LeChef<\/h4>\n<p>Voici le Monolith Avantgarde LeChef, o\u00f9 l'esth\u00e9tique, la fonctionnalit\u00e9 et la durabilit\u00e9 sont r\u00e9unies pour une exp\u00e9rience ultime du barbecue ! Il s'agit de la plus grande variante de la gamme Monolith. Aucun autre barbecue n'offre une combinaison aussi parfaite, alors d\u00e9couvrez pourquoi l'Avantgarde est aussi votre barbecue id\u00e9al :<\/p>\n<ul>\n<li><strong>Poign\u00e9e unique avec \u00e9clairage LED :<\/strong>\u00a0Des grillades confortables sans l'inconv\u00e9nient d'un \u00e9clairage suppl\u00e9mentaire gr\u00e2ce \u00e0 la poign\u00e9e dot\u00e9e de deux lampes LED int\u00e9gr\u00e9es. Profitez d'une bonne visibilit\u00e9, m\u00eame le soir, pendant que vous pr\u00e9parez vos chefs-d'\u0153uvre culinaires. La poign\u00e9e est fabriqu\u00e9e en \"bambou lourd\", un mat\u00e9riau stable, r\u00e9sistant et durable qui lui conf\u00e8re un aspect luxueux.<\/li>\n<li><strong>C\u00e9ramique silicat\u00e9e de haute qualit\u00e9 :<\/strong> Fabriqu\u00e9 en c\u00e9ramique silicat\u00e9e de haute qualit\u00e9, l'Avantgarde n'est pas seulement durable, il est aussi un r\u00e9gal pour les yeux. Un barbecue qui r\u00e9siste \u00e0 l'\u00e9preuve du temps avec style.<\/li>\n<li><strong>Raccords et d\u00e9tails en acier inoxydable :<\/strong> Chaque d\u00e9tail de l'Avantgarde est cr\u00e9\u00e9 avec \u00e9l\u00e9gance, gr\u00e2ce \u00e0 l'utilisation de raccords en acier inoxydable. Cela donne non seulement un aspect unique, mais aussi une durabilit\u00e9 qui permet de profiter longtemps du barbecue.<\/li>\n<li><strong>S\u00e9rie PRO 2.0, techniquement avanc\u00e9e :<\/strong>\u00a0Exp\u00e9rimenter les avanc\u00e9es technologiques en appliquant les m\u00eames techniques que les\u00a0<a href=\"https:\/\/bulaoutdoor.nl\/fr\/produit\/kamado-classique-monolithique\/\">S\u00e9rie PRO 2.0,<\/a> y compris le joint en acier inoxydable et en fibre de verre, l'adaptateur int\u00e9gr\u00e9 pour les r\u00e9gulateurs num\u00e9riques et le syst\u00e8me polyvalent de grille de barbecue SGS. Un barbecue qui r\u00e9pond aux normes les plus strictes. <img loading=\"lazy\" decoding=\"async\" class=\"alignnone size-full wp-image-14002\" src=\"https:\/\/bulaoutdoor.nl\/wp-content\/uploads\/2022\/05\/smart-grid-sytem-monolith-1.png\" alt=\"\" width=\"752\" height=\"185\" srcset=\"https:\/\/bulaoutdoor.nl\/wp-content\/uploads\/2022\/05\/smart-grid-sytem-monolith-1.png 752w, https:\/\/bulaoutdoor.nl\/wp-content\/uploads\/2022\/05\/smart-grid-sytem-monolith-1-300x74.png 300w, https:\/\/bulaoutdoor.nl\/wp-content\/uploads\/2022\/05\/smart-grid-sytem-monolith-1-416x102.png 416w\" sizes=\"auto, (max-width: 752px) 100vw, 752px\" \/><\/li>\n<li><strong>Base solide avec espace de rangement :<\/strong>\u00a0Le nouvel Avantgarde est dot\u00e9 d'une base renforc\u00e9e avec un espace de rangement int\u00e9gr\u00e9 pour les accessoires. Les tables d'appoint sont \u00e9galement fix\u00e9es \u00e0 ce ch\u00e2ssis robuste, de sorte que le barbecue et le ch\u00e2ssis semblent ne faire qu'un. Une combinaison parfaite de style et de fonctionnalit\u00e9.<\/li>\n<li><strong>La surface du gril a un diam\u00e8tre g\u00e9n\u00e9reux de 55 centim\u00e8tres.<\/strong><\/li>\n<\/ul>\n<p>La c\u00e9ramique silicat\u00e9e de haute qualit\u00e9, les accessoires en acier inoxydable et les d\u00e9tails innovants tels que le joint d'\u00e9tanch\u00e9it\u00e9 en acier inoxydable et en fibre de verre et la lumi\u00e8re LED dans la poign\u00e9e t\u00e9moignent du savoir-faire et de l'exp\u00e9rience.<\/p>\n<p><img loading=\"lazy\" decoding=\"async\" class=\"alignnone wp-image-36485\" src=\"https:\/\/bulaoutdoor.nl\/wp-content\/uploads\/2023\/12\/monolith-avantgarde_facts-NL-297x300.jpg\" alt=\"\" width=\"701\" height=\"708\" srcset=\"https:\/\/bulaoutdoor.nl\/wp-content\/uploads\/2023\/12\/monolith-avantgarde_facts-NL-297x300.jpg 297w, https:\/\/bulaoutdoor.nl\/wp-content\/uploads\/2023\/12\/monolith-avantgarde_facts-NL-1012x1024.jpg 1012w, https:\/\/bulaoutdoor.nl\/wp-content\/uploads\/2023\/12\/monolith-avantgarde_facts-NL-150x150.jpg 150w, https:\/\/bulaoutdoor.nl\/wp-content\/uploads\/2023\/12\/monolith-avantgarde_facts-NL-768x777.jpg 768w, https:\/\/bulaoutdoor.nl\/wp-content\/uploads\/2023\/12\/monolith-avantgarde_facts-NL-1519x1536.jpg 1519w, https:\/\/bulaoutdoor.nl\/wp-content\/uploads\/2023\/12\/monolith-avantgarde_facts-NL-12x12.jpg 12w, https:\/\/bulaoutdoor.nl\/wp-content\/uploads\/2023\/12\/monolith-avantgarde_facts-NL-416x421.jpg 416w, https:\/\/bulaoutdoor.nl\/wp-content\/uploads\/2023\/12\/monolith-avantgarde_facts-NL-100x100.jpg 100w, https:\/\/bulaoutdoor.nl\/wp-content\/uploads\/2023\/12\/monolith-avantgarde_facts-NL.jpg 1584w\" sizes=\"auto, (max-width: 701px) 100vw, 701px\" \/><\/p>\n<p>D\u00e9couvrez les capacit\u00e9s polyvalentes du Monolith Avantgarde LeChef pour une exp\u00e9rience de cuisson en plein air ultime. Gr\u00e2ce \u00e0 son bo\u00eetier en c\u00e9ramique de haute qualit\u00e9, qui assure une distribution parfaite de la chaleur, ce barbecue offre des possibilit\u00e9s de cuisson infinies. Des steaks juteux aux viandes mijot\u00e9es, la conception r\u00e9glable du syst\u00e8me SGS garantit des r\u00e9sultats parfaits pour diff\u00e9rents styles de cuisson.<\/p>\n<p>Profitez de la libert\u00e9 de cuisiner gr\u00e2ce \u00e0 l'espace de cuisson spacieux de 55 cm de diam\u00e8tre offert par le Monolith Avantgarde LeChef. Ce barbecue permet de griller, fumer, cuire au four ou r\u00f4tir sans effort. Gr\u00e2ce au syst\u00e8me de circulation d'air r\u00e9glable, vous contr\u00f4lez pr\u00e9cis\u00e9ment la temp\u00e9rature pour des performances constantes. D\u00e9couvrez le v\u00e9ritable art de la cuisine en plein air avec ce barbecue impressionnant.<\/p>\n<p><iframe loading=\"lazy\" title=\"Monolith Avantgarde N\u00e9erlandaise\" width=\"980\" height=\"551\" src=\"https:\/\/www.youtube.com\/embed\/DlkaJO8LoEM?feature=oembed&#038;enablejsapi=1&#038;origin=https:\/\/bulaoutdoor.nl\" frameborder=\"0\" allow=\"accelerometer; autoplay; clipboard-write; encrypted-media; gyroscope; picture-in-picture; web-share\" referrerpolicy=\"strict-origin-when-cross-origin\" allowfullscreen><\/iframe><\/p>\n<p>Enrichissez votre exp\u00e9rience de la cuisine en plein air avec le Monolith Avantgarde LeChef. D\u00e9couvrez en personne pourquoi le kamado MONOLITH Avantgarde est le choix id\u00e9al pour vos aventures au barbecue ! Passez votre commande d\u00e8s aujourd'hui et r\u00e9veillez le ma\u00eetre du gril qui sommeille en vous.<\/p>\n<p>Commandez le Monolith Avantgarde LeChef directement aupr\u00e8s de <a href=\"https:\/\/bulaoutdoor.nl\/fr\/categorie-de-produits\/bbq\/monolithe\/monolith-bbqs\/\">Bula Outdoor, votre sp\u00e9cialiste du barbecue !<\/a><\/p>","protected":false},"excerpt":{"rendered":"<p>D\u00e9couvrez le Kamado LeChef Avantgarde de Monolith - La combinaison parfaite du design, de la technologie et de la qualit\u00e9.<\/p>","protected":false},"featured_media":37030,"comment_status":"open","ping_status":"closed","template":"","meta":{"_acf_changed":false},"product_brand":[],"product_cat":[996],"product_tag":[1019,1041,1040],"class_list":{"0":"post-37026","1":"product","2":"type-product","3":"status-publish","4":"has-post-thumbnail","6":"product_cat-monolith-bbqs","7":"product_tag-grote-bbq","8":"product_tag-grote-kamado","9":"product_tag-monolith-lechef","11":"first","12":"instock","13":"taxable","14":"shipping-taxable","15":"purchasable","16":"product-type-variable"},"acf":[],"yoast_head":"<!-- This site is optimized with the Yoast SEO plugin v27.4 - https:\/\/yoast.com\/product\/yoast-seo-wordpress\/ -->\n<title>Monolith Avantgarde LeChef &#8211; Bula Outdoor<\/title>\n<meta name=\"description\" content=\"Dit is de Monolith Avantgarde LeChef, waar esthetiek, functionaliteit en duurzaamheid samenkomen voor de ultieme barbecue-ervaring!\" \/>\n<meta name=\"robots\" content=\"index, follow, max-snippet:-1, max-image-preview:large, max-video-preview:-1\" \/>\n<link rel=\"canonical\" href=\"https:\/\/bulaoutdoor.nl\/fr\/produit\/monolithe-avantgarde-lechef\/\" \/>\n<meta property=\"og:locale\" content=\"fr_FR\" \/>\n<meta property=\"og:type\" content=\"article\" \/>\n<meta property=\"og:title\" content=\"Monolith Avantgarde LeChef &#8211; Bula Outdoor\" \/>\n<meta property=\"og:description\" content=\"Dit is de Monolith Avantgarde LeChef, waar esthetiek, functionaliteit en duurzaamheid samenkomen voor de ultieme barbecue-ervaring!\" \/>\n<meta property=\"og:url\" content=\"https:\/\/bulaoutdoor.nl\/fr\/produit\/monolithe-avantgarde-lechef\/\" \/>\n<meta property=\"og:site_name\" content=\"Bula Outdoor\" \/>\n<meta property=\"article:modified_time\" content=\"2025-05-27T10:32:34+00:00\" \/>\n<meta property=\"og:image\" content=\"https:\/\/bulaoutdoor.nl\/wp-content\/uploads\/2024\/01\/Avantgarde-Le-Chef-Bula-Outdoor.jpg\" \/>\n\t<meta property=\"og:image:width\" content=\"900\" \/>\n\t<meta property=\"og:image:height\" content=\"900\" \/>\n\t<meta property=\"og:image:type\" content=\"image\/jpeg\" \/>\n<meta name=\"twitter:card\" content=\"summary_large_image\" \/>\n<meta name=\"twitter:label1\" content=\"Dur\u00e9e de lecture estim\u00e9e\" \/>\n\t<meta name=\"twitter:data1\" content=\"3 minutes\" \/>\n<script type=\"application\/ld+json\" class=\"yoast-schema-graph\">{\"@context\":\"https:\\\/\\\/schema.org\",\"@graph\":[{\"@type\":\"WebPage\",\"@id\":\"https:\\\/\\\/bulaoutdoor.nl\\\/product\\\/monolith-avantgarde-lechef\\\/\",\"url\":\"https:\\\/\\\/bulaoutdoor.nl\\\/product\\\/monolith-avantgarde-lechef\\\/\",\"name\":\"Monolith Avantgarde LeChef &#8211; Bula Outdoor\",\"isPartOf\":{\"@id\":\"https:\\\/\\\/bulaoutdoor.nl\\\/#website\"},\"primaryImageOfPage\":{\"@id\":\"https:\\\/\\\/bulaoutdoor.nl\\\/product\\\/monolith-avantgarde-lechef\\\/#primaryimage\"},\"image\":{\"@id\":\"https:\\\/\\\/bulaoutdoor.nl\\\/product\\\/monolith-avantgarde-lechef\\\/#primaryimage\"},\"thumbnailUrl\":\"https:\\\/\\\/bulaoutdoor.nl\\\/wp-content\\\/uploads\\\/2024\\\/01\\\/Avantgarde-Le-Chef-Bula-Outdoor.jpg\",\"datePublished\":\"2024-01-03T12:21:53+00:00\",\"dateModified\":\"2025-05-27T10:32:34+00:00\",\"description\":\"Dit is de Monolith Avantgarde LeChef, waar esthetiek, functionaliteit en duurzaamheid samenkomen voor de ultieme barbecue-ervaring!\",\"breadcrumb\":{\"@id\":\"https:\\\/\\\/bulaoutdoor.nl\\\/product\\\/monolith-avantgarde-lechef\\\/#breadcrumb\"},\"inLanguage\":\"fr-FR\",\"potentialAction\":[{\"@type\":\"ReadAction\",\"target\":[\"https:\\\/\\\/bulaoutdoor.nl\\\/product\\\/monolith-avantgarde-lechef\\\/\"]}]},{\"@type\":\"ImageObject\",\"inLanguage\":\"fr-FR\",\"@id\":\"https:\\\/\\\/bulaoutdoor.nl\\\/product\\\/monolith-avantgarde-lechef\\\/#primaryimage\",\"url\":\"https:\\\/\\\/bulaoutdoor.nl\\\/wp-content\\\/uploads\\\/2024\\\/01\\\/Avantgarde-Le-Chef-Bula-Outdoor.jpg\",\"contentUrl\":\"https:\\\/\\\/bulaoutdoor.nl\\\/wp-content\\\/uploads\\\/2024\\\/01\\\/Avantgarde-Le-Chef-Bula-Outdoor.jpg\",\"width\":900,\"height\":900,\"caption\":\"monolith avantgarde LeChef\"},{\"@type\":\"BreadcrumbList\",\"@id\":\"https:\\\/\\\/bulaoutdoor.nl\\\/product\\\/monolith-avantgarde-lechef\\\/#breadcrumb\",\"itemListElement\":[{\"@type\":\"ListItem\",\"position\":1,\"name\":\"Home\",\"item\":\"https:\\\/\\\/bulaoutdoor.nl\\\/\"},{\"@type\":\"ListItem\",\"position\":2,\"name\":\"Online BBQ kopen\",\"item\":\"https:\\\/\\\/bulaoutdoor.nl\\\/\"},{\"@type\":\"ListItem\",\"position\":3,\"name\":\"Monolith Avantgarde LeChef\"}]},{\"@type\":\"WebSite\",\"@id\":\"https:\\\/\\\/bulaoutdoor.nl\\\/#website\",\"url\":\"https:\\\/\\\/bulaoutdoor.nl\\\/\",\"name\":\"Bula Outdoor\",\"description\":\"Voor uw buitenhaard, BBQ, tuinfakkel en houtoven\",\"publisher\":{\"@id\":\"https:\\\/\\\/bulaoutdoor.nl\\\/#organization\"},\"potentialAction\":[{\"@type\":\"SearchAction\",\"target\":{\"@type\":\"EntryPoint\",\"urlTemplate\":\"https:\\\/\\\/bulaoutdoor.nl\\\/?s={search_term_string}\"},\"query-input\":{\"@type\":\"PropertyValueSpecification\",\"valueRequired\":true,\"valueName\":\"search_term_string\"}}],\"inLanguage\":\"fr-FR\"},{\"@type\":\"Organization\",\"@id\":\"https:\\\/\\\/bulaoutdoor.nl\\\/#organization\",\"name\":\"Bula Outdoor\",\"url\":\"https:\\\/\\\/bulaoutdoor.nl\\\/\",\"logo\":{\"@type\":\"ImageObject\",\"inLanguage\":\"fr-FR\",\"@id\":\"https:\\\/\\\/bulaoutdoor.nl\\\/#\\\/schema\\\/logo\\\/image\\\/\",\"url\":\"https:\\\/\\\/www.bulaoutdoor.nl\\\/wp-content\\\/uploads\\\/2018\\\/04\\\/bulaoutdoor-logo.png\",\"contentUrl\":\"https:\\\/\\\/www.bulaoutdoor.nl\\\/wp-content\\\/uploads\\\/2018\\\/04\\\/bulaoutdoor-logo.png\",\"width\":324,\"height\":91,\"caption\":\"Bula Outdoor\"},\"image\":{\"@id\":\"https:\\\/\\\/bulaoutdoor.nl\\\/#\\\/schema\\\/logo\\\/image\\\/\"}}]}<\/script>\n<!-- \/ Yoast SEO plugin. -->","yoast_head_json":{"title":"Monolith Avantgarde LeChef - Bula Outdoor","description":"Voici le Monolith Avantgarde LeChef, o\u00f9 l'esth\u00e9tique, la fonctionnalit\u00e9 et la durabilit\u00e9 sont r\u00e9unies pour une exp\u00e9rience de barbecue ultime !","robots":{"index":"index","follow":"follow","max-snippet":"max-snippet:-1","max-image-preview":"max-image-preview:large","max-video-preview":"max-video-preview:-1"},"canonical":"https:\/\/bulaoutdoor.nl\/fr\/produit\/monolithe-avantgarde-lechef\/","og_locale":"fr_FR","og_type":"article","og_title":"Monolith Avantgarde LeChef &#8211; Bula Outdoor","og_description":"Dit is de Monolith Avantgarde LeChef, waar esthetiek, functionaliteit en duurzaamheid samenkomen voor de ultieme barbecue-ervaring!","og_url":"https:\/\/bulaoutdoor.nl\/fr\/produit\/monolithe-avantgarde-lechef\/","og_site_name":"Bula Outdoor","article_modified_time":"2025-05-27T10:32:34+00:00","og_image":[{"width":900,"height":900,"url":"https:\/\/bulaoutdoor.nl\/wp-content\/uploads\/2024\/01\/Avantgarde-Le-Chef-Bula-Outdoor.jpg","type":"image\/jpeg"}],"twitter_card":"summary_large_image","twitter_misc":{"Dur\u00e9e de lecture estim\u00e9e":"3 minutes"},"schema":{"@context":"https:\/\/schema.org","@graph":[{"@type":"WebPage","@id":"https:\/\/bulaoutdoor.nl\/product\/monolith-avantgarde-lechef\/","url":"https:\/\/bulaoutdoor.nl\/product\/monolith-avantgarde-lechef\/","name":"Monolith Avantgarde LeChef - Bula Outdoor","isPartOf":{"@id":"https:\/\/bulaoutdoor.nl\/#website"},"primaryImageOfPage":{"@id":"https:\/\/bulaoutdoor.nl\/product\/monolith-avantgarde-lechef\/#primaryimage"},"image":{"@id":"https:\/\/bulaoutdoor.nl\/product\/monolith-avantgarde-lechef\/#primaryimage"},"thumbnailUrl":"https:\/\/bulaoutdoor.nl\/wp-content\/uploads\/2024\/01\/Avantgarde-Le-Chef-Bula-Outdoor.jpg","datePublished":"2024-01-03T12:21:53+00:00","dateModified":"2025-05-27T10:32:34+00:00","description":"Voici le Monolith Avantgarde LeChef, o\u00f9 l'esth\u00e9tique, la fonctionnalit\u00e9 et la durabilit\u00e9 sont r\u00e9unies pour une exp\u00e9rience de barbecue ultime !","breadcrumb":{"@id":"https:\/\/bulaoutdoor.nl\/product\/monolith-avantgarde-lechef\/#breadcrumb"},"inLanguage":"fr-FR","potentialAction":[{"@type":"ReadAction","target":["https:\/\/bulaoutdoor.nl\/product\/monolith-avantgarde-lechef\/"]}]},{"@type":"ImageObject","inLanguage":"fr-FR","@id":"https:\/\/bulaoutdoor.nl\/product\/monolith-avantgarde-lechef\/#primaryimage","url":"https:\/\/bulaoutdoor.nl\/wp-content\/uploads\/2024\/01\/Avantgarde-Le-Chef-Bula-Outdoor.jpg","contentUrl":"https:\/\/bulaoutdoor.nl\/wp-content\/uploads\/2024\/01\/Avantgarde-Le-Chef-Bula-Outdoor.jpg","width":900,"height":900,"caption":"monolith avantgarde LeChef"},{"@type":"BreadcrumbList","@id":"https:\/\/bulaoutdoor.nl\/product\/monolith-avantgarde-lechef\/#breadcrumb","itemListElement":[{"@type":"ListItem","position":1,"name":"Home","item":"https:\/\/bulaoutdoor.nl\/"},{"@type":"ListItem","position":2,"name":"Online BBQ kopen","item":"https:\/\/bulaoutdoor.nl\/"},{"@type":"ListItem","position":3,"name":"Monolith Avantgarde LeChef"}]},{"@type":"WebSite","@id":"https:\/\/bulaoutdoor.nl\/#website","url":"https:\/\/bulaoutdoor.nl\/","name":"Bula Outdoor","description":"Pour votre chemin\u00e9e ext\u00e9rieure, votre barbecue, votre torche de jardin et votre four \u00e0 bois","publisher":{"@id":"https:\/\/bulaoutdoor.nl\/#organization"},"potentialAction":[{"@type":"SearchAction","target":{"@type":"EntryPoint","urlTemplate":"https:\/\/bulaoutdoor.nl\/?s={search_term_string}"},"query-input":{"@type":"PropertyValueSpecification","valueRequired":true,"valueName":"search_term_string"}}],"inLanguage":"fr-FR"},{"@type":"Organization","@id":"https:\/\/bulaoutdoor.nl\/#organization","name":"Bula Outdoor","url":"https:\/\/bulaoutdoor.nl\/","logo":{"@type":"ImageObject","inLanguage":"fr-FR","@id":"https:\/\/bulaoutdoor.nl\/#\/schema\/logo\/image\/","url":"https:\/\/www.bulaoutdoor.nl\/wp-content\/uploads\/2018\/04\/bulaoutdoor-logo.png","contentUrl":"https:\/\/www.bulaoutdoor.nl\/wp-content\/uploads\/2018\/04\/bulaoutdoor-logo.png","width":324,"height":91,"caption":"Bula Outdoor"},"image":{"@id":"https:\/\/bulaoutdoor.nl\/#\/schema\/logo\/image\/"}}]}},"jetpack_sharing_enabled":true,"_links":{"self":[{"href":"https:\/\/bulaoutdoor.nl\/fr\/wp-json\/wp\/v2\/product\/37026","targetHints":{"allow":["GET"]}}],"collection":[{"href":"https:\/\/bulaoutdoor.nl\/fr\/wp-json\/wp\/v2\/product"}],"about":[{"href":"https:\/\/bulaoutdoor.nl\/fr\/wp-json\/wp\/v2\/types\/product"}],"replies":[{"embeddable":true,"href":"https:\/\/bulaoutdoor.nl\/fr\/wp-json\/wp\/v2\/comments?post=37026"}],"wp:featuredmedia":[{"embeddable":true,"href":"https:\/\/bulaoutdoor.nl\/fr\/wp-json\/wp\/v2\/media\/37030"}],"wp:attachment":[{"href":"https:\/\/bulaoutdoor.nl\/fr\/wp-json\/wp\/v2\/media?parent=37026"}],"wp:term":[{"taxonomy":"product_brand","embeddable":true,"href":"https:\/\/bulaoutdoor.nl\/fr\/wp-json\/wp\/v2\/product_brand?post=37026"},{"taxonomy":"product_cat","embeddable":true,"href":"https:\/\/bulaoutdoor.nl\/fr\/wp-json\/wp\/v2\/product_cat?post=37026"},{"taxonomy":"product_tag","embeddable":true,"href":"https:\/\/bulaoutdoor.nl\/fr\/wp-json\/wp\/v2\/product_tag?post=37026"}],"curies":[{"name":"wp","href":"https:\/\/api.w.org\/{rel}","templated":true}]}}