{"id":40514,"date":"2024-03-16T12:37:42","date_gmt":"2024-03-16T12:37:42","guid":{"rendered":"https:\/\/bulaoutdoor.nl\/?post_type=product&#038;p=40514"},"modified":"2024-09-23T10:52:31","modified_gmt":"2024-09-23T10:52:31","slug":"dammers-restaurant-charcoal-white-quebracho-15-kg","status":"publish","type":"product","link":"https:\/\/bulaoutdoor.nl\/fr\/product\/dammers-restaurant-houtskool-white-quebracho-15-kg\/","title":{"rendered":"Dammers Restaurant Charcoal White Quebracho 15 kg"},"content":{"rendered":"<h2>Fusain blanc Quebracho<\/h2>\n<p>Fabriqu\u00e9 \u00e0 partir du ch\u00eane vert, originaire d'Am\u00e9rique latine (Argentine\/Paraquay\/ Uruquay). Le Quebracho est un type de charbon de bois lourd avec un poids sp\u00e9cifique \u00e9lev\u00e9. Il est l\u00e9g\u00e8rement plus difficile \u00e0 allumer, mais il br\u00fble tr\u00e8s longtemps.  Il ne produit pas d'\u00e9claboussures ni d'\u00e9tincelles.<\/p>\n<p>De belles et grandes pi\u00e8ces. Sans aucun doute notre pr\u00e9f\u00e9r\u00e9.<\/p>\n<p>&nbsp;<\/p>","protected":false},"excerpt":{"rendered":"<p>Dammers Quebracho 15 kg de charbon de bois<\/p>","protected":false},"featured_media":40515,"comment_status":"open","ping_status":"closed","template":"","meta":{"_acf_changed":false},"product_brand":[],"product_cat":[27],"product_tag":[235,43,226,1357,1358],"class_list":{"0":"post-40514","1":"product","2":"type-product","3":"status-publish","4":"has-post-thumbnail","6":"product_cat-houtskool","7":"product_tag-15-kg","8":"product_tag-bbq","9":"product_tag-houtskool","10":"product_tag-quebracho","11":"product_tag-restaurant-houtskool","13":"first","14":"outofstock","15":"taxable","16":"shipping-taxable","17":"purchasable","18":"product-type-simple"},"acf":[],"yoast_head":"<!-- This site is optimized with the Yoast SEO plugin v27.5 - https:\/\/yoast.com\/product\/yoast-seo-wordpress\/ -->\n<title>Dammers Restaurant Houtskool White Quebracho 15 kg &#8211; Bula Outdoor<\/title>\n<meta name=\"description\" content=\"Dammers Quebracho 15 kg houtskool voor de kamado en open bbq. Brand lang en geeft een klein beetje smaak mee. Groten stukken gemaakt van steeneik.\" \/>\n<meta name=\"robots\" content=\"index, follow, max-snippet:-1, max-image-preview:large, max-video-preview:-1\" \/>\n<link rel=\"canonical\" href=\"https:\/\/bulaoutdoor.nl\/fr\/produit\/dammers-restaurant-charcoal-white-quebracho-15-kg\/\" \/>\n<meta property=\"og:locale\" content=\"fr_FR\" \/>\n<meta property=\"og:type\" content=\"article\" \/>\n<meta property=\"og:title\" content=\"Dammers Restaurant Houtskool White Quebracho 15 kg &#8211; Bula Outdoor\" \/>\n<meta property=\"og:description\" content=\"Dammers Quebracho 15 kg houtskool voor de kamado en open bbq. Brand lang en geeft een klein beetje smaak mee. Groten stukken gemaakt van steeneik.\" \/>\n<meta property=\"og:url\" content=\"https:\/\/bulaoutdoor.nl\/fr\/produit\/dammers-restaurant-charcoal-white-quebracho-15-kg\/\" \/>\n<meta property=\"og:site_name\" content=\"Bula Outdoor\" \/>\n<meta property=\"article:modified_time\" content=\"2024-09-23T10:52:31+00:00\" \/>\n<meta property=\"og:image\" content=\"https:\/\/bulaoutdoor.nl\/wp-content\/uploads\/2024\/03\/Scherm\u00adafbeelding-2024-03-16-om-13.34.15.png\" \/>\n\t<meta property=\"og:image:width\" content=\"910\" \/>\n\t<meta property=\"og:image:height\" content=\"910\" \/>\n\t<meta property=\"og:image:type\" content=\"image\/png\" \/>\n<meta name=\"twitter:card\" content=\"summary_large_image\" \/>\n<meta name=\"twitter:label1\" content=\"Dur\u00e9e de lecture estim\u00e9e\" \/>\n\t<meta name=\"twitter:data1\" content=\"1 minute\" \/>\n<script type=\"application\/ld+json\" class=\"yoast-schema-graph\">{\"@context\":\"https:\\\/\\\/schema.org\",\"@graph\":[{\"@type\":\"WebPage\",\"@id\":\"https:\\\/\\\/bulaoutdoor.nl\\\/product\\\/dammers-restaurant-houtskool-white-quebracho-15-kg\\\/\",\"url\":\"https:\\\/\\\/bulaoutdoor.nl\\\/product\\\/dammers-restaurant-houtskool-white-quebracho-15-kg\\\/\",\"name\":\"Dammers Restaurant Houtskool White Quebracho 15 kg &#8211; Bula Outdoor\",\"isPartOf\":{\"@id\":\"https:\\\/\\\/bulaoutdoor.nl\\\/#website\"},\"primaryImageOfPage\":{\"@id\":\"https:\\\/\\\/bulaoutdoor.nl\\\/product\\\/dammers-restaurant-houtskool-white-quebracho-15-kg\\\/#primaryimage\"},\"image\":{\"@id\":\"https:\\\/\\\/bulaoutdoor.nl\\\/product\\\/dammers-restaurant-houtskool-white-quebracho-15-kg\\\/#primaryimage\"},\"thumbnailUrl\":\"https:\\\/\\\/bulaoutdoor.nl\\\/wp-content\\\/uploads\\\/2024\\\/03\\\/Scherm\u00adafbeelding-2024-03-16-om-13.34.15.png\",\"datePublished\":\"2024-03-16T12:37:42+00:00\",\"dateModified\":\"2024-09-23T10:52:31+00:00\",\"description\":\"Dammers Quebracho 15 kg houtskool voor de kamado en open bbq. Brand lang en geeft een klein beetje smaak mee. Groten stukken gemaakt van steeneik.\",\"breadcrumb\":{\"@id\":\"https:\\\/\\\/bulaoutdoor.nl\\\/product\\\/dammers-restaurant-houtskool-white-quebracho-15-kg\\\/#breadcrumb\"},\"inLanguage\":\"fr-FR\",\"potentialAction\":[{\"@type\":\"ReadAction\",\"target\":[\"https:\\\/\\\/bulaoutdoor.nl\\\/product\\\/dammers-restaurant-houtskool-white-quebracho-15-kg\\\/\"]}]},{\"@type\":\"ImageObject\",\"inLanguage\":\"fr-FR\",\"@id\":\"https:\\\/\\\/bulaoutdoor.nl\\\/product\\\/dammers-restaurant-houtskool-white-quebracho-15-kg\\\/#primaryimage\",\"url\":\"https:\\\/\\\/bulaoutdoor.nl\\\/wp-content\\\/uploads\\\/2024\\\/03\\\/Scherm\u00adafbeelding-2024-03-16-om-13.34.15.png\",\"contentUrl\":\"https:\\\/\\\/bulaoutdoor.nl\\\/wp-content\\\/uploads\\\/2024\\\/03\\\/Scherm\u00adafbeelding-2024-03-16-om-13.34.15.png\",\"width\":910,\"height\":910,\"caption\":\"Dammers Quebracho 15 kg houtskool\"},{\"@type\":\"BreadcrumbList\",\"@id\":\"https:\\\/\\\/bulaoutdoor.nl\\\/product\\\/dammers-restaurant-houtskool-white-quebracho-15-kg\\\/#breadcrumb\",\"itemListElement\":[{\"@type\":\"ListItem\",\"position\":1,\"name\":\"Home\",\"item\":\"https:\\\/\\\/bulaoutdoor.nl\\\/\"},{\"@type\":\"ListItem\",\"position\":2,\"name\":\"Online BBQ kopen\",\"item\":\"https:\\\/\\\/bulaoutdoor.nl\\\/\"},{\"@type\":\"ListItem\",\"position\":3,\"name\":\"Dammers Restaurant Houtskool White Quebracho 15 kg\"}]},{\"@type\":\"WebSite\",\"@id\":\"https:\\\/\\\/bulaoutdoor.nl\\\/#website\",\"url\":\"https:\\\/\\\/bulaoutdoor.nl\\\/\",\"name\":\"Bula Outdoor\",\"description\":\"Voor uw buitenhaard, BBQ, tuinfakkel en houtoven\",\"publisher\":{\"@id\":\"https:\\\/\\\/bulaoutdoor.nl\\\/#organization\"},\"potentialAction\":[{\"@type\":\"SearchAction\",\"target\":{\"@type\":\"EntryPoint\",\"urlTemplate\":\"https:\\\/\\\/bulaoutdoor.nl\\\/?s={search_term_string}\"},\"query-input\":{\"@type\":\"PropertyValueSpecification\",\"valueRequired\":true,\"valueName\":\"search_term_string\"}}],\"inLanguage\":\"fr-FR\"},{\"@type\":\"Organization\",\"@id\":\"https:\\\/\\\/bulaoutdoor.nl\\\/#organization\",\"name\":\"Bula Outdoor\",\"url\":\"https:\\\/\\\/bulaoutdoor.nl\\\/\",\"logo\":{\"@type\":\"ImageObject\",\"inLanguage\":\"fr-FR\",\"@id\":\"https:\\\/\\\/bulaoutdoor.nl\\\/#\\\/schema\\\/logo\\\/image\\\/\",\"url\":\"https:\\\/\\\/www.bulaoutdoor.nl\\\/wp-content\\\/uploads\\\/2018\\\/04\\\/bulaoutdoor-logo.png\",\"contentUrl\":\"https:\\\/\\\/www.bulaoutdoor.nl\\\/wp-content\\\/uploads\\\/2018\\\/04\\\/bulaoutdoor-logo.png\",\"width\":324,\"height\":91,\"caption\":\"Bula Outdoor\"},\"image\":{\"@id\":\"https:\\\/\\\/bulaoutdoor.nl\\\/#\\\/schema\\\/logo\\\/image\\\/\"}}]}<\/script>\n<!-- \/ Yoast SEO plugin. -->","yoast_head_json":{"title":"Dammers Restaurant Charcoal White Quebracho 15 kg - Bula Outdoor","description":"Dammers Quebracho 15 kg de charbon de bois pour kamado et bbq ouvert. Br\u00fble longtemps et apporte un peu de saveur. Grandes pi\u00e8ces en ch\u00eane vert.","robots":{"index":"index","follow":"follow","max-snippet":"max-snippet:-1","max-image-preview":"max-image-preview:large","max-video-preview":"max-video-preview:-1"},"canonical":"https:\/\/bulaoutdoor.nl\/fr\/produit\/dammers-restaurant-charcoal-white-quebracho-15-kg\/","og_locale":"fr_FR","og_type":"article","og_title":"Dammers Restaurant Houtskool White Quebracho 15 kg &#8211; Bula Outdoor","og_description":"Dammers Quebracho 15 kg houtskool voor de kamado en open bbq. Brand lang en geeft een klein beetje smaak mee. Groten stukken gemaakt van steeneik.","og_url":"https:\/\/bulaoutdoor.nl\/fr\/produit\/dammers-restaurant-charcoal-white-quebracho-15-kg\/","og_site_name":"Bula Outdoor","article_modified_time":"2024-09-23T10:52:31+00:00","og_image":[{"width":910,"height":910,"url":"https:\/\/bulaoutdoor.nl\/wp-content\/uploads\/2024\/03\/Scherm\u00adafbeelding-2024-03-16-om-13.34.15.png","type":"image\/png"}],"twitter_card":"summary_large_image","twitter_misc":{"Dur\u00e9e de lecture estim\u00e9e":"1 minute"},"schema":{"@context":"https:\/\/schema.org","@graph":[{"@type":"WebPage","@id":"https:\/\/bulaoutdoor.nl\/product\/dammers-restaurant-houtskool-white-quebracho-15-kg\/","url":"https:\/\/bulaoutdoor.nl\/product\/dammers-restaurant-houtskool-white-quebracho-15-kg\/","name":"Dammers Restaurant Charcoal White Quebracho 15 kg - Bula Outdoor","isPartOf":{"@id":"https:\/\/bulaoutdoor.nl\/#website"},"primaryImageOfPage":{"@id":"https:\/\/bulaoutdoor.nl\/product\/dammers-restaurant-houtskool-white-quebracho-15-kg\/#primaryimage"},"image":{"@id":"https:\/\/bulaoutdoor.nl\/product\/dammers-restaurant-houtskool-white-quebracho-15-kg\/#primaryimage"},"thumbnailUrl":"https:\/\/bulaoutdoor.nl\/wp-content\/uploads\/2024\/03\/Scherm\u00adafbeelding-2024-03-16-om-13.34.15.png","datePublished":"2024-03-16T12:37:42+00:00","dateModified":"2024-09-23T10:52:31+00:00","description":"Dammers Quebracho 15 kg de charbon de bois pour kamado et bbq ouvert. Br\u00fble longtemps et apporte un peu de saveur. Grandes pi\u00e8ces en ch\u00eane vert.","breadcrumb":{"@id":"https:\/\/bulaoutdoor.nl\/product\/dammers-restaurant-houtskool-white-quebracho-15-kg\/#breadcrumb"},"inLanguage":"fr-FR","potentialAction":[{"@type":"ReadAction","target":["https:\/\/bulaoutdoor.nl\/product\/dammers-restaurant-houtskool-white-quebracho-15-kg\/"]}]},{"@type":"ImageObject","inLanguage":"fr-FR","@id":"https:\/\/bulaoutdoor.nl\/product\/dammers-restaurant-houtskool-white-quebracho-15-kg\/#primaryimage","url":"https:\/\/bulaoutdoor.nl\/wp-content\/uploads\/2024\/03\/Scherm\u00adafbeelding-2024-03-16-om-13.34.15.png","contentUrl":"https:\/\/bulaoutdoor.nl\/wp-content\/uploads\/2024\/03\/Scherm\u00adafbeelding-2024-03-16-om-13.34.15.png","width":910,"height":910,"caption":"Dammers Quebracho 15 kg houtskool"},{"@type":"BreadcrumbList","@id":"https:\/\/bulaoutdoor.nl\/product\/dammers-restaurant-houtskool-white-quebracho-15-kg\/#breadcrumb","itemListElement":[{"@type":"ListItem","position":1,"name":"Home","item":"https:\/\/bulaoutdoor.nl\/"},{"@type":"ListItem","position":2,"name":"Online BBQ kopen","item":"https:\/\/bulaoutdoor.nl\/"},{"@type":"ListItem","position":3,"name":"Dammers Restaurant Houtskool White Quebracho 15 kg"}]},{"@type":"WebSite","@id":"https:\/\/bulaoutdoor.nl\/#website","url":"https:\/\/bulaoutdoor.nl\/","name":"Bula Outdoor","description":"Pour votre chemin\u00e9e ext\u00e9rieure, votre barbecue, votre torche de jardin et votre four \u00e0 bois","publisher":{"@id":"https:\/\/bulaoutdoor.nl\/#organization"},"potentialAction":[{"@type":"SearchAction","target":{"@type":"EntryPoint","urlTemplate":"https:\/\/bulaoutdoor.nl\/?s={search_term_string}"},"query-input":{"@type":"PropertyValueSpecification","valueRequired":true,"valueName":"search_term_string"}}],"inLanguage":"fr-FR"},{"@type":"Organization","@id":"https:\/\/bulaoutdoor.nl\/#organization","name":"Bula Outdoor","url":"https:\/\/bulaoutdoor.nl\/","logo":{"@type":"ImageObject","inLanguage":"fr-FR","@id":"https:\/\/bulaoutdoor.nl\/#\/schema\/logo\/image\/","url":"https:\/\/www.bulaoutdoor.nl\/wp-content\/uploads\/2018\/04\/bulaoutdoor-logo.png","contentUrl":"https:\/\/www.bulaoutdoor.nl\/wp-content\/uploads\/2018\/04\/bulaoutdoor-logo.png","width":324,"height":91,"caption":"Bula Outdoor"},"image":{"@id":"https:\/\/bulaoutdoor.nl\/#\/schema\/logo\/image\/"}}]}},"jetpack_sharing_enabled":true,"_links":{"self":[{"href":"https:\/\/bulaoutdoor.nl\/fr\/wp-json\/wp\/v2\/product\/40514","targetHints":{"allow":["GET"]}}],"collection":[{"href":"https:\/\/bulaoutdoor.nl\/fr\/wp-json\/wp\/v2\/product"}],"about":[{"href":"https:\/\/bulaoutdoor.nl\/fr\/wp-json\/wp\/v2\/types\/product"}],"replies":[{"embeddable":true,"href":"https:\/\/bulaoutdoor.nl\/fr\/wp-json\/wp\/v2\/comments?post=40514"}],"wp:featuredmedia":[{"embeddable":true,"href":"https:\/\/bulaoutdoor.nl\/fr\/wp-json\/wp\/v2\/media\/40515"}],"wp:attachment":[{"href":"https:\/\/bulaoutdoor.nl\/fr\/wp-json\/wp\/v2\/media?parent=40514"}],"wp:term":[{"taxonomy":"product_brand","embeddable":true,"href":"https:\/\/bulaoutdoor.nl\/fr\/wp-json\/wp\/v2\/product_brand?post=40514"},{"taxonomy":"product_cat","embeddable":true,"href":"https:\/\/bulaoutdoor.nl\/fr\/wp-json\/wp\/v2\/product_cat?post=40514"},{"taxonomy":"product_tag","embeddable":true,"href":"https:\/\/bulaoutdoor.nl\/fr\/wp-json\/wp\/v2\/product_tag?post=40514"}],"curies":[{"name":"wp","href":"https:\/\/api.w.org\/{rel}","templated":true}]}}