{"id":4180,"date":"2019-09-09T11:27:04","date_gmt":"2019-09-09T11:27:04","guid":{"rendered":"https:\/\/www.bulaoutdoor.nl\/?post_type=product&#038;p=4180"},"modified":"2024-07-26T04:54:00","modified_gmt":"2024-07-26T04:54:00","slug":"alpha-one-italian-wood-oven","status":"publish","type":"product","link":"https:\/\/bulaoutdoor.nl\/fr\/product\/alfa-one-italiaanse-houtoven\/","title":{"rendered":"Alfa Forni Moderno 1 Bois"},"content":{"rendered":"<h2>Alfa Forni Moderno 1 Bois<\/h2>\n<p>Le four One \/ Nano a \u00e9t\u00e9 rebaptis\u00e9 Moderno 1. Ce four est id\u00e9al pour cuisiner \u00e0 la maison comme un pizza\u00efolo professionnel. Le four en pierre authentique chauffe rapidement et prend peu de place.<\/p>\n<p>Four \u00e0 pizza \u00e0 l'ext\u00e9rieur.<br \/>\nAlfa Forni Moderno 1 a \u00e9tabli un record : il est pr\u00eat \u00e0 cuire en 10 minutes avec une temp\u00e9rature de 400 degr\u00e9s, il cuit une pizza en 60 secondes et 45 pizzas \u00e0 l'heure, soit deux fois plus que ses concurrents.<\/p>\n<p>Les dimensions sont de 73x55x48 cm pour un poids de moins de 50 kg sans le plancher r\u00e9fractaire.<\/p>\n<p>Tout en mettant l'accent sur les hautes performances, les concepteurs d'Alfa n'ont pas h\u00e9sit\u00e9 \u00e0 cr\u00e9er un design frais et attrayant. Le four \u00e0 pizza Alfa Moderno 1 pr\u00e9sente des lignes douces avec un syst\u00e8me de double courbe que les concepteurs ont am\u00e9lior\u00e9 au fil des ans et qui distingue aujourd'hui Alfa de la concurrence.<\/p>\n<ul>\n<li>Couleurs : Rouge antique ou Gris Ardesia<\/li>\n<li>Nombre de pizzas : 1<\/li>\n<li>Quantit\u00e9 de pain : 1\/2 kg<\/li>\n<li>Combustible : bois ou gaz<\/li>\n<li>Nombre de personnes : 1 \u00e0 10<\/li>\n<li>Temp\u00e9rature maximale : 400\u00b0C (800\u00b0F)<\/li>\n<li>Surface au sol : 60 x 40 cm<\/li>\n<li>Dimensions ext\u00e9rieures : 73 x 55 x 48 cm<\/li>\n<li>Poids 50 kg<\/li>\n<li>Fabriqu\u00e9 en Italie<\/li>\n<\/ul>\n<p>&nbsp;<\/p>\n<p><iframe loading=\"lazy\" title=\"Four \u00e0 pizza Alfa Forni One \/ Nano pour le jardin ou la terrasse. Disponible comme four \u00e0 bois ou \u00e0 gaz.\" width=\"980\" height=\"551\" src=\"https:\/\/www.youtube.com\/embed\/gjU2hFoxmXE?feature=oembed&#038;enablejsapi=1&#038;origin=https:\/\/bulaoutdoor.nl\" frameborder=\"0\" allow=\"accelerometer; autoplay; clipboard-write; encrypted-media; gyroscope; picture-in-picture; web-share\" referrerpolicy=\"strict-origin-when-cross-origin\" allowfullscreen><\/iframe><\/p>\n<p><iframe loading=\"lazy\" src=\"https:\/\/player.vimeo.com\/video\/357814940?dnt=1&amp;app_id=122963\" width=\"980\" height=\"551\" frameborder=\"0\" allow=\"autoplay; fullscreen; picture-in-picture; clipboard-write\"><\/iframe><\/p>\n<h3>Het Financieele Dagblad (en anglais)<\/h3>\n<p>Pizzas maison<br \/>\nVotre propre pizzeria dans le jardin. Ou sur le toit-terrasse, car elle y trouve sa place.<\/p>\n<p>L'Alfa Moderno 1 de la soci\u00e9t\u00e9 italienne Alfa a la taille d'une grosse valise et p\u00e8se 50 kilos avec la sole r\u00e9fractaire. Ce four \u00e0 pizza \"portable\" peut rivaliser avec un four \u00e0 bois professionnel en termes de performances. En seulement dix minutes, il atteint une temp\u00e9rature de plus de 500 degr\u00e9s, suffisamment chaude pour cuire une pizza en 90 secondes ou - si toute la rue est concern\u00e9e par l'odeur - 45 pizzas en une heure. Qu'il fasse beau ou pas. Le nettoyage est \u00e9galement rapide. Cette temp\u00e9rature \u00e9lev\u00e9e permet de nettoyer l'appareil par pyrolyse (combustion des restes et des bact\u00e9ries). - Gerben Bijpost<br \/>\nPlus d'informations dans FD Personal, le magazine du week-end de Het Financieele Dagblad consacr\u00e9 aux personnes, \u00e0 la culture, au style de vie, aux voyages, \u00e0 la carri\u00e8re et aux finances personnelles.<\/p>\n<p>Bient\u00f4t, vous ferez cuire de d\u00e9licieux plats dans ce four \u00e0 bois sur une sole en pierre cuite traditionnelle ?<\/p>\n<p>Commandez l'Alfa Forni Moderno 1 directement aupr\u00e8s de Bula Outdoor, votre sp\u00e9cialiste en mati\u00e8re de fours \u00e0 pizza !<\/p>","protected":false},"excerpt":{"rendered":"<p>Four \u00e0 pizza Alfa Forni Moderno 1 pour les professionnels de la boulangerie \u00e0 domicile. Un v\u00e9ritable four \u00e0 pizza italien dans un format pratique !<\/p>\n<p>Livraison gratuite NL\/BE<\/p>","protected":false},"featured_media":41215,"comment_status":"open","ping_status":"closed","template":"","meta":{"_acf_changed":false},"product_brand":[],"product_cat":[1283],"product_tag":[195,289,1063,92,207,1263,1286,205,48,91,206],"class_list":{"0":"post-4180","1":"product","2":"type-product","3":"status-publish","4":"has-post-thumbnail","6":"product_cat-moderno-lijn","7":"product_tag-alfa-forni","8":"product_tag-gas","9":"product_tag-gasoven","10":"product_tag-houtoven","11":"product_tag-made-in-italy","12":"product_tag-moderno","13":"product_tag-moderno-1","14":"product_tag-one","15":"product_tag-oven","16":"product_tag-pizza","17":"product_tag-steenoven","19":"first","20":"outofstock","21":"taxable","22":"shipping-taxable","23":"purchasable","24":"product-type-variable"},"acf":[],"yoast_head":"<!-- This site is optimized with the Yoast SEO plugin v27.3 - https:\/\/yoast.com\/product\/yoast-seo-wordpress\/ -->\n<title>Alfa Forni Moderno 1 Hout &#8211; Bula Outdoor<\/title>\n<meta name=\"description\" content=\"Alfa One houtoven voor de professionele thuisbakker. Een autentieke Italiaanse steenoven in een handig formaat om heerlijke gerechten pizza&#039;s te bakken.\" \/>\n<meta name=\"robots\" content=\"index, follow, max-snippet:-1, max-image-preview:large, max-video-preview:-1\" \/>\n<link rel=\"canonical\" href=\"https:\/\/bulaoutdoor.nl\/fr\/produit\/alpha-one-italian-wood-oven\/\" \/>\n<meta property=\"og:locale\" content=\"fr_FR\" \/>\n<meta property=\"og:type\" content=\"article\" \/>\n<meta property=\"og:title\" content=\"Alfa Forni Moderno 1 Hout &#8211; Bula Outdoor\" \/>\n<meta property=\"og:description\" content=\"Alfa One houtoven voor de professionele thuisbakker. Een autentieke Italiaanse steenoven in een handig formaat om heerlijke gerechten pizza&#039;s te bakken.\" \/>\n<meta property=\"og:url\" content=\"https:\/\/bulaoutdoor.nl\/fr\/produit\/alpha-one-italian-wood-oven\/\" \/>\n<meta property=\"og:site_name\" content=\"Bula Outdoor\" \/>\n<meta property=\"article:modified_time\" content=\"2024-07-26T04:54:00+00:00\" \/>\n<meta property=\"og:image\" content=\"https:\/\/bulaoutdoor.nl\/wp-content\/uploads\/2019\/09\/moderno-1-pizza-wood-bula-outdoor-2.jpg\" \/>\n\t<meta property=\"og:image:width\" content=\"2500\" \/>\n\t<meta property=\"og:image:height\" content=\"1758\" \/>\n\t<meta property=\"og:image:type\" content=\"image\/jpeg\" \/>\n<meta name=\"twitter:card\" content=\"summary_large_image\" \/>\n<meta name=\"twitter:label1\" content=\"Dur\u00e9e de lecture estim\u00e9e\" \/>\n\t<meta name=\"twitter:data1\" content=\"3 minutes\" \/>\n<script type=\"application\/ld+json\" class=\"yoast-schema-graph\">{\"@context\":\"https:\\\/\\\/schema.org\",\"@graph\":[{\"@type\":\"WebPage\",\"@id\":\"https:\\\/\\\/bulaoutdoor.nl\\\/product\\\/alfa-one-italiaanse-houtoven\\\/\",\"url\":\"https:\\\/\\\/bulaoutdoor.nl\\\/product\\\/alfa-one-italiaanse-houtoven\\\/\",\"name\":\"Alfa Forni Moderno 1 Hout &#8211; Bula Outdoor\",\"isPartOf\":{\"@id\":\"https:\\\/\\\/bulaoutdoor.nl\\\/#website\"},\"primaryImageOfPage\":{\"@id\":\"https:\\\/\\\/bulaoutdoor.nl\\\/product\\\/alfa-one-italiaanse-houtoven\\\/#primaryimage\"},\"image\":{\"@id\":\"https:\\\/\\\/bulaoutdoor.nl\\\/product\\\/alfa-one-italiaanse-houtoven\\\/#primaryimage\"},\"thumbnailUrl\":\"https:\\\/\\\/bulaoutdoor.nl\\\/wp-content\\\/uploads\\\/2019\\\/09\\\/moderno-1-pizza-wood-bula-outdoor-2.jpg\",\"datePublished\":\"2019-09-09T11:27:04+00:00\",\"dateModified\":\"2024-07-26T04:54:00+00:00\",\"description\":\"Alfa One houtoven voor de professionele thuisbakker. Een autentieke Italiaanse steenoven in een handig formaat om heerlijke gerechten pizza's te bakken.\",\"breadcrumb\":{\"@id\":\"https:\\\/\\\/bulaoutdoor.nl\\\/product\\\/alfa-one-italiaanse-houtoven\\\/#breadcrumb\"},\"inLanguage\":\"fr-FR\",\"potentialAction\":[{\"@type\":\"ReadAction\",\"target\":[\"https:\\\/\\\/bulaoutdoor.nl\\\/product\\\/alfa-one-italiaanse-houtoven\\\/\"]}]},{\"@type\":\"ImageObject\",\"inLanguage\":\"fr-FR\",\"@id\":\"https:\\\/\\\/bulaoutdoor.nl\\\/product\\\/alfa-one-italiaanse-houtoven\\\/#primaryimage\",\"url\":\"https:\\\/\\\/bulaoutdoor.nl\\\/wp-content\\\/uploads\\\/2019\\\/09\\\/moderno-1-pizza-wood-bula-outdoor-2.jpg\",\"contentUrl\":\"https:\\\/\\\/bulaoutdoor.nl\\\/wp-content\\\/uploads\\\/2019\\\/09\\\/moderno-1-pizza-wood-bula-outdoor-2.jpg\",\"width\":2500,\"height\":1758,\"caption\":\"Alfa Forni Moderno 1\"},{\"@type\":\"BreadcrumbList\",\"@id\":\"https:\\\/\\\/bulaoutdoor.nl\\\/product\\\/alfa-one-italiaanse-houtoven\\\/#breadcrumb\",\"itemListElement\":[{\"@type\":\"ListItem\",\"position\":1,\"name\":\"Home\",\"item\":\"https:\\\/\\\/bulaoutdoor.nl\\\/\"},{\"@type\":\"ListItem\",\"position\":2,\"name\":\"Online BBQ kopen\",\"item\":\"https:\\\/\\\/bulaoutdoor.nl\\\/\"},{\"@type\":\"ListItem\",\"position\":3,\"name\":\"Alfa Forni Moderno 1 Hout\"}]},{\"@type\":\"WebSite\",\"@id\":\"https:\\\/\\\/bulaoutdoor.nl\\\/#website\",\"url\":\"https:\\\/\\\/bulaoutdoor.nl\\\/\",\"name\":\"Bula Outdoor\",\"description\":\"Voor uw buitenhaard, BBQ, tuinfakkel en houtoven\",\"publisher\":{\"@id\":\"https:\\\/\\\/bulaoutdoor.nl\\\/#organization\"},\"potentialAction\":[{\"@type\":\"SearchAction\",\"target\":{\"@type\":\"EntryPoint\",\"urlTemplate\":\"https:\\\/\\\/bulaoutdoor.nl\\\/?s={search_term_string}\"},\"query-input\":{\"@type\":\"PropertyValueSpecification\",\"valueRequired\":true,\"valueName\":\"search_term_string\"}}],\"inLanguage\":\"fr-FR\"},{\"@type\":\"Organization\",\"@id\":\"https:\\\/\\\/bulaoutdoor.nl\\\/#organization\",\"name\":\"Bula Outdoor\",\"url\":\"https:\\\/\\\/bulaoutdoor.nl\\\/\",\"logo\":{\"@type\":\"ImageObject\",\"inLanguage\":\"fr-FR\",\"@id\":\"https:\\\/\\\/bulaoutdoor.nl\\\/#\\\/schema\\\/logo\\\/image\\\/\",\"url\":\"https:\\\/\\\/www.bulaoutdoor.nl\\\/wp-content\\\/uploads\\\/2018\\\/04\\\/bulaoutdoor-logo.png\",\"contentUrl\":\"https:\\\/\\\/www.bulaoutdoor.nl\\\/wp-content\\\/uploads\\\/2018\\\/04\\\/bulaoutdoor-logo.png\",\"width\":324,\"height\":91,\"caption\":\"Bula Outdoor\"},\"image\":{\"@id\":\"https:\\\/\\\/bulaoutdoor.nl\\\/#\\\/schema\\\/logo\\\/image\\\/\"}}]}<\/script>\n<!-- \/ Yoast SEO plugin. -->","yoast_head_json":{"title":"Alfa Forni Moderno 1 Bois - Bula Outdoor","description":"Four \u00e0 bois Alfa One pour les professionnels de la boulangerie \u00e0 domicile. Un authentique four italien en pierre dans un format pratique pour cuire de d\u00e9licieuses pizzas.","robots":{"index":"index","follow":"follow","max-snippet":"max-snippet:-1","max-image-preview":"max-image-preview:large","max-video-preview":"max-video-preview:-1"},"canonical":"https:\/\/bulaoutdoor.nl\/fr\/produit\/alpha-one-italian-wood-oven\/","og_locale":"fr_FR","og_type":"article","og_title":"Alfa Forni Moderno 1 Hout &#8211; Bula Outdoor","og_description":"Alfa One houtoven voor de professionele thuisbakker. Een autentieke Italiaanse steenoven in een handig formaat om heerlijke gerechten pizza's te bakken.","og_url":"https:\/\/bulaoutdoor.nl\/fr\/produit\/alpha-one-italian-wood-oven\/","og_site_name":"Bula Outdoor","article_modified_time":"2024-07-26T04:54:00+00:00","og_image":[{"width":2500,"height":1758,"url":"https:\/\/bulaoutdoor.nl\/wp-content\/uploads\/2019\/09\/moderno-1-pizza-wood-bula-outdoor-2.jpg","type":"image\/jpeg"}],"twitter_card":"summary_large_image","twitter_misc":{"Dur\u00e9e de lecture estim\u00e9e":"3 minutes"},"schema":{"@context":"https:\/\/schema.org","@graph":[{"@type":"WebPage","@id":"https:\/\/bulaoutdoor.nl\/product\/alfa-one-italiaanse-houtoven\/","url":"https:\/\/bulaoutdoor.nl\/product\/alfa-one-italiaanse-houtoven\/","name":"Alfa Forni Moderno 1 Bois - Bula Outdoor","isPartOf":{"@id":"https:\/\/bulaoutdoor.nl\/#website"},"primaryImageOfPage":{"@id":"https:\/\/bulaoutdoor.nl\/product\/alfa-one-italiaanse-houtoven\/#primaryimage"},"image":{"@id":"https:\/\/bulaoutdoor.nl\/product\/alfa-one-italiaanse-houtoven\/#primaryimage"},"thumbnailUrl":"https:\/\/bulaoutdoor.nl\/wp-content\/uploads\/2019\/09\/moderno-1-pizza-wood-bula-outdoor-2.jpg","datePublished":"2019-09-09T11:27:04+00:00","dateModified":"2024-07-26T04:54:00+00:00","description":"Four \u00e0 bois Alfa One pour les professionnels de la boulangerie \u00e0 domicile. Un authentique four italien en pierre dans un format pratique pour cuire de d\u00e9licieuses pizzas.","breadcrumb":{"@id":"https:\/\/bulaoutdoor.nl\/product\/alfa-one-italiaanse-houtoven\/#breadcrumb"},"inLanguage":"fr-FR","potentialAction":[{"@type":"ReadAction","target":["https:\/\/bulaoutdoor.nl\/product\/alfa-one-italiaanse-houtoven\/"]}]},{"@type":"ImageObject","inLanguage":"fr-FR","@id":"https:\/\/bulaoutdoor.nl\/product\/alfa-one-italiaanse-houtoven\/#primaryimage","url":"https:\/\/bulaoutdoor.nl\/wp-content\/uploads\/2019\/09\/moderno-1-pizza-wood-bula-outdoor-2.jpg","contentUrl":"https:\/\/bulaoutdoor.nl\/wp-content\/uploads\/2019\/09\/moderno-1-pizza-wood-bula-outdoor-2.jpg","width":2500,"height":1758,"caption":"Alfa Forni Moderno 1"},{"@type":"BreadcrumbList","@id":"https:\/\/bulaoutdoor.nl\/product\/alfa-one-italiaanse-houtoven\/#breadcrumb","itemListElement":[{"@type":"ListItem","position":1,"name":"Home","item":"https:\/\/bulaoutdoor.nl\/"},{"@type":"ListItem","position":2,"name":"Online BBQ kopen","item":"https:\/\/bulaoutdoor.nl\/"},{"@type":"ListItem","position":3,"name":"Alfa Forni Moderno 1 Hout"}]},{"@type":"WebSite","@id":"https:\/\/bulaoutdoor.nl\/#website","url":"https:\/\/bulaoutdoor.nl\/","name":"Bula Outdoor","description":"Pour votre chemin\u00e9e ext\u00e9rieure, votre barbecue, votre torche de jardin et votre four \u00e0 bois","publisher":{"@id":"https:\/\/bulaoutdoor.nl\/#organization"},"potentialAction":[{"@type":"SearchAction","target":{"@type":"EntryPoint","urlTemplate":"https:\/\/bulaoutdoor.nl\/?s={search_term_string}"},"query-input":{"@type":"PropertyValueSpecification","valueRequired":true,"valueName":"search_term_string"}}],"inLanguage":"fr-FR"},{"@type":"Organization","@id":"https:\/\/bulaoutdoor.nl\/#organization","name":"Bula Outdoor","url":"https:\/\/bulaoutdoor.nl\/","logo":{"@type":"ImageObject","inLanguage":"fr-FR","@id":"https:\/\/bulaoutdoor.nl\/#\/schema\/logo\/image\/","url":"https:\/\/www.bulaoutdoor.nl\/wp-content\/uploads\/2018\/04\/bulaoutdoor-logo.png","contentUrl":"https:\/\/www.bulaoutdoor.nl\/wp-content\/uploads\/2018\/04\/bulaoutdoor-logo.png","width":324,"height":91,"caption":"Bula Outdoor"},"image":{"@id":"https:\/\/bulaoutdoor.nl\/#\/schema\/logo\/image\/"}}]}},"jetpack_sharing_enabled":true,"_links":{"self":[{"href":"https:\/\/bulaoutdoor.nl\/fr\/wp-json\/wp\/v2\/product\/4180","targetHints":{"allow":["GET"]}}],"collection":[{"href":"https:\/\/bulaoutdoor.nl\/fr\/wp-json\/wp\/v2\/product"}],"about":[{"href":"https:\/\/bulaoutdoor.nl\/fr\/wp-json\/wp\/v2\/types\/product"}],"replies":[{"embeddable":true,"href":"https:\/\/bulaoutdoor.nl\/fr\/wp-json\/wp\/v2\/comments?post=4180"}],"wp:featuredmedia":[{"embeddable":true,"href":"https:\/\/bulaoutdoor.nl\/fr\/wp-json\/wp\/v2\/media\/41215"}],"wp:attachment":[{"href":"https:\/\/bulaoutdoor.nl\/fr\/wp-json\/wp\/v2\/media?parent=4180"}],"wp:term":[{"taxonomy":"product_brand","embeddable":true,"href":"https:\/\/bulaoutdoor.nl\/fr\/wp-json\/wp\/v2\/product_brand?post=4180"},{"taxonomy":"product_cat","embeddable":true,"href":"https:\/\/bulaoutdoor.nl\/fr\/wp-json\/wp\/v2\/product_cat?post=4180"},{"taxonomy":"product_tag","embeddable":true,"href":"https:\/\/bulaoutdoor.nl\/fr\/wp-json\/wp\/v2\/product_tag?post=4180"}],"curies":[{"name":"wp","href":"https:\/\/api.w.org\/{rel}","templated":true}]}}