{"id":44971,"date":"2024-06-20T07:46:00","date_gmt":"2024-06-20T07:46:00","guid":{"rendered":"https:\/\/bulaoutdoor.nl\/?post_type=product&#038;p=44971"},"modified":"2025-11-17T16:04:37","modified_gmt":"2025-11-17T16:04:37","slug":"primo-oval-xxl-500-bbq-grill-et-smoker","status":"publish","type":"product","link":"https:\/\/bulaoutdoor.nl\/fr\/product\/primo-oval-xxl-500-bbq-grill-en-smoker\/","title":{"rendered":"Primo Oval XXL 500 BBQ Grill et Smoker"},"content":{"rendered":"<p>Le plus grand barbecue Primo \u00e0 ce jour convient aux grands groupes de personnes, aux f\u00eates ou au secteur de la restauration. Cet appareil polyvalent permet de pr\u00e9parer de d\u00e9licieux plats \u00e0 grande \u00e9chelle. 10 poulets \u00e0 la fois ne posent aucun probl\u00e8me \u00e0 ce barbecue. Savourez ensemble un d\u00e9licieux barbecue ! Tous les avantages familiers de Primo \u00e0 une \u00e9chelle encore plus grande.<\/p>\n<h3>Sp\u00e9cifications et caract\u00e9ristiques d'un Prima Oval XXL 500<\/h3>\n<ul>\n<li>Poids : 128 kg<\/li>\n<li>Surface de cuisson : 3225cm\u00b2.<\/li>\n<li>Syst\u00e8me d'\u00e9tag\u00e8res en option : 2258cm\u00b2.<\/li>\n<li>Surface totale de cuisson : 5483 cm\u00b2.<\/li>\n<li>Grille de cuisson : 38 cm x 56 cm<\/li>\n<li>Plage de temp\u00e9rature : 66\u00b0C-454\u00b0C<\/li>\n<\/ul>\n<p>Caract\u00e9ristiques :<\/p>\n<ul>\n<li>Conception ovale brevet\u00e9e \u00e0 l'\u00e9chelle mondiale<\/li>\n<li>C\u00e9ramique de la meilleure qualit\u00e9<\/li>\n<li>Grilles de cuisson r\u00e9versibles<\/li>\n<li>Syst\u00e8me d'\u00e9tag\u00e8res et accessoires en option<\/li>\n<li>Cuisson directe et indirecte avec deux zones<\/li>\n<\/ul>\n<p><img loading=\"lazy\" decoding=\"async\" class=\"alignnone size-full wp-image-1828\" src=\"https:\/\/bulaoutdoor.nl\/wp-content\/uploads\/2019\/04\/bula_outdoor_primo_grill.gif\" alt=\"\" width=\"300\" height=\"337\" \/><\/p>\n<p>Le plus grand barbecue Primo \u00e0 ce jour offre une surface de bbq impressionnante ! Cela signifie que dans la pratique :<\/p>\n<p>-10 poulets entiers<br \/>\n-3 dindes enti\u00e8res<br \/>\n-16 steaks<br \/>\n-28 civils<br \/>\n-12 c\u00f4tes de porc<br \/>\n-18 \u00e9pis de ma\u00efs<br \/>\n- 1 cochon de lait<br \/>\n- 3 saumons de 11 kg<\/p>\n<p>Commandez le Primo Oval XXL 500 directement aupr\u00e8s de Bulaoutdoor.co.uk, <a href=\"https:\/\/bulaoutdoor.nl\/fr\/categorie-de-produits\/bbq\/\">votre sp\u00e9cialiste du barbecue !<\/a><\/p>\n<p>\u00c9galement int\u00e9ressant :<\/p>\n<p><a href=\"https:\/\/bulaoutdoor.nl\/fr\/produit\/oval-xl-400-ceramic-bbq-grill-and-smoker\/\">Primo Oval XL BBQ<\/a>\u00a0|\u00a0<a href=\"https:\/\/bulaoutdoor.nl\/fr\/categorie-de-produits\/bbq\/gril-et-fumoir-primo-2\/\">Primo Grill Kamado<\/a>\u00a0|\u00a0<a href=\"https:\/\/bulaoutdoor.nl\/fr\/produit\/beefeater-discovery-1100e-serie-encastrable-4-bruleurs\/\">Beefeater Discovery BBQ<\/a><\/p>","protected":false},"excerpt":{"rendered":"<p>Le plus grand Primo BBQ jamais organis\u00e9 !<\/p>","protected":false},"featured_media":44972,"comment_status":"open","ping_status":"closed","template":"","meta":{"_acf_changed":false},"product_brand":[],"product_cat":[389],"product_tag":[1019,1041],"class_list":{"0":"post-44971","1":"product","2":"type-product","3":"status-publish","4":"has-post-thumbnail","6":"product_cat-primo-barbecues","7":"product_tag-grote-bbq","8":"product_tag-grote-kamado","10":"first","11":"onbackorder","12":"sale","13":"taxable","14":"shipping-taxable","15":"purchasable","16":"product-type-simple"},"acf":[],"yoast_head":"<!-- This site is optimized with the Yoast SEO plugin v27.6 - https:\/\/yoast.com\/product\/yoast-seo-wordpress\/ -->\n<title>Primo Oval XXL 500 BBQ Grill en Smoker &#8211; Bula Outdoor<\/title>\n<meta name=\"robots\" content=\"index, follow, max-snippet:-1, max-image-preview:large, max-video-preview:-1\" \/>\n<link rel=\"canonical\" href=\"https:\/\/bulaoutdoor.nl\/fr\/produit\/primo-oval-xxl-500-bbq-grill-et-smoker\/\" \/>\n<meta property=\"og:locale\" content=\"fr_FR\" \/>\n<meta property=\"og:type\" content=\"article\" \/>\n<meta property=\"og:title\" content=\"Primo Oval XXL 500 BBQ Grill en Smoker &#8211; Bula Outdoor\" \/>\n<meta property=\"og:description\" content=\"De grootste Primo BBQ tot nu toe!\" \/>\n<meta property=\"og:url\" content=\"https:\/\/bulaoutdoor.nl\/fr\/produit\/primo-oval-xxl-500-bbq-grill-et-smoker\/\" \/>\n<meta property=\"og:site_name\" content=\"Bula Outdoor\" \/>\n<meta property=\"article:modified_time\" content=\"2025-11-17T16:04:37+00:00\" \/>\n<meta property=\"og:image\" content=\"https:\/\/bulaoutdoor.nl\/wp-content\/uploads\/2024\/06\/xxl-500-primo-oval-bula-outdoor.jpg\" \/>\n\t<meta property=\"og:image:width\" content=\"403\" \/>\n\t<meta property=\"og:image:height\" content=\"435\" \/>\n\t<meta property=\"og:image:type\" content=\"image\/jpeg\" \/>\n<meta name=\"twitter:card\" content=\"summary_large_image\" \/>\n<meta name=\"twitter:label1\" content=\"Dur\u00e9e de lecture estim\u00e9e\" \/>\n\t<meta name=\"twitter:data1\" content=\"2 minutes\" \/>\n<script type=\"application\/ld+json\" class=\"yoast-schema-graph\">{\"@context\":\"https:\\\/\\\/schema.org\",\"@graph\":[{\"@type\":\"WebPage\",\"@id\":\"https:\\\/\\\/bulaoutdoor.nl\\\/product\\\/primo-oval-xxl-500-bbq-grill-en-smoker\\\/\",\"url\":\"https:\\\/\\\/bulaoutdoor.nl\\\/product\\\/primo-oval-xxl-500-bbq-grill-en-smoker\\\/\",\"name\":\"Primo Oval XXL 500 BBQ Grill en Smoker &#8211; Bula Outdoor\",\"isPartOf\":{\"@id\":\"https:\\\/\\\/bulaoutdoor.nl\\\/#website\"},\"primaryImageOfPage\":{\"@id\":\"https:\\\/\\\/bulaoutdoor.nl\\\/product\\\/primo-oval-xxl-500-bbq-grill-en-smoker\\\/#primaryimage\"},\"image\":{\"@id\":\"https:\\\/\\\/bulaoutdoor.nl\\\/product\\\/primo-oval-xxl-500-bbq-grill-en-smoker\\\/#primaryimage\"},\"thumbnailUrl\":\"https:\\\/\\\/bulaoutdoor.nl\\\/wp-content\\\/uploads\\\/2024\\\/06\\\/xxl-500-primo-oval-bula-outdoor.jpg\",\"datePublished\":\"2024-06-20T07:46:00+00:00\",\"dateModified\":\"2025-11-17T16:04:37+00:00\",\"breadcrumb\":{\"@id\":\"https:\\\/\\\/bulaoutdoor.nl\\\/product\\\/primo-oval-xxl-500-bbq-grill-en-smoker\\\/#breadcrumb\"},\"inLanguage\":\"fr-FR\",\"potentialAction\":[{\"@type\":\"ReadAction\",\"target\":[\"https:\\\/\\\/bulaoutdoor.nl\\\/product\\\/primo-oval-xxl-500-bbq-grill-en-smoker\\\/\"]}]},{\"@type\":\"ImageObject\",\"inLanguage\":\"fr-FR\",\"@id\":\"https:\\\/\\\/bulaoutdoor.nl\\\/product\\\/primo-oval-xxl-500-bbq-grill-en-smoker\\\/#primaryimage\",\"url\":\"https:\\\/\\\/bulaoutdoor.nl\\\/wp-content\\\/uploads\\\/2024\\\/06\\\/xxl-500-primo-oval-bula-outdoor.jpg\",\"contentUrl\":\"https:\\\/\\\/bulaoutdoor.nl\\\/wp-content\\\/uploads\\\/2024\\\/06\\\/xxl-500-primo-oval-bula-outdoor.jpg\",\"width\":403,\"height\":435},{\"@type\":\"BreadcrumbList\",\"@id\":\"https:\\\/\\\/bulaoutdoor.nl\\\/product\\\/primo-oval-xxl-500-bbq-grill-en-smoker\\\/#breadcrumb\",\"itemListElement\":[{\"@type\":\"ListItem\",\"position\":1,\"name\":\"Home\",\"item\":\"https:\\\/\\\/bulaoutdoor.nl\\\/\"},{\"@type\":\"ListItem\",\"position\":2,\"name\":\"Online BBQ kopen\",\"item\":\"https:\\\/\\\/bulaoutdoor.nl\\\/\"},{\"@type\":\"ListItem\",\"position\":3,\"name\":\"Primo Oval XXL 500 BBQ Grill en Smoker\"}]},{\"@type\":\"WebSite\",\"@id\":\"https:\\\/\\\/bulaoutdoor.nl\\\/#website\",\"url\":\"https:\\\/\\\/bulaoutdoor.nl\\\/\",\"name\":\"Bula Outdoor\",\"description\":\"Voor uw buitenhaard, BBQ, tuinfakkel en houtoven\",\"publisher\":{\"@id\":\"https:\\\/\\\/bulaoutdoor.nl\\\/#organization\"},\"potentialAction\":[{\"@type\":\"SearchAction\",\"target\":{\"@type\":\"EntryPoint\",\"urlTemplate\":\"https:\\\/\\\/bulaoutdoor.nl\\\/?s={search_term_string}\"},\"query-input\":{\"@type\":\"PropertyValueSpecification\",\"valueRequired\":true,\"valueName\":\"search_term_string\"}}],\"inLanguage\":\"fr-FR\"},{\"@type\":\"Organization\",\"@id\":\"https:\\\/\\\/bulaoutdoor.nl\\\/#organization\",\"name\":\"Bula Outdoor\",\"url\":\"https:\\\/\\\/bulaoutdoor.nl\\\/\",\"logo\":{\"@type\":\"ImageObject\",\"inLanguage\":\"fr-FR\",\"@id\":\"https:\\\/\\\/bulaoutdoor.nl\\\/#\\\/schema\\\/logo\\\/image\\\/\",\"url\":\"https:\\\/\\\/www.bulaoutdoor.nl\\\/wp-content\\\/uploads\\\/2018\\\/04\\\/bulaoutdoor-logo.png\",\"contentUrl\":\"https:\\\/\\\/www.bulaoutdoor.nl\\\/wp-content\\\/uploads\\\/2018\\\/04\\\/bulaoutdoor-logo.png\",\"width\":324,\"height\":91,\"caption\":\"Bula Outdoor\"},\"image\":{\"@id\":\"https:\\\/\\\/bulaoutdoor.nl\\\/#\\\/schema\\\/logo\\\/image\\\/\"}}]}<\/script>\n<!-- \/ Yoast SEO plugin. -->","yoast_head_json":{"title":"Primo Oval XXL 500 BBQ Grill et Smoker - Bula Outdoor","robots":{"index":"index","follow":"follow","max-snippet":"max-snippet:-1","max-image-preview":"max-image-preview:large","max-video-preview":"max-video-preview:-1"},"canonical":"https:\/\/bulaoutdoor.nl\/fr\/produit\/primo-oval-xxl-500-bbq-grill-et-smoker\/","og_locale":"fr_FR","og_type":"article","og_title":"Primo Oval XXL 500 BBQ Grill en Smoker &#8211; Bula Outdoor","og_description":"De grootste Primo BBQ tot nu toe!","og_url":"https:\/\/bulaoutdoor.nl\/fr\/produit\/primo-oval-xxl-500-bbq-grill-et-smoker\/","og_site_name":"Bula Outdoor","article_modified_time":"2025-11-17T16:04:37+00:00","og_image":[{"width":403,"height":435,"url":"https:\/\/bulaoutdoor.nl\/wp-content\/uploads\/2024\/06\/xxl-500-primo-oval-bula-outdoor.jpg","type":"image\/jpeg"}],"twitter_card":"summary_large_image","twitter_misc":{"Dur\u00e9e de lecture estim\u00e9e":"2 minutes"},"schema":{"@context":"https:\/\/schema.org","@graph":[{"@type":"WebPage","@id":"https:\/\/bulaoutdoor.nl\/product\/primo-oval-xxl-500-bbq-grill-en-smoker\/","url":"https:\/\/bulaoutdoor.nl\/product\/primo-oval-xxl-500-bbq-grill-en-smoker\/","name":"Primo Oval XXL 500 BBQ Grill et Smoker - Bula Outdoor","isPartOf":{"@id":"https:\/\/bulaoutdoor.nl\/#website"},"primaryImageOfPage":{"@id":"https:\/\/bulaoutdoor.nl\/product\/primo-oval-xxl-500-bbq-grill-en-smoker\/#primaryimage"},"image":{"@id":"https:\/\/bulaoutdoor.nl\/product\/primo-oval-xxl-500-bbq-grill-en-smoker\/#primaryimage"},"thumbnailUrl":"https:\/\/bulaoutdoor.nl\/wp-content\/uploads\/2024\/06\/xxl-500-primo-oval-bula-outdoor.jpg","datePublished":"2024-06-20T07:46:00+00:00","dateModified":"2025-11-17T16:04:37+00:00","breadcrumb":{"@id":"https:\/\/bulaoutdoor.nl\/product\/primo-oval-xxl-500-bbq-grill-en-smoker\/#breadcrumb"},"inLanguage":"fr-FR","potentialAction":[{"@type":"ReadAction","target":["https:\/\/bulaoutdoor.nl\/product\/primo-oval-xxl-500-bbq-grill-en-smoker\/"]}]},{"@type":"ImageObject","inLanguage":"fr-FR","@id":"https:\/\/bulaoutdoor.nl\/product\/primo-oval-xxl-500-bbq-grill-en-smoker\/#primaryimage","url":"https:\/\/bulaoutdoor.nl\/wp-content\/uploads\/2024\/06\/xxl-500-primo-oval-bula-outdoor.jpg","contentUrl":"https:\/\/bulaoutdoor.nl\/wp-content\/uploads\/2024\/06\/xxl-500-primo-oval-bula-outdoor.jpg","width":403,"height":435},{"@type":"BreadcrumbList","@id":"https:\/\/bulaoutdoor.nl\/product\/primo-oval-xxl-500-bbq-grill-en-smoker\/#breadcrumb","itemListElement":[{"@type":"ListItem","position":1,"name":"Home","item":"https:\/\/bulaoutdoor.nl\/"},{"@type":"ListItem","position":2,"name":"Online BBQ kopen","item":"https:\/\/bulaoutdoor.nl\/"},{"@type":"ListItem","position":3,"name":"Primo Oval XXL 500 BBQ Grill en Smoker"}]},{"@type":"WebSite","@id":"https:\/\/bulaoutdoor.nl\/#website","url":"https:\/\/bulaoutdoor.nl\/","name":"Bula Outdoor","description":"Pour votre chemin\u00e9e ext\u00e9rieure, votre barbecue, votre torche de jardin et votre four \u00e0 bois","publisher":{"@id":"https:\/\/bulaoutdoor.nl\/#organization"},"potentialAction":[{"@type":"SearchAction","target":{"@type":"EntryPoint","urlTemplate":"https:\/\/bulaoutdoor.nl\/?s={search_term_string}"},"query-input":{"@type":"PropertyValueSpecification","valueRequired":true,"valueName":"search_term_string"}}],"inLanguage":"fr-FR"},{"@type":"Organization","@id":"https:\/\/bulaoutdoor.nl\/#organization","name":"Bula Outdoor","url":"https:\/\/bulaoutdoor.nl\/","logo":{"@type":"ImageObject","inLanguage":"fr-FR","@id":"https:\/\/bulaoutdoor.nl\/#\/schema\/logo\/image\/","url":"https:\/\/www.bulaoutdoor.nl\/wp-content\/uploads\/2018\/04\/bulaoutdoor-logo.png","contentUrl":"https:\/\/www.bulaoutdoor.nl\/wp-content\/uploads\/2018\/04\/bulaoutdoor-logo.png","width":324,"height":91,"caption":"Bula Outdoor"},"image":{"@id":"https:\/\/bulaoutdoor.nl\/#\/schema\/logo\/image\/"}}]}},"jetpack_sharing_enabled":true,"_links":{"self":[{"href":"https:\/\/bulaoutdoor.nl\/fr\/wp-json\/wp\/v2\/product\/44971","targetHints":{"allow":["GET"]}}],"collection":[{"href":"https:\/\/bulaoutdoor.nl\/fr\/wp-json\/wp\/v2\/product"}],"about":[{"href":"https:\/\/bulaoutdoor.nl\/fr\/wp-json\/wp\/v2\/types\/product"}],"replies":[{"embeddable":true,"href":"https:\/\/bulaoutdoor.nl\/fr\/wp-json\/wp\/v2\/comments?post=44971"}],"wp:featuredmedia":[{"embeddable":true,"href":"https:\/\/bulaoutdoor.nl\/fr\/wp-json\/wp\/v2\/media\/44972"}],"wp:attachment":[{"href":"https:\/\/bulaoutdoor.nl\/fr\/wp-json\/wp\/v2\/media?parent=44971"}],"wp:term":[{"taxonomy":"product_brand","embeddable":true,"href":"https:\/\/bulaoutdoor.nl\/fr\/wp-json\/wp\/v2\/product_brand?post=44971"},{"taxonomy":"product_cat","embeddable":true,"href":"https:\/\/bulaoutdoor.nl\/fr\/wp-json\/wp\/v2\/product_cat?post=44971"},{"taxonomy":"product_tag","embeddable":true,"href":"https:\/\/bulaoutdoor.nl\/fr\/wp-json\/wp\/v2\/product_tag?post=44971"}],"curies":[{"name":"wp","href":"https:\/\/api.w.org\/{rel}","templated":true}]}}