{"id":44973,"date":"2024-06-27T11:36:11","date_gmt":"2024-06-27T11:36:11","guid":{"rendered":"https:\/\/bulaoutdoor.nl\/?post_type=product&#038;p=44973"},"modified":"2024-06-27T11:36:12","modified_gmt":"2024-06-27T11:36:12","slug":"plaque-de-distribution-en-fonte-primo-oval-xxl-500","status":"publish","type":"product","link":"https:\/\/bulaoutdoor.nl\/fr\/product\/gietijzeren-verdeelplaat-primo-oval-xxl-500\/","title":{"rendered":"Plaque de distribution en fonte Primo Oval XXL 500"},"content":{"rendered":"<p>L'argument de vente unique de la gamme Oval primo. Avec cette plaque, vous cr\u00e9ez une zone directe et une zone indirecte pour plus de possibilit\u00e9s et de vari\u00e9t\u00e9 en mati\u00e8re de barbecue.<\/p>\n<p><img loading=\"lazy\" decoding=\"async\" class=\"alignnone size-full wp-image-1828\" src=\"https:\/\/bulaoutdoor.nl\/wp-content\/uploads\/2019\/04\/bula_outdoor_primo_grill.gif\" alt=\"\" width=\"300\" height=\"337\" \/><\/p>\n<p>Commandez la plaque de distribution XXL directement aupr\u00e8s de Bula Outdoor, votre sp\u00e9cialiste en mati\u00e8re de barbecue !<\/p>","protected":false},"excerpt":{"rendered":"<p>Plaque de distribution pour une zone de cuisson directe et indirecte.<\/p>","protected":false},"featured_media":46162,"comment_status":"open","ping_status":"closed","template":"","meta":{"_acf_changed":false},"product_brand":[],"product_cat":[1363],"product_tag":[1364,413],"class_list":{"0":"post-44973","1":"product","2":"type-product","3":"status-publish","4":"has-post-thumbnail","6":"product_cat-accessoires-oval-xxl-500","7":"product_tag-primo-accessoires","8":"product_tag-verdeelplaat-primo","10":"first","11":"instock","12":"taxable","13":"shipping-taxable","14":"purchasable","15":"product-type-simple"},"acf":[],"yoast_head":"<!-- This site is optimized with the Yoast SEO plugin v27.6 - https:\/\/yoast.com\/product\/yoast-seo-wordpress\/ -->\n<title>Gietijzeren verdeelplaat Primo Oval XXL 500 &#8211; Bula Outdoor<\/title>\n<meta name=\"robots\" content=\"index, follow, max-snippet:-1, max-image-preview:large, max-video-preview:-1\" \/>\n<link rel=\"canonical\" href=\"https:\/\/bulaoutdoor.nl\/fr\/produit\/plaque-de-distribution-en-fonte-primo-oval-xxl-500\/\" \/>\n<meta property=\"og:locale\" content=\"fr_FR\" \/>\n<meta property=\"og:type\" content=\"article\" \/>\n<meta property=\"og:title\" content=\"Gietijzeren verdeelplaat Primo Oval XXL 500 &#8211; Bula Outdoor\" \/>\n<meta property=\"og:description\" content=\"Verdeelplaat voor een directe en indirecte kookzone.\" \/>\n<meta property=\"og:url\" content=\"https:\/\/bulaoutdoor.nl\/fr\/produit\/plaque-de-distribution-en-fonte-primo-oval-xxl-500\/\" \/>\n<meta property=\"og:site_name\" content=\"Bula Outdoor\" \/>\n<meta property=\"article:modified_time\" content=\"2024-06-27T11:36:12+00:00\" \/>\n<meta property=\"og:image\" content=\"https:\/\/bulaoutdoor.nl\/wp-content\/uploads\/2024\/06\/xxl500-verdeelplaat.jpg\" \/>\n\t<meta property=\"og:image:width\" content=\"1201\" \/>\n\t<meta property=\"og:image:height\" content=\"1199\" \/>\n\t<meta property=\"og:image:type\" content=\"image\/jpeg\" \/>\n<meta name=\"twitter:card\" content=\"summary_large_image\" \/>\n<meta name=\"twitter:label1\" content=\"Dur\u00e9e de lecture estim\u00e9e\" \/>\n\t<meta name=\"twitter:data1\" content=\"1 minute\" \/>\n<script type=\"application\/ld+json\" class=\"yoast-schema-graph\">{\"@context\":\"https:\\\/\\\/schema.org\",\"@graph\":[{\"@type\":\"WebPage\",\"@id\":\"https:\\\/\\\/bulaoutdoor.nl\\\/product\\\/gietijzeren-verdeelplaat-primo-oval-xxl-500\\\/\",\"url\":\"https:\\\/\\\/bulaoutdoor.nl\\\/product\\\/gietijzeren-verdeelplaat-primo-oval-xxl-500\\\/\",\"name\":\"Gietijzeren verdeelplaat Primo Oval XXL 500 &#8211; Bula Outdoor\",\"isPartOf\":{\"@id\":\"https:\\\/\\\/bulaoutdoor.nl\\\/#website\"},\"primaryImageOfPage\":{\"@id\":\"https:\\\/\\\/bulaoutdoor.nl\\\/product\\\/gietijzeren-verdeelplaat-primo-oval-xxl-500\\\/#primaryimage\"},\"image\":{\"@id\":\"https:\\\/\\\/bulaoutdoor.nl\\\/product\\\/gietijzeren-verdeelplaat-primo-oval-xxl-500\\\/#primaryimage\"},\"thumbnailUrl\":\"https:\\\/\\\/bulaoutdoor.nl\\\/wp-content\\\/uploads\\\/2024\\\/06\\\/xxl500-verdeelplaat.jpg\",\"datePublished\":\"2024-06-27T11:36:11+00:00\",\"dateModified\":\"2024-06-27T11:36:12+00:00\",\"breadcrumb\":{\"@id\":\"https:\\\/\\\/bulaoutdoor.nl\\\/product\\\/gietijzeren-verdeelplaat-primo-oval-xxl-500\\\/#breadcrumb\"},\"inLanguage\":\"fr-FR\",\"potentialAction\":[{\"@type\":\"ReadAction\",\"target\":[\"https:\\\/\\\/bulaoutdoor.nl\\\/product\\\/gietijzeren-verdeelplaat-primo-oval-xxl-500\\\/\"]}]},{\"@type\":\"ImageObject\",\"inLanguage\":\"fr-FR\",\"@id\":\"https:\\\/\\\/bulaoutdoor.nl\\\/product\\\/gietijzeren-verdeelplaat-primo-oval-xxl-500\\\/#primaryimage\",\"url\":\"https:\\\/\\\/bulaoutdoor.nl\\\/wp-content\\\/uploads\\\/2024\\\/06\\\/xxl500-verdeelplaat.jpg\",\"contentUrl\":\"https:\\\/\\\/bulaoutdoor.nl\\\/wp-content\\\/uploads\\\/2024\\\/06\\\/xxl500-verdeelplaat.jpg\",\"width\":1201,\"height\":1199},{\"@type\":\"BreadcrumbList\",\"@id\":\"https:\\\/\\\/bulaoutdoor.nl\\\/product\\\/gietijzeren-verdeelplaat-primo-oval-xxl-500\\\/#breadcrumb\",\"itemListElement\":[{\"@type\":\"ListItem\",\"position\":1,\"name\":\"Home\",\"item\":\"https:\\\/\\\/bulaoutdoor.nl\\\/\"},{\"@type\":\"ListItem\",\"position\":2,\"name\":\"Online BBQ kopen\",\"item\":\"https:\\\/\\\/bulaoutdoor.nl\\\/\"},{\"@type\":\"ListItem\",\"position\":3,\"name\":\"Gietijzeren verdeelplaat Primo Oval XXL 500\"}]},{\"@type\":\"WebSite\",\"@id\":\"https:\\\/\\\/bulaoutdoor.nl\\\/#website\",\"url\":\"https:\\\/\\\/bulaoutdoor.nl\\\/\",\"name\":\"Bula Outdoor\",\"description\":\"Voor uw buitenhaard, BBQ, tuinfakkel en houtoven\",\"publisher\":{\"@id\":\"https:\\\/\\\/bulaoutdoor.nl\\\/#organization\"},\"potentialAction\":[{\"@type\":\"SearchAction\",\"target\":{\"@type\":\"EntryPoint\",\"urlTemplate\":\"https:\\\/\\\/bulaoutdoor.nl\\\/?s={search_term_string}\"},\"query-input\":{\"@type\":\"PropertyValueSpecification\",\"valueRequired\":true,\"valueName\":\"search_term_string\"}}],\"inLanguage\":\"fr-FR\"},{\"@type\":\"Organization\",\"@id\":\"https:\\\/\\\/bulaoutdoor.nl\\\/#organization\",\"name\":\"Bula Outdoor\",\"url\":\"https:\\\/\\\/bulaoutdoor.nl\\\/\",\"logo\":{\"@type\":\"ImageObject\",\"inLanguage\":\"fr-FR\",\"@id\":\"https:\\\/\\\/bulaoutdoor.nl\\\/#\\\/schema\\\/logo\\\/image\\\/\",\"url\":\"https:\\\/\\\/www.bulaoutdoor.nl\\\/wp-content\\\/uploads\\\/2018\\\/04\\\/bulaoutdoor-logo.png\",\"contentUrl\":\"https:\\\/\\\/www.bulaoutdoor.nl\\\/wp-content\\\/uploads\\\/2018\\\/04\\\/bulaoutdoor-logo.png\",\"width\":324,\"height\":91,\"caption\":\"Bula Outdoor\"},\"image\":{\"@id\":\"https:\\\/\\\/bulaoutdoor.nl\\\/#\\\/schema\\\/logo\\\/image\\\/\"}}]}<\/script>\n<!-- \/ Yoast SEO plugin. -->","yoast_head_json":{"title":"Plaque de distribution en fonte Primo Oval XXL 500 - Bula Outdoor","robots":{"index":"index","follow":"follow","max-snippet":"max-snippet:-1","max-image-preview":"max-image-preview:large","max-video-preview":"max-video-preview:-1"},"canonical":"https:\/\/bulaoutdoor.nl\/fr\/produit\/plaque-de-distribution-en-fonte-primo-oval-xxl-500\/","og_locale":"fr_FR","og_type":"article","og_title":"Gietijzeren verdeelplaat Primo Oval XXL 500 &#8211; Bula Outdoor","og_description":"Verdeelplaat voor een directe en indirecte kookzone.","og_url":"https:\/\/bulaoutdoor.nl\/fr\/produit\/plaque-de-distribution-en-fonte-primo-oval-xxl-500\/","og_site_name":"Bula Outdoor","article_modified_time":"2024-06-27T11:36:12+00:00","og_image":[{"width":1201,"height":1199,"url":"https:\/\/bulaoutdoor.nl\/wp-content\/uploads\/2024\/06\/xxl500-verdeelplaat.jpg","type":"image\/jpeg"}],"twitter_card":"summary_large_image","twitter_misc":{"Dur\u00e9e de lecture estim\u00e9e":"1 minute"},"schema":{"@context":"https:\/\/schema.org","@graph":[{"@type":"WebPage","@id":"https:\/\/bulaoutdoor.nl\/product\/gietijzeren-verdeelplaat-primo-oval-xxl-500\/","url":"https:\/\/bulaoutdoor.nl\/product\/gietijzeren-verdeelplaat-primo-oval-xxl-500\/","name":"Plaque de distribution en fonte Primo Oval XXL 500 - Bula Outdoor","isPartOf":{"@id":"https:\/\/bulaoutdoor.nl\/#website"},"primaryImageOfPage":{"@id":"https:\/\/bulaoutdoor.nl\/product\/gietijzeren-verdeelplaat-primo-oval-xxl-500\/#primaryimage"},"image":{"@id":"https:\/\/bulaoutdoor.nl\/product\/gietijzeren-verdeelplaat-primo-oval-xxl-500\/#primaryimage"},"thumbnailUrl":"https:\/\/bulaoutdoor.nl\/wp-content\/uploads\/2024\/06\/xxl500-verdeelplaat.jpg","datePublished":"2024-06-27T11:36:11+00:00","dateModified":"2024-06-27T11:36:12+00:00","breadcrumb":{"@id":"https:\/\/bulaoutdoor.nl\/product\/gietijzeren-verdeelplaat-primo-oval-xxl-500\/#breadcrumb"},"inLanguage":"fr-FR","potentialAction":[{"@type":"ReadAction","target":["https:\/\/bulaoutdoor.nl\/product\/gietijzeren-verdeelplaat-primo-oval-xxl-500\/"]}]},{"@type":"ImageObject","inLanguage":"fr-FR","@id":"https:\/\/bulaoutdoor.nl\/product\/gietijzeren-verdeelplaat-primo-oval-xxl-500\/#primaryimage","url":"https:\/\/bulaoutdoor.nl\/wp-content\/uploads\/2024\/06\/xxl500-verdeelplaat.jpg","contentUrl":"https:\/\/bulaoutdoor.nl\/wp-content\/uploads\/2024\/06\/xxl500-verdeelplaat.jpg","width":1201,"height":1199},{"@type":"BreadcrumbList","@id":"https:\/\/bulaoutdoor.nl\/product\/gietijzeren-verdeelplaat-primo-oval-xxl-500\/#breadcrumb","itemListElement":[{"@type":"ListItem","position":1,"name":"Home","item":"https:\/\/bulaoutdoor.nl\/"},{"@type":"ListItem","position":2,"name":"Online BBQ kopen","item":"https:\/\/bulaoutdoor.nl\/"},{"@type":"ListItem","position":3,"name":"Gietijzeren verdeelplaat Primo Oval XXL 500"}]},{"@type":"WebSite","@id":"https:\/\/bulaoutdoor.nl\/#website","url":"https:\/\/bulaoutdoor.nl\/","name":"Bula Outdoor","description":"Pour votre chemin\u00e9e ext\u00e9rieure, votre barbecue, votre torche de jardin et votre four \u00e0 bois","publisher":{"@id":"https:\/\/bulaoutdoor.nl\/#organization"},"potentialAction":[{"@type":"SearchAction","target":{"@type":"EntryPoint","urlTemplate":"https:\/\/bulaoutdoor.nl\/?s={search_term_string}"},"query-input":{"@type":"PropertyValueSpecification","valueRequired":true,"valueName":"search_term_string"}}],"inLanguage":"fr-FR"},{"@type":"Organization","@id":"https:\/\/bulaoutdoor.nl\/#organization","name":"Bula Outdoor","url":"https:\/\/bulaoutdoor.nl\/","logo":{"@type":"ImageObject","inLanguage":"fr-FR","@id":"https:\/\/bulaoutdoor.nl\/#\/schema\/logo\/image\/","url":"https:\/\/www.bulaoutdoor.nl\/wp-content\/uploads\/2018\/04\/bulaoutdoor-logo.png","contentUrl":"https:\/\/www.bulaoutdoor.nl\/wp-content\/uploads\/2018\/04\/bulaoutdoor-logo.png","width":324,"height":91,"caption":"Bula Outdoor"},"image":{"@id":"https:\/\/bulaoutdoor.nl\/#\/schema\/logo\/image\/"}}]}},"jetpack_sharing_enabled":true,"_links":{"self":[{"href":"https:\/\/bulaoutdoor.nl\/fr\/wp-json\/wp\/v2\/product\/44973","targetHints":{"allow":["GET"]}}],"collection":[{"href":"https:\/\/bulaoutdoor.nl\/fr\/wp-json\/wp\/v2\/product"}],"about":[{"href":"https:\/\/bulaoutdoor.nl\/fr\/wp-json\/wp\/v2\/types\/product"}],"replies":[{"embeddable":true,"href":"https:\/\/bulaoutdoor.nl\/fr\/wp-json\/wp\/v2\/comments?post=44973"}],"wp:featuredmedia":[{"embeddable":true,"href":"https:\/\/bulaoutdoor.nl\/fr\/wp-json\/wp\/v2\/media\/46162"}],"wp:attachment":[{"href":"https:\/\/bulaoutdoor.nl\/fr\/wp-json\/wp\/v2\/media?parent=44973"}],"wp:term":[{"taxonomy":"product_brand","embeddable":true,"href":"https:\/\/bulaoutdoor.nl\/fr\/wp-json\/wp\/v2\/product_brand?post=44973"},{"taxonomy":"product_cat","embeddable":true,"href":"https:\/\/bulaoutdoor.nl\/fr\/wp-json\/wp\/v2\/product_cat?post=44973"},{"taxonomy":"product_tag","embeddable":true,"href":"https:\/\/bulaoutdoor.nl\/fr\/wp-json\/wp\/v2\/product_tag?post=44973"}],"curies":[{"name":"wp","href":"https:\/\/api.w.org\/{rel}","templated":true}]}}