{"id":46163,"date":"2024-06-27T12:00:49","date_gmt":"2024-06-27T12:00:49","guid":{"rendered":"https:\/\/bulaoutdoor.nl\/?post_type=product&#038;p=46163"},"modified":"2024-06-27T12:22:45","modified_gmt":"2024-06-27T12:22:45","slug":"plancha-primo-plancha","status":"publish","type":"product","link":"https:\/\/bulaoutdoor.nl\/fr\/product\/primo-plancha-bakplaat\/","title":{"rendered":"Planche \u00e0 griller Primo plancha"},"content":{"rendered":"<p>La plaque de cuisson Primo pour ovale ou rond constitue une am\u00e9lioration intelligente pour votre gril Primo. La plaque est livr\u00e9e avec deux inserts centraux interchangeables, ce qui vous permet de choisir entre une plaque plate et une plaque \u00e0 saisir, en fonction de vos projets de barbecue.<\/p>\n<p><iframe loading=\"lazy\" title=\"Installation du gril Primo\" width=\"980\" height=\"551\" src=\"https:\/\/www.youtube.com\/embed\/0WPIxAQJ0hs?feature=oembed&#038;enablejsapi=1&#038;origin=https:\/\/bulaoutdoor.nl\" frameborder=\"0\" allow=\"accelerometer; autoplay; clipboard-write; encrypted-media; gyroscope; picture-in-picture; web-share\" referrerpolicy=\"strict-origin-when-cross-origin\" allowfullscreen><\/iframe><\/p>\n<p><strong>Caract\u00e9ristiques du produit :<\/strong><\/p>\n<ul>\n<li>Fabriqu\u00e9 en acier durable de 0,48 cm d'\u00e9paisseur<\/li>\n<li>Choisissez la bonne plancha pour le gril Primo rond ou ovale Junior 200 \u00e0 XL 400.<\/li>\n<li>Comprend deux inserts interchangeables : une plaque de cuisson plate et une plaque \u00e0 griller.<\/li>\n<li>Parfait pour la pr\u00e9paration de divers plats tels que les fajitas et les petits d\u00e9jeuners<\/li>\n<li>Facile \u00e0 utiliser et \u00e0 nettoyer<\/li>\n<\/ul>\n<p>Commandez votre plateau de cuisson Primo pour ovale ou rond d\u00e8s maintenant chez Bula Outdoor, votre sp\u00e9cialiste du BBQ !<\/p>","protected":false},"excerpt":{"rendered":"<p>Plaque de plancha \u00e0 utiliser avec Primo Oval ou Round.<\/p>","protected":false},"featured_media":46164,"comment_status":"open","ping_status":"closed","template":"","meta":{"_acf_changed":false},"product_brand":[],"product_cat":[395,394,393,392],"product_tag":[1365,1364,1367,1366],"class_list":{"0":"post-46163","1":"product","2":"type-product","3":"status-publish","4":"has-post-thumbnail","6":"product_cat-kamado-round-primo-accessoires","7":"product_cat-oval-200-jr-primo-accessoires","8":"product_cat-oval-300-lg-primo-accessoires","9":"product_cat-oval-400-xl-primo-accessoires","10":"product_tag-plancha-primo","11":"product_tag-primo-accessoires","12":"product_tag-primo-grill-upgrade","13":"product_tag-primo-xl400-accessoires","15":"first","16":"instock","17":"taxable","18":"shipping-taxable","19":"purchasable","20":"product-type-variable","21":"has-default-attributes"},"acf":[],"yoast_head":"<!-- This site is optimized with the Yoast SEO plugin v27.6 - https:\/\/yoast.com\/product\/yoast-seo-wordpress\/ -->\n<title>Primo plancha bakplaat &#8211; Bula Outdoor<\/title>\n<meta name=\"robots\" content=\"index, follow, max-snippet:-1, max-image-preview:large, max-video-preview:-1\" \/>\n<link rel=\"canonical\" href=\"https:\/\/bulaoutdoor.nl\/fr\/produit\/plancha-primo-plancha\/\" \/>\n<meta property=\"og:locale\" content=\"fr_FR\" \/>\n<meta property=\"og:type\" content=\"article\" \/>\n<meta property=\"og:title\" content=\"Primo plancha bakplaat &#8211; Bula Outdoor\" \/>\n<meta property=\"og:description\" content=\"Plancha plaat voor gebruik met Primo Oval of Round.\" \/>\n<meta property=\"og:url\" content=\"https:\/\/bulaoutdoor.nl\/fr\/produit\/plancha-primo-plancha\/\" \/>\n<meta property=\"og:site_name\" content=\"Bula Outdoor\" \/>\n<meta property=\"article:modified_time\" content=\"2024-06-27T12:22:45+00:00\" \/>\n<meta property=\"og:image\" content=\"https:\/\/bulaoutdoor.nl\/wp-content\/uploads\/2024\/06\/Primo-plancha-bakplaat-PGXLG-bula-outdoor.jpg\" \/>\n\t<meta property=\"og:image:width\" content=\"422\" \/>\n\t<meta property=\"og:image:height\" content=\"416\" \/>\n\t<meta property=\"og:image:type\" content=\"image\/jpeg\" \/>\n<meta name=\"twitter:card\" content=\"summary_large_image\" \/>\n<meta name=\"twitter:label1\" content=\"Dur\u00e9e de lecture estim\u00e9e\" \/>\n\t<meta name=\"twitter:data1\" content=\"1 minute\" \/>\n<script type=\"application\/ld+json\" class=\"yoast-schema-graph\">{\"@context\":\"https:\\\/\\\/schema.org\",\"@graph\":[{\"@type\":\"WebPage\",\"@id\":\"https:\\\/\\\/bulaoutdoor.nl\\\/product\\\/primo-plancha-bakplaat\\\/\",\"url\":\"https:\\\/\\\/bulaoutdoor.nl\\\/product\\\/primo-plancha-bakplaat\\\/\",\"name\":\"Primo plancha bakplaat &#8211; Bula Outdoor\",\"isPartOf\":{\"@id\":\"https:\\\/\\\/bulaoutdoor.nl\\\/#website\"},\"primaryImageOfPage\":{\"@id\":\"https:\\\/\\\/bulaoutdoor.nl\\\/product\\\/primo-plancha-bakplaat\\\/#primaryimage\"},\"image\":{\"@id\":\"https:\\\/\\\/bulaoutdoor.nl\\\/product\\\/primo-plancha-bakplaat\\\/#primaryimage\"},\"thumbnailUrl\":\"https:\\\/\\\/bulaoutdoor.nl\\\/wp-content\\\/uploads\\\/2024\\\/06\\\/Primo-plancha-bakplaat-PGXLG-bula-outdoor.jpg\",\"datePublished\":\"2024-06-27T12:00:49+00:00\",\"dateModified\":\"2024-06-27T12:22:45+00:00\",\"breadcrumb\":{\"@id\":\"https:\\\/\\\/bulaoutdoor.nl\\\/product\\\/primo-plancha-bakplaat\\\/#breadcrumb\"},\"inLanguage\":\"fr-FR\",\"potentialAction\":[{\"@type\":\"ReadAction\",\"target\":[\"https:\\\/\\\/bulaoutdoor.nl\\\/product\\\/primo-plancha-bakplaat\\\/\"]}]},{\"@type\":\"ImageObject\",\"inLanguage\":\"fr-FR\",\"@id\":\"https:\\\/\\\/bulaoutdoor.nl\\\/product\\\/primo-plancha-bakplaat\\\/#primaryimage\",\"url\":\"https:\\\/\\\/bulaoutdoor.nl\\\/wp-content\\\/uploads\\\/2024\\\/06\\\/Primo-plancha-bakplaat-PGXLG-bula-outdoor.jpg\",\"contentUrl\":\"https:\\\/\\\/bulaoutdoor.nl\\\/wp-content\\\/uploads\\\/2024\\\/06\\\/Primo-plancha-bakplaat-PGXLG-bula-outdoor.jpg\",\"width\":422,\"height\":416},{\"@type\":\"BreadcrumbList\",\"@id\":\"https:\\\/\\\/bulaoutdoor.nl\\\/product\\\/primo-plancha-bakplaat\\\/#breadcrumb\",\"itemListElement\":[{\"@type\":\"ListItem\",\"position\":1,\"name\":\"Home\",\"item\":\"https:\\\/\\\/bulaoutdoor.nl\\\/\"},{\"@type\":\"ListItem\",\"position\":2,\"name\":\"Online BBQ kopen\",\"item\":\"https:\\\/\\\/bulaoutdoor.nl\\\/\"},{\"@type\":\"ListItem\",\"position\":3,\"name\":\"Primo plancha bakplaat\"}]},{\"@type\":\"WebSite\",\"@id\":\"https:\\\/\\\/bulaoutdoor.nl\\\/#website\",\"url\":\"https:\\\/\\\/bulaoutdoor.nl\\\/\",\"name\":\"Bula Outdoor\",\"description\":\"Voor uw buitenhaard, BBQ, tuinfakkel en houtoven\",\"publisher\":{\"@id\":\"https:\\\/\\\/bulaoutdoor.nl\\\/#organization\"},\"potentialAction\":[{\"@type\":\"SearchAction\",\"target\":{\"@type\":\"EntryPoint\",\"urlTemplate\":\"https:\\\/\\\/bulaoutdoor.nl\\\/?s={search_term_string}\"},\"query-input\":{\"@type\":\"PropertyValueSpecification\",\"valueRequired\":true,\"valueName\":\"search_term_string\"}}],\"inLanguage\":\"fr-FR\"},{\"@type\":\"Organization\",\"@id\":\"https:\\\/\\\/bulaoutdoor.nl\\\/#organization\",\"name\":\"Bula Outdoor\",\"url\":\"https:\\\/\\\/bulaoutdoor.nl\\\/\",\"logo\":{\"@type\":\"ImageObject\",\"inLanguage\":\"fr-FR\",\"@id\":\"https:\\\/\\\/bulaoutdoor.nl\\\/#\\\/schema\\\/logo\\\/image\\\/\",\"url\":\"https:\\\/\\\/www.bulaoutdoor.nl\\\/wp-content\\\/uploads\\\/2018\\\/04\\\/bulaoutdoor-logo.png\",\"contentUrl\":\"https:\\\/\\\/www.bulaoutdoor.nl\\\/wp-content\\\/uploads\\\/2018\\\/04\\\/bulaoutdoor-logo.png\",\"width\":324,\"height\":91,\"caption\":\"Bula Outdoor\"},\"image\":{\"@id\":\"https:\\\/\\\/bulaoutdoor.nl\\\/#\\\/schema\\\/logo\\\/image\\\/\"}}]}<\/script>\n<!-- \/ Yoast SEO plugin. -->","yoast_head_json":{"title":"Plancha Primo - Bula Outdoor","robots":{"index":"index","follow":"follow","max-snippet":"max-snippet:-1","max-image-preview":"max-image-preview:large","max-video-preview":"max-video-preview:-1"},"canonical":"https:\/\/bulaoutdoor.nl\/fr\/produit\/plancha-primo-plancha\/","og_locale":"fr_FR","og_type":"article","og_title":"Primo plancha bakplaat &#8211; Bula Outdoor","og_description":"Plancha plaat voor gebruik met Primo Oval of Round.","og_url":"https:\/\/bulaoutdoor.nl\/fr\/produit\/plancha-primo-plancha\/","og_site_name":"Bula Outdoor","article_modified_time":"2024-06-27T12:22:45+00:00","og_image":[{"width":422,"height":416,"url":"https:\/\/bulaoutdoor.nl\/wp-content\/uploads\/2024\/06\/Primo-plancha-bakplaat-PGXLG-bula-outdoor.jpg","type":"image\/jpeg"}],"twitter_card":"summary_large_image","twitter_misc":{"Dur\u00e9e de lecture estim\u00e9e":"1 minute"},"schema":{"@context":"https:\/\/schema.org","@graph":[{"@type":"WebPage","@id":"https:\/\/bulaoutdoor.nl\/product\/primo-plancha-bakplaat\/","url":"https:\/\/bulaoutdoor.nl\/product\/primo-plancha-bakplaat\/","name":"Plancha Primo - Bula Outdoor","isPartOf":{"@id":"https:\/\/bulaoutdoor.nl\/#website"},"primaryImageOfPage":{"@id":"https:\/\/bulaoutdoor.nl\/product\/primo-plancha-bakplaat\/#primaryimage"},"image":{"@id":"https:\/\/bulaoutdoor.nl\/product\/primo-plancha-bakplaat\/#primaryimage"},"thumbnailUrl":"https:\/\/bulaoutdoor.nl\/wp-content\/uploads\/2024\/06\/Primo-plancha-bakplaat-PGXLG-bula-outdoor.jpg","datePublished":"2024-06-27T12:00:49+00:00","dateModified":"2024-06-27T12:22:45+00:00","breadcrumb":{"@id":"https:\/\/bulaoutdoor.nl\/product\/primo-plancha-bakplaat\/#breadcrumb"},"inLanguage":"fr-FR","potentialAction":[{"@type":"ReadAction","target":["https:\/\/bulaoutdoor.nl\/product\/primo-plancha-bakplaat\/"]}]},{"@type":"ImageObject","inLanguage":"fr-FR","@id":"https:\/\/bulaoutdoor.nl\/product\/primo-plancha-bakplaat\/#primaryimage","url":"https:\/\/bulaoutdoor.nl\/wp-content\/uploads\/2024\/06\/Primo-plancha-bakplaat-PGXLG-bula-outdoor.jpg","contentUrl":"https:\/\/bulaoutdoor.nl\/wp-content\/uploads\/2024\/06\/Primo-plancha-bakplaat-PGXLG-bula-outdoor.jpg","width":422,"height":416},{"@type":"BreadcrumbList","@id":"https:\/\/bulaoutdoor.nl\/product\/primo-plancha-bakplaat\/#breadcrumb","itemListElement":[{"@type":"ListItem","position":1,"name":"Home","item":"https:\/\/bulaoutdoor.nl\/"},{"@type":"ListItem","position":2,"name":"Online BBQ kopen","item":"https:\/\/bulaoutdoor.nl\/"},{"@type":"ListItem","position":3,"name":"Primo plancha bakplaat"}]},{"@type":"WebSite","@id":"https:\/\/bulaoutdoor.nl\/#website","url":"https:\/\/bulaoutdoor.nl\/","name":"Bula Outdoor","description":"Pour votre chemin\u00e9e ext\u00e9rieure, votre barbecue, votre torche de jardin et votre four \u00e0 bois","publisher":{"@id":"https:\/\/bulaoutdoor.nl\/#organization"},"potentialAction":[{"@type":"SearchAction","target":{"@type":"EntryPoint","urlTemplate":"https:\/\/bulaoutdoor.nl\/?s={search_term_string}"},"query-input":{"@type":"PropertyValueSpecification","valueRequired":true,"valueName":"search_term_string"}}],"inLanguage":"fr-FR"},{"@type":"Organization","@id":"https:\/\/bulaoutdoor.nl\/#organization","name":"Bula Outdoor","url":"https:\/\/bulaoutdoor.nl\/","logo":{"@type":"ImageObject","inLanguage":"fr-FR","@id":"https:\/\/bulaoutdoor.nl\/#\/schema\/logo\/image\/","url":"https:\/\/www.bulaoutdoor.nl\/wp-content\/uploads\/2018\/04\/bulaoutdoor-logo.png","contentUrl":"https:\/\/www.bulaoutdoor.nl\/wp-content\/uploads\/2018\/04\/bulaoutdoor-logo.png","width":324,"height":91,"caption":"Bula Outdoor"},"image":{"@id":"https:\/\/bulaoutdoor.nl\/#\/schema\/logo\/image\/"}}]}},"jetpack_sharing_enabled":true,"_links":{"self":[{"href":"https:\/\/bulaoutdoor.nl\/fr\/wp-json\/wp\/v2\/product\/46163","targetHints":{"allow":["GET"]}}],"collection":[{"href":"https:\/\/bulaoutdoor.nl\/fr\/wp-json\/wp\/v2\/product"}],"about":[{"href":"https:\/\/bulaoutdoor.nl\/fr\/wp-json\/wp\/v2\/types\/product"}],"replies":[{"embeddable":true,"href":"https:\/\/bulaoutdoor.nl\/fr\/wp-json\/wp\/v2\/comments?post=46163"}],"wp:featuredmedia":[{"embeddable":true,"href":"https:\/\/bulaoutdoor.nl\/fr\/wp-json\/wp\/v2\/media\/46164"}],"wp:attachment":[{"href":"https:\/\/bulaoutdoor.nl\/fr\/wp-json\/wp\/v2\/media?parent=46163"}],"wp:term":[{"taxonomy":"product_brand","embeddable":true,"href":"https:\/\/bulaoutdoor.nl\/fr\/wp-json\/wp\/v2\/product_brand?post=46163"},{"taxonomy":"product_cat","embeddable":true,"href":"https:\/\/bulaoutdoor.nl\/fr\/wp-json\/wp\/v2\/product_cat?post=46163"},{"taxonomy":"product_tag","embeddable":true,"href":"https:\/\/bulaoutdoor.nl\/fr\/wp-json\/wp\/v2\/product_tag?post=46163"}],"curies":[{"name":"wp","href":"https:\/\/api.w.org\/{rel}","templated":true}]}}