{"id":46563,"date":"2024-07-01T12:56:58","date_gmt":"2024-07-01T12:56:58","guid":{"rendered":"https:\/\/bulaoutdoor.nl\/product\/charlton-jenrick-purevision-vrijstaand-rond-model-1\/"},"modified":"2026-04-27T05:05:19","modified_gmt":"2026-04-27T05:05:19","slug":"charlton-jenrick-woodtec-fcs-cylinder","status":"publish","type":"product","link":"https:\/\/bulaoutdoor.nl\/fr\/product\/charlton-jenrick-woodtec-fcs-cylinder\/","title":{"rendered":"Cylindre Charlton &amp; Jenrick Woodtec FCS"},"content":{"rendered":"<h2>Cylindre Charlton &amp; Jenrick Woodtec FCS<\/h2>\n<p>Le cylindre Charlton &amp; Jenrick FCS <a href=\"https:\/\/www.haveverwarming.nl\/kachels\/hout\">po\u00eale \u00e0 bois<\/a> est une pi\u00e8ce ma\u00eetresse magnifique et \u00e9l\u00e9gante dans n'importe quelle pi\u00e8ce (de vie). Sa forme cylindrique \u00e9l\u00e9gante et son rangement int\u00e9gr\u00e9 pour le bois cr\u00e9ent une atmosph\u00e8re chaleureuse et accueillante, id\u00e9ale pour les froides journ\u00e9es d'hiver. Le verre incurv\u00e9 offre une vue plus large sur les flammes pour une exp\u00e9rience optimale.<\/p>\n<p>Gr\u00e2ce \u00e0 sa conception innovante, le po\u00eale \u00e0 bois Woodtec FCS Cylinder peut \u00eatre install\u00e9 \u00e0 une distance de seulement 10 mm des mat\u00e9riaux combustibles \u00e0 l'arri\u00e8re et de 25 mm sur les c\u00f4t\u00e9s, ce qui lui permet de s'int\u00e9grer parfaitement dans presque tous les espaces de vie.<\/p>\n<h2>Caract\u00e9ristiques :<\/h2>\n<ul>\n<li>R\u00e9pond aux normes Ecodesign 2022 : Le po\u00eale r\u00e9pond ainsi aux exigences environnementales les plus strictes, avec une combustion plus propre et plus efficace ;<\/li>\n<li>Syst\u00e8me d'a\u00e9ration tertiaire brevet\u00e9 qui assure une combustion optimale et r\u00e9duit les \u00e9missions ;<\/li>\n<li>Avec une efficacit\u00e9 de 82,1%, vous tirez le meilleur parti de chaque b\u00fbche ;<\/li>\n<li>Fabriqu\u00e9 en acier profil\u00e9 au laser et enti\u00e8rement soud\u00e9 pour une longue dur\u00e9e de vie.<\/li>\n<li>Technologie de chauffage par convection : pour une distribution plus efficace de la chaleur dans votre maison.<\/li>\n<\/ul>\n<h3>Po\u00eales \u00e0 bois Charlton &amp; Jenrick&nbsp;<\/h3>\n<p>La marque Charlton &amp; Jenrick a \u00e9t\u00e9 fond\u00e9e en 1986 par deux Anglais, Barry Charlton et Bill Jenrick. Les po\u00eales \u00e0 bois de la marque sont originaires de la ville anglaise de Telford. Charlton &amp; Jenrick d\u00e9veloppe des po\u00eales \u00e0 bois tr\u00e8s performants, innovants et esth\u00e9tiques.<\/p>\n<h3>Po\u00eales \u00e0 bois Charlton &amp; Jenrick vus en train de br\u00fbler<\/h3>\n<p>Curieux de savoir comment br\u00fblent les po\u00eales \u00e0 bois Charlton &amp; Jenrick ? Visitez notre site web.&nbsp;<a href=\"https:\/\/www.haveverwarming.nl\/experiencecenter\" target=\"_blank\" rel=\"noopener\">Centre d'exp\u00e9rience.<\/a> Sur place, des conseillers de HAV\u00c9 Chauffage seront pr\u00e9sents pour vous faire d\u00e9couvrir les po\u00eales \u00e0 bois et Charlton &amp; Jenrick.<\/p>\n<p>T\u00e9l\u00e9chargements de produits<\/p>\n<ul>\n<li><a class=\"download file\" href=\"https:\/\/www.haveverwarming.nl\/amfile\/file\/download\/file\/8435\/product\/2215\/\" target=\"_blank\"><span>Dessin au trait Woodtec FCS Cylinder<\/span><\/a><\/li>\n<li><a class=\"download file\" href=\"https:\/\/www.haveverwarming.nl\/amfile\/file\/download\/file\/8545\/product\/2215\/\" target=\"_blank\"><span>Manuel Woodtec FCS Cylinder<\/span><\/a><\/li>\n<li><a class=\"download file\" href=\"https:\/\/www.haveverwarming.nl\/amfile\/file\/download\/file\/9086\/product\/2215\/\" target=\"_blank\"><span>Brochure C&amp;J Bois 2025<\/span><\/a><\/li>\n<li><a class=\"download file\" href=\"https:\/\/www.haveverwarming.nl\/productpdf\/download\/file\/id\/2215\/name\/Charlton_%2526_Jenrick_Woodtec_FCS_Cylinder.pdf\/\" target=\"_blank\"><span>T\u00e9l\u00e9charger la fiche technique<\/span><\/a><\/li>\n<\/ul>","protected":false},"excerpt":{"rendered":"<p>Charlton &amp; Jenrick Woodtec FCS Cylinder De Charlton &amp; Jenrick FCS Cylinder houtkachel is een prachtig en stijlvol middelpunt in elke (woon)kamer. De elegante, cilindrische vorm met ingebouwde houtopslag zorgt voor een gezellige en uitnodigende sfeer, ideaal voor koude winterdagen. Het gebogen glas geeft u een breder zicht op de vlammen voor een optimale beleving. [&hellip;]<\/p>\n","protected":false},"featured_media":46564,"comment_status":"open","ping_status":"closed","template":"","meta":{"_acf_changed":false},"product_brand":[],"product_cat":[1092],"product_tag":[],"class_list":{"0":"post-46563","1":"product","2":"type-product","3":"status-publish","4":"has-post-thumbnail","6":"product_cat-vrijstaande-houtkachels","8":"first","9":"instock","10":"taxable","11":"shipping-taxable","12":"purchasable","13":"product-type-simple"},"acf":[],"yoast_head":"<!-- This site is optimized with the Yoast SEO plugin v27.5 - https:\/\/yoast.com\/product\/yoast-seo-wordpress\/ -->\n<title>Charlton &amp; Jenrick Woodtec FCS Cylinder &#8211; Bula Outdoor<\/title>\n<meta name=\"robots\" content=\"index, follow, max-snippet:-1, max-image-preview:large, max-video-preview:-1\" \/>\n<link rel=\"canonical\" href=\"https:\/\/bulaoutdoor.nl\/fr\/produit\/charlton-jenrick-woodtec-fcs-cylinder\/\" \/>\n<meta property=\"og:locale\" content=\"fr_FR\" \/>\n<meta property=\"og:type\" content=\"article\" \/>\n<meta property=\"og:title\" content=\"Charlton &amp; Jenrick Woodtec FCS Cylinder &#8211; Bula Outdoor\" \/>\n<meta property=\"og:description\" content=\"Charlton &amp; Jenrick Woodtec FCS Cylinder De Charlton &amp; Jenrick FCS Cylinder houtkachel is een prachtig en stijlvol middelpunt in elke (woon)kamer. De elegante, cilindrische vorm met ingebouwde houtopslag zorgt voor een gezellige en uitnodigende sfeer, ideaal voor koude winterdagen. Het gebogen glas geeft u een breder zicht op de vlammen voor een optimale beleving. [&hellip;]\" \/>\n<meta property=\"og:url\" content=\"https:\/\/bulaoutdoor.nl\/fr\/produit\/charlton-jenrick-woodtec-fcs-cylinder\/\" \/>\n<meta property=\"og:site_name\" content=\"Bula Outdoor\" \/>\n<meta property=\"article:modified_time\" content=\"2026-04-27T05:05:19+00:00\" \/>\n<meta property=\"og:image\" content=\"https:\/\/bulaoutdoor.nl\/wp-content\/uploads\/2024\/07\/charlton_jenrick_fcs_cylinder_vierkanr-1024x1024.png\" \/>\n\t<meta property=\"og:image:width\" content=\"1024\" \/>\n\t<meta property=\"og:image:height\" content=\"1024\" \/>\n\t<meta property=\"og:image:type\" content=\"image\/png\" \/>\n<meta name=\"twitter:card\" content=\"summary_large_image\" \/>\n<meta name=\"twitter:label1\" content=\"Dur\u00e9e de lecture estim\u00e9e\" \/>\n\t<meta name=\"twitter:data1\" content=\"2 minutes\" \/>\n<script type=\"application\/ld+json\" class=\"yoast-schema-graph\">{\"@context\":\"https:\\\/\\\/schema.org\",\"@graph\":[{\"@type\":\"WebPage\",\"@id\":\"https:\\\/\\\/bulaoutdoor.nl\\\/product\\\/charlton-jenrick-woodtec-fcs-cylinder\\\/\",\"url\":\"https:\\\/\\\/bulaoutdoor.nl\\\/product\\\/charlton-jenrick-woodtec-fcs-cylinder\\\/\",\"name\":\"Charlton &amp; Jenrick Woodtec FCS Cylinder &#8211; Bula Outdoor\",\"isPartOf\":{\"@id\":\"https:\\\/\\\/bulaoutdoor.nl\\\/#website\"},\"primaryImageOfPage\":{\"@id\":\"https:\\\/\\\/bulaoutdoor.nl\\\/product\\\/charlton-jenrick-woodtec-fcs-cylinder\\\/#primaryimage\"},\"image\":{\"@id\":\"https:\\\/\\\/bulaoutdoor.nl\\\/product\\\/charlton-jenrick-woodtec-fcs-cylinder\\\/#primaryimage\"},\"thumbnailUrl\":\"https:\\\/\\\/bulaoutdoor.nl\\\/wp-content\\\/uploads\\\/2024\\\/07\\\/charlton_jenrick_fcs_cylinder_vierkanr.png\",\"datePublished\":\"2024-07-01T12:56:58+00:00\",\"dateModified\":\"2026-04-27T05:05:19+00:00\",\"breadcrumb\":{\"@id\":\"https:\\\/\\\/bulaoutdoor.nl\\\/product\\\/charlton-jenrick-woodtec-fcs-cylinder\\\/#breadcrumb\"},\"inLanguage\":\"fr-FR\",\"potentialAction\":[{\"@type\":\"ReadAction\",\"target\":[\"https:\\\/\\\/bulaoutdoor.nl\\\/product\\\/charlton-jenrick-woodtec-fcs-cylinder\\\/\"]}]},{\"@type\":\"ImageObject\",\"inLanguage\":\"fr-FR\",\"@id\":\"https:\\\/\\\/bulaoutdoor.nl\\\/product\\\/charlton-jenrick-woodtec-fcs-cylinder\\\/#primaryimage\",\"url\":\"https:\\\/\\\/bulaoutdoor.nl\\\/wp-content\\\/uploads\\\/2024\\\/07\\\/charlton_jenrick_fcs_cylinder_vierkanr.png\",\"contentUrl\":\"https:\\\/\\\/bulaoutdoor.nl\\\/wp-content\\\/uploads\\\/2024\\\/07\\\/charlton_jenrick_fcs_cylinder_vierkanr.png\",\"width\":1400,\"height\":1400,\"caption\":\"charlton-jenrick-woodtec-fcs-cylinder-thumbnail\"},{\"@type\":\"BreadcrumbList\",\"@id\":\"https:\\\/\\\/bulaoutdoor.nl\\\/product\\\/charlton-jenrick-woodtec-fcs-cylinder\\\/#breadcrumb\",\"itemListElement\":[{\"@type\":\"ListItem\",\"position\":1,\"name\":\"Home\",\"item\":\"https:\\\/\\\/bulaoutdoor.nl\\\/\"},{\"@type\":\"ListItem\",\"position\":2,\"name\":\"Online BBQ kopen\",\"item\":\"https:\\\/\\\/bulaoutdoor.nl\\\/\"},{\"@type\":\"ListItem\",\"position\":3,\"name\":\"Charlton &amp; Jenrick Woodtec FCS Cylinder\"}]},{\"@type\":\"WebSite\",\"@id\":\"https:\\\/\\\/bulaoutdoor.nl\\\/#website\",\"url\":\"https:\\\/\\\/bulaoutdoor.nl\\\/\",\"name\":\"Bula Outdoor\",\"description\":\"Voor uw buitenhaard, BBQ, tuinfakkel en houtoven\",\"publisher\":{\"@id\":\"https:\\\/\\\/bulaoutdoor.nl\\\/#organization\"},\"potentialAction\":[{\"@type\":\"SearchAction\",\"target\":{\"@type\":\"EntryPoint\",\"urlTemplate\":\"https:\\\/\\\/bulaoutdoor.nl\\\/?s={search_term_string}\"},\"query-input\":{\"@type\":\"PropertyValueSpecification\",\"valueRequired\":true,\"valueName\":\"search_term_string\"}}],\"inLanguage\":\"fr-FR\"},{\"@type\":\"Organization\",\"@id\":\"https:\\\/\\\/bulaoutdoor.nl\\\/#organization\",\"name\":\"Bula Outdoor\",\"url\":\"https:\\\/\\\/bulaoutdoor.nl\\\/\",\"logo\":{\"@type\":\"ImageObject\",\"inLanguage\":\"fr-FR\",\"@id\":\"https:\\\/\\\/bulaoutdoor.nl\\\/#\\\/schema\\\/logo\\\/image\\\/\",\"url\":\"https:\\\/\\\/www.bulaoutdoor.nl\\\/wp-content\\\/uploads\\\/2018\\\/04\\\/bulaoutdoor-logo.png\",\"contentUrl\":\"https:\\\/\\\/www.bulaoutdoor.nl\\\/wp-content\\\/uploads\\\/2018\\\/04\\\/bulaoutdoor-logo.png\",\"width\":324,\"height\":91,\"caption\":\"Bula Outdoor\"},\"image\":{\"@id\":\"https:\\\/\\\/bulaoutdoor.nl\\\/#\\\/schema\\\/logo\\\/image\\\/\"}}]}<\/script>\n<!-- \/ Yoast SEO plugin. -->","yoast_head_json":{"title":"Cylindre Charlton &amp; Jenrick Woodtec FCS - Bula Outdoor","robots":{"index":"index","follow":"follow","max-snippet":"max-snippet:-1","max-image-preview":"max-image-preview:large","max-video-preview":"max-video-preview:-1"},"canonical":"https:\/\/bulaoutdoor.nl\/fr\/produit\/charlton-jenrick-woodtec-fcs-cylinder\/","og_locale":"fr_FR","og_type":"article","og_title":"Charlton &amp; Jenrick Woodtec FCS Cylinder &#8211; Bula Outdoor","og_description":"Charlton &amp; Jenrick Woodtec FCS Cylinder De Charlton &amp; Jenrick FCS Cylinder houtkachel is een prachtig en stijlvol middelpunt in elke (woon)kamer. De elegante, cilindrische vorm met ingebouwde houtopslag zorgt voor een gezellige en uitnodigende sfeer, ideaal voor koude winterdagen. Het gebogen glas geeft u een breder zicht op de vlammen voor een optimale beleving. [&hellip;]","og_url":"https:\/\/bulaoutdoor.nl\/fr\/produit\/charlton-jenrick-woodtec-fcs-cylinder\/","og_site_name":"Bula Outdoor","article_modified_time":"2026-04-27T05:05:19+00:00","og_image":[{"width":1024,"height":1024,"url":"https:\/\/bulaoutdoor.nl\/wp-content\/uploads\/2024\/07\/charlton_jenrick_fcs_cylinder_vierkanr-1024x1024.png","type":"image\/png"}],"twitter_card":"summary_large_image","twitter_misc":{"Dur\u00e9e de lecture estim\u00e9e":"2 minutes"},"schema":{"@context":"https:\/\/schema.org","@graph":[{"@type":"WebPage","@id":"https:\/\/bulaoutdoor.nl\/product\/charlton-jenrick-woodtec-fcs-cylinder\/","url":"https:\/\/bulaoutdoor.nl\/product\/charlton-jenrick-woodtec-fcs-cylinder\/","name":"Cylindre Charlton &amp; Jenrick Woodtec FCS - Bula Outdoor","isPartOf":{"@id":"https:\/\/bulaoutdoor.nl\/#website"},"primaryImageOfPage":{"@id":"https:\/\/bulaoutdoor.nl\/product\/charlton-jenrick-woodtec-fcs-cylinder\/#primaryimage"},"image":{"@id":"https:\/\/bulaoutdoor.nl\/product\/charlton-jenrick-woodtec-fcs-cylinder\/#primaryimage"},"thumbnailUrl":"https:\/\/bulaoutdoor.nl\/wp-content\/uploads\/2024\/07\/charlton_jenrick_fcs_cylinder_vierkanr.png","datePublished":"2024-07-01T12:56:58+00:00","dateModified":"2026-04-27T05:05:19+00:00","breadcrumb":{"@id":"https:\/\/bulaoutdoor.nl\/product\/charlton-jenrick-woodtec-fcs-cylinder\/#breadcrumb"},"inLanguage":"fr-FR","potentialAction":[{"@type":"ReadAction","target":["https:\/\/bulaoutdoor.nl\/product\/charlton-jenrick-woodtec-fcs-cylinder\/"]}]},{"@type":"ImageObject","inLanguage":"fr-FR","@id":"https:\/\/bulaoutdoor.nl\/product\/charlton-jenrick-woodtec-fcs-cylinder\/#primaryimage","url":"https:\/\/bulaoutdoor.nl\/wp-content\/uploads\/2024\/07\/charlton_jenrick_fcs_cylinder_vierkanr.png","contentUrl":"https:\/\/bulaoutdoor.nl\/wp-content\/uploads\/2024\/07\/charlton_jenrick_fcs_cylinder_vierkanr.png","width":1400,"height":1400,"caption":"charlton-jenrick-woodtec-fcs-cylinder-thumbnail"},{"@type":"BreadcrumbList","@id":"https:\/\/bulaoutdoor.nl\/product\/charlton-jenrick-woodtec-fcs-cylinder\/#breadcrumb","itemListElement":[{"@type":"ListItem","position":1,"name":"Home","item":"https:\/\/bulaoutdoor.nl\/"},{"@type":"ListItem","position":2,"name":"Online BBQ kopen","item":"https:\/\/bulaoutdoor.nl\/"},{"@type":"ListItem","position":3,"name":"Charlton &amp; Jenrick Woodtec FCS Cylinder"}]},{"@type":"WebSite","@id":"https:\/\/bulaoutdoor.nl\/#website","url":"https:\/\/bulaoutdoor.nl\/","name":"Bula Outdoor","description":"Pour votre chemin\u00e9e ext\u00e9rieure, votre barbecue, votre torche de jardin et votre four \u00e0 bois","publisher":{"@id":"https:\/\/bulaoutdoor.nl\/#organization"},"potentialAction":[{"@type":"SearchAction","target":{"@type":"EntryPoint","urlTemplate":"https:\/\/bulaoutdoor.nl\/?s={search_term_string}"},"query-input":{"@type":"PropertyValueSpecification","valueRequired":true,"valueName":"search_term_string"}}],"inLanguage":"fr-FR"},{"@type":"Organization","@id":"https:\/\/bulaoutdoor.nl\/#organization","name":"Bula Outdoor","url":"https:\/\/bulaoutdoor.nl\/","logo":{"@type":"ImageObject","inLanguage":"fr-FR","@id":"https:\/\/bulaoutdoor.nl\/#\/schema\/logo\/image\/","url":"https:\/\/www.bulaoutdoor.nl\/wp-content\/uploads\/2018\/04\/bulaoutdoor-logo.png","contentUrl":"https:\/\/www.bulaoutdoor.nl\/wp-content\/uploads\/2018\/04\/bulaoutdoor-logo.png","width":324,"height":91,"caption":"Bula Outdoor"},"image":{"@id":"https:\/\/bulaoutdoor.nl\/#\/schema\/logo\/image\/"}}]}},"jetpack_sharing_enabled":true,"_links":{"self":[{"href":"https:\/\/bulaoutdoor.nl\/fr\/wp-json\/wp\/v2\/product\/46563","targetHints":{"allow":["GET"]}}],"collection":[{"href":"https:\/\/bulaoutdoor.nl\/fr\/wp-json\/wp\/v2\/product"}],"about":[{"href":"https:\/\/bulaoutdoor.nl\/fr\/wp-json\/wp\/v2\/types\/product"}],"replies":[{"embeddable":true,"href":"https:\/\/bulaoutdoor.nl\/fr\/wp-json\/wp\/v2\/comments?post=46563"}],"wp:featuredmedia":[{"embeddable":true,"href":"https:\/\/bulaoutdoor.nl\/fr\/wp-json\/wp\/v2\/media\/46564"}],"wp:attachment":[{"href":"https:\/\/bulaoutdoor.nl\/fr\/wp-json\/wp\/v2\/media?parent=46563"}],"wp:term":[{"taxonomy":"product_brand","embeddable":true,"href":"https:\/\/bulaoutdoor.nl\/fr\/wp-json\/wp\/v2\/product_brand?post=46563"},{"taxonomy":"product_cat","embeddable":true,"href":"https:\/\/bulaoutdoor.nl\/fr\/wp-json\/wp\/v2\/product_cat?post=46563"},{"taxonomy":"product_tag","embeddable":true,"href":"https:\/\/bulaoutdoor.nl\/fr\/wp-json\/wp\/v2\/product_tag?post=46563"}],"curies":[{"name":"wp","href":"https:\/\/api.w.org\/{rel}","templated":true}]}}