{"id":47215,"date":"2024-07-16T10:27:50","date_gmt":"2024-07-16T10:27:50","guid":{"rendered":"https:\/\/bulaoutdoor.nl\/?post_type=product&#038;p=47215"},"modified":"2026-03-04T07:19:56","modified_gmt":"2026-03-04T07:19:56","slug":"kit-de-support-de-poignee-de-charniere-xl-pre-2015","status":"publish","type":"product","link":"https:\/\/bulaoutdoor.nl\/fr\/product\/scharnier-handvat-beugel-kit-xl-pre-2015\/","title":{"rendered":"Kit charni\u00e8re, poign\u00e9e et support XL - Pre 2015"},"content":{"rendered":"<p>Jeu de remplacement pour le mod\u00e8le Oval XL <strong>avant 2015<\/strong><\/p>\n<p>(Photo du nouveau mod\u00e8le)<\/p>\n<p>Commander directement aupr\u00e8s de <a href=\"https:\/\/bulaoutdoor.nl\/fr\/\">Bula Outdoor<\/a>, votre <a href=\"https:\/\/bulaoutdoor.nl\/fr\/categorie-de-produits\/bbq\/\">sp\u00e9cialiste du barbecue<\/a>!<\/p>","protected":false},"excerpt":{"rendered":"<p>Jeu de pi\u00e8ces de rechange pour le mod\u00e8le Oval XL pre 2015 (nouveau mod\u00e8le)<\/p>","protected":false},"featured_media":47152,"comment_status":"open","ping_status":"closed","template":"","meta":{"_acf_changed":false},"product_brand":[],"product_cat":[392],"product_tag":[1378,1379,1380,1377],"class_list":{"0":"post-47215","1":"product","2":"type-product","3":"status-publish","4":"has-post-thumbnail","6":"product_cat-oval-400-xl-primo-accessoires","7":"product_tag-onderdelen-primo","8":"product_tag-onderhoud-primo","9":"product_tag-pre-2015-primo","10":"product_tag-vervangingsset-primo","12":"first","13":"instock","14":"taxable","15":"shipping-taxable","16":"purchasable","17":"product-type-simple"},"acf":[],"yoast_head":"<!-- This site is optimized with the Yoast SEO plugin v27.4 - https:\/\/yoast.com\/product\/yoast-seo-wordpress\/ -->\n<title>Scharnier, Handvat &amp; Beugel Kit XL \u2013 Pre 2015 &#8211; Bula Outdoor<\/title>\n<meta name=\"robots\" content=\"index, follow, max-snippet:-1, max-image-preview:large, max-video-preview:-1\" \/>\n<link rel=\"canonical\" href=\"https:\/\/bulaoutdoor.nl\/fr\/produit\/kit-de-support-de-poignee-de-charniere-xl-pre-2015\/\" \/>\n<meta property=\"og:locale\" content=\"fr_FR\" \/>\n<meta property=\"og:type\" content=\"article\" \/>\n<meta property=\"og:title\" content=\"Scharnier, Handvat &amp; Beugel Kit XL \u2013 Pre 2015 &#8211; Bula Outdoor\" \/>\n<meta property=\"og:description\" content=\"Vervangende set onderdelen voor model Oval XL pre 2015 (nieuw model)\" \/>\n<meta property=\"og:url\" content=\"https:\/\/bulaoutdoor.nl\/fr\/produit\/kit-de-support-de-poignee-de-charniere-xl-pre-2015\/\" \/>\n<meta property=\"og:site_name\" content=\"Bula Outdoor\" \/>\n<meta property=\"article:modified_time\" content=\"2026-03-04T07:19:56+00:00\" \/>\n<meta property=\"og:image\" content=\"https:\/\/bulaoutdoor.nl\/wp-content\/uploads\/2024\/06\/Scharnier-Handvat-Beugel-Kit-bula-primo.png\" \/>\n\t<meta property=\"og:image:width\" content=\"433\" \/>\n\t<meta property=\"og:image:height\" content=\"577\" \/>\n\t<meta property=\"og:image:type\" content=\"image\/png\" \/>\n<meta name=\"twitter:card\" content=\"summary_large_image\" \/>\n<meta name=\"twitter:label1\" content=\"Dur\u00e9e de lecture estim\u00e9e\" \/>\n\t<meta name=\"twitter:data1\" content=\"1 minute\" \/>\n<script type=\"application\/ld+json\" class=\"yoast-schema-graph\">{\"@context\":\"https:\\\/\\\/schema.org\",\"@graph\":[{\"@type\":\"WebPage\",\"@id\":\"https:\\\/\\\/bulaoutdoor.nl\\\/product\\\/scharnier-handvat-beugel-kit-xl-pre-2015\\\/\",\"url\":\"https:\\\/\\\/bulaoutdoor.nl\\\/product\\\/scharnier-handvat-beugel-kit-xl-pre-2015\\\/\",\"name\":\"Scharnier, Handvat & Beugel Kit XL \u2013 Pre 2015 &#8211; Bula Outdoor\",\"isPartOf\":{\"@id\":\"https:\\\/\\\/bulaoutdoor.nl\\\/#website\"},\"primaryImageOfPage\":{\"@id\":\"https:\\\/\\\/bulaoutdoor.nl\\\/product\\\/scharnier-handvat-beugel-kit-xl-pre-2015\\\/#primaryimage\"},\"image\":{\"@id\":\"https:\\\/\\\/bulaoutdoor.nl\\\/product\\\/scharnier-handvat-beugel-kit-xl-pre-2015\\\/#primaryimage\"},\"thumbnailUrl\":\"https:\\\/\\\/bulaoutdoor.nl\\\/wp-content\\\/uploads\\\/2024\\\/06\\\/Scharnier-Handvat-Beugel-Kit-bula-primo.png\",\"datePublished\":\"2024-07-16T10:27:50+00:00\",\"dateModified\":\"2026-03-04T07:19:56+00:00\",\"breadcrumb\":{\"@id\":\"https:\\\/\\\/bulaoutdoor.nl\\\/product\\\/scharnier-handvat-beugel-kit-xl-pre-2015\\\/#breadcrumb\"},\"inLanguage\":\"fr-FR\",\"potentialAction\":[{\"@type\":\"ReadAction\",\"target\":[\"https:\\\/\\\/bulaoutdoor.nl\\\/product\\\/scharnier-handvat-beugel-kit-xl-pre-2015\\\/\"]}]},{\"@type\":\"ImageObject\",\"inLanguage\":\"fr-FR\",\"@id\":\"https:\\\/\\\/bulaoutdoor.nl\\\/product\\\/scharnier-handvat-beugel-kit-xl-pre-2015\\\/#primaryimage\",\"url\":\"https:\\\/\\\/bulaoutdoor.nl\\\/wp-content\\\/uploads\\\/2024\\\/06\\\/Scharnier-Handvat-Beugel-Kit-bula-primo.png\",\"contentUrl\":\"https:\\\/\\\/bulaoutdoor.nl\\\/wp-content\\\/uploads\\\/2024\\\/06\\\/Scharnier-Handvat-Beugel-Kit-bula-primo.png\",\"width\":433,\"height\":577,\"caption\":\"primo beugel scharnier bula\"},{\"@type\":\"BreadcrumbList\",\"@id\":\"https:\\\/\\\/bulaoutdoor.nl\\\/product\\\/scharnier-handvat-beugel-kit-xl-pre-2015\\\/#breadcrumb\",\"itemListElement\":[{\"@type\":\"ListItem\",\"position\":1,\"name\":\"Home\",\"item\":\"https:\\\/\\\/bulaoutdoor.nl\\\/\"},{\"@type\":\"ListItem\",\"position\":2,\"name\":\"Online BBQ kopen\",\"item\":\"https:\\\/\\\/bulaoutdoor.nl\\\/\"},{\"@type\":\"ListItem\",\"position\":3,\"name\":\"Scharnier, Handvat &#038; Beugel Kit XL \u2013 Pre 2015\"}]},{\"@type\":\"WebSite\",\"@id\":\"https:\\\/\\\/bulaoutdoor.nl\\\/#website\",\"url\":\"https:\\\/\\\/bulaoutdoor.nl\\\/\",\"name\":\"Bula Outdoor\",\"description\":\"Voor uw buitenhaard, BBQ, tuinfakkel en houtoven\",\"publisher\":{\"@id\":\"https:\\\/\\\/bulaoutdoor.nl\\\/#organization\"},\"potentialAction\":[{\"@type\":\"SearchAction\",\"target\":{\"@type\":\"EntryPoint\",\"urlTemplate\":\"https:\\\/\\\/bulaoutdoor.nl\\\/?s={search_term_string}\"},\"query-input\":{\"@type\":\"PropertyValueSpecification\",\"valueRequired\":true,\"valueName\":\"search_term_string\"}}],\"inLanguage\":\"fr-FR\"},{\"@type\":\"Organization\",\"@id\":\"https:\\\/\\\/bulaoutdoor.nl\\\/#organization\",\"name\":\"Bula Outdoor\",\"url\":\"https:\\\/\\\/bulaoutdoor.nl\\\/\",\"logo\":{\"@type\":\"ImageObject\",\"inLanguage\":\"fr-FR\",\"@id\":\"https:\\\/\\\/bulaoutdoor.nl\\\/#\\\/schema\\\/logo\\\/image\\\/\",\"url\":\"https:\\\/\\\/www.bulaoutdoor.nl\\\/wp-content\\\/uploads\\\/2018\\\/04\\\/bulaoutdoor-logo.png\",\"contentUrl\":\"https:\\\/\\\/www.bulaoutdoor.nl\\\/wp-content\\\/uploads\\\/2018\\\/04\\\/bulaoutdoor-logo.png\",\"width\":324,\"height\":91,\"caption\":\"Bula Outdoor\"},\"image\":{\"@id\":\"https:\\\/\\\/bulaoutdoor.nl\\\/#\\\/schema\\\/logo\\\/image\\\/\"}}]}<\/script>\n<!-- \/ Yoast SEO plugin. -->","yoast_head_json":{"title":"Kit charni\u00e8re, poign\u00e9e et support XL - Pre 2015 - Bula Outdoors","robots":{"index":"index","follow":"follow","max-snippet":"max-snippet:-1","max-image-preview":"max-image-preview:large","max-video-preview":"max-video-preview:-1"},"canonical":"https:\/\/bulaoutdoor.nl\/fr\/produit\/kit-de-support-de-poignee-de-charniere-xl-pre-2015\/","og_locale":"fr_FR","og_type":"article","og_title":"Scharnier, Handvat & Beugel Kit XL \u2013 Pre 2015 &#8211; Bula Outdoor","og_description":"Vervangende set onderdelen voor model Oval XL pre 2015 (nieuw model)","og_url":"https:\/\/bulaoutdoor.nl\/fr\/produit\/kit-de-support-de-poignee-de-charniere-xl-pre-2015\/","og_site_name":"Bula Outdoor","article_modified_time":"2026-03-04T07:19:56+00:00","og_image":[{"width":433,"height":577,"url":"https:\/\/bulaoutdoor.nl\/wp-content\/uploads\/2024\/06\/Scharnier-Handvat-Beugel-Kit-bula-primo.png","type":"image\/png"}],"twitter_card":"summary_large_image","twitter_misc":{"Dur\u00e9e de lecture estim\u00e9e":"1 minute"},"schema":{"@context":"https:\/\/schema.org","@graph":[{"@type":"WebPage","@id":"https:\/\/bulaoutdoor.nl\/product\/scharnier-handvat-beugel-kit-xl-pre-2015\/","url":"https:\/\/bulaoutdoor.nl\/product\/scharnier-handvat-beugel-kit-xl-pre-2015\/","name":"Kit charni\u00e8re, poign\u00e9e et support XL - Pre 2015 - Bula Outdoors","isPartOf":{"@id":"https:\/\/bulaoutdoor.nl\/#website"},"primaryImageOfPage":{"@id":"https:\/\/bulaoutdoor.nl\/product\/scharnier-handvat-beugel-kit-xl-pre-2015\/#primaryimage"},"image":{"@id":"https:\/\/bulaoutdoor.nl\/product\/scharnier-handvat-beugel-kit-xl-pre-2015\/#primaryimage"},"thumbnailUrl":"https:\/\/bulaoutdoor.nl\/wp-content\/uploads\/2024\/06\/Scharnier-Handvat-Beugel-Kit-bula-primo.png","datePublished":"2024-07-16T10:27:50+00:00","dateModified":"2026-03-04T07:19:56+00:00","breadcrumb":{"@id":"https:\/\/bulaoutdoor.nl\/product\/scharnier-handvat-beugel-kit-xl-pre-2015\/#breadcrumb"},"inLanguage":"fr-FR","potentialAction":[{"@type":"ReadAction","target":["https:\/\/bulaoutdoor.nl\/product\/scharnier-handvat-beugel-kit-xl-pre-2015\/"]}]},{"@type":"ImageObject","inLanguage":"fr-FR","@id":"https:\/\/bulaoutdoor.nl\/product\/scharnier-handvat-beugel-kit-xl-pre-2015\/#primaryimage","url":"https:\/\/bulaoutdoor.nl\/wp-content\/uploads\/2024\/06\/Scharnier-Handvat-Beugel-Kit-bula-primo.png","contentUrl":"https:\/\/bulaoutdoor.nl\/wp-content\/uploads\/2024\/06\/Scharnier-Handvat-Beugel-Kit-bula-primo.png","width":433,"height":577,"caption":"primo beugel scharnier bula"},{"@type":"BreadcrumbList","@id":"https:\/\/bulaoutdoor.nl\/product\/scharnier-handvat-beugel-kit-xl-pre-2015\/#breadcrumb","itemListElement":[{"@type":"ListItem","position":1,"name":"Home","item":"https:\/\/bulaoutdoor.nl\/"},{"@type":"ListItem","position":2,"name":"Online BBQ kopen","item":"https:\/\/bulaoutdoor.nl\/"},{"@type":"ListItem","position":3,"name":"Scharnier, Handvat &#038; Beugel Kit XL \u2013 Pre 2015"}]},{"@type":"WebSite","@id":"https:\/\/bulaoutdoor.nl\/#website","url":"https:\/\/bulaoutdoor.nl\/","name":"Bula Outdoor","description":"Pour votre chemin\u00e9e ext\u00e9rieure, votre barbecue, votre torche de jardin et votre four \u00e0 bois","publisher":{"@id":"https:\/\/bulaoutdoor.nl\/#organization"},"potentialAction":[{"@type":"SearchAction","target":{"@type":"EntryPoint","urlTemplate":"https:\/\/bulaoutdoor.nl\/?s={search_term_string}"},"query-input":{"@type":"PropertyValueSpecification","valueRequired":true,"valueName":"search_term_string"}}],"inLanguage":"fr-FR"},{"@type":"Organization","@id":"https:\/\/bulaoutdoor.nl\/#organization","name":"Bula Outdoor","url":"https:\/\/bulaoutdoor.nl\/","logo":{"@type":"ImageObject","inLanguage":"fr-FR","@id":"https:\/\/bulaoutdoor.nl\/#\/schema\/logo\/image\/","url":"https:\/\/www.bulaoutdoor.nl\/wp-content\/uploads\/2018\/04\/bulaoutdoor-logo.png","contentUrl":"https:\/\/www.bulaoutdoor.nl\/wp-content\/uploads\/2018\/04\/bulaoutdoor-logo.png","width":324,"height":91,"caption":"Bula Outdoor"},"image":{"@id":"https:\/\/bulaoutdoor.nl\/#\/schema\/logo\/image\/"}}]}},"jetpack_sharing_enabled":true,"_links":{"self":[{"href":"https:\/\/bulaoutdoor.nl\/fr\/wp-json\/wp\/v2\/product\/47215","targetHints":{"allow":["GET"]}}],"collection":[{"href":"https:\/\/bulaoutdoor.nl\/fr\/wp-json\/wp\/v2\/product"}],"about":[{"href":"https:\/\/bulaoutdoor.nl\/fr\/wp-json\/wp\/v2\/types\/product"}],"replies":[{"embeddable":true,"href":"https:\/\/bulaoutdoor.nl\/fr\/wp-json\/wp\/v2\/comments?post=47215"}],"wp:featuredmedia":[{"embeddable":true,"href":"https:\/\/bulaoutdoor.nl\/fr\/wp-json\/wp\/v2\/media\/47152"}],"wp:attachment":[{"href":"https:\/\/bulaoutdoor.nl\/fr\/wp-json\/wp\/v2\/media?parent=47215"}],"wp:term":[{"taxonomy":"product_brand","embeddable":true,"href":"https:\/\/bulaoutdoor.nl\/fr\/wp-json\/wp\/v2\/product_brand?post=47215"},{"taxonomy":"product_cat","embeddable":true,"href":"https:\/\/bulaoutdoor.nl\/fr\/wp-json\/wp\/v2\/product_cat?post=47215"},{"taxonomy":"product_tag","embeddable":true,"href":"https:\/\/bulaoutdoor.nl\/fr\/wp-json\/wp\/v2\/product_tag?post=47215"}],"curies":[{"name":"wp","href":"https:\/\/api.w.org\/{rel}","templated":true}]}}