{"id":48959,"date":"2024-08-21T11:12:55","date_gmt":"2024-08-21T11:12:55","guid":{"rendered":"https:\/\/bulaoutdoor.nl\/?post_type=product&#038;p=48959"},"modified":"2025-11-17T16:07:29","modified_gmt":"2025-11-17T16:07:29","slug":"primo-oval-xxl-500-bbq-tout-en-un","status":"publish","type":"product","link":"https:\/\/bulaoutdoor.nl\/fr\/product\/primo-oval-xxl-500-bbq-all-in-one\/","title":{"rendered":"Primo Oval XXL 500 BBQ tout en un"},"content":{"rendered":"<p>D\u00e9sormais \u00e9galement disponible en version tout-en-un ! Le plus grand barbecue Primo \u00e0 ce jour convient aux grands groupes de personnes, aux f\u00eates ou au secteur de la restauration. Ce tout-en-un pr\u00e9pare des plats d\u00e9licieux \u00e0 plus grande \u00e9chelle. 10 poulets \u00e0 la fois, ce n'est pas un probl\u00e8me pour ce barbecue. Tous les avantages connus de Primo, maintenant \u00e0 une \u00e9chelle encore plus grande pour les amis, la famille, les f\u00eates ou autres rassemblements. Ce barbecue peut tout g\u00e9rer.<\/p>\n<p>La version tout-en-un de cet excellent gril est livr\u00e9e avec un certain nombre d'accessoires.<\/p>\n<div id='gallery-1' class='gallery galleryid-48959 gallery-columns-4 gallery-size-large'><figure class='gallery-item'>\n\t\t\t<div class='gallery-icon landscape'>\n\t\t\t\t<img loading=\"lazy\" decoding=\"async\" width=\"480\" height=\"480\" src=\"https:\/\/bulaoutdoor.nl\/wp-content\/uploads\/2019\/05\/xl-400-all-in-one_SCALED.png\" class=\"attachment-large size-large\" alt=\"\" aria-describedby=\"gallery-1-10989\" srcset=\"https:\/\/bulaoutdoor.nl\/wp-content\/uploads\/2019\/05\/xl-400-all-in-one_SCALED.png 480w, https:\/\/bulaoutdoor.nl\/wp-content\/uploads\/2019\/05\/xl-400-all-in-one_SCALED-324x324.png 324w, https:\/\/bulaoutdoor.nl\/wp-content\/uploads\/2019\/05\/xl-400-all-in-one_SCALED-100x100.png 100w, https:\/\/bulaoutdoor.nl\/wp-content\/uploads\/2019\/05\/xl-400-all-in-one_SCALED-416x416.png 416w, https:\/\/bulaoutdoor.nl\/wp-content\/uploads\/2019\/05\/xl-400-all-in-one_SCALED-300x300.png 300w, https:\/\/bulaoutdoor.nl\/wp-content\/uploads\/2019\/05\/xl-400-all-in-one_SCALED-150x150.png 150w\" sizes=\"auto, (max-width: 480px) 100vw, 480px\" \/>\n\t\t\t<\/div>\n\t\t\t\t<figcaption class='wp-caption-text gallery-caption' id='gallery-1-10989'>\n\t\t\t\tBerceau avec \u00e9tag\u00e8res lat\u00e9rales\n\t\t\t\t<\/figcaption><\/figure><figure class='gallery-item'>\n\t\t\t<div class='gallery-icon landscape'>\n\t\t\t\t<img loading=\"lazy\" decoding=\"async\" width=\"480\" height=\"480\" src=\"https:\/\/bulaoutdoor.nl\/wp-content\/uploads\/2021\/05\/verdeelplaat-vuurbox-2_SCALED.jpg\" class=\"attachment-large size-large\" alt=\"\" aria-describedby=\"gallery-1-10972\" srcset=\"https:\/\/bulaoutdoor.nl\/wp-content\/uploads\/2021\/05\/verdeelplaat-vuurbox-2_SCALED.jpg 480w, https:\/\/bulaoutdoor.nl\/wp-content\/uploads\/2021\/05\/verdeelplaat-vuurbox-2_SCALED-324x324.jpg 324w, https:\/\/bulaoutdoor.nl\/wp-content\/uploads\/2021\/05\/verdeelplaat-vuurbox-2_SCALED-100x100.jpg 100w, https:\/\/bulaoutdoor.nl\/wp-content\/uploads\/2021\/05\/verdeelplaat-vuurbox-2_SCALED-416x416.jpg 416w, https:\/\/bulaoutdoor.nl\/wp-content\/uploads\/2021\/05\/verdeelplaat-vuurbox-2_SCALED-300x300.jpg 300w, https:\/\/bulaoutdoor.nl\/wp-content\/uploads\/2021\/05\/verdeelplaat-vuurbox-2_SCALED-150x150.jpg 150w\" sizes=\"auto, (max-width: 480px) 100vw, 480px\" \/>\n\t\t\t<\/div>\n\t\t\t\t<figcaption class='wp-caption-text gallery-caption' id='gallery-1-10972'>\n\t\t\t\tplaque de distribution\n\t\t\t\t<\/figcaption><\/figure><figure class='gallery-item'>\n\t\t\t<div class='gallery-icon landscape'>\n\t\t\t\t<img loading=\"lazy\" decoding=\"async\" width=\"480\" height=\"480\" src=\"https:\/\/bulaoutdoor.nl\/wp-content\/uploads\/2021\/05\/druiprekrvs_SCALED.jpg\" class=\"attachment-large size-large\" alt=\"\" aria-describedby=\"gallery-1-10974\" srcset=\"https:\/\/bulaoutdoor.nl\/wp-content\/uploads\/2021\/05\/druiprekrvs_SCALED.jpg 480w, https:\/\/bulaoutdoor.nl\/wp-content\/uploads\/2021\/05\/druiprekrvs_SCALED-324x324.jpg 324w, https:\/\/bulaoutdoor.nl\/wp-content\/uploads\/2021\/05\/druiprekrvs_SCALED-100x100.jpg 100w, https:\/\/bulaoutdoor.nl\/wp-content\/uploads\/2021\/05\/druiprekrvs_SCALED-416x416.jpg 416w, https:\/\/bulaoutdoor.nl\/wp-content\/uploads\/2021\/05\/druiprekrvs_SCALED-300x300.jpg 300w, https:\/\/bulaoutdoor.nl\/wp-content\/uploads\/2021\/05\/druiprekrvs_SCALED-150x150.jpg 150w\" sizes=\"auto, (max-width: 480px) 100vw, 480px\" \/>\n\t\t\t<\/div>\n\t\t\t\t<figcaption class='wp-caption-text gallery-caption' id='gallery-1-10974'>\n\t\t\t\tgrille d'\u00e9gouttage\n\t\t\t\t<\/figcaption><\/figure><figure class='gallery-item'>\n\t\t\t<div class='gallery-icon landscape'>\n\t\t\t\t<img loading=\"lazy\" decoding=\"async\" width=\"480\" height=\"480\" src=\"https:\/\/bulaoutdoor.nl\/wp-content\/uploads\/2021\/04\/warmte-reflector-platen-2_SCALED.jpg\" class=\"attachment-large size-large\" alt=\"\" aria-describedby=\"gallery-1-10979\" srcset=\"https:\/\/bulaoutdoor.nl\/wp-content\/uploads\/2021\/04\/warmte-reflector-platen-2_SCALED.jpg 480w, https:\/\/bulaoutdoor.nl\/wp-content\/uploads\/2021\/04\/warmte-reflector-platen-2_SCALED-324x324.jpg 324w, https:\/\/bulaoutdoor.nl\/wp-content\/uploads\/2021\/04\/warmte-reflector-platen-2_SCALED-100x100.jpg 100w, https:\/\/bulaoutdoor.nl\/wp-content\/uploads\/2021\/04\/warmte-reflector-platen-2_SCALED-416x416.jpg 416w, https:\/\/bulaoutdoor.nl\/wp-content\/uploads\/2021\/04\/warmte-reflector-platen-2_SCALED-300x300.jpg 300w, https:\/\/bulaoutdoor.nl\/wp-content\/uploads\/2021\/04\/warmte-reflector-platen-2_SCALED-150x150.jpg 150w\" sizes=\"auto, (max-width: 480px) 100vw, 480px\" \/>\n\t\t\t<\/div>\n\t\t\t\t<figcaption class='wp-caption-text gallery-caption' id='gallery-1-10979'>\n\t\t\t\tr\u00e9flecteurs en c\u00e9ramique\n\t\t\t\t<\/figcaption><\/figure><figure class='gallery-item'>\n\t\t\t<div class='gallery-icon landscape'>\n\t\t\t\t<img loading=\"lazy\" decoding=\"async\" width=\"480\" height=\"392\" src=\"https:\/\/bulaoutdoor.nl\/wp-content\/uploads\/2021\/04\/grill-tang-1.jpg\" class=\"attachment-large size-large\" alt=\"\" aria-describedby=\"gallery-1-10419\" srcset=\"https:\/\/bulaoutdoor.nl\/wp-content\/uploads\/2021\/04\/grill-tang-1.jpg 480w, https:\/\/bulaoutdoor.nl\/wp-content\/uploads\/2021\/04\/grill-tang-1-416x340.jpg 416w, https:\/\/bulaoutdoor.nl\/wp-content\/uploads\/2021\/04\/grill-tang-1-300x245.jpg 300w\" sizes=\"auto, (max-width: 480px) 100vw, 480px\" \/>\n\t\t\t<\/div>\n\t\t\t\t<figcaption class='wp-caption-text gallery-caption' id='gallery-1-10419'>\n\t\t\t\tpinces \u00e0 griller\n\t\t\t\t<\/figcaption><\/figure><figure class='gallery-item'>\n\t\t\t<div class='gallery-icon landscape'>\n\t\t\t\t<img loading=\"lazy\" decoding=\"async\" width=\"604\" height=\"604\" src=\"https:\/\/bulaoutdoor.nl\/wp-content\/uploads\/2021\/06\/aio-ash-tool.jpg\" class=\"attachment-large size-large\" alt=\"\" aria-describedby=\"gallery-1-11603\" srcset=\"https:\/\/bulaoutdoor.nl\/wp-content\/uploads\/2021\/06\/aio-ash-tool.jpg 604w, https:\/\/bulaoutdoor.nl\/wp-content\/uploads\/2021\/06\/aio-ash-tool-300x300.jpg 300w, https:\/\/bulaoutdoor.nl\/wp-content\/uploads\/2021\/06\/aio-ash-tool-150x150.jpg 150w, https:\/\/bulaoutdoor.nl\/wp-content\/uploads\/2021\/06\/aio-ash-tool-324x324.jpg 324w, https:\/\/bulaoutdoor.nl\/wp-content\/uploads\/2021\/06\/aio-ash-tool-416x416.jpg 416w, https:\/\/bulaoutdoor.nl\/wp-content\/uploads\/2021\/06\/aio-ash-tool-100x100.jpg 100w\" sizes=\"auto, (max-width: 604px) 100vw, 604px\" \/>\n\t\t\t<\/div>\n\t\t\t\t<figcaption class='wp-caption-text gallery-caption' id='gallery-1-11603'>\n\t\t\t\taspook\n\t\t\t\t<\/figcaption><\/figure>\n\t\t<\/div>\n\n<p>\u00c9galement disponible<a href=\"https:\/\/bulaoutdoor.nl\/fr\/produit\/primo-oval-xxl-500-bbq-grill-et-smoker\/\"> en tant que tel.<\/a><\/p>\n<h3>Sp\u00e9cifications et caract\u00e9ristiques d'un Prima Oval XXL 500<\/h3>\n<ul>\n<li>Poids : 128 kg<\/li>\n<li>Surface de cuisson : 3225cm\u00b2.<\/li>\n<li>Syst\u00e8me d'\u00e9tag\u00e8res en option : 2258cm\u00b2.<\/li>\n<li>Surface totale de cuisson : 5483 cm\u00b2.<\/li>\n<li>Grille de cuisson : 38 cm x 56 cm<\/li>\n<li>Plage de temp\u00e9rature : 66\u00b0C-454\u00b0C<\/li>\n<\/ul>\n<p>Caract\u00e9ristiques :<\/p>\n<ul>\n<li>Conception ovale brevet\u00e9e \u00e0 l'\u00e9chelle mondiale<\/li>\n<li>C\u00e9ramique de la meilleure qualit\u00e9<\/li>\n<li>Grilles de cuisson r\u00e9versibles<\/li>\n<li>Syst\u00e8me d'\u00e9tag\u00e8res et accessoires en option<\/li>\n<li>Cuisson directe et indirecte avec deux zones<\/li>\n<\/ul>\n<p><img loading=\"lazy\" decoding=\"async\" class=\"alignnone size-full wp-image-1828\" src=\"https:\/\/bulaoutdoor.nl\/wp-content\/uploads\/2019\/04\/bula_outdoor_primo_grill.gif\" alt=\"\" width=\"300\" height=\"337\" \/><\/p>\n<p>Le plus grand barbecue Primo \u00e0 ce jour offre une surface de cuisson impressionnante ! En pratique, cela signifie :<\/p>\n<p>-10 poulets entiers<br \/>\n-3 dindes enti\u00e8res<br \/>\n-16 steaks<br \/>\n-28 civils<br \/>\n-12 c\u00f4tes de porc<br \/>\n-18 \u00e9pis de ma\u00efs<br \/>\n- 1 cochon de lait<br \/>\n- 3 saumons de 11 kg<\/p>\n<p>Commandez le Primo Oval XXL 500 directement aupr\u00e8s de Bulaoutdoor.co.uk, <a href=\"https:\/\/bulaoutdoor.nl\/fr\/categorie-de-produits\/bbq\/\">votre sp\u00e9cialiste du barbecue !<\/a><\/p>\n<p>\u00c9galement int\u00e9ressant :<\/p>\n<p><a href=\"https:\/\/bulaoutdoor.nl\/fr\/produit\/oval-xl-400-ceramic-bbq-grill-and-smoker\/\">Primo Oval XL BBQ<\/a>\u00a0|\u00a0<a href=\"https:\/\/bulaoutdoor.nl\/fr\/categorie-de-produits\/bbq\/gril-et-fumoir-primo-2\/\">Primo Grill Kamado<\/a>\u00a0|\u00a0<a href=\"https:\/\/bulaoutdoor.nl\/fr\/produit\/beefeater-discovery-1100e-serie-encastrable-4-bruleurs\/\">Beefeater Discovery BBQ<\/a><\/p>","protected":false},"excerpt":{"rendered":"<p>Le plus grand barbecue tout-en-un de Primo !<\/p>","protected":false},"featured_media":48960,"comment_status":"open","ping_status":"closed","template":"","meta":{"_acf_changed":false},"product_brand":[],"product_cat":[464],"product_tag":[1019,1041],"class_list":{"0":"post-48959","1":"product","2":"type-product","3":"status-publish","4":"has-post-thumbnail","6":"product_cat-primo-barbecues-all-in-one","7":"product_tag-grote-bbq","8":"product_tag-grote-kamado","10":"first","11":"onbackorder","12":"sale","13":"taxable","14":"shipping-taxable","15":"purchasable","16":"product-type-simple"},"acf":[],"yoast_head":"<!-- This site is optimized with the Yoast SEO plugin v27.4 - https:\/\/yoast.com\/product\/yoast-seo-wordpress\/ -->\n<title>Primo Oval XXL 500 BBQ all in one &#8211; Bula Outdoor<\/title>\n<meta name=\"robots\" content=\"index, follow, max-snippet:-1, max-image-preview:large, max-video-preview:-1\" \/>\n<link rel=\"canonical\" href=\"https:\/\/bulaoutdoor.nl\/fr\/produit\/primo-oval-xxl-500-bbq-tout-en-un\/\" \/>\n<meta property=\"og:locale\" content=\"fr_FR\" \/>\n<meta property=\"og:type\" content=\"article\" \/>\n<meta property=\"og:title\" content=\"Primo Oval XXL 500 BBQ all in one &#8211; Bula Outdoor\" \/>\n<meta property=\"og:description\" content=\"De grootste All in one BBQ van Primo!\" \/>\n<meta property=\"og:url\" content=\"https:\/\/bulaoutdoor.nl\/fr\/produit\/primo-oval-xxl-500-bbq-tout-en-un\/\" \/>\n<meta property=\"og:site_name\" content=\"Bula Outdoor\" \/>\n<meta property=\"article:modified_time\" content=\"2025-11-17T16:07:29+00:00\" \/>\n<meta property=\"og:image\" content=\"https:\/\/bulaoutdoor.nl\/wp-content\/uploads\/2024\/08\/primo-oval-XXL500-ALLIN-ONE-bulaoutdoor.jpg\" \/>\n\t<meta property=\"og:image:width\" content=\"726\" \/>\n\t<meta property=\"og:image:height\" content=\"637\" \/>\n\t<meta property=\"og:image:type\" content=\"image\/jpeg\" \/>\n<meta name=\"twitter:card\" content=\"summary_large_image\" \/>\n<meta name=\"twitter:label1\" content=\"Dur\u00e9e de lecture estim\u00e9e\" \/>\n\t<meta name=\"twitter:data1\" content=\"2 minutes\" \/>\n<script type=\"application\/ld+json\" class=\"yoast-schema-graph\">{\"@context\":\"https:\\\/\\\/schema.org\",\"@graph\":[{\"@type\":\"WebPage\",\"@id\":\"https:\\\/\\\/bulaoutdoor.nl\\\/product\\\/primo-oval-xxl-500-bbq-all-in-one\\\/\",\"url\":\"https:\\\/\\\/bulaoutdoor.nl\\\/product\\\/primo-oval-xxl-500-bbq-all-in-one\\\/\",\"name\":\"Primo Oval XXL 500 BBQ all in one &#8211; Bula Outdoor\",\"isPartOf\":{\"@id\":\"https:\\\/\\\/bulaoutdoor.nl\\\/#website\"},\"primaryImageOfPage\":{\"@id\":\"https:\\\/\\\/bulaoutdoor.nl\\\/product\\\/primo-oval-xxl-500-bbq-all-in-one\\\/#primaryimage\"},\"image\":{\"@id\":\"https:\\\/\\\/bulaoutdoor.nl\\\/product\\\/primo-oval-xxl-500-bbq-all-in-one\\\/#primaryimage\"},\"thumbnailUrl\":\"https:\\\/\\\/bulaoutdoor.nl\\\/wp-content\\\/uploads\\\/2024\\\/08\\\/primo-oval-XXL500-ALLIN-ONE-bulaoutdoor.jpg\",\"datePublished\":\"2024-08-21T11:12:55+00:00\",\"dateModified\":\"2025-11-17T16:07:29+00:00\",\"breadcrumb\":{\"@id\":\"https:\\\/\\\/bulaoutdoor.nl\\\/product\\\/primo-oval-xxl-500-bbq-all-in-one\\\/#breadcrumb\"},\"inLanguage\":\"fr-FR\",\"potentialAction\":[{\"@type\":\"ReadAction\",\"target\":[\"https:\\\/\\\/bulaoutdoor.nl\\\/product\\\/primo-oval-xxl-500-bbq-all-in-one\\\/\"]}]},{\"@type\":\"ImageObject\",\"inLanguage\":\"fr-FR\",\"@id\":\"https:\\\/\\\/bulaoutdoor.nl\\\/product\\\/primo-oval-xxl-500-bbq-all-in-one\\\/#primaryimage\",\"url\":\"https:\\\/\\\/bulaoutdoor.nl\\\/wp-content\\\/uploads\\\/2024\\\/08\\\/primo-oval-XXL500-ALLIN-ONE-bulaoutdoor.jpg\",\"contentUrl\":\"https:\\\/\\\/bulaoutdoor.nl\\\/wp-content\\\/uploads\\\/2024\\\/08\\\/primo-oval-XXL500-ALLIN-ONE-bulaoutdoor.jpg\",\"width\":726,\"height\":637},{\"@type\":\"BreadcrumbList\",\"@id\":\"https:\\\/\\\/bulaoutdoor.nl\\\/product\\\/primo-oval-xxl-500-bbq-all-in-one\\\/#breadcrumb\",\"itemListElement\":[{\"@type\":\"ListItem\",\"position\":1,\"name\":\"Home\",\"item\":\"https:\\\/\\\/bulaoutdoor.nl\\\/\"},{\"@type\":\"ListItem\",\"position\":2,\"name\":\"Online BBQ kopen\",\"item\":\"https:\\\/\\\/bulaoutdoor.nl\\\/\"},{\"@type\":\"ListItem\",\"position\":3,\"name\":\"Primo Oval XXL 500 BBQ all in one\"}]},{\"@type\":\"WebSite\",\"@id\":\"https:\\\/\\\/bulaoutdoor.nl\\\/#website\",\"url\":\"https:\\\/\\\/bulaoutdoor.nl\\\/\",\"name\":\"Bula Outdoor\",\"description\":\"Voor uw buitenhaard, BBQ, tuinfakkel en houtoven\",\"publisher\":{\"@id\":\"https:\\\/\\\/bulaoutdoor.nl\\\/#organization\"},\"potentialAction\":[{\"@type\":\"SearchAction\",\"target\":{\"@type\":\"EntryPoint\",\"urlTemplate\":\"https:\\\/\\\/bulaoutdoor.nl\\\/?s={search_term_string}\"},\"query-input\":{\"@type\":\"PropertyValueSpecification\",\"valueRequired\":true,\"valueName\":\"search_term_string\"}}],\"inLanguage\":\"fr-FR\"},{\"@type\":\"Organization\",\"@id\":\"https:\\\/\\\/bulaoutdoor.nl\\\/#organization\",\"name\":\"Bula Outdoor\",\"url\":\"https:\\\/\\\/bulaoutdoor.nl\\\/\",\"logo\":{\"@type\":\"ImageObject\",\"inLanguage\":\"fr-FR\",\"@id\":\"https:\\\/\\\/bulaoutdoor.nl\\\/#\\\/schema\\\/logo\\\/image\\\/\",\"url\":\"https:\\\/\\\/www.bulaoutdoor.nl\\\/wp-content\\\/uploads\\\/2018\\\/04\\\/bulaoutdoor-logo.png\",\"contentUrl\":\"https:\\\/\\\/www.bulaoutdoor.nl\\\/wp-content\\\/uploads\\\/2018\\\/04\\\/bulaoutdoor-logo.png\",\"width\":324,\"height\":91,\"caption\":\"Bula Outdoor\"},\"image\":{\"@id\":\"https:\\\/\\\/bulaoutdoor.nl\\\/#\\\/schema\\\/logo\\\/image\\\/\"}}]}<\/script>\n<!-- \/ Yoast SEO plugin. -->","yoast_head_json":{"title":"Primo Oval XXL 500 BBQ tout en un - Bula Outdoor","robots":{"index":"index","follow":"follow","max-snippet":"max-snippet:-1","max-image-preview":"max-image-preview:large","max-video-preview":"max-video-preview:-1"},"canonical":"https:\/\/bulaoutdoor.nl\/fr\/produit\/primo-oval-xxl-500-bbq-tout-en-un\/","og_locale":"fr_FR","og_type":"article","og_title":"Primo Oval XXL 500 BBQ all in one &#8211; Bula Outdoor","og_description":"De grootste All in one BBQ van Primo!","og_url":"https:\/\/bulaoutdoor.nl\/fr\/produit\/primo-oval-xxl-500-bbq-tout-en-un\/","og_site_name":"Bula Outdoor","article_modified_time":"2025-11-17T16:07:29+00:00","og_image":[{"width":726,"height":637,"url":"https:\/\/bulaoutdoor.nl\/wp-content\/uploads\/2024\/08\/primo-oval-XXL500-ALLIN-ONE-bulaoutdoor.jpg","type":"image\/jpeg"}],"twitter_card":"summary_large_image","twitter_misc":{"Dur\u00e9e de lecture estim\u00e9e":"2 minutes"},"schema":{"@context":"https:\/\/schema.org","@graph":[{"@type":"WebPage","@id":"https:\/\/bulaoutdoor.nl\/product\/primo-oval-xxl-500-bbq-all-in-one\/","url":"https:\/\/bulaoutdoor.nl\/product\/primo-oval-xxl-500-bbq-all-in-one\/","name":"Primo Oval XXL 500 BBQ tout en un - Bula Outdoor","isPartOf":{"@id":"https:\/\/bulaoutdoor.nl\/#website"},"primaryImageOfPage":{"@id":"https:\/\/bulaoutdoor.nl\/product\/primo-oval-xxl-500-bbq-all-in-one\/#primaryimage"},"image":{"@id":"https:\/\/bulaoutdoor.nl\/product\/primo-oval-xxl-500-bbq-all-in-one\/#primaryimage"},"thumbnailUrl":"https:\/\/bulaoutdoor.nl\/wp-content\/uploads\/2024\/08\/primo-oval-XXL500-ALLIN-ONE-bulaoutdoor.jpg","datePublished":"2024-08-21T11:12:55+00:00","dateModified":"2025-11-17T16:07:29+00:00","breadcrumb":{"@id":"https:\/\/bulaoutdoor.nl\/product\/primo-oval-xxl-500-bbq-all-in-one\/#breadcrumb"},"inLanguage":"fr-FR","potentialAction":[{"@type":"ReadAction","target":["https:\/\/bulaoutdoor.nl\/product\/primo-oval-xxl-500-bbq-all-in-one\/"]}]},{"@type":"ImageObject","inLanguage":"fr-FR","@id":"https:\/\/bulaoutdoor.nl\/product\/primo-oval-xxl-500-bbq-all-in-one\/#primaryimage","url":"https:\/\/bulaoutdoor.nl\/wp-content\/uploads\/2024\/08\/primo-oval-XXL500-ALLIN-ONE-bulaoutdoor.jpg","contentUrl":"https:\/\/bulaoutdoor.nl\/wp-content\/uploads\/2024\/08\/primo-oval-XXL500-ALLIN-ONE-bulaoutdoor.jpg","width":726,"height":637},{"@type":"BreadcrumbList","@id":"https:\/\/bulaoutdoor.nl\/product\/primo-oval-xxl-500-bbq-all-in-one\/#breadcrumb","itemListElement":[{"@type":"ListItem","position":1,"name":"Home","item":"https:\/\/bulaoutdoor.nl\/"},{"@type":"ListItem","position":2,"name":"Online BBQ kopen","item":"https:\/\/bulaoutdoor.nl\/"},{"@type":"ListItem","position":3,"name":"Primo Oval XXL 500 BBQ all in one"}]},{"@type":"WebSite","@id":"https:\/\/bulaoutdoor.nl\/#website","url":"https:\/\/bulaoutdoor.nl\/","name":"Bula Outdoor","description":"Pour votre chemin\u00e9e ext\u00e9rieure, votre barbecue, votre torche de jardin et votre four \u00e0 bois","publisher":{"@id":"https:\/\/bulaoutdoor.nl\/#organization"},"potentialAction":[{"@type":"SearchAction","target":{"@type":"EntryPoint","urlTemplate":"https:\/\/bulaoutdoor.nl\/?s={search_term_string}"},"query-input":{"@type":"PropertyValueSpecification","valueRequired":true,"valueName":"search_term_string"}}],"inLanguage":"fr-FR"},{"@type":"Organization","@id":"https:\/\/bulaoutdoor.nl\/#organization","name":"Bula Outdoor","url":"https:\/\/bulaoutdoor.nl\/","logo":{"@type":"ImageObject","inLanguage":"fr-FR","@id":"https:\/\/bulaoutdoor.nl\/#\/schema\/logo\/image\/","url":"https:\/\/www.bulaoutdoor.nl\/wp-content\/uploads\/2018\/04\/bulaoutdoor-logo.png","contentUrl":"https:\/\/www.bulaoutdoor.nl\/wp-content\/uploads\/2018\/04\/bulaoutdoor-logo.png","width":324,"height":91,"caption":"Bula Outdoor"},"image":{"@id":"https:\/\/bulaoutdoor.nl\/#\/schema\/logo\/image\/"}}]}},"jetpack_sharing_enabled":true,"_links":{"self":[{"href":"https:\/\/bulaoutdoor.nl\/fr\/wp-json\/wp\/v2\/product\/48959","targetHints":{"allow":["GET"]}}],"collection":[{"href":"https:\/\/bulaoutdoor.nl\/fr\/wp-json\/wp\/v2\/product"}],"about":[{"href":"https:\/\/bulaoutdoor.nl\/fr\/wp-json\/wp\/v2\/types\/product"}],"replies":[{"embeddable":true,"href":"https:\/\/bulaoutdoor.nl\/fr\/wp-json\/wp\/v2\/comments?post=48959"}],"wp:featuredmedia":[{"embeddable":true,"href":"https:\/\/bulaoutdoor.nl\/fr\/wp-json\/wp\/v2\/media\/48960"}],"wp:attachment":[{"href":"https:\/\/bulaoutdoor.nl\/fr\/wp-json\/wp\/v2\/media?parent=48959"}],"wp:term":[{"taxonomy":"product_brand","embeddable":true,"href":"https:\/\/bulaoutdoor.nl\/fr\/wp-json\/wp\/v2\/product_brand?post=48959"},{"taxonomy":"product_cat","embeddable":true,"href":"https:\/\/bulaoutdoor.nl\/fr\/wp-json\/wp\/v2\/product_cat?post=48959"},{"taxonomy":"product_tag","embeddable":true,"href":"https:\/\/bulaoutdoor.nl\/fr\/wp-json\/wp\/v2\/product_tag?post=48959"}],"curies":[{"name":"wp","href":"https:\/\/api.w.org\/{rel}","templated":true}]}}