{"id":50263,"date":"2024-08-23T14:40:41","date_gmt":"2024-08-23T14:40:41","guid":{"rendered":"https:\/\/bulaoutdoor.nl\/product\/wanders-wan-2060-black-edition-high\/"},"modified":"2026-04-03T04:13:35","modified_gmt":"2026-04-03T04:13:35","slug":"wanders-wan-2060-black-edition-high","status":"publish","type":"product","link":"https:\/\/bulaoutdoor.nl\/fr\/product\/wanders-wan-2060-black-edition-high\/","title":{"rendered":"Wanders WAN-2060 Black Edition Haut"},"content":{"rendered":"<h2>Wanders WAN-2060 Black Edition Haut<\/h2>\n<p>Les <a href=\"https:\/\/www.haveverwarming.nl\/wanders\">Wanders<\/a> Le WAN 2060 Black Edition High est un syst\u00e8me d'alimentation en eau potable autonome. <a href=\"https:\/\/www.haveverwarming.nl\/kachels\/hout\">po\u00eale \u00e0 bois<\/a> avec un look moderne et un design rectangulaire. Il est bas\u00e9 sur la chemin\u00e9e encastr\u00e9e WAN 2060 Front, entour\u00e9e d'un \u00e9l\u00e9gant manteau en acier. <\/p>\n<p>Sous le po\u00eale, il y a un espace pour ranger le bois de chauffage, ce qui est un grand avantage d'un point de vue pratique, mais aussi d\u00e9coratif. Le po\u00eale \u00e0 bois est \u00e9quip\u00e9 d'une poign\u00e9e minimaliste s\u00e9par\u00e9e qui lui conf\u00e8re une allure \u00e9l\u00e9gante sans leviers visibles. Cette poign\u00e9e peut \u00eatre fix\u00e9e de mani\u00e8re permanente en option.<\/p>\n<p>&nbsp;<\/p>\n<h3>Centre d'exp\u00e9rience<\/h3>\n<p>Dans notre grande <a href=\"https:\/\/www.haveverwarming.nl\/experiencecenter\" target=\"_blank\" rel=\"noopener\">Centre d'exp\u00e9rience<\/a> \u00e0 Lunteren, outre le caf\u00e9, il y a toujours un certain nombre d'encarts pr\u00eats \u00e0 \u00eatre consult\u00e9s. Au plaisir de vous y retrouver !<\/p>\n<p>T\u00e9l\u00e9chargements de produits<\/p>\n<ul>\n<li><a class=\"download file\" href=\"https:\/\/www.haveverwarming.nl\/amfile\/file\/download\/file\/9167\/product\/2244\/\" target=\"_blank\"><span>Brochure Wanders Bois et Gaz 2025<\/span><\/a><\/li>\n<li><a class=\"download file\" href=\"https:\/\/www.haveverwarming.nl\/amfile\/file\/download\/file\/8477\/product\/2244\/\" target=\"_blank\"><span>Dessin au trait WAN2060 Black Edition High<\/span><\/a><\/li>\n<li><a class=\"download file\" href=\"https:\/\/www.haveverwarming.nl\/amfile\/file\/download\/file\/8844\/product\/2244\/\" target=\"_blank\"><span>Manuel Wanders 2060<\/span><\/a><\/li>\n<li><a class=\"download file\" href=\"https:\/\/www.haveverwarming.nl\/amfile\/file\/download\/file\/8845\/product\/2244\/\" target=\"_blank\"><span>Chauffage responsable<\/span><\/a><\/li>\n<li><a class=\"download file\" href=\"https:\/\/www.haveverwarming.nl\/productpdf\/download\/file\/id\/2244\/name\/Wanders_WAN-2060_Black_Edition_High.pdf\/\" target=\"_blank\"><span>T\u00e9l\u00e9charger la fiche technique<\/span><\/a><\/li>\n<\/ul>","protected":false},"excerpt":{"rendered":"<p>Wanders WAN-2060 Black Edition High De Wanders WAN 2060 Black Edition High is een vrijstaande houtkachel met een moderne uitstraling en een rechthoekig ontwerp. Het is gebaseerd op de WAN 2060 Front inzethaard, omgeven door een stijlvolle stalen mantel. Onder de kachel is er ruimte voor het opslaan van brandhout, wat vanuit praktisch oogpunt, maar [&hellip;]<\/p>\n","protected":false},"featured_media":50264,"comment_status":"open","ping_status":"closed","template":"","meta":{"_acf_changed":false},"product_brand":[],"product_cat":[1092],"product_tag":[],"class_list":{"0":"post-50263","1":"product","2":"type-product","3":"status-publish","4":"has-post-thumbnail","6":"product_cat-vrijstaande-houtkachels","8":"first","9":"instock","10":"taxable","11":"shipping-taxable","12":"purchasable","13":"product-type-simple"},"acf":[],"yoast_head":"<!-- This site is optimized with the Yoast SEO plugin v27.3 - https:\/\/yoast.com\/product\/yoast-seo-wordpress\/ -->\n<title>Wanders WAN-2060 Black Edition High &#8211; Bula Outdoor<\/title>\n<meta name=\"robots\" content=\"index, follow, max-snippet:-1, max-image-preview:large, max-video-preview:-1\" \/>\n<link rel=\"canonical\" href=\"https:\/\/bulaoutdoor.nl\/fr\/produit\/wanders-wan-2060-black-edition-high\/\" \/>\n<meta property=\"og:locale\" content=\"fr_FR\" \/>\n<meta property=\"og:type\" content=\"article\" \/>\n<meta property=\"og:title\" content=\"Wanders WAN-2060 Black Edition High &#8211; Bula Outdoor\" \/>\n<meta property=\"og:description\" content=\"Wanders WAN-2060 Black Edition High De Wanders WAN 2060 Black Edition High is een vrijstaande houtkachel met een moderne uitstraling en een rechthoekig ontwerp. Het is gebaseerd op de WAN 2060 Front inzethaard, omgeven door een stijlvolle stalen mantel. Onder de kachel is er ruimte voor het opslaan van brandhout, wat vanuit praktisch oogpunt, maar [&hellip;]\" \/>\n<meta property=\"og:url\" content=\"https:\/\/bulaoutdoor.nl\/fr\/produit\/wanders-wan-2060-black-edition-high\/\" \/>\n<meta property=\"og:site_name\" content=\"Bula Outdoor\" \/>\n<meta property=\"article:modified_time\" content=\"2026-04-03T04:13:35+00:00\" \/>\n<meta property=\"og:image\" content=\"https:\/\/bulaoutdoor.nl\/wp-content\/uploads\/2024\/08\/wan2060high1.jpg\" \/>\n\t<meta property=\"og:image:width\" content=\"1400\" \/>\n\t<meta property=\"og:image:height\" content=\"1400\" \/>\n\t<meta property=\"og:image:type\" content=\"image\/jpeg\" \/>\n<meta name=\"twitter:card\" content=\"summary_large_image\" \/>\n<meta name=\"twitter:label1\" content=\"Dur\u00e9e de lecture estim\u00e9e\" \/>\n\t<meta name=\"twitter:data1\" content=\"1 minute\" \/>\n<script type=\"application\/ld+json\" class=\"yoast-schema-graph\">{\"@context\":\"https:\\\/\\\/schema.org\",\"@graph\":[{\"@type\":\"WebPage\",\"@id\":\"https:\\\/\\\/bulaoutdoor.nl\\\/product\\\/wanders-wan-2060-black-edition-high\\\/\",\"url\":\"https:\\\/\\\/bulaoutdoor.nl\\\/product\\\/wanders-wan-2060-black-edition-high\\\/\",\"name\":\"Wanders WAN-2060 Black Edition High &#8211; Bula Outdoor\",\"isPartOf\":{\"@id\":\"https:\\\/\\\/bulaoutdoor.nl\\\/#website\"},\"primaryImageOfPage\":{\"@id\":\"https:\\\/\\\/bulaoutdoor.nl\\\/product\\\/wanders-wan-2060-black-edition-high\\\/#primaryimage\"},\"image\":{\"@id\":\"https:\\\/\\\/bulaoutdoor.nl\\\/product\\\/wanders-wan-2060-black-edition-high\\\/#primaryimage\"},\"thumbnailUrl\":\"https:\\\/\\\/bulaoutdoor.nl\\\/wp-content\\\/uploads\\\/2024\\\/08\\\/wan2060high1.jpg\",\"datePublished\":\"2024-08-23T14:40:41+00:00\",\"dateModified\":\"2026-04-03T04:13:35+00:00\",\"breadcrumb\":{\"@id\":\"https:\\\/\\\/bulaoutdoor.nl\\\/product\\\/wanders-wan-2060-black-edition-high\\\/#breadcrumb\"},\"inLanguage\":\"fr-FR\",\"potentialAction\":[{\"@type\":\"ReadAction\",\"target\":[\"https:\\\/\\\/bulaoutdoor.nl\\\/product\\\/wanders-wan-2060-black-edition-high\\\/\"]}]},{\"@type\":\"ImageObject\",\"inLanguage\":\"fr-FR\",\"@id\":\"https:\\\/\\\/bulaoutdoor.nl\\\/product\\\/wanders-wan-2060-black-edition-high\\\/#primaryimage\",\"url\":\"https:\\\/\\\/bulaoutdoor.nl\\\/wp-content\\\/uploads\\\/2024\\\/08\\\/wan2060high1.jpg\",\"contentUrl\":\"https:\\\/\\\/bulaoutdoor.nl\\\/wp-content\\\/uploads\\\/2024\\\/08\\\/wan2060high1.jpg\",\"width\":1400,\"height\":1400,\"caption\":\"wanders-wan-2060-black-edition-high-thumbnail\"},{\"@type\":\"BreadcrumbList\",\"@id\":\"https:\\\/\\\/bulaoutdoor.nl\\\/product\\\/wanders-wan-2060-black-edition-high\\\/#breadcrumb\",\"itemListElement\":[{\"@type\":\"ListItem\",\"position\":1,\"name\":\"Home\",\"item\":\"https:\\\/\\\/bulaoutdoor.nl\\\/\"},{\"@type\":\"ListItem\",\"position\":2,\"name\":\"Online BBQ kopen\",\"item\":\"https:\\\/\\\/bulaoutdoor.nl\\\/\"},{\"@type\":\"ListItem\",\"position\":3,\"name\":\"Wanders WAN-2060 Black Edition High\"}]},{\"@type\":\"WebSite\",\"@id\":\"https:\\\/\\\/bulaoutdoor.nl\\\/#website\",\"url\":\"https:\\\/\\\/bulaoutdoor.nl\\\/\",\"name\":\"Bula Outdoor\",\"description\":\"Voor uw buitenhaard, BBQ, tuinfakkel en houtoven\",\"publisher\":{\"@id\":\"https:\\\/\\\/bulaoutdoor.nl\\\/#organization\"},\"potentialAction\":[{\"@type\":\"SearchAction\",\"target\":{\"@type\":\"EntryPoint\",\"urlTemplate\":\"https:\\\/\\\/bulaoutdoor.nl\\\/?s={search_term_string}\"},\"query-input\":{\"@type\":\"PropertyValueSpecification\",\"valueRequired\":true,\"valueName\":\"search_term_string\"}}],\"inLanguage\":\"fr-FR\"},{\"@type\":\"Organization\",\"@id\":\"https:\\\/\\\/bulaoutdoor.nl\\\/#organization\",\"name\":\"Bula Outdoor\",\"url\":\"https:\\\/\\\/bulaoutdoor.nl\\\/\",\"logo\":{\"@type\":\"ImageObject\",\"inLanguage\":\"fr-FR\",\"@id\":\"https:\\\/\\\/bulaoutdoor.nl\\\/#\\\/schema\\\/logo\\\/image\\\/\",\"url\":\"https:\\\/\\\/www.bulaoutdoor.nl\\\/wp-content\\\/uploads\\\/2018\\\/04\\\/bulaoutdoor-logo.png\",\"contentUrl\":\"https:\\\/\\\/www.bulaoutdoor.nl\\\/wp-content\\\/uploads\\\/2018\\\/04\\\/bulaoutdoor-logo.png\",\"width\":324,\"height\":91,\"caption\":\"Bula Outdoor\"},\"image\":{\"@id\":\"https:\\\/\\\/bulaoutdoor.nl\\\/#\\\/schema\\\/logo\\\/image\\\/\"}}]}<\/script>\n<!-- \/ Yoast SEO plugin. -->","yoast_head_json":{"title":"Wanders WAN-2060 Black Edition High - Bula Outdoor","robots":{"index":"index","follow":"follow","max-snippet":"max-snippet:-1","max-image-preview":"max-image-preview:large","max-video-preview":"max-video-preview:-1"},"canonical":"https:\/\/bulaoutdoor.nl\/fr\/produit\/wanders-wan-2060-black-edition-high\/","og_locale":"fr_FR","og_type":"article","og_title":"Wanders WAN-2060 Black Edition High &#8211; Bula Outdoor","og_description":"Wanders WAN-2060 Black Edition High De Wanders WAN 2060 Black Edition High is een vrijstaande houtkachel met een moderne uitstraling en een rechthoekig ontwerp. Het is gebaseerd op de WAN 2060 Front inzethaard, omgeven door een stijlvolle stalen mantel. Onder de kachel is er ruimte voor het opslaan van brandhout, wat vanuit praktisch oogpunt, maar [&hellip;]","og_url":"https:\/\/bulaoutdoor.nl\/fr\/produit\/wanders-wan-2060-black-edition-high\/","og_site_name":"Bula Outdoor","article_modified_time":"2026-04-03T04:13:35+00:00","og_image":[{"width":1400,"height":1400,"url":"https:\/\/bulaoutdoor.nl\/wp-content\/uploads\/2024\/08\/wan2060high1.jpg","type":"image\/jpeg"}],"twitter_card":"summary_large_image","twitter_misc":{"Dur\u00e9e de lecture estim\u00e9e":"1 minute"},"schema":{"@context":"https:\/\/schema.org","@graph":[{"@type":"WebPage","@id":"https:\/\/bulaoutdoor.nl\/product\/wanders-wan-2060-black-edition-high\/","url":"https:\/\/bulaoutdoor.nl\/product\/wanders-wan-2060-black-edition-high\/","name":"Wanders WAN-2060 Black Edition High - Bula Outdoor","isPartOf":{"@id":"https:\/\/bulaoutdoor.nl\/#website"},"primaryImageOfPage":{"@id":"https:\/\/bulaoutdoor.nl\/product\/wanders-wan-2060-black-edition-high\/#primaryimage"},"image":{"@id":"https:\/\/bulaoutdoor.nl\/product\/wanders-wan-2060-black-edition-high\/#primaryimage"},"thumbnailUrl":"https:\/\/bulaoutdoor.nl\/wp-content\/uploads\/2024\/08\/wan2060high1.jpg","datePublished":"2024-08-23T14:40:41+00:00","dateModified":"2026-04-03T04:13:35+00:00","breadcrumb":{"@id":"https:\/\/bulaoutdoor.nl\/product\/wanders-wan-2060-black-edition-high\/#breadcrumb"},"inLanguage":"fr-FR","potentialAction":[{"@type":"ReadAction","target":["https:\/\/bulaoutdoor.nl\/product\/wanders-wan-2060-black-edition-high\/"]}]},{"@type":"ImageObject","inLanguage":"fr-FR","@id":"https:\/\/bulaoutdoor.nl\/product\/wanders-wan-2060-black-edition-high\/#primaryimage","url":"https:\/\/bulaoutdoor.nl\/wp-content\/uploads\/2024\/08\/wan2060high1.jpg","contentUrl":"https:\/\/bulaoutdoor.nl\/wp-content\/uploads\/2024\/08\/wan2060high1.jpg","width":1400,"height":1400,"caption":"wanders-wan-2060-black-edition-high-thumbnail"},{"@type":"BreadcrumbList","@id":"https:\/\/bulaoutdoor.nl\/product\/wanders-wan-2060-black-edition-high\/#breadcrumb","itemListElement":[{"@type":"ListItem","position":1,"name":"Home","item":"https:\/\/bulaoutdoor.nl\/"},{"@type":"ListItem","position":2,"name":"Online BBQ kopen","item":"https:\/\/bulaoutdoor.nl\/"},{"@type":"ListItem","position":3,"name":"Wanders WAN-2060 Black Edition High"}]},{"@type":"WebSite","@id":"https:\/\/bulaoutdoor.nl\/#website","url":"https:\/\/bulaoutdoor.nl\/","name":"Bula Outdoor","description":"Pour votre chemin\u00e9e ext\u00e9rieure, votre barbecue, votre torche de jardin et votre four \u00e0 bois","publisher":{"@id":"https:\/\/bulaoutdoor.nl\/#organization"},"potentialAction":[{"@type":"SearchAction","target":{"@type":"EntryPoint","urlTemplate":"https:\/\/bulaoutdoor.nl\/?s={search_term_string}"},"query-input":{"@type":"PropertyValueSpecification","valueRequired":true,"valueName":"search_term_string"}}],"inLanguage":"fr-FR"},{"@type":"Organization","@id":"https:\/\/bulaoutdoor.nl\/#organization","name":"Bula Outdoor","url":"https:\/\/bulaoutdoor.nl\/","logo":{"@type":"ImageObject","inLanguage":"fr-FR","@id":"https:\/\/bulaoutdoor.nl\/#\/schema\/logo\/image\/","url":"https:\/\/www.bulaoutdoor.nl\/wp-content\/uploads\/2018\/04\/bulaoutdoor-logo.png","contentUrl":"https:\/\/www.bulaoutdoor.nl\/wp-content\/uploads\/2018\/04\/bulaoutdoor-logo.png","width":324,"height":91,"caption":"Bula Outdoor"},"image":{"@id":"https:\/\/bulaoutdoor.nl\/#\/schema\/logo\/image\/"}}]}},"jetpack_sharing_enabled":true,"_links":{"self":[{"href":"https:\/\/bulaoutdoor.nl\/fr\/wp-json\/wp\/v2\/product\/50263","targetHints":{"allow":["GET"]}}],"collection":[{"href":"https:\/\/bulaoutdoor.nl\/fr\/wp-json\/wp\/v2\/product"}],"about":[{"href":"https:\/\/bulaoutdoor.nl\/fr\/wp-json\/wp\/v2\/types\/product"}],"replies":[{"embeddable":true,"href":"https:\/\/bulaoutdoor.nl\/fr\/wp-json\/wp\/v2\/comments?post=50263"}],"wp:featuredmedia":[{"embeddable":true,"href":"https:\/\/bulaoutdoor.nl\/fr\/wp-json\/wp\/v2\/media\/50264"}],"wp:attachment":[{"href":"https:\/\/bulaoutdoor.nl\/fr\/wp-json\/wp\/v2\/media?parent=50263"}],"wp:term":[{"taxonomy":"product_brand","embeddable":true,"href":"https:\/\/bulaoutdoor.nl\/fr\/wp-json\/wp\/v2\/product_brand?post=50263"},{"taxonomy":"product_cat","embeddable":true,"href":"https:\/\/bulaoutdoor.nl\/fr\/wp-json\/wp\/v2\/product_cat?post=50263"},{"taxonomy":"product_tag","embeddable":true,"href":"https:\/\/bulaoutdoor.nl\/fr\/wp-json\/wp\/v2\/product_tag?post=50263"}],"curies":[{"name":"wp","href":"https:\/\/api.w.org\/{rel}","templated":true}]}}